{"id":17501,"date":"2024-03-16T13:32:28","date_gmt":"2024-03-16T13:32:28","guid":{"rendered":"https:\/\/vapexyz.com\/?post_type=product&#038;p=17501"},"modified":"2026-03-02T01:49:01","modified_gmt":"2026-03-02T01:49:01","slug":"vendita-allingrosso-di-dispositivi-pod-premium-zgar-pcc","status":"publish","type":"product","link":"https:\/\/vapexyz.com\/it\/product\/zgar-pcc-premium-pod-device-wholesale\/","title":{"rendered":"Dispositivo Pod ZGAR PCC Premium all&#039;ingrosso"},"content":{"rendered":"<div class=\"p_01\">\n<div class=\"p_01_tiele\">\n<p dir=\"auto\">\n<\/div>\n<\/div>\n<h2>ZGAR PCC Dispositivo Pod Premium Caratteristiche<\/h2>\n<p>Il dispositivo ZGAR PCC Premium Pod \u00e8 un dispositivo elegante per il vaping, bello da vedere e ben funzionante. \u00c8 realizzato in robusta porcellana, che lo rende duraturo.<\/p>\n<h3>Batteria e prestazioni<\/h3>\n<p>La batteria \u00e8 da 380 mAh e consente di svapare a lungo. La potenza di uscita \u00e8 di 7,2 W per un buon vapore. Si ricarica rapidamente con un cavo Type-C.<\/p>\n<h3>Colori e dimensioni<\/h3>\n<p>Il dispositivo \u00e8 leggero (37,8 g) e di dimensioni ridotte (872112 mm), in modo da poterlo portare facilmente con s\u00e9.<\/p>\n<p>Sicurezza e imballaggio<br \/>\nOgni dispositivo \u00e8 imballato in modo sicuro in una scatola e dispone dei certificati CE\/ROSH\/FCC\/MSDS. Consegniamo fino a 5.000.000 di unit\u00e0 al mese.<\/p>\n<p>Spedizione e pagamento<br \/>\nSpediamo via nave, aereo o corriere veloce. Il pagamento pu\u00f2 essere effettuato tramite T\/T. Il prezzo \u00e8 EXW (ex works).<\/p>\n<h3><a href=\"https:\/\/vapexyz.com\/it\/categoria-di-prodotto\/zgar\/\">Vaporizzatori usa e getta ZGAR<\/a> - All'ingrosso<\/h3>\n<p>Per la vendita al dettaglio e all'ingrosso, acquistate il dispositivo ZGAR PCC Premium Pod in grandi quantit\u00e0. \u00c8 un prodotto popolare per tutti coloro che amano lo svapo. La qualit\u00e0 \u00e8 elevata e i clienti rimangono soddisfatti.<\/p>\n<h3>Opzioni di svapo all'ingrosso<\/h3>\n<p>Ordinare grandi quantit\u00e0 a un prezzo vantaggioso. Adatto ai negozi che devono effettuare molte consegne. Il PCC ZGAR \u00e8 affidabile e facile da vendere.<\/p>\n<p>Questo dispositivo combina stile, praticit\u00e0 e prestazioni elevate. Provatelo voi stessi!<\/p>\n<div class=\"p_01\">\n<div class=\"p_01_box\">\n<div class=\"p_01_box_Wz\">\n<div class=\"detail_infos\">\n<div style=\"width: 1020px;\" class=\"wp-video\"><video class=\"wp-video-shortcode\" id=\"video-17501-1\" width=\"1020\" height=\"574\" preload=\"metadata\" controls=\"controls\"><source type=\"video\/mp4\" src=\"https:\/\/vapexyz.com\/wp-content\/uploads\/2024\/03\/ZGAR-PCC-Premium-Device-1.mp4?_=1\" \/><a href=\"https:\/\/vapexyz.com\/wp-content\/uploads\/2024\/03\/ZGAR-PCC-Premium-Device-1.mp4\">https:\/\/vapexyz.com\/wp-content\/uploads\/2024\/03\/ZGAR-PCC-Premium-Device-1.mp4<\/a><\/video><\/div>\n<\/div>\n<\/div>\n<\/div>\n<\/div>\n<div class=\"p_01\">\n<div class=\"p_01_tiele\">\n<div class=\"product_desc_intros\">\n<p><img loading=\"lazy\" decoding=\"async\" class=\"ls-is-cached lazyloaded\" src=\"https:\/\/vapexyz.com\/wp-content\/uploads\/2024\/03\/PCC-1.png\" alt=\"\" width=\"1920\" height=\"1080\" data-src=\"https:\/\/vapexyz.com\/wp-content\/uploads\/2024\/03\/PCC-1.png\" data- title=\"\"><img loading=\"lazy\" decoding=\"async\" class=\"ls-is-cached lazyloaded\" src=\"https:\/\/vapexyz.com\/wp-content\/uploads\/2024\/03\/PCC-3.png\" alt=\"\" width=\"1920\" height=\"1080\" data-src=\"https:\/\/vapexyz.com\/wp-content\/uploads\/2024\/03\/PCC-3.png\" data- title=\"\"><\/p>\n<\/div>\n<\/div>\n<\/div>","protected":false},"excerpt":{"rendered":"<p>Capacit\u00e0 della batteria: 380 mAh<\/p>\n<p>Potenza in uscita: 7,2 W<\/p>\n<p>Peso del prodotto: 37 g<\/p>","protected":false},"featured_media":17505,"comment_status":"open","ping_status":"closed","template":"","meta":{"_lmt_disableupdate":"no","_lmt_disable":""},"product_brand":[],"product_cat":[840,935,934,927,929,928,930,933,939,932,938,931,936,937,1017,1025,820,987,838],"product_tag":[],"class_list":{"0":"post-17501","1":"product","2":"type-product","3":"status-publish","4":"has-post-thumbnail","6":"product_cat-pod","7":"product_cat-bulk-buy-disposable-vapes-in-austria","8":"product_cat-bulk-buy-disposable-vapes-in-belgium","9":"product_cat-bulk-buy-disposable-vapes-in-europe","10":"product_cat-bulk-buy-disposable-vapes-in-france","11":"product_cat-bulk-buy-disposable-vapes-in-germany","12":"product_cat-bulk-buy-disposable-vapes-in-italy","13":"product_cat-bulk-buy-disposable-vapes-in-netherlands","14":"product_cat-bulk-buy-disposable-vapes-in-norway","15":"product_cat-bulk-buy-disposable-vapes-in-poland","16":"product_cat-bulk-buy-disposable-vapes-in-portugal","17":"product_cat-bulk-buy-disposable-vapes-in-spain","18":"product_cat-bulk-buy-disposable-vapes-in-sweden","19":"product_cat-bulk-buy-disposable-vapes-in-switzerland","20":"product_cat-buy-best-disposable-vape-flavors","21":"product_cat-ice-flavor-disposable-vapes","22":"product_cat-vape","23":"product_cat-vape-shop-by-puffs","24":"product_cat-zgar","26":"first","27":"outofstock","28":"shipping-taxable","29":"purchasable","30":"product-type-variable","31":"has-default-attributes"},"jetpack_sharing_enabled":true,"tiered_pricing_type":"fixed","tiered_pricing_fixed_rules":[],"tiered_pricing_product_settings":{"layout":"default","base_unit_name":{"singular":null,"plural":null},"default_variation":null},"tiered_pricing_minimum_quantity":null,"tiered_pricing_roles_data":[],"tiered_pricing_percentage_rules":[],"tiered_pricing_maximum_quantity":null,"tiered_pricing_quantity_step":null,"_links":{"self":[{"href":"https:\/\/vapexyz.com\/it\/wp-json\/wp\/v2\/product\/17501","targetHints":{"allow":["GET"]}}],"collection":[{"href":"https:\/\/vapexyz.com\/it\/wp-json\/wp\/v2\/product"}],"about":[{"href":"https:\/\/vapexyz.com\/it\/wp-json\/wp\/v2\/types\/product"}],"replies":[{"embeddable":true,"href":"https:\/\/vapexyz.com\/it\/wp-json\/wp\/v2\/comments?post=17501"}],"wp:featuredmedia":[{"embeddable":true,"href":"https:\/\/vapexyz.com\/it\/wp-json\/wp\/v2\/media\/17505"}],"wp:attachment":[{"href":"https:\/\/vapexyz.com\/it\/wp-json\/wp\/v2\/media?parent=17501"}],"wp:term":[{"taxonomy":"product_brand","embeddable":true,"href":"https:\/\/vapexyz.com\/it\/wp-json\/wp\/v2\/product_brand?post=17501"},{"taxonomy":"product_cat","embeddable":true,"href":"https:\/\/vapexyz.com\/it\/wp-json\/wp\/v2\/product_cat?post=17501"},{"taxonomy":"product_tag","embeddable":true,"href":"https:\/\/vapexyz.com\/it\/wp-json\/wp\/v2\/product_tag?post=17501"}],"curies":[{"name":"wp","href":"https:\/\/api.w.org\/{rel}","templated":true}]}}