{"id":16921,"date":"2024-03-09T09:51:47","date_gmt":"2024-03-09T09:51:47","guid":{"rendered":"https:\/\/vapexyz.com\/product\/bang-tornado-12000-puffs-0-2-3-5-nicotine-rechargeable-disposable-pod\/"},"modified":"2026-02-07T03:53:57","modified_gmt":"2026-02-07T03:53:57","slug":"bang-tornado-12000-sbuffi-0-2-3-5-vaporizzatore-monouso-ricaricabile-alla-nicotina-allingrosso","status":"publish","type":"product","link":"https:\/\/vapexyz.com\/it\/product\/bang-tornado-12000-puffs-0-2-3-5-nicotine-rechargeable-disposable-vape-wholesale\/","title":{"rendered":"BANG TORNADO 12000 Puffs Vape Monouso"},"content":{"rendered":"<article>\n<h2>Eccitanti Notizie di Aggiornamento: Da BANG TORNADO 12000 Puffs a <a href=\"https:\/\/vapexyz.com\/it\/prodotto\/bang-box-20000-sbuffi-vape-0-2-3-5-nicotina-ricaricabile-allingrosso-acquista-vape-usa-e-getta-allingrosso\/\">BANG BOX 20000 Puffs \n\n(scusa, ma la traduzione \u00e8)\nBANG BOX 20000 Puffs<\/a>!<\/h2>\n<p>Ciao amici dello svapo! Abbiamo alcune notizie meravigliose sul nostro BANG TORNADO 12000 Puffs. Era come quella bicicletta fidata che ti ha portato in molte avventure! \ud83d\udeb2 Ma a volte, scopriamo un'auto che pu\u00f2 portarci ancora pi\u00f9 lontano!<\/p>\n<p>Lasciate che vi presentiamo la fantastica BANG BOX 20000 Puffs! \u00c8 come se il vostro giocattolo preferito avesse imparato alcuni trucchi di magia ed fosse diventato ancora pi\u00f9 divertente!<\/p>\n<h3>La tua avventura di svapo \u00e8 appena diventata pi\u00f9 grande!<\/h3>\n<p>Immagina il tuo personaggio del videogioco preferito che trova un potenziamento segreto che gli d\u00e0 vite extra e super velocit\u00e0! \u00c8 cos\u00ec che ci si sente passando a BANG BOX!<\/p>\n<div style=\"background-color: #e6f7ff;border-radius: 12px;padding: 18px;margin: 20px 0;border-left: 5px solid #1890ff\">\n<h4 style=\"margin-top: 0;color: #0050b3;text-align: center\">Perch\u00e9 BANG BOX ti render\u00e0 super felice:<\/h4>\n<ul style=\"color: #003a8c\">\n<li>8.000 puff extra - 20.000 invece di 12.000!<\/li>\n<li>Le stesse grandi scelte di nicotina: 0%, 2%, 3% o 5%<\/li>\n<li>Facilissimo da usare - nessuna ricarica necessaria!<\/li>\n<li>Perfetto per negozi e commercio all'ingrosso!<\/li>\n<li>Eccitanti nuovi sapori da provare!<\/li>\n<\/ul>\n<\/div>\n<h3>Confrontiamo i Nostri Due Amici!<\/h3>\n<table style=\"width: 100%;border-collapse: collapse;background: #fafafa;border-radius: 8px;overflow: hidden;font-size: 16px\">\n<tbody>\n<tr style=\"background-color: #1890ff;color: white\">\n<th style=\"padding: 14px;text-align: left\">Caratteristiche<\/th>\n<th style=\"padding: 14px;text-align: left\">BANG TORNADO 12000<\/th>\n<th style=\"padding: 14px;text-align: left\">BANG BOX 20000<\/th>\n<\/tr>\n<tr style=\"border-bottom: 1px solid #e0e0e0\">\n<td style=\"padding: 14px;background-color: #f5f5f5\">Total Puffs<\/td>\n<td style=\"padding: 14px\">12.000 sbuffi<\/td>\n<td style=\"padding: 14px;color: #1890ff\">20.000 sbuffi<\/td>\n<\/tr>\n<tr style=\"border-bottom: 1px solid #e0e0e0\">\n<td style=\"padding: 14px;background-color: #f5f5f5\">Batteria<\/td>\n<td style=\"padding: 14px\">Deve essere ricaricato<\/td>\n<td style=\"padding: 14px;color: #1890ff\">Non \u00e8 necessaria alcuna ricarica<\/td>\n<\/tr>\n<tr style=\"border-bottom: 1px solid #e0e0e0\">\n<td style=\"padding: 14px;background-color: #f5f5f5\">Convenienza<\/td>\n<td style=\"padding: 14px\">Bene<\/td>\n<td style=\"padding: 14px;color: #1890ff\">Facilissimo<\/td>\n<\/tr>\n<tr style=\"border-bottom: 1px solid #e0e0e0\">\n<td style=\"padding: 14px;background-color: #f5f5f5\">Variet\u00e0 di sapori<\/td>\n<td style=\"padding: 14px\">12 gusti<\/td>\n<td style=\"padding: 14px;color: #1890ff\">12+ nuovi sapori<\/td>\n<\/tr>\n<tr>\n<td style=\"padding: 14px;background-color: #f5f5f5\">Valore<\/td>\n<td style=\"padding: 14px\">Bello<\/td>\n<td style=\"padding: 14px;color: #1890ff\">Incredibile<\/td>\n<\/tr>\n<\/tbody>\n<\/table>\n<h3>I benefici meravigliosi di BANG BOX!<\/h3>\n<div style=\"background-color: #f6ffed;border-radius: 10px;padding: 20px;margin: 20px 0;border: 2px solid #52c41a\">\n<h4 style=\"color: #389e0d;margin-top: 0;text-align: center\">Perch\u00e9 amerai il grande aggiornamento:<\/h4>\n<div style=\"align-items: center;margin: 12px 0;padding: 10px;background: white;border-radius: 8px\">\n<p><span style=\"font-size: 28px;margin-right: 12px\">\u2795<\/span><\/p>\n<div><span style=\"color: #135200\">Extra sbuffi a volont\u00e0: 8.000 sbuffi in pi\u00f9 significano divertimento prolungato nel vaping! Come ottenere livelli bonus nel tuo gioco preferito!<\/span><\/div>\n<\/div>\n<div style=\"align-items: center;margin: 12px 0;padding: 10px;background: white;border-radius: 8px\">\n<p><span style=\"font-size: 28px;margin-right: 12px\">\u26a1<\/span><\/p>\n<div><span style=\"color: #135200\">Nessuna preoccupazione per la ricarica: Pronto all'uso subito fuori dalla scatola! Come avere un tempo di gioco immediato senza aspettare!<\/span><\/div>\n<\/div>\n<div style=\"align-items: center;margin: 12px 0;padding: 10px;background: white;border-radius: 8px\">\n<p><span style=\"font-size: 28px;margin-right: 12px\">\ud83c\udf4c<\/span><\/p>\n<div><span style=\"color: #135200\">Nuove scoperte di sapori: Sapori emozionanti come Banana Ice e Raspberry Watermelon! \u00c8 come trovare nuovi dolcetti preferiti!<\/span><\/div>\n<\/div>\n<\/div>\n<h3>Domande che potresti avere<\/h3>\n<div style=\"background-color: #fff7e6;border-radius: 10px;padding: 18px;margin: 20px 0\">\n<div style=\"margin-bottom: 16px;padding-bottom: 16px;border-bottom: 1px solid #ffd591\">\n<p style=\"color: #d46b08;margin-bottom: 6px;font-size: 17px\">Mi mancheranno i sapori TORNADO?<\/p>\n<p style=\"margin-top: 0;color: #873800\">Molti dei tuoi preferiti sono ancora qui! Inoltre abbiamo aggiunto nuovi fantastici come Mr. Blue e Grape Ice! \u00c8 come scoprire nuovi gusti di gelato!<\/p>\n<\/div>\n<div style=\"margin-bottom: 16px;padding-bottom: 16px;border-bottom: 1px solid #ffd591\">\n<p style=\"color: #d46b08;margin-bottom: 6px;font-size: 17px\">\u00c8 davvero meglio non caricare?<\/p>\n<p style=\"margin-top: 0;color: #873800\">Assolutamente! \u00c8 come avere un giocattolo che \u00e8 sempre pronto a giocare! Niente pi\u00f9 attesa per la ricarica delle batterie!<\/p>\n<\/div>\n<div>\n<p style=\"color: #d46b08;margin-bottom: 6px;font-size: 17px\">Quanto dureranno ancora 20.000 puff?<\/p>\n<p style=\"margin-top: 0;color: #873800\">Molto pi\u00f9 lungo! \u00c8 come leggere un grande libro di avventure invece di una storia breve! Pi\u00f9 divertimento per tutti!<\/p>\n<\/div>\n<\/div>\n<div style=\"background-color: #1890ff;color: white;padding: 22px;border-radius: 15px;text-align: center;margin: 25px 0\">\n<h3 style=\"margin-top: 0;font-size: 22px\">Pronto per il tuo super aggiornamento?<\/h3>\n<p style=\"font-size: 18px;margin-bottom: 12px\">Non \u00e8 arrivederci a TORNADO - \u00e8 ciao alla pi\u00f9 incredibile esperienza di svapo con BANG BOX!<\/p>\n<p style=\"font-size: 19px\">8.000 puff extra, nessuna ricarica necessaria, sapori emozionanti - il tuo vaporizzatore perfetto \u00e8 appena diventato una superstar!<\/p>\n<\/div>\n<\/article>","protected":false},"excerpt":{"rendered":"<div class=\"custom-product\" style=\"border: 1px solid #eee; text-align: center; max-width: 100%; margin: 0 auto; font-family: Arial, sans-serif; box-sizing: border-box;\">\n        <!-- Product image - full width -->\n        <a href=\"https:\/\/vapexyz.com\/it\/product\/bang-box-20000-puffs-vape-0-2-3-5-nicotine-rechargeable-bulk-buy-disposable-vape-wholesale\/\" style=\"display: block; margin-bottom: 15px;\">\n            <img decoding=\"async\" src=\"https:\/\/vapexyz.com\/wp-content\/uploads\/2024\/05\/bang-box-20000-puffs-17.webp\" alt=\"BANG BOX 20000 Puffs 20K Vape Ricaricabile Acquisto in Massa Vape Monouso all&#039;Ingrosso\" style=\"width: 100%; height: auto; display: block;\">        <\/a>\n        \n        <!-- Product name -->\n        <h3 style=\"margin: 10px 0; font-size: 1.2em; line-height: 1.4; color: #333;\">\n            BANG BOX 20000 Puffs 20K Vape Ricaricabile Acquisto in Massa Vape Monouso all'Ingrosso        <\/h3>\n        \n        <!-- Product price -->\n        <div class=\"price\" style=\"color: #ff0000; font-weight: bold; font-size: 1.4em; margin: 10px 0;\">\n            \t\t<span class=\"tiered-pricing-dynamic-price-wrapper tiered-pricing-dynamic-price-wrapper--variable\"\n\t\t\t  data-display-context=\"shop-loop\"\n\t\t\t  data-price-type=\"dynamic\"\n\t\t\t  data-product-id=\"22807\"\n\t\t\t  data-parent-id=\"22807\">\n\t\t\t<span class=\"woocommerce-Price-amount amount\"><bdi><span class=\"woocommerce-Price-currencySymbol\">\u20ac<\/span>5.50<\/bdi><\/span><\/span>        <\/div>\n        \n        <!-- Product rating -->\n        <div class=\"rating\" style=\"margin: 15px 0; min-height: 25px;\">\n            <div class=\"star-rating\" role=\"img\" aria-label=\"Voto 5,00 su 5\"><span style=\"width:100%\">Valutato <strong class=\"rating\">5.00<\/strong> su 5<\/span><\/div>        <\/div>\n        \n        <!-- Buy Now button -->\n        <div class=\"buy-now-button\" style=\"margin-top: 20px;\">\n            <a href=\"https:\/\/vapexyz.com\/it\/product\/bang-box-20000-puffs-vape-0-2-3-5-nicotine-rechargeable-bulk-buy-disposable-vape-wholesale\/\" \n               class=\"buy-now-btn\" \n               style=\"display: inline-block; background-color: #4CAF50; color: white !important; padding: 12px 24px; text-align: center; text-decoration: none; font-weight: bold; border-radius: 4px; transition: all 0.3s; border: none; cursor: pointer; font-size: 1em;\">\n                Acquista ora            <\/a>\n        <\/div>\n    <\/div>","protected":false},"featured_media":16922,"comment_status":"open","ping_status":"closed","template":"","meta":{"_lmt_disableupdate":"no","_lmt_disable":""},"product_brand":[],"product_cat":[1001,1018,821,1019,1020,935,934,927,929,928,930,933,939,932,938,931,936,937,1017,946,1023,1024,1025,1026,951,1029,1032,1033,953,1037,955,987,1038],"product_tag":[],"class_list":{"0":"post-16921","1":"product","2":"type-product","3":"status-publish","4":"has-post-thumbnail","6":"product_cat-12000-puff-vapes","7":"product_cat-apple-flavor-disposable-vapes","8":"product_cat-bang","9":"product_cat-blue-razz-flavor-disposable-vapes","10":"product_cat-blueberry-flavor-disposable-vapes","11":"product_cat-bulk-buy-disposable-vapes-in-austria","12":"product_cat-bulk-buy-disposable-vapes-in-belgium","13":"product_cat-bulk-buy-disposable-vapes-in-europe","14":"product_cat-bulk-buy-disposable-vapes-in-france","15":"product_cat-bulk-buy-disposable-vapes-in-germany","16":"product_cat-bulk-buy-disposable-vapes-in-italy","17":"product_cat-bulk-buy-disposable-vapes-in-netherlands","18":"product_cat-bulk-buy-disposable-vapes-in-norway","19":"product_cat-bulk-buy-disposable-vapes-in-poland","20":"product_cat-bulk-buy-disposable-vapes-in-portugal","21":"product_cat-bulk-buy-disposable-vapes-in-spain","22":"product_cat-bulk-buy-disposable-vapes-in-sweden","23":"product_cat-bulk-buy-disposable-vapes-in-switzerland","24":"product_cat-buy-best-disposable-vape-flavors","25":"product_cat-disposable-vapes-series","26":"product_cat-grape-flavor-disposable-vapes","27":"product_cat-guava-flavor-disposable-vapes","28":"product_cat-ice-flavor-disposable-vapes","29":"product_cat-kiwi-flavor-disposable-vapes","30":"product_cat-lower-nicotine-vapes","31":"product_cat-mango-flavor-disposable-vapes","32":"product_cat-passion-fruit-flavor-disposable-vapes","33":"product_cat-peach-flavor-disposable-vapes","34":"product_cat-rechargeable-vapes","35":"product_cat-strawberry-flavor-disposable-vapes","36":"product_cat-tornado-vapes","37":"product_cat-vape-shop-by-puffs","38":"product_cat-watermelon-flavor-disposable-vapes","40":"first","41":"outofstock","42":"shipping-taxable","43":"product-type-variable","44":"has-default-attributes"},"jetpack_sharing_enabled":true,"tiered_pricing_type":"fixed","tiered_pricing_fixed_rules":[],"tiered_pricing_product_settings":{"layout":"default","base_unit_name":{"singular":null,"plural":null},"default_variation":null},"tiered_pricing_minimum_quantity":null,"tiered_pricing_roles_data":[],"tiered_pricing_percentage_rules":[],"tiered_pricing_maximum_quantity":null,"tiered_pricing_quantity_step":null,"_links":{"self":[{"href":"https:\/\/vapexyz.com\/it\/wp-json\/wp\/v2\/product\/16921","targetHints":{"allow":["GET"]}}],"collection":[{"href":"https:\/\/vapexyz.com\/it\/wp-json\/wp\/v2\/product"}],"about":[{"href":"https:\/\/vapexyz.com\/it\/wp-json\/wp\/v2\/types\/product"}],"replies":[{"embeddable":true,"href":"https:\/\/vapexyz.com\/it\/wp-json\/wp\/v2\/comments?post=16921"}],"wp:featuredmedia":[{"embeddable":true,"href":"https:\/\/vapexyz.com\/it\/wp-json\/wp\/v2\/media\/16922"}],"wp:attachment":[{"href":"https:\/\/vapexyz.com\/it\/wp-json\/wp\/v2\/media?parent=16921"}],"wp:term":[{"taxonomy":"product_brand","embeddable":true,"href":"https:\/\/vapexyz.com\/it\/wp-json\/wp\/v2\/product_brand?post=16921"},{"taxonomy":"product_cat","embeddable":true,"href":"https:\/\/vapexyz.com\/it\/wp-json\/wp\/v2\/product_cat?post=16921"},{"taxonomy":"product_tag","embeddable":true,"href":"https:\/\/vapexyz.com\/it\/wp-json\/wp\/v2\/product_tag?post=16921"}],"curies":[{"name":"wp","href":"https:\/\/api.w.org\/{rel}","templated":true}]}}