{"id":4400,"date":"2021-10-12T15:51:09","date_gmt":"2021-10-12T15:51:09","guid":{"rendered":"http:\/\/dummy.xtemos.com\/woodmart2\/elementor\/?page_id=4400"},"modified":"2025-09-08T03:32:34","modified_gmt":"2025-09-08T03:32:34","slug":"chi-siamo-2","status":"publish","type":"page","link":"https:\/\/vapexyz.com\/it\/about-us\/","title":{"rendered":"Chi siamo"},"content":{"rendered":"<p><strong>Informazioni su VAPEYZ<\/strong><\/p>\n<h4>Informazioni sul nostro negozio online<\/h4>\n<p dir=\"auto\">Benvenuti in VapeXYZ, dove il nostro viaggio \u00e8 iniziato con una fervida dedizione nel rimodellare il panorama dell&#039;industria dello svapo. Fondata nel 2023, VapeXYZ ha la missione di ridefinire l&#039;esperienza di svapo per gli appassionati di tutto il mondo. Partendo da un gruppo affiatato di appassionati di svapo, la nostra visione era quella di creare una piattaforma online completa che soddisfacesse le diverse esigenze dei vapers, siano essi principianti o veterani esperti.<\/p>\n<p dir=\"auto\">La nostra missione<\/p>\n<p dir=\"auto\">In VapeXYZ, il nostro obiettivo \u00e8 semplice: fornire prodotti di svapo di alto livello, una gamma di scelte senza pari e un percorso di acquisto senza interruzioni. Crediamo che lo svapo trascenda l&#039;essere una mera alternativa al fumo tradizionale; incarna uno stile di vita. Il nostro obiettivo \u00e8 guidare la carica in questo stile di vita, presentando innovazioni all&#039;avanguardia, qualit\u00e0 di prim&#039;ordine e un&#039;assistenza clienti incrollabile.<\/p>\n<p dir=\"auto\">I nostri prodotti<\/p>\n<p dir=\"auto\">Siamo molto orgogliosi del nostro assortimento attentamente curato di prodotti per lo svapo. Dalle sigarette elettroniche all&#039;avanguardia a una vasta selezione di liquidi elettronici e accessori, ogni articolo nel nostro inventario soddisfa i nostri rigorosi criteri di eccellenza e prestazioni. La nostra gamma di prodotti viene continuamente aggiornata con le ultime tendenze e scoperte nel campo dello svapo, garantendo che i nostri clienti abbiano sempre accesso alle migliori offerte sul mercato.<\/p>\n<p dir=\"auto\">Qualit\u00e0 e Sicurezza<\/p>\n<p dir=\"auto\">La tua sicurezza \u00e8 fondamentale per noi. Collaboriamo con produttori rinomati e conduciamo valutazioni di qualit\u00e0 approfondite per garantire che ogni prodotto che offriamo non sia solo efficace ma anche sicuro per l&#039;uso. Rimanendo al passo con i pi\u00f9 recenti protocolli di sicurezza nella sfera dello svapo, garantiamo che i nostri prodotti aderiscano e superino gli standard normativi.<\/p>\n<p dir=\"auto\">La nostra comunit\u00e0<\/p>\n<p dir=\"auto\">VapeXYZ non \u00e8 solo un rivenditore, ma una comunit\u00e0. Siamo dedicati a coltivare una vivace comunit\u00e0 di appassionati di vaping. Attraverso il nostro blog, le piattaforme di social media e le iniziative di servizio clienti, promuoviamo la condivisione di conoscenze, feedback e un amore collettivo per il vaping. Ascoltiamo attivamente la nostra comunit\u00e0 e continuiamo a perfezionare le nostre offerte in base alle loro preferenze e requisiti.<\/p>\n<p dir=\"auto\">Perch\u00e9 scegliere noi?<\/p>\n<p dir=\"auto\">Esperienza: la profonda conoscenza dei prodotti per la vaporizzazione da parte del nostro team ci consente di fornire raccomandazioni e indicazioni personalizzate.<br \/>\nGaranzia di qualit\u00e0: garantiamo la qualit\u00e0 e la sicurezza di ogni prodotto nel nostro inventario.<br \/>\nIncentrato sul cliente: il nostro impegno risiede nel fornire un servizio clienti eccezionale e un&#039;esperienza di acquisto senza interruzioni.<br \/>\nInnovazione: siamo costantemente in prima linea e vi forniamo i prodotti pi\u00f9 recenti e all&#039;avanguardia.<\/p>\n<p dir=\"auto\">Contattaci<\/p>\n<p dir=\"auto\">Per qualsiasi richiesta o assistenza, contattare\u00a0<a href=\"mailto:info@vapexyz.com\" target=\"_blank\" rel=\"noopener\">info@vapexyz.com<\/a>.<\/p>","protected":false},"excerpt":{"rendered":"<p>About VAPEYZ About our online store Welcome to VapeXYZ, where our journey began with a fervent dedication to reshaping the landscape of the vaping industry. Established in 2023, VapeXYZ is on a mission to redefine the vaping experience for enthusiasts worldwide. Starting as a tight-knit group of vaping enthusiasts, our vision was to establish a [&#8230;]\n","protected":false},"author":1,"featured_media":0,"parent":0,"menu_order":0,"comment_status":"closed","ping_status":"closed","template":"page-blank-title-center.php","meta":{"_lmt_disableupdate":"no","_lmt_disable":"","footnotes":""},"class_list":["post-4400","page","type-page","status-publish","hentry"],"jetpack_sharing_enabled":true,"_links":{"self":[{"href":"https:\/\/vapexyz.com\/it\/wp-json\/wp\/v2\/pages\/4400","targetHints":{"allow":["GET"]}}],"collection":[{"href":"https:\/\/vapexyz.com\/it\/wp-json\/wp\/v2\/pages"}],"about":[{"href":"https:\/\/vapexyz.com\/it\/wp-json\/wp\/v2\/types\/page"}],"author":[{"embeddable":true,"href":"https:\/\/vapexyz.com\/it\/wp-json\/wp\/v2\/users\/1"}],"replies":[{"embeddable":true,"href":"https:\/\/vapexyz.com\/it\/wp-json\/wp\/v2\/comments?post=4400"}],"version-history":[{"count":0,"href":"https:\/\/vapexyz.com\/it\/wp-json\/wp\/v2\/pages\/4400\/revisions"}],"wp:attachment":[{"href":"https:\/\/vapexyz.com\/it\/wp-json\/wp\/v2\/media?parent=4400"}],"curies":[{"name":"wp","href":"https:\/\/api.w.org\/{rel}","templated":true}]}}