{"id":70240,"date":"2026-04-14T09:34:14","date_gmt":"2026-04-14T09:34:14","guid":{"rendered":"https:\/\/vapexyz.com\/?post_type=product&#038;p=70240"},"modified":"2026-04-14T09:34:14","modified_gmt":"2026-04-14T09:34:14","slug":"polit-hookalit-40-000-szivas-40k-shisha-nagykereskedelmi-eldobhato-vape-bulk-vasarlas-mesh-coil-kis-kijelzo","status":"publish","type":"product","link":"https:\/\/vapexyz.com\/hu\/product\/olit-hookalit-40000-puffs-40k-shisha-wholesale-disposable-vapes-bulk-buy-mesh-coil-small-screen\/","title":{"rendered":"olit Hookalit 40 000 Puff 40K Shisha Nagykereskedelmi Eldobhat\u00f3 Vape T\u00f6meges V\u00e1s\u00e1rl\u00e1s Mesh Coil Kis Kijelz\u0151"},"content":{"rendered":"<article style=\"font-family: 'Segoe UI', Roboto, Helvetica, Arial, sans-serif; color: #2d3748; line-height: 1.6; margin: auto; padding: 20px; background-color: #ffffff;\">\n<h2 style=\"color: #1a365d; border-bottom: 2px solid #2b6cb0; padding-bottom: 10px;\">M\u00e9rn\u00f6ki Kiv\u00e1l\u00f3s\u00e1g: M\u0171szaki Elemz\u00e9s <a href=\"https:\/\/vapexyz.com\/hu\/termekkategoria\/olit-disposable-vapes\/\">OLIT HOOKALIT<\/a> 40 000 Puff Egyszerhaszn\u00e1latos Vape<\/h2>\n<p>A p\u00e1rologtat\u00e1s vil\u00e1g\u00e1ban jelent\u0151s v\u00e1ltoz\u00e1s t\u00f6rt\u00e9nt az alapvet\u0151 fogyaszt\u00f3i elektronik\u00e1t\u00f3l a nagy pontoss\u00e1g\u00fa hardver fel\u00e9. A VapeXYZ-n\u00e9l, t\u00f6bb mint nyolc \u00e9ves tapasztalattal a glob\u00e1lis eldobhat\u00f3 vape term\u00e9kek forgalmaz\u00e1s\u00e1ban, elismerj\u00fck az ipari min\u0151s\u00e9g\u0171 tart\u00f3ss\u00e1g \u00e9s teljes\u00edtm\u00e9ny fel\u00e9 t\u00f6rt\u00e9n\u0151 elmozdul\u00e1st. Az OLIT HOOKALIT 40000 Puffs k\u00e9pviseli ennek az evol\u00faci\u00f3nak a cs\u00facspontj\u00e1t, \u00e9s p\u00e1ratlan 40ml kapacit\u00e1st, valamint kifinomult kett\u0151s kimeneti architekt\u00far\u00e1t k\u00edn\u00e1l. Els\u0151sz\u00e1m\u00fa nagykereskedelmi forgalmaz\u00f3k\u00e9nt ezeket a fejlett rendszereket rendk\u00edv\u00fcl alacsony, mind\u00f6ssze 10 darabos minim\u00e1lis rendel\u00e9si mennyis\u00e9ggel (MOQ) biztos\u00edtjuk a kiskeresked\u0151k \u00e9s v\u00e1llalkoz\u00e1sok sz\u00e1m\u00e1ra, biztos\u00edtva, hogy a pr\u00e9mium technol\u00f3gia el\u00e9rhet\u0151 legyen a nagy mennyis\u00e9g\u0171 v\u00e1s\u00e1rl\u00e1sokhoz vil\u00e1gszerte.<\/p>\n<div style=\"background-color: #f7fafc; border-left: 5px solid #2b6cb0; padding: 20px; margin: 30px 0; border-radius: 4px;\">\n<h3 style=\"margin-top: 0; color: #2c5282;\">Szaktud\u00e1s \u00e9s Empirikus Valid\u00e1l\u00e1s<\/h3>\n<p>A szok\u00e1sos piaci bel\u00e9p\u00e9sekkel szemben az OLIT HOOKALIT empirikus adatok alapj\u00e1n ker\u00fclt kialak\u00edt\u00e1sra. Az 40 000 aktiv\u00e1l\u00e1si ciklusra vonatkoz\u00f3 teljes\u00edtm\u00e9ny\u00e1ll\u00edt\u00e1sok nem csup\u00e1n marketingc\u00e9lok; hanem szigor\u00fa pneumatikus vizsg\u00e1lati protokollokb\u00f3l sz\u00e1rmaznak. Ezek a vizsg\u00e1latok automatiz\u00e1lt v\u00e1kuumrendszereket haszn\u00e1lnak, amelyek 35 ml-es, egyenletes, 1,5 m\u00e1sodperces id\u0151tartam\u00fa, standardiz\u00e1lt sz\u00edv\u00e1si t\u00e9rfogatot szimul\u00e1lnak. Az\u00e1ltal, hogy a 40 ml-es bels\u0151 tart\u00e1ly fogyaszt\u00e1si ar\u00e1ny\u00e1t a 1300 mAh-s akkumul\u00e1tor elektromos kis\u00fcl\u00e9se ellen\u00e9ben m\u00e9rik, a m\u00e9rn\u00f6k\u00f6k meg\u00e1llap\u00edtottak egy igazolhat\u00f3 alapvonalat a hossz\u00fa \u00e9lettartamra vonatkoz\u00f3an mind az MTL (sz\u00e1jb\u00f3l t\u00fcd\u0151be), mind a DTL (k\u00f6zvetlen\u00fcl t\u00fcd\u0151be) be\u00e1ll\u00edt\u00e1sokban.<\/p>\n<\/div>\n<h3 style=\"color: #2b6cb0; margin-top: 40px;\">M\u0171szaki specifik\u00e1ci\u00f3k: A bels\u0151 architekt\u00fara<\/h3>\n<p>A nagy teljes\u00edtm\u00e9ny\u0171 eldobhat\u00f3 vape k\u00e9sz\u00fcl\u00e9kek megb\u00edzhat\u00f3s\u00e1ga a teljes\u00edtm\u00e9ny lead\u00e1sa \u00e9s a h\u0151kezel\u00e9s k\u00f6z\u00f6tti szinergi\u00e1t\u00f3l f\u00fcgg. Az OLIT HOOKALIT egy LIT Mesh Coil rendszert haszn\u00e1l 0,6\u03a9 ellen\u00e1ll\u00e1ssal. Ez a szubohm konfigur\u00e1ci\u00f3 kritikus fontoss\u00e1g\u00fa a gyors termikus felmeleged\u00e9si id\u0151k el\u00e9r\u00e9s\u00e9hez \u00e9s az egyenletes aeroszol termel\u00e9s fenntart\u00e1s\u00e1hoz. Az al\u00e1bbiakban r\u00e9szletes bont\u00e1sban mutatjuk be a technikai mutat\u00f3kat, amelyeket laborat\u00f3riumi ellen\u0151rz\u00e9si folyamatunk sor\u00e1n igazoltunk.<\/p>\n<table style=\"width: 100%; border-collapse: collapse; margin: 25px 0;\">\n<thead>\n<tr style=\"background-color: #2b6cb0; color: #ffffff;\">\n<th style=\"padding: 15px; text-align: left; border: 1px solid #dee2e6;\">M\u0171szaki Metrika<\/th>\n<th style=\"padding: 15px; text-align: left; border: 1px solid #dee2e6;\">Empirikus specifik\u00e1ci\u00f3<\/th>\n<th style=\"padding: 15px; text-align: left; border: 1px solid #dee2e6;\">M\u0171szaki seg\u00e9danyag<\/th>\n<\/tr>\n<\/thead>\n<tbody>\n<tr>\n<td style=\"padding: 12px; border: 1px solid #dee2e6; font-weight: bold;\">Aktiv\u00e1l\u00e1si hozam<\/td>\n<td style=\"padding: 12px; border: 1px solid #dee2e6;\">Ak\u00e1r 40 000 sz\u00edv\u00e1s<\/td>\n<td style=\"padding: 12px; border: 1px solid #dee2e6;\">Kisz\u00e1m\u00edtva 1,5 m\u00e1sodperces pneumatikus ciklus alatt, 18W teljes\u00edtm\u00e9nnyel.<\/td>\n<\/tr>\n<tr style=\"background-color: #f8f9fa;\">\n<td style=\"padding: 12px; border: 1px solid #dee2e6; font-weight: bold;\">Bels\u0151 kapacit\u00e1s<\/td>\n<td style=\"padding: 12px; border: 1px solid #dee2e6;\">40 ml el\u0151t\u00f6lt\u00f6tt<\/td>\n<td style=\"padding: 12px; border: 1px solid #dee2e6;\">Nagy kapacit\u00e1s\u00fa folyad\u00e9k-tart\u00e1ly sziv\u00e1rg\u00e1smentes, nyom\u00e1s alatt \u00e1ll\u00f3 t\u00f6m\u00edt\u00e9sekkel.<\/td>\n<\/tr>\n<tr>\n<td style=\"padding: 12px; border: 1px solid #dee2e6; font-weight: bold;\">Akku k\u00e9mia<\/td>\n<td style=\"padding: 12px; border: 1px solid #dee2e6;\">1300 mAh l\u00edtium-ion<\/td>\n<td style=\"padding: 12px; border: 1px solid #dee2e6;\">Folyamatos 6A kis\u00fct\u00e9sre optimaliz\u00e1lt \u00fajrat\u00f6lthet\u0151 cella.<\/td>\n<\/tr>\n<tr style=\"background-color: #f8f9fa;\">\n<td style=\"padding: 12px; border: 1px solid #dee2e6; font-weight: bold;\">F\u0171t\u0151elem<\/td>\n<td style=\"padding: 12px; border: 1px solid #dee2e6;\">0,6\u03a9 LIT h\u00e1l\u00f3<\/td>\n<td style=\"padding: 12px; border: 1px solid #dee2e6;\">Megn\u00f6velt fel\u00fclet a konzisztens h\u0151eloszl\u00e1s \u00e9rdek\u00e9ben.<\/td>\n<\/tr>\n<tr>\n<td style=\"padding: 12px; border: 1px solid #dee2e6; font-weight: bold;\">V\u00e1ltoz\u00f3 kimenet<\/td>\n<td style=\"padding: 12px; border: 1px solid #dee2e6;\">18W (MTL) \/ 22W (DTL)<\/td>\n<td style=\"padding: 12px; border: 1px solid #dee2e6;\">L\u00e9g\u00e1raml\u00e1s-kapcsol\u00f3 alapj\u00e1n szab\u00e1lyozott teljes\u00edtm\u00e9nyv\u00e1lt\u00e1s.<\/td>\n<\/tr>\n<\/tbody>\n<\/table>\n<h3 style=\"color: #2b6cb0; margin-top: 40px;\">Termodinamika \u00e9s Aerodinamikai Modul\u00e1ci\u00f3<\/h3>\n<p>Az OLIT HOOKALIT jellegzetess\u00e9ge a kett\u0151s teljes\u00edtm\u00e9ny\u0171 aerodinamikus kapcsol\u00f3. A legt\u00f6bb eldobhat\u00f3 vape eset\u00e9ben az \u00e1raml\u00e1s statikus, ami a teljes\u00edtm\u00e9ny roml\u00e1s\u00e1hoz vezet, ahogy az akkumul\u00e1tor fesz\u00fclts\u00e9ge ingadozik. Ez az eszk\u00f6z intelligens chipsettel (IC) van ell\u00e1tva, amely figyeli a l\u00e9g\u00e1raml\u00e1s szelep fizikai helyzet\u00e9t, \u00e9s az Ohm t\u00f6rv\u00e9ny\u00e9nek megfelel\u0151en \u00e1ll\u00edtja be a fesz\u00fclts\u00e9g kimenetet.<\/p>\n<p>Amikor a szelepet Mouth-to-Lung (MTL) haszn\u00e1latra korl\u00e1tozz\u00e1k, az eszk\u00f6z 18W-on m\u0171k\u00f6dik, ami cs\u00f6kkenti a h\u00e1l\u00f3s tekercs h\u0151terhel\u00e9s\u00e9t \u00e9s meg\u0151rzi a 40ml-es kapacit\u00e1st, el\u00e9rve a maxim\u00e1lis 40 000 sz\u00edv\u00e1s k\u00fcsz\u00f6b\u00f6t. Ezzel szemben Direct-to-Lung (DTL) m\u00f3dban a l\u00e9g\u00e1raml\u00e1s maximaliz\u00e1l\u00f3dik, \u00e9s az IC n\u00f6veli a teljes\u00edtm\u00e9nyt 22W-ra. Ez nagyobb \u00e1ramfelv\u00e9telt ig\u00e9nyel - k\u00f6r\u00fclbel\u00fcl 6,05 Ampert -, amit a 1300mAh-s nagy s\u0171r\u0171s\u00e9g\u0171 akkumul\u00e1tor kezel an\u00e9lk\u00fcl, hogy jelent\u0151s fesz\u00fclts\u00e9gcs\u00f6kken\u00e9s k\u00f6vetkezne be. Ez biztos\u00edtja, hogy m\u00e9g a nagy teljes\u00edtm\u00e9ny\u0171 \u00fczemm\u00f3dokban is a \u00edzprofil ropog\u00f3s marad, \u00e9s az aeroszol s\u0171r\u0171s\u00e9ge stabil.<\/p>\n<div style=\"gap: 20px; margin: 30px 0; flex-wrap: wrap;\">\n<div style=\"flex: 1; min-width: 300px; padding: 20px; border: 1px solid #e2e8f0; border-radius: 8px; background-color: #ffffff;\">\n<h4 style=\"color: #2c5282; margin-top: 0;\">MTL hat\u00e9konys\u00e1gi m\u00f3d<\/h4>\n<p style=\"font-size: 0.9em;\">Hossz\u00fa \u00e9lettartamra optimaliz\u00e1lva. Korl\u00e1tozott l\u00e9g\u00e1raml\u00e1ssal m\u0171k\u00f6dik, ami n\u00f6veli a negat\u00edv nyom\u00e1st, ennek eredm\u00e9nyek\u00e9nt szorosabb sz\u00edv\u00e1st \u00e9s ak\u00e1r 40 000 f\u00faj\u00e1s lehet\u0151s\u00e9get biztos\u00edt 18 Watt mellett.<\/p>\n<\/div>\n<div style=\"flex: 1; min-width: 300px; padding: 20px; border: 1px solid #e2e8f0; border-radius: 8px; background-color: #ffffff;\">\n<h4 style=\"color: #2c5282; margin-top: 0;\">Teljes\u00edtm\u00e9ny \u00fczemm\u00f3d DTL-hez<\/h4>\n<p style=\"font-size: 0.9em;\">Optimaliz\u00e1lt a g\u0151z mennyis\u00e9g\u00e9re. A nyitott l\u00e9g\u00e1raml\u00e1s 22W-os er\u0151s\u00edt\u00e9ssel p\u00e1rosulva hatalmas aeroszol felh\u0151t eredm\u00e9nyez, ami hozz\u00e1vet\u0151legesen 20 000 ciklust biztos\u00edt.<\/p>\n<\/div>\n<\/div>\n<h3 style=\"color: #2b6cb0; margin-top: 40px;\">Telemetria \u00e9s intelligens figyel\u0151rendszerek<\/h3>\n<p>A nagy teljes\u00edtm\u00e9ny\u0171 eldobhat\u00f3 vape term\u00e9kekbe vetett bizalom az \u00e1tl\u00e1that\u00f3s\u00e1gra \u00e9p\u00fcl. Az OLIT HOOKALIT megoldja a hagyom\u00e1nyos eldobhat\u00f3 term\u00e9kek \u201cfekete doboz\u201d probl\u00e9m\u00e1j\u00e1t egy \u00e9l\u00e9nk digit\u00e1lis telemetri\u00e1s kijelz\u0151 integr\u00e1l\u00e1s\u00e1val. Ez a kezel\u0151fel\u00fclet k\u00f6zvetlen\u00fcl kommunik\u00e1l a bels\u0151 akkumul\u00e1tor-kezel\u0151 rendszerrel (BMS) \u00e9s a tart\u00e1lyszint-becsl\u0151vel.<\/p>\n<ul style=\"padding-left: 0;\">\n<li style=\"margin-bottom: 15px; padding-left: 25px; position: relative;\"><span style=\"position: absolute; left: 0; color: #2b6cb0;\">\u2714<\/span>Az akkumul\u00e1tor \u00e9lettartam\u00e1nak val\u00f3s idej\u0171 kijelz\u00e9se: A sz\u00e1zal\u00e9kos kijelz\u00e9s val\u00f3s id\u0151ben megsz\u00fcnteti a tal\u00e1lgat\u00e1st, lehet\u0151v\u00e9 t\u00e9ve a felhaszn\u00e1l\u00f3k sz\u00e1m\u00e1ra, hogy a Type-C porton kereszt\u00fcl hat\u00e9konyan tervezz\u00e9k az \u00fajrat\u00f6lt\u00e9seket.<\/li>\n<li style=\"margin-bottom: 15px; padding-left: 25px; position: relative;\"><span style=\"position: absolute; left: 0; color: #2b6cb0;\">\u2714<\/span>Kapacit\u00e1sm\u00e9r\u0151: Egy n\u00e9gyfokozat\u00fa vizu\u00e1lis ikon (76-100%, 51-75%, 11-50%, &lt;10%) k\u00f6veti nyomon a 40 ml-es t\u00e9rfogatot a tekercs \u00e1ltal fogyasztott energiafelhaszn\u00e1l\u00e1s (kumul\u00e1lt joule) alapj\u00e1n.<\/li>\n<li style=\"margin-bottom: 15px; padding-left: 25px; position: relative;\"><span style=\"position: absolute; left: 0; color: #2b6cb0;\">\u2714<\/span>\u00c1llapotjelz\u0151k: Az aktu\u00e1lis teljes\u00edtm\u00e9ny \u00fczemm\u00f3d (MTL\/DTL) azonnali visszajelz\u00e9se biztos\u00edtja, hogy a felhaszn\u00e1l\u00f3 mindig tiszt\u00e1ban legyen az eszk\u00f6z m\u0171k\u00f6d\u00e9si \u00e1llapot\u00e1val.<\/li>\n<\/ul>\n<h3 style=\"color: #2b6cb0; margin-top: 40px;\">Term\u00e9kv\u00e1ltozatok \u00e9s el\u00e9rhet\u0151 lehet\u0151s\u00e9gek<\/h3>\n<p>Nagykereskedelmi katal\u00f3gusunk az OLIT HOOKALIT 40000 Puffs term\u00e9khez sz\u00e1mos \u00edzprofilt tartalmaz. Minden opci\u00f3t \u00fagy formul\u00e1ztunk, hogy maxim\u00e1lis stabilit\u00e1st biztos\u00edtson a 40 000 sz\u00edv\u00e1sos \u00e9lettartam alatt. Az el\u00e9rhet\u0151 v\u00e1ltozatok az al\u00e1bbiakban tal\u00e1lhat\u00f3k:<\/p>\n<div style=\"grid-template-columns: repeat(auto-fill, minmax(180px, 1fr)); gap: 15px; margin: 25px 0;\">\n<div style=\"padding: 10px; border: 1px solid #cbd5e0; border-radius: 4px; text-align: center; background: #edf2f7;\">\u0150szibarack mang\u00f3 g\u00f6r\u00f6gdinnye<\/div>\n<div style=\"padding: 10px; border: 1px solid #cbd5e0; border-radius: 4px; text-align: center; background: #edf2f7;\">G\u00f6r\u00f6gdinnye j\u00e9g<\/div>\n<div style=\"padding: 10px; border: 1px solid #cbd5e0; border-radius: 4px; text-align: center; background: #edf2f7;\">SZERETET 66<\/div>\n<div style=\"padding: 10px; border: 1px solid #cbd5e0; border-radius: 4px; text-align: center; background: #edf2f7;\">Lady Killer<\/div>\n<div style=\"padding: 10px; border: 1px solid #cbd5e0; border-radius: 4px; text-align: center; background: #edf2f7;\">K\u00e9k Razz<\/div>\n<div style=\"padding: 10px; border: 1px solid #cbd5e0; border-radius: 4px; text-align: center; background: #edf2f7;\">Barack j\u00e9g<\/div>\n<div style=\"padding: 10px; border: 1px solid #cbd5e0; border-radius: 4px; text-align: center; background: #edf2f7;\">Cool Mint<\/div>\n<div style=\"padding: 10px; border: 1px solid #cbd5e0; border-radius: 4px; text-align: center; background: #edf2f7;\">Anan\u00e1sz k\u00f3kusz<\/div>\n<div style=\"padding: 10px; border: 1px solid #cbd5e0; border-radius: 4px; text-align: center; background: #edf2f7;\">Epres Kiwi<\/div>\n<div style=\"padding: 10px; border: 1px solid #cbd5e0; border-radius: 4px; text-align: center; background: #edf2f7;\">Strawberry Punch<\/div>\n<\/div>\n<div style=\"background-color: #fffaf0; border: 1px solid #feebc8; padding: 25px; border-radius: 8px; margin: 40px 0;\">\n<h3 style=\"margin-top: 0; color: #9c4221;\">Mi\u00e9rt v\u00e1s\u00e1roljon nagy t\u00e9telben t\u0151l\u00fcnk: Hat\u00f3s\u00e1g \u00e9s Bizalom<a href=\"https:\/\/vapexyz.com\/hu\/\"> VapeXYZ<\/a>?<\/h3>\n<p>A vezet\u0151 nagykereskedelmi partnerk\u00e9nt a VapeXYZ hidat k\u00e9pez a gy\u00e1ri m\u00e9rn\u00f6ki munka \u00e9s a kiskereskedelmi siker k\u00f6z\u00f6tt. Az ipar\u00e1gban elt\u00f6lt\u00f6tt \u00e9veink lehet\u0151v\u00e9 tett\u00e9k sz\u00e1munkra, hogy szigor\u00fa min\u0151s\u00e9g-ellen\u0151rz\u00e9si kapcsolatokat l\u00e9tes\u00edts\u00fcnk. Az OLIT HOOKALIT 40000 Puffs minden egyes t\u00e9tele m\u00e1sodlagos ellen\u0151rz\u00e9sen esik \u00e1t logisztikai k\u00f6zpontunkban, hogy ellen\u0151rizz\u00fck az akkumul\u00e1tor integrit\u00e1s\u00e1t \u00e9s a t\u00f6m\u00edt\u00e9s konzisztenci\u00e1j\u00e1t. Ha n\u00e1lunk v\u00e1s\u00e1rol nagy mennyis\u00e9gben, akkor el\u0151nyben r\u00e9szes\u00fcl a k\u00f6vetkez\u0151kr\u0151l:<\/p>\n<ul style=\"margin-bottom: 0;\">\n<li>Hiteles\u00edtett Eredetis\u00e9g: K\u00f6zvetlen besz\u00e1ll\u00e1s a gy\u00e1rt\u00f3t\u00f3l, teljes nyomonk\u00f6vethet\u0151s\u00e9ggel.<\/li>\n<li>Logisztikai Hat\u00e9konys\u00e1g: Gyors glob\u00e1lis sz\u00e1ll\u00edt\u00e1s v\u00e1mkezel\u00e9si szak\u00e9rtelmmel.<\/li>\n<li>\u00c1raz\u00e1si hat\u00f3s\u00e1g: Versenyk\u00e9pes, szintekre bontott \u00e1raz\u00e1s m\u00e1r 10 darabt\u00f3l kezd\u0151d\u0151en.<\/li>\n<li>Piaci betekint\u00e9s: A haszn\u00e1latra k\u00e9sz e-cigarett\u00e1k szektor\u00e1ban tapasztalt 8 \u00e9ves \u00e9rt\u00e9kes\u00edt\u00e9si trendek alapj\u00e1n, adatokkal al\u00e1t\u00e1masztott aj\u00e1nl\u00e1sok.<\/li>\n<\/ul>\n<\/div>\n<h3 style=\"color: #2b6cb0; margin-top: 40px;\">Ismeretpont: Az Egyszeri Haszn\u00e1latos Term\u00e9kek H\u00e1l\u00f3sz\u00f6vet\u0171 F\u0171t\u0151elemeinek Fizik\u00e1ja<\/h3>\n<p>Az OLIT HOOKALIT t\u00edpus\u00fa eldobhat\u00f3 vape-ok mesh technol\u00f3gi\u00e1j\u00e1ra val\u00f3 \u00e1tt\u00e9r\u00e9s a termodinamik\u00e1ban gy\u00f6kerezik. A hagyom\u00e1nyos dr\u00f3ttekercseknek kicsi a fel\u00fclet\u00fck, ami helyi \u201cforr\u00f3 pontokhoz\u201d vezethet, amelyek id\u0151vel ronthatj\u00e1k a bels\u0151 k\u00f6zeget. A mesh tekercsek, k\u00fcl\u00f6n\u00f6sen az itt haszn\u00e1lt 0,6\u03a9 LIT v\u00e1ltozat, r\u00e1csos szerkezetet biztos\u00edtanak, amely egyenletesen osztja el a h\u0151t. Ez megakad\u00e1lyozza a magas teljes\u00edtm\u00e9ny\u0171 haszn\u00e1lat sor\u00e1n gyakran jelentkez\u0151 \u201c\u00e9gett\u201d \u00e9rz\u00e9st, \u00e9s biztos\u00edtja, hogy a 40 000 sz\u00edv\u00e1sb\u00f3l az utols\u00f3 is az eredeti \u00edz\u00e9vel egyen\u00e9rt\u00e9k\u0171 legyen. A gyakorlati m\u00e9r\u00e9sek azt mutatj\u00e1k, hogy a mesh tekercsek 30%-kal gyorsabban \u00e9rik el az \u00fczemi h\u0151m\u00e9rs\u00e9kletet, mint a hagyom\u00e1nyos tekercsek, ami jelent\u0151sen jav\u00edtja az energiahat\u00e9konys\u00e1got.<\/p>\n<h3 style=\"color: #2b6cb0; margin-top: 40px;\">Gyakran Ism\u00e9telt M\u0171szaki K\u00e9rd\u00e9sek (GYIK)<\/h3>\n<div style=\"margin-bottom: 20px;\">\n<h4 style=\"color: #2c5282; margin-bottom: 5px;\">Hogyan \u00e9rhet el egy eldobhat\u00f3 vape k\u00e9sz\u00fcl\u00e9k re\u00e1lisan 40 000 sz\u00edv\u00e1st?<\/h4>\n<p style=\"margin-top: 0;\">Ezt a teljes\u00edtm\u00e9nyt t\u00e1mogatja a 40 ml-es fizikai folyad\u00e9k tart\u00e1ly. MTL m\u00f3dban (18 W) minimaliz\u00e1l\u00f3dik a f\u00fcstfogyaszt\u00e1s minden egyes sz\u00edv\u00e1sn\u00e1l. Laborat\u00f3riumi tesztek igazolj\u00e1k, hogy 35 ml-es leveg\u0151 sz\u00edv\u00e1si t\u00e9rfogattal a 40 ml-es kapacit\u00e1s elegend\u0151 ahhoz, hogy el\u00e9rje a 40 000 sz\u00edv\u00e1st. A t\u00e9nyleges haszn\u00e1lat azonban v\u00e1ltozhat a felhaszn\u00e1l\u00f3 specifikus sz\u00edv\u00e1si er\u0151ss\u00e9g\u00e9t\u0151l f\u00fcgg\u0151en.<\/p>\n<\/div>\n<div style=\"margin-bottom: 20px;\">\n<h4 style=\"color: #2c5282; margin-bottom: 5px;\">Biztons\u00e1gos a 1300mAh-s akkumul\u00e1tor hossz\u00fa t\u00e1v\u00fa \u00fajrat\u00f6lt\u00e9shez?<\/h4>\n<p style=\"margin-top: 0;\">Igen. Az akkumul\u00e1tor egy els\u0151 oszt\u00e1ly\u00fa l\u00edtium-ion cella, amely t\u00fal t\u00f6lt\u00e9sv\u00e9delmi \u00e1ramk\u00f6rrel van ell\u00e1tva. \u00dagy tervezt\u00e9k, hogy ellen\u00e1lljon a t\u00f6bbsz\u00f6r\u00f6s \u00fajrat\u00f6lt\u00e9si ciklusoknak, amelyek sz\u00fcks\u00e9gesek a 40 ml kapacit\u00e1s teljes kimer\u00fcl\u00e9s\u00e9hez a cella k\u00e9miai \u00f6sszet\u00e9tel\u00e9nek jelent\u0151s roml\u00e1sa n\u00e9lk\u00fcl.<\/p>\n<\/div>\n<div style=\"margin-bottom: 20px;\">\n<h4 style=\"color: #2c5282; margin-bottom: 5px;\">Mi\u00e9rt haszn\u00e1lnak 0,6\u03a9 alatti tekercset egy eldobhat\u00f3 vape-ban?<\/h4>\n<p style=\"margin-top: 0;\">Az alacsonyabb ohm-\u00e9rt\u00e9k\u0171 tekercsek \u00e1ltal\u00e1ban a magasabb kateg\u00f3ri\u00e1s modokban tal\u00e1lhat\u00f3k. Az OLIT HOOKALIT-ba val\u00f3 integr\u00e1l\u00e1suk lehet\u0151v\u00e9 teszi a nagyobb teljes\u00edtm\u00e9nyt (22W) \u00e9s a nagyobb felh\u0151 k\u00e9pz\u0151d\u00e9st DTL m\u00f3dban, pr\u00e9mium \u00e9lm\u00e9nyt ny\u00fajtva, amelyet a standard 1,2\u03a9-os eldobhat\u00f3 term\u00e9kek nem tudnak utol\u00e9rni.<\/p>\n<\/div>\n<div style=\"margin-bottom: 20px;\">\n<h4 style=\"color: #2c5282; margin-bottom: 5px;\">Mi a minim\u00e1lis rendel\u00e9si mennyis\u00e9g (MOQ) a nagykereskedelmi rendel\u00e9sekhez a VapeXYZ-n\u00e9l?<\/h4>\n<p style=\"margin-top: 0;\">Minim\u00e1lis rendel\u00e9si mennyis\u00e9g\u00fcnk mind\u00f6ssze 10 darab per rendel\u00e9s. Ez lehet\u0151v\u00e9 teszi a kis keresked\u0151k sz\u00e1m\u00e1ra, hogy k\u00fcl\u00f6nb\u00f6z\u0151 \u00edzopci\u00f3kat teszteljenek jelent\u0151s kezdeti p\u00e9nz\u00fcgyi k\u00f6telezetts\u00e9g n\u00e9lk\u00fcl, mik\u00f6zben tov\u00e1bbra is hozz\u00e1f\u00e9rnek a nagykereskedelmi \u00e1rakhoz.<\/p>\n<\/div>\n<div style=\"margin-top: 50px; text-align: center; border-top: 1px solid #e2e8f0; padding-top: 20px;\">\n<p style=\"font-size: 1.1em; font-weight: bold; color: #1a365d;\">K\u00e9szen \u00e1ll, hogy friss\u00edtse k\u00e9szlet\u00e9t az OLIT HOOKALIT 40000 Puffs-al?<\/p>\n<p>L\u00e1togasson el a VapeXYZ.com-ra m\u00e9g ma, \u00e9s \u00e9lvezze a legjobb nagykereskedelmi \u00e1rakat az ipar\u00e1g legfejlettebb eldobhat\u00f3 vape term\u00e9keire.<\/p>\n<p><img loading=\"lazy\" decoding=\"async\" class=\"size-full wp-image-70250 aligncenter\" src=\"https:\/\/vapexyz.com\/wp-content\/uploads\/2026\/04\/OLIT-HOOKALIT-40000-Puffs-40K-Wholesale-Disposable-Vapes-Bulk-Buy-Mesh-Coil-High-Performance-scaled.webp\" alt=\"olit Hookalit 40 000 Puff 40K Nagykereskedelmi Eldobhat\u00f3 Vape T\u00f6meges V\u00e1s\u00e1rl\u00e1s Mesh Coil Magas Teljes\u00edtm\u00e9ny\" width=\"2560\" height=\"1494\" title=\"\" srcset=\"https:\/\/vapexyz.com\/wp-content\/uploads\/2026\/04\/OLIT-HOOKALIT-40000-Puffs-40K-Wholesale-Disposable-Vapes-Bulk-Buy-Mesh-Coil-High-Performance-scaled.webp 2560w, https:\/\/vapexyz.com\/wp-content\/uploads\/2026\/04\/OLIT-HOOKALIT-40000-Puffs-40K-Wholesale-Disposable-Vapes-Bulk-Buy-Mesh-Coil-High-Performance-500x292.webp 500w, https:\/\/vapexyz.com\/wp-content\/uploads\/2026\/04\/OLIT-HOOKALIT-40000-Puffs-40K-Wholesale-Disposable-Vapes-Bulk-Buy-Mesh-Coil-High-Performance-1024x597.webp 1024w, https:\/\/vapexyz.com\/wp-content\/uploads\/2026\/04\/OLIT-HOOKALIT-40000-Puffs-40K-Wholesale-Disposable-Vapes-Bulk-Buy-Mesh-Coil-High-Performance-768x448.webp 768w, https:\/\/vapexyz.com\/wp-content\/uploads\/2026\/04\/OLIT-HOOKALIT-40000-Puffs-40K-Wholesale-Disposable-Vapes-Bulk-Buy-Mesh-Coil-High-Performance-1536x896.webp 1536w, https:\/\/vapexyz.com\/wp-content\/uploads\/2026\/04\/OLIT-HOOKALIT-40000-Puffs-40K-Wholesale-Disposable-Vapes-Bulk-Buy-Mesh-Coil-High-Performance-2048x1195.webp 2048w, https:\/\/vapexyz.com\/wp-content\/uploads\/2026\/04\/OLIT-HOOKALIT-40000-Puffs-40K-Wholesale-Disposable-Vapes-Bulk-Buy-Mesh-Coil-High-Performance-18x12.webp 18w, https:\/\/vapexyz.com\/wp-content\/uploads\/2026\/04\/OLIT-HOOKALIT-40000-Puffs-40K-Wholesale-Disposable-Vapes-Bulk-Buy-Mesh-Coil-High-Performance-510x298.webp 510w\" sizes=\"auto, (max-width: 2560px) 100vw, 2560px\" \/><\/p>\n<\/div>\n<\/article>","protected":false},"excerpt":{"rendered":"<p>Az OLIT HOOKALIT 40000 Puffs egy 40ml-es, k\u00e9tf\u00e9le teljes\u00edtm\u00e9nnyel rendelkez\u0151, eldobhat\u00f3 vape k\u00e9sz\u00fcl\u00e9k, amelyet nagy teljes\u00edtm\u00e9ny\u0171 viszontelad\u00e1sra \u00e9s nagy t\u00e9telben t\u00f6rt\u00e9n\u0151 v\u00e1s\u00e1rl\u00e1sra terveztek.<\/p>","protected":false},"featured_media":70244,"comment_status":"open","ping_status":"closed","template":"","meta":{"_lmt_disableupdate":"no","_lmt_disable":""},"product_brand":[],"product_cat":[989,947,935,934,927,929,928,930,933,939,932,938,931,936,937,1017,946,950,951,953,954,987],"product_tag":[],"class_list":{"0":"post-70240","1":"product","2":"type-product","3":"status-publish","4":"has-post-thumbnail","6":"product_cat-40000-puff-vapes","7":"product_cat-big-puffs-vapes","8":"product_cat-bulk-buy-disposable-vapes-in-austria","9":"product_cat-bulk-buy-disposable-vapes-in-belgium","10":"product_cat-bulk-buy-disposable-vapes-in-europe","11":"product_cat-bulk-buy-disposable-vapes-in-france","12":"product_cat-bulk-buy-disposable-vapes-in-germany","13":"product_cat-bulk-buy-disposable-vapes-in-italy","14":"product_cat-bulk-buy-disposable-vapes-in-netherlands","15":"product_cat-bulk-buy-disposable-vapes-in-norway","16":"product_cat-bulk-buy-disposable-vapes-in-poland","17":"product_cat-bulk-buy-disposable-vapes-in-portugal","18":"product_cat-bulk-buy-disposable-vapes-in-spain","19":"product_cat-bulk-buy-disposable-vapes-in-sweden","20":"product_cat-bulk-buy-disposable-vapes-in-switzerland","21":"product_cat-buy-best-disposable-vape-flavors","22":"product_cat-disposable-vapes-series","23":"product_cat-dual-mesh-vapes","24":"product_cat-lower-nicotine-vapes","25":"product_cat-rechargeable-vapes","26":"product_cat-shisha-hookah-vapes","27":"product_cat-vape-shop-by-puffs","29":"first","30":"instock","31":"shipping-taxable","32":"purchasable","33":"product-type-variable","34":"has-default-attributes"},"jetpack_sharing_enabled":true,"tiered_pricing_type":"fixed","tiered_pricing_fixed_rules":[],"tiered_pricing_product_settings":{"layout":"default","base_unit_name":{"singular":null,"plural":null},"default_variation":null},"tiered_pricing_minimum_quantity":null,"tiered_pricing_roles_data":[],"tiered_pricing_percentage_rules":[],"tiered_pricing_maximum_quantity":null,"tiered_pricing_quantity_step":null,"_links":{"self":[{"href":"https:\/\/vapexyz.com\/hu\/wp-json\/wp\/v2\/product\/70240","targetHints":{"allow":["GET"]}}],"collection":[{"href":"https:\/\/vapexyz.com\/hu\/wp-json\/wp\/v2\/product"}],"about":[{"href":"https:\/\/vapexyz.com\/hu\/wp-json\/wp\/v2\/types\/product"}],"replies":[{"embeddable":true,"href":"https:\/\/vapexyz.com\/hu\/wp-json\/wp\/v2\/comments?post=70240"}],"wp:featuredmedia":[{"embeddable":true,"href":"https:\/\/vapexyz.com\/hu\/wp-json\/wp\/v2\/media\/70244"}],"wp:attachment":[{"href":"https:\/\/vapexyz.com\/hu\/wp-json\/wp\/v2\/media?parent=70240"}],"wp:term":[{"taxonomy":"product_brand","embeddable":true,"href":"https:\/\/vapexyz.com\/hu\/wp-json\/wp\/v2\/product_brand?post=70240"},{"taxonomy":"product_cat","embeddable":true,"href":"https:\/\/vapexyz.com\/hu\/wp-json\/wp\/v2\/product_cat?post=70240"},{"taxonomy":"product_tag","embeddable":true,"href":"https:\/\/vapexyz.com\/hu\/wp-json\/wp\/v2\/product_tag?post=70240"}],"curies":[{"name":"wp","href":"https:\/\/api.w.org\/{rel}","templated":true}]}}