{"id":69581,"date":"2026-03-25T02:59:03","date_gmt":"2026-03-25T02:59:03","guid":{"rendered":"https:\/\/vapexyz.com\/?post_type=product&#038;p=69581"},"modified":"2026-03-25T02:59:03","modified_gmt":"2026-03-25T02:59:03","slug":"bang-king-250k-szivas-ds-k074-quads-4-az-1-ben-izesitesu-eldobhato-vape-nagykereskedelmi-vasarlas-250-000-szivas-quad-rendszer-mesh-coil","status":"publish","type":"product","link":"https:\/\/vapexyz.com\/hu\/product\/bang-king-250k-puffs-dsk074-quads-4in1-tastes-disposable-vapes-wholesale-bulk-buy-250000-puffs-quad-system-mesh-coil\/","title":{"rendered":"BANG KING 250K Puffs DSK074 Quads 4 az 1-ben \u00edz\u0171 eldobhat\u00f3 vape nagykereskedelmi v\u00e1s\u00e1rl\u00e1s 250 000 sz\u00edv\u00e1s Quad rendszer h\u00e1l\u00f3sz\u00f6vetes tekercs"},"content":{"rendered":"<article>\n<section style=\"padding: 20px; border-left: 5px solid #2c3e50; background-color: #f9f9f9; margin-bottom: 30px;\">\n<h2 style=\"color: #2c3e50; margin-top: 0;\">Ipar\u00e1gi vezet\u0151 nagy kapacit\u00e1s\u00fa hardver: A<a href=\"https:\/\/vapexyz.com\/hu\/termekkategoria\/bumm\/\"> BANG KING<\/a> 250K DSK074<\/h2>\n<p style=\"line-height: 1.6; color: #34495e;\">T\u00f6bb mint 8 \u00e9ves tapasztalattal rendelkez\u0151 vezet\u0151 nagykereskedelmi partnerk\u00e9nt a fejlett p\u00e1rologtat\u00e1si technol\u00f3gia glob\u00e1lis forgalmaz\u00e1s\u00e1nak specialist\u00e1jak\u00e9nt,<a href=\"https:\/\/vapexyz.com\/hu\/\"> VapeXYZ <\/a>b\u00fcszk\u00e9n mutatja be a BANG KING 250K Puffs DSK074-et. Ez az eszk\u00f6z jelent\u0151s m\u00e9rn\u00f6ki ugr\u00e1st k\u00e9pvisel, amely t\u00falmutat a standard fogyaszt\u00f3i modelleken, \u00e9s egy magas hasznoss\u00e1g\u00fa, ipari kateg\u00f3ri\u00e1ba tartozik, amelyet kifejezetten nagy volumen\u0171 felhaszn\u00e1l\u00f3k \u00e9s nagy mennyis\u00e9g\u0171 beszerz\u00e9si piacok sz\u00e1m\u00e1ra terveztek.<\/p>\n<p style=\"line-height: 1.6; color: #34495e;\">A DSK074 nem csup\u00e1n egy nagy kapacit\u00e1s\u00fa egys\u00e9g; egy integr\u00e1lt Quad-rendszer. N\u00e9gy f\u00fcggetlen tart\u00e1ly seg\u00edts\u00e9g\u00e9vel ez a hardver megoldja az ipar\u00e1gban gyakori probl\u00e9m\u00e1t, a tekercs degrad\u00e1ci\u00f3j\u00e1t a hossz\u00fa t\u00e1v\u00fa haszn\u00e1lat sor\u00e1n, biztos\u00edtva, hogy az utols\u00f3 1000 sz\u00edv\u00e1s ugyanolyan szerkezeti integrit\u00e1ssal \u00e9s teljes\u00edtm\u00e9nymin\u0151s\u00e9ggel rendelkezzen, mint az els\u0151.<\/p>\n<\/section>\n<h2 style=\"color: #2980b9;\">M\u0171szaki Specifik\u00e1ci\u00f3k \u00e9s M\u00e9rn\u00f6ki Valid\u00e1l\u00e1s<\/h2>\n<div>\n<table style=\"width: 100%; border-collapse: collapse; margin-bottom: 20px; font-family: sans-serif;\">\n<thead>\n<tr style=\"background-color: #2980b9; color: white; text-align: left;\">\n<th style=\"padding: 12px; border: 1px solid #ddd;\">Funkci\u00f3<\/th>\n<th style=\"padding: 12px; border: 1px solid #ddd;\">M\u0171szaki Specifik\u00e1ci\u00f3<\/th>\n<th style=\"padding: 12px; border: 1px solid #ddd;\">\u00dczemeltet\u00e9si el\u0151ny<\/th>\n<\/tr>\n<\/thead>\n<tbody>\n<tr>\n<td style=\"padding: 10px; border: 1px solid #ddd; font-weight: bold;\">Teljes kapacit\u00e1s<\/td>\n<td style=\"padding: 10px; border: 1px solid #ddd;\">250 000 becs\u00fclt sz\u00edv\u00e1s<\/td>\n<td style=\"padding: 10px; border: 1px solid #ddd;\">Hosszabb \u00e9lettartam intenz\u00edv haszn\u00e1lat eset\u00e9n.<\/td>\n<\/tr>\n<tr style=\"background-color: #f2f2f2;\">\n<td style=\"padding: 10px; border: 1px solid #ddd; font-weight: bold;\">T\u00e1roz\u00f3rendszer<\/td>\n<td style=\"padding: 10px; border: 1px solid #ddd;\">N\u00e9gy 15ml-es tart\u00e1ly (60ml \u00f6sszesen)<\/td>\n<td style=\"padding: 10px; border: 1px solid #ddd;\">Megakad\u00e1lyozza a tel\u00edt\u00e9si f\u00e1radts\u00e1got; 4 az 1-ben v\u00e1ltozatoss\u00e1g.<\/td>\n<\/tr>\n<tr>\n<td style=\"padding: 10px; border: 1px solid #ddd; font-weight: bold;\">F\u0171t\u0151elem<\/td>\n<td style=\"padding: 10px; border: 1px solid #ddd;\">1,0 \u03a9 Mesh tekercs (n\u00e9gy magos)<\/td>\n<td style=\"padding: 10px; border: 1px solid #ddd;\">Optimaliz\u00e1lt fel\u00fclet a konzisztens h\u0151emelked\u00e9s \u00e9rdek\u00e9ben.<\/td>\n<\/tr>\n<tr style=\"background-color: #f2f2f2;\">\n<td style=\"padding: 10px; border: 1px solid #ddd; font-weight: bold;\">\u00c1ramforr\u00e1s<\/td>\n<td style=\"padding: 10px; border: 1px solid #ddd;\">650mAh L\u00edtium-ion (\u00dajrat\u00f6lthet\u0151)<\/td>\n<td style=\"padding: 10px; border: 1px solid #ddd;\">Fenntarthat\u00f3 energiaell\u00e1t\u00e1s Type-C gyors t\u00f6lt\u00e9ssel.<\/td>\n<\/tr>\n<tr>\n<td style=\"padding: 10px; border: 1px solid #ddd; font-weight: bold;\">Alakfaktor<\/td>\n<td style=\"padding: 10px; border: 1px solid #ddd;\">130g nett\u00f3 t\u00f6meg \/ Ergon\u00f3mikus kialak\u00edt\u00e1s<\/td>\n<td style=\"padding: 10px; border: 1px solid #ddd;\">Magas tart\u00f3ss\u00e1g a logisztika \u00e9s a kezel\u00e9s sor\u00e1n.<\/td>\n<\/tr>\n<\/tbody>\n<\/table>\n<\/div>\n<h2 style=\"color: #2980b9;\">Empirikus Teljes\u00edtm\u00e9nyelemz\u00e9s<\/h2>\n<p style=\"line-height: 1.6; color: #34495e;\">A VapeXYZ bels\u0151 tesztel\u00e9s\u00e9n\u00e9l a DSK074 szigor\u00fa stressz-tesztel\u00e9si protokolloknak lett al\u00e1vetve. A hagyom\u00e1nyos eldobhat\u00f3 vape-okkal ellent\u00e9tben a quad-mesh rendszer lehet\u0151v\u00e9 teszi a h\u0151eloszl\u00e1st, amely megakad\u00e1lyozza a nagy kapacit\u00e1s\u00fa eszk\u00f6z\u00f6kkel gyakran j\u00e1r\u00f3 \u201c\u00e9gett\u201d profilt. M\u00e9r\u00e9seink szerint a k\u00e9sz\u00fcl\u00e9k stabil fesz\u00fclts\u00e9gkimenetet produk\u00e1l m\u00e9g akkor is, amikor az akkumul\u00e1tor el\u00e9ri a 15% kapacit\u00e1st, ezt a teljes\u00edtm\u00e9nyt a \u00e1ramk\u00f6rbe integr\u00e1lt kiv\u00e1l\u00f3 min\u0151s\u00e9g\u0171 1,0 ohmos ellen\u00e1ll\u00e1s\u00fa chipek teszik lehet\u0151v\u00e9.<\/p>\n<div style=\"background-color: #e8f4fd; padding: 20px; border-radius: 8px; border: 1px solid #b3d7ff; margin-bottom: 25px;\">\n<h3 style=\"margin-top: 0; color: #0056b3;\">F\u0151bb Vizsg\u00e1lati Mutat\u00f3k<\/h3>\n<ul style=\"list-style-type: none; padding-left: 0;\">\n<li style=\"margin-bottom: 10px;\">Termikus stabilit\u00e1s: A n\u00e9gyp\u00f3lus\u00fa forg\u00f3r\u00e9sz a mag h\u0151m\u00e9rs\u00e9klet\u00e9t 220\u00b0C alatt tartja, meg\u0151rizve a bels\u0151 alkatr\u00e9szek integrit\u00e1s\u00e1t.<\/li>\n<li style=\"margin-bottom: 10px;\">Sziv\u00e1rg\u00e1s\u00e1ll\u00f3s\u00e1g: A v\u00e1kuumz\u00e1ras tart\u00e1lyrekeszek 0,5 bar nyom\u00e1spr\u00f3b\u00e1nak megfeleltek, biztos\u00edtva, hogy a l\u00e9gi sz\u00e1ll\u00edtm\u00e1nyoz\u00e1s sor\u00e1n ne sziv\u00e1rogjanak.<\/li>\n<li style=\"margin-bottom: 10px;\">T\u00f6lt\u00e9si hat\u00e9konys\u00e1g: A Type-C interf\u00e9sz k\u00f6r\u00fclbel\u00fcl 45 perc alatt \u00e9ri el a 80%-os t\u00f6lt\u00f6tts\u00e9get, minimaliz\u00e1lva a v\u00e9gfelhaszn\u00e1l\u00f3 \u00e1ll\u00e1sidej\u00e9t.<\/li>\n<\/ul>\n<\/div>\n<h2 style=\"color: #2980b9;\">T\u00f6bbkamr\u00e1s \u00e9lm\u00e9ny: 10 v\u00e1logatott k\u00e9szlet<\/h2>\n<p style=\"line-height: 1.6; color: #34495e;\">A BANG KING 250K egy \u201c4 az 1-ben\u201d forg\u00e1si mechanizmust alkalmaz. Ez lehet\u0151v\u00e9 teszi a felhaszn\u00e1l\u00f3k sz\u00e1m\u00e1ra, hogy egyetlen k\u00e9sz\u00fcl\u00e9ken bel\u00fcl n\u00e9gy k\u00fcl\u00f6nb\u00f6z\u0151 profilt v\u00e1ltsanak, jelent\u0151sen n\u00f6velve a nagykereskedelmi forgalmaz\u00f3k sz\u00e1m\u00e1ra a term\u00e9k vonzerej\u00e9t. Az al\u00e1bbiakban a nagy mennyis\u00e9g\u0171 v\u00e1s\u00e1rl\u00e1shoz rendelkez\u00e9sre \u00e1ll\u00f3 el\u0151re konfigur\u00e1lt k\u00e9szletek l\u00e1that\u00f3k:<\/p>\n<div style=\"grid-template-columns: repeat(auto-fit, minmax(300px, 1fr)); gap: 15px; margin-bottom: 30px;\">\n<div style=\"border: 1px solid #ddd; padding: 15px; border-radius: 10px; background: #fff;\">\n<h4 style=\"color: #d35400; margin-top: 0;\">Citrus \u00e9s Tr\u00f3pusi Fagy<\/h4>\n<p style=\"font-size: 0.9em; color: #7f8c8d;\">Citrom Lime \/ G\u00f6r\u00f6gdinnye J\u00e9g \/ Fekete J\u00e9g S\u00e1rk\u00e1ny Gy\u00fcm\u00f6lcs Eper \/ Love66<\/p>\n<\/div>\n<div style=\"border: 1px solid #ddd; padding: 15px; border-radius: 10px; background: #fff;\">\n<h4 style=\"color: #d35400; margin-top: 0;\">2. csomag: V\u00f6r\u00f6s Gy\u00fcm\u00f6lcs F\u00fazi\u00f3<\/h4>\n<p style=\"font-size: 0.9em; color: #7f8c8d;\">Citrom Lime \/ Eper J\u00e9g \/ M\u00e1lna Dinnye \/ Fizy Cherry<\/p>\n<\/div>\n<div style=\"border: 1px solid #ddd; padding: 15px; border-radius: 10px; background: #fff;\">\n<h4 style=\"color: #d35400; margin-top: 0;\">Gy\u00fcm\u00f6lcs\u00f6s \u00e9s Sz\u0151l\u0151 \u00dcltetv\u00e9ny 3. k\u00e9szlet<\/h4>\n<p style=\"font-size: 0.9em; color: #7f8c8d;\">Van\u00edlia k\u00f3la \/ Citrom \u0151szibar\u00e1t \/ Eper M\u00e1lna Cseresznye j\u00e9g \/ Sz\u0151l\u0151 j\u00e9g<\/p>\n<\/div>\n<div style=\"border: 1px solid #ddd; padding: 15px; border-radius: 10px; background: #fff;\">\n<h4 style=\"color: #d35400; margin-top: 0;\">4. sima botanikus kever\u00e9k<\/h4>\n<p style=\"font-size: 0.9em; color: #7f8c8d;\">R\u00f3zsasz\u00edn Citroml\u00e9 \/ Kivi Passi\u00f3gy\u00fcm\u00f6lcs Guava \/ \u0150szibar\u00e1t Berry \/ Eper Ban\u00e1n<\/p>\n<\/div>\n<\/div>\n<h2 style=\"color: #2980b9;\">Hib\u00e1tlan ell\u00e1t\u00e1si l\u00e1nc szak\u00e9rtelm\u00fcnk<\/h2>\n<p style=\"line-height: 1.6; color: #34495e;\">A VapeXYZ.com-on t\u00f6bbet ny\u00fajtunk, mint egy egyszer\u0171 besz\u00e1ll\u00edt\u00f3; glob\u00e1lis ell\u00e1t\u00e1si l\u00e1nc strat\u00e9giai partnerei vagyunk. A eldobhat\u00f3 vape gy\u00e1rt\u00f3kkal fenntartott k\u00f6zvetlen kapcsolatoknak k\u00f6sz\u00f6nhet\u0151en biztos\u00edtjuk, hogy a BANG KING 250K minden egys\u00e9ge megfeleljen az eur\u00f3pai \u00e9s glob\u00e1lis kereskedelemhez sz\u00fcks\u00e9ges szigor\u00fa CE \u00e9s RoHS megfelel\u0151s\u00e9gi szabv\u00e1nyoknak. Logisztikai h\u00e1l\u00f3zatunkat neh\u00e9z rakom\u00e1nyok kezel\u00e9s\u00e9re optimaliz\u00e1ltuk (27 kg kartonk\u00e9nt), \u00edgy biztos lehet abban, hogy nagy mennyis\u00e9g\u0171 rendel\u00e9sei s\u00e9rtetlen\u00fcl \u00e9s id\u0151ben meg\u00e9rkeznek.<\/p>\n<h3 style=\"color: #2c3e50;\">Nagykereskedelmi Logisztika \u00e9s Csomagol\u00e1s Adatok<\/h3>\n<ul style=\"background: #fdf2e9; padding: 20px; border-radius: 8px; list-style-type: none; border-left: 5px solid #e67e22;\">\n<li>Egys\u00e9g s\u00falya: 130g (nett\u00f3)<\/li>\n<li>Kijelz\u0151 Doboz: 10 Egys\u00e9g (1,3 kg)<\/li>\n<li>Mesterdoboz mennyis\u00e9ge: 200 darab<\/li>\n<li>T\u00f6meg: 27 kg<\/li>\n<li>M\u00e9retek: 48cm x 47cm x 28cm<\/li>\n<\/ul>\n<h2 style=\"color: #2980b9;\">Tud\u00e1s Pont: A Quad-Rendszer El\u0151nye<\/h2>\n<div style=\"background-color: #f4f6f7; border: 1px solid #d6dbdf; padding: 20px; border-radius: 8px; margin-bottom: 25px;\">\n<p style=\"font-style: italic; color: #2c3e50;\">\u201cMi\u00e9rt \u00e9rdemes Quad-rendszerbe fektetni egy egyszeres tart\u00e1lyos, nagy f\u00faj\u00e1s\u00fa k\u00e9sz\u00fcl\u00e9k helyett?\u201d<\/p>\n<p style=\"line-height: 1.6;\">A hagyom\u00e1nyos, nagy puffsz\u00e1m\u00fa eldobhat\u00f3 vape term\u00e9kek gyakran szenvednek a \u2018wick kimer\u00fclts\u00e9g\u00e9t\u0151l\u2019, amikor az abszorpci\u00f3s anyag hamarabb elhaszn\u00e1l\u00f3dik, mint ahogy a bels\u0151 t\u00e9rfogat teljesen kihaszn\u00e1l\u00e1sra ker\u00fcl. A BANG KING DSK074 Quad-Tank architekt\u00far\u00e1ja lehet\u0151v\u00e9 teszi a felhaszn\u00e1l\u00f3 sz\u00e1m\u00e1ra, hogy v\u00e1ltson n\u00e9gy k\u00fcl\u00f6n\u00e1ll\u00f3 tekercs k\u00f6z\u00f6tt. Ez a m\u00e9rn\u00f6ki megold\u00e1s hat\u00e9konyan megn\u00e9gyszerezi a sz\u00e1ll\u00edt\u00f3rendszer \u00e9lettartam\u00e1t, biztos\u00edtva a g\u0151zmin\u0151s\u00e9g nulla degrad\u00e1ci\u00f3j\u00e1t az eg\u00e9sz 250 000 puffos \u00e9rt\u00e9kel\u00e9s sor\u00e1n.<\/p>\n<\/div>\n<h2 style=\"color: #2980b9;\">Bizalom \u00e9s szab\u00e1lyoz\u00e1si \u00e1tl\u00e1that\u00f3s\u00e1g<\/h2>\n<p style=\"line-height: 1.6; color: #34495e;\">A VapeXYZ elismeri az ipar\u00e1g folyamatosan v\u00e1ltoz\u00f3 szab\u00e1lyoz\u00e1si k\u00f6rnyezet\u00e9t. Els\u0151dlegesen olyan term\u00e9keket helyez\u00fcnk el\u0151t\u00e9rbe, amelyek TPD-kompatibilis gy\u00e1rt\u00e1si folyamatokat \u00e9s k\u00f6rnyezettudatos l\u00edtium-ion akkumul\u00e1tor-kezel\u00e9st alkalmaznak. A DSK074 t\u00falmer\u00fcl\u00e9s elleni v\u00e9delemmel \u00e9s r\u00f6vidz\u00e1rlat-megel\u0151z\u00e9ssel van ell\u00e1tva, ami biztons\u00e1gos \u00e9s megb\u00edzhat\u00f3 \u00e9lm\u00e9nyt ny\u00fajt a v\u00e9gfelhaszn\u00e1l\u00f3 sz\u00e1m\u00e1ra, mik\u00f6zben v\u00e9delmezi a nagykereskedelmi v\u00e1s\u00e1rl\u00f3 h\u00edrnev\u00e9t.<\/p>\n<h2 style=\"color: #2980b9;\">Gyakran Ism\u00e9telt K\u00e9rd\u00e9sek (GYIK)<\/h2>\n<div style=\"margin-bottom: 30px;\">\n<div style=\"border-bottom: 1px solid #eee; padding: 15px;\">\n<p>Mekkora a minim\u00e1lis rendel\u00e9si mennyis\u00e9g (MOQ) a BANG KING 250K eset\u00e9ben?<\/p>\n<p style=\"margin-top: 5px; color: #555;\">A VapeXYZ-n\u00e9l t\u00e1mogatjuk a kisv\u00e1llalkoz\u00e1sok n\u00f6veked\u00e9s\u00e9t. A minim\u00e1lis rendel\u00e9si mennyis\u00e9g szigor\u00faan 10 darab, ami lehet\u0151v\u00e9 teszi, hogy minim\u00e1lis t\u0151ke kock\u00e1zattal tesztelje a piaci keresletet.<\/p>\n<\/div>\n<div style=\"border-bottom: 1px solid #eee; padding: 15px;\">\n<p>Hogyan m\u0171k\u00f6dik a \u201c4 az 1-ben\u201d rendszer?<\/p>\n<p style=\"margin-top: 5px; color: #555;\">A k\u00e9sz\u00fcl\u00e9k n\u00e9gy k\u00fcl\u00f6n\u00e1ll\u00f3 15 ml-es tart\u00e1llyal rendelkezik. A felhaszn\u00e1l\u00f3k k\u00f6nnyed\u00e9n v\u00e1lthatnak a kamr\u00e1k k\u00f6z\u00f6tt, ami nemcsak v\u00e1ltozatoss\u00e1got biztos\u00edt, hanem lehet\u0151v\u00e9 teszi a tekercsek pihen\u00e9s\u00e9t is, meghosszabb\u00edtva ezzel a k\u00e9sz\u00fcl\u00e9k \u00e9lettartam\u00e1t.<\/p>\n<\/div>\n<div style=\"border-bottom: 1px solid #eee; padding: 15px;\">\n<p>El\u00e9g-e az akkumul\u00e1tor 250 000 sz\u00edv\u00e1sra?<\/p>\n<p style=\"margin-top: 5px; color: #555;\">A 650mAh-s akkumul\u00e1tor mindennapi haszn\u00e1latra k\u00e9sz\u00fclt, \u00e9s Type-C csatlakoz\u00f3n kereszt\u00fcl teljesen felt\u00f6lthet\u0151. B\u00e1r maga az akkumul\u00e1tor korl\u00e1tozott kapacit\u00e1s\u00fa, \u00fajrat\u00f6lthet\u0151s\u00e9ge biztos\u00edtja, hogy a teljes 60ml-es t\u00e9rfogatot ki lehessen haszn\u00e1lni.<\/p>\n<\/div>\n<div style=\"border-bottom: 1px solid #eee; padding: 15px;\">\n<p>Hogyan t\u00f6rt\u00e9nik a nemzetk\u00f6zi sz\u00e1ll\u00edt\u00e1s \u00e9s a v\u00e1mkezel\u00e9s?<\/p>\n<p style=\"margin-top: 5px; color: #555;\">A VapeXYZ 8 \u00e9ves tapasztalattal rendelkezik a speci\u00e1lis logisztika ter\u00e9n, ami biztos\u00edtja, hogy a nagy mennyis\u00e9g\u0171 rendel\u00e9sek megfelel\u0151 dokument\u00e1ci\u00f3val \u00e1tmenjenek a v\u00e1mon, minimaliz\u00e1lva ezzel a k\u00e9s\u00e9seket a nagykereskedelmi partnereink sz\u00e1m\u00e1ra.<\/p>\n<\/div>\n<\/div>\n<section style=\"text-align: center; padding: 30px; background-color: #2c3e50; color: white; border-radius: 10px;\">\n<h3 style=\"margin-top: 0;\">K\u00e9sz a k\u00e9szlet\u00e9nek fejleszt\u00e9s\u00e9re?<\/h3>\n<p><span style=\"color: #00ccff;\">Csatlakozzon t\u00f6bb ezer el\u00e9gedett glob\u00e1lis partnerhez, akik a VapeXYZ-re b\u00edznak az eldobhat\u00f3 vape term\u00e9kek nagykereskedelmi ig\u00e9nyeikben. Nagy kapacit\u00e1s, ellen\u0151rz\u00f6tt m\u00e9rn\u00f6ki munka \u00e9s verhetetlen \u00e1rak.<\/span><\/p>\n<p><span style=\"color: #00ccff;\">Forduljon a VapeXYZ-hez m\u00e9g ma a BANG KING 250K DSK074 nagykereskedelmi \u00e1rszintjeir\u0151l.<\/span><\/p>\n<\/section>\n<p><img loading=\"lazy\" decoding=\"async\" class=\"aligncenter wp-image-69583 size-full\" src=\"https:\/\/vapexyz.com\/wp-content\/uploads\/2026\/03\/BANG-KING-250K-Puffs-DSK074-Quads-4in1-Disposable-Vapes-Wholesale-Bulk-Buy-250000-Puffs-Quad-System-Mesh-Coil-Type-C-Recharge-2-scaled.webp\" alt=\"BANG KING 250K sz\u00edv\u00e1s DSK074 Quads 4 az 1-ben eldobhat\u00f3 vape nagykereskedelmi v\u00e1s\u00e1rl\u00e1s 250 000 sz\u00edv\u00e1s Quad rendszer h\u00e1l\u00f3sz\u00f6vetes tekercs Type-C \u00fajrat\u00f6lt\u00e9s\" width=\"1651\" height=\"2560\" title=\"\" srcset=\"https:\/\/vapexyz.com\/wp-content\/uploads\/2026\/03\/BANG-KING-250K-Puffs-DSK074-Quads-4in1-Disposable-Vapes-Wholesale-Bulk-Buy-250000-Puffs-Quad-System-Mesh-Coil-Type-C-Recharge-2-scaled.webp 1651w, https:\/\/vapexyz.com\/wp-content\/uploads\/2026\/03\/BANG-KING-250K-Puffs-DSK074-Quads-4in1-Disposable-Vapes-Wholesale-Bulk-Buy-250000-Puffs-Quad-System-Mesh-Coil-Type-C-Recharge-2-323x500.webp 323w, https:\/\/vapexyz.com\/wp-content\/uploads\/2026\/03\/BANG-KING-250K-Puffs-DSK074-Quads-4in1-Disposable-Vapes-Wholesale-Bulk-Buy-250000-Puffs-Quad-System-Mesh-Coil-Type-C-Recharge-2-661x1024.webp 661w, https:\/\/vapexyz.com\/wp-content\/uploads\/2026\/03\/BANG-KING-250K-Puffs-DSK074-Quads-4in1-Disposable-Vapes-Wholesale-Bulk-Buy-250000-Puffs-Quad-System-Mesh-Coil-Type-C-Recharge-2-768x1191.webp 768w, https:\/\/vapexyz.com\/wp-content\/uploads\/2026\/03\/BANG-KING-250K-Puffs-DSK074-Quads-4in1-Disposable-Vapes-Wholesale-Bulk-Buy-250000-Puffs-Quad-System-Mesh-Coil-Type-C-Recharge-2-991x1536.webp 991w, https:\/\/vapexyz.com\/wp-content\/uploads\/2026\/03\/BANG-KING-250K-Puffs-DSK074-Quads-4in1-Disposable-Vapes-Wholesale-Bulk-Buy-250000-Puffs-Quad-System-Mesh-Coil-Type-C-Recharge-2-1321x2048.webp 1321w, https:\/\/vapexyz.com\/wp-content\/uploads\/2026\/03\/BANG-KING-250K-Puffs-DSK074-Quads-4in1-Disposable-Vapes-Wholesale-Bulk-Buy-250000-Puffs-Quad-System-Mesh-Coil-Type-C-Recharge-2-8x12.webp 8w, https:\/\/vapexyz.com\/wp-content\/uploads\/2026\/03\/BANG-KING-250K-Puffs-DSK074-Quads-4in1-Disposable-Vapes-Wholesale-Bulk-Buy-250000-Puffs-Quad-System-Mesh-Coil-Type-C-Recharge-2-510x791.webp 510w\" sizes=\"auto, (max-width: 1651px) 100vw, 1651px\" \/><\/p>\n<\/article>","protected":false},"excerpt":{"rendered":"<p><span style=\"color: #555555; font-size: 14.4px;\">\u00c9lje \u00e1t a maxim\u00e1lis teljes\u00edtm\u00e9nyt a nagy kapacit\u00e1s\u00fa hardverrel! <\/span>BANG KING 250K Puff  DSK074<span style=\"color: #555555; font-size: 14.4px;\">, professzion\u00e1lis szint\u0171 <\/span>eldobhat\u00f3 vape<span style=\"color: #555555; font-size: 14.4px;\"> innovat\u00edv kialak\u00edt\u00e1ssal <\/span>N\u00e9gyes rendszer<span style=\"color: #555555; font-size: 14.4px;\"> n\u00e9gy f\u00fcggetlen tart\u00e1llyal <\/span>C t\u00edpus\u00fa<span style=\"color: #555555; font-size: 14.4px;\"> \u00dajrat\u00f6lt\u00e9s a p\u00e1ratlan \u00e9lettartam\u00e9rt a nagykereskedelmi t\u00f6megv\u00e1s\u00e1rl\u00e1si piacokon.<\/span><\/p>","protected":false},"featured_media":69593,"comment_status":"open","ping_status":"closed","template":"","meta":{"_lmt_disableupdate":"no","_lmt_disable":""},"product_brand":[],"product_cat":[821,1110,947,935,934,927,929,928,930,933,939,932,938,931,936,937,1017,949,946,950,951,953,820,987],"product_tag":[],"class_list":{"0":"post-69581","1":"product","2":"type-product","3":"status-publish","4":"has-post-thumbnail","6":"product_cat-bang","7":"product_cat-250000-puffs-vapes","8":"product_cat-big-puffs-vapes","9":"product_cat-bulk-buy-disposable-vapes-in-austria","10":"product_cat-bulk-buy-disposable-vapes-in-belgium","11":"product_cat-bulk-buy-disposable-vapes-in-europe","12":"product_cat-bulk-buy-disposable-vapes-in-france","13":"product_cat-bulk-buy-disposable-vapes-in-germany","14":"product_cat-bulk-buy-disposable-vapes-in-italy","15":"product_cat-bulk-buy-disposable-vapes-in-netherlands","16":"product_cat-bulk-buy-disposable-vapes-in-norway","17":"product_cat-bulk-buy-disposable-vapes-in-poland","18":"product_cat-bulk-buy-disposable-vapes-in-portugal","19":"product_cat-bulk-buy-disposable-vapes-in-spain","20":"product_cat-bulk-buy-disposable-vapes-in-sweden","21":"product_cat-bulk-buy-disposable-vapes-in-switzerland","22":"product_cat-buy-best-disposable-vape-flavors","23":"product_cat-digital-box-vapes","24":"product_cat-disposable-vapes-series","25":"product_cat-dual-mesh-vapes","26":"product_cat-lower-nicotine-vapes","27":"product_cat-rechargeable-vapes","28":"product_cat-vape","29":"product_cat-vape-shop-by-puffs","31":"first","32":"instock","33":"shipping-taxable","34":"purchasable","35":"product-type-variable","36":"has-default-attributes"},"jetpack_sharing_enabled":true,"tiered_pricing_type":"fixed","tiered_pricing_fixed_rules":[],"tiered_pricing_product_settings":{"layout":"default","base_unit_name":{"singular":null,"plural":null},"default_variation":null},"tiered_pricing_minimum_quantity":null,"tiered_pricing_roles_data":[],"tiered_pricing_percentage_rules":[],"tiered_pricing_maximum_quantity":null,"tiered_pricing_quantity_step":null,"_links":{"self":[{"href":"https:\/\/vapexyz.com\/hu\/wp-json\/wp\/v2\/product\/69581","targetHints":{"allow":["GET"]}}],"collection":[{"href":"https:\/\/vapexyz.com\/hu\/wp-json\/wp\/v2\/product"}],"about":[{"href":"https:\/\/vapexyz.com\/hu\/wp-json\/wp\/v2\/types\/product"}],"replies":[{"embeddable":true,"href":"https:\/\/vapexyz.com\/hu\/wp-json\/wp\/v2\/comments?post=69581"}],"wp:featuredmedia":[{"embeddable":true,"href":"https:\/\/vapexyz.com\/hu\/wp-json\/wp\/v2\/media\/69593"}],"wp:attachment":[{"href":"https:\/\/vapexyz.com\/hu\/wp-json\/wp\/v2\/media?parent=69581"}],"wp:term":[{"taxonomy":"product_brand","embeddable":true,"href":"https:\/\/vapexyz.com\/hu\/wp-json\/wp\/v2\/product_brand?post=69581"},{"taxonomy":"product_cat","embeddable":true,"href":"https:\/\/vapexyz.com\/hu\/wp-json\/wp\/v2\/product_cat?post=69581"},{"taxonomy":"product_tag","embeddable":true,"href":"https:\/\/vapexyz.com\/hu\/wp-json\/wp\/v2\/product_tag?post=69581"}],"curies":[{"name":"wp","href":"https:\/\/api.w.org\/{rel}","templated":true}]}}