{"id":69424,"date":"2026-03-23T03:05:43","date_gmt":"2026-03-23T03:05:43","guid":{"rendered":"https:\/\/vapexyz.com\/?post_type=product&#038;p=69424"},"modified":"2026-03-23T03:06:22","modified_gmt":"2026-03-23T03:06:22","slug":"bang-de-80k-3-az-1-ben-eldobhato-vape-nagykereskedelmi-vasarlas-80-000-szivas-dupla-haloszal-allithato-legaramlassal","status":"publish","type":"product","link":"https:\/\/vapexyz.com\/hu\/product\/bang-de-80k-3-in-1-disposable-vapes-wholesale-bulk-buy-80000-puffs-dual-mesh-coil-adjustable-airflow\/","title":{"rendered":"BANG DE 80K 3 az 1-ben eldobhat\u00f3 vape nagykereskedelmi v\u00e1s\u00e1rl\u00e1s 80 000 sz\u00edv\u00e1s dupla h\u00e1l\u00f3sz\u00e1las tekercs \u00e1ll\u00edthat\u00f3 l\u00e9g\u00e1raml\u00e1ssal"},"content":{"rendered":"<article>\n<h2 style=\"color: #1a5fb4; text-align: center;\">\ud83d\ude80 <a href=\"https:\/\/vapexyz.com\/hu\/termekkategoria\/bumm\/\">Bang De<\/a> 80K: <a href=\"https:\/\/vapexyz.com\/hu\/\">Az Eldobhat\u00f3 Vape \u00d3ri\u00e1sa<\/a>!<\/h2>\n<p style=\"font-size: 1.1em; line-height: 1.6; color: #333;\">Szia! Egy olyan t\u00e1rsat keresel, aki nagyon, nagyon hossz\u00fa ideig veled marad? Ismerd meg a BANG DE 80K-t! Ez a fantasztikus eldobhat\u00f3 vape olyan, mint egy var\u00e1zslatos kincseskamra, amely ak\u00e1r 80 000 sz\u00edv\u00e1st is biztos\u00edt. K\u00e9pzeld el, hogy hetekig \u00e9s hetekig tart a m\u00f3ka! Ha ezeket a term\u00e9keket szeretn\u00e9d beszerezni az \u00fczletedbe vagy a bar\u00e1taidnak, a VapeXYZ a legjobb partner Eur\u00f3p\u00e1ban. Seg\u00edt\u00fcnk nagy mennyis\u00e9gben v\u00e1s\u00e1rolni, hogy t\u00f6bbet sp\u00f3rolhass \u00e9s tov\u00e1bb mosolyoghass!<\/p>\n<div style=\"flex-wrap: wrap; gap: 15px; justify-content: center; margin: 30px 0;\">\n<div style=\"flex: 1; min-width: 250px; padding: 20px; border: 2px solid #3498db; border-radius: 20px; background-color: #f0f8ff; text-align: center;\">\n<h3 style=\"color: #2980b9; margin-top: 0;\">Soha ki nem fogy\u00f3 energia<\/h3>\n<p>650 mAh-s akkumul\u00e1tor\u00e1val, melyet Type-C k\u00e1bellel t\u00f6lthetsz, az e-cigarett\u00e1d mindig k\u00e9szen \u00e1ll a haszn\u00e1latra!<\/p>\n<\/div>\n<div style=\"flex: 1; min-width: 250px; padding: 20px; border: 2px solid #9b59b6; border-radius: 20px; background-color: #f5f0ff; text-align: center;\">\n<h3 style=\"color: #8e44ad; margin-top: 0;\">H\u00e1romszorosan az \u00e9lvezet<\/h3>\n<p>Egy k\u00e9sz\u00fcl\u00e9kben h\u00e1rom k\u00fcl\u00f6n\u00e1ll\u00f3 pod tal\u00e1lhat\u00f3! Ez azt jelenti, hogy h\u00e1rom k\u00fcl\u00f6nb\u00f6z\u0151 lehet\u0151s\u00e9g k\u00f6z\u00fcl v\u00e1laszthatsz, amikor csak kedved tartja.<\/p>\n<\/div>\n<\/div>\n<h2 style=\"color: #2c3e50; border-bottom: 2px solid #1a5fb4; padding-bottom: 5px;\">Mi teszi a BANG DE 80K-t ilyen men\u0151v\u00e9?<\/h2>\n<p style=\"line-height: 1.6;\">A BANG DE 80K nem csak nagy, hanem okos is! K\u00fcl\u00f6nleges \u201cDual Mesh Coil\u201d technol\u00f3gi\u00e1t haszn\u00e1l, ami olyan, mint egy apr\u00f3 f\u0171t\u0151elem, amely biztos\u00edtja, hogy minden sz\u00edv\u00e1s sima \u00e9s finom legyen. Emellett nagy, \u00f6sszesen 60 ml-es kapacit\u00e1ssal rendelkezik. S\u0151t, m\u00e9g a l\u00e9g\u00e1raml\u00e1st is \u00e1ll\u00edthatja. Kis sz\u00edv\u00e1sra v\u00e1gysz? Megvan! Nagy f\u00fcstfelh\u0151re v\u00e1gysz? Csak tekerj \u00e9s j\u00e1tszd! Most azonnal beszerezheted ezeket az eldobhat\u00f3 vape-eket a VapeXYZ-n\u00e9l, ahol a nagykereskedelmi v\u00e1s\u00e1rl\u00e1st szuper egyszer\u0171v\u00e9 tessz\u00fck minden eur\u00f3pai v\u00e1s\u00e1rl\u00f3 sz\u00e1m\u00e1ra.<\/p>\n<div style=\"background-color: #fff9db; border-left: 10px solid #f1c40f; padding: 20px; margin: 20px 0; border-radius: 5px;\">\n<h3 style=\"margin-top: 0; color: #f39c12;\">\ud83d\udca1 Tud\u00e1sdoboz: Mi\u00e9rt \u201cMesh Coil\u201d?<\/h3>\n<p style=\"margin-bottom: 0;\">A mesh coil egy speci\u00e1lis h\u00e1l\u00f3 a eldobhat\u00f3 vape k\u00e9sz\u00fcl\u00e9kedben. Nagyon egyenletesen melegszik fel, ami azt jelenti, hogy nincs \u00e9gett szag \u00e9s rengeteg finom lehet\u0151s\u00e9g az els\u0151 sz\u00edv\u00e1st\u00f3l az 80 000.-ig!<\/p>\n<\/div>\n<h3 style=\"color: #1a5fb4;\">Leny\u0171g\u00f6z\u0151 funkci\u00f3k list\u00e1ja:<\/h3>\n<ul style=\"line-height: 1.8; color: #444;\">\n<li>\u2b50 80 000 sz\u00edv\u00e1s: A legmagasabb sz\u00edv\u00e1ssz\u00e1m a hossz\u00fa t\u00e1v\u00fa \u00e9lvezet\u00e9rt!<\/li>\n<li>H\u00e1rom k\u00fcl\u00f6n\u00e1ll\u00f3 pod rendszer: 3 db 20ml-es tart\u00e1ly a v\u00e1ltozatoss\u00e1g kedv\u00e9\u00e9rt.<\/li>\n<li>\u2b50 \u00dajrat\u00f6lthet\u0151: Gyors Type-C t\u00f6lt\u00e9s, hogy soha ne pazarold el a kapacit\u00e1st.<\/li>\n<li>\u2b50 Intelligens Kijelz\u0151: Egy\u00e9rtelm\u0171en figyelheti az akkumul\u00e1tor \u00e9s a kapacit\u00e1s szintj\u00e9t.<\/li>\n<li>\u2b50 \u00c1ll\u00edthat\u00f3 l\u00e9g\u00e1raml\u00e1s: K\u00f6nnyen szem\u00e9lyre szabhatja a vape-\u00e9lm\u00e9ny\u00e9t.<\/li>\n<\/ul>\n<h2 style=\"color: #2c3e50;\">Melyiket V\u00e1lasztod?<\/h2>\n<p>\u00cdme, 12 fantasztikus lehet\u0151s\u00e9g, melyeket kipr\u00f3b\u00e1lhatsz. Minden egyes \u00edz egyedi kever\u00e9k!<\/p>\n<div style=\"background: #ffffff; padding: 15px; border-radius: 10px; border: 1px solid #ddd;\">\n<ol style=\"line-height: 2;\">\n<li>G\u00f6r\u00f6gdinnye j\u00e9g &amp; Red Bull &amp; Strawberry Kiwi<\/li>\n<li>\u00c1fonya J\u00e9g &amp; Eper Dinnye &amp; Citrom Lime<\/li>\n<li>\u00c1fonya, g\u00f6r\u00f6gdinnye \u00e9s kivi Anan\u00e1sz, guava \u00e9s g\u00f6r\u00f6gdinnye Bubble Gum<\/li>\n<li>Fekete S\u00e1rk\u00e1ny J\u00e9g \u00e9s Savany\u00fa Mang\u00f3 Anan\u00e1sz &amp; Red Bull<\/li>\n<li>Eper S\u00e1rgadinnye &amp; Vegyes Gy\u00fcm\u00f6lcs &amp; Citrom \u0150szibar\u00e1t<\/li>\n<li>K\u00e9k\u00e1fonya Razz, Eper Ban\u00e1n \u00e9s Anan\u00e1sz K\u00f3kusz<\/li>\n<li>K\u00e9k\u00e1fonya J\u00e9g &amp; H\u00e1romf\u00e9le Dinnye &amp; Alma Sz\u0151l\u0151<\/li>\n<li>S\u00e1rgadinnye S\u00e1rk\u00e1nygy\u00fcm\u00f6lcs &amp; Mang\u00f3 \u0150szibar\u00e1t &amp; Eper Kivi<\/li>\n<li>K\u00e9k\u00e1fonya M\u00e1lna &amp; Eper Van\u00edlia K\u00f3la &amp; Vegyes Gy\u00fcm\u00f6lcs<\/li>\n<li>G\u00f6r\u00f6gdinnye J\u00e9g &amp; Eper Fagyi &amp; Kivi Passi\u00f3gy\u00fcm\u00f6lcs Guava<\/li>\n<li>K\u00e9k\u00e1fonya Razz &amp; Fekete S\u00e1rk\u00e1ny J\u00e9g &amp; Fizzy Cherry J\u00e9g<\/li>\n<li>Cseresznye K\u00f3la J\u00e9g, K\u00e9k \u00c1fonya G\u00f6r\u00f6gdinnye \u00e9s Eper Mang\u00f3<\/li>\n<\/ol>\n<\/div>\n<h3 style=\"color: #1a5fb4; text-align: center; margin-top: 30px;\">Term\u00e9kelemz\u00e9si t\u00e1bl\u00e1zat<\/h3>\n<table style=\"width: 100%; border-collapse: collapse; margin: 20px 0; font-family: sans-serif;\">\n<thead>\n<tr style=\"background-color: #1a5fb4; color: white;\">\n<th style=\"padding: 12px; border: 1px solid #ddd;\">Le\u00edr\u00e1s<\/th>\n<th style=\"padding: 12px; border: 1px solid #ddd;\">R\u00e9szlet<\/th>\n<\/tr>\n<\/thead>\n<tbody>\n<tr>\n<td style=\"padding: 12px; border: 1px solid #ddd; font-weight: bold;\">Puff Count<\/td>\n<td style=\"padding: 12px; border: 1px solid #ddd;\">Legfeljebb 80 000 sz\u00edv\u00e1s<\/td>\n<\/tr>\n<tr style=\"background-color: #f2f2f2;\">\n<td style=\"padding: 12px; border: 1px solid #ddd; font-weight: bold;\">Teljes kapacit\u00e1s<\/td>\n<td style=\"padding: 12px; border: 1px solid #ddd;\">60 ml (3 kapszula x 20 ml)<\/td>\n<\/tr>\n<tr>\n<td style=\"padding: 12px; border: 1px solid #ddd; font-weight: bold;\">Akkumul\u00e1tor t\u00edpusa<\/td>\n<td style=\"padding: 12px; border: 1px solid #ddd;\">650mAh \u00dajrat\u00f6lthet\u0151 (Type-C)<\/td>\n<\/tr>\n<tr style=\"background-color: #f2f2f2;\">\n<td style=\"padding: 12px; border: 1px solid #ddd; font-weight: bold;\">A legjobb hely a v\u00e1s\u00e1rl\u00e1shoz<\/td>\n<td style=\"padding: 12px; border: 1px solid #ddd; color: #e67e22; font-weight: bold;\">VapeXYZ (eur\u00f3pai nagykereskedelem)<\/td>\n<\/tr>\n<\/tbody>\n<\/table>\n<div style=\"margin-top: 40px; padding: 20px; background-color: #f8f9fa; border-radius: 15px; border: 2px dashed #1a5fb4;\">\n<h2 style=\"color: #1a5fb4; margin-top: 0; text-align: center;\">Gyakran Ism\u00e9telt K\u00e9rd\u00e9sek<\/h2>\n<div style=\"margin-bottom: 15px; padding: 15px; background: white; border-radius: 10px; border-left: 5px solid #2ecc71;\">\n<p style=\"font-weight: bold; margin-bottom: 5px; color: #27ae60;\">Hogyan v\u00e1lthatok \u00e1t az egyik podr\u00f3l a m\u00e1sikra?<\/p>\n<p style=\"margin: 0;\">Nagyon egyszer\u0171! Csak forgassa el a k\u00e9sz\u00fcl\u00e9ket, hogy egy vonalba ker\u00fclj\u00f6n a kipr\u00f3b\u00e1lni k\u00edv\u00e1nt lehet\u0151s\u00e9gekkel. Olyan, mintha sebess\u00e9get v\u00e1ltan\u00e1l ker\u00e9kp\u00e1ron!<\/p>\n<\/div>\n<div style=\"margin-bottom: 15px; padding: 15px; background: white; border-radius: 10px; border-left: 5px solid #2ecc71;\">\n<p style=\"font-weight: bold; margin-bottom: 5px; color: #27ae60;\">T\u00f6lthetem a BANG DE 80K k\u00e9sz\u00fcl\u00e9kemet?<\/p>\n<p style=\"margin: 0;\">Igen! Ha a kis f\u00e9ny villog, egyszer\u0171en dugja be egy Type-C k\u00e1belt. Gyorsan t\u00f6lt, \u00edgy hamar visszat\u00e9rhet az eldobhat\u00f3 vape-ek \u00e9lvezet\u00e9hez.<\/p>\n<\/div>\n<div style=\"margin-bottom: 15px; padding: 15px; background: white; border-radius: 10px; border-left: 5px solid #2ecc71;\">\n<p style=\"font-weight: bold; margin-bottom: 5px; color: #27ae60;\">Biztons\u00e1gos a VapeXYZ nagykereskedelmi forgalmaz\u00e1sa?<\/p>\n<p style=\"margin: 0;\">Mindenk\u00e9ppen! A VapeXYZ Eur\u00f3pa vezet\u0151 platformja, gyors sz\u00e1ll\u00edt\u00e1st \u00e9s a legjobb \u00e1rakat k\u00edn\u00e1ljuk az eldobhat\u00f3 vape term\u00e9kek nagykereskedelmi v\u00e1s\u00e1rl\u00e1s\u00e1hoz.<\/p>\n<\/div>\n<\/div>\n<p style=\"text-align: center; font-size: 1.3em; font-weight: bold; color: #e67e22; margin-top: 30px;\">K\u00e9szen \u00e1llsz a felt\u00f6lt\u00e9sre? L\u00e1togass el a VapeXYZ-be most \u00e9s vidd haza az 80 000 sz\u00edv\u00e1s erej\u00e9t!<\/p>\n<p><img loading=\"lazy\" decoding=\"async\" class=\"size-full wp-image-69426 aligncenter\" src=\"https:\/\/vapexyz.com\/wp-content\/uploads\/2026\/03\/Bang-DE-80K-Disposable-Vapes-Wholesale-Bulk-Buy-80000-Puffs-Dual-Mesh-Coil-Adjustable-Airflow-Design-1-scaled.webp\" alt=\"BANG DE 80K eldobhat\u00f3 vape nagykereskedelmi v\u00e1s\u00e1rl\u00e1s 80 000 sz\u00edv\u00e1s dupla h\u00e1l\u00f3sz\u00e1las tekercs \u00e1ll\u00edthat\u00f3 l\u00e9g\u00e1raml\u00e1s tervez\u00e9s\" width=\"1440\" height=\"2560\" title=\"\" srcset=\"https:\/\/vapexyz.com\/wp-content\/uploads\/2026\/03\/Bang-DE-80K-Disposable-Vapes-Wholesale-Bulk-Buy-80000-Puffs-Dual-Mesh-Coil-Adjustable-Airflow-Design-1-scaled.webp 1440w, https:\/\/vapexyz.com\/wp-content\/uploads\/2026\/03\/Bang-DE-80K-Disposable-Vapes-Wholesale-Bulk-Buy-80000-Puffs-Dual-Mesh-Coil-Adjustable-Airflow-Design-1-scaled-281x500.webp 281w, https:\/\/vapexyz.com\/wp-content\/uploads\/2026\/03\/Bang-DE-80K-Disposable-Vapes-Wholesale-Bulk-Buy-80000-Puffs-Dual-Mesh-Coil-Adjustable-Airflow-Design-1-scaled-576x1024.webp 576w, https:\/\/vapexyz.com\/wp-content\/uploads\/2026\/03\/Bang-DE-80K-Disposable-Vapes-Wholesale-Bulk-Buy-80000-Puffs-Dual-Mesh-Coil-Adjustable-Airflow-Design-1-scaled-768x1365.webp 768w, https:\/\/vapexyz.com\/wp-content\/uploads\/2026\/03\/Bang-DE-80K-Disposable-Vapes-Wholesale-Bulk-Buy-80000-Puffs-Dual-Mesh-Coil-Adjustable-Airflow-Design-1-scaled-864x1536.webp 864w, https:\/\/vapexyz.com\/wp-content\/uploads\/2026\/03\/Bang-DE-80K-Disposable-Vapes-Wholesale-Bulk-Buy-80000-Puffs-Dual-Mesh-Coil-Adjustable-Airflow-Design-1-scaled-1152x2048.webp 1152w, https:\/\/vapexyz.com\/wp-content\/uploads\/2026\/03\/Bang-DE-80K-Disposable-Vapes-Wholesale-Bulk-Buy-80000-Puffs-Dual-Mesh-Coil-Adjustable-Airflow-Design-1-scaled-7x12.webp 7w, https:\/\/vapexyz.com\/wp-content\/uploads\/2026\/03\/Bang-DE-80K-Disposable-Vapes-Wholesale-Bulk-Buy-80000-Puffs-Dual-Mesh-Coil-Adjustable-Airflow-Design-1-scaled-510x907.webp 510w\" sizes=\"auto, (max-width: 1440px) 100vw, 1440px\" \/><\/p>\n<\/article>","protected":false},"excerpt":{"rendered":"<div id=\"model-response-message-contentr_69b05c36775b8450\" class=\"markdown markdown-main-panel tutor-markdown-rendering stronger enable-updated-hr-color\" dir=\"ltr\" aria-live=\"polite\">\n<p data-path-to-node=\"0\">Szerezd meg a leny\u0171g\u00f6z\u0151 BANG DE 80K-ot a VapeXYZ-n\u00e9l, \u00e9s tapasztald meg a rekordot d\u00f6nt\u0151 80 000 sz\u00edv\u00e1st, valamint h\u00e1rom v\u00e1ltogathat\u00f3 opci\u00f3t egy hihetetlen\u00fcl j\u00f3 eldobhat\u00f3 vape-ban!<\/p>\n<\/div>","protected":false},"featured_media":69437,"comment_status":"open","ping_status":"closed","template":"","meta":{"_lmt_disableupdate":"no","_lmt_disable":""},"product_brand":[],"product_cat":[821,1078,935,934,927,929,928,930,933,939,932,938,931,936,937,1017,946,950,951,953,1084,987],"product_tag":[],"class_list":{"0":"post-69424","1":"product","2":"type-product","3":"status-publish","4":"has-post-thumbnail","6":"product_cat-bang","7":"product_cat-80000-puffs-vapes","8":"product_cat-bulk-buy-disposable-vapes-in-austria","9":"product_cat-bulk-buy-disposable-vapes-in-belgium","10":"product_cat-bulk-buy-disposable-vapes-in-europe","11":"product_cat-bulk-buy-disposable-vapes-in-france","12":"product_cat-bulk-buy-disposable-vapes-in-germany","13":"product_cat-bulk-buy-disposable-vapes-in-italy","14":"product_cat-bulk-buy-disposable-vapes-in-netherlands","15":"product_cat-bulk-buy-disposable-vapes-in-norway","16":"product_cat-bulk-buy-disposable-vapes-in-poland","17":"product_cat-bulk-buy-disposable-vapes-in-portugal","18":"product_cat-bulk-buy-disposable-vapes-in-spain","19":"product_cat-bulk-buy-disposable-vapes-in-sweden","20":"product_cat-bulk-buy-disposable-vapes-in-switzerland","21":"product_cat-buy-best-disposable-vape-flavors","22":"product_cat-disposable-vapes-series","23":"product_cat-dual-mesh-vapes","24":"product_cat-lower-nicotine-vapes","25":"product_cat-rechargeable-vapes","26":"product_cat-three-flavor-vapes","27":"product_cat-vape-shop-by-puffs","29":"first","30":"instock","31":"shipping-taxable","32":"purchasable","33":"product-type-variable","34":"has-default-attributes"},"jetpack_sharing_enabled":true,"tiered_pricing_type":"fixed","tiered_pricing_fixed_rules":[],"tiered_pricing_product_settings":{"layout":"default","base_unit_name":{"singular":null,"plural":null},"default_variation":null},"tiered_pricing_minimum_quantity":null,"tiered_pricing_roles_data":[],"tiered_pricing_percentage_rules":[],"tiered_pricing_maximum_quantity":null,"tiered_pricing_quantity_step":null,"_links":{"self":[{"href":"https:\/\/vapexyz.com\/hu\/wp-json\/wp\/v2\/product\/69424","targetHints":{"allow":["GET"]}}],"collection":[{"href":"https:\/\/vapexyz.com\/hu\/wp-json\/wp\/v2\/product"}],"about":[{"href":"https:\/\/vapexyz.com\/hu\/wp-json\/wp\/v2\/types\/product"}],"replies":[{"embeddable":true,"href":"https:\/\/vapexyz.com\/hu\/wp-json\/wp\/v2\/comments?post=69424"}],"wp:featuredmedia":[{"embeddable":true,"href":"https:\/\/vapexyz.com\/hu\/wp-json\/wp\/v2\/media\/69437"}],"wp:attachment":[{"href":"https:\/\/vapexyz.com\/hu\/wp-json\/wp\/v2\/media?parent=69424"}],"wp:term":[{"taxonomy":"product_brand","embeddable":true,"href":"https:\/\/vapexyz.com\/hu\/wp-json\/wp\/v2\/product_brand?post=69424"},{"taxonomy":"product_cat","embeddable":true,"href":"https:\/\/vapexyz.com\/hu\/wp-json\/wp\/v2\/product_cat?post=69424"},{"taxonomy":"product_tag","embeddable":true,"href":"https:\/\/vapexyz.com\/hu\/wp-json\/wp\/v2\/product_tag?post=69424"}],"curies":[{"name":"wp","href":"https:\/\/api.w.org\/{rel}","templated":true}]}}