{"id":62249,"date":"2025-12-30T09:35:36","date_gmt":"2025-12-30T09:35:36","guid":{"rendered":"https:\/\/vapexyz.com\/?post_type=product&#038;p=62249"},"modified":"2026-03-06T09:35:22","modified_gmt":"2026-03-06T09:35:22","slug":"bang-vezeto-stoll-300k-300000-puff-ujratoltheto-6-az-1-ben-izu-eldobhato-vape-nagykereskedelmi-omlesztett-vasarlas-kettos-halo","status":"publish","type":"product","link":"https:\/\/vapexyz.com\/hu\/product\/bang-leader-stoll-300k-300000-puffs-rechargeable-6-in-1-taste-disposable-vape-wholesale-bulk-buy-dual-mesh\/","title":{"rendered":"BANG VEZET\u0150 STOLL 300K 300000 Puff \u00fajra t\u00f6lthet\u0151 6 az 1-ben \u00edz\u0171 eldobhat\u00f3 Vape nagykereskedelmi t\u00f6megv\u00e1s\u00e1rl\u00e1s kett\u0151s h\u00e1l\u00f3"},"content":{"rendered":"<article style=\"font-family: 'Segoe UI', Roboto, Helvetica, Arial, sans-serif;line-height: 1.8;color: #444;background-color: #f9fbfd;max-width: 100%;margin: 0 auto;padding: 0;border-radius: 12px;overflow: hidden;text-align: center\">\n<article style=\"font-family: 'Segoe UI', Roboto, Helvetica, Arial, sans-serif;line-height: 1.8;color: #444;background-color: #f9fbfd;max-width: 1000px;margin: 0 auto;padding: 0;border-radius: 12px;overflow: hidden;text-align: center\">\n<div class=\"highlight-box\">\n<h2 style=\"color: white;margin-bottom: 10px\"><span style=\"color: #003366\"><a href=\"https:\/\/vapexyz.com\/hu\/termekkategoria\/bumm\/\">BANG VEZET\u0150<\/a> 300K: A Sz\u00edv\u00e9lyes \u00d3ri\u00e1s<\/span> \ud83d\ude80<\/h2>\n<p style=\"font-size: 1.2em;opacity: 0.9\">300 000 Puff | Dupla Mesh Technol\u00f3gia | \u00dajrat\u00f6lthet\u0151<\/p>\n<\/div>\n<div class=\"section-container\">\n<h3>\ud83d\udc4b \u00dcdv\u00f6z\u00f6lj\u00fck a Vaping J\u00f6v\u0151j\u00e9t<\/h3>\n<p>Szia mindenkinek! K\u00e9pzeld el, hogy egy eldobhat\u00f3 vape-ot tartasz a kezedben, amely \u00fagy \u00e9rzi, hogy soha nem fogy el. Pontosan ezt k\u00edn\u00e1lja a BANG LEADER 300K. \u00dagy tervezt\u00e9k, hogy azok sz\u00e1m\u00e1ra, akik ut\u00e1lj\u00e1k, amikor kifogy az akkumul\u00e1tor vagy a kapacit\u00e1s, amikor \u00e9pp j\u00f3l \u00e9rzik magukat.<\/p>\n<p>Hihetetlen 300 000 f\u00faj\u00e1ssal ez az eszk\u00f6z olyan, mint a vape vil\u00e1g maratonfut\u00f3ja. Szil\u00e1rd, pr\u00e9mium \u00e9rzetet kelt a k\u00e9zben (140g s\u00faly\u00e1val), \u00e9s b\u00e1rmikor k\u00e9szen \u00e1ll a haszn\u00e1latra. Ha \u00d6n eur\u00f3pai \u00fczlet tulajdonosa, \u00e9s a legjobb nagykereskedelmi eldobhat\u00f3 vape-okat keresi, akkor ezt sz\u00fcks\u00e9ge van a polc\u00e1n tartania. Jelenleg el\u00e9rhet\u0151 a VapeXYZ-n\u00e9l!<\/p>\n<\/div>\n<div class=\"section-container\" style=\"background-color: #f8fbff\">\n<h3 style=\"border: none\">\ud83c\udf1f Szuper funkci\u00f3k \ud83c\udf1f<\/h3>\n<div class=\"feature-grid\">\n<div class=\"feature-item\">\n<p><span class=\"feature-icon\">\ud83d\udd0b<\/span><\/p>\n<div>\u00d3ri\u00e1si Er\u0151<\/div>\n<p>16350 Akkumul\u00e1tor (650mAh)<br \/>\nMegb\u00edzhat\u00f3 \u00e9s er\u0151s.<\/p>\n<\/div>\n<div class=\"feature-item\">\n<p><span class=\"feature-icon\">\u2601\ufe0f<\/span><\/p>\n<div>Dual Mesh tekercs<\/div>\n<p>1,0 ohmos ellen\u00e1ll\u00e1s<br \/>\nSzuper sima felh\u0151k.<\/p>\n<\/div>\n<div class=\"feature-item\">\n<p><span class=\"feature-icon\">\u26a1<\/span><\/p>\n<div>\u00dajrat\u00f6lthet\u0151<\/div>\n<p>C t\u00edpus\u00fa t\u00f6lt\u00e9s<br \/>\nGyors \u00e9s k\u00f6nny\u0171.<\/p>\n<\/div>\n<div class=\"feature-item\">\n<p><span class=\"feature-icon\">\ud83d\udce6<\/span><\/p>\n<div>T\u00f6megesen k\u00e9sz<\/div>\n<p>200 db kartononk\u00e9nt<br \/>\nT\u00f6k\u00e9letes viszontelad\u00e1sra.<\/p>\n<\/div>\n<\/div>\n<\/div>\n<div class=\"section-container\">\n<h3>\ud83c\udf08 Fantasztikus lehet\u0151s\u00e9gek list\u00e1ja<\/h3>\n<p>Rengeteg v\u00e1laszt\u00e1si lehet\u0151s\u00e9g\u00fcnk van. Az al\u00e1bbi sz\u00e1mok mindegyike egy-egy egyedi kever\u00e9ket vagy st\u00edlust jel\u00f6l, amelyet kifejezetten \u00d6nnek v\u00e1lasztottunk ki:<\/p>\n<div class=\"option-list\">\n<div class=\"option-item\">1. G\u00f6r\u00f6gdinnye j\u00e9g &amp; Red Bull &amp; Eper Kivi &amp; \u00c1fonya j\u00e9g &amp; Citrom Lime &amp; Eper G\u00f6r\u00f6gdinnye<\/div>\n<div class=\"option-item\">2. Eper Ban\u00e1n &amp; Dupla Alma &amp; M\u00e1lna G\u00f6r\u00f6gdinnye &amp; Savany\u00fa Mang\u00f3 Anan\u00e1sz &amp; Tr\u00f3pusi Gy\u00fcm\u00f6lcs &amp; Citrom \u0150szibar\u00e1t<\/div>\n<div class=\"option-item\">3. Anan\u00e1sz K\u00f3kusz \u00e9s K\u00e9k Razz \u00e9s Vegyes Bogy\u00f3k \u00e9s Mang\u00f3 \u0150szibarack \u00e9s \u00c1fonya M\u00e1lna \u00e9s Eper Van\u00edlia K\u00f3la<\/div>\n<div class=\"option-item\">4. \u0150szibar\u00e1t Berry &amp; Triple Melon &amp; Sz\u0151l\u0151 j\u00e9g &amp; Fekete S\u00e1rk\u00e1ny j\u00e9g &amp; Habos Cseresznye j\u00e9g &amp; Gumicukor<\/div>\n<div class=\"option-item\">5. Sziv\u00e1rv\u00e1ny Cukorka &amp; Cseresznye Kola J\u00e9g &amp; Szeretet 666 &amp; Mang\u00f3 J\u00e9g &amp; \u00c1fonya Pamucskend\u0151 &amp; \u0150szibar\u00e1t J\u00e9g<\/div>\n<div class=\"option-item\">6. Aloe Lychee J\u00e9g &amp; R\u00f3zsasz\u00edn Citrom &amp; Gleccser J\u00e9g &amp; Feny\u0151t\u0171 Menta &amp; Fekete Ribizli J\u00e9g &amp; G\u00f6r\u00f6gdinnye Citrom<\/div>\n<div class=\"option-item\">7. G\u00f6r\u00f6gdinnye j\u00e9g &amp; Vegyes bogy\u00f3k &amp; Alma K\u00f6rte &amp; \u00c1fonya Menta &amp; Ny\u00e1ri id\u0151 &amp; \u0150szibar\u00e1t<\/div>\n<div class=\"option-item\">8. Energiaital &amp; \u0150szibar\u00e1t J\u00e9g &amp; Mang\u00f3 J\u00e9g &amp; Goji Bogy\u00f3 &amp; Fekete Ribizli &amp; Mamba<\/div>\n<div class=\"option-item\">9. Cherry Coke &amp; M\u00e1lna M\u00e1lna &amp; Fekete S\u00e1rk\u00e1ny J\u00e9g &amp; Sziv\u00e1rv\u00e1ny Cukorka &amp; Fuji J\u00e9g &amp; G\u00f6r\u00f6gdinnye Savany\u00fa \u0150szibar\u00e1t<\/div>\n<div class=\"option-item\">10. Redbull &amp; Eper &amp; Kiwi Eper &amp; Ban\u00e1n &amp; Licsi J\u00e9g &amp; S\u00e1rgadinnye Bogy\u00f3 &amp; Marakuj\u00e1s Mango<\/div>\n<div class=\"option-item\">11. Red Bull Cola J\u00e9g &amp; Eper M\u00e1lna Cseresznye &amp; M\u00e1lna &amp; Szeder S\u00e1rk\u00e1ny Gy\u00fcm\u00f6lcs &amp; Citrom Lime &amp; M\u00e1lna Pomp &amp; G\u00f6r\u00f6gdinnye Kiwi<\/div>\n<div class=\"option-item\">12. K\u00f3la j\u00e9g &amp; Energiaital &amp; Cseresznye j\u00e9g &amp; Dinnye Passi\u00f3gy\u00fcm\u00f6lcs &amp; M\u00e1lna j\u00e9g &amp; Alma Kiwi<\/div>\n<\/div>\n<\/div>\n<div class=\"section-container\">\n<h3>Gyors \u00f6sszehasonl\u00edt\u00e1s<span style=\"font-size: 14.4px\">\u00a0 \u00a0\u00a0<\/span><span style=\"font-size: 14.4px\">\u00a0<\/span><\/h3>\n<table class=\"spec-table\" style=\"height: 162px\" width=\"980\">\n<thead>\n<tr>\n<th>Le\u00edr\u00e1s<\/th>\n<th>BANG VEZET\u0150 300K<\/th>\n<th>Mi\u00e9rt jobb<\/th>\n<\/tr>\n<\/thead>\n<tbody>\n<tr>\n<td>Puffok Kapacit\u00e1sa<\/td>\n<td>300 000 Puff<\/td>\n<td>Sokkal tov\u00e1bb tart, mint m\u00e1sok\u00e9.<\/td>\n<\/tr>\n<tr>\n<td>K\u00e9sz\u00fcl\u00e9k s\u00falya<\/td>\n<td>140g darabonk\u00e9nt<\/td>\n<td>Szil\u00e1rdnak \u00e9s j\u00f3 min\u0151s\u00e9g\u0171nek t\u0171nik.<\/td>\n<\/tr>\n<tr>\n<td>T\u00f6lt\u0151 port<\/td>\n<td>C t\u00edpus\u00fa<\/td>\n<td>Egyetemes \u00e9s gyors t\u00f6lt\u00e9s.<\/td>\n<\/tr>\n<tr>\n<td>Core Tech<\/td>\n<td>1.0 Mesh tekercs<\/td>\n<td>Jobb k\u00f6vetkezetess\u00e9g.<\/td>\n<\/tr>\n<\/tbody>\n<\/table>\n<\/div>\n<div class=\"section-container\">\n<h3>\u2753 Gyakran Ism\u00e9telt K\u00e9rd\u00e9sek (GYIK)<\/h3>\n<div class=\"faq-item\">\n<div class=\"faq-question\">Q: Hogyan t\u00f6lt\u00f6m fel ezt az eldobhat\u00f3 vape-ot?<\/div>\n<div class=\"faq-answer\">Ez szuper k\u00f6nny\u0171! Csak haszn\u00e1ljon egy szabv\u00e1nyos Type-C k\u00e1belt. Dugja be, hagyja t\u00f6lt\u0151dni, \u00e9s m\u00e1r k\u00e9szen is \u00e1ll, hogy \u00e9lvezze a tov\u00e1bbi f\u00faj\u00e1sokat.<\/div>\n<\/div>\n<div class=\"faq-item\">\n<div class=\"faq-question\">K: Nagy mennyis\u00e9gben szeretn\u00e9k v\u00e1s\u00e1rolni az \u00fczletem sz\u00e1m\u00e1ra. Mik a karton r\u00e9szletei?<\/div>\n<div class=\"faq-answer\">Nagyszer\u0171 v\u00e1laszt\u00e1s! Nagykereskedelem eset\u00e9n egy karton 200 darabot tartalmaz. A doboz m\u00e9rete 51,5*51,5*30,5cm, \u00e9s k\u00f6r\u00fclbel\u00fcl 29,5kg. Gyorsan sz\u00e1ll\u00edtunk eg\u00e9sz Eur\u00f3p\u00e1ban.<\/div>\n<\/div>\n<div class=\"faq-item\">\n<div class=\"faq-question\">K: Testreszabhatom a m\u00e1rk\u00e1t (OEM\/ODM)?<\/div>\n<div class=\"faq-answer\">Igen, t\u00e1mogatjuk az OEM\/ODM szolg\u00e1ltat\u00e1sokat! Dolgozhat vel\u00fcnk egy\u00fctt, hogy olyan term\u00e9ket hozzunk l\u00e9tre, amely illeszkedik a saj\u00e1t m\u00e1rka st\u00edlus\u00e1hoz.<\/div>\n<\/div>\n<\/div>\n<div class=\"cta-box\">\n<h3 style=\"margin-top: 0;color: #319795;border: none;padding-bottom: 0\">K\u00e9sz a rendel\u00e9s?<\/h3>\n<p>Ne hagyja ki a BANG LEADER 300K-t. Ez az egyszer haszn\u00e1latos g\u0151z\u00f6l\u0151k nagyf\u0151n\u00f6ke.<\/p>\n<p>L\u00e1togat\u00e1s <a style=\"color: #d53f8c;text-decoration: none;font-weight: bold;font-size: 1.2em\" href=\"https:\/\/vapexyz.com\/hu\/\">VapeXYZ<\/a> Most, hogy leadja nagykereskedelmi rendel\u00e9s\u00e9t. Mi vagyunk a legjobb partnerek Eur\u00f3p\u00e1ban!<\/p>\n<p>&nbsp;<\/p>\n<\/div>\n<\/article>\n<\/article>","protected":false},"excerpt":{"rendered":"<p>A BANG LEADER 300K egy \u00fajrat\u00f6lthet\u0151, eldobhat\u00f3 vape er\u0151m\u0171, amely 300 000 sz\u00edv\u00e1s kapacit\u00e1ssal \u00e9s kett\u0151s h\u00e1l\u00f3 technol\u00f3gi\u00e1val rendelkezik, amelyet \u00fagy terveztek, hogy hossz\u00fa t\u00e1v\u00fa teljes\u00edtm\u00e9nyt ny\u00fajtson az eur\u00f3pai nagykereskedelmi piacok sz\u00e1m\u00e1ra.<\/p>","protected":false},"featured_media":62313,"comment_status":"open","ping_status":"closed","template":"","meta":{"_lmt_disableupdate":"no","_lmt_disable":""},"product_brand":[],"product_cat":[821,1102,947,935,934,927,929,928,930,933,939,932,938,931,936,937,1017,948,949,946,950,951,953,1105,820,987],"product_tag":[],"class_list":{"0":"post-62249","1":"product","2":"type-product","3":"status-publish","4":"has-post-thumbnail","6":"product_cat-bang","7":"product_cat-300000-puffs-disposable","8":"product_cat-big-puffs-vapes","9":"product_cat-bulk-buy-disposable-vapes-in-austria","10":"product_cat-bulk-buy-disposable-vapes-in-belgium","11":"product_cat-bulk-buy-disposable-vapes-in-europe","12":"product_cat-bulk-buy-disposable-vapes-in-france","13":"product_cat-bulk-buy-disposable-vapes-in-germany","14":"product_cat-bulk-buy-disposable-vapes-in-italy","15":"product_cat-bulk-buy-disposable-vapes-in-netherlands","16":"product_cat-bulk-buy-disposable-vapes-in-norway","17":"product_cat-bulk-buy-disposable-vapes-in-poland","18":"product_cat-bulk-buy-disposable-vapes-in-portugal","19":"product_cat-bulk-buy-disposable-vapes-in-spain","20":"product_cat-bulk-buy-disposable-vapes-in-sweden","21":"product_cat-bulk-buy-disposable-vapes-in-switzerland","22":"product_cat-buy-best-disposable-vape-flavors","23":"product_cat-crystal-vapes","24":"product_cat-digital-box-vapes","25":"product_cat-disposable-vapes-series","26":"product_cat-dual-mesh-vapes","27":"product_cat-lower-nicotine-vapes","28":"product_cat-rechargeable-vapes","29":"product_cat-six-flavor-vapes","30":"product_cat-vape","31":"product_cat-vape-shop-by-puffs","33":"first","34":"instock","35":"shipping-taxable","36":"purchasable","37":"product-type-variable","38":"has-default-attributes"},"jetpack_sharing_enabled":true,"tiered_pricing_type":"fixed","tiered_pricing_fixed_rules":[],"tiered_pricing_product_settings":{"layout":"default","base_unit_name":{"singular":null,"plural":null},"default_variation":null},"tiered_pricing_minimum_quantity":null,"tiered_pricing_roles_data":[],"tiered_pricing_percentage_rules":[],"tiered_pricing_maximum_quantity":null,"tiered_pricing_quantity_step":null,"_links":{"self":[{"href":"https:\/\/vapexyz.com\/hu\/wp-json\/wp\/v2\/product\/62249","targetHints":{"allow":["GET"]}}],"collection":[{"href":"https:\/\/vapexyz.com\/hu\/wp-json\/wp\/v2\/product"}],"about":[{"href":"https:\/\/vapexyz.com\/hu\/wp-json\/wp\/v2\/types\/product"}],"replies":[{"embeddable":true,"href":"https:\/\/vapexyz.com\/hu\/wp-json\/wp\/v2\/comments?post=62249"}],"wp:featuredmedia":[{"embeddable":true,"href":"https:\/\/vapexyz.com\/hu\/wp-json\/wp\/v2\/media\/62313"}],"wp:attachment":[{"href":"https:\/\/vapexyz.com\/hu\/wp-json\/wp\/v2\/media?parent=62249"}],"wp:term":[{"taxonomy":"product_brand","embeddable":true,"href":"https:\/\/vapexyz.com\/hu\/wp-json\/wp\/v2\/product_brand?post=62249"},{"taxonomy":"product_cat","embeddable":true,"href":"https:\/\/vapexyz.com\/hu\/wp-json\/wp\/v2\/product_cat?post=62249"},{"taxonomy":"product_tag","embeddable":true,"href":"https:\/\/vapexyz.com\/hu\/wp-json\/wp\/v2\/product_tag?post=62249"}],"curies":[{"name":"wp","href":"https:\/\/api.w.org\/{rel}","templated":true}]}}