{"id":61910,"date":"2025-12-24T09:30:59","date_gmt":"2025-12-24T09:30:59","guid":{"rendered":"https:\/\/vapexyz.com\/?post_type=product&#038;p=61910"},"modified":"2026-01-13T10:01:55","modified_gmt":"2026-01-13T10:01:55","slug":"bang-legend-140k-140000-szivas-nagy-kapacitasu-keszlet-eldobhato-vape-nagykereskedelmi-tomegvasarlas-hosszu-elettartamu-nagy-tartaly","status":"publish","type":"product","link":"https:\/\/vapexyz.com\/hu\/product\/bang-legend-140k-140000-puffs-massive-capacity-kit-disposable-vape-wholesale-bulk-buy-long-lasting-big-tank\/","title":{"rendered":"BANG LEGEND 140K 140000 Puffs Nagy Kapacit\u00e1s\u00fa K\u00e9szlet Eldobhat\u00f3 Vape Nagykereskedelmi T\u00f6meges V\u00e1s\u00e1rl\u00e1s Hossz\u00fa \u00c9lettartam\u00fa Nagy Tart\u00e1ly"},"content":{"rendered":"<h2 style=\"text-align: center; font-size: 28px; margin-bottom: 30px; background: linear-gradient(to right, #ff7e5f, #feb47b, #8e44ad); padding-bottom: 15px; border-bottom: 3px solid;\">\u2728 <a href=\"https:\/\/vapexyz.com\/hu\/termekkategoria\/bumm\/\">BANG<\/a> LEGEND 140K 140000 Puffs T\u00f6meges Kapacit\u00e1s Kit Eldobhat\u00f3 Vape Nagykereskedelmi T\u00f6meges V\u00e1s\u00e1rl\u00e1s<\/h2>\n<p style=\"font-size: 17px; margin-bottom: 25px; text-align: center;\">Szia mindenkinek! \u00dcdv\u00f6z\u00f6llek a vibr\u00e1l\u00f3 vil\u00e1g\u00e1ban <span style=\"background: linear-gradient(to right, #ff7e5f, #8e44ad); font-weight: bold;\">VapeXYZ<\/span>. Nagyon izgatottak vagyunk, hogy ma bemutatkozunk valami igaz\u00e1n leny\u0171g\u00f6z\u0151 dolgot. Ez a BANG LEGEND 140K. Ha egy olyan eldobhat\u00f3 vape-ot keres, amely nagyon, nagyon hossz\u00fa ideig tart \u00e9s fantasztikusan n\u00e9z ki, akkor ez a t\u00f6k\u00e9letes v\u00e1laszt\u00e1s az \u00d6n sz\u00e1m\u00e1ra. Mi vagyunk az \u00d6n\u00f6k go-to platformja a nagykereskedelemben Eur\u00f3p\u00e1ban, k\u00e9szen \u00e1llunk minden nagy mennyis\u00e9g\u0171 v\u00e1s\u00e1rl\u00e1si ig\u00e9ny\u00fckre.<\/p>\n<div style=\"flex-wrap: wrap; gap: 20px; justify-content: center; margin-bottom: 40px;\">\n<div style=\"background: #fff; border-radius: 25px; padding: 25px; width: 100%; max-width: 350px; border: 2px solid transparent;\">\n<h3 style=\"margin-top: 0; font-size: 22px; background: linear-gradient(to right, #ff7e5f, #feb47b);\">\ud83c\udfc6 A V\u00e9gs\u0151 Legenda<\/h3>\n<p>Ez nem csak egy norm\u00e1lis k\u00e9sz\u00fcl\u00e9k. A BANG LEGEND hihetetlen 140 000 sz\u00edv\u00e1st biztos\u00edt! \u00dagy tervezt\u00e9k, hogy hetekig vagy ak\u00e1r h\u00f3napokig tartson. Ez egy nagy kapacit\u00e1s\u00fa k\u00e9szlet, amely akkor is megy, amikor m\u00e1sok le\u00e1llnak.<\/p>\n<\/div>\n<div style=\"background: #fff; border-radius: 25px; padding: 25px; width: 100%; max-width: 350px; border: 2px solid transparent;\">\n<h3 style=\"margin-top: 0; font-size: 22px; background: linear-gradient(to right, #8e44ad, #c0392b);\">\ud83d\udd04 Tripl\u00e1zza a Sz\u00f3rakoz\u00e1st Rendszer<\/h3>\n<p>A legcsod\u00e1latosabb funkci\u00f3 bel\u00fcl van. Egy testben h\u00e1rom k\u00fcl\u00f6n\u00e1ll\u00f3 r\u00e9szt tartalmaz. Ez azt jelenti, hogy h\u00e1rom k\u00fcl\u00f6nb\u00f6z\u0151 lehet\u0151s\u00e9get kapsz a haszn\u00e1lat\u00e1hoz an\u00e9lk\u00fcl, hogy extra eszk\u00f6z\u00f6ket kellene cipelni. K\u00f6nnyen v\u00e1ltogathatsz k\u00f6z\u00f6tt\u00fck!<\/p>\n<\/div>\n<div style=\"background: #fff; border-radius: 25px; padding: 25px; width: 100%; max-width: 350px; border: 2px solid transparent;\">\n<h3 style=\"margin-top: 0; font-size: 22px; background: linear-gradient(to right, #11998e, #38ef7d);\">\ud83d\udd0b Mindig K\u00e9szen \u00c1ll\u00f3 Energia<\/h3>\n<p>550mAh-s akkumul\u00e1torral rendelkezik, ami er\u0151s. A legjobb az eg\u00e9szben, hogy \u00fajrat\u00f6lthet\u0151 Type-C porttal. Mindig biztos lehet abban, hogy kihaszn\u00e1lja a benne rejl\u0151 hatalmas kapacit\u00e1s minden r\u00e9sz\u00e9t.<\/p>\n<\/div>\n<\/div>\n<h3 style=\"text-align: center; font-size: 24px; margin-bottom: 25px; background: linear-gradient(to right, #ff512f, #dd2476);\">\ud83c\udf08 Az \u00c9l\u00e9nk V\u00e1laszt\u00e1si Lista (3 az 1-ben Kiv\u00e1laszt\u00e1sok) \ud83c\udf08<\/h3>\n<p style=\"text-align: center; margin-bottom: 20px;\">Minden sz\u00e1m egy csod\u00e1latos k\u00e9sz\u00fcl\u00e9k, amely h\u00e1rom izgalmas lehet\u0151s\u00e9get tartalmaz!<\/p>\n<div style=\"background: linear-gradient(135deg, #fff5f7 0%, #f0f4ff 100%); padding: 25px; border-radius: 25px; margin-bottom: 40px; border: 3px dotted #ffb6c1; color: #555; font-size: 15px;\">\n<p style=\"margin: 10px 0;\">1. G\u00f6r\u00f6gdinnye J\u00e9g &amp; Eper Licsi &amp; Gumicukor<\/p>\n<p style=\"margin: 10px 0;\">2. \u0150szibar\u00e1t J\u00e9g &amp; \u00c1fonya G\u00f6r\u00f6gdinnye &amp; Eper Citrom J\u00e9g<\/p>\n<p style=\"margin: 10px 0;\">3. Sz\u0151l\u0151 J\u00e9g &amp; Eper Mang\u00f3 &amp; Vegyes Bogy\u00f3k<\/p>\n<p style=\"margin: 10px 0;\">4. \u00c1fonya J\u00e9g &amp; \u0150szibar\u00e1t Mang\u00f3 Dinnye &amp; Szerelem 66<\/p>\n<p style=\"margin: 10px 0;\">5. \u00c1fonya M\u00e1lna &amp; Kivi Passi\u00f3gy\u00fcm\u00f6lcs Guava &amp; Anan\u00e1sz K\u00f3kusz<\/p>\n<p style=\"margin: 10px 0;\">6. Eper S\u00e1rgadinnye &amp; \u00c1fonya \u0150szibar\u00e1t &amp; Fekete Ribizli Anan\u00e1sz J\u00e9g<\/p>\n<p style=\"margin: 10px 0;\">7. Eper Kivi &amp; S\u00e1rgadinnye R\u00e1g\u00f3gumi &amp; \u00c1fonya Cseresznye<\/p>\n<p style=\"margin: 10px 0;\">8. Fekete S\u00e1rk\u00e1ny J\u00e9g &amp; Eper Mamba &amp; M\u00e1lna Sz\u0151l\u0151<\/p>\n<p style=\"margin: 10px 0;\">9. Mang\u00f3 \u0150szibar\u00e1t &amp; \u00c1fonya Red Bull &amp; Alma Sz\u0151l\u0151<\/p>\n<p style=\"margin: 10px 0;\">10. H\u00e1romszoros Mang\u00f3 &amp; M\u00e1lna Citrom &amp; \u00c1fonya Sz\u0151l\u0151<\/p>\n<p style=\"margin: 10px 0;\">11. Citrom Lime &amp; Aloe Mango Melon &amp; G\u00f6r\u00f6gdinnye S\u00e1rk\u00e1ny Gy\u00fcm\u00f6lcs<\/p>\n<p style=\"margin: 10px 0;\">12. Ban\u00e1n j\u00e9g &amp; Eper j\u00e9gkr\u00e9m &amp; S\u00e1rgadinnye bogy\u00f3<\/p>\n<\/div>\n<h3 style=\"text-align: center; font-size: 24px; margin-bottom: 25px; background: linear-gradient(to right, #00c6ff, #0072ff);\">A sz\u00ednes \u00d6sszehasonl\u00edt\u00e1s<\/h3>\n<div style=\"border-radius: 20px;\">\n<table style=\"width: 100%; border-collapse: separate; border-spacing: 0; margin-bottom: 0; font-size: 16px; background-color: #fff;\">\n<thead>\n<tr style=\"background: linear-gradient(to right, #00c6ff, #0072ff); color: white;\">\n<th style=\"padding: 18px; text-align: left; border-top-left-radius: 20px;\">Funkci\u00f3<\/th>\n<th style=\"padding: 18px; text-align: left;\">BANG LEGEND 140K<\/th>\n<th style=\"padding: 18px; text-align: left; border-top-right-radius: 20px;\">H\u00e9tk\u00f6znapi Eldobhat\u00f3 Vape<\/th>\n<\/tr>\n<\/thead>\n<tbody>\n<tr style=\"background-color: #f0faff;\">\n<td style=\"padding: 15px; border-bottom: 1px solid #e0e0e0;\">Teljes haszn\u00e1lat<\/td>\n<td style=\"padding: 15px; border-bottom: 1px solid #e0e0e0; color: #0072ff; font-weight: bold;\">140 000 Puff (Wow!)<\/td>\n<td style=\"padding: 15px; border-bottom: 1px solid #e0e0e0;\">5 000 \u2013 10 000 sz\u00edv\u00e1s<\/td>\n<\/tr>\n<tr>\n<td style=\"padding: 15px; border-bottom: 1px solid #e0e0e0;\">Bels\u0151 Rendszer<\/td>\n<td style=\"padding: 15px; border-bottom: 1px solid #e0e0e0; color: #0072ff; font-weight: bold;\">3 k\u00fcl\u00f6n\u00e1ll\u00f3 tart\u00e1ly 1-ben<\/td>\n<td style=\"padding: 15px; border-bottom: 1px solid #e0e0e0;\">Csak 1 Tank<\/td>\n<\/tr>\n<tr style=\"background-color: #f0faff;\">\n<td style=\"padding: 15px; border-bottom: 1px solid #e0e0e0;\">Tekercs t\u00edpusa<\/td>\n<td style=\"padding: 15px; border-bottom: 1px solid #e0e0e0;\">1,0 ohm h\u00e1l\u00f3 tekercs<\/td>\n<td style=\"padding: 15px; border-bottom: 1px solid #e0e0e0;\">Szabv\u00e1nyos vezet\u00e9k<\/td>\n<\/tr>\n<tr>\n<td style=\"padding: 15px;\">\u00dajrat\u00f6lthet\u0151<\/td>\n<td style=\"padding: 15px; color: #0072ff; font-weight: bold;\">Igen (C t\u00edpus\u00fa)<\/td>\n<td style=\"padding: 15px;\">N\u00e9ha Nem<\/td>\n<\/tr>\n<\/tbody>\n<\/table>\n<\/div>\n<h3 style=\"font-size: 24px; margin-bottom: 25px; margin-top: 40px; background: linear-gradient(to right, #ff00cc, #333399);\">\u2753 Gyakran Ism\u00e9telt K\u00e9rd\u00e9sek (GYIK)<\/h3>\n<div style=\"margin-bottom: 15px; background: #fff; padding: 20px; border-radius: 20px; border-left: 5px solid;\">\n<p style=\"font-size: 18px; margin-bottom: 10px; background: linear-gradient(to right, #ff00cc, #333399); font-weight: bold;\">Hol v\u00e1s\u00e1rolhatom meg ezt a csod\u00e1latos eldobhat\u00f3 vape-ot?<\/p>\n<p style=\"margin-top: 0; color: #666;\">Megv\u00e1s\u00e1rolhatja itt a VapeXYZ-n\u00e9l!  Mi vagyunk a megb\u00edzhat\u00f3 online nagykereskedelmi platformja Eur\u00f3p\u00e1nak.<\/p>\n<\/div>\n<div style=\"margin-bottom: 15px; background: #fff; padding: 20px; border-radius: 20px; border-left: 5px solid;\">\n<p style=\"font-size: 18px; margin-bottom: 10px; background: linear-gradient(to right, #ff9966, #ff5e62); font-weight: bold;\">Van minim\u00e1lis rendel\u00e9si mennyis\u00e9g?<\/p>\n<p style=\"margin-top: 0; color: #666;\">Nem! Nincs minim\u00e1lis rendel\u00e9si mennyis\u00e9g\u00fcnk (MOQ). Rendelhetsz n\u00e9h\u00e1nyat kipr\u00f3b\u00e1lni vagy nagy mennyis\u00e9get v\u00e1s\u00e1rolni az \u00fczleted sz\u00e1m\u00e1ra. Sz\u00edvesen seg\u00edt\u00fcnk.<\/p>\n<\/div>\n<div style=\"margin-bottom: 15px; background: #fff; padding: 20px; border-radius: 20px; border-left: 5px solid;\">\n<p style=\"font-size: 18px; margin-bottom: 10px; background: linear-gradient(to right, #4facfe, #00f2fe); font-weight: bold;\">Milyen gyors a sz\u00e1ll\u00edt\u00e1s?<\/p>\n<p style=\"margin-top: 0; color: #666;\">Ez szuper gyors! Az eur\u00f3pai rakt\u00e1runkb\u00f3l sz\u00e1ll\u00edtunk, \u00e9s a csomagja \u00e1ltal\u00e1ban 2-7 napon bel\u00fcl meg\u00e9rkezik.<\/p>\n<\/div>\n<p style=\"text-align: center; margin-top: 50px; font-size: 20px; color: #555;\">K\u00e9szen \u00e1llsz a legenda megtapasztal\u00e1s\u00e1ra? L\u00e1togass el <a href=\"https:\/\/vapexyz.com\/hu\/\"><span style=\"background: linear-gradient(to right, #ff7e5f, #8e44ad); font-weight: bold;\">VapeXYZ<\/span><\/a> \u00e9s szerezd meg a BANG LEGEND 140K-et m\u00e9g ma!<\/p>\n<p><img loading=\"lazy\" decoding=\"async\" class=\"aligncenter wp-image-61963 size-full\" src=\"https:\/\/vapexyz.com\/wp-content\/uploads\/2025\/12\/BANG-LEGEND-140K-140000-Puffs-Massive-Capacity-Kit-Disposable-Vape-Wholesale-Bulk-Buy-Long-Lasting-Big-Tank-1-scaled.webp\" alt=\"BANG LEGEND 140K 140000 Puffs Nagy Kapacit\u00e1s\u00fa K\u00e9szlet Eldobhat\u00f3 Vape Nagykereskedelmi T\u00f6meges V\u00e1s\u00e1rl\u00e1s Hossz\u00fa \u00c9lettartam\u00fa Nagy Tart\u00e1ly\" width=\"1595\" height=\"2560\" title=\"\" srcset=\"https:\/\/vapexyz.com\/wp-content\/uploads\/2025\/12\/BANG-LEGEND-140K-140000-Puffs-Massive-Capacity-Kit-Disposable-Vape-Wholesale-Bulk-Buy-Long-Lasting-Big-Tank-1-scaled.webp 1595w, https:\/\/vapexyz.com\/wp-content\/uploads\/2025\/12\/BANG-LEGEND-140K-140000-Puffs-Massive-Capacity-Kit-Disposable-Vape-Wholesale-Bulk-Buy-Long-Lasting-Big-Tank-1-scaled-312x500.webp 312w, https:\/\/vapexyz.com\/wp-content\/uploads\/2025\/12\/BANG-LEGEND-140K-140000-Puffs-Massive-Capacity-Kit-Disposable-Vape-Wholesale-Bulk-Buy-Long-Lasting-Big-Tank-1-scaled-638x1024.webp 638w, https:\/\/vapexyz.com\/wp-content\/uploads\/2025\/12\/BANG-LEGEND-140K-140000-Puffs-Massive-Capacity-Kit-Disposable-Vape-Wholesale-Bulk-Buy-Long-Lasting-Big-Tank-1-scaled-768x1233.webp 768w, https:\/\/vapexyz.com\/wp-content\/uploads\/2025\/12\/BANG-LEGEND-140K-140000-Puffs-Massive-Capacity-Kit-Disposable-Vape-Wholesale-Bulk-Buy-Long-Lasting-Big-Tank-1-scaled-957x1536.webp 957w, https:\/\/vapexyz.com\/wp-content\/uploads\/2025\/12\/BANG-LEGEND-140K-140000-Puffs-Massive-Capacity-Kit-Disposable-Vape-Wholesale-Bulk-Buy-Long-Lasting-Big-Tank-1-scaled-1276x2048.webp 1276w, https:\/\/vapexyz.com\/wp-content\/uploads\/2025\/12\/BANG-LEGEND-140K-140000-Puffs-Massive-Capacity-Kit-Disposable-Vape-Wholesale-Bulk-Buy-Long-Lasting-Big-Tank-1-scaled-7x12.webp 7w, https:\/\/vapexyz.com\/wp-content\/uploads\/2025\/12\/BANG-LEGEND-140K-140000-Puffs-Massive-Capacity-Kit-Disposable-Vape-Wholesale-Bulk-Buy-Long-Lasting-Big-Tank-1-scaled-510x819.webp 510w\" sizes=\"auto, (max-width: 1595px) 100vw, 1595px\" \/><\/p>","protected":false},"excerpt":{"rendered":"<p>A BANG LEGEND 140K egy hatalmas kapacit\u00e1s\u00fa, eldobhat\u00f3 vape, amely 140 000 sz\u00edv\u00e1st \u00e9s egyedi 3 az 1-ben kialak\u00edt\u00e1st k\u00edn\u00e1l, amely lehet\u0151v\u00e9 teszi, hogy egyetlen \u00fajrat\u00f6lthet\u0151 k\u00e9sz\u00fcl\u00e9ken bel\u00fcl v\u00e1lthasson h\u00e1rom k\u00fcl\u00f6nb\u00f6z\u0151 lehet\u0151s\u00e9g k\u00f6z\u00f6tt.<\/p>","protected":false},"featured_media":61965,"comment_status":"open","ping_status":"closed","template":"","meta":{"_lmt_disableupdate":"no","_lmt_disable":""},"product_brand":[],"product_cat":[821,1100,947,935,934,927,929,928,930,933,939,932,938,931,936,937,1017,948,949,946,950,951,953,1084,820,987],"product_tag":[],"class_list":{"0":"post-61910","1":"product","2":"type-product","3":"status-publish","4":"has-post-thumbnail","6":"product_cat-bang","7":"product_cat-140000-puff-vapes","8":"product_cat-big-puffs-vapes","9":"product_cat-bulk-buy-disposable-vapes-in-austria","10":"product_cat-bulk-buy-disposable-vapes-in-belgium","11":"product_cat-bulk-buy-disposable-vapes-in-europe","12":"product_cat-bulk-buy-disposable-vapes-in-france","13":"product_cat-bulk-buy-disposable-vapes-in-germany","14":"product_cat-bulk-buy-disposable-vapes-in-italy","15":"product_cat-bulk-buy-disposable-vapes-in-netherlands","16":"product_cat-bulk-buy-disposable-vapes-in-norway","17":"product_cat-bulk-buy-disposable-vapes-in-poland","18":"product_cat-bulk-buy-disposable-vapes-in-portugal","19":"product_cat-bulk-buy-disposable-vapes-in-spain","20":"product_cat-bulk-buy-disposable-vapes-in-sweden","21":"product_cat-bulk-buy-disposable-vapes-in-switzerland","22":"product_cat-buy-best-disposable-vape-flavors","23":"product_cat-crystal-vapes","24":"product_cat-digital-box-vapes","25":"product_cat-disposable-vapes-series","26":"product_cat-dual-mesh-vapes","27":"product_cat-lower-nicotine-vapes","28":"product_cat-rechargeable-vapes","29":"product_cat-three-flavor-vapes","30":"product_cat-vape","31":"product_cat-vape-shop-by-puffs","33":"first","34":"instock","35":"shipping-taxable","36":"purchasable","37":"product-type-variable","38":"has-default-attributes"},"jetpack_sharing_enabled":true,"tiered_pricing_type":"fixed","tiered_pricing_fixed_rules":[],"tiered_pricing_product_settings":{"layout":"default","base_unit_name":{"singular":null,"plural":null},"default_variation":null},"tiered_pricing_minimum_quantity":null,"tiered_pricing_roles_data":[],"tiered_pricing_percentage_rules":[],"tiered_pricing_maximum_quantity":null,"tiered_pricing_quantity_step":null,"_links":{"self":[{"href":"https:\/\/vapexyz.com\/hu\/wp-json\/wp\/v2\/product\/61910","targetHints":{"allow":["GET"]}}],"collection":[{"href":"https:\/\/vapexyz.com\/hu\/wp-json\/wp\/v2\/product"}],"about":[{"href":"https:\/\/vapexyz.com\/hu\/wp-json\/wp\/v2\/types\/product"}],"replies":[{"embeddable":true,"href":"https:\/\/vapexyz.com\/hu\/wp-json\/wp\/v2\/comments?post=61910"}],"wp:featuredmedia":[{"embeddable":true,"href":"https:\/\/vapexyz.com\/hu\/wp-json\/wp\/v2\/media\/61965"}],"wp:attachment":[{"href":"https:\/\/vapexyz.com\/hu\/wp-json\/wp\/v2\/media?parent=61910"}],"wp:term":[{"taxonomy":"product_brand","embeddable":true,"href":"https:\/\/vapexyz.com\/hu\/wp-json\/wp\/v2\/product_brand?post=61910"},{"taxonomy":"product_cat","embeddable":true,"href":"https:\/\/vapexyz.com\/hu\/wp-json\/wp\/v2\/product_cat?post=61910"},{"taxonomy":"product_tag","embeddable":true,"href":"https:\/\/vapexyz.com\/hu\/wp-json\/wp\/v2\/product_tag?post=61910"}],"curies":[{"name":"wp","href":"https:\/\/api.w.org\/{rel}","templated":true}]}}