{"id":61851,"date":"2026-01-14T09:31:44","date_gmt":"2026-01-14T09:31:44","guid":{"rendered":"https:\/\/vapexyz.com\/?post_type=product&#038;p=61851"},"modified":"2026-01-14T09:31:44","modified_gmt":"2026-01-14T09:31:44","slug":"okso-6in1-120k-120000-szivas-halo-tekercs-technologia-eldobhato-vape-nagykereskedelmi-omlesztett-vasarlas-tobb-lehetoseg","status":"publish","type":"product","link":"https:\/\/vapexyz.com\/hu\/product\/okso-6in1-120k-120000-puffs-mesh-coil-technology-disposable-vape-wholesale-bulk-buy-multi-options\/","title":{"rendered":"OKSO 6IN1 120k 120000 Puffs Mesh Coil Technol\u00f3gia Eldobhat\u00f3 Vape Nagykereskedelmi T\u00f6meges V\u00e1s\u00e1rl\u00e1s T\u00f6bbf\u00e9le V\u00e1laszt\u00e9k"},"content":{"rendered":"<article style=\"font-family: 'Comic Sans MS', 'Chalkboard SE', sans-serif; line-height: 1.6; color: #333; max-width: 100%; margin: 0 auto; background-color: #fcfcfc; padding: 20px; border-radius: 20px;\">\n<div style=\"text-align: center; margin-bottom: 40px;\">\n<h2 style=\"color: #6a5acd; font-size: 28px; margin-bottom: 10px;\">Mi\u00e9rt van <a href=\"https:\/\/vapexyz.com\/hu\/termekkategoria\/okso-eldobhato-vape-ok\/\">OKSO<\/a> 6IN1 120k Az Els\u0151 Eldobhat\u00f3 Vape Nagykereskedelmi V\u00e1laszt\u00e1s Eur\u00f3p\u00e1ban?<\/h2>\n<p style=\"font-size: 18px; color: #555;\">A Joy Var\u00e1zstornya! \ud83c\udff0 6 V\u00e1laszt\u00e1s 1 Eszk\u00f6zben, 120 000 Puff Boldogs\u00e1g!<\/p>\n<\/div>\n<div style=\"background-color: #e6e6fa; padding: 25px; border-radius: 15px; border-left: 5px solid #9370DB; margin-bottom: 30px;\">\n<p style=\"margin: 0; font-size: 16px;\">Szia bar\u00e1tok! \u00dcdv\u00f6z\u00f6lj\u00fck a VapeXYZ-n\u00e9l! Mi vagyunk a legnagyobb j\u00e1tsz\u00f3tere az eur\u00f3pai nagykereskedelmi eldobhat\u00f3 vape term\u00e9keknek!<\/p>\n<p>\u00c9rzel m\u00e1r f\u00e1radts\u00e1got, hogy sok k\u00fcl\u00f6nb\u00f6z\u0151 e-cigarett\u00e1t hordozol? \u00dcdv\u00f6z\u00f6lj\u00fck az OKSO 6IN1 120k-t! Olyan, mint egy transzform\u00e1tor robot. K\u00fcl\u00f6nleges 6 Pod rendszerrel rendelkezik. Ez azt jelenti, hogy sok k\u00fcl\u00f6nb\u00f6z\u0151 \u00edzt egyetlen k\u00e9zben tarthatsz! Szuper nagy kapacit\u00e1ssal rendelkezik 120 000 sz\u00edv\u00e1sra, ez az eszk\u00f6z nagyon hossz\u00fa ideig tart. Ha nagy mennyis\u00e9gben szeretn\u00e9l v\u00e1s\u00e1rolni az \u00fczleted sz\u00e1m\u00e1ra, akkor ez a term\u00e9k a bajnok, amire sz\u00fcks\u00e9ged van.<\/p>\n<\/div>\n<h3 style=\"color: #2c3e50; border-bottom: 2px solid #FFD700; padding-bottom: 10px; margin-top: 30px;\">\u2728 Mi\u00e9rt olyan men\u0151 az OKSO 6IN1 Super Cool?<\/h3>\n<div style=\"flex-wrap: wrap; gap: 20px; margin-top: 20px;\">\n<div style=\"flex: 1; min-width: 300px; background: #fff; border: 1px solid #ddd; border-radius: 12px; padding: 20px;\">\n<h4 style=\"color: #ff6347; margin-top: 0;\">\ud83c\udfa1 6 az 1-ben var\u00e1zslatos rendszer<\/h4>\n<p>K\u00e9pzeld el, hogy 6 k\u00fcl\u00f6nb\u00f6z\u0151 cukorka van egy dobozban! K\u00f6nnyen v\u00e1ltogathatsz k\u00f6z\u00f6tt\u00fck. Ez sz\u00f3rakoztat\u00f3 \u00e9s minden sz\u00edv\u00e1st friss \u00e9s izgalmas \u00e9lm\u00e9nny\u00e9 tesz.<\/p>\n<\/div>\n<div style=\"flex: 1; min-width: 300px; background: #fff; border: 1px solid #ddd; border-radius: 12px; padding: 20px;\">\n<h4 style=\"color: #1890ff; margin-top: 0;\">\ud83d\udd0b Er\u0151s \u00e9s Okos<\/h4>\n<p>Er\u0151s, 850mAh-s akkumul\u00e1torral \u00e9s vil\u00e1gos LED kijelz\u0151vel rendelkezik. Tudatja \u00d6nnel, hogy mikor kell t\u00f6lteni, \u00edgy soha nem marad s\u00f6t\u00e9tben!<\/p>\n<\/div>\n<div style=\"flex: 1; min-width: 300px; background: #fff; border: 1px solid #ddd; border-radius: 12px; padding: 20px;\">\n<h4 style=\"color: #32cd32; margin-top: 0;\">\u2601\ufe0f Mesh Coil Felh\u0151k<\/h4>\n<p>Bel\u00fcl speci\u00e1lis Mesh Coils-ok vannak. Egyenletesen melegednek fel, hogy a felh\u0151k nagyok, puh\u00e1k \u00e9s csod\u00e1latos arom\u00e1val teli legyenek.<\/p>\n<\/div>\n<\/div>\n<div style=\"margin-top: 30px;\">\n<h3 style=\"color: #2c3e50;\">Egy \u00f3ri\u00e1s, amely elf\u00e9r a zsebedben<\/h3>\n<p>Az OKSO 6IN1 120k azok sz\u00e1m\u00e1ra k\u00e9sz\u00fclt, akik szeretik a v\u00e1ltozatoss\u00e1got. Nem kell 6 k\u00fcl\u00f6nb\u00f6z\u0151 k\u00e9sz\u00fcl\u00e9ket v\u00e1s\u00e1rolnia; csak ezt kell megv\u00e1s\u00e1rolnia! Nagy kapacit\u00e1ssal rendelkezik (20ml x 3 kamra vagy t\u00f6bb!), hogy el\u00e9rje azt a hihetetlen 120 000 sz\u00edv\u00e1s sz\u00e1mot. T\u00f6k\u00e9letes hossz\u00fa utakra vagy csak otthoni pihen\u00e9shez.<\/p>\n<p>A VapeXYZ-n\u00e9l ezt a pr\u00e9mium eldobhat\u00f3 vape-ot a legjobb nagykereskedelmi \u00e1ron k\u00edn\u00e1ljuk. Gyorsan sz\u00e1ll\u00edtunk eur\u00f3pai rakt\u00e1runkb\u00f3l, \u00edgy nem kell sok\u00e1ig v\u00e1rnia!<\/p>\n<p><img loading=\"lazy\" decoding=\"async\" class=\"aligncenter wp-image-61907 size-large\" src=\"https:\/\/vapexyz.com\/wp-content\/uploads\/2025\/12\/OKSO-6IN1-120k-120000-Puffs-6-Pod-System-Mesh-Coil-Technology-Disposable-Vape-Wholesale-Bulk-Buy-Multi-Options-8-1-1024x235.webp\" alt=\"OKSO 6IN1 120k 120000 Puff 6 Pod Rendszer Mesh Coil Technol\u00f3gia Eldobhat\u00f3 Vape Nagykereskedelmi T\u00f6meges V\u00e1s\u00e1rl\u00e1s T\u00f6bb Lehet\u0151s\u00e9g\" width=\"1020\" height=\"234\" title=\"\" srcset=\"https:\/\/vapexyz.com\/wp-content\/uploads\/2025\/12\/OKSO-6IN1-120k-120000-Puffs-6-Pod-System-Mesh-Coil-Technology-Disposable-Vape-Wholesale-Bulk-Buy-Multi-Options-8-1-1024x235.webp 1024w, https:\/\/vapexyz.com\/wp-content\/uploads\/2025\/12\/OKSO-6IN1-120k-120000-Puffs-6-Pod-System-Mesh-Coil-Technology-Disposable-Vape-Wholesale-Bulk-Buy-Multi-Options-8-1-510x117.webp 510w, https:\/\/vapexyz.com\/wp-content\/uploads\/2025\/12\/OKSO-6IN1-120k-120000-Puffs-6-Pod-System-Mesh-Coil-Technology-Disposable-Vape-Wholesale-Bulk-Buy-Multi-Options-8-1-500x115.webp 500w, https:\/\/vapexyz.com\/wp-content\/uploads\/2025\/12\/OKSO-6IN1-120k-120000-Puffs-6-Pod-System-Mesh-Coil-Technology-Disposable-Vape-Wholesale-Bulk-Buy-Multi-Options-8-1-768x176.webp 768w, https:\/\/vapexyz.com\/wp-content\/uploads\/2025\/12\/OKSO-6IN1-120k-120000-Puffs-6-Pod-System-Mesh-Coil-Technology-Disposable-Vape-Wholesale-Bulk-Buy-Multi-Options-8-1-18x4.webp 18w, https:\/\/vapexyz.com\/wp-content\/uploads\/2025\/12\/OKSO-6IN1-120k-120000-Puffs-6-Pod-System-Mesh-Coil-Technology-Disposable-Vape-Wholesale-Bulk-Buy-Multi-Options-8-1.webp 1440w\" sizes=\"auto, (max-width: 1020px) 100vw, 1020px\" \/><\/p>\n<\/div>\n<h3 style=\"color: #2c3e50; margin-top: 40px;\">\ud83d\udccf Term\u00e9kspecifik\u00e1ci\u00f3k<\/h3>\n<div>\n<table style=\"width: 100%; border-collapse: collapse; margin-top: 10px; background: white; border-radius: 10px; overflow: hidden;\">\n<tbody>\n<tr style=\"border-bottom: 1px solid #eee; background-color: #f9f9f9;\">\n<td style=\"padding: 12px; color: #555; font-weight: bold;\">Puffok gr\u00f3f<\/td>\n<td style=\"padding: 12px; color: #333;\">Legfeljebb 120 000 Puff<\/td>\n<\/tr>\n<tr style=\"border-bottom: 1px solid #eee;\">\n<td style=\"padding: 12px; color: #555; font-weight: bold;\">Akkumul\u00e1tor<\/td>\n<td style=\"padding: 12px; color: #333;\">850 mAh (\u00fajrat\u00f6lthet\u0151)<\/td>\n<\/tr>\n<tr style=\"border-bottom: 1px solid #eee; background-color: #f9f9f9;\">\n<td style=\"padding: 12px; color: #555; font-weight: bold;\">Alapvet\u0151 technol\u00f3gia<\/td>\n<td style=\"padding: 12px; color: #333;\">Advanced Mesh Coil<\/td>\n<\/tr>\n<tr style=\"border-bottom: 1px solid #eee;\">\n<td style=\"padding: 12px; color: #555; font-weight: bold;\">Kapacit\u00e1sszerkezet<\/td>\n<td style=\"padding: 12px; color: #333;\">T\u00f6bb-pod rendszer (nagy kapacit\u00e1s)<\/td>\n<\/tr>\n<tr style=\"border-bottom: 1px solid #eee; background-color: #f9f9f9;\">\n<td style=\"padding: 12px; color: #555; font-weight: bold;\">Kijelz\u0151<\/td>\n<td style=\"padding: 12px; color: #333;\">Intelligens LED k\u00e9perny\u0151<\/td>\n<\/tr>\n<tr style=\"border-bottom: 1px solid #eee;\">\n<td style=\"padding: 12px; color: #555; font-weight: bold;\">Csomag<\/td>\n<td style=\"padding: 12px; color: #333;\">10 db\/doboz, 100 db\/karton<\/td>\n<\/tr>\n<\/tbody>\n<\/table>\n<p><img loading=\"lazy\" decoding=\"async\" class=\"aligncenter wp-image-61906 size-full\" src=\"https:\/\/vapexyz.com\/wp-content\/uploads\/2025\/12\/OKSO-6IN1-120k-120000-Puffs-6-Pod-System-Mesh-Coil-Technology-Disposable-Vape-Wholesale-Bulk-Buy-Multi-Options-11.webp\" alt=\"OKSO 6IN1 120k 120000 Puff 6 Pod Rendszer Mesh Coil Technol\u00f3gia Eldobhat\u00f3 Vape Nagykereskedelmi T\u00f6meges V\u00e1s\u00e1rl\u00e1s T\u00f6bb Lehet\u0151s\u00e9g\" width=\"1000\" height=\"1000\" title=\"\" srcset=\"https:\/\/vapexyz.com\/wp-content\/uploads\/2025\/12\/OKSO-6IN1-120k-120000-Puffs-6-Pod-System-Mesh-Coil-Technology-Disposable-Vape-Wholesale-Bulk-Buy-Multi-Options-11.webp 1000w, https:\/\/vapexyz.com\/wp-content\/uploads\/2025\/12\/OKSO-6IN1-120k-120000-Puffs-6-Pod-System-Mesh-Coil-Technology-Disposable-Vape-Wholesale-Bulk-Buy-Multi-Options-11-247x247.webp 247w, https:\/\/vapexyz.com\/wp-content\/uploads\/2025\/12\/OKSO-6IN1-120k-120000-Puffs-6-Pod-System-Mesh-Coil-Technology-Disposable-Vape-Wholesale-Bulk-Buy-Multi-Options-11-100x100.webp 100w, https:\/\/vapexyz.com\/wp-content\/uploads\/2025\/12\/OKSO-6IN1-120k-120000-Puffs-6-Pod-System-Mesh-Coil-Technology-Disposable-Vape-Wholesale-Bulk-Buy-Multi-Options-11-510x510.webp 510w, https:\/\/vapexyz.com\/wp-content\/uploads\/2025\/12\/OKSO-6IN1-120k-120000-Puffs-6-Pod-System-Mesh-Coil-Technology-Disposable-Vape-Wholesale-Bulk-Buy-Multi-Options-11-500x500.webp 500w, https:\/\/vapexyz.com\/wp-content\/uploads\/2025\/12\/OKSO-6IN1-120k-120000-Puffs-6-Pod-System-Mesh-Coil-Technology-Disposable-Vape-Wholesale-Bulk-Buy-Multi-Options-11-300x300.webp 300w, https:\/\/vapexyz.com\/wp-content\/uploads\/2025\/12\/OKSO-6IN1-120k-120000-Puffs-6-Pod-System-Mesh-Coil-Technology-Disposable-Vape-Wholesale-Bulk-Buy-Multi-Options-11-768x768.webp 768w, https:\/\/vapexyz.com\/wp-content\/uploads\/2025\/12\/OKSO-6IN1-120k-120000-Puffs-6-Pod-System-Mesh-Coil-Technology-Disposable-Vape-Wholesale-Bulk-Buy-Multi-Options-11-12x12.webp 12w\" sizes=\"auto, (max-width: 1000px) 100vw, 1000px\" \/><\/p>\n<\/div>\n<div style=\"background-color: #fff0f5; padding: 25px; border-radius: 15px; margin-top: 30px; border: 2px dashed #FF69B4;\">\n<h3 style=\"color: #c71585; text-align: center; margin-top: 0;\">\ud83c\udf6d 10 Csod\u00e1latos Kombin\u00e1ci\u00f3s Lehet\u0151s\u00e9g<\/h3>\n<p style=\"text-align: center; margin-bottom: 20px;\">Minden lehet\u0151s\u00e9g boldogs\u00e1got hoz! V\u00e1laszd ki a kedvencet:<\/p>\n<div style=\"columns: 1; column-gap: 40px;\">\n<p style=\"margin: 8px 0; background: white; padding: 8px; border-radius: 8px;\">1. Eper J\u00e9g &amp; Lush J\u00e9g (S\u00e1rgadinnye)<\/p>\n<p style=\"margin: 8px 0; background: white; padding: 8px; border-radius: 8px;\">2. K\u00e9k Razz &amp; Cherry Ice<\/p>\n<p style=\"margin: 8px 0; background: white; padding: 8px; border-radius: 8px;\">3. Eper Gumi Medve &amp; Anan\u00e1sz J\u00e9g<\/p>\n<p style=\"margin: 8px 0; background: white; padding: 8px; border-radius: 8px;\">4. Kiwi Passi\u00f3gy\u00fcm\u00f6lcs Guava &amp; \u00c1fonya J\u00e9g<\/p>\n<p style=\"margin: 8px 0; background: white; padding: 8px; border-radius: 8px;\">5. Dupla Alma &amp; V\u00f6r\u00f6s Energia<\/p>\n<p style=\"margin: 8px 0; background: white; padding: 8px; border-radius: 8px;\">6. Savany\u00fa Alma Narancs \u00e9s Sz\u0151l\u0151 J\u00e9g<\/p>\n<p style=\"margin: 8px 0; background: white; padding: 8px; border-radius: 8px;\">7. Eper S\u00e1rgadinnye &amp; \u0150szibar\u00e1t J\u00e9g<\/p>\n<p style=\"margin: 8px 0; background: white; padding: 8px; border-radius: 8px;\">8. Eper M\u00e1lna &amp; Eper Mang\u00f3<\/p>\n<p style=\"margin: 8px 0; background: white; padding: 8px; border-radius: 8px;\">9. Eper Kivi &amp; \u00c1fonya \u0150szibar\u00e1t J\u00e9g<\/p>\n<p style=\"margin: 8px 0; background: white; padding: 8px; border-radius: 8px;\">10. Alma K\u00f6rte &amp; Eper Gr\u00e1n\u00e1talma<\/p>\n<\/div>\n<\/div>\n<h3 style=\"color: #2c3e50; margin-top: 40px;\">\ud83e\udd14 V\u00e1s\u00e1rl\u00f3i intelligens GYIK<\/h3>\n<div style=\"margin-bottom: 15px; border: 1px solid #e0e0e0; border-radius: 8px; padding: 15px; background-color: #fff;\">\n<h4 style=\"margin: 0 0 10px 0; color: #6a5acd;\">Q: Hogyan m\u0171k\u00f6dik a 6 az 1-ben rendszer?<\/h4>\n<p style=\"margin: 0; color: #666;\">A: Nagyon egyszer\u0171! Az eszk\u00f6z k\u00fcl\u00f6nb\u00f6z\u0151 lehet\u0151s\u00e9geket tartalmaz bel\u00fcl. K\u00f6z\u00f6tt\u00fck v\u00e1lthatsz, hogy azonnal megv\u00e1ltoztasd az \u00edzt. Nem kell 6 k\u00fcl\u00f6nb\u00f6z\u0151 vaporiz\u00e1l\u00f3t cipelni!<\/p>\n<\/div>\n<div style=\"margin-bottom: 15px; border: 1px solid #e0e0e0; border-radius: 8px; padding: 15px; background-color: #fff;\">\n<h4 style=\"margin: 0 0 10px 0; color: #6a5acd;\">K\u00e9rd\u00e9s: Gyors-e a sz\u00e1ll\u00edt\u00e1s Eur\u00f3p\u00e1ba?<\/h4>\n<p style=\"margin: 0; color: #666;\">A: Igen! Mivel a VapeXYZ vagyunk, eur\u00f3pai rakt\u00e1runkb\u00f3l sz\u00e1ll\u00edtunk. \u00c1ltal\u00e1ban 2-7 napon bel\u00fcl megkapja a csomagj\u00e1t.<\/p>\n<\/div>\n<div style=\"margin-bottom: 15px; border: 1px solid #e0e0e0; border-radius: 8px; padding: 15px; background-color: #fff;\">\n<h4 style=\"margin: 0 0 10px 0; color: #6a5acd;\">Van minim\u00e1lis rendel\u00e9si mennyis\u00e9g?<\/h4>\n<p style=\"margin: 0; color: #666;\">A: Szeret\u00fcnk minden v\u00e1s\u00e1rl\u00f3t! Nincs minim\u00e1lis rendel\u00e9si mennyis\u00e9g (MOQ), \u00edgy rendelhet egy kis dobozt vagy nagy mennyis\u00e9gben egy nagy kartont!<\/p>\n<\/div>\n<div style=\"text-align: center; margin-top: 50px;\">\n<p style=\"font-size: 20px; color: #333;\">K\u00e9szen \u00e1llsz, hogy kipr\u00f3b\u00e1ld a var\u00e1zslatot?<button style=\"background-color: #9370db; color: white; padding: 15px 30px; border: none; border-radius: 50px; font-size: 18px; cursor: pointer;\">OKSO 6IN1 rendel\u00e9se itt<a href=\"https:\/\/vapexyz.com\/hu\/\"> VapeXYZ<\/a> Most!<\/button><\/p>\n<p><img loading=\"lazy\" decoding=\"async\" class=\"aligncenter wp-image-61908 size-full\" src=\"https:\/\/vapexyz.com\/wp-content\/uploads\/2025\/12\/OKSO-6IN1-120k-120000-Puffs-6-Pod-System-Mesh-Coil-Technology-Disposable-Vape-Wholesale-Bulk-Buy-Multi-Options-4-1.webp\" alt=\"OKSO 6IN1 120k 120000 Puff 6 Pod Rendszer Mesh Coil Technol\u00f3gia Eldobhat\u00f3 Vape Nagykereskedelmi T\u00f6meges V\u00e1s\u00e1rl\u00e1s T\u00f6bb Lehet\u0151s\u00e9g\" width=\"1920\" height=\"1080\" title=\"\" srcset=\"https:\/\/vapexyz.com\/wp-content\/uploads\/2025\/12\/OKSO-6IN1-120k-120000-Puffs-6-Pod-System-Mesh-Coil-Technology-Disposable-Vape-Wholesale-Bulk-Buy-Multi-Options-4-1.webp 1920w, https:\/\/vapexyz.com\/wp-content\/uploads\/2025\/12\/OKSO-6IN1-120k-120000-Puffs-6-Pod-System-Mesh-Coil-Technology-Disposable-Vape-Wholesale-Bulk-Buy-Multi-Options-4-1-510x287.webp 510w, https:\/\/vapexyz.com\/wp-content\/uploads\/2025\/12\/OKSO-6IN1-120k-120000-Puffs-6-Pod-System-Mesh-Coil-Technology-Disposable-Vape-Wholesale-Bulk-Buy-Multi-Options-4-1-500x281.webp 500w, https:\/\/vapexyz.com\/wp-content\/uploads\/2025\/12\/OKSO-6IN1-120k-120000-Puffs-6-Pod-System-Mesh-Coil-Technology-Disposable-Vape-Wholesale-Bulk-Buy-Multi-Options-4-1-1024x576.webp 1024w, https:\/\/vapexyz.com\/wp-content\/uploads\/2025\/12\/OKSO-6IN1-120k-120000-Puffs-6-Pod-System-Mesh-Coil-Technology-Disposable-Vape-Wholesale-Bulk-Buy-Multi-Options-4-1-768x432.webp 768w, https:\/\/vapexyz.com\/wp-content\/uploads\/2025\/12\/OKSO-6IN1-120k-120000-Puffs-6-Pod-System-Mesh-Coil-Technology-Disposable-Vape-Wholesale-Bulk-Buy-Multi-Options-4-1-1536x864.webp 1536w, https:\/\/vapexyz.com\/wp-content\/uploads\/2025\/12\/OKSO-6IN1-120k-120000-Puffs-6-Pod-System-Mesh-Coil-Technology-Disposable-Vape-Wholesale-Bulk-Buy-Multi-Options-4-1-18x10.webp 18w\" sizes=\"auto, (max-width: 1920px) 100vw, 1920px\" \/><\/p>\n<\/div>\n<p>&nbsp;<\/p>\n<\/article>","protected":false},"excerpt":{"rendered":"<p>Az OKSO 6IN1 120k 120000 Puffs egy \u00fatt\u00f6r\u0151 eldobhat\u00f3 vape, amely egyedi 6-pod forg\u00f3 rendszerrel rendelkezik a k\u00fcl\u00f6nb\u00f6z\u0151 arom\u00e1s lehet\u0151s\u00e9gekhez, p\u00e1ratlan hossz\u00fa \u00e9lettartamot \u00e9s k\u00e9nyelmet biztos\u00edtva a kiskeresked\u0151k sz\u00e1m\u00e1ra, akik a v\u00e9gs\u0151 nagykereskedelmi \u00f6mlesztett v\u00e1s\u00e1rl\u00e1si megold\u00e1st keresik.<\/p>","protected":false},"featured_media":61896,"comment_status":"open","ping_status":"closed","template":"","meta":{"_lmt_disableupdate":"no","_lmt_disable":""},"product_brand":[],"product_cat":[1073,1087,947,935,934,927,929,928,930,933,939,932,938,931,936,937,1017,948,949,946,1083,950,951,953,954,820,987],"product_tag":[],"class_list":{"0":"post-61851","1":"product","2":"type-product","3":"status-publish","4":"has-post-thumbnail","6":"product_cat-okso-disposable-vapes","7":"product_cat-120000-puff-vapes","8":"product_cat-big-puffs-vapes","9":"product_cat-bulk-buy-disposable-vapes-in-austria","10":"product_cat-bulk-buy-disposable-vapes-in-belgium","11":"product_cat-bulk-buy-disposable-vapes-in-europe","12":"product_cat-bulk-buy-disposable-vapes-in-france","13":"product_cat-bulk-buy-disposable-vapes-in-germany","14":"product_cat-bulk-buy-disposable-vapes-in-italy","15":"product_cat-bulk-buy-disposable-vapes-in-netherlands","16":"product_cat-bulk-buy-disposable-vapes-in-norway","17":"product_cat-bulk-buy-disposable-vapes-in-poland","18":"product_cat-bulk-buy-disposable-vapes-in-portugal","19":"product_cat-bulk-buy-disposable-vapes-in-spain","20":"product_cat-bulk-buy-disposable-vapes-in-sweden","21":"product_cat-bulk-buy-disposable-vapes-in-switzerland","22":"product_cat-buy-best-disposable-vape-flavors","23":"product_cat-crystal-vapes","24":"product_cat-digital-box-vapes","25":"product_cat-disposable-vapes-series","26":"product_cat-double-flavor-vapes","27":"product_cat-dual-mesh-vapes","28":"product_cat-lower-nicotine-vapes","29":"product_cat-rechargeable-vapes","30":"product_cat-shisha-hookah-vapes","31":"product_cat-vape","32":"product_cat-vape-shop-by-puffs","34":"first","35":"instock","36":"shipping-taxable","37":"purchasable","38":"product-type-variable","39":"has-default-attributes"},"jetpack_sharing_enabled":true,"tiered_pricing_type":"fixed","tiered_pricing_fixed_rules":[],"tiered_pricing_product_settings":{"layout":"default","base_unit_name":{"singular":null,"plural":null},"default_variation":null},"tiered_pricing_minimum_quantity":null,"tiered_pricing_roles_data":[],"tiered_pricing_percentage_rules":[],"tiered_pricing_maximum_quantity":null,"tiered_pricing_quantity_step":null,"_links":{"self":[{"href":"https:\/\/vapexyz.com\/hu\/wp-json\/wp\/v2\/product\/61851","targetHints":{"allow":["GET"]}}],"collection":[{"href":"https:\/\/vapexyz.com\/hu\/wp-json\/wp\/v2\/product"}],"about":[{"href":"https:\/\/vapexyz.com\/hu\/wp-json\/wp\/v2\/types\/product"}],"replies":[{"embeddable":true,"href":"https:\/\/vapexyz.com\/hu\/wp-json\/wp\/v2\/comments?post=61851"}],"wp:featuredmedia":[{"embeddable":true,"href":"https:\/\/vapexyz.com\/hu\/wp-json\/wp\/v2\/media\/61896"}],"wp:attachment":[{"href":"https:\/\/vapexyz.com\/hu\/wp-json\/wp\/v2\/media?parent=61851"}],"wp:term":[{"taxonomy":"product_brand","embeddable":true,"href":"https:\/\/vapexyz.com\/hu\/wp-json\/wp\/v2\/product_brand?post=61851"},{"taxonomy":"product_cat","embeddable":true,"href":"https:\/\/vapexyz.com\/hu\/wp-json\/wp\/v2\/product_cat?post=61851"},{"taxonomy":"product_tag","embeddable":true,"href":"https:\/\/vapexyz.com\/hu\/wp-json\/wp\/v2\/product_tag?post=61851"}],"curies":[{"name":"wp","href":"https:\/\/api.w.org\/{rel}","templated":true}]}}