{"id":61082,"date":"2025-12-23T09:40:56","date_gmt":"2025-12-23T09:40:56","guid":{"rendered":"https:\/\/vapexyz.com\/?post_type=product&#038;p=61082"},"modified":"2026-03-04T13:44:01","modified_gmt":"2026-03-04T13:44:01","slug":"vopk-btc-35k-35000-puff-kettos-haloszalas-eldobhato-vape-nagykereskedelem-allithato-legaramlas-szabalyozas","status":"publish","type":"product","link":"https:\/\/vapexyz.com\/hu\/product\/vopk-btc-35k-35000-puffs-dual-mesh-coil-disposable-vape-wholesale-adjustable-airflow-control\/","title":{"rendered":"VOPK BTC 35K 35000 Puffs Dual Mesh Coil Eldobhat\u00f3 Vape Nagykereskedelem \u00c1ll\u00edthat\u00f3 L\u00e9g\u00e1raml\u00e1s-szab\u00e1lyoz\u00e1s"},"content":{"rendered":"<article style=\"font-family: 'Segoe UI', Roboto, Helvetica, Arial, sans-serif; line-height: 1.6; color: #333; max-width: 100%; margin: auto; padding: 20px; background-color: #f9f9f9; border-radius: 10px; border: 1px solid #e0e0e0;\">\n<h2 style=\"color: #2c3e50; text-align: center; font-size: 2.2em; margin-bottom: 25px; border-bottom: 2px solid #3498db; padding-bottom: 15px;\"><a href=\"https:\/\/vapexyz.com\/hu\/termekkategoria\/vopk\/\">VOPK<\/a> BTC 35K: A Nagy Kapacit\u00e1s\u00fa Eldobhat\u00f3 Vape Technol\u00f3gia Cs\u00facspontja<\/h2>\n<p style=\"font-size: 1.1em; text-align: justify; margin-bottom: 20px;\">A g\u0151z\u00f6l\u0151 hardverek gyorsan fejl\u0151d\u0151 t\u00e1j\u00e1n a VOPK BTC 35K piacvezet\u0151v\u00e9 l\u00e9p fel, kifejezetten a modern fogyaszt\u00f3k szigor\u00fa ig\u00e9nyeinek kiel\u00e9g\u00edt\u00e9s\u00e9re tervezve. A VapeXYZ-en kereszt\u00fcl, Eur\u00f3pa premier nagykereskedelmi forgalmaz\u00f3j\u00e1n\u00e1l kaphat\u00f3, ez az eszk\u00f6z jelent\u0151s el\u0151rel\u00e9p\u00e9st jelent a eldobhat\u00f3 g\u0151z\u00f6l\u0151 m\u00e9rn\u00f6ks\u00e9gben. Ellent\u00e9tben a hagyom\u00e1nyos modellekkel, amelyek korl\u00e1tozott \u00e9lettartamot k\u00edn\u00e1lnak, a VOPK BTC 35K \u00fagy van tervezve, hogy p\u00e9ld\u00e1tlan 35 000 sz\u00edv\u00e1st biztos\u00edtson, \u00faj m\u00e9rc\u00e9t \u00e1ll\u00edtva fel a tart\u00f3ss\u00e1g \u00e9s a megb\u00edzhat\u00f3s\u00e1g ter\u00e9n a szektorban.<\/p>\n<p style=\"font-size: 1.1em; text-align: justify; margin-bottom: 30px;\">A kiskeresked\u0151k \u00e9s a nagykereskedelmi v\u00e1s\u00e1rl\u00f3k sz\u00e1m\u00e1ra a VOPK BTC 35K k\u00e9szletez\u00e9se min\u0151s\u00e9gi \u00e9s innov\u00e1ci\u00f3s elk\u00f6telezetts\u00e9get jelent. Ez az eszk\u00f6z nem csup\u00e1n fogy\u00f3eszk\u00f6z; hanem egy kifinomult hardver nagy, integr\u00e1lt nagyfelbont\u00e1s\u00fa kijelz\u0151vel, kett\u0151s h\u00e1l\u00f3 tekercs technol\u00f3gi\u00e1val \u00e9s robusztus l\u00e9g\u00e1raml\u00e1s-szab\u00e1lyoz\u00e1ssal. Az eszt\u00e9tikai vonzer\u0151 \u00e9s az ipari min\u0151s\u00e9g\u0171 teljes\u00edtm\u00e9ny kombin\u00e1l\u00e1s\u00e1val a VOPK l\u00e9trehozott egy eldobhat\u00f3 vape-ot, amely mind a kezd\u0151 felhaszn\u00e1l\u00f3kat, mind a tapasztalt rajong\u00f3kat vonzza, akik k\u00f6vetkezetess\u00e9get keresnek. A VapeXYZ-n\u00e9l biztos\u00edtjuk, hogy k\u00e9szlet\u00e9t ezekkel a nagy teljes\u00edtm\u00e9ny\u0171 egys\u00e9gekkel t\u00f6ltse fel, amelyeket sz\u00e9lesk\u00f6r\u0171 logisztikai h\u00e1l\u00f3zatunk \u00e9s a nagykereskedelmi kiv\u00e1l\u00f3s\u00e1g ir\u00e1nti elk\u00f6telezetts\u00e9g\u00fcnk t\u00e1mogat.<\/p>\n<div style=\"background-color: #fff; padding: 30px; border-radius: 15px; margin-bottom: 40px;\">\n<h3 style=\"color: #2980b9; font-size: 1.8em; margin-top: 0; margin-bottom: 20px;\">M\u00e9rn\u00f6ki Kiv\u00e1l\u00f3s\u00e1g: A Dupla H\u00e1l\u00f3 Tekercsel\u0151 Rendszer<\/h3>\n<p style=\"margin-bottom: 15px;\">A VOPK BTC 35K sz\u00edv\u00e9ben rejlik annak fejlett f\u0171t\u0151eleme: a 0,8\u03a9 Dual Mesh Coil. Az eldobhat\u00f3 vapek vil\u00e1g\u00e1ban a tekercs integrit\u00e1sa kiemelked\u0151en fontos. A standard egyhuzalos tekercsek gyakran szenvednek az egyenetlen f\u0171t\u00e9st\u0151l, ami korai ki\u00e9g\u00e9shez \u00e9s inkonzisztens \u00edzsz\u00e1ll\u00edt\u00e1shoz vezet. A kett\u0151s h\u00e1l\u00f3 architekt\u00fara ezt \u00fagy kezeli, hogy n\u00f6veli a tart\u00e1lyanyaggal \u00e9rintkez\u0151 fel\u00fcletet.<\/p>\n<p>Ez a m\u0171szaki konfigur\u00e1ci\u00f3 gyorsabb \u00e9s egyenletesebb felfut\u00e1si id\u0151t tesz lehet\u0151v\u00e9. A felhaszn\u00e1l\u00f3k v\u00e1ltogathatnak az \u00fczemm\u00f3dok k\u00f6z\u00f6tt, hat\u00e9konyan kihaszn\u00e1lva a kett\u0151s tekercseket ak\u00e1r az \u00e9lettartam maximaliz\u00e1l\u00e1s\u00e1ra, ak\u00e1r a p\u00e1rolg\u00e1si kimenet s\u0171r\u0171s\u00e9g\u00e9nek n\u00f6vel\u00e9s\u00e9re. Ez a \u201cDual-Mode\u201d k\u00e9pess\u00e9g biztos\u00edtja, hogy az eszk\u00f6z fenntartja teljes\u00edtm\u00e9ny\u00e9nek integrit\u00e1s\u00e1t az els\u0151 sz\u00edv\u00e1st\u00f3l a 35 000. sz\u00edv\u00e1sig, sima, s\u0171r\u0171 \u00e9s kiel\u00e9g\u00edt\u0151 f\u00faj\u00e1st biztos\u00edtva a gyakran alacsonyabb min\u0151s\u00e9g\u0171 eldobhat\u00f3 vape modellekn\u00e9l tapasztalt degrad\u00e1ci\u00f3 n\u00e9lk\u00fcl.<\/p>\n<\/div>\n<p><img loading=\"lazy\" decoding=\"async\" class=\"aligncenter wp-image-61108 size-large\" src=\"https:\/\/vapexyz.com\/wp-content\/uploads\/2025\/12\/VOPK-BTC-35K-35000-Puffs-Dual-Mesh-Coil-Disposable-Vape-Wholesale-Adjustable-Airflow-Control-1024x1024.webp\" alt=\"VOPK BTC 35K 35000 Puffs Dual Mesh Coil Eldobhat\u00f3 Vape Nagykereskedelem \u00c1ll\u00edthat\u00f3 L\u00e9g\u00e1raml\u00e1s-szab\u00e1lyoz\u00e1s\" width=\"1020\" height=\"1020\" title=\"\" srcset=\"https:\/\/vapexyz.com\/wp-content\/uploads\/2025\/12\/VOPK-BTC-35K-35000-Puffs-Dual-Mesh-Coil-Disposable-Vape-Wholesale-Adjustable-Airflow-Control-1024x1024.webp 1024w, https:\/\/vapexyz.com\/wp-content\/uploads\/2025\/12\/VOPK-BTC-35K-35000-Puffs-Dual-Mesh-Coil-Disposable-Vape-Wholesale-Adjustable-Airflow-Control-500x500.webp 500w, https:\/\/vapexyz.com\/wp-content\/uploads\/2025\/12\/VOPK-BTC-35K-35000-Puffs-Dual-Mesh-Coil-Disposable-Vape-Wholesale-Adjustable-Airflow-Control-300x300.webp 300w, https:\/\/vapexyz.com\/wp-content\/uploads\/2025\/12\/VOPK-BTC-35K-35000-Puffs-Dual-Mesh-Coil-Disposable-Vape-Wholesale-Adjustable-Airflow-Control-768x768.webp 768w, https:\/\/vapexyz.com\/wp-content\/uploads\/2025\/12\/VOPK-BTC-35K-35000-Puffs-Dual-Mesh-Coil-Disposable-Vape-Wholesale-Adjustable-Airflow-Control-12x12.webp 12w, https:\/\/vapexyz.com\/wp-content\/uploads\/2025\/12\/VOPK-BTC-35K-35000-Puffs-Dual-Mesh-Coil-Disposable-Vape-Wholesale-Adjustable-Airflow-Control-247x247.webp 247w, https:\/\/vapexyz.com\/wp-content\/uploads\/2025\/12\/VOPK-BTC-35K-35000-Puffs-Dual-Mesh-Coil-Disposable-Vape-Wholesale-Adjustable-Airflow-Control-510x510.webp 510w, https:\/\/vapexyz.com\/wp-content\/uploads\/2025\/12\/VOPK-BTC-35K-35000-Puffs-Dual-Mesh-Coil-Disposable-Vape-Wholesale-Adjustable-Airflow-Control-100x100.webp 100w, https:\/\/vapexyz.com\/wp-content\/uploads\/2025\/12\/VOPK-BTC-35K-35000-Puffs-Dual-Mesh-Coil-Disposable-Vape-Wholesale-Adjustable-Airflow-Control.webp 1500w\" sizes=\"auto, (max-width: 1020px) 100vw, 1020px\" \/><\/p>\n<h2 style=\"color: #2c3e50; text-align: center; font-size: 2em; margin-bottom: 30px;\">Speci\u00e1lis felhaszn\u00e1l\u00f3i fel\u00fclet \u00e9s energiaell\u00e1t\u00e1s-kezel\u00e9s<\/h2>\n<div style=\"flex-wrap: wrap; gap: 25px; margin-bottom: 40px;\">\n<div style=\"flex: 1; min-width: 300px; background: #ffffff; padding: 25px; border-radius: 15px; border-left: 5px solid #27ae60;\">\n<h3 style=\"color: #27ae60; margin-top: 0;\">Intelligens kijelz\u0151 integr\u00e1ci\u00f3<\/h3>\n<p>A VOPK BTC 35K kiemelkedik egy felt\u0171n\u0151, nagy felbont\u00e1s\u00fa digit\u00e1lis kijelz\u0151vel. Ez a \u201cTV-st\u00edlus\u00fa\u201d k\u00e9perny\u0151 kik\u00fcsz\u00f6b\u00f6li a hagyom\u00e1nyos eldobhat\u00f3 vaporiz\u00e1l\u00f3kkal kapcsolatos tal\u00e1lgat\u00e1st. Val\u00f3s id\u0151ben szolg\u00e1ltatja a k\u00e9t kritikus adatot: az aktu\u00e1lis akkumul\u00e1tor-\u00e9lettartamot \u00e9s a fennmarad\u00f3 folyad\u00e9kmennyis\u00e9get. Ez az \u00e1tl\u00e1that\u00f3s\u00e1g lehet\u0151v\u00e9 teszi a felhaszn\u00e1l\u00f3k sz\u00e1m\u00e1ra, hogy hat\u00e9konyan kezelj\u00e9k a haszn\u00e1latukat, biztos\u00edtva, hogy soha ne \u00e9rjenek meglepet\u00e9sk\u00e9nt egy lemer\u00fclt akkumul\u00e1tor vagy egy \u00fcres k\u00e9sz\u00fcl\u00e9k.<\/p>\n<\/div>\n<div style=\"flex: 1; min-width: 300px; background: #ffffff; padding: 25px; border-radius: 15px; border-left: 5px solid #8e44ad;\">\n<h3 style=\"color: #8e44ad; margin-top: 0;\">850 mAh \u00fajrat\u00f6lthet\u0151 akkumul\u00e1tor<\/h3>\n<p>Ennek a nagy kapacit\u00e1s\u00fa egys\u00e9gnek a m\u0171k\u00f6dtet\u00e9s\u00e9t egy robusztus 850mAh-s akkumul\u00e1tor biztos\u00edtja.  Az endurance-re tervezett akkumul\u00e1tor t\u00e1mogatja a k\u00e9sz\u00fcl\u00e9k hosszabb \u00e9lettartam\u00e1t.  Az egyszer haszn\u00e1latos akkumul\u00e1torokkal ellent\u00e9tben, amelyek hozz\u00e1j\u00e1rulnak a hullad\u00e9khoz, ez a rendszer \u00fajrat\u00f6lthet\u0151 egy modern Type-C porton kereszt\u00fcl.  Ez biztos\u00edtja, hogy a 22ml-es tart\u00e1ly minden cseppje hasznosuljon, maxim\u00e1lis \u00e9rt\u00e9ket biztos\u00edtva \u00e9s cs\u00f6kkentve a k\u00f6rnyezeti l\u00e1bnyomot az alacsonyabb kapacit\u00e1s\u00fa, eldobhat\u00f3 vape-okkal szemben.<\/p>\n<\/div>\n<\/div>\n<div style=\"background-color: #eaf2f8; padding: 25px; border-radius: 15px; border: 1px solid #d6eaf8; margin-bottom: 40px;\">\n<h3 style=\"color: #2c3e50; margin-top: 0;\">Pontos l\u00e9g\u00e1raml\u00e1s szab\u00e1lyoz\u00e1s<\/h3>\n<p>A szem\u00e9lyre szab\u00e1s kulcsfontoss\u00e1g\u00fa a modern vaporiz\u00e1ci\u00f3s \u00e9lm\u00e9nyhez. A VOPK BTC 35K egy finom\u00edtott \u00e1ll\u00edthat\u00f3 l\u00e9g\u00e1raml\u00e1si mechanizmussal rendelkezik, amely a k\u00e9sz\u00fcl\u00e9k alj\u00e1n tal\u00e1lhat\u00f3. Ez a cs\u00faszka lehet\u0151v\u00e9 teszi a felhaszn\u00e1l\u00f3k sz\u00e1m\u00e1ra, hogy finomhangolj\u00e1k a sz\u00edv\u00e1si ellen\u00e1ll\u00e1st, z\u00f6kken\u0151mentesen v\u00e1ltva egy szoros, korl\u00e1tozott sz\u00edv\u00e1st\u00f3l egy laza, l\u00e9gies inhal\u00e1ci\u00f3ig. Ez az alkalmazkod\u00f3k\u00e9pess\u00e9g sz\u00e9lesk\u00f6r\u0171 felhaszn\u00e1l\u00f3i preferenci\u00e1khoz teszi alkalmass\u00e1 a k\u00e9sz\u00fcl\u00e9ket, biztos\u00edtva, hogy ak\u00e1r a felhaszn\u00e1l\u00f3 s\u0171r\u0171 felh\u0151t, ak\u00e1r finom kimenetet prefer\u00e1l, a VOPK BTC 35K megfelel az ig\u00e9nyeknek.<\/p>\n<\/div>\n<h2 style=\"color: #2c3e50; text-align: center; font-size: 2em; margin-bottom: 30px;\">Kurat\u00e1lt Aromatikus Profilok<\/h2>\n<p style=\"text-align: center; margin-bottom: 30px; font-size: 1.05em;\">A VOPK BTC 35K t\u00edz k\u00fcl\u00f6nb\u00f6z\u0151 \u00e9rz\u00e9kszervi profilt k\u00edn\u00e1l. Minden lehet\u0151s\u00e9get gondosan alak\u00edtottak ki annak biztos\u00edt\u00e1s\u00e1ra, hogy stabilit\u00e1st \u00e9s gazdags\u00e1got ny\u00fajtson az eszk\u00f6z teljes \u00e9lettartama alatt.<\/p>\n<div style=\"grid-template-columns: repeat(auto-fill, minmax(280px, 1fr)); gap: 20px; margin-bottom: 50px;\">\n<div style=\"background: white; padding: 20px; border-radius: 10px; border: 1px solid #eee;\">\n<p>1. G\u00f6r\u00f6gdinnye j\u00e9g<\/p>\n<p style=\"font-size: 0.9em; margin: 0;\">H\u0171s \u00e9s friss\u00edt\u0151 profil, amely megragadja a h\u0171t\u00f6tt ny\u00e1ri dinny\u00e9k l\u00e9nyeg\u00e9t, \u00e9s h\u0171s\u00edt\u0151 befejez\u00e9st k\u00edn\u00e1l.<\/p>\n<\/div>\n<div style=\"background: white; padding: 20px; border-radius: 10px; border: 1px solid #eee;\">\n<p>2. K\u00e9k Razz J\u00e9g<\/p>\n<p style=\"font-size: 0.9em; margin: 0;\">Egy n\u00e9pszer\u0171 kever\u00e9k, amelyben az \u00e9les k\u00e9k m\u00e1lna jegyek egyens\u00falyban vannak egy fagyos mentol \u00e9rz\u00e9ssel.<\/p>\n<\/div>\n<div style=\"background: white; padding: 20px; border-radius: 10px; border: 1px solid #eee;\">\n<p>3. Eper Robban\u00e1s<\/p>\n<p style=\"font-size: 0.9em; margin: 0;\">\u00c9l\u00e9nk \u00e9s \u00e9des profil, amely az \u00e9rett eperre eml\u00e9keztet, sima \u00e9s gy\u00fcm\u00f6lcs\u00f6s arom\u00e1t ny\u00fajtva.<\/p>\n<\/div>\n<div style=\"background: white; padding: 20px; border-radius: 10px; border: 1px solid #eee;\">\n<p>4. Georgia Peach<\/p>\n<p style=\"font-size: 0.9em; margin: 0;\">D\u00e9li gy\u00fcm\u00f6lcs\u00f6s\u00f6k ihlette, ez a v\u00e1ltozat gazdag, nekt\u00e1rszer\u0171 \u0151szibarack \u00edzt k\u00edn\u00e1l, amely egyszerre l\u00e1gy \u00e9s \u00e9des.<\/p>\n<\/div>\n<div style=\"background: white; padding: 20px; border-radius: 10px; border: 1px solid #eee;\">\n<p>5. Pasi\u00e1ns Kiwi<\/p>\n<p style=\"font-size: 0.9em; margin: 0;\">Egy egzotikus kombin\u00e1ci\u00f3, amely a kivi savany\u00fas\u00e1g\u00e1t a passi\u00f3gy\u00fcm\u00f6lcs \u00e9des, tr\u00f3pusi jegyeivel p\u00e1ros\u00edtja.<\/p>\n<\/div>\n<div style=\"background: white; padding: 20px; border-radius: 10px; border: 1px solid #eee;\">\n<p>6. Narancs \u00c1fonya Citrom J\u00e9g<\/p>\n<p style=\"font-size: 0.9em; margin: 0;\">Egy \u00f6sszetett citrusos gy\u00fcm\u00f6lcskever\u00e9k, amely \u00f6tv\u00f6zi a fanyar lime-ot \u00e9s a narancsot az \u00e1fony\u00e1val, j\u00e9ggel z\u00e1rva.<\/p>\n<\/div>\n<div style=\"background: white; padding: 20px; border-radius: 10px; border: 1px solid #eee;\">\n<p>7. H\u0171s\u00edt\u0151 Menta<\/p>\n<p style=\"font-size: 0.9em; margin: 0;\">Egy klasszikus, egyenes mentolos profil, amely tiszta, \u00e9l\u00e9nk\u00edt\u0151 \u00e9s jeges \u00e9lm\u00e9nyt ny\u00fajt.<\/p>\n<\/div>\n<div style=\"background: white; padding: 20px; border-radius: 10px; border: 1px solid #eee;\">\n<p>8. Savany\u00fa Mang\u00f3 Anan\u00e1sz<\/p>\n<p style=\"font-size: 0.9em; margin: 0;\">Tr\u00f3pusi er\u0151m\u0171, amely \u00f6tv\u00f6zi az anan\u00e1sz \u00e9dess\u00e9g\u00e9t a savas mang\u00f3 pik\u00e1ns erej\u00e9vel.<\/p>\n<\/div>\n<div style=\"background: white; padding: 20px; border-radius: 10px; border: 1px solid #eee;\">\n<p>9. Feh\u00e9r \u0150szibar\u00e1t M\u00e1lna<\/p>\n<p style=\"font-size: 0.9em; margin: 0;\">Egy finom f\u00fazi\u00f3ja a vir\u00e1gos feh\u00e9r \u0151szibaracknak \u00e9s a savanyk\u00e1s m\u00e1ln\u00e1nak, amely kifinomult \u00e9s kiegyens\u00falyozott profilt hoz l\u00e9tre.<\/p>\n<\/div>\n<div style=\"background: white; padding: 20px; border-radius: 10px; border: 1px solid #eee;\">\n<p>10. Ban\u00e1n Karamell Fagyi<\/p>\n<p style=\"font-size: 0.9em; margin: 0;\">Kr\u00e9mes \u00e9s nosztalgikus profil, amely \u00e9des ban\u00e1n \u00e9dess\u00e9geket ut\u00e1noz, friss\u00edt\u0151 h\u0171v\u00f6s alaphanggal.<\/p>\n<\/div>\n<\/div>\n<h2 style=\"color: #2c3e50; margin-top: 50px; text-align: center;\">M\u0171szaki Specifik\u00e1ci\u00f3k \u00e9s Piaci Adatok<\/h2>\n<div style=\"margin-bottom: 50px;\">\n<table style=\"width: 100%; border-collapse: collapse; background: white; border-radius: 10px; overflow: hidden;\">\n<thead>\n<tr style=\"background-color: #34495e; color: white;\">\n<th style=\"padding: 15px; text-align: left; font-weight: 600;\">M\u0171szaki adatok kateg\u00f3ria<\/th>\n<th style=\"padding: 15px; text-align: left; font-weight: 600;\">M\u0171szaki r\u00e9szletek<\/th>\n<\/tr>\n<\/thead>\n<tbody>\n<tr style=\"border-bottom: 1px solid #eee;\">\n<td style=\"padding: 15px; color: #555;\">Puff \u00e9rt\u00e9kel\u00e9s<\/td>\n<td style=\"padding: 15px; color: #333;\">K\u00f6r\u00fclbel\u00fcl 35 000 Puffs<\/td>\n<\/tr>\n<tr style=\"background-color: #f9f9f9; border-bottom: 1px solid #eee;\">\n<td style=\"padding: 15px; color: #555;\">T\u00e1roz\u00f3kapacit\u00e1s<\/td>\n<td style=\"padding: 15px; color: #333;\">22ml El\u0151re t\u00f6lt\u00f6tt kamra<\/td>\n<\/tr>\n<tr style=\"border-bottom: 1px solid #eee;\">\n<td style=\"padding: 15px; color: #555;\">Tekercselrendez\u00e9s<\/td>\n<td style=\"padding: 15px; color: #333;\">0,8\u03a9 Dual Mesh technol\u00f3gia<\/td>\n<\/tr>\n<tr style=\"background-color: #f9f9f9; border-bottom: 1px solid #eee;\">\n<td style=\"padding: 15px; color: #555;\">Akku specifik\u00e1ci\u00f3k<\/td>\n<td style=\"padding: 15px; color: #333;\">850mAh, Type-C \u00fajrat\u00f6lthet\u0151<\/td>\n<\/tr>\n<tr style=\"border-bottom: 1px solid #eee;\">\n<td style=\"padding: 15px; color: #555;\">Kijelz\u0151 fel\u00fclet<\/td>\n<td style=\"padding: 15px; color: #333;\">Nagy Felbont\u00e1s\u00fa Digit\u00e1lis Kijelz\u0151 (Elem &amp; Hanger\u0151)<\/td>\n<\/tr>\n<tr style=\"background-color: #f9f9f9;\">\n<td style=\"padding: 15px; color: #555;\">Nagykereskedelmi el\u00e9rhet\u0151s\u00e9g<\/td>\n<td style=\"padding: 15px; color: #333;\">Kaphat\u00f3 a VapeXYZ-en kereszt\u00fcl (Glob\u00e1lis sz\u00e1ll\u00edt\u00e1s)<\/td>\n<\/tr>\n<\/tbody>\n<\/table>\n<\/div>\n<h2 style=\"color: #2c3e50; text-align: center; margin-bottom: 30px;\">Gyakran Ism\u00e9telt K\u00e9rd\u00e9sek (GYIK)<\/h2>\n<div style=\"margin-bottom: 40px;\">\n<div style=\"margin-bottom: 20px; background: #fff; border: 1px solid #ddd; border-radius: 8px; overflow: hidden;\">\n<h3 style=\"background-color: #f4f6f7; color: #2c3e50; padding: 15px; margin: 0; font-size: 1.1em; border-bottom: 1px solid #ddd;\">Mi\u00e9rt tekintik a VOPK BTC 35K-t a kiskeresked\u0151k sz\u00e1m\u00e1ra fels\u0151bbrend\u0171 v\u00e1laszt\u00e1snak?<\/h3>\n<div style=\"padding: 20px; color: #555;\">\n<p style=\"margin: 0;\">A kiskeresked\u0151k el\u0151nyben r\u00e9szes\u00edtik a VOPK BTC 35K-t a magas forgalmi potenci\u00e1lja \u00e9s az \u00fcgyf\u00e9l-el\u00e9gedetts\u00e9gi ar\u00e1nyai miatt. A 35 000 sz\u00edv\u00e1s sz\u00e1m jelent\u0151sen t\u00fal\u00e9l minden standard versenyt\u00e1rsat, jobb \u00e9rt\u00e9ket biztos\u00edtva a v\u00e9gfelhaszn\u00e1l\u00f3 sz\u00e1m\u00e1ra. Ezenk\u00edv\u00fcl a digit\u00e1lis k\u00e9perny\u0151 \u00e9s az \u00e1ll\u00edthat\u00f3 l\u00e9g\u00e1raml\u00e1s be\u00e9p\u00edt\u00e9se pr\u00e9mium \u00e9rzetet ad a term\u00e9knek an\u00e9lk\u00fcl, hogy t\u00falzott k\u00f6lts\u00e9geket okozna, vonz\u00f3 lehet\u0151s\u00e9get teremtve a polcokon val\u00f3 megjelen\u00edt\u00e9shez. A VapeXYZ-t\u0151l val\u00f3 beszerz\u00e9s biztos\u00edtja az eredeti term\u00e9keket \u00e9s a megb\u00edzhat\u00f3 ell\u00e1t\u00e1si l\u00e1nc kezel\u00e9s\u00e9t.<\/p>\n<\/div>\n<\/div>\n<div style=\"margin-bottom: 20px; background: #fff; border: 1px solid #ddd; border-radius: 8px; overflow: hidden;\">\n<h3 style=\"background-color: #f4f6f7; color: #2c3e50; padding: 15px; margin: 0; font-size: 1.1em; border-bottom: 1px solid #ddd;\">Hogyan jav\u00edtja a kett\u0151s h\u00e1l\u00f3 tekercs a g\u0151z\u00f6l\u00e9si \u00e9lm\u00e9nyt?<\/h3>\n<div style=\"padding: 20px; color: #555;\">\n<p style=\"margin: 0;\">A kett\u0151s h\u00e1l\u00f3sz\u00f6vet\u0171 tekercsrendszer \u00fagy van kialak\u00edtva, hogy \u00e1lland\u00f3 f\u0171t\u00e9si fel\u00fcletet biztos\u00edtson. Ez megakad\u00e1lyozza a forr\u00f3 pontokat, amelyek t\u00f6nkretehetik az \u00edzprofilt. K\u00e9t h\u00e1l\u00f3r\u00e9teg felhaszn\u00e1l\u00e1s\u00e1val az eszk\u00f6z hat\u00e9konyabban p\u00e1rologtatja el a tartalmat, ami s\u0171r\u0171bb felh\u0151t \u00e9s tiszta, hamis\u00edtatlan \u00edzt eredm\u00e9nyez az els\u0151 sz\u00edv\u00e1st\u00f3l az utols\u00f3ig. Emellett redundanci\u00e1t is k\u00edn\u00e1l; ha a h\u00e1l\u00f3 egyik r\u00e9sze fesz\u00fclts\u00e9g alatt van, a teljes rendszer fenntartja a teljes\u00edtm\u00e9nyt.<\/p>\n<\/div>\n<\/div>\n<div style=\"margin-bottom: 20px; background: #fff; border: 1px solid #ddd; border-radius: 8px; overflow: hidden;\">\n<h3 style=\"background-color: #f4f6f7; color: #2c3e50; padding: 15px; margin: 0; font-size: 1.1em; border-bottom: 1px solid #ddd;\">Milyen sz\u00e1ll\u00edt\u00e1si logisztika vonatkozik a VapeXYZ-en kereszt\u00fcl t\u00f6rt\u00e9n\u0151 nagy mennyis\u00e9g\u0171 rendel\u00e9sekre?<\/h3>\n<div style=\"padding: 20px; color: #555;\">\n<p style=\"margin: 0;\">A VapeXYZ a nagykereskedelmi eldobhat\u00f3 vape term\u00e9kek \u00e1ramvonalas logisztik\u00e1j\u00e1ra specializ\u00e1l\u00f3dott. Alacsony minim\u00e1lis rendel\u00e9si mennyis\u00e9get (MOQ) alkalmazunk, mind\u00f6ssze 10 darabot, ami megk\u00f6nny\u00edti minden m\u00e9ret\u0171 v\u00e1llalkoz\u00e1s sz\u00e1m\u00e1ra a k\u00e9szletfelt\u00f6lt\u00e9st. Forgalmaz\u00e1si h\u00e1l\u00f3zatunk az eur\u00f3pai piacra optimaliz\u00e1lt, gyors, v\u00e1mhat\u00f3s\u00e1gi megfelel\u0151s\u00e9get biztos\u00edt\u00f3 sz\u00e1ll\u00edt\u00e1st garant\u00e1l. Els\u0151dleges fontoss\u00e1g\u00fanak tartjuk a biztons\u00e1gos csomagol\u00e1st a sz\u00e1ll\u00edt\u00e1s k\u00f6zbeni k\u00e1rok megel\u0151z\u00e9se \u00e9rdek\u00e9ben, biztos\u00edtva, hogy k\u00e9szlete \u00e9rkez\u00e9skor \u00e9rintetlen \u00e1llapotban legyen, k\u00e9szen a kiskereskedelmi forgalomba hozatalra.<\/p>\n<\/div>\n<\/div>\n<div style=\"margin-bottom: 20px; background: #fff; border: 1px solid #ddd; border-radius: 8px; overflow: hidden;\">\n<h3 style=\"background-color: #f4f6f7; color: #2c3e50; padding: 15px; margin: 0; font-size: 1.1em; border-bottom: 1px solid #ddd;\">Hogyan \u00e9rtelmezzem az adatokat a digit\u00e1lis kijelz\u0151n?<\/h3>\n<div style=\"padding: 20px; color: #555;\">\n<p style=\"margin: 0;\">A VOPK BTC 35K digit\u00e1lis interf\u00e9sze intuit\u00edv. Mind az akkumul\u00e1tor \u00e9lettartam\u00e1t, mind a fennmarad\u00f3 kapacit\u00e1st sz\u00e1zal\u00e9kos jelz\u0151k mutatj\u00e1k. Ez megsz\u00fcnteti az \u00e1tl\u00e1thatatlan eldobhat\u00f3 vape-k eset\u00e9ben gyakori \u201csz\u00e1raz \u00fct\u00e9s\u201d szorong\u00e1st. Amikor az akkumul\u00e1tor jelz\u0151je alacsony, egyszer\u0171en t\u00f6ltse \u00fajra a Type-C-n kereszt\u00fcl. Amikor a kapacit\u00e1sjelz\u0151 megk\u00f6zel\u00edti a null\u00e1t, id\u0151ben eml\u00e9keztet a k\u00e9szlet p\u00f3tl\u00e1s\u00e1ra, biztos\u00edtva a z\u00f6kken\u0151mentes \u00e1tmenetet egy \u00faj k\u00e9sz\u00fcl\u00e9khez.<\/p>\n<\/div>\n<\/div>\n<\/div>\n<div style=\"background-color: #34495e; color: white; padding: 30px; text-align: center; border-radius: 15px; margin-top: 40px;\">\n<h3 style=\"color: #fff; margin-top: 0;\">K\u00e9sz a k\u00e9szlet\u00e9nek friss\u00edt\u00e9s\u00e9re?<\/h3>\n<p style=\"font-size: 1.1em; margin-bottom: 20px;\">Partner vele<a href=\"https:\/\/vapexyz.com\/hu\/\"> VapeXYZ<\/a> Ma hozz\u00e1f\u00e9rhet\u0151 a VOPK BTC 35K \u00e9s m\u00e1s pr\u00e9mium eldobhat\u00f3 vape term\u00e9kek versenyk\u00e9pes nagykereskedelmi \u00e1ron.<\/p>\n<\/div>\n<p><img loading=\"lazy\" decoding=\"async\" class=\"aligncenter wp-image-61130 size-full\" src=\"https:\/\/vapexyz.com\/wp-content\/uploads\/2025\/12\/VOPK-BTC-35K-35000-Puffs-Dual-Mesh-Coil-Disposable-Vape-Wholesale-Adjustable-Airflow-Control.jpg\" alt=\"VOPK BTC 35K 35000 Puffs Dual Mesh Coil Eldobhat\u00f3 Vape Nagykereskedelem \u00c1ll\u00edthat\u00f3 L\u00e9g\u00e1raml\u00e1s-szab\u00e1lyoz\u00e1s\" width=\"1200\" height=\"686\" title=\"\" srcset=\"https:\/\/vapexyz.com\/wp-content\/uploads\/2025\/12\/VOPK-BTC-35K-35000-Puffs-Dual-Mesh-Coil-Disposable-Vape-Wholesale-Adjustable-Airflow-Control.jpg 1200w, https:\/\/vapexyz.com\/wp-content\/uploads\/2025\/12\/VOPK-BTC-35K-35000-Puffs-Dual-Mesh-Coil-Disposable-Vape-Wholesale-Adjustable-Airflow-Control-510x292.jpg 510w, https:\/\/vapexyz.com\/wp-content\/uploads\/2025\/12\/VOPK-BTC-35K-35000-Puffs-Dual-Mesh-Coil-Disposable-Vape-Wholesale-Adjustable-Airflow-Control-500x286.jpg 500w, https:\/\/vapexyz.com\/wp-content\/uploads\/2025\/12\/VOPK-BTC-35K-35000-Puffs-Dual-Mesh-Coil-Disposable-Vape-Wholesale-Adjustable-Airflow-Control-1024x585.jpg 1024w, https:\/\/vapexyz.com\/wp-content\/uploads\/2025\/12\/VOPK-BTC-35K-35000-Puffs-Dual-Mesh-Coil-Disposable-Vape-Wholesale-Adjustable-Airflow-Control-768x439.jpg 768w, https:\/\/vapexyz.com\/wp-content\/uploads\/2025\/12\/VOPK-BTC-35K-35000-Puffs-Dual-Mesh-Coil-Disposable-Vape-Wholesale-Adjustable-Airflow-Control-18x10.jpg 18w\" sizes=\"auto, (max-width: 1200px) 100vw, 1200px\" \/><\/p>\n<p>\u201c`<\/p>\n<\/article>","protected":false},"excerpt":{"rendered":"<p>A VOPK BTC 35K egy \u00e9lvonalbeli, eldobhat\u00f3 vape, amely \u00e9l\u00e9nk intelligens k\u00e9perny\u0151vel \u00e9s \u00e1ll\u00edthat\u00f3 kett\u0151s h\u00e1l\u00f3zat\u00fa teljes\u00edtm\u00e9nnyel rendelkezik 35 000 sz\u00edv\u00e1snyi szem\u00e9lyre szabott \u00e9lm\u00e9nyhez, most kaphat\u00f3 a VapeXYZ-n\u00e9l a legjobb nagykereskedelmi \u00e1rakon Eur\u00f3pa-szerte t\u00f6rt\u00e9n\u0151 nagy mennyis\u00e9g\u0171 v\u00e1s\u00e1rl\u00f3k sz\u00e1m\u00e1ra.<\/p>","protected":false},"featured_media":61105,"comment_status":"open","ping_status":"closed","template":"","meta":{"_lmt_disableupdate":"no","_lmt_disable":""},"product_brand":[],"product_cat":[853,1042,947,935,934,927,929,928,930,933,939,932,938,931,936,937,1017,948,949,946,950,1016,951,953,820,987],"product_tag":[],"class_list":{"0":"post-61082","1":"product","2":"type-product","3":"status-publish","4":"has-post-thumbnail","6":"product_cat-vopk","7":"product_cat-35000-puff-vapes","8":"product_cat-big-puffs-vapes","9":"product_cat-bulk-buy-disposable-vapes-in-austria","10":"product_cat-bulk-buy-disposable-vapes-in-belgium","11":"product_cat-bulk-buy-disposable-vapes-in-europe","12":"product_cat-bulk-buy-disposable-vapes-in-france","13":"product_cat-bulk-buy-disposable-vapes-in-germany","14":"product_cat-bulk-buy-disposable-vapes-in-italy","15":"product_cat-bulk-buy-disposable-vapes-in-netherlands","16":"product_cat-bulk-buy-disposable-vapes-in-norway","17":"product_cat-bulk-buy-disposable-vapes-in-poland","18":"product_cat-bulk-buy-disposable-vapes-in-portugal","19":"product_cat-bulk-buy-disposable-vapes-in-spain","20":"product_cat-bulk-buy-disposable-vapes-in-sweden","21":"product_cat-bulk-buy-disposable-vapes-in-switzerland","22":"product_cat-buy-best-disposable-vape-flavors","23":"product_cat-crystal-vapes","24":"product_cat-digital-box-vapes","25":"product_cat-disposable-vapes-series","26":"product_cat-dual-mesh-vapes","27":"product_cat-european-vape-warehouse","28":"product_cat-lower-nicotine-vapes","29":"product_cat-rechargeable-vapes","30":"product_cat-vape","31":"product_cat-vape-shop-by-puffs","33":"first","34":"instock","35":"shipping-taxable","36":"purchasable","37":"product-type-variable","38":"has-default-attributes"},"jetpack_sharing_enabled":true,"tiered_pricing_type":"fixed","tiered_pricing_fixed_rules":[],"tiered_pricing_product_settings":{"layout":"default","base_unit_name":{"singular":null,"plural":null},"default_variation":null},"tiered_pricing_minimum_quantity":null,"tiered_pricing_roles_data":[],"tiered_pricing_percentage_rules":[],"tiered_pricing_maximum_quantity":null,"tiered_pricing_quantity_step":null,"_links":{"self":[{"href":"https:\/\/vapexyz.com\/hu\/wp-json\/wp\/v2\/product\/61082","targetHints":{"allow":["GET"]}}],"collection":[{"href":"https:\/\/vapexyz.com\/hu\/wp-json\/wp\/v2\/product"}],"about":[{"href":"https:\/\/vapexyz.com\/hu\/wp-json\/wp\/v2\/types\/product"}],"replies":[{"embeddable":true,"href":"https:\/\/vapexyz.com\/hu\/wp-json\/wp\/v2\/comments?post=61082"}],"wp:featuredmedia":[{"embeddable":true,"href":"https:\/\/vapexyz.com\/hu\/wp-json\/wp\/v2\/media\/61105"}],"wp:attachment":[{"href":"https:\/\/vapexyz.com\/hu\/wp-json\/wp\/v2\/media?parent=61082"}],"wp:term":[{"taxonomy":"product_brand","embeddable":true,"href":"https:\/\/vapexyz.com\/hu\/wp-json\/wp\/v2\/product_brand?post=61082"},{"taxonomy":"product_cat","embeddable":true,"href":"https:\/\/vapexyz.com\/hu\/wp-json\/wp\/v2\/product_cat?post=61082"},{"taxonomy":"product_tag","embeddable":true,"href":"https:\/\/vapexyz.com\/hu\/wp-json\/wp\/v2\/product_tag?post=61082"}],"curies":[{"name":"wp","href":"https:\/\/api.w.org\/{rel}","templated":true}]}}