{"id":60934,"date":"2025-12-18T04:00:18","date_gmt":"2025-12-18T04:00:18","guid":{"rendered":"https:\/\/vapexyz.com\/?post_type=product&#038;p=60934"},"modified":"2026-04-14T04:16:53","modified_gmt":"2026-04-14T04:16:53","slug":"solaris-pezsgo-30000-30-ezer-puff-premium-eldobhato-vape-vasarlas-europai-raktar-nincs-minimalis-rendelesi-mennyiseg","status":"publish","type":"product","link":"https:\/\/vapexyz.com\/hu\/product\/solaris-champagne-30000-30k-puffs-premium-disposable-vape-buy-european-warehouse-no-moq\/","title":{"rendered":"SOLARIS pezsg\u0151 30000 30K Puffs pr\u00e9mium eldobhat\u00f3 vape V\u00e1s\u00e1rl\u00e1s Eur\u00f3pai rakt\u00e1r Nincs minim\u00e1lis rendel\u00e9si mennyis\u00e9g"},"content":{"rendered":"<article style=\"font-family: 'Comic Sans MS', 'Varela Round', 'Quicksand', sans-serif; line-height: 1.6; color: #555555; max-width: 900px; margin: 0 auto; background-color: #fff0f5; padding: 25px; border-radius: 30px; border: 4px dashed #ffb6c1;\">\n<div style=\"text-align: center; margin-bottom: 40px;\">\n<h2 style=\"font-weight: normal; color: #ff69b4; font-size: 28px; letter-spacing: 1px; margin-bottom: 10px;\">\u2728 <a href=\"https:\/\/vapexyz.com\/hu\/termekkategoria\/solaris-eldobhato-vape-ok\/\">SOLARIS<\/a> Champagne 30000 Puffs \u00dajrat\u00f6lthet\u0151 Eldobhat\u00f3 Vape V\u00e1s\u00e1rl\u00e1s Eur\u00f3pai Rakt\u00e1r Nincs MOQ<\/h2>\n<p style=\"font-size: 18px; color: #8a2be2; font-weight: normal; background-color: #e6e6fa; padding: 10px 20px; border-radius: 50px;\">\u00dcdv\u00f6z\u00f6lj\u00fck a VapeXYZ-en! A Boldog Helyed! \ud83e\udd84<\/p>\n<\/div>\n<div style=\"background-color: #ffffff; padding: 30px; border-radius: 25px; margin-bottom: 40px; border: 3px solid #87ceeb;\">\n<h3 style=\"font-weight: normal; color: #00bfff; font-size: 24px; text-align: center; margin-bottom: 20px;\">\ud83e\udd42 \u00dcnnepelj\u00fcnk a SOLARIS pezsg\u0151vel!<\/h3>\n<p style=\"font-size: 16px; margin-bottom: 15px; font-weight: normal; text-align: center;\">Szia bar\u00e1tok! K\u00e9szen \u00e1lltok egy soha v\u00e9get nem \u00e9r\u0151 bulira? Ismerj\u00e9tek meg a SOLARIS Champagne 30000 Puffs-ot! Ez a legcsod\u00e1latosabb eldobhat\u00f3 vape, amit tal\u00e1lhattok. \u201cChampagne\u201d-nek h\u00edvj\u00e1k, mert el\u0151kel\u0151 \u00e9s sz\u00f3rakoztat\u00f3 \u00e9rz\u00e9st kelt, \u00f3ri\u00e1si 30 000 \u00f6r\u00f6mpuffot biztos\u00edtva!<\/p>\n<p style=\"font-size: 16px; margin-bottom: 15px; font-weight: normal; text-align: center;\">Ezt az aranyoss\u00e1got egyenesen eur\u00f3pai rakt\u00e1runkb\u00f3l k\u00fcldj\u00fck. Ez azt jelenti, hogy gyors sz\u00e1ll\u00edt\u00e1s! Csomagj\u00e1t mind\u00f6ssze 2-7 nap alatt megkapja. \u00c9s a legjobb h\u00edr? Nincs minim\u00e1lis rendel\u00e9si mennyis\u00e9g! Vehet egyet kipr\u00f3b\u00e1lni, vagy egy eg\u00e9sz dobozzal megosztani. \u00c9ljen!<\/p>\n<\/div>\n<div style=\"flex-wrap: wrap; gap: 20px; justify-content: center; margin-bottom: 40px;\">\n<div style=\"flex: 1; min-width: 250px; background-color: #e0ffff; padding: 25px; border-radius: 20px; text-align: center; border: 2px dashed #00ced1;\">\n<div style=\"font-size: 35px; margin-bottom: 10px;\">\u267e\ufe0f<\/div>\n<h3 style=\"font-weight: normal; color: #008b8b; font-size: 18px; margin-bottom: 10px;\">V\u00e9gtelen sz\u00f3rakoz\u00e1s<\/h3>\n<p style=\"font-weight: normal; font-size: 14px; margin: 0;\">30 000 sz\u00edv\u00e1ssal, szuper hossz\u00fa ideig tart! Nagy, 20 ml-es kapacit\u00e1ssal rendelkezik bel\u00fcl, hogy hetekig boldog legyen.<\/p>\n<\/div>\n<div style=\"flex: 1; min-width: 250px; background-color: #fffacd; padding: 25px; border-radius: 20px; text-align: center; border: 2px dashed #ffd700;\">\n<div style=\"font-size: 35px; margin-bottom: 10px;\">\ud83d\udd0b<\/div>\n<h3 style=\"font-weight: normal; color: #daa520; font-size: 18px; margin-bottom: 10px;\">Felt\u00f6lt\u00e9s!<\/h3>\n<p style=\"font-weight: normal; font-size: 14px; margin: 0;\">600mAh-s akkumul\u00e1torral rendelkezik. Ha elf\u00e1rad, haszn\u00e1ljon Type-C k\u00e1belt a felt\u00f6lt\u00e9shez. \u00dajrat\u00f6lthet\u0151!<\/p>\n<\/div>\n<div style=\"flex: 1; min-width: 250px; background-color: #ffe4e1; padding: 25px; border-radius: 20px; text-align: center; border: 2px dashed #ff69b4;\">\n<div style=\"font-size: 35px; margin-bottom: 10px;\">\u2601\ufe0f<\/div>\n<h3 style=\"font-weight: normal; color: #c71585; font-size: 18px; margin-bottom: 10px;\">Szuper Puha Felh\u0151k<\/h3>\n<p style=\"font-weight: normal; font-size: 14px; margin: 0;\">Bel\u00fcl egy speci\u00e1lis kett\u0151s h\u00e1l\u00f3s tekercs tal\u00e1lhat\u00f3. Minden sz\u00edv\u00e1st sim\u00e1v\u00e1 \u00e9s puh\u00e1v\u00e1 tesz, mint egy vattacukor felh\u0151!<\/p>\n<\/div>\n<\/div>\n<div style=\"background-color: #ffffff; padding: 30px; border-radius: 25px; border: 3px solid #dda0dd; margin-bottom: 40px;\">\n<h3 style=\"font-weight: normal; color: #ba55d3; font-size: 22px; text-align: center; margin-bottom: 25px;\">\ud83c\udf6d V\u00e1laszd ki a Kedvenc \u00c9dess\u00e9ged \ud83c\udf6d<\/h3>\n<p style=\"font-weight: normal; text-align: center; margin-bottom: 20px; color: #666;\">Van ilyen finom lehet\u0151s\u00e9g\u00fcnk rengeteg! Melyiket szereted? (10 darabonk\u00e9nt per kijelz\u0151 doboz)<\/p>\n<div style=\"background-color: #f3e5f5; padding: 20px; border-radius: 20px; text-align: center; color: #4a4a4a; line-height: 2; font-size: 15px;\">\n<p style=\"font-weight: normal; margin: 0;\">1. V\u00e9letlenszer\u0171 lehet\u0151s\u00e9g (gyors sz\u00e1ll\u00edt\u00e1s) | 2. G\u00f6r\u00f6gdinnye j\u00e9g | 3. Sz\u0151l\u0151 j\u00e9g | 4. Eper j\u00e9g | 5. Dupla alma | 6. \u0150szibar\u00e1t j\u00e9g | 7. M\u00e1lna | 8. Vegyes bogy\u00f3k | 9. K\u00e9k Razz j\u00e9g | 10. Kiwi passi\u00f3gy\u00fcm\u00f6lcs | 11. Mang\u00f3 j\u00e9g<\/p>\n<\/div>\n<\/div>\n<div style=\"margin-bottom: 40px;\">\n<h3 style=\"font-weight: normal; color: #ff6347; font-size: 22px; text-align: center; margin-bottom: 20px;\">\ud83d\ude80 SOLARIS pezsg\u0151 vs. Tiny Vapes<\/h3>\n<div style=\"border-radius: 15px; border: 2px solid #ffdab9;\">\n<table style=\"width: 100%; border-collapse: separate; border-spacing: 0; font-weight: normal;\">\n<thead>\n<tr>\n<th style=\"font-weight: normal; background-color: #ffdab9; color: #ff4500; padding: 15px;\">Funkci\u00f3<\/th>\n<th style=\"font-weight: normal; background-color: #98fb98; color: #006400; padding: 15px;\">SOLARIS pezsg\u0151 30k<\/th>\n<th style=\"font-weight: normal; background-color: #d3d3d3; color: #696969; padding: 15px;\">Kis unalmas vape<\/th>\n<\/tr>\n<\/thead>\n<tbody>\n<tr>\n<td style=\"font-weight: normal; background-color: #fffaf0; padding: 12px; border-bottom: 1px dashed #ffa07a;\">\u00d6sszes puff<\/td>\n<td style=\"font-weight: normal; background-color: #f0fff0; padding: 12px; border-bottom: 1px dashed #90ee90; color: #008000;\">30 000 (Wow!)<\/td>\n<td style=\"font-weight: normal; background-color: #f5f5f5; padding: 12px; border-bottom: 1px dashed #ccc;\">Nagyon kicsi<\/td>\n<\/tr>\n<tr>\n<td style=\"font-weight: normal; background-color: #fffaf0; padding: 12px; border-bottom: 1px dashed #ffa07a;\">M\u0171szaki dolgok<\/td>\n<td style=\"font-weight: normal; background-color: #f0fff0; padding: 12px; border-bottom: 1px dashed #90ee90; color: #008000;\">Dual Mesh tekercs<\/td>\n<td style=\"font-weight: normal; background-color: #f5f5f5; padding: 12px; border-bottom: 1px dashed #ccc;\">R\u00e9gi vezet\u00e9k<\/td>\n<\/tr>\n<tr>\n<td style=\"font-weight: normal; background-color: #fffaf0; padding: 12px;\">Hol van?<\/td>\n<td style=\"font-weight: normal; background-color: #f0fff0; padding: 12px; color: #008000;\">Eur\u00f3pai Rakt\u00e1r<\/td>\n<td style=\"font-weight: normal; background-color: #f5f5f5; padding: 12px;\">Messze\u2026<\/td>\n<\/tr>\n<\/tbody>\n<\/table>\n<\/div>\n<\/div>\n<div style=\"background-color: #e6e6fa; padding: 25px; border-radius: 25px; border: 2px dashed #9370db; margin-bottom: 30px;\">\n<h3 style=\"font-weight: normal; color: #6a5acd; font-size: 20px; margin-bottom: 20px; text-align: center;\">\u2753 Aranyos K\u00e9rd\u00e9sek \u00e9s V\u00e1laszok \u2753<\/h3>\n<div style=\"margin-bottom: 15px; padding: 15px; border-radius: 15px;\">\n<p style=\"font-weight: normal; color: #483d8b; margin-bottom: 5px;\">Milyen gyorsan \u00e9rkezik meg?<\/p>\n<p style=\"font-weight: normal; margin-top: 0;\">A: Zoom! \ud83c\udfce\ufe0f Mivel eur\u00f3pai rakt\u00e1runkb\u00f3l sz\u00e1ll\u00edtunk, mind\u00f6ssze 2-7 nap alatt meg\u00e9rkezik!<\/p>\n<\/div>\n<div style=\"margin-bottom: 15px; padding: 15px; border-radius: 15px;\">\n<p style=\"font-weight: normal; color: #483d8b; margin-bottom: 5px;\">K: Nagyon sokat kell vennem?<\/p>\n<p style=\"font-weight: normal; margin-top: 0;\">A: Nem! Nincs minim\u00e1lis rendel\u00e9si mennyis\u00e9g (MOQ). Vehetsz 1 darabot vagy 100 darabot. Ez rajtad m\u00falik!<\/p>\n<\/div>\n<div style=\"padding: 15px; border-radius: 15px;\">\n<p style=\"font-weight: normal; color: #483d8b; margin-bottom: 5px;\">Hol vegyem meg?<\/p>\n<p style=\"font-weight: normal; margin-top: 0;\">A: Gyere ide <a href=\"https:\/\/vapexyz.com\/hu\/\">VapeXYZ<\/a>! Eur\u00f3pa legjobb online nagykereskedelmi platformja vagyunk az eldobhat\u00f3 vape term\u00e9kekre.<\/p>\n<\/div>\n<\/div>\n<div style=\"text-align: center; margin-top: 40px;\"><span style=\"background-color: #ff69b4; color: #ffffff; padding: 15px 35px; font-size: 18px; border-radius: 50px; cursor: pointer; box-shadow: #c71585 0px 5px 0px;\">\ud83d\udc96 Szerezz SOLARIS pezsg\u0151t 30k Most!<\/span><\/div>\n<\/article>\n<p><img loading=\"lazy\" decoding=\"async\" class=\"size-full wp-image-60946 aligncenter\" src=\"https:\/\/vapexyz.com\/wp-content\/uploads\/2025\/12\/SOLARIS-Champagne-30000-30K-Puffs-Premium-Disposable-Vape-Buy-European-Warehouse-No-MOQ-1-2.webp\" alt=\"SOLARIS-Champagne-30000-30K-Puffs-Premium-Eldobhat\u00f3-Vape-V\u00e1s\u00e1rl\u00e1s-Eur\u00f3pai-Rakt\u00e1r-Nincs-Minim\u00e1lis-Megrendel\u00e9si-K\u00f6vetelm\u00e9ny\" width=\"800\" height=\"800\" title=\"\" srcset=\"https:\/\/vapexyz.com\/wp-content\/uploads\/2025\/12\/SOLARIS-Champagne-30000-30K-Puffs-Premium-Disposable-Vape-Buy-European-Warehouse-No-MOQ-1-2.webp 800w, https:\/\/vapexyz.com\/wp-content\/uploads\/2025\/12\/SOLARIS-Champagne-30000-30K-Puffs-Premium-Disposable-Vape-Buy-European-Warehouse-No-MOQ-1-2-247x247.webp 247w, https:\/\/vapexyz.com\/wp-content\/uploads\/2025\/12\/SOLARIS-Champagne-30000-30K-Puffs-Premium-Disposable-Vape-Buy-European-Warehouse-No-MOQ-1-2-100x100.webp 100w, https:\/\/vapexyz.com\/wp-content\/uploads\/2025\/12\/SOLARIS-Champagne-30000-30K-Puffs-Premium-Disposable-Vape-Buy-European-Warehouse-No-MOQ-1-2-510x510.webp 510w, https:\/\/vapexyz.com\/wp-content\/uploads\/2025\/12\/SOLARIS-Champagne-30000-30K-Puffs-Premium-Disposable-Vape-Buy-European-Warehouse-No-MOQ-1-2-500x500.webp 500w, https:\/\/vapexyz.com\/wp-content\/uploads\/2025\/12\/SOLARIS-Champagne-30000-30K-Puffs-Premium-Disposable-Vape-Buy-European-Warehouse-No-MOQ-1-2-300x300.webp 300w, https:\/\/vapexyz.com\/wp-content\/uploads\/2025\/12\/SOLARIS-Champagne-30000-30K-Puffs-Premium-Disposable-Vape-Buy-European-Warehouse-No-MOQ-1-2-768x768.webp 768w, https:\/\/vapexyz.com\/wp-content\/uploads\/2025\/12\/SOLARIS-Champagne-30000-30K-Puffs-Premium-Disposable-Vape-Buy-European-Warehouse-No-MOQ-1-2-12x12.webp 12w\" sizes=\"auto, (max-width: 800px) 100vw, 800px\" \/><\/p>","protected":false},"excerpt":{"rendered":"<p>A SOLARIS Champagne 30000 Puffs egy \u00fajrat\u00f6lthet\u0151, eldobhat\u00f3 vape, amely kett\u0151s h\u00e1l\u00f3sz\u00e1las technol\u00f3gi\u00e1val \u00e9s leny\u0171g\u00f6z\u0151 30 000 sz\u00edv\u00e1s\u00e1ll\u00f3s\u00e1ggal rendelkezik, megv\u00e1s\u00e1rolhat\u00f3 a VapeXYZ-n\u00e9l, gyors sz\u00e1ll\u00edt\u00e1ssal eur\u00f3pai rakt\u00e1runkb\u00f3l, \u00e9s nincs minim\u00e1lis rendel\u00e9si k\u00f6vetelm\u00e9ny.<\/p>","protected":false},"featured_media":60946,"comment_status":"open","ping_status":"closed","template":"","meta":{"_lmt_disableupdate":"no","_lmt_disable":""},"product_brand":[],"product_cat":[1097,996,947,935,934,927,929,928,930,933,939,932,938,931,936,937,1017,1092,946,950,951,953,987],"product_tag":[1098],"class_list":{"0":"post-60934","1":"product","2":"type-product","3":"status-publish","4":"has-post-thumbnail","6":"product_cat-solaris-disposable-vapes","7":"product_cat-30000-puff-vapes","8":"product_cat-big-puffs-vapes","9":"product_cat-bulk-buy-disposable-vapes-in-austria","10":"product_cat-bulk-buy-disposable-vapes-in-belgium","11":"product_cat-bulk-buy-disposable-vapes-in-europe","12":"product_cat-bulk-buy-disposable-vapes-in-france","13":"product_cat-bulk-buy-disposable-vapes-in-germany","14":"product_cat-bulk-buy-disposable-vapes-in-italy","15":"product_cat-bulk-buy-disposable-vapes-in-netherlands","16":"product_cat-bulk-buy-disposable-vapes-in-norway","17":"product_cat-bulk-buy-disposable-vapes-in-poland","18":"product_cat-bulk-buy-disposable-vapes-in-portugal","19":"product_cat-bulk-buy-disposable-vapes-in-spain","20":"product_cat-bulk-buy-disposable-vapes-in-sweden","21":"product_cat-bulk-buy-disposable-vapes-in-switzerland","22":"product_cat-buy-best-disposable-vape-flavors","23":"product_cat-disposable-vape-variety-pack","24":"product_cat-disposable-vapes-series","25":"product_cat-dual-mesh-vapes","26":"product_cat-lower-nicotine-vapes","27":"product_cat-rechargeable-vapes","28":"product_cat-vape-shop-by-puffs","29":"product_tag-solaris-disposable-vapes","31":"first","32":"instock","33":"shipping-taxable","34":"purchasable","35":"product-type-variable","36":"has-default-attributes"},"jetpack_sharing_enabled":true,"tiered_pricing_type":"fixed","tiered_pricing_fixed_rules":[],"tiered_pricing_product_settings":{"layout":"default","base_unit_name":{"singular":null,"plural":null},"default_variation":null},"tiered_pricing_minimum_quantity":null,"tiered_pricing_roles_data":[],"tiered_pricing_percentage_rules":[],"tiered_pricing_maximum_quantity":null,"tiered_pricing_quantity_step":null,"_links":{"self":[{"href":"https:\/\/vapexyz.com\/hu\/wp-json\/wp\/v2\/product\/60934","targetHints":{"allow":["GET"]}}],"collection":[{"href":"https:\/\/vapexyz.com\/hu\/wp-json\/wp\/v2\/product"}],"about":[{"href":"https:\/\/vapexyz.com\/hu\/wp-json\/wp\/v2\/types\/product"}],"replies":[{"embeddable":true,"href":"https:\/\/vapexyz.com\/hu\/wp-json\/wp\/v2\/comments?post=60934"}],"wp:featuredmedia":[{"embeddable":true,"href":"https:\/\/vapexyz.com\/hu\/wp-json\/wp\/v2\/media\/60946"}],"wp:attachment":[{"href":"https:\/\/vapexyz.com\/hu\/wp-json\/wp\/v2\/media?parent=60934"}],"wp:term":[{"taxonomy":"product_brand","embeddable":true,"href":"https:\/\/vapexyz.com\/hu\/wp-json\/wp\/v2\/product_brand?post=60934"},{"taxonomy":"product_cat","embeddable":true,"href":"https:\/\/vapexyz.com\/hu\/wp-json\/wp\/v2\/product_cat?post=60934"},{"taxonomy":"product_tag","embeddable":true,"href":"https:\/\/vapexyz.com\/hu\/wp-json\/wp\/v2\/product_tag?post=60934"}],"curies":[{"name":"wp","href":"https:\/\/api.w.org\/{rel}","templated":true}]}}