{"id":60021,"date":"2025-12-02T08:58:28","date_gmt":"2025-12-02T08:58:28","guid":{"rendered":"https:\/\/vapexyz.com\/?post_type=product&#038;p=60021"},"modified":"2026-03-05T03:54:48","modified_gmt":"2026-03-05T03:54:48","slug":"razz-bar-60k-60000-szivas-kristaly-vape-ujratoltheto-nagykereskedelmi-tomegvasarlas-halo-tekercs-europai-raktar","status":"publish","type":"product","link":"https:\/\/vapexyz.com\/hu\/product\/razz-bar-60k-60000-puffs-crystal-vape-rechargeable-wholesale-bulk-buy-mesh-coil-european-warehouse\/","title":{"rendered":"RAZZ BAR 60K 60000 Puffs Krist\u00e1ly Vape \u00dajrat\u00f6lthet\u0151 Nagykereskedelmi T\u00f6megv\u00e1s\u00e1rl\u00e1s H\u00e1l\u00f3sz\u00f6vet Eur\u00f3pai Rakt\u00e1r"},"content":{"rendered":"<article>\n<h2 style=\"font-size: 24px; color: #333; margin-bottom: 20px;\">\ud83c\udf08<a href=\"https:\/\/vapexyz.com\/hu\/termekkategoria\/razz-bar-eldobhato-vape-ok\/\"> RAZZ BAR<\/a> 60k Krist\u00e1ly Eldobhat\u00f3 Vape Nagykereskedelmi \u00datmutat\u00f3<\/h2>\n<p>Szia! \ud83d\ude0a \u00dcdv\u00f6z\u00f6lj\u00fck a szuper sz\u00f3rakoztat\u00f3 \u00fatmutat\u00f3nkban, amely az elk\u00e9peszt\u0151 RAZZ BAR 60k Crystal eldobhat\u00f3 vapekr\u00f3l sz\u00f3l! Ezek t\u00f6k\u00e9letesek mindenkinek, aki szereti a sz\u00ednes, k\u00f6nnyen haszn\u00e1lhat\u00f3 eldobhat\u00f3 vapeket, amelyek szuper hossz\u00fa ideig tartanak. Mi vagyunk a VapeXYZ, az \u00d6n kedvenc online platformja Eur\u00f3p\u00e1ban az eldobhat\u00f3 vapek nagykereskedelmi forgalmaz\u00e1s\u00e1ban. Mer\u00fclj\u00fcnk el!<\/p>\n<h3 style=\"color: #6a5acd; border-left: 5px solid #9370DB; padding-left: 10px;\">\u2728 Mi teszi a RAZZ BAR 60k krist\u00e1lyt ilyen k\u00fcl\u00f6nlegess\u00e9?<\/h3>\n<p>Ezek az eldobhat\u00f3 vapek olyanok, mint egy var\u00e1zslatos cukork\u00e1s\u00fcveg \ud83c\udf6c - f\u00e9nyesek, csillog\u00f3ak \u00e9s tele vannak meglepet\u00e9sekkel! \u00dagy tervezt\u00e9k \u0151ket, hogy ak\u00e1r 60 000 sz\u00edv\u00e1st biztos\u00edtsanak, ami azt jelenti, hogy hossz\u00fa ideig boldogok lesznek. \u00dajrat\u00f6lthet\u0151 akkumul\u00e1torral \u00e9s h\u00e1l\u00f3tekercsel minden sz\u00edv\u00e1s sima \u00e9s egyenletes. R\u00e1ad\u00e1sul 16 k\u00fcl\u00f6nb\u00f6z\u0151 v\u00e1ltozatban kaphat\u00f3k, amelyek miatt csod\u00e1latos \u00e9lm\u00e9nyben lesz r\u00e9szed!<\/p>\n<h3 style=\"color: #ffa500; border-left: 5px solid #FFD700; padding-left: 10px;\">\ud83c\udf1f A RAZZ BAR 60k eldobhat\u00f3 vape f\u0151bb jellemz\u0151i<\/h3>\n<ul style=\"list-style-type: none; padding: 0;\">\n<li style=\"margin-bottom: 8px;\">\u2705 <span style=\"color: #ff69b4;\">Tart\u00f3s sz\u00f3rakoz\u00e1s<\/span>: Ak\u00e1r 60 000 sz\u00edv\u00e1s! Ez olyan, mint egy soha v\u00e9get nem \u00e9r\u0151 buli!<\/li>\n<li style=\"margin-bottom: 8px;\">\u2705 <span style=\"color: #ff69b4;\">\u00dajrat\u00f6lthet\u0151 teljes\u00edtm\u00e9ny<\/span>: Egy 650mAh-s akkumul\u00e1tor Type-C t\u00f6lt\u00e9ssel, \u00edgy gyorsan felt\u00f6ltheted.<\/li>\n<li style=\"margin-bottom: 8px;\">\u2705 <span style=\"color: #ff69b4;\">Sima Puffok<\/span>: A h\u00e1l\u00f3s tekercsnek k\u00f6sz\u00f6nhet\u0151en minden l\u00e9legzetv\u00e9tel l\u00e1gy \u00e9s egyenletes.<\/li>\n<li style=\"margin-bottom: 8px;\">\u2705 <span style=\"color: #ff69b4;\">\u00d6mlesztett<\/span>Minden karton 200 darabot tartalmaz, s\u00falya 25,2 kg - t\u00f6k\u00e9letes nagy rendel\u00e9sekhez!<\/li>\n<li style=\"margin-bottom: 8px;\">\u2705 <span style=\"color: #ff69b4;\">16 K\u00fcl\u00f6nb\u00f6z\u0151 Lehet\u0151s\u00e9g<\/span>A gy\u00fcm\u00f6lcs\u00f6st\u0151l az \u00e9desig, van itt mindenki sz\u00e1m\u00e1ra valami.<\/li>\n<\/ul>\n<h3 style=\"color: #32cd32; border-left: 5px solid #90EE90; padding-left: 10px;\">\ud83c\udf4e K\u00fcl\u00f6nb\u00f6z\u0151 lehet\u0151s\u00e9gek list\u00e1ja (Mind a 16 lehet\u0151s\u00e9g!)<\/h3>\n<p>Vessen egy pillant\u00e1st ezekre az izgalmas lehet\u0151s\u00e9gekre, sorrendben. Mindegyik egy kis boldogs\u00e1g!<\/p>\n<div style=\"background: #F0F8FF; padding: 15px; border-radius: 10px; border: 2px dashed #ADD8E6;\">\n<p>Eper Ban\u00e1n<\/p>\n<p>\u0150szibar\u00e1t J\u00e9g<\/p>\n<p>Koko Loko<\/p>\n<p>K\u00e9k\u00e1fonya Savany\u00fa M\u00e1lna<\/p>\n<p>Pamukcukor \ud83c\udf6c\u2601\ufe0f<\/p>\n<p>Gumi Medve \ud83e\uddf8\ud83c\udf6c<\/p>\n<p>\u00c1fonya Dinnye \ud83e\uded0\ud83c\udf49<\/p>\n<p>Citrom \u0150szibar\u00e1t Passi\u00f3gy\u00fcm\u00f6lcs \ud83c\udf4b\ud83c\udf51\u2728<\/p>\n<p>Fekete J\u00e9g S\u00e1rk\u00e1ny Gy\u00fcm\u00f6lcs Eper \ud83d\udda4\u2744\ufe0f\ud83d\udc09\ud83c\udf53<\/p>\n<p>Vegyes Bogy\u00f3k<\/p>\n<p>Szerelem 66 \ud83d\udc9666<\/p>\n<p>Eper Kivi<\/p>\n<p>Tr\u00f3pusi Gy\u00fcm\u00f6lcs \ud83c\udf4d\ud83e\udd6d\ud83c\udf3a<\/p>\n<p>Eper Van\u00edlia Coke<\/p>\n<p>Citrom Lime<\/p>\n<p>Ny\u00e1ri \u00c1lmok<\/p>\n<\/div>\n<h3 style=\"color: #ff4500; border-left: 5px solid #FF6347; padding-left: 10px;\">\ud83d\udcca Gyors \u00d6sszehasonl\u00edt\u00f3 T\u00e1bl\u00e1zat: RAZZ BAR 60k vs. Egy\u00e9b<\/h3>\n<table style=\"width: 100%; border-collapse: collapse; background: #FFF5EE; border-radius: 10px; overflow: hidden;\">\n<tbody>\n<tr style=\"background: #FFB6C1;\">\n<th style=\"padding: 12px; text-align: left; border: 1px solid #FF69B4;\">Funkci\u00f3<\/th>\n<th style=\"padding: 12px; text-align: left; border: 1px solid #FF69B4;\">RAZZ BAR 60k<\/th>\n<th style=\"padding: 12px; text-align: left; border: 1px solid #FF69B4;\">Egy\u00e9b eldobhat\u00f3 vape<\/th>\n<\/tr>\n<tr style=\"background: #FFF0F5;\">\n<td style=\"padding: 12px; border: 1px solid #FFB6C1;\">\u00d6sszes puff<\/td>\n<td style=\"padding: 12px; border: 1px solid #FFB6C1;\">Legfeljebb 60 000<\/td>\n<td style=\"padding: 12px; border: 1px solid #FFB6C1;\">\u00c1ltal\u00e1ban kevesebb, mint 5000-10000<\/td>\n<\/tr>\n<tr style=\"background: #FFF0F5;\">\n<td style=\"padding: 12px; border: 1px solid #FFB6C1;\">Akkumul\u00e1tor<\/td>\n<td style=\"padding: 12px; border: 1px solid #FFB6C1;\">650mAh, \u00fajrat\u00f6lthet\u0151 \ud83d\udd0b<\/td>\n<td style=\"padding: 12px; border: 1px solid #FFB6C1;\">Gyakran nem \u00fajrat\u00f6lthet\u0151<\/td>\n<\/tr>\n<tr style=\"background: #FFF0F5;\">\n<td style=\"padding: 12px; border: 1px solid #FFB6C1;\">El\u00e9rhet\u0151 opci\u00f3k<\/td>\n<td style=\"padding: 12px; border: 1px solid #FFB6C1;\">16 k\u00fcl\u00f6nb\u00f6z\u0151 v\u00e1laszt\u00e1si lehet\u0151s\u00e9g<\/td>\n<td style=\"padding: 12px; border: 1px solid #FFB6C1;\">Kevesebb lehet\u0151s\u00e9g, tal\u00e1n 5-10<\/td>\n<\/tr>\n<tr style=\"background: #FFF0F5;\">\n<td style=\"padding: 12px; border: 1px solid #FFB6C1;\">Bulk Orders<\/td>\n<td style=\"padding: 12px; border: 1px solid #FFB6C1;\">200 darab\/karton, nagyszer\u0171 nagykereskedelemhez \ud83d\udce6<\/td>\n<td style=\"padding: 12px; border: 1px solid #FFB6C1;\">Kisebb csomagok<\/td>\n<\/tr>\n<\/tbody>\n<\/table>\n<h3 style=\"color: #8a2be2; border-left: 5px solid #DA70D6; padding-left: 10px;\">\u2753 Sz\u00f3rakoztat\u00f3 GYIK a RAZZ BAR 60k Eldobhat\u00f3 Vapekr\u00f3l<\/h3>\n<div style=\"background: #E6E6FA; padding: 15px; border-radius: 10px; border: 2px solid #DDA0DD;\">\n<p>K: Mennyi ideig tart egy RAZZ BAR 60k eldobhat\u00f3 vape?<br \/>\nA: Ak\u00e1r 60 000 f\u00faj\u00e1ssal is eltarthat hetekig, vagy ak\u00e1r h\u00f3napokig is, att\u00f3l f\u00fcgg\u0151en, hogy mennyit haszn\u00e1lja! Olyan, mint egy megb\u00edzhat\u00f3 bar\u00e1t, aki soha nem hagyja el az oldal\u00e1t.<\/p>\n<p>K: \u00dajrat\u00f6lthetem ezt az eldobhat\u00f3 vape-ot?<br \/>\nA: Igen! 650mAh-s akkumul\u00e1torral \u00e9s Type-C t\u00f6lt\u00e9ssel rendelkezik, \u00edgy gyorsan \u00e9s k\u00f6nnyen felt\u00f6ltheted. Nincs t\u00f6bb\u00e9 aggodalom a sz\u00f3rakoz\u00e1s v\u00e9ge miatt!<\/p>\n<p>Van sok lehet\u0151s\u00e9g k\u00f6z\u00fcl v\u00e1lasztani?<br \/>\nA: Abszol\u00fat! 16 izgalmas lehet\u0151s\u00e9g van, a gy\u00fcm\u00f6lcs\u00f6s kever\u00e9kekt\u0151l az \u00e9des finoms\u00e1gokig. Sosem fogsz unatkozni! \ud83c\udf53\ud83c\udf51<\/p>\n<p>Hol lehet ezeket nagy mennyis\u00e9gben v\u00e1s\u00e1rolni?<br \/>\nA: Itt van a VapeXYZ-n\u00e9l! Mi vagyunk az \u00d6n legjobb online platformja Eur\u00f3p\u00e1ban a nagykereskedelmi eldobhat\u00f3 vape term\u00e9kekhez. Csak l\u00e1togassa meg weboldalunkat, hogy feladja rendel\u00e9s\u00e9t.<\/p>\n<\/div>\n<h3 style=\"color: #ff69b4; border-left: 5px solid #FF1493; padding-left: 10px;\">\ud83c\udf89 Mi\u00e9rt v\u00e1s\u00e1roljon t\u0151l\u00fcnk <a href=\"https:\/\/vapexyz.com\/hu\/\">VapeXYZ<\/a>?<\/h3>\n<p>A VapeXYZ-n\u00e9l a eldobhat\u00f3 vapek v\u00e1s\u00e1rl\u00e1s\u00e1t k\u00f6nny\u0171v\u00e9 \u00e9s sz\u00f3rakoztat\u00f3v\u00e1 tessz\u00fck! Nagy \u00e1rakat k\u00edn\u00e1lunk a nagy mennyis\u00e9g\u0171 rendel\u00e9sekhez, gyors sz\u00e1ll\u00edt\u00e1st eg\u00e9sz Eur\u00f3p\u00e1ban, \u00e9s szuper bar\u00e1ts\u00e1gos szolg\u00e1ltat\u00e1st. Ak\u00e1r v\u00e1llalkoz\u00e1st ind\u00edt, ak\u00e1r csak szeret megosztani ezeket a bar\u00e1taival, mi ott vagyunk \u00d6n m\u00f6g\u00f6tt. \ud83d\ude0a L\u00e1togasson el weboldalunkra ma, hogy megszerezze RAZZ BAR 60k Crystal eldobhat\u00f3 vapeit - osszuk meg az \u00f6r\u00f6m\u00f6t egy\u00fctt!<\/p>\n<p style=\"text-align: center; font-size: 1.2em; color: #ff6b88; margin-top: 20px;\">K\u00f6sz\u00f6nj\u00fck, hogy elolvastad, \u00e9s alig v\u00e1rjuk, hogy seg\u00edthess\u00fcnk az eldobhat\u00f3 vape term\u00e9kekkel kapcsolatos ig\u00e9nyeiddel!<\/p>\n<\/article>\n<p><strong><img loading=\"lazy\" decoding=\"async\" class=\"aligncenter wp-image-60064 size-large\" src=\"https:\/\/vapexyz.com\/wp-content\/uploads\/2025\/11\/RAZZ-BAR-60k-60000-Puffs-Crystal-Vape-Wholesale-Bulk-Buy-Orders-Mesh-Coil-1-777x1024.webp\" alt=\"RAZZ BAR 60k 60000 Puffs Krist\u00e1ly Vape Nagykereskedelmi T\u00f6meges V\u00e1s\u00e1rl\u00e1si Rendel\u00e9sek H\u00e1l\u00f3 Tekercs \" width=\"777\" height=\"1024\" title=\"\" srcset=\"https:\/\/vapexyz.com\/wp-content\/uploads\/2025\/11\/RAZZ-BAR-60k-60000-Puffs-Crystal-Vape-Wholesale-Bulk-Buy-Orders-Mesh-Coil-1-777x1024.webp 777w, https:\/\/vapexyz.com\/wp-content\/uploads\/2025\/11\/RAZZ-BAR-60k-60000-Puffs-Crystal-Vape-Wholesale-Bulk-Buy-Orders-Mesh-Coil-1-scaled-510x672.webp 510w, https:\/\/vapexyz.com\/wp-content\/uploads\/2025\/11\/RAZZ-BAR-60k-60000-Puffs-Crystal-Vape-Wholesale-Bulk-Buy-Orders-Mesh-Coil-1-379x500.webp 379w, https:\/\/vapexyz.com\/wp-content\/uploads\/2025\/11\/RAZZ-BAR-60k-60000-Puffs-Crystal-Vape-Wholesale-Bulk-Buy-Orders-Mesh-Coil-1-768x1012.webp 768w, https:\/\/vapexyz.com\/wp-content\/uploads\/2025\/11\/RAZZ-BAR-60k-60000-Puffs-Crystal-Vape-Wholesale-Bulk-Buy-Orders-Mesh-Coil-1-1165x1536.webp 1165w, https:\/\/vapexyz.com\/wp-content\/uploads\/2025\/11\/RAZZ-BAR-60k-60000-Puffs-Crystal-Vape-Wholesale-Bulk-Buy-Orders-Mesh-Coil-1-1554x2048.webp 1554w, https:\/\/vapexyz.com\/wp-content\/uploads\/2025\/11\/RAZZ-BAR-60k-60000-Puffs-Crystal-Vape-Wholesale-Bulk-Buy-Orders-Mesh-Coil-1-9x12.webp 9w, https:\/\/vapexyz.com\/wp-content\/uploads\/2025\/11\/RAZZ-BAR-60k-60000-Puffs-Crystal-Vape-Wholesale-Bulk-Buy-Orders-Mesh-Coil-1-scaled.webp 1942w\" sizes=\"auto, (max-width: 777px) 100vw, 777px\" \/><\/strong><\/p>","protected":false},"excerpt":{"rendered":"<p><span class=\"ng-star-inserted\">Ez a sz\u00ednes \u00e9s sz\u00f3rakoztat\u00f3 \u00fatmutat\u00f3 elmagyar\u00e1zza, mi\u00e9rt a RAZZ BAR 60k eldobhat\u00f3 vape term\u00e9kek hossz\u00fa \u00e9lettartamukkal \u00e9s sok m\u00e1ssal\u00a0<\/span><span class=\"ng-star-inserted\">izgalmas<\/span><span class=\"ng-star-inserted\"> A lehet\u0151s\u00e9gek t\u00f6k\u00e9letesek a nagykereskedelem sz\u00e1m\u00e1ra, megh\u00edvjuk \u00d6nt, hogy v\u00e1s\u00e1rolja meg \u0151ket webhely\u00fcnkr\u0151l, a VapeXYZ-r\u0151l.<\/span><\/p>","protected":false},"featured_media":60063,"comment_status":"open","ping_status":"closed","template":"","meta":{"_lmt_disableupdate":"no","_lmt_disable":""},"product_brand":[],"product_cat":[1077,1072,947,935,934,927,929,928,930,933,939,932,938,931,936,937,1017,948,946,950,1016,951,953,954,987],"product_tag":[],"class_list":{"0":"post-60021","1":"product","2":"type-product","3":"status-publish","4":"has-post-thumbnail","6":"product_cat-razz-bar-disposable-vapes","7":"product_cat-60000-puff-vapes","8":"product_cat-big-puffs-vapes","9":"product_cat-bulk-buy-disposable-vapes-in-austria","10":"product_cat-bulk-buy-disposable-vapes-in-belgium","11":"product_cat-bulk-buy-disposable-vapes-in-europe","12":"product_cat-bulk-buy-disposable-vapes-in-france","13":"product_cat-bulk-buy-disposable-vapes-in-germany","14":"product_cat-bulk-buy-disposable-vapes-in-italy","15":"product_cat-bulk-buy-disposable-vapes-in-netherlands","16":"product_cat-bulk-buy-disposable-vapes-in-norway","17":"product_cat-bulk-buy-disposable-vapes-in-poland","18":"product_cat-bulk-buy-disposable-vapes-in-portugal","19":"product_cat-bulk-buy-disposable-vapes-in-spain","20":"product_cat-bulk-buy-disposable-vapes-in-sweden","21":"product_cat-bulk-buy-disposable-vapes-in-switzerland","22":"product_cat-buy-best-disposable-vape-flavors","23":"product_cat-crystal-vapes","24":"product_cat-disposable-vapes-series","25":"product_cat-dual-mesh-vapes","26":"product_cat-european-vape-warehouse","27":"product_cat-lower-nicotine-vapes","28":"product_cat-rechargeable-vapes","29":"product_cat-shisha-hookah-vapes","30":"product_cat-vape-shop-by-puffs","32":"first","33":"outofstock","34":"shipping-taxable","35":"purchasable","36":"product-type-variable","37":"has-default-attributes"},"jetpack_sharing_enabled":true,"tiered_pricing_type":"fixed","tiered_pricing_fixed_rules":[],"tiered_pricing_product_settings":{"layout":"default","base_unit_name":{"singular":null,"plural":null},"default_variation":null},"tiered_pricing_minimum_quantity":null,"tiered_pricing_roles_data":[],"tiered_pricing_percentage_rules":[],"tiered_pricing_maximum_quantity":null,"tiered_pricing_quantity_step":null,"_links":{"self":[{"href":"https:\/\/vapexyz.com\/hu\/wp-json\/wp\/v2\/product\/60021","targetHints":{"allow":["GET"]}}],"collection":[{"href":"https:\/\/vapexyz.com\/hu\/wp-json\/wp\/v2\/product"}],"about":[{"href":"https:\/\/vapexyz.com\/hu\/wp-json\/wp\/v2\/types\/product"}],"replies":[{"embeddable":true,"href":"https:\/\/vapexyz.com\/hu\/wp-json\/wp\/v2\/comments?post=60021"}],"wp:featuredmedia":[{"embeddable":true,"href":"https:\/\/vapexyz.com\/hu\/wp-json\/wp\/v2\/media\/60063"}],"wp:attachment":[{"href":"https:\/\/vapexyz.com\/hu\/wp-json\/wp\/v2\/media?parent=60021"}],"wp:term":[{"taxonomy":"product_brand","embeddable":true,"href":"https:\/\/vapexyz.com\/hu\/wp-json\/wp\/v2\/product_brand?post=60021"},{"taxonomy":"product_cat","embeddable":true,"href":"https:\/\/vapexyz.com\/hu\/wp-json\/wp\/v2\/product_cat?post=60021"},{"taxonomy":"product_tag","embeddable":true,"href":"https:\/\/vapexyz.com\/hu\/wp-json\/wp\/v2\/product_tag?post=60021"}],"curies":[{"name":"wp","href":"https:\/\/api.w.org\/{rel}","templated":true}]}}