{"id":59616,"date":"2025-11-24T03:38:39","date_gmt":"2025-11-24T03:38:39","guid":{"rendered":"https:\/\/vapexyz.com\/?post_type=product&#038;p=59616"},"modified":"2026-03-06T12:12:57","modified_gmt":"2026-03-06T12:12:57","slug":"nagy-mennyisegu-vasarlas-okso-3in1-izesites-70k-70000-szivas-ujratoltheto-eldobhato-vape-nagykereskedelem-alacsony-nikotin","status":"publish","type":"product","link":"https:\/\/vapexyz.com\/hu\/product\/bulk-buy-okso-3in1-flavor-70k-70000-puffs-rechargeable-disposable-vapes-wholesale-low-nicotine\/","title":{"rendered":"OKSO 3-1 \u00edzben 70K nagykereskedelmi v\u00e1s\u00e1rl\u00e1s 70000 f\u00faj\u00e1s \u00fajrat\u00f6lthet\u0151 eldobhat\u00f3 vape nagykereskedelem"},"content":{"rendered":"<article style=\"font-family: 'Segoe UI', Roboto, Helvetica, Arial, sans-serif; color: #2c3e50; line-height: 1.8; max-width: 100%; margin: 0 auto; padding: 20px; background-color: #ffffff; border-radius: 12px;\">\n<h2 style=\"color: #2c3e50; text-align: center; font-size: 32px; margin-bottom: 25px; border-bottom: 4px solid #3498db; padding-bottom: 15px; letter-spacing: 0.5px;\"><strong>Tov\u00e1bbfejlesztett teljes\u00edtm\u00e9ny:<\/strong> <a style=\"color: #3498db; text-decoration: none;\" href=\"https:\/\/vapexyz.com\/hu\/termekkategoria\/okso-eldobhato-vape-ok\/\">OKSO 3IN1<\/a> 70 000 Puffs Eldobhat\u00f3 Vape - M\u0171szaki \u00c1ttekint\u00e9s \u00e9s Nagykereskedelmi \u00datmutat\u00f3<\/h2>\n<p style=\"font-size: 16px; text-align: justify; margin-bottom: 25px;\">\u00dcdv\u00f6z\u00f6lj\u00fck az OKSO 3IN1 70000 Puffs eldobhat\u00f3 vape-ok hat\u00e1rozott m\u0171szaki \u00e9s kereskedelmi \u00e1ttekint\u00e9s\u00e9ben. Egy olyan ipar\u00e1gban, amely mind innov\u00e1ci\u00f3t, mind megb\u00edzhat\u00f3s\u00e1got k\u00f6vetel, a hardver m\u00f6g\u00f6tt \u00e1ll\u00f3 m\u00e9rn\u00f6ki munka, empirikus teljes\u00edtm\u00e9ny \u00e9s gy\u00e1rt\u00e1si szabv\u00e1nyok meg\u00e9rt\u00e9se kiemelked\u0151en fontos. A VapeXYZ-n\u00e9l, egy premier nagykereskedelmi forgalmaz\u00f3n\u00e1l, t\u00f6bb mint nyolc \u00e9ves dokument\u00e1lt m\u0171k\u00f6d\u00e9si tapasztalattal a glob\u00e1lis logisztik\u00e1ban, olyan hardvereket r\u00e9szes\u00edt\u00fcnk el\u0151nyben, amelyek szigor\u00fa m\u0171szaki specifik\u00e1ci\u00f3knak megfelelnek. Ez az \u00e1tfog\u00f3 elemz\u00e9s t\u00fall\u00e9p a hagyom\u00e1nyos marketing \u00e1ll\u00edt\u00e1sokon, hogy a beszerz\u00e9si szakembereknek, kiskereskedelmi partnereknek \u00e9s feln\u0151tt v\u00e9gfelhaszn\u00e1l\u00f3knak \u00e1tl\u00e1that\u00f3, t\u00e9nyalap\u00fa \u00e9rt\u00e9kel\u00e9st ny\u00fajtson err\u0151l a sokoldal\u00fa k\u00e9sz\u00fcl\u00e9kr\u0151l. Az egyedi h\u00e1rom-tart\u00e1lyos architekt\u00far\u00e1t\u00f3l a szabv\u00e1nyos\u00edtott tesztel\u00e9si m\u00f3dszerekig vizsg\u00e1ljuk, mi pozicion\u00e1lja ezeket az eldobhat\u00f3 vape-okat vezet\u0151 v\u00e1laszt\u00e1sk\u00e9nt a jelenlegi piacon, el\u00e9rhet\u0151en egy nagyon hozz\u00e1f\u00e9rhet\u0151 minim\u00e1lis rendel\u00e9si mennyis\u00e9ggel (MOQ) mind\u00f6ssze 10 egys\u00e9gt\u0151l.<\/p>\n<div style=\"background: linear-gradient(145deg, #f8f9fa, #e9ecef); padding: 25px; border-radius: 12px; margin: 30px 0; border-left: 6px solid #2ecc71;\">\n<h3 style=\"color: #27ae60; font-size: 24px; margin-top: 0; margin-bottom: 15px;\">\ud83d\udd0d M\u00e9rn\u00f6ki szak\u00e9rtelm\u00fcnk: hardver \u00e9s architekt\u00fara<\/h3>\n<p style=\"font-size: 16px; margin-bottom: 15px;\">Az OKSO 3IN1 alapvet\u0151 szerkezeti kialak\u00edt\u00e1sa megold\u00e1st ny\u00fajt a nagy kapacit\u00e1s\u00fa eszk\u00f6z\u00f6k \u00e1ltal\u00e1nos kih\u00edv\u00e1s\u00e1ra: a k\u00e9sz\u00edtm\u00e9ny id\u0151vel t\u00f6rt\u00e9n\u0151 leboml\u00e1s\u00e1ra. Ahelyett, hogy egyetlen, nagy kamr\u00e1ra t\u00e1maszkodna, ez az eszk\u00f6z fejlett szegment\u00e1lt m\u00e9rn\u00f6ki megold\u00e1st alkalmaz.<\/p>\n<ul style=\"list-style-type: none; padding: 0; margin: 0;\">\n<li style=\"margin: 12px 0; padding-left: 25px; position: relative;\"><span style=\"position: absolute; left: 0; color: #2ecc71; font-weight: bold;\">\u2713<\/span> <strong>H\u00e1rom-t\u00e1roz\u00f3s rendszer:<\/strong> A k\u00e9sz\u00fcl\u00e9k h\u00e1rom k\u00fcl\u00f6n\u00e1ll\u00f3, hermetikusan lez\u00e1rt 16 ml-es kamr\u00e1t tartalmaz. Ez \u00f6sszesen 48 ml p\u00e1rologtat\u00e1sra alkalmas oldat t\u00e9rfogatot eredm\u00e9nyez. A kever\u00e9kek elk\u00fcl\u00f6n\u00edt\u00e9s\u00e9vel megakad\u00e1lyozzuk a bels\u0151 sz\u00edv\u00f3anyagok keresztszennyez\u0151d\u00e9s\u00e9t, biztos\u00edtva a szerkezeti integrit\u00e1st az els\u0151 aktiv\u00e1l\u00e1st\u00f3l az utols\u00f3ig.<\/li>\n<li style=\"margin: 12px 0; padding-left: 25px; position: relative;\"><span style=\"position: absolute; left: 0; color: #2ecc71; font-weight: bold;\">\u2713<\/span> <strong>Speci\u00e1lis Telemetriai Interf\u00e9sz:<\/strong> Egy nagy kontraszt\u00fa LED digit\u00e1lis kijelz\u0151 van k\u00f6zvetlen\u00fcl be\u00e9p\u00edtve a h\u00e1zba. Ez a mikroprocesszor vez\u00e9rl\u00e9s\u0171 k\u00e9perny\u0151 val\u00f3s id\u0151ben szolg\u00e1ltat diagnosztikai visszajelz\u00e9st a fennmarad\u00f3 l\u00edtium-ion akkumul\u00e1tor t\u00f6lt\u00e9sr\u0151l \u00e9s a bels\u0151 oldat ki\u00fcr\u00fcl\u00e9si szintj\u00e9r\u0151l, megsz\u00fcntetve a felhaszn\u00e1l\u00f3i tal\u00e1lgat\u00e1st \u00e9s megel\u0151zve a sz\u00e1raz \u00e9g\u00e9si forgat\u00f3k\u00f6nyveket.<\/li>\n<li style=\"margin: 12px 0; padding-left: 25px; position: relative;\"><span style=\"position: absolute; left: 0; color: #2ecc71; font-weight: bold;\">\u2713<\/span> <strong>V\u00e1ltoz\u00f3 intenzit\u00e1sszintek:<\/strong> A k\u00fcl\u00f6nb\u00f6z\u0151 fogyaszt\u00f3i preferenci\u00e1k \u00e9s szab\u00e1lyoz\u00e1si k\u00f6rnyezetek figyelembev\u00e9tele \u00e9rdek\u00e9ben a bels\u0151 k\u00e9sz\u00edtm\u00e9ny szigor\u00faan kalibr\u00e1lt koncentr\u00e1ci\u00f3kban \u00e9rhet\u0151 el: 0%, 2%, 3% \u00e9s 5%. Ezek a pontos sz\u00e1zal\u00e9kos szintek lehet\u0151v\u00e9 teszik a sk\u00e1l\u00e1zhat\u00f3 kiskereskedelmi forgalmaz\u00e1st a region\u00e1lis megfelel\u0151s\u00e9g alapj\u00e1n.<\/li>\n<li style=\"margin: 12px 0; padding-left: 25px; position: relative;\"><span style=\"position: absolute; left: 0; color: #2ecc71; font-weight: bold;\">\u2713<\/span> <strong>H\u0151kezel\u00e9s:<\/strong> Egy optimaliz\u00e1lt 650mAh-os \u00fajrat\u00f6lthet\u0151 cell\u00e1val, Type-C protokollon kereszt\u00fcl m\u0171k\u00f6dtetve, a bels\u0151 h\u00e1l\u00f3s f\u0171t\u0151elem stabil impedanci\u00e1t tart fenn. Ez biztos\u00edtja, hogy az elektromos \u00e1ram egyenletesen alakuljon \u00e1t h\u0151energi\u00e1v\u00e1, meg\u0151rizve a kever\u00e9k k\u00e9miai \u00f6sszet\u00e9tel\u00e9t t\u00falmeleged\u00e9s n\u00e9lk\u00fcl.<\/li>\n<\/ul>\n<\/div>\n<h3 style=\"color: #8e44ad; font-size: 24px; border-bottom: 2px solid #8e44ad; padding-bottom: 10px; margin-top: 40px;\">Empirikus adatok: Tesztel\u00e9s \u00e9s teljes\u00edtm\u00e9nymutat\u00f3k<\/h3>\n<p style=\"font-size: 16px; text-align: justify; margin-bottom: 20px;\">A 70 000 aktiv\u00e1l\u00e1s (f\u00faj\u00e1s) \u00e1ll\u00edt\u00e1sa szigor\u00fa empirikus valid\u00e1l\u00e1st ig\u00e9nyel.  A f\u00fcggetlen min\u0151s\u00e9gbiztos\u00edt\u00e1si l\u00e9tes\u00edtm\u00e9nyek automatiz\u00e1lt pneumatikus sz\u00edv\u00f3 szimul\u00e1torokat haszn\u00e1lnak az eldobhat\u00f3 vape \u00e9lettartam\u00e1nak tesztel\u00e9s\u00e9re.  A szabv\u00e1nyos\u00edtott vizsg\u00e1lati param\u00e9terek \u00e1ltal\u00e1ban egyetlen \u201cf\u00faj\u00e1st\u201d 1,5-2,0 m\u00e1sodperces sz\u00edv\u00e1sk\u00e9nt hat\u00e1roznak meg egy el\u0151re meghat\u00e1rozott statikus nyom\u00e1s\u00e1ll\u00f3s\u00e1g ellen\u00e9ben.<\/p>\n<p style=\"font-size: 16px; text-align: justify; margin-bottom: 20px;\">Ezeken a kontroll\u00e1lt laborat\u00f3riumi k\u00f6r\u00fclm\u00e9nyek k\u00f6z\u00f6tt a 48 ml-es teljes bels\u0151 kapacit\u00e1s \u00e1lland\u00f3 p\u00e1rolg\u00e1si r\u00e1t\u00e1kat mutat. A szub-ohmos mesh tekercs architekt\u00fara hat\u00e9konys\u00e1ga lehet\u0151v\u00e9 teszi a maxim\u00e1lis r\u00e9szecske-atomiz\u00e1ci\u00f3t, mik\u00f6zben minim\u00e1lis elektromos \u00e1ramot fogyaszt minden aktiv\u00e1l\u00e1skor. Az 650 mAh-s akkumul\u00e1tor id\u0151szakos \u00fajrat\u00f6lt\u00e9st ig\u00e9nyel a k\u00e9sz\u00fcl\u00e9k \u00e9lettartama alatt, de kis\u00fct\u00e9si g\u00f6rb\u00e9je \u00fagy van be\u00e1ll\u00edtva, hogy \u00e1lland\u00f3 fesz\u00fclts\u00e9gkimenetet biztos\u00edtson eg\u00e9szen a kimer\u00fcl\u00e9si pontig. Ez megakad\u00e1lyozza a k\u00f6z\u00f6s probl\u00e9m\u00e1t, miszerint cs\u00f6kken a g\u0151ztermel\u00e9s, amikor az akkumul\u00e1tor lemer\u00fcl. A val\u00f3s \u00e9lettartam term\u00e9szetesen v\u00e1ltozhat az egy\u00e9ni bel\u00e9gz\u00e9si m\u00e9lys\u00e9g \u00e9s gyakoris\u00e1g alapj\u00e1n; azonban a hardver matematikailag kisz\u00e1m\u00edtott \u00e9s empirikusan tesztelt, hogy t\u00e1mogassa a hirdetett kapacit\u00e1sm\u00e1trixot.<\/p>\n<div style=\"background-color: #fdfefe; padding: 25px; border-radius: 12px; margin: 30px 0; border: 1px solid #d5d8dc;\">\n<h3 style=\"color: #e67e22; font-size: 24px; margin-top: 0; margin-bottom: 20px;\">\ud83c\udf3f Aromatikus Profilok \u00e9s \u00c9rz\u00e9kszervi Kever\u00e9kek<\/h3>\n<p style=\"font-size: 16px; margin-bottom: 20px;\">Az OKSO 3IN1 mechanikus v\u00e1laszt\u00f3kapcsol\u00f3val rendelkezik, amely lehet\u0151v\u00e9 teszi a felhaszn\u00e1l\u00f3 sz\u00e1m\u00e1ra, hogy h\u00e1rom k\u00fcl\u00f6nb\u00f6z\u0151 \u00edzprofil k\u00f6z\u00f6tt v\u00e1ltson, amelyek ugyanabban a h\u00e1zban vannak elhelyezve. A szabadalmaztatott kever\u00e9kek magas min\u0151s\u00e9g\u0171, \u00e9lelmiszer-biztons\u00e1gos arom\u00e1s vegy\u00fcletek felhaszn\u00e1l\u00e1s\u00e1val k\u00e9sz\u00fclnek. Az al\u00e1bbiakban bemutatjuk a jelenleg nagykereskedelmi forgalmaz\u00e1sra rendelkez\u00e9sre \u00e1ll\u00f3 t\u00edz tervezett konfigur\u00e1ci\u00f3t:<\/p>\n<ol style=\"font-size: 16px; line-height: 1.9; color: #34495e; padding-left: 20px;\">\n<li><strong>Bogy\u00f3s \u00e9s Gy\u00fcm\u00f6lcs\u00f6s M\u00e1trix:<\/strong> \u00c1fonya M\u00e1lna, Vegyes Bogy\u00f3k, Alma Barack<\/li>\n<li><strong>S\u00e1rgadinnye \u00e9s Sz\u0151l\u0151 Szint\u00e9zis:<\/strong> V\u00edzimelon J\u00e9g, Mr Blue, Z\u00f6ld Sz\u0151l\u0151 V\u00edzimelon<\/li>\n<li><strong>Tr\u00f3pusi Vegyes:<\/strong> Eper J\u00e9g, Dzsungel Kever\u00e9k, S\u00e1rk\u00e1ny Gy\u00fcm\u00f6lcs<\/li>\n<li><strong>S\u00f6t\u00e9t Gy\u00fcm\u00f6lcs F\u00fazi\u00f3:<\/strong> Sz\u0151l\u0151 J\u00e9g, Fekete Ribizli J\u00e9g, Gy\u00fcm\u00f6lcslekv\u00e1r<\/li>\n<li><strong>Klasszikus V\u00f6r\u00f6s Sorozat:<\/strong> Cseresznye J\u00e9g, K\u00e9t Alma, Eper M\u00e1lna Cseresznye J\u00e9g<\/li>\n<li><strong>Cukr\u00e1szati Gy\u0171jtem\u00e9ny:<\/strong> T\u00fcnd\u00e9rbar\u00e1t \u0150szibar\u00e1t, Cseresznye K\u00f3la, Cseresznye Puha Cukorka<\/li>\n<li><strong>K\u00fcl\u00f6nleges ny\u00e1ri v\u00e1logat\u00e1s:<\/strong> Eper Kivi, G\u00f6r\u00f6gdinnye Bubblegum, Tripla Mang\u00f3 J\u00e9g<\/li>\n<li><strong>Citrus \u00e9s Passion kever\u00e9k:<\/strong> Kivi Passi\u00f3gy\u00fcm\u00f6lcs Guava, Cola J\u00e9g, Passi\u00f3gy\u00fcm\u00f6lcs Mang\u00f3 J\u00e9g<\/li>\n<li><strong>Szigeti Botanika:<\/strong> Anan\u00e1sz j\u00e9g, Eper g\u00f6r\u00f6gdinnye, Eper sz\u0151l\u0151<\/li>\n<li><strong>Kell\u0151en friss\u00edt\u0151:<\/strong> Friss Menta, Citrom Lime, G\u00f6r\u00f6gdinnye Mojito<\/li>\n<\/ol>\n<\/div>\n<h3 style=\"color: #c0392b; font-size: 24px; border-bottom: 2px solid #c0392b; padding-bottom: 10px; margin-top: 40px;\">\ud83d\udcbc Hat\u00f3s\u00e1g \u00e9s bizalom: Gy\u00e1rt\u00e1si szabv\u00e1nyok \u00e9s megfelel\u0151s\u00e9g<\/h3>\n<p style=\"font-size: 16px; text-align: justify; margin-bottom: 20px;\">A fokozott szab\u00e1lyoz\u00e1si ellen\u0151rz\u00e9s korszak\u00e1ban a rendelkez\u00e9sre \u00e1ll\u00f3 vape term\u00e9kek beszerz\u00e9se egy tekint\u00e9lyes forgalmaz\u00f3t\u00f3l elengedhetetlen. Az OKSO 3IN1 term\u00e9keket gy\u00e1rt\u00f3 l\u00e9tes\u00edtm\u00e9nyek szigor\u00fa ISO 9001 min\u0151s\u00e9gir\u00e1ny\u00edt\u00e1si rendszerek alatt m\u0171k\u00f6dnek. Ezenk\u00edv\u00fcl az elektronikus alkatr\u00e9szeket tiszta helyis\u00e9gekben szerelik \u00f6ssze, hogy megakad\u00e1lyozz\u00e1k a mikroszkopikus r\u00e9szecsk\u00e9k szennyez\u0151d\u00e9s\u00e9t a p\u00e1rologtat\u00f3 kamr\u00e1kban.<\/p>\n<p style=\"font-size: 16px; text-align: justify; margin-bottom: 20px;\">A k\u00e9sz\u00fcl\u00e9k megfelel a standard nemzetk\u00f6zi tan\u00fas\u00edtv\u00e1nyoknak, bele\u00e9rtve a CE (Conformit\u00e9 Europ\u00e9enne) \u00e9s az RoHS (Restriction of Hazardous Substances) szabv\u00e1nyokat is, amelyek igazolj\u00e1k, hogy a bels\u0151 \u00e1ramk\u00f6r\u00f6k \u00e9s a neh\u00e9zf\u00e9mmentes m\u0171anyagok (p\u00e9ld\u00e1ul az \u00e9lelmiszer-min\u0151s\u00e9g\u0171 PCTG sz\u00e1jr\u00e9sz) megfelelnek a glob\u00e1lis fogyaszt\u00f3i biztons\u00e1gi protokolloknak.  Megb\u00edzhat\u00f3 sz\u00e1ll\u00edt\u00f3k\u00e9nt a VapeXYZ szigor\u00faan betartja az \u00e1tl\u00e1that\u00f3 ell\u00e1t\u00e1si l\u00e1nc logisztik\u00e1j\u00e1t.  Nagykereskedelmi \u00f6kosziszt\u00e9m\u00e1nkat \u00fagy tervezt\u00fck, hogy megv\u00e9dj\u00fck B2B partnereinket az\u00e1ltal, hogy minden t\u00e9tel hiteless\u00e9g\u00e9t sorozatsz\u00e1m\u00fa hamis\u00edt\u00e1s elleni protokollokkal igazoljuk, cs\u00f6kkentve a fogyaszt\u00f3i piacokra ker\u00fcl\u0151 als\u00f3 kateg\u00f3ri\u00e1s hardverek forgalmaz\u00e1s\u00e1nak kock\u00e1zat\u00e1t.<\/p>\n<h3 style=\"color: #2980b9; font-size: 24px; border-bottom: 2px solid #2980b9; padding-bottom: 10px; margin-top: 40px;\">\ud83d\udcca M\u0171szaki Specifik\u00e1ci\u00f3k Lebont\u00e1sa<\/h3>\n<div>\n<table style=\"width: 100%; border-collapse: separate; border-spacing: 0; background: #ffffff; border-radius: 10px; overflow: hidden; border: 1px solid #ecf0f1; margin-bottom: 30px;\">\n<thead>\n<tr style=\"background: linear-gradient(90deg, #3498db, #2980b9); color: #ffffff;\">\n<th style=\"padding: 15px; text-align: left; font-size: 16px; font-weight: 600; border-bottom: 2px solid #1f618d;\">Hardver funkci\u00f3<\/th>\n<th style=\"padding: 15px; text-align: left; font-size: 16px; font-weight: 600; border-bottom: 2px solid #1f618d;\">M\u0171szaki Specifik\u00e1ci\u00f3<\/th>\n<th style=\"padding: 15px; text-align: left; font-size: 16px; font-weight: 600; border-bottom: 2px solid #1f618d;\">Elemz\u0151i megjegyz\u00e9s<\/th>\n<\/tr>\n<\/thead>\n<tbody>\n<tr style=\"background-color: #fcfcfc;\">\n<td style=\"padding: 15px; border-bottom: 1px solid #ecf0f1; font-weight: 600;\">Teljes m\u0171k\u00f6dtet\u00e9si kapacit\u00e1s<\/td>\n<td style=\"padding: 15px; border-bottom: 1px solid #ecf0f1;\">~70 000 \u00e9rt\u00e9kelt f\u00faj\u00e1s<\/td>\n<td style=\"padding: 15px; border-bottom: 1px solid #ecf0f1;\">L\u00e9g pneumatikus volumetrikus vizsg\u00e1lattal valid\u00e1lt\u00e1k.<\/td>\n<\/tr>\n<tr>\n<td style=\"padding: 15px; border-bottom: 1px solid #ecf0f1; font-weight: 600;\">Bels\u0151 oldat t\u00e9rfogata<\/td>\n<td style=\"padding: 15px; border-bottom: 1px solid #ecf0f1;\">48ml \u00d6sszesen (3 x 16ml Kamr\u00e1k)<\/td>\n<td style=\"padding: 15px; border-bottom: 1px solid #ecf0f1;\">Szegment\u00e1lva a vegy\u00fclet integrit\u00e1s\u00e1nak meg\u0151rz\u00e9se \u00e9rdek\u00e9ben.<\/td>\n<\/tr>\n<tr style=\"background-color: #fcfcfc;\">\n<td style=\"padding: 15px; border-bottom: 1px solid #ecf0f1; font-weight: 600;\">Teljes\u00edtm\u00e9nyegys\u00e9g<\/td>\n<td style=\"padding: 15px; border-bottom: 1px solid #ecf0f1;\">650mAh L\u00edtium-ion<\/td>\n<td style=\"padding: 15px; border-bottom: 1px solid #ecf0f1;\">\u00dajrat\u00f6lthet\u0151 Type-C perif\u00e9ria porton kereszt\u00fcl.<\/td>\n<\/tr>\n<tr>\n<td style=\"padding: 15px; border-bottom: 1px solid #ecf0f1; font-weight: 600;\">Akt\u00edv koncentr\u00e1ci\u00f3k<\/td>\n<td style=\"padding: 15px; border-bottom: 1px solid #ecf0f1;\">0%, 2%, 3%, 5%<\/td>\n<td style=\"padding: 15px; border-bottom: 1px solid #ecf0f1;\">T\u00f6bb r\u00e9gi\u00f3ra vonatkoz\u00f3 megfelel\u0151s\u00e9gre kalibr\u00e1lva.<\/td>\n<\/tr>\n<tr style=\"background-color: #fcfcfc;\">\n<td style=\"padding: 15px; font-weight: 600;\">Fizikai m\u00e9retek<\/td>\n<td style=\"padding: 15px;\">134,5g T\u00f6meg | 45 x 44 x 127mm<\/td>\n<td style=\"padding: 15px;\">Ergonomikus l\u00e1bnyom a sz\u00e9ls\u0151s\u00e9ges kapacit\u00e1s ellen\u00e9re is.<\/td>\n<\/tr>\n<\/tbody>\n<\/table>\n<\/div>\n<h3 style=\"color: #16a085; font-size: 24px; border-bottom: 2px solid #16a085; padding-bottom: 10px; margin-top: 40px;\">\u2753 M\u0171k\u00f6d\u00e9si ismeretek \u00e9s GYIK<\/h3>\n<div style=\"background: #e8f8f5; padding: 25px; border-radius: 12px; margin: 20px 0;\">\n<h4 style=\"color: #0e6655; font-size: 18px; margin-top: 0;\">Hogyan m\u0171k\u00f6dik a v\u00e1lt\u00e1si mechanizmus a h\u00e1rom bels\u0151 kamra k\u00f6z\u00f6tt?<\/h4>\n<p style=\"margin-left: 0; font-size: 15px; margin-bottom: 20px;\"><strong>V:<\/strong> A k\u00e9sz\u00fcl\u00e9k pontos mechanikus forg\u00f3v\u00e1laszt\u00f3t haszn\u00e1l az alapn\u00e1l vagy a fels\u0151 eloszt\u00f3n\u00e1l. Ez a mechanizmus fizikailag \u00e1tir\u00e1ny\u00edtja a l\u00e9g\u00e1raml\u00e1st \u00e9s az elektromos csatlakoz\u00e1st az adott 16 ml-es kamr\u00e1ba \u00e9s annak dedik\u00e1lt h\u00e1l\u00f3tekercs\u00e9be, biztos\u00edtva a szenzoros profilok nulla keresztez\u00e9si \u00f6sszekevered\u00e9s\u00e9t.<\/p>\n<h4 style=\"color: #0e6655; font-size: 18px;\">Vannak adatok az akkumul\u00e1tor degrad\u00e1ci\u00f3j\u00e1r\u00f3l a 70 000 sz\u00edv\u00e1sos \u00e9lettartam alatt?<\/h4>\n<p style=\"margin-left: 0; font-size: 15px; margin-bottom: 20px;\"><strong>V:<\/strong> Igen. Az 650mAh-s cell\u00e1t t\u00f6bb t\u00f6lt\u00e9si ciklusra tervezt\u00e9k. A 48ml oldat elp\u00e1rologtat\u00e1s\u00e1hoz sz\u00fcks\u00e9ges \u00e9lettartam alatt az akkumul\u00e1tor standard l\u00edtium-ion ciklus degrad\u00e1ci\u00f3n megy kereszt\u00fcl. Az integr\u00e1lt teljes\u00edtm\u00e9nykezel\u0151 IC azonban biztos\u00edtja, hogy a f\u0171t\u0151elemhez t\u00f6rt\u00e9n\u0151 fesz\u00fclts\u00e9g lead\u00e1sa stabil maradjon, megakad\u00e1lyozva a m\u0171k\u00f6d\u00e9si kies\u00e9st, am\u00edg a cell\u00e1nak \u00fajrat\u00f6lt\u00e9sre nincs sz\u00fcks\u00e9ge a Type-C porton kereszt\u00fcl.<\/p>\n<h4 style=\"color: #0e6655; font-size: 18px;\">Hogyan garant\u00e1lja a VapeXYZ a nagykereskedelmi rendel\u00e9sek hiteless\u00e9g\u00e9t \u00e9s min\u0151s\u00e9g\u00e9t?<\/h4>\n<p style=\"margin-left: 0; font-size: 15px; margin-bottom: 20px;\"><strong>V:<\/strong> T\u00f6bb mint nyolc \u00e9ves tapasztalattal a disztrib\u00faci\u00f3s szektorban, a VapeXYZ k\u00f6zvetlen\u00fcl az eredeti berendez\u00e9sgy\u00e1rt\u00f3kt\u00f3l (OEM-ek) szerzi be a hardvereket.  K\u00f6tegk\u00f6vet\u00e9st alkalmazunk \u00e9s szigor\u00fa min\u0151s\u00e9g-ellen\u0151rz\u00e9si int\u00e9zked\u00e9seket vezet\u00fcnk be, miel\u0151tt a sz\u00e1ll\u00edtm\u00e1nyt elk\u00fcldj\u00fck B2B partnereinknek.  A minim\u00e1lis rendel\u00e9si k\u00f6vetelm\u00e9ny\u00fcnk 10 darab lehet\u0151v\u00e9 teszi az \u00faj partnerek sz\u00e1m\u00e1ra, hogy \u00f6n\u00e1ll\u00f3an ellen\u0151rizz\u00e9k az eldobhat\u00f3 vapek min\u0151s\u00e9g\u00e9t, miel\u0151tt elk\u00f6telezn\u00e9k magukat a raklap l\u00e9pt\u00e9k\u0171 logisztika mellett.<\/p>\n<h4 style=\"color: #0e6655; font-size: 18px;\">Milyen k\u00f6rnyezeti \u00f3vint\u00e9zked\u00e9seket kell tenni ezzel a hardverrel kapcsolatban?<\/h4>\n<p style=\"margin-left: 0; font-size: 15px; margin-bottom: 0;\"><strong>V:<\/strong> Mivel ezek az eldobhat\u00f3 vapek l\u00edtium-ion akkumul\u00e1torokat \u00e9s integr\u00e1lt \u00e1ramk\u00f6rt tartalmaznak, ez\u00e9rt nem szabad a szok\u00e1sos kommun\u00e1lis hullad\u00e9kba dobni \u0151ket. Nagyon \u00f6szt\u00f6n\u00f6zz\u00fck az \u00f6sszes forgalmaz\u00f3 partner\u00fcnket \u00e9s v\u00e9gfelhaszn\u00e1l\u00f3nkat, hogy a helyi k\u00f6rnyezetv\u00e9delmi szab\u00e1lyoknak megfelel\u0151en haszn\u00e1lj\u00e1k a kijel\u00f6lt elektronikai hullad\u00e9k (e-hullad\u00e9k) \u00fajrahasznos\u00edt\u00f3 l\u00e9tes\u00edtm\u00e9nyeket.<\/p>\n<\/div>\n<div style=\"text-align: center; margin-top: 40px; padding: 35px; background: linear-gradient(135deg, #2c3e50, #34495e); border-radius: 12px; color: #ffffff;\">\n<h3 style=\"color: #f1c40f; font-size: 26px; margin-top: 0;\">Strategikai Beszerz\u00e9s \u00e9s Logisztikai Integr\u00e1ci\u00f3<\/h3>\n<p style=\"font-size: 16px; margin-bottom: 0; color: #ecf0f1;\">Emelje magasabb szintre kiskereskedelmi k\u00e9szlet\u00e9t a szigor\u00fa m\u00e9rn\u00f6ki munka \u00e9s az \u00e1tl\u00e1that\u00f3 teljes\u00edtm\u00e9ny mutat\u00f3k \u00e1ltal t\u00e1mogatott hardverrel. Az OKSO 3IN1 \u00faj m\u00e9rc\u00e9t \u00e1ll\u00edt fel a nagy kapacit\u00e1s\u00fa funkcionalit\u00e1sban. Biztos\u00edtsa ell\u00e1t\u00e1si l\u00e1nc\u00e1t m\u00e9g ma a VapeXYZ-szel val\u00f3 egy\u00fcttm\u0171k\u00f6d\u00e9ssel. Optimaliz\u00e1lt eur\u00f3pai logisztik\u00e1t, er\u0151sen versenyk\u00e9pes nagykereskedelmi \u00e1rk\u00e9pz\u00e9si modelleket \u00e9s minim\u00e1lis bel\u00e9p\u00e9si akad\u00e1lyt k\u00edn\u00e1lunk 10 darabos MOQ keretrendszer\u00fcnkkel. Tov\u00e1bb a kereskedelmi port\u00e1lunkra, hogy elind\u00edtsa ig\u00e9nyl\u00e9s\u00e9t.<\/p>\n<\/div>\n<div style=\"text-align: center; margin-top: 30px;\"><\/div>\n<\/article>","protected":false},"excerpt":{"rendered":"<p>Az OKSO 3IN1 70K az \u00d6n sz\u00f3rakoztat\u00f3, hossz\u00fa \u00e9lettartam\u00fa \u00edz t\u00e1rsa, h\u00e1rom finom \u00edzt \u00e9s ak\u00e1r 70 000 sz\u00edv\u00e1st k\u00edn\u00e1lva egy sz\u00ednes k\u00e9sz\u00fcl\u00e9kben!<\/p>","protected":false},"featured_media":59668,"comment_status":"open","ping_status":"closed","template":"","meta":{"_lmt_disableupdate":"no","_lmt_disable":""},"product_brand":[],"product_cat":[1073,1094,947,935,934,927,929,928,930,933,939,932,938,931,936,937,1017,948,949,946,950,951,953,1084,820,987],"product_tag":[],"class_list":{"0":"post-59616","1":"product","2":"type-product","3":"status-publish","4":"has-post-thumbnail","6":"product_cat-okso-disposable-vapes","7":"product_cat-70000-puffs-vapes","8":"product_cat-big-puffs-vapes","9":"product_cat-bulk-buy-disposable-vapes-in-austria","10":"product_cat-bulk-buy-disposable-vapes-in-belgium","11":"product_cat-bulk-buy-disposable-vapes-in-europe","12":"product_cat-bulk-buy-disposable-vapes-in-france","13":"product_cat-bulk-buy-disposable-vapes-in-germany","14":"product_cat-bulk-buy-disposable-vapes-in-italy","15":"product_cat-bulk-buy-disposable-vapes-in-netherlands","16":"product_cat-bulk-buy-disposable-vapes-in-norway","17":"product_cat-bulk-buy-disposable-vapes-in-poland","18":"product_cat-bulk-buy-disposable-vapes-in-portugal","19":"product_cat-bulk-buy-disposable-vapes-in-spain","20":"product_cat-bulk-buy-disposable-vapes-in-sweden","21":"product_cat-bulk-buy-disposable-vapes-in-switzerland","22":"product_cat-buy-best-disposable-vape-flavors","23":"product_cat-crystal-vapes","24":"product_cat-digital-box-vapes","25":"product_cat-disposable-vapes-series","26":"product_cat-dual-mesh-vapes","27":"product_cat-lower-nicotine-vapes","28":"product_cat-rechargeable-vapes","29":"product_cat-three-flavor-vapes","30":"product_cat-vape","31":"product_cat-vape-shop-by-puffs","33":"first","34":"instock","35":"shipping-taxable","36":"purchasable","37":"product-type-variable","38":"has-default-attributes"},"jetpack_sharing_enabled":true,"tiered_pricing_type":"fixed","tiered_pricing_fixed_rules":[],"tiered_pricing_product_settings":{"layout":"default","base_unit_name":{"singular":null,"plural":null},"default_variation":null},"tiered_pricing_minimum_quantity":null,"tiered_pricing_roles_data":[],"tiered_pricing_percentage_rules":[],"tiered_pricing_maximum_quantity":null,"tiered_pricing_quantity_step":null,"_links":{"self":[{"href":"https:\/\/vapexyz.com\/hu\/wp-json\/wp\/v2\/product\/59616","targetHints":{"allow":["GET"]}}],"collection":[{"href":"https:\/\/vapexyz.com\/hu\/wp-json\/wp\/v2\/product"}],"about":[{"href":"https:\/\/vapexyz.com\/hu\/wp-json\/wp\/v2\/types\/product"}],"replies":[{"embeddable":true,"href":"https:\/\/vapexyz.com\/hu\/wp-json\/wp\/v2\/comments?post=59616"}],"wp:featuredmedia":[{"embeddable":true,"href":"https:\/\/vapexyz.com\/hu\/wp-json\/wp\/v2\/media\/59668"}],"wp:attachment":[{"href":"https:\/\/vapexyz.com\/hu\/wp-json\/wp\/v2\/media?parent=59616"}],"wp:term":[{"taxonomy":"product_brand","embeddable":true,"href":"https:\/\/vapexyz.com\/hu\/wp-json\/wp\/v2\/product_brand?post=59616"},{"taxonomy":"product_cat","embeddable":true,"href":"https:\/\/vapexyz.com\/hu\/wp-json\/wp\/v2\/product_cat?post=59616"},{"taxonomy":"product_tag","embeddable":true,"href":"https:\/\/vapexyz.com\/hu\/wp-json\/wp\/v2\/product_tag?post=59616"}],"curies":[{"name":"wp","href":"https:\/\/api.w.org\/{rel}","templated":true}]}}