{"id":58822,"date":"2025-11-12T09:37:52","date_gmt":"2025-11-12T09:37:52","guid":{"rendered":"https:\/\/vapexyz.com\/?post_type=product&#038;p=58822"},"modified":"2026-03-07T02:56:09","modified_gmt":"2026-03-07T02:56:09","slug":"nagykereskedelmi-szallito-bang-vezeto-18k-eldobhato-vape-18000-szivas-nagy-mennyisegu-vasarlas-alacsony-nikotin","status":"publish","type":"product","link":"https:\/\/vapexyz.com\/hu\/product\/wholesale-supplier-bang-leader-18k-disposable-vapes-18000-puffs-bulk-buy-low-nicotine\/","title":{"rendered":"BANG VEZET\u0150 18K Eldobhat\u00f3 Vape Nagykereskedelmi V\u00e1s\u00e1rl\u00e1s 18000 Puff Nagykereskedelmi Sz\u00e1ll\u00edt\u00f3"},"content":{"rendered":"<article style=\"font-family: 'Segoe UI', Tahoma, Geneva, Verdana, sans-serif; line-height: 1.6; color: #333;\">\n<h2 style=\"color: #2c3e50; border-bottom: 2px solid #3498db; padding-bottom: 10px; font-size: 28px;\"><a style=\"text-decoration: none; color: #e74c3c;\" href=\"https:\/\/vapexyz.com\/hu\/termekkategoria\/bumm\/\">BANG VEZET\u0150<\/a> 18K Puffs: \u00c1tfog\u00f3 M\u0171szaki, Empirikus \u00e9s Nagykereskedelmi \u00datmutat\u00f3<\/h2>\n<p>\u00dcdv\u00f6z\u00f6lj\u00fck a BANG LEADER 18K hat\u00e1rozott m\u0171szaki \u00e9s nagykereskedelmi \u00e1ttekint\u00e9s\u00e9ben. Ahogy az ipar\u00e1g fejl\u0151dik, a nagy kapacit\u00e1s\u00fa, megb\u00edzhat\u00f3 \u00e9s gondosan megtervezett eszk\u00f6z\u00f6k ir\u00e1nti ig\u00e9ny soha nem volt nagyobb. T\u00f6bb mint nyolc \u00e9ves tapasztalattal a nemzetk\u00f6zi forgalmaz\u00e1si szektorban, a VapeXYZ tekint\u00e9lyes forr\u00e1sk\u00e9nt pozicion\u00e1lja mag\u00e1t a legjobb min\u0151s\u00e9g\u0171 eldobhat\u00f3 vape term\u00e9kekhez. Meg\u00e9rtj\u00fck, hogy B2B partnereink - az f\u00fcggetlen butikokt\u00f3l a nagyszab\u00e1s\u00fa eur\u00f3pai forgalmaz\u00f3kig - t\u00f6bbet k\u00f6vetelnek, mint egyszer\u0171en prom\u00f3ci\u00f3s \u00e1ll\u00edt\u00e1sokat; empirikusan igazolt specifik\u00e1ci\u00f3kat, szigor\u00fa min\u0151s\u00e9gbiztos\u00edt\u00e1st \u00e9s \u00e1tl\u00e1that\u00f3 ell\u00e1t\u00e1si l\u00e1ncot k\u00f6vetelnek.<\/p>\n<p>Ez az \u00e1tfog\u00f3 \u00fatmutat\u00f3 r\u00e9szletezi a BANG LEADER 18K m\u0171szaki specifik\u00e1ci\u00f3it, empirikus teljes\u00edtm\u00e9ny mutat\u00f3it \u00e9s logisztikai el\u0151nyeit, biztos\u00edtva, hogy rendelkezzen a sz\u00fcks\u00e9ges t\u00e9nyszer\u0171 adatokkal a megalapozott beszerz\u00e9si d\u00f6nt\u00e9sek meghozatal\u00e1hoz.<\/p>\n<div style=\"background: linear-gradient(135deg, #f8f9fa 0%, #e9ecef 100%); padding: 25px; border-radius: 12px; border-left: 6px solid #2c3e50; margin: 25px 0;\">\n<h3 style=\"color: #2c3e50; margin-top: 0; font-size: 22px;\">M\u0171szaki Specifik\u00e1ci\u00f3k \u00e9s M\u00e9rn\u00f6ki Szak\u00e9rtelmek<\/h3>\n<p>A BANG LEADER 18K jelent\u0151s el\u0151rel\u00e9p\u00e9st jelent az eldobhat\u00f3 vape k\u00e9sz\u00fcl\u00e9kek architekt\u00far\u00e1j\u00e1ban. Ahelyett, hogy a szok\u00e1sos, k\u00e9szen kaphat\u00f3 alkatr\u00e9szekre t\u00e1maszkodna, ez az eszk\u00f6z t\u00f6bb, kifejezetten a hossz\u00fa \u00e9lettartamra, biztons\u00e1gra \u00e9s m\u0171k\u00f6d\u00e9si k\u00f6vetkezetess\u00e9gre tervezett funkci\u00f3t integr\u00e1l.<\/p>\n<ul style=\"list-style-type: none; padding-left: 0;\">\n<li style=\"margin-bottom: 12px;\">\u2699\ufe0f Halad\u00f3 1,0 ohmos f\u0171t\u0151elem: Az eszk\u00f6z magja egy prec\u00edzi\u00f3s kialak\u00edt\u00e1s\u00fa 1,0 ohmos tekercset tartalmaz. Ezt a specifikus ellen\u00e1ll\u00e1st \u00fagy sz\u00e1m\u00edtott\u00e1k ki, hogy optimaliz\u00e1lja a termodinamikai egyens\u00falyt, biztos\u00edtva, hogy a bels\u0151 k\u00e9plet hat\u00e9konyan elp\u00e1rologjon an\u00e9lk\u00fcl, hogy olyan h\u0151m\u00e9rs\u00e9kleteket \u00e9rne el, amelyek degrad\u00e1ci\u00f3t okoznak. Ez eredm\u00e9nyezi, hogy az els\u0151 sz\u00edv\u00e1st\u00f3l az utols\u00f3ig nagyon k\u00f6vetkezetes \u00e9rz\u00e9kszervi \u00e9lm\u00e9nyt ny\u00fajt.<\/li>\n<li style=\"margin-bottom: 12px;\">\ud83d\udd0b Intelligens Teljes\u00edtm\u00e9nykezel\u00e9s: Egy \u00fajrat\u00f6lthet\u0151 l\u00edtium-ion cell\u00e1val felszerelve, a k\u00e9sz\u00fcl\u00e9k szabv\u00e1nyos Type-C interf\u00e9szt haszn\u00e1l. A bels\u0151 \u00e1ramk\u00f6r\u00f6k modern biztons\u00e1gi protokollokat tartalmaznak, p\u00e9ld\u00e1ul t\u00falt\u00f6lt\u00e9s elleni v\u00e9delmet, r\u00f6vidz\u00e1rlat megel\u0151z\u00e9st \u00e9s fesz\u00fclts\u00e9gszab\u00e1lyoz\u00e1st, biztos\u00edtva, hogy a k\u00e9sz\u00fcl\u00e9k biztons\u00e1gosan m\u0171k\u00f6dj\u00f6n annak meghosszabb\u00edtott \u00e9lettartama sor\u00e1n.<\/li>\n<li style=\"margin-bottom: 12px;\">\ud83d\udcca V\u00e1ltoz\u00f3 er\u0151ss\u00e9g\u0171 k\u00e9sz\u00edtm\u00e9nyek: A k\u00fcl\u00f6nb\u00f6z\u0151 region\u00e1lis szab\u00e1lyoz\u00e1sok \u00e9s fogyaszt\u00f3i preferenci\u00e1k figyelembev\u00e9tele \u00e9rdek\u00e9ben az eszk\u00f6zt szigor\u00faan 0%, 2%, 3% \u00e9s 5% er\u0151ss\u00e9gi koncentr\u00e1ci\u00f3kban gy\u00e1rtj\u00e1k. Minden t\u00e9telt ellen\u0151rz\u00f6tt k\u00f6rnyezetben k\u00e9sz\u00edtenek, hogy garant\u00e1lj\u00e1k a pontos sz\u00e1zal\u00e9kos pontoss\u00e1got.<\/li>\n<li style=\"margin-bottom: 12px;\">\ud83d\udee0\ufe0f OEM\/Szok\u00e1sos\u00edt\u00e1s k\u00e9pess\u00e9gei: Felismerve a m\u00e1rkaazonoss\u00e1g fontoss\u00e1g\u00e1t a kiskereskedelmi t\u00e9rben, a BANG LEADER 18K alv\u00e1z kialak\u00edt\u00e1sa \u00fagy t\u00f6rt\u00e9nt, hogy lehet\u0151v\u00e9 tegye a feh\u00e9r c\u00edmk\u00e9z\u00e9st \u00e9s az egyedi tervez\u00e9si m\u00f3dos\u00edt\u00e1sokat, lehet\u0151v\u00e9 t\u00e9ve a nagykereskedelmi partnerek sz\u00e1m\u00e1ra, hogy a vizu\u00e1lis eszt\u00e9tik\u00e1t a saj\u00e1t piaci demogr\u00e1fiai jellemz\u0151ikhez igaz\u00edts\u00e1k.<\/li>\n<\/ul>\n<\/div>\n<h3 style=\"color: #2980b9; font-size: 24px; margin-top: 30px;\">\ud83d\udc49 Empirikus teljes\u00edtm\u00e9ny \u00e9s min\u0151s\u00e9gbiztos\u00edt\u00e1s<\/h3>\n<p>Egy eldobhat\u00f3 vape \u00e9rt\u00e9kel\u00e9sekor a tapasztalati adatok \u00e9s a szigor\u00fa tesztel\u00e9si m\u00f3dszerek k\u00fcl\u00f6n\u00edtik el a pr\u00e9mium term\u00e9keket a standard alternat\u00edv\u00e1kt\u00f3l. A legfeljebb 18 000 sz\u00edv\u00e1sig hirdetett kapacit\u00e1s nem \u00f6nk\u00e9nyes sz\u00e1m; szabv\u00e1nyos\u00edtott pneumatikus tesztel\u0151g\u00e9pekb\u0151l sz\u00e1rmazik. Ezek az automatiz\u00e1lt rendszerek szimul\u00e1lj\u00e1k az \u00e1tlagos emberi bel\u00e9gz\u00e9si mint\u00e1kat - \u00e1ltal\u00e1ban 1,5-2,0 m\u00e1sodperces h\u00faz\u00e1sokat m\u00e9rnek szabv\u00e1nyos\u00edtott l\u00e9g\u00e1raml\u00e1si nyom\u00e1son. B\u00e1r a val\u00f3s \u00e9lettartam sz\u00fcks\u00e9gszer\u0171en ingadozni fog az egy\u00e9ni felhaszn\u00e1l\u00f3i szok\u00e1sok alapj\u00e1n, ezek a laborat\u00f3riumi benchmarkok biztos\u00edtj\u00e1k, hogy a tart\u00e1lykapacit\u00e1s \u00e9s az akkumul\u00e1tor ciklus \u00e9lettartama t\u00f6k\u00e9letesen \u00f6sszehangolt legyen a hullad\u00e9k minimaliz\u00e1l\u00e1sa \u00e9s a m\u0171k\u00f6d\u00e9si id\u0151 maximaliz\u00e1l\u00e1sa \u00e9rdek\u00e9ben.<\/p>\n<p>Ezenk\u00edv\u00fcl a gy\u00e1rt\u00e1s ut\u00e1ni min\u0151s\u00e9gellen\u0151rz\u00e9s tapint\u00e1si \u00e9s struktur\u00e1lis \u00e9rt\u00e9kel\u00e9seket tartalmaz. A k\u00fcls\u0151 h\u00e1z nagy szil\u00e1rds\u00e1g\u00fa, \u00fct\u00e9s\u00e1ll\u00f3 polikarbon\u00e1tb\u00f3l k\u00e9sz\u00fcl. Ezt az anyagot kifejezetten h\u0151szigetel\u0151 tulajdons\u00e1gai miatt v\u00e1lasztott\u00e1k, biztos\u00edtva, hogy a k\u00e9sz\u00fcl\u00e9k m\u00e9g a gyakori aktiv\u00e1l\u00e1si id\u0151szakokban is h\u0171v\u00f6s maradjon, mik\u00f6zben v\u00e9di a bels\u0151 alkatr\u00e9szeket a v\u00e9letlen leejt\u00e9sekt\u0151l.<\/p>\n<div style=\"background-color: #ffffff; border: 1px solid #e1e8ed; padding: 25px; border-radius: 12px; margin: 25px 0;\">\n<h3 style=\"color: #e67e22; margin-top: 0; font-size: 22px;\">\u00c1tfog\u00f3 \u00cdzprofilok<\/h3>\n<p>A BANG LEADER 18K \u00e9rz\u00e9kszervi vonzerej\u00e9t \u00f6sszetett, t\u00f6bbr\u00e9teg\u0171 botanikai \u00e9s szintetikus profilok r\u00e9v\u00e9n alak\u00edtj\u00e1k ki. Vegy\u00e9szeink tizenk\u00e9t k\u00fcl\u00f6nb\u00f6z\u0151 \u00e9lm\u00e9nyt terveztek, stabilit\u00e1st \u00e9s tisztas\u00e1got el\u0151nyben r\u00e9szes\u00edtve az eszk\u00f6z teljes \u00e9lettartama alatt:<\/p>\n<ol style=\"line-height: 1.8; color: #444; margin-bottom: 0;\">\n<li>Eper Kivi: Egy gondosan kiegyens\u00falyozott profil, amely a friss eper \u00e9des, \u00e9rett jegyeit p\u00e1ros\u00edtja a kivi gy\u00fcm\u00f6lcs savany\u00fa, \u00e9l\u00e9nk savass\u00e1g\u00e1val.<\/li>\n<li>Eperdinnye: Egy gyakran k\u00e9rt szezon\u00e1lis kever\u00e9k, amely az eper ismert \u00e9dess\u00e9g\u00e9t egyes\u00edti a ropog\u00f3s, l\u00e9gies dinnye al\u00e1rendelt hangjaival.<\/li>\n<li>Red Bull: Kifejezetten \u00fagy tervezt\u00e9k, hogy reproduk\u00e1lja a n\u00e9pszer\u0171 energiaitalokban tal\u00e1lhat\u00f3 mer\u00e9sz, robusztus \u00e9s \u00f6sszetett botanikai jegyeket.<\/li>\n<li>Vegyes gy\u00fcm\u00f6lcs\u00f6k: Egy bonyolult gy\u00fcm\u00f6lcskever\u00e9k, amely a gy\u00fcm\u00f6lcs\u00f6s \u00e9s a tr\u00f3pusi elemeket \u00f6tv\u00f6zi, dinamikusan v\u00e1ltoz\u00f3 \u00e9rz\u00e9kszervi \u00e9lm\u00e9nyt ny\u00fajtva, amely megel\u0151zi az \u00edzlel\u0151bimb\u00f3k f\u00e1rad\u00e1s\u00e1t.<\/li>\n<li>\u00c1fonya M\u00e1lna: Egy kett\u0151s bogy\u00f3s konstrukci\u00f3, amely az \u00e1fonya m\u00e9ly, f\u00f6ldes gazdags\u00e1g\u00e1t r\u00e9tegezi a friss m\u00e1ln\u00e1k \u00e9les, savas \u00fct\u00e9s\u00e9vel.<\/li>\n<li>\u00c1fonya \u00e9s S\u00e1rgadinnye: Egy innovat\u00edv f\u00fazi\u00f3, ahol a s\u0171r\u0171, s\u00f6t\u00e9t bogy\u00f3s jegyek felemelkednek \u00e9s k\u00f6nnyedebb\u00e9 v\u00e1lnak egy tiszta, friss\u00edt\u0151 dinny\u00e9s befejez\u00e9ssel.<\/li>\n<li>Sz\u0151l\u0151 J\u00e9g: A concord sz\u0151l\u0151 gazdag, robusztus esszenci\u00e1j\u00e1t tartalmazza, amelyet azonnal k\u00f6vet egy prec\u00edzi\u00f3s tervez\u00e9s\u0171 h\u0171t\u00e9si \u00e9rz\u00e9s a kil\u00e9gz\u00e9skor.<\/li>\n<li>M\u00e1lna Mojito \u0150szibar\u00e1t J\u00e9g: Egy er\u0151sen komplex recept, amely \u00f6tv\u00f6zi a savany\u00fa bogy\u00f3kat, a finom ment\u00e1s botanikai anyagokat, a puha \u0151szibar\u00e1tot \u00e9s egy \u00e9l\u00e9nk, fagyos befejez\u00e9st.<\/li>\n<li>V\u00edzimelon J\u00e9g: Egy alapvet\u0151 kell\u00e9k az iparban, amely egyenes, tiszta g\u00f6r\u00f6gdinnye \u00e9dess\u00e9get sz\u00e1ll\u00edt, \u00e9lesen leh\u0171t\u00f6tt szell\u0151vel v\u00e1gva.<\/li>\n<li>M\u00e1lna \u00e9s g\u00f6r\u00f6gdinnye: Egy \u00e9l\u00e9nk, savany\u00fa ny\u00e1ri z\u00f6lds\u00e9g \u00e9s friss\u00edt\u0151 dinnye \u00fctk\u00f6z\u00e9se, optimaliz\u00e1lva egy rendk\u00edv\u00fcl kiegyens\u00falyozott, eg\u00e9sz nap vonz\u00f3 hat\u00e1s \u00e9rdek\u00e9ben.<\/li>\n<li>Cola Ice: Pontosan reproduk\u00e1lja egy hagyom\u00e1nyos sz\u00f6k\u0151k\u00fat-sz\u00f3da ismer\u0151s, megnyugtat\u00f3 profilj\u00e1t, bele\u00e9rtve a j\u00e9gkock\u00e1kat ut\u00e1nz\u00f3 h\u0171s\u00edt\u0151 befejez\u00e9st is.<\/li>\n<li>Mango Barack Dinnye: Egy h\u00e1romr\u00e9szes tr\u00f3pusi kompoz\u00edci\u00f3, amely kr\u00e9mes mang\u00f3val kezd\u0151dik, sima barackba v\u00e1lt \u00e1t, \u00e9s tiszta dinny\u00e9s befejez\u00e9ssel z\u00e1rul.<\/li>\n<\/ol>\n<\/div>\n<h3 style=\"color: #27ae60; font-size: 24px; margin-top: 30px;\">\ud83d\udce6 Nagykereskedelmi Logisztikai \u00e9s Eloszt\u00e1si Specifik\u00e1ci\u00f3k<\/h3>\n<p>Mivel egy j\u00f3l megalapozott B2B forgalmaz\u00f3r\u00f3l van sz\u00f3, a VapeXYZ priorit\u00e1sk\u00e9nt kezeli a ell\u00e1t\u00e1si l\u00e1nc hat\u00e9konys\u00e1g\u00e1t \u00e9s az \u00e1tl\u00e1that\u00f3 logisztik\u00e1t. A BANG LEADER 18K csomagol\u00e1sa \u00fagy van optimaliz\u00e1lva, hogy minimaliz\u00e1lja a sz\u00e1ll\u00edt\u00e1si s\u00falyokat \u00e9s a rakt\u00e1r t\u00e1rol\u00e1st. Az ipar\u00e1gvezet\u0151 Minim\u00e1lis Rendel\u00e9si Mennyis\u00e9g (MOQ) mind\u00f6ssze 10 darab, ami cs\u00f6kkenti a bel\u00e9p\u00e9si akad\u00e1lyt a butik keresked\u0151k sz\u00e1m\u00e1ra, mik\u00f6zben fenntartja a sz\u00fcks\u00e9ges infrastrukt\u00far\u00e1t ahhoz, hogy raklapokat sz\u00e1ll\u00edtson a nagyobb eur\u00f3pai forgalmaz\u00f3knak.<\/p>\n<table style=\"width: 100%; border-collapse: collapse; margin: 25px 0; font-family: 'Segoe UI', sans-serif; border-radius: 8px; overflow: hidden;\">\n<thead>\n<tr style=\"background: linear-gradient(90deg, #2c3e50 0%, #3498db 100%); color: white; text-align: left;\">\n<th style=\"padding: 15px; font-weight: 600; text-transform: uppercase; letter-spacing: 0.5px;\">Logisztikai szint<\/th>\n<th style=\"padding: 15px; font-weight: 600; text-transform: uppercase; letter-spacing: 0.5px;\">M\u00e9rt s\u00faly<\/th>\n<th style=\"padding: 15px; font-weight: 600; text-transform: uppercase; letter-spacing: 0.5px;\">M\u00e9retek \/ Megjegyz\u00e9sek<\/th>\n<\/tr>\n<\/thead>\n<tbody>\n<tr style=\"background-color: #ffffff; border-bottom: 1px solid #eeeeee;\">\n<td style=\"padding: 15px; color: #333;\">Egys\u00e9g (Kiskereskedelmi csomag)<\/td>\n<td style=\"padding: 15px; color: #555;\">67g<\/td>\n<td style=\"padding: 15px; color: #555;\">Kompakt m\u00e9ret, szabv\u00e1nyos kiskereskedelmi kirakatokhoz optimaliz\u00e1lva.<\/td>\n<\/tr>\n<tr style=\"background-color: #f9fbfd; border-bottom: 1px solid #eeeeee;\">\n<td style=\"padding: 15px; color: #333;\">10 egys\u00e9gb\u0151l \u00e1ll\u00f3 kijelz\u0151 karton (Minim\u00e1lis rendel\u00e9si mennyis\u00e9g)<\/td>\n<td style=\"padding: 15px; color: #555;\">670g<\/td>\n<td style=\"padding: 15px; color: #555;\">Ide\u00e1lis a lokaliz\u00e1lt k\u00e9szlet tesztel\u00e9s\u00e9hez \u00e9s kisebb \u00fajb\u00f3li felt\u00f6lt\u00e9shez.<\/td>\n<\/tr>\n<tr style=\"background-color: #ffffff;\">\n<td style=\"padding: 15px; color: #333; font-weight: bold;\">200 egys\u00e9gnyi mester karton<\/td>\n<td style=\"padding: 15px; color: #555; font-weight: bold;\">13,5 kg<\/td>\n<td style=\"padding: 15px; color: #555;\">65 cm \u00d7 31 cm \u00d7 26 cm. Optimaliz\u00e1lt raklapoz\u00e1s \u00e9s nemzetk\u00f6zi sz\u00e1ll\u00edtm\u00e1nyoz\u00e1s c\u00e9lj\u00e1b\u00f3l tervezve.<\/td>\n<\/tr>\n<\/tbody>\n<\/table>\n<div style=\"background: #eef2f5; padding: 25px; border-radius: 12px; margin: 30px 0; border: 1px solid #d5dde4;\">\n<h3 style=\"color: #2c3e50; margin-top: 0; font-size: 22px;\">\ud83d\udcda Ipar\u00e1gi Tud\u00e1sb\u00e1zis: Az Ellen\u00e1ll\u00e1s Fontoss\u00e1ga<\/h3>\n<p style=\"color: #444; margin-bottom: 0;\">Az eldobhat\u00f3 vapek vil\u00e1g\u00e1ban a bels\u0151 f\u0171t\u0151elem elektromos ellen\u00e1ll\u00e1sa kritikus m\u00e9r\u0151sz\u00e1m. A BANG LEADER 18K 1,0 ohmos be\u00e1ll\u00edt\u00e1st haszn\u00e1l, amely a \u201cszub-plusz\u201d vagy standard ellen\u00e1ll\u00e1s kateg\u00f3ri\u00e1ba tartozik. Az ultra-alacsony szub-ohmos eszk\u00f6z\u00f6kkel ellent\u00e9tben, amelyek gyorsan lemer\u00edtik az akkumul\u00e1torokat \u00e9s t\u00falzott h\u0151t termelnek, az 1,0 ohmos konfigur\u00e1ci\u00f3 a nagy kapacit\u00e1s\u00fa eldobhat\u00f3 vapek arany standardja. El\u00e9g h\u0151energi\u00e1t biztos\u00edt ahhoz, hogy hat\u00e9konyan aeroszoliz\u00e1lj\u00e1k a bels\u0151 formul\u00e1t, s\u0171r\u0171 p\u00e1r\u00e1t termelve, mik\u00f6zben szigor\u00faan szab\u00e1lyozza a teljes\u00edtm\u00e9nyfelv\u00e9telt. Ez a specifikus m\u00e9rn\u00f6ki v\u00e1laszt\u00e1s pontosan az oka annak, hogy az eszk\u00f6z megb\u00edzhat\u00f3an el\u00e9rheti fels\u0151 sz\u00edv\u00e1si korl\u00e1tait an\u00e9lk\u00fcl, hogy id\u0151 el\u0151tt kimer\u00edten\u00e9 a \u00fajrat\u00f6lthet\u0151 cell\u00e1t vagy el\u00e9getn\u00e9 a kan\u00f3c anyagot.<\/p>\n<\/div>\n<h3 style=\"color: #8e44ad; font-size: 24px; margin-top: 30px;\">\ud83d\udcac Gyakran Ism\u00e9telt K\u00e9rd\u00e9sek (GYIK)<\/h3>\n<div style=\"margin: 20px 0;\">\n<details style=\"background: #ffffff; border: 1px solid #ddd; border-radius: 8px; margin-bottom: 10px; overflow: hidden;\">\n<summary style=\"padding: 15px; font-weight: 600; cursor: pointer; background: #f8f9fa; color: #2c3e50;\">Hogyan igazolj\u00e1k empirikusan a 18 000 sz\u00edv\u00e1s kapacit\u00e1st?<\/summary>\n<div style=\"padding: 15px; color: #555; border-top: 1px solid #ddd;\">A kapacit\u00e1st a gy\u00e1rt\u00e1si szakaszban szabv\u00e1nyos\u00edtott automatiz\u00e1lt inhal\u00e1ci\u00f3s g\u00e9pekkel valid\u00e1lj\u00e1k. Ezek a g\u00e9pek meghat\u00e1rozott id\u0151tartam\u00fa (\u00e1ltal\u00e1ban 1,5 m\u00e1sodperc) folyamatos sz\u00edv\u00e1sokat v\u00e9geznek a teljes kimenet m\u00e9r\u00e9s\u00e9re, miel\u0151tt a bels\u0151 tart\u00e1ly kimer\u00fclne. A val\u00f3s haszn\u00e1lat az egy\u00e9ni sz\u00edv\u00e1sok hossz\u00e1t\u00f3l \u00e9s m\u00e9lys\u00e9g\u00e9t\u0151l f\u00fcgg\u0151en v\u00e1ltozik.<\/div>\n<\/details>\n<details style=\"background: #ffffff; border: 1px solid #ddd; border-radius: 8px; margin-bottom: 10px; overflow: hidden;\">\n<summary style=\"padding: 15px; font-weight: 600; cursor: pointer; background: #f8f9fa; color: #2c3e50;\">Vannak teljesen akt\u00edv stimul\u00e1nsokt\u00f3l mentes lehet\u0151s\u00e9gek?<\/summary>\n<div style=\"padding: 15px; color: #555; border-top: 1px solid #ddd;\">Igen. Felismerj\u00fck az emberek n\u00f6vekv\u0151 ig\u00e9ny\u00e9t a tiszt\u00e1n \u00e9rz\u00e9kszervi \u00e9lm\u00e9nyek ir\u00e1nt. A BANG LEADER 18K 0% er\u0151ss\u00e9g\u0171 koncentr\u00e1tumban kaphat\u00f3, lehet\u0151v\u00e9 t\u00e9ve a felhaszn\u00e1l\u00f3k sz\u00e1m\u00e1ra, hogy bonyolult \u00edzprofilokat \u00e9lvezzenek akt\u00edv adal\u00e9kanyagok n\u00e9lk\u00fcl.<\/div>\n<\/details>\n<details style=\"background: #ffffff; border: 1px solid #ddd; border-radius: 8px; margin-bottom: 10px; overflow: hidden;\">\n<summary style=\"padding: 15px; font-weight: 600; cursor: pointer; background: #f8f9fa; color: #2c3e50;\">Milyen biztons\u00e1gi tan\u00fas\u00edtv\u00e1nyokat \u00e9s t\u00f6lt\u00e9si protokollokat haszn\u00e1l a k\u00e9sz\u00fcl\u00e9k?<\/summary>\n<div style=\"padding: 15px; color: #555; border-top: 1px solid #ddd;\">A k\u00e9sz\u00fcl\u00e9k univerz\u00e1lis Type-C t\u00f6lt\u0151portot haszn\u00e1l a hat\u00e9kony energia\u00e1tvitel \u00e9rdek\u00e9ben. A bels\u0151 alaplap be\u00e9p\u00edtett t\u00falt\u00f6lt\u00e9sv\u00e9d\u0151 \u00e9s automatikus lev\u00e1laszt\u00f3 mechanizmussal rendelkezik, hogy a l\u00edtium-ion akkumul\u00e1tor stabil maradjon a t\u00f6lt\u00e9si ciklus alatt.<\/div>\n<\/details>\n<details style=\"background: #ffffff; border: 1px solid #ddd; border-radius: 8px; margin-bottom: 10px; overflow: hidden;\">\n<summary style=\"padding: 15px; font-weight: 600; cursor: pointer; background: #f8f9fa; color: #2c3e50;\">Mi a folyamat a nagykereskedelmi egyedi m\u00e1rka kialak\u00edt\u00e1s\u00e1hoz?<\/summary>\n<div style=\"padding: 15px; color: #555; border-top: 1px solid #ddd;\">A VapeXYZ \u00e1tfog\u00f3 B2B testreszab\u00e1st k\u00edn\u00e1l. A meghat\u00e1rozott mennyis\u00e9gi k\u00fcsz\u00f6b\u00f6ket el\u00e9r\u0151 rendel\u00e9sek eset\u00e9n gy\u00e1rt\u00f3 csapatunk integr\u00e1lhatja saj\u00e1t m\u00e1rk\u00e1j\u00e1t, log\u00f3it \u00e9s sz\u00edns\u00e9m\u00e1it az eszk\u00f6zv\u00e1zra \u00e9s a k\u00fcls\u0151 csomagol\u00e1sra. K\u00e9rj\u00fck, vegye fel a kapcsolatot nagykereskedelmi oszt\u00e1lyunkkal egy r\u00e9szletes konzult\u00e1ci\u00f3\u00e9rt.<\/div>\n<\/details>\n<\/div>\n<div style=\"background: linear-gradient(to right, #e8f5e9, #c8e6c9); padding: 30px; border-radius: 12px; margin: 30px 0; text-align: center; border: 1px solid #a5d6a7;\">\n<h3 style=\"color: #2e7d32; margin-top: 0; font-size: 26px;\">\ud83d\udd12 Biztos\u00edtsa Nagykereskedelmi Ell\u00e1t\u00e1s\u00e1t M\u00e9g Ma<\/h3>\n<p style=\"font-size: 16px; color: #333; max-width: 800px; margin: 0 auto 15px auto;\">B\u00edzhat a VapeXYZ nyolc \u00e9vnyi ipar\u00e1gi tapasztalat\u00e1ban, hogy v\u00e1llalkoz\u00e1s\u00e1t a piacon a legmegb\u00edzhat\u00f3bb eldobhat\u00f3 vape term\u00e9kekkel l\u00e1ssa el. A BANG LEADER 18K \u00f6tv\u00f6zi a leg\u00fajabb termodinamikai m\u00e9rn\u00f6ki munk\u00e1t a szigor\u00fa min\u0151s\u00e9gbiztos\u00edt\u00e1ssal, biztos\u00edtva ezzel az \u00d6n v\u00e9gfelhaszn\u00e1l\u00f3inak teljes el\u00e9gedetts\u00e9g\u00e9t.<\/p>\n<p style=\"font-size: 15px; color: #555; font-weight: 600;\">Mind\u00f6ssze 10 darabos alacsony minim\u00e1lis rendel\u00e9si mennyis\u00e9ggel, gyors eur\u00f3pai sz\u00e1ll\u00edt\u00e1ssal \u00e9s er\u0151sen versenyk\u00e9pes mennyis\u00e9gi szint\u0171 \u00e1raz\u00e1ssal soha nem volt m\u00e9g hat\u00e9konyabb a k\u00e9szlet sk\u00e1l\u00e1z\u00e1sa. L\u00e1togasson el B2B port\u00e1lunkra, hogy elind\u00edtsa beszerz\u00e9si folyamat\u00e1t m\u00e9g ma.<\/p>\n<\/div>\n<div style=\"text-align: center; margin-top: 30px;\"><\/div>\n<\/article>","protected":false},"excerpt":{"rendered":"<p>A BANG LEADER 18K egy hossz\u00fa \u00e9lettartam\u00fa, eldobhat\u00f3 vape, amely 18 000 sz\u00edv\u00e1st, k\u00fcl\u00f6nb\u00f6z\u0151 \u00edzeket \u00e9s \u00e1ll\u00edthat\u00f3 er\u0151ss\u00e9gi szinteket k\u00edn\u00e1l.<\/p>","protected":false},"featured_media":69280,"comment_status":"open","ping_status":"closed","template":"","meta":{"_lmt_disableupdate":"no","_lmt_disable":""},"product_brand":[],"product_cat":[821,997,935,934,927,929,928,930,933,939,932,938,931,936,937,1017,946,951,953,820,987],"product_tag":[],"class_list":{"0":"post-58822","1":"product","2":"type-product","3":"status-publish","4":"has-post-thumbnail","6":"product_cat-bang","7":"product_cat-18000-puff-vapes","8":"product_cat-bulk-buy-disposable-vapes-in-austria","9":"product_cat-bulk-buy-disposable-vapes-in-belgium","10":"product_cat-bulk-buy-disposable-vapes-in-europe","11":"product_cat-bulk-buy-disposable-vapes-in-france","12":"product_cat-bulk-buy-disposable-vapes-in-germany","13":"product_cat-bulk-buy-disposable-vapes-in-italy","14":"product_cat-bulk-buy-disposable-vapes-in-netherlands","15":"product_cat-bulk-buy-disposable-vapes-in-norway","16":"product_cat-bulk-buy-disposable-vapes-in-poland","17":"product_cat-bulk-buy-disposable-vapes-in-portugal","18":"product_cat-bulk-buy-disposable-vapes-in-spain","19":"product_cat-bulk-buy-disposable-vapes-in-sweden","20":"product_cat-bulk-buy-disposable-vapes-in-switzerland","21":"product_cat-buy-best-disposable-vape-flavors","22":"product_cat-disposable-vapes-series","23":"product_cat-lower-nicotine-vapes","24":"product_cat-rechargeable-vapes","25":"product_cat-vape","26":"product_cat-vape-shop-by-puffs","28":"first","29":"instock","30":"shipping-taxable","31":"purchasable","32":"product-type-variable","33":"has-default-attributes"},"jetpack_sharing_enabled":true,"tiered_pricing_type":"fixed","tiered_pricing_fixed_rules":[],"tiered_pricing_product_settings":{"layout":"default","base_unit_name":{"singular":null,"plural":null},"default_variation":null},"tiered_pricing_minimum_quantity":null,"tiered_pricing_roles_data":[],"tiered_pricing_percentage_rules":[],"tiered_pricing_maximum_quantity":null,"tiered_pricing_quantity_step":null,"_links":{"self":[{"href":"https:\/\/vapexyz.com\/hu\/wp-json\/wp\/v2\/product\/58822","targetHints":{"allow":["GET"]}}],"collection":[{"href":"https:\/\/vapexyz.com\/hu\/wp-json\/wp\/v2\/product"}],"about":[{"href":"https:\/\/vapexyz.com\/hu\/wp-json\/wp\/v2\/types\/product"}],"replies":[{"embeddable":true,"href":"https:\/\/vapexyz.com\/hu\/wp-json\/wp\/v2\/comments?post=58822"}],"wp:featuredmedia":[{"embeddable":true,"href":"https:\/\/vapexyz.com\/hu\/wp-json\/wp\/v2\/media\/69280"}],"wp:attachment":[{"href":"https:\/\/vapexyz.com\/hu\/wp-json\/wp\/v2\/media?parent=58822"}],"wp:term":[{"taxonomy":"product_brand","embeddable":true,"href":"https:\/\/vapexyz.com\/hu\/wp-json\/wp\/v2\/product_brand?post=58822"},{"taxonomy":"product_cat","embeddable":true,"href":"https:\/\/vapexyz.com\/hu\/wp-json\/wp\/v2\/product_cat?post=58822"},{"taxonomy":"product_tag","embeddable":true,"href":"https:\/\/vapexyz.com\/hu\/wp-json\/wp\/v2\/product_tag?post=58822"}],"curies":[{"name":"wp","href":"https:\/\/api.w.org\/{rel}","templated":true}]}}