{"id":57907,"date":"2025-10-16T03:00:04","date_gmt":"2025-10-16T03:00:04","guid":{"rendered":"https:\/\/vapexyz.com\/?post_type=product&#038;p=57907"},"modified":"2026-03-02T13:11:51","modified_gmt":"2026-03-02T13:11:51","slug":"bood-lumo-60000-szivas-alacsony-nikotin-omlesztett-vasarlas-eredeti-ujratoltheto-eldobhato-vape-nagykereskedelem","status":"publish","type":"product","link":"https:\/\/vapexyz.com\/hu\/product\/bood-lumo-60000-puffs-low-nicotine-bulk-buy-original-rechargeable-disposable-vapes-wholesale\/","title":{"rendered":"BOOD LUMO 60000 sz\u00edv\u00e1s Nagy mennyis\u00e9g\u0171 v\u00e1s\u00e1rl\u00e1s \u00dajrat\u00f6lthet\u0151 Eldobhat\u00f3 Vape Nagykereskedelem"},"content":{"rendered":"<article style=\"font-family: 'Segoe UI', Roboto, Helvetica, Arial, sans-serif;line-height: 1.8;color: #2c3e50;max-width: 100%;margin: 0 auto;padding: 20px\">\n<section style=\"margin-bottom: 40px\">\n<h2 style=\"color: #1a252f;font-size: 28px;border-bottom: 2px solid #3498db;padding-bottom: 10px\">A BOOD LUMO 60000 Puffs eldobhat\u00f3 vape m\u0171szaki \u00e1ttekint\u00e9se<\/h2>\n<p style=\"font-size: 16px;text-align: justify\">A BOOD LUMO 60000 Puffs egy er\u0151sen megtervezett, eldobhat\u00f3 vape, amelyet sz\u00e9lesk\u00f6r\u0171 m\u0171k\u00f6d\u00e9si hossz\u00fa \u00e9lettartamra, stabil kimenetre \u00e9s pontos aroma sz\u00e1ll\u00edt\u00e1sra terveztek. Elt\u00e9rve a standard, egyetlen cell\u00e1s konfigur\u00e1ci\u00f3kt\u00f3l, ez az eszk\u00f6z egy \u00f6sszetett, k\u00e9tszint\u0171 energia architekt\u00far\u00e1t integr\u00e1l, amely egy tart\u00f3s, pontosan kialak\u00edtott k\u00fcls\u0151 h\u00e1zban tal\u00e1lhat\u00f3. Pr\u00e9mium elektronik\u00e1val tervezve \u00e9s szigor\u00faan tesztelve a konzisztens p\u00e1rologtat\u00e1sra, er\u0151s \u00e9rz\u00e9kszervi termel\u00e9st biztos\u00edt teljes\u00edtm\u00e9nycs\u00f6kken\u00e9s n\u00e9lk\u00fcl annak meghosszabb\u00edtott \u00e9letciklus\u00e1ban. Kiz\u00e1r\u00f3lag a VapeXYZ, egy vezet\u0151 eur\u00f3pai eldobhat\u00f3 vape forgalmaz\u00f3 \u00e1ltal forgalmazva \u00fczleti-\u00fczleti nagykereskedelmi c\u00e9lra, ez a hardver megfelel azoknak a pontos specifik\u00e1ci\u00f3knak, amelyeket a kereskedelmi kiskeresked\u0151k k\u00f6vetelnek meg a megb\u00edzhat\u00f3s\u00e1g igazol\u00e1s\u00e1ra.<\/p>\n<div style=\"background: linear-gradient(135deg, #f0f7ff 0%, #e6f2ff 100%);border-left: 6px solid #2980b9;padding: 20px;margin: 30px 0;border-radius: 6px\">\n<h3 style=\"margin-top: 0;color: #2980b9;font-size: 20px\">Szakter\u00fcleti betekint\u00e9s: K\u00e9tl\u00e9pcs\u0151s energiaarchitekt\u00fara<\/h3>\n<p style=\"margin-bottom: 0;font-size: 15px\">A szok\u00e1sos, egyetlen folyamatosan lemer\u00fcl\u0151 cell\u00e1t\u00f3l f\u00fcgg\u0151 k\u00e9sz\u00fcl\u00e9kekkel ellent\u00e9tben a BOOD LUMO kifinomult energiaell\u00e1t\u00f3 rendszert tartalmaz. Egy hatalmas, 13400mAh kapacit\u00e1s\u00fa alap\u00e1llom\u00e1si akkumul\u00e1tort p\u00e1ros\u00edt egy 550mAh funkcion\u00e1lis m\u0171k\u00f6d\u00e9si maggal. Ez a szerkezet biztos\u00edtja, hogy az atomiz\u00e1ci\u00f3s komponens t\u00f6k\u00e9letesen szab\u00e1lyozott fesz\u00fclts\u00e9gterhel\u00e9st kapjon. A nagy kapacit\u00e1s\u00fa t\u00e1rol\u00f3 elk\u00fcl\u00f6n\u00edt\u00e9s\u00e9vel a f\u0171t\u0151elem azonnali \u00e1ramfelv\u00e9tel\u00e9t\u0151l, a bels\u0151 \u00e1ramk\u00f6r\u00f6k megakad\u00e1lyozz\u00e1k a fesz\u00fclts\u00e9g cs\u00f6kken\u00e9s\u00e9t, biztos\u00edtva, hogy az els\u0151 bel\u00e9gz\u00e9s termodinamikailag azonos legyen az utols\u00f3val.<\/p>\n<\/div>\n<\/section>\n<section style=\"margin-bottom: 40px\">\n<h2 style=\"color: #1a252f;font-size: 24px;margin-bottom: 20px\">Empirikus m\u00e9r\u00e9sek \u00e9s hardver specifik\u00e1ci\u00f3k<\/h2>\n<p style=\"font-size: 16px;text-align: justify\">A konkr\u00e9t eldobhat\u00f3 vape teljes\u00edtm\u00e9ny\u00e9nek objekt\u00edv sz\u00e1mszer\u0171s\u00edt\u00e9s\u00e9hez ipari szabv\u00e1nyos pneumatikus vizsg\u00e1lati param\u00e9tereket kell vizsg\u00e1lni. A megadott 60 000 aktiv\u00e1l\u00e1si sz\u00e1m nem \u00f6nk\u00e9nyes \u00e9rt\u00e9k; empirikusan sz\u00e1rmazik az automatiz\u00e1lt sz\u00edv\u00f3g\u00e9pekb\u0151l, amelyek szimul\u00e1lj\u00e1k a standard felhaszn\u00e1l\u00f3i bel\u00e9gz\u00e9st. Laborat\u00f3riumi k\u00f6r\u00fclm\u00e9nyek k\u00f6z\u00f6tt tesztelve (\u00e1ltal\u00e1ban 2,0-3,0 m\u00e1sodperces h\u00faz\u00e1si id\u0151tartamot alkalmazva standard l\u00e9gk\u00f6ri nyom\u00e1ssal), a bels\u0151 tart\u00e1ly hat\u00e9konyan haszn\u00e1lja fel a botanikai kivonat formul\u00e1ci\u00f3t an\u00e9lk\u00fcl, hogy sz\u00e1razon t\u00fczelne. Az alacsony intenzit\u00e1s\u00fa vegy\u00fcletformul\u00e1ci\u00f3 biztos\u00edtja, hogy a tekercs mentes legyen a t\u00falzott sz\u00e9nlerak\u00f3d\u00e1st\u00f3l, fenntartva az optim\u00e1lis ellen\u00e1ll\u00e1si szintet m\u0171k\u00f6d\u00e9si tartom\u00e1ny\u00e1ban.<\/p>\n<table style=\"width: 100%;border-collapse: collapse;margin: 25px 0;font-size: 15px;background-color: #ffffff\">\n<thead>\n<tr>\n<th style=\"background-color: #2c3e50;color: #ffffff;text-align: left;padding: 15px;border: 1px solid #bdc3c7;font-weight: 600\">M\u0171szaki Specifik\u00e1ci\u00f3<\/th>\n<th style=\"background-color: #2c3e50;color: #ffffff;text-align: left;padding: 15px;border: 1px solid #bdc3c7;font-weight: 600\">M\u00e9rt \u00e9rt\u00e9k \/ komponens<\/th>\n<\/tr>\n<\/thead>\n<tbody>\n<tr>\n<td style=\"padding: 12px 15px;border: 1px solid #ecf0f1;background-color: #f8f9fa\">Maxim\u00e1lis m\u0171k\u00f6dtet\u00e9sek sz\u00e1ma<\/td>\n<td style=\"padding: 12px 15px;border: 1px solid #ecf0f1;background-color: #f8f9fa\">Legfeljebb 60 000 (2 m\u00e1sodperces pneumatikus h\u00faz\u00f3vizsg\u00e1lat alapj\u00e1n)<\/td>\n<\/tr>\n<tr>\n<td style=\"padding: 12px 15px;border: 1px solid #ecf0f1\">Els\u0151dleges T\u00e1rol\u00f3 Akkumul\u00e1tor<\/td>\n<td style=\"padding: 12px 15px;border: 1px solid #ecf0f1\">13400mAh L\u00edtium-ion cella<\/td>\n<\/tr>\n<tr>\n<td style=\"padding: 12px 15px;border: 1px solid #ecf0f1;background-color: #f8f9fa\">\u00dczemeltet\u00e9si Mag Elem<\/td>\n<td style=\"padding: 12px 15px;border: 1px solid #ecf0f1;background-color: #f8f9fa\">550mAh (\u00dajrat\u00f6lthet\u0151)<\/td>\n<\/tr>\n<tr>\n<td style=\"padding: 12px 15px;border: 1px solid #ecf0f1\">F\u0171t\u0151elem<\/td>\n<td style=\"padding: 12px 15px;border: 1px solid #ecf0f1\">Halad\u00f3 h\u00e1l\u00f3 m\u00e1trix tekercs<\/td>\n<\/tr>\n<tr>\n<td style=\"padding: 12px 15px;border: 1px solid #ecf0f1;background-color: #f8f9fa\">Intenzit\u00e1s megfogalmaz\u00e1sa<\/td>\n<td style=\"padding: 12px 15px;border: 1px solid #ecf0f1;background-color: #f8f9fa\">Alacsony intenzit\u00e1s\u00fa alapvegy\u00fclet a sima l\u00e9gz\u00e9shez<\/td>\n<\/tr>\n<tr>\n<td style=\"padding: 12px 15px;border: 1px solid #ecf0f1\">V\u00e1zanyag<\/td>\n<td style=\"padding: 12px 15px;border: 1px solid #ecf0f1\">\u00c9lelmiszer-min\u0151s\u00e9g\u0171 PCTG m\u0171anyag \u00e9s k\u00f6nny\u0171 alum\u00ednium\u00f6tv\u00f6zet<\/td>\n<\/tr>\n<\/tbody>\n<\/table>\n<\/section>\n<section style=\"margin-bottom: 40px\">\n<h2 style=\"color: #1a252f;font-size: 24px;margin-bottom: 20px\">Hat\u00f3s\u00e1g, Megfelel\u0151s\u00e9g \u00e9s Piaci Bizalom<\/h2>\n<p style=\"font-size: 16px;text-align: justify\">Amikor kereskedelmi c\u00e9l\u00fa \u00e9rt\u00e9kes\u00edt\u00e9sre v\u00e1s\u00e1rolnak e-cigarett\u00e1kat, a szab\u00e1lyoz\u00e1si megfelel\u0151s\u00e9g \u00e9s a biztons\u00e1gi ellen\u0151rz\u00e9sek kiemelten fontosak. Az azokat gy\u00e1rt\u00f3 l\u00e9tes\u00edtm\u00e9nyeknek, amelyek az e-cigarett\u00e1kat gy\u00e1rtj\u00e1k, <a style=\"color: #3498db;text-decoration: none;font-weight: bold\" href=\"https:\/\/vapexyz.com\/hu\/termekkategoria\/bood-disposable-vapes\/\">BOOD LUMO<\/a> A sorozatokat szigor\u00fa min\u0151s\u00e9gir\u00e1ny\u00edt\u00e1si rendszerek szerint \u00fczemeltetik, gyakran az ISO 9001 szabv\u00e1nyokkal \u00f6sszhangban. Az alkatr\u00e9szeket termikus stabilit\u00e1sra \u00e9rt\u00e9kelik, biztos\u00edtva, hogy a l\u00edtium-ion cell\u00e1k megfelel\u0151 t\u00fal t\u00f6lt\u00e9sv\u00e9delemmel, r\u00f6vidz\u00e1rlat-megel\u0151z\u00e9ssel \u00e9s termikus lev\u00e1laszt\u00e1si mechanizmusokkal rendelkezzenek. Ezenk\u00edv\u00fcl az eur\u00f3pai piacra sz\u00e1nt hardvereknek \u00e1ltal\u00e1ban meg kell felelni\u00fck a CE (Conformit\u00e9 Europ\u00e9enne) \u00e9s a RoHS (Vesz\u00e9lyes anyagok korl\u00e1toz\u00e1sa) megfelel\u0151s\u00e9gi szabv\u00e1nyoknak, garant\u00e1lva, hogy semmilyen neh\u00e9z f\u00e9m ne szennyezze az atomiz\u00e1ci\u00f3s folyamatot vagy a p\u00e1rologtat\u00f3 oldat tart\u00e1ly\u00e1t.<\/p>\n<\/section>\n<section style=\"margin-bottom: 40px\">\n<h2 style=\"color: #1a252f;font-size: 24px;margin-bottom: 20px\">\u00c9rz\u00e9kszervi \u00cdzprofilok<\/h2>\n<p style=\"font-size: 16px;margin-bottom: 15px\">A pr\u00e9mium eldobhat\u00f3 vape kritikus szempontja a botanikai kever\u00e9kek stabilit\u00e1sa. A bels\u0151 h\u00e1l\u00f3tekercs nagy fel\u00fcletet biztos\u00edt, lehet\u0151v\u00e9 t\u00e9ve a k\u00e9sz\u00edtm\u00e9ny egyenletes porlaszt\u00e1s\u00e1t, megakad\u00e1lyozva a lok\u00e1lis t\u00falmeleged\u00e9st \u00e9s biztos\u00edtva egy k\u00e9miailag stabil \u00e9rz\u00e9kszervi \u00e9lm\u00e9nyt. A rendelkez\u00e9sre \u00e1ll\u00f3 spektrum tartalmazza:<\/p>\n<ul style=\"list-style-type: none;padding-left: 0;grid-template-columns: repeat(auto-fit, minmax(300px, 1fr));gap: 15px\">\n<li style=\"background: #ffffff;padding: 15px;border: 1px solid #e0e0e0;border-radius: 8px\">S\u00e1rgadinnye J\u00e9g: H\u0171t\u00f6tt, ropog\u00f3s kivonat, amely megragadja a ny\u00e1ri dinnye term\u00e9szetes l\u00e9nyeg\u00e9t, egy jellegzetes h\u0171t\u0151 hat\u00f3anyaggal kombin\u00e1lva.<\/li>\n<li style=\"background: #ffffff;padding: 15px;border: 1px solid #e0e0e0;border-radius: 8px\">Eper S\u00e1rgadinnye J\u00e9g: Egy kett\u0151s jegyzet\u0171 profil, amely a szabadf\u00f6ldi eper \u00e9dess\u00e9g\u00e9t egy sima, fagyos dinnye alhanggal egyens\u00falyozza ki.<\/li>\n<li style=\"background: #ffffff;padding: 15px;border: 1px solid #e0e0e0;border-radius: 8px\">K\u00e9k Razz J\u00e9g: Egy kifejezetten \u00f6ssze\u00e1ll\u00edtott, savas k\u00e9k m\u00e1ln\u00e1s botanikai elegy, melyet j\u00e9ghideg lecseng\u00e9s k\u00eds\u00e9r.<\/li>\n<li style=\"background: #ffffff;padding: 15px;border: 1px solid #e0e0e0;border-radius: 8px\">Sz\u0151l\u0151 J\u00e9g: Gazdag, robusztus sz\u0151l\u0151\u00fcltetv\u00e9nyi jegyek, amelyek s\u0171r\u0171 felh\u0151be s\u0171r\u0171s\u00f6dnek, \u00e9les termikus es\u00e9ssel kieg\u00e9sz\u00edtve.<\/li>\n<li style=\"background: #ffffff;padding: 15px;border: 1px solid #e0e0e0;border-radius: 8px\">Citrom Lime: Egy er\u0151sen savas, citrusos \u00e9rz\u00e9kszervi \u00e9lm\u00e9ny, amely \u00e9les \u00e9s friss\u00edt\u0151 sz\u00e1j tiszt\u00edt\u00f3 hat\u00e1st ny\u00fajt.<\/li>\n<li style=\"background: #ffffff;padding: 15px;border: 1px solid #e0e0e0;border-radius: 8px\">Triple Melon: H\u00e1rom k\u00fcl\u00f6nb\u00f6z\u0151 dinnyefaj komplex \u00f6tv\u00f6zete, amely r\u00e9tegekben \u00e9s er\u0151sen arom\u00e1s l\u00e9gk\u00f6rt hoz l\u00e9tre.<\/li>\n<li style=\"background: #ffffff;padding: 15px;border: 1px solid #e0e0e0;border-radius: 8px\">\u00c1fonya M\u00e1lna: Egy robusztus erdei gy\u00fcm\u00f6lcsf\u00fazi\u00f3, amely egyenletes savass\u00e1got \u00e9s finom \u00e9dess\u00e9get biztos\u00edt az eszk\u00f6z \u00e9lettartama alatt.<\/li>\n<li style=\"background: #ffffff;padding: 15px;border: 1px solid #e0e0e0;border-radius: 8px\">Kivi Passi\u00f3gy\u00fcm\u00f6lcs Guava: Egy egzotikus, tr\u00f3pusi k\u00e9sz\u00edtm\u00e9ny, amelyet specifikus aromavegy\u00fcletekkel terveztek, hogy ut\u00e1nozza a magas sz\u00ednvonal\u00fa gy\u00fcm\u00f6lcsnekt\u00e1rokat.<\/li>\n<li style=\"background: #ffffff;padding: 15px;border: 1px solid #e0e0e0;border-radius: 8px\">Eperj\u00e9g: Tiszta, izol\u00e1lt eper jegyzetek mentol-szer\u0171 h\u0171t\u0151 hat\u00f3anyaggal k\u00f6tve, \u00e9les, tiszta bel\u00e9gz\u00e9shez.<\/li>\n<li style=\"background: #ffffff;padding: 15px;border: 1px solid #e0e0e0;border-radius: 8px\">\u0150szibar\u00e1t Szeder: Egy l\u00e9d\u00fas gy\u00fcm\u00f6lcs\u00f6s \u0151szibar\u00e1t alap gondosan \u00f6sszevegy\u00edtve vegyes erd\u0151sz\u00e9li bogy\u00f3kkal, egyens\u00falyozott arom\u00e1\u00e9rt.<\/li>\n<\/ul>\n<\/section>\n<section style=\"margin-bottom: 40px\">\n<h2 style=\"color: #1a252f;font-size: 24px;margin-bottom: 20px\">Nagykereskedelmi Terjeszt\u00e9s \u00e9s Kereskedelmi Logisztika<\/h2>\n<p style=\"font-size: 16px;text-align: justify\">Kereskedelmi egys\u00e9gek eset\u00e9ben a ell\u00e1t\u00e1si l\u00e1nc el\u0151rejelezhet\u0151s\u00e9ge d\u00f6nt\u0151 fontoss\u00e1g\u00fa. A VapeXYZ-t\u0151l v\u00e1s\u00e1rolt eldobhat\u00f3 vape term\u00e9kek garant\u00e1lj\u00e1k a g\u00f6rd\u00fcl\u00e9keny logisztik\u00e1t. A BOOD LUMO 60000 Puffs kifejezetten nagy volumen\u0171 kiskereskedelmi k\u00f6rnyezetekhez van csomagolva. Minden mester karton pontosan 160 egys\u00e9get tartalmaz, amelyek 10 darabos display-k\u00e9sz prezent\u00e1ci\u00f3s dobozokra vannak osztva. Egy teljesen megrakott mester karton brutt\u00f3 s\u00falya 16,7 kg, lehet\u0151v\u00e9 t\u00e9ve a pontos sz\u00e1ll\u00edt\u00e1si sz\u00e1m\u00edt\u00e1sokat az eur\u00f3pai sz\u00e1ll\u00edt\u00e1si \u00fatvonalakra. A csomagol\u00e1si s\u0171r\u0171s\u00e9g szigor\u00fa min\u0151s\u00e9gellen\u0151rz\u00e9s\u00e9vel a kiskeresked\u0151ket v\u00e9dik a sz\u00e1ll\u00edt\u00e1si k\u00e1rok ellen, biztos\u00edtva, hogy minden egyes egys\u00e9g gy\u00e1ri-fresh \u00e1llapotban \u00e9rkezzen meg a v\u00e9gfelhaszn\u00e1l\u00f3hoz.<\/p>\n<div style=\"background: linear-gradient(135deg, #fff3e0 0%, #ffe0b2 100%);border-left: 6px solid #e67e22;padding: 20px;margin: 30px 0;border-radius: 6px\">\n<h3 style=\"margin-top: 0;color: #d35400;font-size: 20px\">Kiskereskedelmi Tud\u00e1s Pont: Lelt\u00e1rkezel\u00e9s<\/h3>\n<p style=\"margin-bottom: 0;font-size: 15px\">Mivel az eldobhat\u00f3 vape term\u00e9kek bels\u0151 l\u00edtium-ion akkumul\u00e1torokat \u00e9s akt\u00edv vegyi formul\u00e1kat tartalmaznak, megfelel\u0151 t\u00e1rol\u00e1si protokollokra van sz\u00fcks\u00e9g. A nagykereskedelmi rendel\u00e9s \u00e9lettartam\u00e1nak maximaliz\u00e1l\u00e1sa \u00e9rdek\u00e9ben \u00fcgyeljen arra, hogy a kartonokat kl\u00edmaszab\u00e1lyozott k\u00f6rnyezetben t\u00e1rolja 15\u00b0C \u00e9s 25\u00b0C k\u00f6z\u00f6tt. A k\u00f6zvetlen napf\u00e9ny \u00e9s a sz\u00e9ls\u0151s\u00e9ges h\u0151m\u00e9rs\u00e9kleti ingadoz\u00e1sok elker\u00fcl\u00e9se megakad\u00e1lyozza az akkumul\u00e1torok degrad\u00e1ci\u00f3j\u00e1t \u00e9s fenntartja a botanikai kivonatok molekul\u00e1ris integrit\u00e1s\u00e1t.<\/p>\n<\/div>\n<\/section>\n<section style=\"margin-bottom: 40px\">\n<h2 style=\"color: #1a252f;font-size: 24px;margin-bottom: 20px\">Gyakran Ism\u00e9telt K\u00e9rd\u00e9sek (GYIK)<\/h2>\n<div style=\"background-color: #f8f9fa;border: 1px solid #dee2e6;border-radius: 8px;padding: 20px\">\n<details style=\"margin-bottom: 10px;background: #ffffff;border: 1px solid #ced4da;border-radius: 5px;overflow: hidden\">\n<summary style=\"padding: 15px;font-weight: 600;cursor: pointer;background-color: #f1f3f5;color: #343a40\">Hogyan igazolj\u00e1k empirikusan a 60 000-es m\u0171k\u00f6dtet\u00e9si sz\u00e1mot?<\/summary>\n<p style=\"padding: 15px;margin: 0;color: #495057;font-size: 15px;border-top: 1px solid #ced4da\">A megadott sz\u00e1m ellen\u0151rz\u00f6tt gy\u00e1ri tesztel\u00e9sb\u0151l sz\u00e1rmazik, pneumatikus g\u00e9pek felhaszn\u00e1l\u00e1s\u00e1val. Ezek a g\u00e9pek automatiz\u00e1lt 2 m\u00e1sodperces h\u00faz\u00e1sokat v\u00e9geznek. A val\u00f3s eredm\u00e9nyek kiss\u00e9 elt\u00e9rhetnek az egy\u00e9ni felhaszn\u00e1l\u00f3 konkr\u00e9t l\u00e9gz\u00e9si id\u0151tartam\u00e1t\u00f3l \u00e9s a k\u00f6rnyezeti h\u0151m\u00e9rs\u00e9klett\u0151l f\u00fcgg\u0151en a haszn\u00e1lat sor\u00e1n.<\/p>\n<\/details>\n<details style=\"margin-bottom: 10px;background: #ffffff;border: 1px solid #ced4da;border-radius: 5px;overflow: hidden\">\n<summary style=\"padding: 15px;font-weight: 600;cursor: pointer;background-color: #f1f3f5;color: #343a40\">Mi a minim\u00e1lis rendel\u00e9si mennyis\u00e9g (MOQ) a nagykereskedelmi v\u00e1s\u00e1rl\u00e1shoz?<\/summary>\n<p style=\"padding: 15px;margin: 0;color: #495057;font-size: 15px;border-top: 1px solid #ced4da\">A VapeXYZ k\u00fcl\u00f6nb\u00f6z\u0151 m\u00e9ret\u0171 v\u00e1llalkoz\u00e1sokat szolg\u00e1l ki az\u00e1ltal, hogy nagyon hozz\u00e1f\u00e9rhet\u0151 minim\u00e1lis rendel\u00e9si mennyis\u00e9get (MOQ) k\u00edn\u00e1l mind\u00f6ssze 10 darabt\u00f3l (egy kijelz\u0151 doboznak megfelel\u0151). Ugyanakkor a nagykereskedelmi \u00e1rszintek jelent\u0151s k\u00f6lts\u00e9gcs\u00f6kkent\u00e9st k\u00edn\u00e1lnak a teljes kartonmennyis\u00e9ghez (160 darab) k\u00f6zel\u00edt\u0151 rendel\u00e9sek eset\u00e9n.<\/p>\n<\/details>\n<details style=\"margin-bottom: 10px;background: #ffffff;border: 1px solid #ced4da;border-radius: 5px;overflow: hidden\">\n<summary style=\"padding: 15px;font-weight: 600;cursor: pointer;background-color: #f1f3f5;color: #343a40\">K\u00f6vetel-e a kett\u0151s akkumul\u00e1tor rendszer saj\u00e1tos t\u00f6lt\u00e9si protokollt?<\/summary>\n<p style=\"padding: 15px;margin: 0;color: #495057;font-size: 15px;border-top: 1px solid #ced4da\">A k\u00e9sz\u00fcl\u00e9k szabv\u00e1nyos Type-C csatlakoz\u00e1ssal rendelkezik. A bels\u0151 \u00e1ramell\u00e1t\u00e1s-kezel\u0151 \u00e1ramk\u00f6r szab\u00e1lyozza az elektromos energia bevitel\u00e9t, biztons\u00e1gosan felt\u00f6ltve az 550mAh-es m\u0171k\u00f6d\u00e9si magot. Aj\u00e1nlott szabv\u00e1nyos 1A\/5V-os fali adaptereket haszn\u00e1lni a l\u00edtium-ion cell\u00e1k \u00e9lettartam\u00e1nak meg\u0151rz\u00e9se \u00e9rdek\u00e9ben.<\/p>\n<\/details>\n<details style=\"margin-bottom: 10px;background: #ffffff;border: 1px solid #ced4da;border-radius: 5px;overflow: hidden\">\n<summary style=\"padding: 15px;font-weight: 600;cursor: pointer;background-color: #f1f3f5;color: #343a40\">Biztons\u00e1gosak-e a j\u00e1rm\u0171v\u00e1zban haszn\u00e1lt anyagok a fogyaszt\u00f3k sz\u00e1m\u00e1ra?<\/summary>\n<p style=\"padding: 15px;margin: 0;color: #495057;font-size: 15px;border-top: 1px solid #ced4da\">Igen. Az els\u0151dleges f\u00fav\u00f3ka \u00e9s a bels\u0151 tart\u00e1ly \u00e9lelmiszer-min\u0151s\u00e9g\u0171 PCTG m\u0171anyagb\u00f3l k\u00e9sz\u00fcl, amely ismert a h\u0151stabilit\u00e1s\u00e1r\u00f3l \u00e9s k\u00e9miai ellen\u00e1ll\u00e1s\u00e1r\u00f3l. Ez biztos\u00edtja, hogy a botanikai kivonat soha ne \u00e9rintkezzen reakci\u00f3k\u00e9pes anyagokkal az atomiz\u00e1l\u00e1s el\u0151tt.<\/p>\n<\/details>\n<details style=\"margin-bottom: 0;background: #ffffff;border: 1px solid #ced4da;border-radius: 5px;overflow: hidden\">\n<summary style=\"padding: 15px;font-weight: 600;cursor: pointer;background-color: #f1f3f5;color: #343a40\">Hogyan jav\u00edtj\u00e1k a mesh tekercsek az \u00e9rz\u00e9kszervi profilt?<\/summary>\n<p style=\"padding: 15px;margin: 0;color: #495057;font-size: 15px;border-top: 1px solid #ced4da\">A hagyom\u00e1nyos dr\u00f3ttekercsek forr\u00f3 pontokat hozhatnak l\u00e9tre, \u00e9getve a bels\u0151 sz\u00edv\u00f3anyagot. A h\u00e1l\u00f3s tekercs finoman sz\u0151tt h\u00e1l\u00f3hoz hasonl\u00f3an viselkedik, egyenletesen osztja el a h\u0151t egy nagy fel\u00fcleten. Ez rendk\u00edv\u00fcl hat\u00e9kony porlaszt\u00e1st eredm\u00e9nyez, s\u0171r\u0171bb g\u0151zt \u00e9s pontosabb botanikai aroma replik\u00e1ci\u00f3t produk\u00e1lva.<\/p>\n<\/details>\n<\/div>\n<\/section>\n<section style=\"text-align: center;margin-top: 50px\">\n<p style=\"font-size: 18px;font-weight: bold;color: #2c3e50;margin-bottom: 20px\">Szerezzen be hiteles, tart\u00f3s \u00e9s nagym\u00e9rt\u00e9kben megtervezett eldobhat\u00f3 vape-okat, amelyeket a modern eur\u00f3pai fogyaszt\u00f3k sz\u00e1m\u00e1ra \u00e9p\u00edtettek.<\/p>\n<p><img loading=\"lazy\" decoding=\"async\" class=\"alignnone size-full wp-image-57911\" style=\"max-width: 100%;height: auto;border-radius: 8px\" src=\"https:\/\/vapexyz.com\/wp-content\/uploads\/2025\/10\/BOOD-LUMO-60000-Puffs-Low-Nicotine-Bulk-Buy-Original-Rechargeable-Disposable-Vapes-Wholesale-4.webp\" alt=\"BOOD LUMO 60000 sz\u00edv\u00e1s Alacsony Nikotin Nagy T\u00e9telben Eredeti \u00dajrat\u00f6lthet\u0151 Eldobhat\u00f3 Vape Nagykereskedelem\" width=\"1200\" height=\"777\" title=\"\" srcset=\"https:\/\/vapexyz.com\/wp-content\/uploads\/2025\/10\/BOOD-LUMO-60000-Puffs-Low-Nicotine-Bulk-Buy-Original-Rechargeable-Disposable-Vapes-Wholesale-4.webp 1200w, https:\/\/vapexyz.com\/wp-content\/uploads\/2025\/10\/BOOD-LUMO-60000-Puffs-Low-Nicotine-Bulk-Buy-Original-Rechargeable-Disposable-Vapes-Wholesale-4-510x330.webp 510w, https:\/\/vapexyz.com\/wp-content\/uploads\/2025\/10\/BOOD-LUMO-60000-Puffs-Low-Nicotine-Bulk-Buy-Original-Rechargeable-Disposable-Vapes-Wholesale-4-500x324.webp 500w, https:\/\/vapexyz.com\/wp-content\/uploads\/2025\/10\/BOOD-LUMO-60000-Puffs-Low-Nicotine-Bulk-Buy-Original-Rechargeable-Disposable-Vapes-Wholesale-4-1024x663.webp 1024w, https:\/\/vapexyz.com\/wp-content\/uploads\/2025\/10\/BOOD-LUMO-60000-Puffs-Low-Nicotine-Bulk-Buy-Original-Rechargeable-Disposable-Vapes-Wholesale-4-768x497.webp 768w, https:\/\/vapexyz.com\/wp-content\/uploads\/2025\/10\/BOOD-LUMO-60000-Puffs-Low-Nicotine-Bulk-Buy-Original-Rechargeable-Disposable-Vapes-Wholesale-4-18x12.webp 18w\" sizes=\"auto, (max-width: 1200px) 100vw, 1200px\" \/><\/p>\n<\/section>\n<\/article>","protected":false},"excerpt":{"rendered":"<p>A BOOD LUMO 60000 Puffs egy er\u0151s, hossz\u00fa \u00e9lettartam\u00fa \u00fajrat\u00f6lthet\u0151 eldobhat\u00f3 vape alacsony nikotintartalommal \u00e9s t\u00edz \u00edzvari\u00e1ci\u00f3val, amely nagykereskedelmi v\u00e1s\u00e1rl\u00e1sra el\u00e9rhet\u0151 a VapeXYZ-t\u0151l Eur\u00f3p\u00e1ban.<\/p>","protected":false},"featured_media":57917,"comment_status":"open","ping_status":"closed","template":"","meta":{"_lmt_disableupdate":"no","_lmt_disable":""},"product_brand":[],"product_cat":[1070,1072,947,935,934,927,929,928,930,933,939,932,938,931,936,937,1017,949,946,951,953,987],"product_tag":[],"class_list":{"0":"post-57907","1":"product","2":"type-product","3":"status-publish","4":"has-post-thumbnail","6":"product_cat-bood-disposable-vapes","7":"product_cat-60000-puff-vapes","8":"product_cat-big-puffs-vapes","9":"product_cat-bulk-buy-disposable-vapes-in-austria","10":"product_cat-bulk-buy-disposable-vapes-in-belgium","11":"product_cat-bulk-buy-disposable-vapes-in-europe","12":"product_cat-bulk-buy-disposable-vapes-in-france","13":"product_cat-bulk-buy-disposable-vapes-in-germany","14":"product_cat-bulk-buy-disposable-vapes-in-italy","15":"product_cat-bulk-buy-disposable-vapes-in-netherlands","16":"product_cat-bulk-buy-disposable-vapes-in-norway","17":"product_cat-bulk-buy-disposable-vapes-in-poland","18":"product_cat-bulk-buy-disposable-vapes-in-portugal","19":"product_cat-bulk-buy-disposable-vapes-in-spain","20":"product_cat-bulk-buy-disposable-vapes-in-sweden","21":"product_cat-bulk-buy-disposable-vapes-in-switzerland","22":"product_cat-buy-best-disposable-vape-flavors","23":"product_cat-digital-box-vapes","24":"product_cat-disposable-vapes-series","25":"product_cat-lower-nicotine-vapes","26":"product_cat-rechargeable-vapes","27":"product_cat-vape-shop-by-puffs","29":"first","30":"instock","31":"shipping-taxable","32":"purchasable","33":"product-type-variable","34":"has-default-attributes"},"jetpack_sharing_enabled":true,"tiered_pricing_type":"fixed","tiered_pricing_fixed_rules":[],"tiered_pricing_product_settings":{"layout":"default","base_unit_name":{"singular":null,"plural":null},"default_variation":null},"tiered_pricing_minimum_quantity":null,"tiered_pricing_roles_data":[],"tiered_pricing_percentage_rules":[],"tiered_pricing_maximum_quantity":null,"tiered_pricing_quantity_step":null,"_links":{"self":[{"href":"https:\/\/vapexyz.com\/hu\/wp-json\/wp\/v2\/product\/57907","targetHints":{"allow":["GET"]}}],"collection":[{"href":"https:\/\/vapexyz.com\/hu\/wp-json\/wp\/v2\/product"}],"about":[{"href":"https:\/\/vapexyz.com\/hu\/wp-json\/wp\/v2\/types\/product"}],"replies":[{"embeddable":true,"href":"https:\/\/vapexyz.com\/hu\/wp-json\/wp\/v2\/comments?post=57907"}],"wp:featuredmedia":[{"embeddable":true,"href":"https:\/\/vapexyz.com\/hu\/wp-json\/wp\/v2\/media\/57917"}],"wp:attachment":[{"href":"https:\/\/vapexyz.com\/hu\/wp-json\/wp\/v2\/media?parent=57907"}],"wp:term":[{"taxonomy":"product_brand","embeddable":true,"href":"https:\/\/vapexyz.com\/hu\/wp-json\/wp\/v2\/product_brand?post=57907"},{"taxonomy":"product_cat","embeddable":true,"href":"https:\/\/vapexyz.com\/hu\/wp-json\/wp\/v2\/product_cat?post=57907"},{"taxonomy":"product_tag","embeddable":true,"href":"https:\/\/vapexyz.com\/hu\/wp-json\/wp\/v2\/product_tag?post=57907"}],"curies":[{"name":"wp","href":"https:\/\/api.w.org\/{rel}","templated":true}]}}