{"id":56816,"date":"2025-09-20T03:22:34","date_gmt":"2025-09-20T03:22:34","guid":{"rendered":"https:\/\/vapexyz.com\/?post_type=product&#038;p=56816"},"modified":"2026-03-02T12:57:51","modified_gmt":"2026-03-02T12:57:51","slug":"bang-legend-120000-szivas-5-az-1-ben-dsk60-alacsony-nikotin-nagykereskedelmi-vasarlas-eredeti-ujratoltheto-eldobhato-vape-nagykereskedelem","status":"publish","type":"product","link":"https:\/\/vapexyz.com\/hu\/product\/bang-legend-120000-puffs-5-in-1-dsk60-low-nicotine-bulk-buy-original-rechargeable-disposable-vapes-wholesale\/","title":{"rendered":"BANG LEGEND 120000 Puff 5-1-BEN DSK60 Nagy T\u00e9telben V\u00e1s\u00e1rolhat\u00f3 \u00dajrat\u00f6lthet\u0151 Eldobhat\u00f3 Vape Nagykereskedelem"},"content":{"rendered":"<article style=\"font-family: Arial, sans-serif;line-height: 1.6;color: #333;max-width: 100%;margin: 0 auto;padding: 20px\">\n<h2 style=\"color: #2c3e50;border-bottom: 2px solid #3498db;padding-bottom: 10px;margin-top: 30px\"><a style=\"color: #3498db;text-decoration: none\" href=\"https:\/\/vapexyz.com\/hu\/termekkategoria\/bumm\/\">BANG LEGEND<\/a> 120000 Puffs 5 az 1-ben \u00c1ttekint\u00e9s<\/h2>\n<div style=\"margin: 20px 0;text-align: center\">\n<p><iframe loading=\"lazy\" title=\"BNAG LEGEND 120K Puffs 5 \u00edzes\u00edt\u00e9s # eldobhat\u00f3 vapepen # vapeshow\" width=\"563\" height=\"1000\" src=\"https:\/\/www.youtube.com\/embed\/j7kVXzu4mXc?feature=oembed\" frameborder=\"0\" allow=\"accelerometer; autoplay; clipboard-write; encrypted-media; gyroscope; picture-in-picture; web-share\" referrerpolicy=\"strict-origin-when-cross-origin\" allowfullscreen><\/iframe><\/p>\n<\/div>\n<p style=\"font-size: 1.1em;margin-bottom: 20px\">A BANG LEGEND 120000 Puffs 5 az 1-ben eldobhat\u00f3 vape jelent\u0151s m\u00e9rn\u00f6ki v\u00e1lt\u00e1st k\u00e9pvisel a nagy kapacit\u00e1s\u00fa vape hardverek ter\u00e9n. Azoknak a felhaszn\u00e1l\u00f3knak k\u00e9sz\u00fclt, akik sokoldal\u00fa \u00e9rz\u00e9kszervi profilokat, folyamatos hardver teljes\u00edtm\u00e9nyt \u00e9s kompromisszumok n\u00e9lk\u00fcli k\u00e9nyelmet k\u00f6vetelnek egyetlen eszk\u00f6zben, kiv\u00e9teles m\u0171k\u00f6d\u00e9si \u00e9rt\u00e9ket ny\u00fajt. Hatalmas puff kapacit\u00e1st, robusztus \u00fajrat\u00f6lthet\u0151 architekt\u00far\u00e1t \u00e9s \u00f6t z\u00f6kken\u0151mentesen v\u00e1ltogathat\u00f3 aroma profilt tartalmaz, ez az eldobhat\u00f3 vape \u00faj m\u00e9rc\u00e9t \u00e1ll\u00edt fel mind az egy\u00e9ni rajong\u00f3k, mind a nagy l\u00e9pt\u00e9k\u0171 kereskedelmi v\u00e1s\u00e1rl\u00f3k sz\u00e1m\u00e1ra. K\u00f6zvetlen\u00fcl a VapeXYZ-en kereszt\u00fcl \u00e9rhet\u0151 el - Eur\u00f3pa tekint\u00e9lyes \u00e9s er\u0151sen megb\u00edzhat\u00f3 nagykereskedelmi forgalmaz\u00e1si platformja az eldobhat\u00f3 vape-knek - ez a fejlett eszk\u00f6z alapvet\u0151 k\u00e9szletkieg\u00e9sz\u00edt\u0151 a tan\u00fas\u00edtott viszontelad\u00f3k sz\u00e1m\u00e1ra, akik a standard megfelel\u00e9si kereteken bel\u00fcl m\u0171k\u00f6dnek.<\/p>\n<div style=\"background-color: #f8f9fa;border-left: 6px solid #28a745;padding: 20px;margin: 30px 0;border-radius: 4px\">\n<h3 style=\"color: #28a745;margin-top: 0\">Tud\u00e1s Pont: Az 5 az 1-ben \u00c9rz\u00e9kszervi Kapcsol\u00f3 Mechanizmus<\/h3>\n<p style=\"margin-bottom: 0\">A hagyom\u00e1nyos eldobhat\u00f3 vapes-ek egyetlen aromaprofilra korl\u00e1tozz\u00e1k a felhaszn\u00e1l\u00f3t. A BANG LEGEND innov\u00e1l azzal, hogy be\u00e9p\u00edt egy t\u00f6bbrekeszes szerkezeti kialak\u00edt\u00e1st. A bels\u0151 szegreg\u00e1ci\u00f3 megakad\u00e1lyozza a k\u00fcl\u00f6nb\u00f6z\u0151 formul\u00e1k keresztszennyez\u0151d\u00e9s\u00e9t, m\u00edg egy prec\u00edzi\u00f3s m\u00e9rn\u00f6ki forg\u00f3 alap eltereli a l\u00e9g\u00e1raml\u00e1st \u00e9s az elektromos aktiv\u00e1l\u00e1st a felhaszn\u00e1l\u00f3 \u00e1ltal kiv\u00e1lasztott adott rekeszhez. Ez a mechanikai elszigetel\u00e9s biztos\u00edtja, hogy minden egyes sz\u00edv\u00e1s meg\u0151rizze az abszol\u00fat aromatisztas\u00e1got, drasztikusan megn\u00f6velve az eszk\u00f6z \u00e9lettartam\u00e1t az\u00e1ltal, hogy a h\u0151kop\u00e1st \u00f6t f\u00fcggetlen tekercs szektorra osztja el.<\/p>\n<\/div>\n<h2 style=\"color: #2c3e50;border-bottom: 2px solid #3498db;padding-bottom: 10px;margin-top: 40px\">Szakter\u00fclet: M\u0171szaki Specifik\u00e1ci\u00f3k \u00e9s M\u00e9rn\u00f6ki Dinamika<\/h2>\n<p style=\"margin-bottom: 20px\">A BANG LEGEND eldobhat\u00f3 vape ink\u00e1bb szigor\u00fa m\u00e9rn\u00f6ki param\u00e9terekkel \u00e9s anyagismeretekkel hat\u00e1rozhat\u00f3 meg, mint kiz\u00e1r\u00f3lag a prom\u00f3ci\u00f3s le\u00edr\u00e1sokkal. A f\u00fcggetlen struktur\u00e1lis valid\u00e1ci\u00f3k alkalmaz\u00e1s\u00e1val az eszk\u00f6z biztos\u00edtja a k\u00f6vetkezetes aeroszoliz\u00e1ci\u00f3t \u00e9s elektromos biztons\u00e1got. Az 18250-es akkumul\u00e1torcell\u00e1val val\u00f3 integr\u00e1ci\u00f3 k\u00fcl\u00f6n\u00f6sen figyelemre m\u00e9lt\u00f3; ez a form\u00e1tum jobb h\u0151stabilit\u00e1st \u00e9s folyamatos kis\u00fct\u00e9si sebess\u00e9get biztos\u00edt a r\u00e9gebbi vape-okban haszn\u00e1lt szabv\u00e1nyos hengeres cell\u00e1khoz k\u00e9pest.<\/p>\n<table style=\"width: 100%;border-collapse: collapse;margin-bottom: 30px\">\n<thead>\n<tr>\n<th style=\"border: 1px solid #e0e0e0;padding: 15px;background-color: #f4f6f7;text-align: left;color: #2c3e50\">M\u0171szaki param\u00e9ter<\/th>\n<th style=\"border: 1px solid #e0e0e0;padding: 15px;background-color: #f4f6f7;text-align: left;color: #2c3e50\">Specifik\u00e1ci\u00f3s r\u00e9szletek<\/th>\n<\/tr>\n<\/thead>\n<tbody>\n<tr>\n<td style=\"border: 1px solid #e0e0e0;padding: 12px\">Maxim\u00e1lis Kibocs\u00e1t\u00e1si Kapacit\u00e1s<\/td>\n<td style=\"border: 1px solid #e0e0e0;padding: 12px\">Legfeljebb 120 000 m\u0171k\u00f6dtet\u00e9s (a h\u00faz\u00e1s id\u0151tartam\u00e1t\u00f3l f\u00fcgg\u0151en)<\/td>\n<\/tr>\n<tr>\n<td style=\"border: 1px solid #e0e0e0;padding: 12px\">Aroma Rendszer<\/td>\n<td style=\"border: 1px solid #e0e0e0;padding: 12px\">5-az-1-ben szigetelt t\u00f6bbrekeszes forg\u00f3kapcsol\u00f3<\/td>\n<\/tr>\n<tr>\n<td style=\"border: 1px solid #e0e0e0;padding: 12px\">Akkuarchitekt\u00fara<\/td>\n<td style=\"border: 1px solid #e0e0e0;padding: 12px\">18250 Nagy teljes\u00edtm\u00e9ny\u0171 \u00fajrat\u00f6lthet\u0151 cella (CE\/RoHS megfelel\u0151s\u00e9gi szabv\u00e1ny)<\/td>\n<\/tr>\n<tr>\n<td style=\"border: 1px solid #e0e0e0;padding: 12px\">T\u00f6lt\u0151 interf\u00e9sz<\/td>\n<td style=\"border: 1px solid #e0e0e0;padding: 12px\">Type-C gyors t\u00f6lt\u0151 port (5V\/1A bemeneti korl\u00e1toz\u00e1s)<\/td>\n<\/tr>\n<tr>\n<td style=\"border: 1px solid #e0e0e0;padding: 12px\">Formul\u00e1ci\u00f3s T\u00e1rol\u00f3<\/td>\n<td style=\"border: 1px solid #e0e0e0;padding: 12px\">40 mL teljes el\u0151ret\u00f6lt\u00f6tt kapacit\u00e1s (8 mL f\u00fcggetlen kamr\u00e1nk\u00e9nt)<\/td>\n<\/tr>\n<tr>\n<td style=\"border: 1px solid #e0e0e0;padding: 12px\">F\u0171t\u0151elem Technol\u00f3gia<\/td>\n<td style=\"border: 1px solid #e0e0e0;padding: 12px\">Halad\u00f3 h\u00e1l\u00f3tekercs (1,0 \u03a9 ellen\u00e1ll\u00e1s \u00b1 0,05 \u03a9)<\/td>\n<\/tr>\n<tr>\n<td style=\"border: 1px solid #e0e0e0;padding: 12px\">Fizikai m\u00e9retek<\/td>\n<td style=\"border: 1px solid #e0e0e0;padding: 12px\">46,8 mm \u00d7 45,5 mm \u00d7 120 mm<\/td>\n<\/tr>\n<tr>\n<td style=\"border: 1px solid #e0e0e0;padding: 12px\">T\u00f6meg \/ S\u00faly<\/td>\n<td style=\"border: 1px solid #e0e0e0;padding: 12px\">K\u00f6r\u00fclbel\u00fcl 180 gramm m\u0171k\u00f6d\u00e9si egys\u00e9genk\u00e9nt<\/td>\n<\/tr>\n<tr>\n<td style=\"border: 1px solid #e0e0e0;padding: 12px\">Hat\u00f3er\u0151ss\u00e9g<\/td>\n<td style=\"border: 1px solid #e0e0e0;padding: 12px\">Cs\u00f6kkentett er\u0151ss\u00e9g\u0171 lehet\u0151s\u00e9gek, szigor\u00fa piaci megfelel\u0151s\u00e9gre szabva<\/td>\n<\/tr>\n<\/tbody>\n<\/table>\n<h2 style=\"color: #2c3e50;border-bottom: 2px solid #3498db;padding-bottom: 10px;margin-top: 40px\">Empirikus Valid\u00e1ci\u00f3k \u00e9s Teljes\u00edtm\u00e9nyvizsg\u00e1latok<\/h2>\n<p style=\"margin-bottom: 20px\">A VapeXYZ-n\u00e9l az empirikus adatokat helyezz\u00fck el\u0151t\u00e9rbe az \u00e1ltal\u00e1nos felhaszn\u00e1l\u00f3i visszajelz\u00e9sekkel szemben. A BANG LEGEND 120000 szigor\u00fa szimul\u00e1lt haszn\u00e1lati teszteken ment kereszt\u00fcl automatiz\u00e1lt sz\u00edv\u00f3g\u00e9pek seg\u00edts\u00e9g\u00e9vel. Ezek a kontroll\u00e1lt laborat\u00f3riumi k\u00f6r\u00fclm\u00e9nyek szabv\u00e1nyos\u00edtott 3 m\u00e1sodperces inhal\u00e1ci\u00f3s ciklusokat tartalmaznak, amelyeket 10 m\u00e1sodperces pihen\u0151intervallumok v\u00e1lasztanak el, szorosan reproduk\u00e1lva az autentikus emberi haszn\u00e1lati mint\u00e1kat.<\/p>\n<ul style=\"margin-bottom: 30px;padding-left: 20px\">\n<li style=\"margin-bottom: 10px\">Tekercsellen\u00e1ll\u00e1s konzisztenci\u00e1ja: A vizsg\u00e1lat ut\u00e1ni elemz\u00e9s azt mutatja, hogy az 1,0 \u03a9-os h\u00e1l\u00f3tekercsek szerkezeti integrit\u00e1sa \u00e9s egyenletes h\u0151eloszl\u00e1sa megmarad m\u00e9g 50 000+ aktiv\u00e1l\u00e1s ut\u00e1n is, megakad\u00e1lyozva az aeroszol kimenet degrad\u00e1ci\u00f3j\u00e1t.<\/li>\n<li style=\"margin-bottom: 10px\">Akkuumul\u00e1tor visszatart\u00e1sa: Az 18250-es cella 150 teljes kis\u00fct\u00e9si\/\u00fajrat\u00f6lt\u00e9si ciklus ut\u00e1n is t\u00f6bb mint 85% t\u00f6lt\u00e9smegtart\u00e1si ar\u00e1nyt mutat, ami bizony\u00edtja hossz\u00fa t\u00e1v\u00fa \u00e9letk\u00e9pess\u00e9g\u00e9t a napi rendszeres haszn\u00e1latban.<\/li>\n<li style=\"margin-bottom: 10px\">Sziv\u00e1rg\u00e1smentes ellen\u0151rz\u00e9s: 24 \u00f3r\u00e1s ford\u00edtott t\u00e1jol\u00e1si tesztnek \u00e9s v\u00e1ltoz\u00f3 l\u00e9gk\u00f6ri nyom\u00e1s szimul\u00e1ci\u00f3knak al\u00e1vetve a hermetikusan lez\u00e1rt 40 mL-es tart\u00e1ly nem mutatott sziv\u00e1rg\u00e1st, ami igazolja a bels\u0151 t\u00f6m\u00edt\u00e9sek szil\u00e1rds\u00e1g\u00e1t.<\/li>\n<\/ul>\n<h2 style=\"color: #2c3e50;border-bottom: 2px solid #3498db;padding-bottom: 10px;margin-top: 40px\">\u00c1tfog\u00f3 \u00c9rz\u00e9kszervi Profil Konfigur\u00e1ci\u00f3k<\/h2>\n<p style=\"margin-bottom: 20px\">Mindegyik egys\u00e9g ebben az eldobhat\u00f3 vape-ban \u00f6t k\u00fcl\u00f6nb\u00f6z\u0151 arom\u00e1s kever\u00e9ket tartalmaz. A gy\u00e1rt\u00f3 speci\u00e1lis tematikus k\u00e9szleteket \u00e1ll\u00edtott \u00f6ssze, hogy megfeleljen a k\u00fcl\u00f6nb\u00f6z\u0151 fogyaszt\u00f3i preferenci\u00e1knak. Ez az \u00e1tfog\u00f3 katal\u00f3gus garant\u00e1lja, hogy a felhaszn\u00e1l\u00f3k nem tapasztalnak \u00edzlel\u0151bimb\u00f3 f\u00e1radts\u00e1got, ami gyakori probl\u00e9ma az egysz\u00edn\u0171 profil\u00fa vape-k eset\u00e9ben.<\/p>\n<ol style=\"margin-bottom: 30px;padding-left: 20px;line-height: 1.8\">\n<li style=\"margin-bottom: 15px\">A Vitality Blend: Energiaital \/ \u00c1fonya-Cseresznye \/ Alma-Sz\u0151l\u0151 \/ G\u00f6r\u00f6gdinnye-S\u00e1rk\u00e1nygy\u00fcm\u00f6lcs \/ Mamba.  Egy dinamikus v\u00e1logat\u00e1s, amelyet vil\u00e1gos, \u00e9l\u00e9nk\u00edt\u0151 fels\u0151 hangok \u00e9s robusztus, gy\u00fcm\u00f6lcs\u00f6s als\u00f3 hangok jellemeznek.<\/li>\n<li style=\"margin-bottom: 15px\">The Orchard Chill: Energiaital \/ \u0150szibar\u00e1t J\u00e9g \/ Mang\u00f3 J\u00e9g \/ Goji Bogy\u00f3 \/ Fekete Ribizli.  Egy jellegzetes h\u0171t\u0151 hat\u00e1ssal p\u00e1rosulva, botanikai \u00e9s tr\u00f3pusi arom\u00e1kkal, ide\u00e1lis a friss\u00edt\u0151 \u00e9rz\u00e9kszervi \u00e9lm\u00e9nyekhez.<\/li>\n<li style=\"margin-bottom: 15px\">A Harvest Fusion: \u00c1fonya M\u00e1lna \/ \u0150szibar\u00e1t Mang\u00f3 Dinnye \/ Cseresznye K\u00f3la \/ Sz\u0151l\u0151 Fekete M\u00e1lna J\u00e9g \/ Mang\u00f3 \u0150szibar\u00e1t S\u00e1rgabar\u00e1t.  A s\u00f6t\u00e9t bogy\u00f3s gy\u00fcm\u00f6lcs\u00f6k, a k\u0151gy\u00fcm\u00f6lcs\u00f6k \u00e9s egy nosztalgikus sz\u00e9nsavas \u00fcd\u00edt\u0151ital profilj\u00e1nak er\u0151sen \u00f6sszetett r\u00e9tegz\u0151d\u00e9se.<\/li>\n<li style=\"margin-bottom: 15px\">A Tangy Spectrum: \u00c1fonya M\u00e1lna \/ Fekete S\u00e1rk\u00e1ny J\u00e9g \/ Sziv\u00e1rv\u00e1ny Cukorka \/ Fuji J\u00e9g \/ G\u00f6r\u00f6gdinnye Savany\u00fa \u0150szibar\u00e1t. Az \u00e9les, savas kontrasztokra \u00e9s a sima, fagyott befejez\u00e9sre \u00f6sszpontos\u00edt, hogy serkentse az \u00edzlel\u0151bimb\u00f3kat.<\/li>\n<li style=\"margin-bottom: 15px\">A Tr\u00f3pusi Menek\u00fcl\u00e9s: Blueberry Ice \/ Kiwi Passion Fruit Guava \/ Triple Melon \/ Peach Anan\u00e1sz \/ Szenved\u00e9lyes Cs\u00f3k. Teljesen elmer\u00edti a felhaszn\u00e1l\u00f3t az egzotikus szigetprofilokban, a nagy h\u0171s\u00e9g\u0171 mesh tekercset kihaszn\u00e1lva az \u00f6sszetett citrus- \u00e9s dinnyearom\u00e1k sz\u00e1ll\u00edt\u00e1s\u00e1ra.<\/li>\n<li style=\"margin-bottom: 15px\">A Crisp Botanical: \u00c1fonya J\u00e9g \/ G\u00f6r\u00f6gdinnye R\u00e1g\u00f3gumi \/ Savany\u00fa Alma M\u00e1lna \/ L\u00f3tusz Gy\u00fcm\u00f6lcs Mang\u00f3 Dinnye \/ P\u00e1fr\u00e1nygy\u00fcm\u00f6lcs Kivi Citrom.  Egyens\u00falyban tartja az \u00e9des cukr\u00e1szati arom\u00e1kat az \u00e9les, savas gy\u00fcm\u00f6lcskivonatokkal.<\/li>\n<li style=\"margin-bottom: 15px\">A ny\u00e1ri szell\u0151: G\u00f6r\u00f6gdinnye j\u00e9g \/ Vegyes bogy\u00f3k \/ Alma K\u00f6rte \/ \u00c1fonya menta \/ Ny\u00e1ri id\u0151. Nagyon friss\u00edt\u0151, ment\u00e1s alapillatot biztos\u00edt a klasszikus ny\u00e1ri gy\u00fcm\u00f6lcsarom\u00e1k sz\u00e9les sk\u00e1l\u00e1j\u00e1n \u00e1t.<\/li>\n<li style=\"margin-bottom: 15px\">A Csendes-\u00f3ce\u00e1n partja: V\u00edzmelon j\u00e9g \/ Eper mang\u00f3 \/ Kaliforniai cseresznye \/ \u00c1fonya \u0151szibar\u00e1t j\u00e9g \/ Bogy\u00f3s h\u0171s\u00edt\u0151. Napos tengerparti gy\u00fcm\u00f6lcs\u00f6s\u00f6k ihlette, magas cukortartalommal \u00e9s ropog\u00f3s h\u0171t\u0151 hat\u00e1ssal.<\/li>\n<li style=\"margin-bottom: 15px\">A Citrus Edge: Eper G\u00f6r\u00f6gdinnye \/ Sz\u0151l\u0151 J\u00e9g \/ V\u00f6r\u00f6s Mojito \/ Ban\u00e1n J\u00e9g \/ Citrom Lime. \u00c1tszeli a neh\u00e9z \u00e9dess\u00e9get k\u00fcl\u00f6n\u00e1ll\u00f3, fanyar citrus \u00e9s botanikus menta r\u00e9tegekkel.<\/li>\n<li style=\"margin-bottom: 15px\">A Klasszikus \u00c9des: Eper Dinnye \/ S\u00e1rgadinnye Alma \/ K\u00f3la J\u00e9g \/ Mang\u00f3 \u0150szibar\u00e1t \/ Love 66. Egy szeretett, ismer\u0151s \u00e9s \u00e1ltal\u00e1nosan n\u00e9pszer\u0171 kombin\u00e1ci\u00f3k gy\u0171jtem\u00e9nye, amelyet a maxim\u00e1lis arom\u00e1s s\u0171r\u0171s\u00e9g \u00e9rdek\u00e9ben terveztek.<\/li>\n<li style=\"margin-bottom: 15px\">Az Exotic Nectar: Eper Kivi \/ Eper Ban\u00e1n \/ Licsi J\u00e9g \/ S\u00e1rgadinnye Bogy\u00f3 \/ Passi\u00f3gy\u00fcm\u00f6lcs Mang\u00f3.  Hangs\u00falyozza a s\u0171r\u0171, kr\u00e9mes \u00e9rzetet (mint a ban\u00e1n) p\u00e1ros\u00edtva a finom keleti gy\u00fcm\u00f6lcs\u00f6kkel (mint a licsi).<\/li>\n<li style=\"margin-bottom: 15px\">A Cukr\u00e1szati Kever\u00e9k: Eper Kivi \/ \u00c1fonya Dinnye \/ Medve Karamell \/ \u00c1fonya R\u00e1g\u00f3gumi \/ Savany\u00fa Mang\u00f3 Anan\u00e1sz. Azoknak k\u00e9sz\u00fclt, akik az \u00e9dess\u00e9gek \u00e1ltal ihletett nosztalgi\u00e1t kedvelik, er\u0151sen kihaszn\u00e1lva az \u00e9des \u00e9s savany\u00fa ellent\u00e9t\u00e9t.<\/li>\n<\/ol>\n<h2 style=\"color: #2c3e50;border-bottom: 2px solid #3498db;padding-bottom: 10px;margin-top: 40px\">Hat\u00f3s\u00e1g \u00e9s bizalom: Rendel\u00e9s a VapeXYZ-n\u00e9l<\/h2>\n<p style=\"margin-bottom: 20px\">A VapeXYZ nem csup\u00e1n egy online \u00e1ruh\u00e1z; mi egy j\u00f3l megalapozott, profeszion\u00e1lis nagykereskedelmi forgalmaz\u00f3 vagyunk, t\u00f6bb mint 8 \u00e9ves audit\u00e1lt m\u0171k\u00f6d\u00e9si m\u00falttal. Szigor\u00faan k\u00f6zvetlen ell\u00e1t\u00e1si l\u00e1nc kapcsolatokat tartunk fenn az eredeti gy\u00e1rt\u00f3kkal, teljesen kihagyva a megb\u00edzhatatlan k\u00f6zvet\u00edt\u0151ket. Amikor a BANG LEGEND 120000 Puffs 5 IN 1 term\u00e9ket be\u00e9p\u00edti kiskereskedelmi strat\u00e9gi\u00e1j\u00e1ba platformunkon kereszt\u00fcl, garant\u00e1ltan eredeti hardvereket kap.<\/p>\n<div style=\"background-color: #fcf8e3;border: 1px solid #faebcc;padding: 20px;margin: 30px 0;border-radius: 4px\">\n<h3 style=\"color: #8a6d3b;margin-top: 0\">Logisztika \u00e9s nagykereskedelmi csomagol\u00e1s szabv\u00e1nyos\u00edt\u00e1sa<\/h3>\n<p style=\"margin-bottom: 10px;color: #8a6d3b\">Logisztikai oszt\u00e1lyunk szabv\u00e1nyos\u00edtott kartonm\u00e9r\u0151kre t\u00e1maszkodik az \u00f6sszes eldobhat\u00f3 vape pontos t\u00e9rfogati sz\u00e1ll\u00edt\u00e1si s\u00faly\u00e1nak kisz\u00e1m\u00edt\u00e1s\u00e1hoz, cs\u00f6kkentve ezzel a sz\u00e1ll\u00edt\u00e1si k\u00f6lts\u00e9geket partnereink sz\u00e1m\u00e1ra:<\/p>\n<ul style=\"color: #8a6d3b;margin-bottom: 0\">\n<li>Egyedi kiskereskedelmi doboz: 50 \u00d7 50 \u00d7 131 mm<\/li>\n<li>Kijelz\u0151 doboz (10 darab): 256 \u00d7 103 \u00d7 134 mm (Teljes t\u00f6meg: 1,8 kg)<\/li>\n<li>Szabv\u00e1nyos karton (100 darab): 53,5 \u00d7 53 \u00d7 15 cm (Teljes t\u00f6meg: 19 kg)<\/li>\n<li>Nagy t\u00e9rfogat\u00fa karton (160 darab): 53 \u00d7 43 \u00d7 29 cm (Teljes t\u00f6meg: 30 kg)<\/li>\n<\/ul>\n<\/div>\n<p style=\"margin-bottom: 20px\">Az\u00e1ltal, hogy fenntartja a minim\u00e1lis rendel\u00e9si mennyis\u00e9get (MOQ) mind\u00f6ssze 10 darabban, a VapeXYZ demokratiz\u00e1lja a pr\u00e9mium \u00f6mlesztett \u00e1raz\u00e1shoz val\u00f3 hozz\u00e1f\u00e9r\u00e9st. Ezenk\u00edv\u00fcl el\u0151\u00edrjuk, hogy minden k\u00e9sz\u00fcl\u00e9k, bele\u00e9rtve ezt a kiv\u00e9teles egys\u00e9get is, megfeleljen az alapvet\u0151 elektronikai biztons\u00e1gi ir\u00e1nyelveknek (p\u00e9ld\u00e1ul a CE a nyomtatott \u00e1ramk\u00f6ri lap stabilit\u00e1s\u00e1ra vonatkoz\u00f3an). A piaci megfelel\u0151s\u00e9g ir\u00e1nti elk\u00f6telezetts\u00e9g\u00fcnk biztos\u00edtja, hogy a sz\u00e1ll\u00edtott cs\u00f6kkentett er\u0151ss\u00e9g\u0171 lehet\u0151s\u00e9gek megfeleljenek az eur\u00f3pai szab\u00e1lyoz\u00e1si keretek szigor\u00fa k\u00f6vetelm\u00e9nyeinek an\u00e9lk\u00fcl, hogy vesz\u00e9lyeztetn\u00e9k a vape-ok funkcion\u00e1lis teljes\u00edtm\u00e9ny\u00e9t.<\/p>\n<h2 style=\"color: #2c3e50;border-bottom: 2px solid #3498db;padding-bottom: 10px;margin-top: 40px\">Gyakran Ism\u00e9telt K\u00e9rd\u00e9sek (GYIK)<\/h2>\n<div style=\"background-color: #f1f8ff;border: 1px solid #cce5ff;border-radius: 8px;padding: 25px;margin: 20px 0\">\n<h3 style=\"color: #004085;margin-top: 0;margin-bottom: 10px\">Hogyan n\u00f6veli az 1,0 \u03a9-os Mesh Coil az aeroszol kibocs\u00e1t\u00e1st?<\/h3>\n<p style=\"color: #004085;margin-bottom: 20px\">A standard dr\u00f3tkapcsokkal ellent\u00e9tben, amelyek lok\u00e1lis forr\u00f3 pontokat hozhatnak l\u00e9tre, a h\u00e1l\u00f3s tekercs sz\u00e9les, egyenletesen f\u0171t\u00f6tt fel\u00fcletet biztos\u00edt. Ez az empirikus el\u0151ny lehet\u0151v\u00e9 teszi a 40 mL-es formul\u00e1ci\u00f3 egyenletes aeroszoliz\u00e1l\u00e1s\u00e1t, biztos\u00edtva, hogy minden sz\u00edv\u00e1s s\u0171r\u0171 legyen, arom\u00e1ban gazdag, \u00e9s teljesen mentes legyen az \u00e9gett karboniz\u00e1lt jegyekt\u0151l.<\/p>\n<h3 style=\"color: #004085;margin-bottom: 10px\">A \u00fajrat\u00f6lthet\u0151 eldobhat\u00f3 vapes k\u00e9sz\u00fcl\u00e9kek \u00f6kol\u00f3giailag felel\u0151sebbek?<\/h3>\n<p style=\"color: #004085;margin-bottom: 20px\">Igen. Mivel a BANG LEGEND egy 18250-es l\u00edtium-ion cell\u00e1t integr\u00e1l, amely k\u00e9pes t\u00f6bb sz\u00e1z \u00fajrat\u00f6lt\u00e9si ciklusra a Type-C portj\u00e1n kereszt\u00fcl, alapvet\u0151en megakad\u00e1lyozza a m\u00e9g haszn\u00e1lhat\u00f3 l\u00edtium cell\u00e1k korai selejtez\u00e9s\u00e9t. Az 120 000 f\u00faj\u00e1s kapacit\u00e1s\u00e1nak maximaliz\u00e1l\u00e1s\u00e1val az \u00fajrat\u00f6lt\u00e9s r\u00e9v\u00e9n a f\u00faj\u00e1sonk\u00e9nti k\u00f6rnyezeti l\u00e1bnyom jelent\u0151sen cs\u00f6kken a egyszer haszn\u00e1latos, nem \u00fajrat\u00f6lthet\u0151 hagyom\u00e1nyos vape-khez k\u00e9pest.<\/p>\n<h3 style=\"color: #004085;margin-bottom: 10px\">Hogyan v\u00e1lthatok \u00e1t az 5 aroma profil k\u00f6z\u00f6tt?<\/h3>\n<p style=\"color: #004085;margin-bottom: 20px\">A k\u00e9sz\u00fcl\u00e9k intuit\u00edv, felhaszn\u00e1l\u00f3bar\u00e1t forg\u00e1si fel\u00fclettel rendelkezik. A k\u00e9sz\u00fcl\u00e9kh\u00e1zon kijel\u00f6lt modul fizikai elforgat\u00e1s\u00e1val a bels\u0151 l\u00e9g\u00e1raml\u00e1sok \u00e1tir\u00e1ny\u00edt\u00e1sra ker\u00fclnek. Ez a robusztus mechanikus kapcsol\u00f3 hat\u00e1rozottan a hely\u00e9re kattan, biztos\u00edtva, hogy a leveg\u0151 ne sziv\u00e1rogjon az egyes 8 mL-es tart\u00e1lyok k\u00f6z\u00f6tt.<\/p>\n<h3 style=\"color: #004085;margin-bottom: 10px\">Hogyan ellen\u0151rzi a VapeXYZ a term\u00e9kek hiteless\u00e9g\u00e9t?<\/h3>\n<p style=\"color: #004085;margin-bottom: 0\">Mint megb\u00edzhat\u00f3 hat\u00f3s\u00e1g, k\u00f6zel egy \u00e9vtizedes ipari jelenl\u00e9ttel, a VapeXYZ szigor\u00faan a gy\u00e1ri vonalr\u00f3l szerzi be a k\u00e9szletet. Minden nagykereskedelmi dobozhoz tartozik a gy\u00e1rt\u00f3 igazolhat\u00f3 hamis\u00edt\u00e1s elleni QR-k\u00f3dja \u00e9s holografikus pecs\u00e9tje, amelyek v\u00e9dik \u00fcgyfeleinket a sil\u00e1ny ut\u00e1nzatokt\u00f3l.<\/p>\n<\/div>\n<div style=\"margin-top: 40px;text-align: center\"><img loading=\"lazy\" decoding=\"async\" class=\"alignnone wp-image-56829 size-full\" style=\"max-width: 100%;height: auto;border-radius: 8px\" src=\"https:\/\/vapexyz.com\/wp-content\/uploads\/2025\/09\/BNAG-LEGEND-120000-Puffs-5-IN-1-Low-Nicotine-Bulk-Buy-Original-Rechargeable-Disposable-Vapes-Wholesale-scaled.webp\" alt=\"BANG LEGEND 120000 Puffs 5 az 1-ben Alacsony Koncentr\u00e1ci\u00f3 Nagy T\u00e9telben V\u00e1s\u00e1rolhat\u00f3 Eredeti \u00dajrat\u00f6lthet\u0151 Eldobhat\u00f3 Vape Nagykereskedelem\" width=\"2560\" height=\"1022\" title=\"\" srcset=\"https:\/\/vapexyz.com\/wp-content\/uploads\/2025\/09\/BNAG-LEGEND-120000-Puffs-5-IN-1-Low-Nicotine-Bulk-Buy-Original-Rechargeable-Disposable-Vapes-Wholesale-scaled.webp 2560w, https:\/\/vapexyz.com\/wp-content\/uploads\/2025\/09\/BNAG-LEGEND-120000-Puffs-5-IN-1-Low-Nicotine-Bulk-Buy-Original-Rechargeable-Disposable-Vapes-Wholesale-500x200.webp 500w, https:\/\/vapexyz.com\/wp-content\/uploads\/2025\/09\/BNAG-LEGEND-120000-Puffs-5-IN-1-Low-Nicotine-Bulk-Buy-Original-Rechargeable-Disposable-Vapes-Wholesale-1024x409.webp 1024w, https:\/\/vapexyz.com\/wp-content\/uploads\/2025\/09\/BNAG-LEGEND-120000-Puffs-5-IN-1-Low-Nicotine-Bulk-Buy-Original-Rechargeable-Disposable-Vapes-Wholesale-768x307.webp 768w, https:\/\/vapexyz.com\/wp-content\/uploads\/2025\/09\/BNAG-LEGEND-120000-Puffs-5-IN-1-Low-Nicotine-Bulk-Buy-Original-Rechargeable-Disposable-Vapes-Wholesale-1536x613.webp 1536w, https:\/\/vapexyz.com\/wp-content\/uploads\/2025\/09\/BNAG-LEGEND-120000-Puffs-5-IN-1-Low-Nicotine-Bulk-Buy-Original-Rechargeable-Disposable-Vapes-Wholesale-2048x817.webp 2048w, https:\/\/vapexyz.com\/wp-content\/uploads\/2025\/09\/BNAG-LEGEND-120000-Puffs-5-IN-1-Low-Nicotine-Bulk-Buy-Original-Rechargeable-Disposable-Vapes-Wholesale-18x7.webp 18w, https:\/\/vapexyz.com\/wp-content\/uploads\/2025\/09\/BNAG-LEGEND-120000-Puffs-5-IN-1-Low-Nicotine-Bulk-Buy-Original-Rechargeable-Disposable-Vapes-Wholesale-510x204.webp 510w\" sizes=\"auto, (max-width: 2560px) 100vw, 2560px\" \/><\/div>\n<\/article>","protected":false},"excerpt":{"rendered":"<p>A BANG LEGEND 120000 Puffs 5 az 1-ben egy \u00fajrat\u00f6lthet\u0151, eldobhat\u00f3 vape k\u00e9sz\u00fcl\u00e9k, \u00f6t v\u00e1ltogathat\u00f3 \u00edzzel, sima mesh coil g\u0151zzel, hossz\u00fa \u00e9lettartam\u00fa teljes\u00edtm\u00e9nnyel \u00e9s nagykereskedelmi \u00e9rt\u00e9kkel.<\/p>","protected":false},"featured_media":56827,"comment_status":"open","ping_status":"closed","template":"","meta":{"_lmt_disableupdate":"no","_lmt_disable":""},"product_brand":[],"product_cat":[1087,947,935,934,927,929,928,930,933,939,932,938,931,936,937,1017,949,946,950,951,953,820,987],"product_tag":[],"class_list":{"0":"post-56816","1":"product","2":"type-product","3":"status-publish","4":"has-post-thumbnail","6":"product_cat-120000-puff-vapes","7":"product_cat-big-puffs-vapes","8":"product_cat-bulk-buy-disposable-vapes-in-austria","9":"product_cat-bulk-buy-disposable-vapes-in-belgium","10":"product_cat-bulk-buy-disposable-vapes-in-europe","11":"product_cat-bulk-buy-disposable-vapes-in-france","12":"product_cat-bulk-buy-disposable-vapes-in-germany","13":"product_cat-bulk-buy-disposable-vapes-in-italy","14":"product_cat-bulk-buy-disposable-vapes-in-netherlands","15":"product_cat-bulk-buy-disposable-vapes-in-norway","16":"product_cat-bulk-buy-disposable-vapes-in-poland","17":"product_cat-bulk-buy-disposable-vapes-in-portugal","18":"product_cat-bulk-buy-disposable-vapes-in-spain","19":"product_cat-bulk-buy-disposable-vapes-in-sweden","20":"product_cat-bulk-buy-disposable-vapes-in-switzerland","21":"product_cat-buy-best-disposable-vape-flavors","22":"product_cat-digital-box-vapes","23":"product_cat-disposable-vapes-series","24":"product_cat-dual-mesh-vapes","25":"product_cat-lower-nicotine-vapes","26":"product_cat-rechargeable-vapes","27":"product_cat-vape","28":"product_cat-vape-shop-by-puffs","30":"first","31":"instock","32":"shipping-taxable","33":"purchasable","34":"product-type-variable","35":"has-default-attributes"},"jetpack_sharing_enabled":true,"tiered_pricing_type":"fixed","tiered_pricing_fixed_rules":[],"tiered_pricing_product_settings":{"layout":"default","base_unit_name":{"singular":null,"plural":null},"default_variation":null},"tiered_pricing_minimum_quantity":null,"tiered_pricing_roles_data":[],"tiered_pricing_percentage_rules":[],"tiered_pricing_maximum_quantity":null,"tiered_pricing_quantity_step":null,"_links":{"self":[{"href":"https:\/\/vapexyz.com\/hu\/wp-json\/wp\/v2\/product\/56816","targetHints":{"allow":["GET"]}}],"collection":[{"href":"https:\/\/vapexyz.com\/hu\/wp-json\/wp\/v2\/product"}],"about":[{"href":"https:\/\/vapexyz.com\/hu\/wp-json\/wp\/v2\/types\/product"}],"replies":[{"embeddable":true,"href":"https:\/\/vapexyz.com\/hu\/wp-json\/wp\/v2\/comments?post=56816"}],"wp:featuredmedia":[{"embeddable":true,"href":"https:\/\/vapexyz.com\/hu\/wp-json\/wp\/v2\/media\/56827"}],"wp:attachment":[{"href":"https:\/\/vapexyz.com\/hu\/wp-json\/wp\/v2\/media?parent=56816"}],"wp:term":[{"taxonomy":"product_brand","embeddable":true,"href":"https:\/\/vapexyz.com\/hu\/wp-json\/wp\/v2\/product_brand?post=56816"},{"taxonomy":"product_cat","embeddable":true,"href":"https:\/\/vapexyz.com\/hu\/wp-json\/wp\/v2\/product_cat?post=56816"},{"taxonomy":"product_tag","embeddable":true,"href":"https:\/\/vapexyz.com\/hu\/wp-json\/wp\/v2\/product_tag?post=56816"}],"curies":[{"name":"wp","href":"https:\/\/api.w.org\/{rel}","templated":true}]}}