{"id":56233,"date":"2025-09-15T03:39:06","date_gmt":"2025-09-15T03:39:06","guid":{"rendered":"https:\/\/vapexyz.com\/?post_type=product&#038;p=56233"},"modified":"2026-03-02T12:39:09","modified_gmt":"2026-03-02T12:39:09","slug":"uzy-kristaly-negy-iz-100000-fujas-alacsony-nikotin-nagykereskedelmi-vasarlas-eredeti-ujratoltheto-eldobhato-vape-nagykereskedelem","status":"publish","type":"product","link":"https:\/\/vapexyz.com\/hu\/product\/uzy-crystal-four-flavors-100000-puffs-low-nicotine-bulk-buy-original-rechargeable-disposable-vapes-wholesale\/","title":{"rendered":"UZY Crystal N\u00e9gy \u00cdz 100000 Puff Nagykereskedelmi V\u00e1s\u00e1rl\u00e1s 100K \u00dajrat\u00f6lthet\u0151 Eldobhat\u00f3 Vape Nagykereskedelem"},"content":{"rendered":"<article style=\"font-family: 'Segoe UI', Roboto, Helvetica, Arial, sans-serif;line-height: 1.8;color: #2c3e50;padding: 20px;max-width: 100%;margin: 0 auto\">\n<h2 style=\"color: #1a5f7a;border-bottom: 2px solid #3498db;padding-bottom: 10px;margin-top: 30px\">M\u00e9rn\u00f6ki Kiv\u00e1l\u00f3s\u00e1g: Az UZY Crystal N\u00e9gy-Profil\u00fa 100000 Puffos Eldobhat\u00f3 Vape<\/h2>\n<p style=\"font-size: 1.1em;margin-bottom: 20px\">Az UZY Crystal Four-Profile 100000 Puffs eldobhat\u00f3 vape k\u00e9sz\u00fcl\u00e9ket gondosan tervezt\u00e9k, hogy pr\u00e9mium anyagok, innovat\u00edv termol\u00f3gia \u00e9s \u00e9rz\u00e9kszervi profilok sz\u00e9les sk\u00e1l\u00e1j\u00e1val p\u00e1ratlan \u00e9lm\u00e9nyt ny\u00fajtson. T\u00f6k\u00e9letes a kifinomult felhaszn\u00e1l\u00f3k sz\u00e1m\u00e1ra, akik hossz\u00fa t\u00e1v\u00fa megb\u00edzhat\u00f3s\u00e1got keresnek, ez az eszk\u00f6z z\u00f6kken\u0151mentesen integr\u00e1lja a fejlett tekercsarchitekt\u00far\u00e1t az ergon\u00f3mikus kialak\u00edt\u00e1ssal. Kiz\u00e1r\u00f3lag a VapeXYZ-en \u00e9rhet\u0151 el, Eur\u00f3pa premier nagykereskedelmi platformj\u00e1n az autentik\u00e1lt eldobhat\u00f3 vape k\u00e9sz\u00fcl\u00e9kekhez, ez a modell jelent\u0151s el\u0151rel\u00e9p\u00e9st jelent a nagy kapacit\u00e1s\u00fa k\u00e9sz\u00fcl\u00e9kek gy\u00e1rt\u00e1s\u00e1ban.<\/p>\n<div style=\"background: linear-gradient(135deg, #f5f7fa 0%, #c3cfe2 100%);border-left: 6px solid #2980b9;padding: 25px;margin: 30px 0;border-radius: 8px\">\n<h3 style=\"margin-top: 0;color: #2c3e50;font-size: 1.3em\">\ud83d\udca1 M\u0171szaki Ismeretpont: A N\u00e9gyoldal\u00fa H\u00e1l\u00f3 Innov\u00e1ci\u00f3<\/h3>\n<p style=\"margin-bottom: 0\">A standard eldobhat\u00f3 vape-k \u00e1ltal\u00e1ban egyvezet\u00e9kes vagy szabv\u00e1nyos kett\u0151s h\u00e1l\u00f3konfigur\u00e1ci\u00f3kat haszn\u00e1lnak, amelyek egyenetlen f\u0171t\u00e9st \u00e9s a f\u0171t\u0151elem gyors leboml\u00e1s\u00e1t okozhatj\u00e1k hosszabb haszn\u00e1lat sor\u00e1n. Az UZY Crystal egy fejlett 1,0\u03a9-os Quad Mesh Coil-ot tartalmaz, amely rep\u00fcl\u0151g\u00e9piparban haszn\u00e1lt \u00f6tv\u00f6zetb\u0151l k\u00e9sz\u00fcl. Ez a speci\u00e1lis r\u00e1cs kialak\u00edt\u00e1s t\u00f6bb mint 40% -kal n\u00f6veli a fel\u00fcletet a hagyom\u00e1nyos tekercsekhez k\u00e9pest, lehet\u0151v\u00e9 t\u00e9ve, hogy a bels\u0151 vape oldat k\u00f6vetkezetesen, alacsonyabb h\u0151m\u00e9rs\u00e9kleten p\u00e1rologjon el. Ez a termodinamikai hat\u00e9konys\u00e1g nemcsak a k\u00e9sz\u00edtm\u00e9ny termikus leboml\u00e1s\u00e1t akad\u00e1lyozza meg, hanem biztos\u00edtja, hogy az els\u0151 h\u00faz\u00e1s pontosan ugyanolyan legyen, mint a t\u00edzezredik h\u00faz\u00e1s.<\/p>\n<\/div>\n<h3 style=\"color: #1a5f7a;margin-top: 40px\">M\u0171szaki specifik\u00e1ci\u00f3k \u00e9s alkatr\u00e9szek bont\u00e1sa<\/h3>\n<p>A eldobhat\u00f3 vape k\u00e9sz\u00fcl\u00e9kek bels\u0151 mechanizmusainak meg\u00e9rt\u00e9se kulcsfontoss\u00e1g\u00fa a biztons\u00e1gos \u00e9s optimaliz\u00e1lt haszn\u00e1lat \u00e9rdek\u00e9ben. Az al\u00e1bbiakban tal\u00e1lhat\u00f3 a  teljes m\u0171szaki adatlap a <a style=\"color: #3498db;text-decoration: none;font-weight: bold\" href=\"https:\/\/vapexyz.com\/hu\/termekkategoria\/uzy-eldobhato-gozok\/\">UZY Krist\u00e1ly<\/a> sorozat, f\u00fcggetlen gy\u00e1rt\u00e1si szabv\u00e1nyok \u00e1ltal ellen\u0151rz\u00f6tt.<\/p>\n<table style=\"width: 100%;border-collapse: collapse;margin: 30px 0;font-size: 0.95em;border-radius: 8px;overflow: hidden\">\n<thead>\n<tr style=\"background-color: #2980b9;color: #ffffff;text-align: left\">\n<th style=\"padding: 15px;border-bottom: 2px solid #1a5f7a\">Le\u00edr\u00e1s<\/th>\n<th style=\"padding: 15px;border-bottom: 2px solid #1a5f7a\">M\u0171szaki r\u00e9szletek<\/th>\n<\/tr>\n<\/thead>\n<tbody>\n<tr style=\"background-color: #ffffff;border-bottom: 1px solid #e0e0e0\">\n<td style=\"padding: 15px;font-weight: bold;color: #34495e\">Puff kapacit\u00e1s<\/td>\n<td style=\"padding: 15px\">Legfeljebb 100 000 teljes m\u0171k\u00f6dtet\u00e9s (standard 2,5 m\u00e1sodperces h\u00faz\u00e1si id\u0151k\u00f6z\u00f6k alapj\u00e1n)<\/td>\n<\/tr>\n<tr style=\"background-color: #f8f9fa;border-bottom: 1px solid #e0e0e0\">\n<td style=\"padding: 15px;font-weight: bold;color: #34495e\">F\u0171t\u0151elem<\/td>\n<td style=\"padding: 15px\">Halad\u00f3 n\u00e9gysz\u00f6g\u0171 h\u00e1l\u00f3 architekt\u00fara, 1,0\u03a9 ellen\u00e1ll\u00e1s a optimaliz\u00e1lt g\u0151z s\u0171r\u0171s\u00e9g \u00e9rdek\u00e9ben<\/td>\n<\/tr>\n<tr style=\"background-color: #ffffff;border-bottom: 1px solid #e0e0e0\">\n<td style=\"padding: 15px;font-weight: bold;color: #34495e\">T\u00e1roz\u00f3 t\u00e9rfogat<\/td>\n<td style=\"padding: 15px\">Val\u00f3di 56ml t\u00f6bbrekeszes kapacit\u00e1s a meghosszabb\u00edtott m\u0171k\u00f6d\u00e9si \u00e9lettartam \u00e9rdek\u00e9ben<\/td>\n<\/tr>\n<tr style=\"background-color: #f8f9fa;border-bottom: 1px solid #e0e0e0\">\n<td style=\"padding: 15px;font-weight: bold;color: #34495e\">Er\u00f5szakos opci\u00f3k<\/td>\n<td style=\"padding: 15px\">0%, 2%, 3% \u00e9s 5% akt\u00edv vegy\u00fclet koncentr\u00e1ci\u00f3k el\u00e9rhet\u0151k<\/td>\n<\/tr>\n<tr style=\"background-color: #ffffff;border-bottom: 1px solid #e0e0e0\">\n<td style=\"padding: 15px;font-weight: bold;color: #34495e\">Energiacella<\/td>\n<td style=\"padding: 15px\">Integr\u00e1lt 650mAh l\u00edtium-ion A oszt\u00e1ly\u00fa akkumul\u00e1tor cella (minimum 300 t\u00f6lt\u00e9si ciklus)<\/td>\n<\/tr>\n<tr style=\"background-color: #f8f9fa;border-bottom: 1px solid #e0e0e0\">\n<td style=\"padding: 15px;font-weight: bold;color: #34495e\">\u00dajrat\u00f6lt\u00e9si protokoll<\/td>\n<td style=\"padding: 15px\">Type-C gyors t\u00f6lt\u0151 interf\u00e9sz (5V\/1A bemeneti szabv\u00e1ny)<\/td>\n<\/tr>\n<tr style=\"background-color: #ffffff;border-bottom: 1px solid #e0e0e0\">\n<td style=\"padding: 15px;font-weight: bold;color: #34495e\">T\u00e1volm\u00e9r\u0151 kijelz\u0151<\/td>\n<td style=\"padding: 15px\">Intelligens LED m\u00e1trix, amely val\u00f3s id\u0151ben mutatja a teljes\u00edtm\u00e9ny-tartal\u00e9kokat \u00e9s az oldatszinteket<\/td>\n<\/tr>\n<tr style=\"background-color: #f8f9fa;border-bottom: 1px solid #e0e0e0\">\n<td style=\"padding: 15px;font-weight: bold;color: #34495e\">V\u00e1zanyag<\/td>\n<td style=\"padding: 15px\">Nagy hat\u00e1s\u00fa polikarbon\u00e1t krist\u00e1ly st\u00edlus\u00fa test h\u0151szigetel\u00e9ssel<\/td>\n<\/tr>\n<tr style=\"background-color: #ffffff;border-bottom: 1px solid #e0e0e0\">\n<td style=\"padding: 15px;font-weight: bold;color: #34495e\">Egys\u00e9gt\u00f6meg<\/td>\n<td style=\"padding: 15px\">140 g \u00f6sszeszerelt k\u00e9sz\u00fcl\u00e9kenk\u00e9nt<\/td>\n<\/tr>\n<tr style=\"background-color: #f8f9fa\">\n<td style=\"padding: 15px;font-weight: bold;color: #34495e\">Nagykereskedelmi logisztika<\/td>\n<td style=\"padding: 15px\">10 egys\u00e9g\/kijelz\u0151 doboz, 120 egys\u00e9g\/f\u0151 karton (Brutt\u00f3 s\u00faly: 18kg)<\/td>\n<\/tr>\n<\/tbody>\n<\/table>\n<h2 style=\"color: #1a5f7a;border-bottom: 2px solid #3498db;padding-bottom: 10px;margin-top: 40px\">Empirikus tesztel\u00e9s \u00e9s teljes\u00edtm\u00e9ny valid\u00e1l\u00e1s<\/h2>\n<p>Nem kiz\u00e1r\u00f3lag a gy\u00e1rt\u00f3 \u00e1ll\u00edt\u00e1saira t\u00e1maszkodunk. A lehet\u0151 legmagasabb szint\u0171 \u00e1tl\u00e1that\u00f3s\u00e1g biztos\u00edt\u00e1sa \u00e9rdek\u00e9ben az UZY Crystal eldobhat\u00f3 vape term\u00e9k szigor\u00fa empirikus \u00e9rt\u00e9kel\u00e9sen megy kereszt\u00fcl a nagykereskedelmi forgalomba hozatal el\u0151tt. Tesztel\u00e9si protokolljaink a val\u00f3s haszn\u00e1lat k\u00f6r\u00fclm\u00e9nyeit ut\u00e1nozz\u00e1k, hogy pontos adatokat szolg\u00e1ltassunk B2B partnereinknek.<\/p>\n<ul style=\"list-style-type: none;padding-left: 0\">\n<li style=\"margin-bottom: 15px;padding-left: 30px;position: relative\"><span style=\"color: #3498db;position: absolute;left: 0px;font-size: 1.2em\">\u2713<\/span>Aktiv\u00e1l\u00e1si k\u00f6vetkezetess\u00e9g vizsg\u00e1lata: Automatikusan vez\u00e9relt pneumatikus szimul\u00e1ci\u00f3s g\u00e9pek seg\u00edts\u00e9g\u00e9vel tesztelt\u00fck a k\u00e9sz\u00fcl\u00e9ket szabv\u00e1nyos 3 m\u00e1sodperces sz\u00edv\u00e1si id\u0151k\u00f6z\u00f6nk\u00e9nt 10 m\u00e1sodperces pihen\u0151id\u0151vel. Az 56 ml-es tart\u00e1ly sikeresen fenntartotta a folyamatos g\u0151ztermel\u00e9st sz\u00e1raz \u00fct\u00e9sek n\u00e9lk\u00fcl a megfogalmazott kapacit\u00e1s id\u0151tartam\u00e1ra, ezzel igazolva a 100 000 sz\u00edv\u00e1sra vonatkoz\u00f3 min\u0151s\u00edt\u00e9st optim\u00e1lis laborat\u00f3riumi k\u00f6r\u00fclm\u00e9nyek k\u00f6z\u00f6tt.<\/li>\n<li style=\"margin-bottom: 15px;padding-left: 30px;position: relative\"><span style=\"color: #3498db;position: absolute;left: 0px;font-size: 1.2em\">\u2713<\/span>Elemk\u00e1rosod\u00e1s Elemz\u00e9se: Az 650mAh teljes\u00edtm\u00e9ny\u0171 cell\u00e1t sz\u00e9ls\u0151s\u00e9ges terhel\u00e9si vizsg\u00e1latnak vetett\u00e9k al\u00e1. Az eredm\u00e9nyek 94% fesz\u00fclts\u00e9gmegtart\u00e1si ar\u00e1nyt jeleznek 50 teljes t\u00f6lt\u00e9si\/kis\u00fct\u00e9si ciklus ut\u00e1n a Type-C porton kereszt\u00fcl, ami jobb akkumul\u00e1tor-eg\u00e9szs\u00e9g\u00fcgyi menedzsmentet mutat az ipari \u00e1tlagokhoz k\u00e9pest.<\/li>\n<li style=\"margin-bottom: 15px;padding-left: 30px;position: relative\"><span style=\"color: #3498db;position: absolute;left: 0px;font-size: 1.2em\">\u2713<\/span>L\u00e9g\u00e1raml\u00e1si dinamika: A l\u00e9g\u00e1raml\u00e1si ellen\u00e1ll\u00e1st digit\u00e1lis manom\u00e9terekkel m\u00e9rt\u00e9k. A n\u00e9gysz\u00f6g\u0171 h\u00e1l\u00f3 rendszer rendk\u00edv\u00fcl stabil \u00e1raml\u00e1si sebess\u00e9get produk\u00e1l, biztos\u00edtva a k\u00f6nny\u0171 bel\u00e9gz\u00e9st \u00e9s a s\u0171r\u0171 t\u00e9rfogati g\u0151z kimenetet az els\u0151 m\u0171k\u00f6dtet\u00e9st\u0151l az utols\u00f3ig.<\/li>\n<\/ul>\n<h2 style=\"color: #1a5f7a;border-bottom: 2px solid #3498db;padding-bottom: 10px;margin-top: 40px\">Ipar\u00e1gi Hat\u00f3s\u00e1g, Bizalom \u00e9s Megfelel\u0151s\u00e9g<\/h2>\n<p>A nagy mennyis\u00e9gben v\u00e1s\u00e1rolt eldobhat\u00f3 vape term\u00e9kek eset\u00e9ben a nemzetk\u00f6zi szabv\u00e1nyokhoz val\u00f3 megfelel\u00e9s nem t\u00e1rgyalhat\u00f3. Az UZY Crystal term\u00e9kvonalat \u00e1llami-of-the-art l\u00e9tes\u00edtm\u00e9nyekben gy\u00e1rtj\u00e1k, amelyek megfelelnek az ISO 9001 min\u0151s\u00e9gir\u00e1ny\u00edt\u00e1si szabv\u00e1nyoknak. Ezenk\u00edv\u00fcl az elektronikus alkatr\u00e9szeket alaposan ellen\u0151rzik, hogy megfeleljenek a CE (Conformit\u00e9 Europ\u00e9enne) \u00e9s a RoHS (Vesz\u00e9lyes Anyagok Korl\u00e1toz\u00e1sa) ir\u00e1nyelveknek, biztos\u00edtva, hogy a hardver nem tartalmaz tiltott neh\u00e9zf\u00e9meket vagy m\u00e9rgez\u0151 gy\u00e1rt\u00e1si mell\u00e9kterm\u00e9keket.<\/p>\n<div style=\"background-color: #e8f6f3;border: 1px solid #1abc9c;padding: 20px;border-radius: 8px;margin: 25px 0\">\n<p>K\u00f6rnyezeti Felel\u0151ss\u00e9gi Nyilatkozat:<\/p>\n<p style=\"margin-bottom: 0;margin-top: 10px\">B\u00e1r ez az eszk\u00f6z rendk\u00edv\u00fcl hossz\u00fa \u00e9lettartamot k\u00edn\u00e1l, minden l\u00edtium-ion akkumul\u00e1torokat \u00e9s integr\u00e1lt \u00e1ramk\u00f6ri lapokat tartalmaz\u00f3 elektronikai term\u00e9ket felel\u0151ss\u00e9gteljesen kell \u00e1rtalmatlan\u00edtani. Arra k\u00e9rj\u00fck nagykereskedelmi partnereinket \u00e9s v\u00e9gfelhaszn\u00e1l\u00f3inkat, hogy tarts\u00e1k be a helyi WEEE (Elektronikai \u00e9s Elektromos Hullad\u00e9kok) szab\u00e1lyoz\u00e1sokat. Ne dobja ki ezt a hardvert a szok\u00e1sos h\u00e1ztart\u00e1si hullad\u00e9kba; haszn\u00e1lja a kijel\u00f6lt elektronikai \u00fajrahasznos\u00edt\u00f3 l\u00e9tes\u00edtm\u00e9nyeket a bels\u0151 anyagok biztons\u00e1gos visszanyer\u00e9s\u00e9hez.<\/p>\n<\/div>\n<h2 style=\"color: #1a5f7a;border-bottom: 2px solid #3498db;padding-bottom: 10px;margin-top: 40px\">Dinamikus Aroma Kombin\u00e1ci\u00f3k<\/h2>\n<p>Ennek az eszk\u00f6znek a kiemelked\u0151 tulajdons\u00e1ga a n\u00e9gykamr\u00e1s \u00e1tmeneti technol\u00f3gia. Egy egyszer\u0171 csavarmechanizmus lehet\u0151v\u00e9 teszi a felhaszn\u00e1l\u00f3 sz\u00e1m\u00e1ra, hogy n\u00e9gy k\u00fcl\u00f6nb\u00f6z\u0151 bels\u0151 tart\u00e1ly k\u00f6z\u00f6tt v\u00e1ltson, dinamikus \u00e9rz\u00e9kszervi \u00e9lm\u00e9nyt ny\u00fajtva an\u00e9lk\u00fcl, hogy t\u00f6bb eszk\u00f6zre lenne sz\u00fcks\u00e9g. A rendelkez\u00e9sre \u00e1ll\u00f3, gondosan \u00f6ssze\u00e1ll\u00edtott profilkombin\u00e1ci\u00f3k k\u00f6z\u00e9 tartoznak:<\/p>\n<div style=\"grid-template-columns: repeat(auto-fit, minmax(300px, 1fr));gap: 15px;margin-top: 20px\">\n<div style=\"background: #fdfefe;border: 1px solid #eaeded;padding: 15px;border-radius: 6px\">\ud83c\udf53 Eper S\u00e1rgadinnye &amp; K\u00e9k Razz J\u00e9g &amp; \u00c1fonya M\u00e1lna Cseresznye &amp; Habz\u00f3 Cseresznye J\u00e9g<\/div>\n<div style=\"background: #fdfefe;border: 1px solid #eaeded;padding: 15px;border-radius: 6px\">\ud83c\udf51 \u0150szibar\u00e1t J\u00e9g &amp; \u00c1fonya Cseresznye &amp; Energiaital &amp; G\u00f6r\u00f6gdinnye Licsi<\/div>\n<div style=\"background: #fdfefe;border: 1px solid #eaeded;padding: 15px;border-radius: 6px\">\ud83e\uded0 \u00c1fonya j\u00e9g &amp; Eper ban\u00e1n &amp; K\u00e9t alma &amp; Skittles<\/div>\n<div style=\"background: #fdfefe;border: 1px solid #eaeded;padding: 15px;border-radius: 6px\">\ud83c\udf47 Cherry Ice &amp; Grape Ice &amp; Passion Fruit Mango &amp; Love 66<\/div>\n<div style=\"background: #fdfefe;border: 1px solid #eaeded;padding: 15px;border-radius: 6px\">\ud83e\udd6d \u00c1fonya J\u00e9g &amp; Mang\u00f3 \u0150szibar\u00e1t S\u00e1rgabar\u00e1t &amp; Kivi Passi\u00f3 Gy\u00fcm\u00f6lcs Guava &amp; Feh\u00e9r \u0150szibar\u00e1t Razz<\/div>\n<div style=\"background: #fdfefe;border: 1px solid #eaeded;padding: 15px;border-radius: 6px\">\ud83c\udf4d \u0150szibar\u00e1t Mang\u00f3 Anan\u00e1sz &amp; \u00c1fonya M\u00e1lna &amp; Citrom Lime &amp; G\u00f6r\u00f6gdinnye Bubblegum<\/div>\n<div style=\"background: #fdfefe;border: 1px solid #eaeded;padding: 15px;border-radius: 6px\">\ud83e\udd5d Vegyes Bogy\u00f3s &amp; Passi\u00f3gy\u00fcm\u00f6lcs Kiwi M\u00e9sz &amp; \u00c1fonya Sz\u0151l\u0151 &amp; Eper Kiwi<\/div>\n<div style=\"background: #fdfefe;border: 1px solid #eaeded;padding: 15px;border-radius: 6px\">\ud83c\udf53 Jeges eper &amp; Gumi medve &amp; S\u00e1rgadinnye S\u00e1rk\u00e1ny gy\u00fcm\u00f6lcs &amp; \u00c1fonya Kivi<\/div>\n<div style=\"background: #fdfefe;border: 1px solid #eaeded;padding: 15px;border-radius: 6px\">\ud83c\udf49 G\u00f6r\u00f6gdinnye J\u00e9g &amp; K\u00e9k Szeder Cseresznye &amp; G\u00f6r\u00f6gdinnye Savany\u00fa \u0150szibar\u00e1t &amp; Passi\u00f3gy\u00fcm\u00f6lcs Kivi<\/div>\n<div style=\"background: #fdfefe;border: 1px solid #eaeded;padding: 15px;border-radius: 6px\">\ud83c\udf66 Eper Mang\u00f3 &amp; Mr Blue &amp; Ny\u00e1ri \u0150szibar\u00e1t J\u00e9g &amp; Fekete J\u00e9g<\/div>\n<\/div>\n<h2 style=\"color: #1a5f7a;border-bottom: 2px solid #3498db;padding-bottom: 10px;margin-top: 50px\">F\u0151bb Pontok \u00e9s Szak\u00e9rt\u0151i GYIK<\/h2>\n<details style=\"background: #ffffff;border: 1px solid #dcdde1;padding: 15px;margin-bottom: 12px;border-radius: 6px;cursor: pointer\">\n<summary style=\"font-weight: bold;color: #2c3e50;font-size: 1.1em\">Hogyan m\u0171k\u00f6dik pontosan a n\u00e9gyprofilos v\u00e1lt\u00e1si mechanizmus?<\/summary>\n<p style=\"margin-top: 15px;color: #555;padding-left: 15px;border-left: 3px solid #3498db\">A k\u00e9sz\u00fcl\u00e9k egy saj\u00e1t tulajdon\u00fa szegment\u00e1lt folyad\u00e9kgy\u0171jt\u0151 rendszert tartalmaz. A h\u00e1z fels\u0151 sz\u00e1jr\u00e9sz\u00e9nek fizikai elforgat\u00e1s\u00e1val egy bels\u0151 szeleprendszer biztons\u00e1gosan lez\u00e1rja az el\u0151z\u0151 kamr\u00e1t, \u00e9s a tekercs bemenet\u00e9t az \u00fajonnan kiv\u00e1lasztott kamr\u00e1val igaz\u00edtja. Ez megakad\u00e1lyozza a k\u00fcl\u00f6nb\u00f6z\u0151 oldatok k\u00f6z\u00f6tti kereszt szennyez\u0151d\u00e9st, biztos\u00edtva a tiszta \u00e9s hat\u00e1rozott \u00edzeket mindenkor.<\/p>\n<\/details>\n<details style=\"background: #ffffff;border: 1px solid #dcdde1;padding: 15px;margin-bottom: 12px;border-radius: 6px;cursor: pointer\">\n<summary style=\"font-weight: bold;color: #2c3e50;font-size: 1.1em\">Mit jelez ki az intelligens LED kijelz\u0151 m\u0171k\u00f6d\u00e9s k\u00f6zben?<\/summary>\n<p style=\"margin-top: 15px;color: #555;padding-left: 15px;border-left: 3px solid #3498db\">A nagy felbont\u00e1s\u00fa telemetri\u00e1s k\u00e9perny\u0151 k\u00e9t m\u00e9r\u0151sz\u00e1mot szolg\u00e1ltat: pontosan megjelen\u00edti a fennmarad\u00f3 650mAh akkumul\u00e1tor-\u00e9lettartam sz\u00e1zal\u00e9k\u00e1t, \u00e9s bels\u0151 optikai \u00e9rz\u00e9kel\u0151ket haszn\u00e1l a n\u00e9gy kamr\u00e1ban maradt oldat megb\u00edzhat\u00f3 becsl\u00e9s\u00e9hez. Ez kik\u00fcsz\u00f6b\u00f6li a hagyom\u00e1nyosan nagy kapacit\u00e1s\u00fa eldobhat\u00f3 vaporiz\u00e1l\u00f3kkal kapcsolatos tal\u00e1lgat\u00e1st.<\/p>\n<\/details>\n<details style=\"background: #ffffff;border: 1px solid #dcdde1;padding: 15px;margin-bottom: 12px;border-radius: 6px;cursor: pointer\">\n<summary style=\"font-weight: bold;color: #2c3e50;font-size: 1.1em\">Milyen t\u00f6lt\u00e9si specifik\u00e1ci\u00f3kat kell betartani az optim\u00e1lis akkumul\u00e1tor-eg\u00e9szs\u00e9g fenntart\u00e1sa \u00e9rdek\u00e9ben?<\/summary>\n<p style=\"margin-top: 15px;color: #555;padding-left: 15px;border-left: 3px solid #3498db\">A maxim\u00e1lis \u00e9lettartam \u00e9rdek\u00e9ben javasoljuk, hogy a k\u00e9sz\u00fcl\u00e9ket egy szabv\u00e1nyos 5V\/1A vagy 5V\/2A fali adapterrel t\u00f6lts\u00e9k a Type-C porton kereszt\u00fcl. Ker\u00fclj\u00e9k a nagy teljes\u00edtm\u00e9ny\u0171 laptop vagy gyors t\u00f6lt\u0151k (mint p\u00e9ld\u00e1ul a 65W-os teljes\u00edtm\u00e9ny lead\u00e1sok) haszn\u00e1lat\u00e1t, mivel a t\u00falzott \u00e1ramer\u0151ss\u00e9g felgyors\u00edthatja a bels\u0151 l\u00edtium-ion cella degrad\u00e1ci\u00f3j\u00e1t.<\/p>\n<\/details>\n<details style=\"background: #ffffff;border: 1px solid #dcdde1;padding: 15px;margin-bottom: 12px;border-radius: 6px;cursor: pointer\">\n<summary style=\"font-weight: bold;color: #2c3e50;font-size: 1.1em\">Van-e optim\u00e1lis t\u00e1rol\u00e1si protokoll a nagy mennyis\u00e9g\u0171, viszontelad\u00e1sra sz\u00e1nt v\u00e1s\u00e1rl\u00e1sokhoz?<\/summary>\n<p style=\"margin-top: 15px;color: #555;padding-left: 15px;border-left: 3px solid #3498db\">Igen. A mester kartonok (120 darab) t\u00e1rol\u00e1sakor kl\u00edmaszab\u00e1lyozott k\u00f6rnyezetben kell \u0151ket tartani. Az ide\u00e1lis t\u00e1rol\u00e1si h\u0151m\u00e9rs\u00e9klet 15\u00b0C \u00e9s 25\u00b0C (59\u00b0F \u00e9s 77\u00b0F) k\u00f6z\u00f6tt van. A sz\u00e9ls\u0151s\u00e9ges hidegnek val\u00f3 kitetts\u00e9g \u00e1tmenetileg cs\u00f6kkenti az akkumul\u00e1tor teljes\u00edtm\u00e9ny\u00e9t, m\u00edg a t\u00falzott h\u0151 megv\u00e1ltoztathatja a bels\u0151 \u00f6sszet\u00e9tel viszkozit\u00e1s\u00e1t, \u00e9s wicking hat\u00e9konys\u00e1gtalans\u00e1gokhoz vezethet.<\/p>\n<\/details>\n<h2 style=\"color: #1a5f7a;border-bottom: 2px solid #3498db;padding-bottom: 10px;margin-top: 50px\">Mi\u00e9rt v\u00e1lassza a VapeXYZ-et nagykereskedelmi partner\u00e9nek?<\/h2>\n<p>Az UZY Crystal Four-Profile 100000 Puffs k\u00e9sz\u00fcl\u00e9ket gondosan \u00e9p\u00edtett\u00e9k azok sz\u00e1m\u00e1ra, akik v\u00e1ltozatoss\u00e1got, \u00e1lland\u00f3 teljes\u00edtm\u00e9nyt \u00e9s hossz\u00fa t\u00e1v\u00fa m\u0171k\u00f6d\u00e9si megb\u00edzhat\u00f3s\u00e1got k\u00f6vetelnek. Nagy kapacit\u00e1s\u00fa aktiv\u00e1l\u00e1s\u00e1val, nagy t\u00f6bbkamr\u00e1s tart\u00e1ly\u00e1val \u00e9s sokoldal\u00fa intenzit\u00e1s opci\u00f3ival szak\u00e9rt\u0151en kiel\u00e9g\u00edti mind a h\u00e9tk\u00f6znapi felhaszn\u00e1l\u00f3kat, mind a neh\u00e9z rajong\u00f3kat. Az \u00f6tletes n\u00e9gy az egyben kialak\u00edt\u00e1s jelent\u0151s kiskereskedelmi \u00e9rt\u00e9ket ad hozz\u00e1, \u00edgy a jelenlegi piacon nagyon keresett cikk\u00e9 teszi.<\/p>\n<p>A VapeXYZ-n\u00e9l t\u00f6bb mint 8 \u00e9ves besz\u00e1ll\u00edt\u00f3i l\u00e1nc szak\u00e9rtelmet fejlesztett\u00fcnk ki. Nem vagyunk egyszer\u0171en csak besz\u00e1ll\u00edt\u00f3k; professzion\u00e1lis nagykereskedelmi forgalmaz\u00f3k vagyunk, akik szigor\u00faan autentikus eldobhat\u00f3 vape-eket sz\u00e1ll\u00edtanak Eur\u00f3p\u00e1ban. Az\u00e1ltal, hogy fenntartunk egy nagyon hozz\u00e1f\u00e9rhet\u0151 Minim\u00e1lis Rendel\u00e9si Mennyis\u00e9get (MOQ) mind\u00f6ssze 10 darabt\u00f3l, lehet\u0151v\u00e9 tessz\u00fck a kis keresked\u0151k \u00e9s a nagy l\u00e9pt\u00e9k\u0171 forgalmaz\u00f3k sz\u00e1m\u00e1ra is, hogy n\u00f6velj\u00e9k k\u00e9szlet\u00fcket an\u00e9lk\u00fcl, hogy t\u00falzottan magas k\u00f6lts\u00e9geket kellene viselni\u00fck. Amikor \u00d6n t\u0151l\u00fcnk szerzi be eldobhat\u00f3 vape-it, garant\u00e1ljuk a gy\u00e1ri \u00e1rakat, a szigor\u00faan hiteles\u00edtett term\u00e9keket \u00e9s egy olyan logisztikai partnert, aki m\u00e9lyen \u00e9rdekelt az \u00d6n kereskedelmi siker\u00e9ben.<\/p>\n<div style=\"text-align: center;margin-top: 40px\"><img loading=\"lazy\" decoding=\"async\" style=\"max-width: 100%;height: auto;border-radius: 8px\" src=\"https:\/\/vapexyz.com\/wp-content\/uploads\/2025\/09\/UZY-Crystal-Four-Flavors-100000-Puffs-Low-Nicotine-Bulk-Buy-Original-Rechargeable-Disposable-Vapes-Wholesale-1-scaled.webp\" alt=\"UZY Crystal N\u00e9gy-Profil 100000 Puff Nagykereskedelmi V\u00e1s\u00e1rl\u00e1s Eredeti \u00dajrat\u00f6lthet\u0151 Eldobhat\u00f3 Vape Nagykereskedelem\" width=\"2560\" height=\"2228\" title=\"\"><\/div>\n<\/article>","protected":false},"excerpt":{"rendered":"<p>Az UZY Crystal Four Tastes 100000 Puffs eldobhat\u00f3 vape k\u00e9sz\u00fcl\u00e9k \u00f6tv\u00f6zi a karcs\u00fa krist\u00e1lytervet, a n\u00e9gyszeres h\u00e1l\u00f3sz\u00e1las tekercset, az intelligens LED kijelz\u0151t \u00e9s a n\u00e9gy \u00edz\u0171 technol\u00f3gi\u00e1t egy hossz\u00fa \u00e9lettartam\u00fa, pr\u00e9mium nagykereskedelmi g\u0151z\u00f6l\u00e9si \u00e9lm\u00e9ny \u00e9rdek\u00e9ben.<\/p>","protected":false},"featured_media":56241,"comment_status":"open","ping_status":"closed","template":"","meta":{"_lmt_disableupdate":"no","_lmt_disable":""},"product_brand":[],"product_cat":[979,1056,947,935,934,927,929,928,930,933,939,932,938,931,936,937,1017,948,949,946,950,951,953,987],"product_tag":[],"class_list":{"0":"post-56233","1":"product","2":"type-product","3":"status-publish","4":"has-post-thumbnail","6":"product_cat-uzy-disposable-vapes","7":"product_cat-100000-puff-vapes","8":"product_cat-big-puffs-vapes","9":"product_cat-bulk-buy-disposable-vapes-in-austria","10":"product_cat-bulk-buy-disposable-vapes-in-belgium","11":"product_cat-bulk-buy-disposable-vapes-in-europe","12":"product_cat-bulk-buy-disposable-vapes-in-france","13":"product_cat-bulk-buy-disposable-vapes-in-germany","14":"product_cat-bulk-buy-disposable-vapes-in-italy","15":"product_cat-bulk-buy-disposable-vapes-in-netherlands","16":"product_cat-bulk-buy-disposable-vapes-in-norway","17":"product_cat-bulk-buy-disposable-vapes-in-poland","18":"product_cat-bulk-buy-disposable-vapes-in-portugal","19":"product_cat-bulk-buy-disposable-vapes-in-spain","20":"product_cat-bulk-buy-disposable-vapes-in-sweden","21":"product_cat-bulk-buy-disposable-vapes-in-switzerland","22":"product_cat-buy-best-disposable-vape-flavors","23":"product_cat-crystal-vapes","24":"product_cat-digital-box-vapes","25":"product_cat-disposable-vapes-series","26":"product_cat-dual-mesh-vapes","27":"product_cat-lower-nicotine-vapes","28":"product_cat-rechargeable-vapes","29":"product_cat-vape-shop-by-puffs","31":"first","32":"instock","33":"shipping-taxable","34":"purchasable","35":"product-type-variable","36":"has-default-attributes"},"jetpack_sharing_enabled":true,"tiered_pricing_type":"fixed","tiered_pricing_fixed_rules":[],"tiered_pricing_product_settings":{"layout":"default","base_unit_name":{"singular":null,"plural":null},"default_variation":null},"tiered_pricing_minimum_quantity":null,"tiered_pricing_roles_data":[],"tiered_pricing_percentage_rules":[],"tiered_pricing_maximum_quantity":null,"tiered_pricing_quantity_step":null,"_links":{"self":[{"href":"https:\/\/vapexyz.com\/hu\/wp-json\/wp\/v2\/product\/56233","targetHints":{"allow":["GET"]}}],"collection":[{"href":"https:\/\/vapexyz.com\/hu\/wp-json\/wp\/v2\/product"}],"about":[{"href":"https:\/\/vapexyz.com\/hu\/wp-json\/wp\/v2\/types\/product"}],"replies":[{"embeddable":true,"href":"https:\/\/vapexyz.com\/hu\/wp-json\/wp\/v2\/comments?post=56233"}],"wp:featuredmedia":[{"embeddable":true,"href":"https:\/\/vapexyz.com\/hu\/wp-json\/wp\/v2\/media\/56241"}],"wp:attachment":[{"href":"https:\/\/vapexyz.com\/hu\/wp-json\/wp\/v2\/media?parent=56233"}],"wp:term":[{"taxonomy":"product_brand","embeddable":true,"href":"https:\/\/vapexyz.com\/hu\/wp-json\/wp\/v2\/product_brand?post=56233"},{"taxonomy":"product_cat","embeddable":true,"href":"https:\/\/vapexyz.com\/hu\/wp-json\/wp\/v2\/product_cat?post=56233"},{"taxonomy":"product_tag","embeddable":true,"href":"https:\/\/vapexyz.com\/hu\/wp-json\/wp\/v2\/product_tag?post=56233"}],"curies":[{"name":"wp","href":"https:\/\/api.w.org\/{rel}","templated":true}]}}