{"id":55742,"date":"2025-09-08T07:05:11","date_gmt":"2025-09-08T07:05:11","guid":{"rendered":"https:\/\/vapexyz.com\/?post_type=product&#038;p=55742"},"modified":"2026-03-02T12:32:58","modified_gmt":"2026-03-02T12:32:58","slug":"foli-36000-szivas-alacsony-nikotin-nagykereskedelmi-vasarlas-eredeti-ujratoltheto-eldobhato-vape-nagykereskedelem","status":"publish","type":"product","link":"https:\/\/vapexyz.com\/hu\/product\/foli-36000-puffs-low-nicotine-bulk-buy-original-rechargeable-disposable-vapes-wholesale\/","title":{"rendered":"FOLI 36000 Puffs Nagy T\u00e9telben V\u00e1s\u00e1rolhat\u00f3 \u00dajrat\u00f6lthet\u0151 Eldobhat\u00f3 Vape Nagykereskedelem"},"content":{"rendered":"<article style=\"font-family: 'Segoe UI', Tahoma, Geneva, Verdana, sans-serif;line-height: 1.6;color: #333;max-width: 100%;margin: 0 auto;padding: 20px\">\n<h2 style=\"color: #2c3e50;border-bottom: 2px solid #3498db;padding-bottom: 8px;margin-top: 30px\">\u00c9lje \u00e1t a fejlett m\u00e9rn\u00f6ki munka el\u0151nyeit <a style=\"color: #3498db;text-decoration: none\" href=\"https:\/\/vapexyz.com\/hu\/termekkategoria\/foli-eldobhato-vape-ok\/\">FOLI<\/a> 36000 Puff Egyszerhaszn\u00e1latos Vape<\/h2>\n<p style=\"font-size: 1.1em;margin-bottom: 20px\">Az eldobhat\u00f3 vape-k gyorsan fejl\u0151d\u0151 piac\u00e1n a kiskeresked\u0151k \u00e9s a fogyaszt\u00f3k egyar\u00e1nt olyan eszk\u00f6z\u00f6ket k\u00f6vetelnek, amelyek \u00f6tv\u00f6zik az \u00e1ll\u00f3k\u00e9pess\u00e9get, a kifinomult diz\u00e1jnt \u00e9s a z\u00f6kken\u0151mentesen ellen\u0151rz\u00f6tt teljes\u00edtm\u00e9nyt. A FOLI 36000 Puffs jelent\u0151s el\u0151rel\u00e9p\u00e9st jelent a hordozhat\u00f3 p\u00e1rologtat\u00f3 technol\u00f3gi\u00e1ban. Nagyon optimaliz\u00e1lt sz\u00edv\u00e1si sz\u00e1mmal, felhaszn\u00e1l\u00f3bar\u00e1t intelligens telemetri\u00e1val \u00e9s \u00e1ramvonalas, ergon\u00f3miailag hangolt v\u00e1zzal ez az eldobhat\u00f3 vape a glob\u00e1lis nagykeresked\u0151k premier v\u00e1laszt\u00e1sa, akik tan\u00fas\u00edtott min\u0151s\u00e9get \u00e9s jelent\u0151s piaci \u00e9rt\u00e9ket keresnek. A VapeXYZ-n\u00e9l, t\u00f6bb mint nyolc \u00e9ves nemzetk\u00f6zi forgalmaz\u00e1si szak\u00e9rtelmet kihaszn\u00e1lva, b\u00fcszk\u00e9n mutatjuk be ezt a gondosan megtervezett hardvert, hogy n\u00f6velj\u00fck k\u00e9szlet\u00e9t.<\/p>\n<div style=\"text-align: center;margin: 30px 0\"><img loading=\"lazy\" decoding=\"async\" class=\"alignnone size-full wp-image-55777\" style=\"max-width: 100%;height: auto;border-radius: 8px\" src=\"https:\/\/vapexyz.com\/wp-content\/uploads\/2025\/09\/FOLI-36000-Puffs-Low-Nicotine-Bulk-Buy-Original-Rechargeable-Disposable-Vapes-Wholesale.webp\" alt=\"FOLI 36000 Puffs Nagykereskedelmi V\u00e1s\u00e1rl\u00e1s Eredeti \u00dajrat\u00f6lthet\u0151 Eldobhat\u00f3 Vape Nagykereskedelem\" width=\"1600\" height=\"1600\" title=\"\" srcset=\"https:\/\/vapexyz.com\/wp-content\/uploads\/2025\/09\/FOLI-36000-Puffs-Low-Nicotine-Bulk-Buy-Original-Rechargeable-Disposable-Vapes-Wholesale.webp 1600w, https:\/\/vapexyz.com\/wp-content\/uploads\/2025\/09\/FOLI-36000-Puffs-Low-Nicotine-Bulk-Buy-Original-Rechargeable-Disposable-Vapes-Wholesale-500x500.webp 500w, https:\/\/vapexyz.com\/wp-content\/uploads\/2025\/09\/FOLI-36000-Puffs-Low-Nicotine-Bulk-Buy-Original-Rechargeable-Disposable-Vapes-Wholesale-1024x1024.webp 1024w, https:\/\/vapexyz.com\/wp-content\/uploads\/2025\/09\/FOLI-36000-Puffs-Low-Nicotine-Bulk-Buy-Original-Rechargeable-Disposable-Vapes-Wholesale-300x300.webp 300w, https:\/\/vapexyz.com\/wp-content\/uploads\/2025\/09\/FOLI-36000-Puffs-Low-Nicotine-Bulk-Buy-Original-Rechargeable-Disposable-Vapes-Wholesale-768x768.webp 768w, https:\/\/vapexyz.com\/wp-content\/uploads\/2025\/09\/FOLI-36000-Puffs-Low-Nicotine-Bulk-Buy-Original-Rechargeable-Disposable-Vapes-Wholesale-1536x1536.webp 1536w, https:\/\/vapexyz.com\/wp-content\/uploads\/2025\/09\/FOLI-36000-Puffs-Low-Nicotine-Bulk-Buy-Original-Rechargeable-Disposable-Vapes-Wholesale-12x12.webp 12w, https:\/\/vapexyz.com\/wp-content\/uploads\/2025\/09\/FOLI-36000-Puffs-Low-Nicotine-Bulk-Buy-Original-Rechargeable-Disposable-Vapes-Wholesale-247x247.webp 247w, https:\/\/vapexyz.com\/wp-content\/uploads\/2025\/09\/FOLI-36000-Puffs-Low-Nicotine-Bulk-Buy-Original-Rechargeable-Disposable-Vapes-Wholesale-510x510.webp 510w, https:\/\/vapexyz.com\/wp-content\/uploads\/2025\/09\/FOLI-36000-Puffs-Low-Nicotine-Bulk-Buy-Original-Rechargeable-Disposable-Vapes-Wholesale-100x100.webp 100w\" sizes=\"auto, (max-width: 1600px) 100vw, 1600px\" \/><\/div>\n<h2 style=\"color: #2c3e50;border-bottom: 2px solid #3498db;padding-bottom: 8px;margin-top: 40px\">M\u0171szaki specifik\u00e1ci\u00f3k \u00e9s empirikus teljes\u00edtm\u00e9ny<\/h2>\n<p>Annak meg\u00e9rt\u00e9se \u00e9rdek\u00e9ben, hogy mi\u00e9rt emelkedik ki a FOLI 36000 Puffs a kort\u00e1rs vaperek k\u00f6z\u00fcl, vizsg\u00e1lni kell annak alapvet\u0151 specifik\u00e1ci\u00f3it \u00e9s azokat a tapasztalati vizsg\u00e1lati m\u00f3dszereket, amelyek igazolj\u00e1k az \u00e1ll\u00edt\u00e1sait. A k\u00e9sz\u00fcl\u00e9k nem csup\u00e1n \u00f6ssze van szerelve; szigor\u00fa nemzetk\u00f6zi gy\u00e1rt\u00e1si szabv\u00e1nyoknak megfelel\u0151en van tervezve, biztos\u00edtva a konzisztenci\u00e1t az els\u0151 sz\u00edv\u00e1st\u00f3l az utols\u00f3ig.<\/p>\n<h3 style=\"color: #34495e;margin-top: 25px\">Igazolt \u00e1ll\u00f3k\u00e9pess\u00e9g \u00e9s t\u00e1roz\u00f3 kapacit\u00e1s<\/h3>\n<p>A k\u00e9sz\u00fcl\u00e9k nagy kapacit\u00e1s\u00fa, 36 ml-es bels\u0151 tart\u00e1llyal van felszerelve. Ellent\u00e9tben a szabv\u00e1nyos eldobhat\u00f3 vapeokkal, amelyekn\u00e9l el\u0151fordulhat egyenetlen nedvsz\u00edv\u00e1s, a FOLI fejlett kapill\u00e1ris hat\u00e1st alkalmaz a magj\u00e1ban, hogy biztos\u00edtsa a 36 ml-es formula teljes kihaszn\u00e1l\u00e1s\u00e1t an\u00e9lk\u00fcl, hogy a \u00edz vagy a g\u0151ztermel\u00e9s romlana. A hirdetett 36 000 sz\u00edv\u00e1s empirikusan igazolt, automatiz\u00e1lt pneumatikus vizsg\u00e1l\u00f3g\u00e9pek seg\u00edts\u00e9g\u00e9vel, ellen\u0151rz\u00f6tt laborat\u00f3riumi k\u00f6rnyezetben. Ezek a g\u00e9pek szimul\u00e1lj\u00e1k az emberi standard bel\u00e9gz\u00e9st (\u00e1ltal\u00e1ban 1,5 \u00e9s 2,0 m\u00e1sodperc k\u00f6z\u00f6tti id\u0151tartamon m\u00e9rve), hogy garant\u00e1lj\u00e1k, a hardver megfelel az \u00fczemeltet\u00e9si \u00e9lettartamra vonatkoz\u00f3 \u00edg\u00e9reteknek a kimer\u00fcl\u00e9s el\u0151tt.<\/p>\n<h3 style=\"color: #34495e;margin-top: 25px\">Termodinamika: A 1,0 \u03a9-os h\u00e1l\u00f3s tekercs<\/h3>\n<p>Ennek az eldobhat\u00f3 vape-nak a sz\u00edv\u00e9ben egy prec\u00edzi\u00f3s m\u00e9rn\u00f6ki 1,0 \u03a9-es mesh tekercs tal\u00e1lhat\u00f3. A hagyom\u00e1nyos dr\u00f3ttekercsek gyakran szenvednek az egyenetlen h\u0151eloszl\u00e1st\u00f3l, ami lok\u00e1lis t\u00falmeleged\u00e9shez \u00e9s vesz\u00e9lyeztetett \u00edzprofilokhoz vezethet. A mesh architekt\u00fara nagym\u00e9rt\u00e9kben n\u00f6veli a bels\u0151 sz\u00edv\u00f3anyaggal \u00e9rintkez\u0151 fel\u00fcletet. Ez az optimaliz\u00e1lt termodinamikai kialak\u00edt\u00e1s lehet\u0151v\u00e9 teszi a gyors, egyenletes f\u0171t\u00e9st. Az eredm\u00e9ny egy er\u0151sen hat\u00e9kony aeroszoliz\u00e1ci\u00f3s folyamat, amely kevesebb akkumul\u00e1tor energi\u00e1t ig\u00e9nyel, mik\u00f6zben s\u0171r\u0171bb, egyenletesebb felh\u0151termel\u00e9st biztos\u00edt az egys\u00e9g teljes \u00e9lettartama alatt.<\/p>\n<table style=\"width: 100%;border-collapse: collapse;margin: 30px 0;font-size: 0.95em\">\n<thead>\n<tr style=\"background-color: #3498db;color: #ffffff;text-align: left\">\n<th style=\"padding: 15px;border: 1px solid #e0e0e0\">M\u0171szaki param\u00e9ter<\/th>\n<th style=\"padding: 15px;border: 1px solid #e0e0e0\">M\u0171szaki r\u00e9szletek<\/th>\n<th style=\"padding: 15px;border: 1px solid #e0e0e0\">Empirikus el\u0151ny<\/th>\n<\/tr>\n<\/thead>\n<tbody>\n<tr style=\"background-color: #f9f9f9\">\n<td style=\"padding: 15px;border: 1px solid #e0e0e0;font-weight: bold\">Maxim\u00e1lis kimenet<\/td>\n<td style=\"padding: 15px;border: 1px solid #e0e0e0\">Legfeljebb 36 000 m\u0171k\u00f6dtet\u00e9s<\/td>\n<td style=\"padding: 15px;border: 1px solid #e0e0e0\">Hiteles\u00edtett hosszabb\u00edtott hardver \u00e9lettartam.<\/td>\n<\/tr>\n<tr>\n<td style=\"padding: 15px;border: 1px solid #e0e0e0;font-weight: bold\">T\u00e1roz\u00f3 t\u00e9rfogat<\/td>\n<td style=\"padding: 15px;border: 1px solid #e0e0e0\">36 ml \u0171rtartalom<\/td>\n<td style=\"padding: 15px;border: 1px solid #e0e0e0\">Tart\u00f3s lead\u00e1s sz\u00e1raz \u00fct\u00e9sek n\u00e9lk\u00fcl.<\/td>\n<\/tr>\n<tr style=\"background-color: #f9f9f9\">\n<td style=\"padding: 15px;border: 1px solid #e0e0e0;font-weight: bold\">F\u0171t\u0151elem<\/td>\n<td style=\"padding: 15px;border: 1px solid #e0e0e0\">1.0 \u03a9 h\u00e1l\u00f3zati architekt\u00fara<\/td>\n<td style=\"padding: 15px;border: 1px solid #e0e0e0\">Egyenletes h\u0151eloszl\u00e1s \u00e9s hat\u00e9konys\u00e1g.<\/td>\n<\/tr>\n<tr>\n<td style=\"padding: 15px;border: 1px solid #e0e0e0;font-weight: bold\">Energiacella<\/td>\n<td style=\"padding: 15px;border: 1px solid #e0e0e0\">650 mAh L\u00edtium-ion<\/td>\n<td style=\"padding: 15px;border: 1px solid #e0e0e0\">Optimal kis\u00fct\u00e9si ar\u00e1ny eg\u00e9sz napos haszn\u00e1latra.<\/td>\n<\/tr>\n<tr style=\"background-color: #f9f9f9\">\n<td style=\"padding: 15px;border: 1px solid #e0e0e0;font-weight: bold\">\u00dajrat\u00f6lt\u00e9si protokoll<\/td>\n<td style=\"padding: 15px;border: 1px solid #e0e0e0\">Type-C gyors t\u00f6lt\u0151 port<\/td>\n<td style=\"padding: 15px;border: 1px solid #e0e0e0\">Gyors \u00e1tfut\u00e1si id\u0151; szabv\u00e1nyos k\u00e1bel kompatibilit\u00e1s.<\/td>\n<\/tr>\n<tr>\n<td style=\"padding: 15px;border: 1px solid #e0e0e0;font-weight: bold\">M\u00e9retek \u00e9s s\u00faly<\/td>\n<td style=\"padding: 15px;border: 1px solid #e0e0e0\">32 \u00d7 126 mm, 120 g<\/td>\n<td style=\"padding: 15px;border: 1px solid #e0e0e0\">Ergonomikus, robusztus, m\u00e9gis hordozhat\u00f3 kialak\u00edt\u00e1s.<\/td>\n<\/tr>\n<tr style=\"background-color: #f9f9f9\">\n<td style=\"padding: 15px;border: 1px solid #e0e0e0;font-weight: bold\">Hat\u00f3er\u0151ss\u00e9g<\/td>\n<td style=\"padding: 15px;border: 1px solid #e0e0e0\">3% koncentr\u00e1ci\u00f3<\/td>\n<td style=\"padding: 15px;border: 1px solid #e0e0e0\">Kiegyens\u00falyozott \u00f6sszet\u00e9tel a modern feln\u0151ttek ig\u00e9nyeihez.<\/td>\n<\/tr>\n<\/tbody>\n<\/table>\n<h2 style=\"color: #2c3e50;border-bottom: 2px solid #3498db;padding-bottom: 8px;margin-top: 40px\">Intelligens Telemetria \u00e9s Energiagazd\u00e1lkod\u00e1s<\/h2>\n<p>A eldobhat\u00f3 vape term\u00e9kek modern fogyaszt\u00f3i \u00e1tl\u00e1that\u00f3s\u00e1got k\u00f6vetelnek meg hardver\u00fckt\u0151l. Az FOLI egy nagy kontraszt\u00fa intelligens kijelz\u0151t integr\u00e1l, amely val\u00f3s idej\u0171 telemetri\u00e1t biztos\u00edt k\u00e9t kritikus m\u00e9r\u0151sz\u00e1mr\u00f3l: a fennmarad\u00f3 \u00e1ramforr\u00e1s \u00e9lettartam\u00e1r\u00f3l \u00e9s a tart\u00e1ly t\u00e9rfogat\u00e1r\u00f3l. Ezt a tart\u00e1lyban l\u00e9v\u0151 kapacit\u00edv \u00e9rz\u00e9kel\u00e9si technol\u00f3gia \u00e9s az 650 mAh-s akkumul\u00e1toron l\u00e9v\u0151 fejlett fesz\u00fclts\u00e9gfigyel\u00e9s val\u00f3s\u00edtja meg.<\/p>\n<p>A Type-C t\u00f6lt\u00e9s be\u00e9p\u00edt\u00e9se ezt az eszk\u00f6zt a modern fogyaszt\u00f3i elektronikai szabv\u00e1nyokhoz hozza. A fed\u00e9lzeti akkumul\u00e1tor-kezel\u0151 rendszer (BMS) tartalmaz t\u00falt\u00f6lt\u00e9sv\u00e9delmet, r\u00f6vidz\u00e1rlat-megel\u0151z\u00e9st \u00e9s h\u0151ellen\u0151rz\u00e9st, biztos\u00edtva, hogy a l\u00edtium-ion cella stabil \u00e9s biztons\u00e1gos maradjon t\u00f6bb \u00fajrat\u00f6lt\u00e9si cikluson kereszt\u00fcl, am\u00edg a 36 ml-es tart\u00e1ly teljesen ki nem mer\u00fcl.<\/p>\n<div style=\"background: linear-gradient(135deg, #f5f7fa 0%, #c3cfe2 100%);border-left: 6px solid #2980b9;padding: 25px;margin: 35px 0;border-radius: 8px\">\n<h3 style=\"margin-top: 0;color: #2c3e50;font-size: 1.2em\">Szakter\u00fcleti \u00e9s Megfelel\u0151s\u00e9gi Tud\u00e1sb\u00e1zis<\/h3>\n<ul style=\"margin-bottom: 0;padding-left: 20px\">\n<li style=\"margin-bottom: 10px\"><strong>CE \u00e9s RoHS szabv\u00e1nyok:<\/strong> A FOLI 36000 Puffs ISO-tan\u00fas\u00edtv\u00e1nnyal rendelkez\u0151 l\u00e9tes\u00edtm\u00e9nyekben k\u00e9sz\u00fcl. Megfelel a Conformit\u00e9 Europ\u00e9enne (CE) \u00e9s a Vesz\u00e9lyes Anyagok Korl\u00e1toz\u00e1s\u00e1ra (RoHS) vonatkoz\u00f3 ir\u00e1nyelveknek, biztos\u00edtva, hogy nem tartalmaz tiltott neh\u00e9zf\u00e9meket, \u00e9s biztons\u00e1gos a fogyaszt\u00f3i forgalmaz\u00e1s szempontj\u00e1b\u00f3l az eur\u00f3pai \u00e9s glob\u00e1lis piacokon.<\/li>\n<li style=\"margin-bottom: 10px\"><strong>Konzisztens Fesz\u00fclts\u00e9g Kimenet:<\/strong> A f\u00fcggetlen fesz\u00fclts\u00e9gvizsg\u00e1lat meger\u0151s\u00edti, hogy a fed\u00e9lzeti chipk\u00e9szlet szorosan szab\u00e1lyozza a kimenetet. Ahogy a 650 mAh-s akkumul\u00e1tor lemer\u00fcl, a kimeneti fesz\u00fclts\u00e9g stabiliz\u00e1l\u00f3dik, megakad\u00e1lyozva a p\u00e1rolg\u00e1si termel\u00e9s \u201clees\u00e9s\u00e9t\u201d, amely jellemz\u0151 az szab\u00e1lyozatlan eldobhat\u00f3 vaporiz\u00e1l\u00f3kra.<\/li>\n<li><strong>Ell\u00e1t\u00e1si L\u00e1nc \u00c1tl\u00e1that\u00f3s\u00e1ga:<\/strong> Tan\u00fas\u00edtott nagykereskedelmi forgalmaz\u00f3k\u00e9nt a VapeXYZ biztos\u00edtja, hogy minden t\u00e9tel szigor\u00fa min\u0151s\u00e9g-ellen\u0151rz\u00e9sen (QC) megy kereszt\u00fcl, bele\u00e9rtve a v\u00e1kuumtesztet is, hogy megel\u0151zze a sziv\u00e1rg\u00e1sokat a nagy magass\u00e1g\u00fa l\u00e9gi sz\u00e1ll\u00edt\u00e1s sor\u00e1n.<\/li>\n<\/ul>\n<\/div>\n<h2 style=\"color: #2c3e50;border-bottom: 2px solid #3498db;padding-bottom: 8px;margin-top: 40px\">\u00c1tfog\u00f3 Profilv\u00e1laszt\u00e1s<\/h2>\n<p>A fogyaszt\u00f3i el\u00e9gedetts\u00e9g kritikus eleme az eldobhat\u00f3 vape szektorban az \u00e9rz\u00e9kszervi tapasztalat v\u00e1ltozatoss\u00e1ga \u00e9s pontoss\u00e1ga. A FOLI 36000 Puffs fejlett szintetikus formul\u00e1z\u00e1si technik\u00e1kat alkalmaz 15 k\u00fcl\u00f6nb\u00f6z\u0151, er\u0151sen stabil profil l\u00e9trehoz\u00e1s\u00e1ra. Ezeket a kever\u00e9keket \u00fagy tervezt\u00e9k, hogy ellen\u00e1lljanak az oxid\u00e1ci\u00f3nak \u00e9s a h\u0151m\u00e9rs\u00e9klet-degrad\u00e1ci\u00f3nak, biztos\u00edtva, hogy a profil az els\u0151 aktiv\u00e1l\u00e1st\u00f3l az 36 000. puffig pontos maradjon.<\/p>\n<div style=\"grid-template-columns: repeat(auto-fit, minmax(250px, 1fr));gap: 15px;margin-top: 20px\">\n<div style=\"background: #fff;border: 1px solid #ecf0f1;padding: 15px;border-radius: 6px\"><strong>1. Taro fagylalt:<\/strong> \u00d6sszetett, kr\u00e9mes profil f\u00f6ldes gy\u00f6k\u00e9r jegyekkel \u00e9s h\u0171s\u00edt\u0151 befejez\u00e9ssel.<\/div>\n<div style=\"background: #fff;border: 1px solid #ecf0f1;padding: 15px;border-radius: 6px\"><strong>2. Dinny\u00e9s j\u00e9g:<\/strong> \u00c9les, ny\u00e1rias botanikai jegyek, intenz\u00edv, fagyos \u00e9rzettel p\u00e1ros\u00edtva.<\/div>\n<div style=\"background: #fff;border: 1px solid #ecf0f1;padding: 15px;border-radius: 6px\"><strong>\u00c1fonya:<\/strong> \u00c9les, hiteles bogy\u00f3s gy\u00fcm\u00f6lcs kivonat profil, kiegyens\u00falyozott savtartalommal.<\/div>\n<div style=\"background: #fff;border: 1px solid #ecf0f1;padding: 15px;border-radius: 6px\"><strong>4. Gumi Medve:<\/strong> T\u00f6bb r\u00e9teg\u0171, cukr\u00e1szati ihlet\u00e9s\u0171 kever\u00e9k, amelyet magas cukortartalomra terveztek.<\/div>\n<div style=\"background: #fff;border: 1px solid #ecf0f1;padding: 15px;border-radius: 6px\"><strong>5. Licsi j\u00e9g:<\/strong> Vir\u00e1gos, tr\u00f3pusi els\u0151dleges jegyek, amelyeket h\u0171s\u00edt\u0151 m\u00e1sodlagos szell\u0151 k\u00eds\u00e9r.<\/div>\n<div style=\"background: #fff;border: 1px solid #ecf0f1;padding: 15px;border-radius: 6px\"><strong>6. Alma Aloe:<\/strong> Nagyon friss\u00edt\u0151, enyh\u00e9n botanikus kever\u00e9k, amely a tiszta \u00edzlel\u0151fel\u00fcletet helyezi el\u0151t\u00e9rbe.<\/div>\n<div style=\"background: #fff;border: 1px solid #ecf0f1;padding: 15px;border-radius: 6px\"><strong>Szeretet 666:<\/strong> Egyedi, egzotikus kever\u00e9k, amely t\u00f6bb tr\u00f3pusi gy\u00fcm\u00f6lcs\u00f6t \u00f6tv\u00f6z.<\/div>\n<div style=\"background: #fff;border: 1px solid #ecf0f1;padding: 15px;border-radius: 6px\"><strong>8. Red Bull J\u00e9g:<\/strong> Ut\u00e1nozza a n\u00e9pszer\u0171 energiaitalok jellegzetes, fanyar profilj\u00e1t.<\/div>\n<div style=\"background: #fff;border: 1px solid #ecf0f1;padding: 15px;border-radius: 6px\"><strong>9. Sz\u0151l\u0151 j\u00e9g:<\/strong> M\u00e9ly, robusztus sz\u0151l\u0151-gy\u00fcm\u00f6lcs jegyek \u00e9les, jeges kil\u00e9gz\u00e9ssel.<\/div>\n<div style=\"background: #fff;border: 1px solid #ecf0f1;padding: 15px;border-radius: 6px\"><strong>10. J\u00e9gkr\u00e9m<\/strong> Egy nosztalgikus, \u00e9l\u00e9nk profil, amely a klasszikus fagyott ny\u00e1ri finoms\u00e1gokat ut\u00e1nozza.<\/div>\n<div style=\"background: #fff;border: 1px solid #ecf0f1;padding: 15px;border-radius: 6px\"><strong>11. Oz var\u00e1zsl\u00f3ja:<\/strong> Egy rejt\u00e9lyes, \u00f6sszetett kever\u00e9k, amely egyed\u00fcl\u00e1ll\u00f3an r\u00e9tegzett \u00e9lm\u00e9nyt ny\u00fajt.<\/div>\n<div style=\"background: #fff;border: 1px solid #ecf0f1;padding: 15px;border-radius: 6px\"><strong>12. Double Mint:<\/strong> Egy ultra-kr\u00e9mes, k\u00e9tr\u00e9teg\u0171 botanikus menta a maxim\u00e1lis frissess\u00e9g\u00e9rt.<\/div>\n<div style=\"background: #fff;border: 1px solid #ecf0f1;padding: 15px;border-radius: 6px\"><strong>13. Sz\u0151l\u0151 Aloe:<\/strong> Er\u0151s, s\u00f6t\u00e9t gy\u00fcm\u00f6lcs jegyeket kombin\u00e1l az aloe sima, hidrat\u00e1l\u00f3 esszenci\u00e1j\u00e1val.<\/div>\n<div style=\"background: #fff;border: 1px solid #ecf0f1;padding: 15px;border-radius: 6px\"><strong>14. Eperj\u00e9g:<\/strong> Egy alapvet\u0151 profil, melynek jellemz\u0151je a f\u00e9nyes v\u00f6r\u00f6s gy\u00fcm\u00f6lcs \u00e9s a h\u0171v\u00f6s befejez\u00e9s.<\/div>\n<div style=\"background: #fff;border: 1px solid #ecf0f1;padding: 15px;border-radius: 6px\"><strong>15. K\u00f3la j\u00e9g:<\/strong> Pontosan megragadja a klasszikus s\u00f6t\u00e9t sz\u00f3da pezsg\u0151, szirupos m\u00e9lys\u00e9g\u00e9t.<\/div>\n<\/div>\n<h2 style=\"color: #2c3e50;border-bottom: 2px solid #3498db;padding-bottom: 8px;margin-top: 40px\">Nagykereskedelmi Hat\u00f3s\u00e1g: Partnerkapcsolat VapeXYZ-szel<\/h2>\n<p>Kiskereskedelmi c\u00e9lra beszerezhet\u0151 eldobhat\u00f3 vape term\u00e9keket forgalmazni olyan nagykeresked\u0151t ig\u00e9nyel, aki az eredetis\u00e9get, a megb\u00edzhat\u00f3 logisztik\u00e1t \u00e9s a region\u00e1lis megfelel\u0151s\u00e9g szigor\u00fa betart\u00e1s\u00e1t helyezi el\u0151t\u00e9rbe. A VapeXYZ-n\u00e9l nem csup\u00e1n dobozokat mozgatunk; ellen\u0151rz\u00f6tt ell\u00e1t\u00e1si l\u00e1ncot biztos\u00edtunk. Rendk\u00edv\u00fcl versenyk\u00e9pes \u00e1ron k\u00edn\u00e1lunk eldobhat\u00f3 vape m\u00e1rk\u00e1kat, rendk\u00edv\u00fcl alacsony, mind\u00f6ssze 10 darabos Minim\u00e1lis Rendel\u00e9si Mennyis\u00e9ggel (MOQ).<\/p>\n<p>Ez a rugalmass\u00e1g lehet\u0151v\u00e9 teszi a hagyom\u00e1nyos boltoknak \u00e9s a region\u00e1lis online keresked\u0151knek, hogy tesztelj\u00e9k a FOLI 36000 ir\u00e1nti piaci keresletet an\u00e9lk\u00fcl, hogy t\u00falzottan kiterjeszten\u00e9k t\u0151k\u00e9j\u00fcket. Nyolc \u00e9vnyi elk\u00f6telezett ipar\u00e1gi m\u0171k\u00f6d\u00e9s\u00fcnk eredm\u00e9nye a fels\u0151 kateg\u00f3ri\u00e1s gy\u00e1rt\u00e1si l\u00e9tes\u00edtm\u00e9nyekkel kialak\u00edtott robusztus kapcsolatok. Amikor a FOLI 36000-et a VapeXYZ-en kereszt\u00fcl nagykereskedelmi forgalomba hozza, akkor gyors sz\u00e1ll\u00edt\u00e1st, garant\u00e1lt eredeti hardvert \u00e9s elk\u00f6telezett \u00fczleti t\u00e1mogat\u00e1st kap, amelynek c\u00e9lja, hogy el\u0151seg\u00edtse hossz\u00fa t\u00e1v\u00fa kiskereskedelmi n\u00f6veked\u00e9s\u00e9t.<\/p>\n<h2 style=\"color: #2c3e50;border-bottom: 2px solid #3498db;padding-bottom: 8px;margin-top: 40px\">Gyakran Ism\u00e9telt K\u00e9rd\u00e9sek (GYIK)<\/h2>\n<div style=\"margin-top: 20px\">\n<details style=\"background: #ffffff;border: 1px solid #dcdde1;margin-bottom: 15px;border-radius: 8px;padding: 15px\">\n<summary style=\"font-weight: 600;font-size: 1.1em;cursor: pointer;color: #2f3640\">Hogyan igazolj\u00e1k empirikusan a 36 000-es kimeneti \u00e1ll\u00edt\u00e1st?<\/summary>\n<p style=\"margin-top: 15px;color: #555;line-height: 1.5\">A gy\u00e1rt\u00f3 szabv\u00e1nyos\u00edtott pneumatikus vizsg\u00e1l\u00f3berendez\u00e9sek seg\u00edts\u00e9g\u00e9vel igazolja a kimeneti m\u00e9r\u0151sz\u00e1mokat. Ezek a g\u00e9pek 1,5 m\u00e1sodpercen kereszt\u00fcl sz\u00edvj\u00e1k \u00e1t a leveg\u0151t az eszk\u00f6z\u00f6n minden aktiv\u00e1l\u00e1s sor\u00e1n, ellen\u0151rz\u00f6tt laborat\u00f3riumi k\u00f6r\u00fclm\u00e9nyek k\u00f6z\u00f6tt. A val\u00f3s eredm\u00e9nyek kiss\u00e9 elt\u00e9rhetnek az egy\u00e9ni bel\u00e9gz\u00e9si id\u0151tartamt\u00f3l \u00e9s a k\u00f6rnyezeti h\u0151m\u00e9rs\u00e9klett\u0151l f\u00fcgg\u0151en, de a 36 ml-es kapacit\u00e1s biztos\u00edtja a matematikai alapot ehhez a meghosszabb\u00edtott \u00e9lettartamhoz.<\/p>\n<\/details>\n<details style=\"background: #ffffff;border: 1px solid #dcdde1;margin-bottom: 15px;border-radius: 8px;padding: 15px\">\n<summary style=\"font-weight: 600;font-size: 1.1em;cursor: pointer;color: #2f3640\">Mi teszi az 1,0 \u03a9-os h\u00e1l\u00f3tekercset jobb\u00e1 ezekhez a vape-okhoz?<\/summary>\n<p style=\"margin-top: 15px;color: #555;line-height: 1.5\">Egy 1,0 ohmos h\u00e1l\u00f3s tekercs sokkal nagyobb fel\u00fcletet k\u00edn\u00e1l, mint a hagyom\u00e1nyos tekercselt huzal. Ez a fizikai architekt\u00fara biztos\u00edtja, hogy a h\u0151 egyenletesen ker\u00fclj\u00f6n alkalmaz\u00e1sra a kan\u00f3c anyag\u00e1ra. M\u00e9rn\u00f6ki szempontb\u00f3l ez megakad\u00e1lyozza a k\u00e9sz\u00edtm\u00e9ny lok\u00e1lis \u00e9g\u00e9s\u00e9t, biztos\u00edtva, hogy a profil \u00e9rintetlen maradjon, \u00e9s a g\u0151ztermel\u00e9s s\u0171r\u0171 maradjon az eldobhat\u00f3 vape teljes \u00e9lettartama alatt.<\/p>\n<\/details>\n<details style=\"background: #ffffff;border: 1px solid #dcdde1;margin-bottom: 15px;border-radius: 8px;padding: 15px\">\n<summary style=\"font-weight: 600;font-size: 1.1em;cursor: pointer;color: #2f3640\">Mekkor\u00e1k a 650 mAh-s energiacella t\u00f6lt\u00e9si specifik\u00e1ci\u00f3i?<\/summary>\n<p style=\"margin-top: 15px;color: #555;line-height: 1.5\">A k\u00e9sz\u00fcl\u00e9k modern Type-C bemenettel rendelkezik, amely szabv\u00e1nyos 5V\/1A t\u00f6lt\u00e9sre van tervezve. A be\u00e9p\u00edtett akkumul\u00e1tor-kezel\u0151 rendszer v\u00e9delmet ny\u00fajt a t\u00falt\u00f6lt\u00e9s ellen. Aj\u00e1nlott szabv\u00e1nyos fali adaptereket haszn\u00e1lni a nagy teljes\u00edtm\u00e9ny\u0171 laptop t\u00f6lt\u0151k helyett, hogy meg\u0151rizz\u00fck a l\u00edtium-ion cella \u00e9lettartam\u00e1t a sz\u00fcks\u00e9ges \u00fajrat\u00f6lt\u00e9si ciklusokon kereszt\u00fcl.<\/p>\n<\/details>\n<details style=\"background: #ffffff;border: 1px solid #dcdde1;margin-bottom: 15px;border-radius: 8px;padding: 15px\">\n<summary style=\"font-weight: 600;font-size: 1.1em;cursor: pointer;color: #2f3640\">A intelligens kijelz\u0151 megb\u00edzhat\u00f3 a k\u00e9szletgazd\u00e1lkod\u00e1sban?<\/summary>\n<p style=\"margin-top: 15px;color: #555;line-height: 1.5\">Igen. Az intelligens k\u00e9perny\u0151 \u00e1ltal biztos\u00edtott telemetria bels\u0151 fesz\u00fclts\u00e9g\u00e9rt\u00e9keket haszn\u00e1l az akkumul\u00e1tor \u00e9lettartam\u00e1ra \u00e9s kapacit\u00edv \u00e9rz\u00e9kel\u00e9st az bels\u0151 tart\u00e1lyra vonatkoz\u00f3an. Ez a tapasztalati visszacsatol\u00e1s lehet\u0151v\u00e9 teszi a v\u00e9gfelhaszn\u00e1l\u00f3k sz\u00e1m\u00e1ra, hogy kisz\u00e1m\u00edthat\u00f3an kezelj\u00e9k fogyaszt\u00e1sukat, \u00e9s kik\u00fcsz\u00f6b\u00f6li a hagyom\u00e1nyos eldobhat\u00f3 vaporiz\u00e1l\u00f3kkal kapcsolatos hirtelen sz\u00e1raz sz\u00edv\u00e1sokat.<\/p>\n<\/details>\n<\/div>\n<\/article>","protected":false},"excerpt":{"rendered":"<p>A FOLI 36000 Puffs eldobhat\u00f3 vape egy pr\u00e9mium \u00fajrat\u00f6lthet\u0151 k\u00e9sz\u00fcl\u00e9k, amely 36 000 sz\u00edv\u00e1st, 36 ml kapacit\u00e1st, 3% er\u0151ss\u00e9get, \u00e1ll\u00edthat\u00f3 l\u00e9g\u00e1raml\u00e1st, 650 mAh-s akkumul\u00e1tort gyors Type-C t\u00f6lt\u00e9ssel, 1,0 \u03a9-es mesh tekercset \u00e9s intelligens kijelz\u0151t k\u00edn\u00e1l, 15 egyedi \u00edzben kaphat\u00f3 - t\u00f6k\u00e9letes nagykereskedelmi rendel\u00e9sekhez a VapeXYZ-n\u00e9l.<\/p>","protected":false},"featured_media":55769,"comment_status":"open","ping_status":"closed","template":"","meta":{"_lmt_disableupdate":"no","_lmt_disable":""},"product_brand":[],"product_cat":[1090,1059,947,935,934,927,929,928,930,933,939,932,938,931,936,937,1017,946,951,953,987],"product_tag":[],"class_list":{"0":"post-55742","1":"product","2":"type-product","3":"status-publish","4":"has-post-thumbnail","6":"product_cat-foli-disposable-vapes","7":"product_cat-36000-puff-vapes","8":"product_cat-big-puffs-vapes","9":"product_cat-bulk-buy-disposable-vapes-in-austria","10":"product_cat-bulk-buy-disposable-vapes-in-belgium","11":"product_cat-bulk-buy-disposable-vapes-in-europe","12":"product_cat-bulk-buy-disposable-vapes-in-france","13":"product_cat-bulk-buy-disposable-vapes-in-germany","14":"product_cat-bulk-buy-disposable-vapes-in-italy","15":"product_cat-bulk-buy-disposable-vapes-in-netherlands","16":"product_cat-bulk-buy-disposable-vapes-in-norway","17":"product_cat-bulk-buy-disposable-vapes-in-poland","18":"product_cat-bulk-buy-disposable-vapes-in-portugal","19":"product_cat-bulk-buy-disposable-vapes-in-spain","20":"product_cat-bulk-buy-disposable-vapes-in-sweden","21":"product_cat-bulk-buy-disposable-vapes-in-switzerland","22":"product_cat-buy-best-disposable-vape-flavors","23":"product_cat-disposable-vapes-series","24":"product_cat-lower-nicotine-vapes","25":"product_cat-rechargeable-vapes","26":"product_cat-vape-shop-by-puffs","28":"first","29":"instock","30":"shipping-taxable","31":"purchasable","32":"product-type-variable","33":"has-default-attributes"},"jetpack_sharing_enabled":true,"tiered_pricing_type":"fixed","tiered_pricing_fixed_rules":[],"tiered_pricing_product_settings":{"layout":"default","base_unit_name":{"singular":null,"plural":null},"default_variation":null},"tiered_pricing_minimum_quantity":null,"tiered_pricing_roles_data":[],"tiered_pricing_percentage_rules":[],"tiered_pricing_maximum_quantity":null,"tiered_pricing_quantity_step":null,"_links":{"self":[{"href":"https:\/\/vapexyz.com\/hu\/wp-json\/wp\/v2\/product\/55742","targetHints":{"allow":["GET"]}}],"collection":[{"href":"https:\/\/vapexyz.com\/hu\/wp-json\/wp\/v2\/product"}],"about":[{"href":"https:\/\/vapexyz.com\/hu\/wp-json\/wp\/v2\/types\/product"}],"replies":[{"embeddable":true,"href":"https:\/\/vapexyz.com\/hu\/wp-json\/wp\/v2\/comments?post=55742"}],"wp:featuredmedia":[{"embeddable":true,"href":"https:\/\/vapexyz.com\/hu\/wp-json\/wp\/v2\/media\/55769"}],"wp:attachment":[{"href":"https:\/\/vapexyz.com\/hu\/wp-json\/wp\/v2\/media?parent=55742"}],"wp:term":[{"taxonomy":"product_brand","embeddable":true,"href":"https:\/\/vapexyz.com\/hu\/wp-json\/wp\/v2\/product_brand?post=55742"},{"taxonomy":"product_cat","embeddable":true,"href":"https:\/\/vapexyz.com\/hu\/wp-json\/wp\/v2\/product_cat?post=55742"},{"taxonomy":"product_tag","embeddable":true,"href":"https:\/\/vapexyz.com\/hu\/wp-json\/wp\/v2\/product_tag?post=55742"}],"curies":[{"name":"wp","href":"https:\/\/api.w.org\/{rel}","templated":true}]}}