{"id":55435,"date":"2025-09-01T09:48:55","date_gmt":"2025-09-01T09:48:55","guid":{"rendered":"https:\/\/vapexyz.com\/?post_type=product&#038;p=55435"},"modified":"2026-03-05T03:54:55","modified_gmt":"2026-03-05T03:54:55","slug":"airmez-mars-20000-szivas-alacsony-nikotin-nagykereskedelmi-vasarlas-eredeti-ujratoltheto-eldobhato-vape-nagykereskedelem-europai-raktar","status":"publish","type":"product","link":"https:\/\/vapexyz.com\/hu\/product\/airmez-mars-20000-puffs-low-nicotine-bulk-buy-original-rechargeable-disposable-vapes-wholesale-european-warehouse\/","title":{"rendered":"AIRMEZ MARS 20000 Puffs Eldobhat\u00f3 Vape"},"content":{"rendered":"<article>\n<h2 style=\"font-family: Arial, sans-serif; color: #333; text-align: center;\">Viszontl\u00e1t\u00e1sra AIRMEZ MARS 20000 Puffs, Szia Csod\u00e1latos <a href=\"https:\/\/vapexyz.com\/hu\/termek\/bimo-turbo-20000-puff-teljes-kepernyo-0-2-5-alacsony-nikotin-eredeti-gyari-omlesztett-vasarlas-ujratoltheto-eldobhato-vapes-toll-nagykereskedes\/\">BIMO Turbo 20000 Puffs<\/a>!<\/h2>\n<p style=\"font-family: Arial, sans-serif; font-size: 16px; line-height: 1.6; color: #555; text-align: center;\">Szia bar\u00e1tok! Van egy h\u00edre\u00fcnk. A r\u00e9gi bar\u00e1tunk, az AIRMEZ MARS 20000 Puffs, hossz\u00fa vak\u00e1ci\u00f3ra ment \u00e9s nem t\u00e9r vissza. \ud83d\ude22 De ne agg\u00f3djatok! Tal\u00e1ltunk egy \u00faj, nagyszer\u0171 bar\u00e1tot nektek, akit szerint\u00fcnk m\u00e9g jobban fogtok szeretni. Ismerj\u00e9tek meg a szuper BIMO Turbo 20000 Puffs-ot! \u00daj, men\u0151, \u00e9s k\u00e9szen \u00e1ll arra, hogy a kedvencetek legyen. L\u00e1ssuk, mi\u00e9rt olyan nagyszer\u0171!<\/p>\n<h3 style=\"font-family: Arial, sans-serif; color: #333; text-align: center; margin-top: 40px;\">Ismerkedj\u00fcnk meg a Vape-jeinkkel!<\/h3>\n<div style=\"display: flex; justify-content: space-around; flex-wrap: wrap; gap: 20px; font-family: Arial, sans-serif;\">\n<p><!-- Original Product Card --><\/p>\n<div style=\"border: 2px solid #ddd; border-radius: 10px; padding: 20px; width: 40%; min-width: 300px; box-shadow: 0 4px 8px rgba(0,0,0,0.1); background-color: #f9f9f9;\">\n<h4 style=\"color: #d9534f; text-align: center; margin-top: 0;\">Amit Szerett\u00e9l: AIRMEZ MARS 20000 Puffs<\/h4>\n<p style=\"font-size: 15px; color: #666;\">Ez egy nagyszer\u0171 vape volt! Volt egy h\u0171v\u00f6s kerek k\u00e9perny\u0151je \u00e9s k\u00e9t m\u00f3d a p\u00f6f\u00e9kel\u00e9shez. Sok \u00edzt adott \u00e9s hossz\u00fa id\u0151n kereszt\u00fcl megb\u00edzhat\u00f3 bar\u00e1t volt. Hi\u00e1nyozni fog!<\/p>\n<ul style=\"list-style-type: '\ud83d\udc94'; padding-left: 20px;\">\n<li style=\"margin-bottom: 10px;\">H\u0171v\u00f6s 360\u00b0-os LED k\u00e9perny\u0151.<\/li>\n<li style=\"margin-bottom: 10px;\">K\u00e9t \u00fczemm\u00f3d: Norm\u00e1l vagy Mars.<\/li>\n<li style=\"margin-bottom: 10px;\">Csak egy nikotin v\u00e1laszt\u00e1s (5%).<\/li>\n<\/ul>\n<\/div>\n<p><!-- Replacement Product Card --><\/p>\n<div style=\"border: 2px solid #28a745; border-radius: 10px; padding: 20px; width: 40%; min-width: 300px; box-shadow: 0 4px 8px rgba(0,0,0,0.1); background-color: #f0fff4;\">\n<h4 style=\"color: #28a745; text-align: center; margin-top: 0;\">\u00daj legjobb bar\u00e1tod: BIMO Turbo 20000 Puffs<\/h4>\n<p style=\"font-size: 15px; color: #333;\">K\u00e9sz\u00fclj\u00f6n a friss\u00edt\u00e9sre! A BIMO Turbo olyan, mint egy szuperh\u0151s. Enged\u00e9lyezi, hogy V\u00c1LASSZA ki a nikotint, az er\u0151t \u00e9s a l\u00e9g\u00e1raml\u00e1st. Minden arr\u00f3l sz\u00f3l, amit \u00d6n akar! Okosabb \u00e9s t\u00f6bb ir\u00e1ny\u00edt\u00e1st ad. Mennyire men\u0151 ez?!<\/p>\n<ul style=\"list-style-type: '\ud83d\udc96'; padding-left: 20px;\">\n<li style=\"margin-bottom: 10px;\">A intelligens k\u00e9perny\u0151 mindent mutat.<\/li>\n<li style=\"margin-bottom: 10px;\">V\u00e1laszthatja a nikotint (0%, 2% vagy 5%).<\/li>\n<li style=\"margin-bottom: 10px;\">\u00c1raml\u00e1s \u00e9s teljes\u00edtm\u00e9ny \u00e1ll\u00edthat\u00f3!<\/li>\n<\/ul>\n<\/div>\n<\/div>\n<h3 style=\"font-family: Arial, sans-serif; color: #333; text-align: center; margin-top: 50px;\">AIRMEZ MARS vs. BIMO Turbo: Egy sz\u00f3rakoztat\u00f3 \u00f6sszehasonl\u00edt\u00e1s!<\/h3>\n<table style=\"width: 100%; max-width: 800px; margin: 20px auto; border-collapse: collapse; font-family: Arial, sans-serif; box-shadow: 0 4px 8px rgba(0,0,0,0.1);\">\n<thead>\n<tr style=\"background-color: #4caf50; color: white;\">\n<th style=\"padding: 12px; border: 1px solid #ddd; text-align: left;\">Funkci\u00f3<\/th>\n<th style=\"padding: 12px; border: 1px solid #ddd; text-align: center;\">AIRMEZ MARS 20000 Puffs<\/th>\n<th style=\"padding: 12px; border: 1px solid #ddd; text-align: center;\">BIMO Turbo 20000 Puffs<\/th>\n<\/tr>\n<\/thead>\n<tbody>\n<tr>\n<td style=\"padding: 12px; border: 1px solid #ddd; font-weight: bold;\">Puffsz\u00e1m \u2601\ufe0f<\/td>\n<td style=\"padding: 12px; border: 1px solid #ddd; text-align: center;\">Ak\u00e1r 20 000 f\u00faj\u00e1s<\/td>\n<td style=\"padding: 12px; border: 1px solid #ddd; text-align: center; background-color: #e8f5e9;\">Ak\u00e1r 20 000 f\u00faj\u00e1s<\/td>\n<\/tr>\n<tr>\n<td style=\"padding: 12px; border: 1px solid #ddd; font-weight: bold;\">Nikotinv\u00e1laszt\u00e9kok<\/td>\n<td style=\"padding: 12px; border: 1px solid #ddd; text-align: center;\">Csak 5%<\/td>\n<td style=\"padding: 12px; border: 1px solid #ddd; text-align: center; background-color: #e8f5e9;\">V\u00e1laszd ki! 0%, 2% vagy 5%<\/td>\n<\/tr>\n<tr>\n<td style=\"padding: 12px; border: 1px solid #ddd; font-weight: bold;\">K\u00e9perny\u0151<\/td>\n<td style=\"padding: 12px; border: 1px solid #ddd; text-align: center;\">H\u0171v\u00f6s anim\u00e1lt k\u00e9perny\u0151<\/td>\n<td style=\"padding: 12px; border: 1px solid #ddd; text-align: center; background-color: #e8f5e9;\">Intelligens k\u00e9perny\u0151 mutatja az akkumul\u00e1tort \u00e9s a folyad\u00e9kot<\/td>\n<\/tr>\n<tr>\n<td style=\"padding: 12px; border: 1px solid #ddd; font-weight: bold;\">Folyad\u00e9k Bel\u00fcl<\/td>\n<td style=\"padding: 12px; border: 1px solid #ddd; text-align: center;\">20 mL<\/td>\n<td style=\"padding: 12px; border: 1px solid #ddd; text-align: center; background-color: #e8f5e9;\">18 ml<\/td>\n<\/tr>\n<tr>\n<td style=\"padding: 12px; border: 1px solid #ddd; font-weight: bold;\">Elem energia \ud83d\udd0b<\/td>\n<td style=\"padding: 12px; border: 1px solid #ddd; text-align: center;\">800 mAh<\/td>\n<td style=\"padding: 12px; border: 1px solid #ddd; text-align: center; background-color: #e8f5e9;\">600 mAh (k\u00f6nny\u0171 Type-C t\u00f6lt\u00e9s)<\/td>\n<\/tr>\n<tr>\n<td style=\"padding: 12px; border: 1px solid #ddd; font-weight: bold;\">K\u00fcl\u00f6nleges Er\u0151k<\/td>\n<td style=\"padding: 12px; border: 1px solid #ddd; text-align: center;\">K\u00e9t f\u00faj\u00e1si m\u00f3d<\/td>\n<td style=\"padding: 12px; border: 1px solid #ddd; text-align: center; background-color: #e8f5e9;\">\u00c1raml\u00e1s \u00e9s teljes\u00edtm\u00e9ny is \u00e1ll\u00edthat\u00f3!<\/td>\n<\/tr>\n<\/tbody>\n<\/table>\n<p style=\"font-family: Arial, sans-serif; font-size: 16px; line-height: 1.6; color: #555; text-align: center; font-weight: bold;\">Amint l\u00e1thatja, a BIMO Turbo sokkal t\u00f6bb lehet\u0151s\u00e9get k\u00edn\u00e1l \u00d6nnek, hogy a vape \u00e9ppen megfelel\u0151 legyen \u00d6nnek!<\/p>\n<h3 style=\"font-family: Arial, sans-serif; color: #333; text-align: center; margin-top: 50px;\">Mi\u00e9rt a BIMO Turbo az \u00daj Legjobb V\u00e1laszt\u00e1sod! \ud83c\udfc6<\/h3>\n<div style=\"font-family: Arial, sans-serif; margin: 0 auto; max-width: 800px;\">\n<div style=\"background-color: #eef7ff; border-left: 5px solid #2196F3; padding: 15px; margin-bottom: 15px; box-shadow: 2px 2px 5px rgba(0,0,0,0.05);\">\n<h4 style=\"margin-top: 0; color: #1976d2;\">T\u00f6bb V\u00e1laszt\u00e1si Lehet\u0151s\u00e9g Sz\u00e1m\u00e1ra! \ud83c\udf70<\/h4>\n<p style=\"margin-bottom: 0;\">A BIMO Turbo-val \u00d6n a f\u0151n\u00f6k! Ha nem szeretne nikotint, v\u00e1laszthatja a 0%-et. Ha egy kicsit szeretne, v\u00e1laszthatja a 2%-et. Ha t\u00f6bbet szeretne, v\u00e1laszthatja az 5%-et. Az AIRMEZ MARS-nak csak egy v\u00e1laszt\u00e1sa volt. A BIMO Turbo mindarr\u00f3l sz\u00f3l, amit \u00d6n szeret!<\/p>\n<\/div>\n<div style=\"background-color: #fff8e1; border-left: 5px solid #FFC107; padding: 15px; margin-bottom: 15px; box-shadow: 2px 2px 5px rgba(0,0,0,0.05);\">\n<h4 style=\"margin-top: 0; color: #ffa000;\">Ir\u00e1ny\u00edtsd a Felh\u0151idet!<\/h4>\n<p style=\"margin-bottom: 0;\">Tetszik egy kicsi, csendes f\u00fcst? Vagy egy nagy, felh\u0151s? A BIMO Turbo seg\u00edts\u00e9g\u00e9vel megv\u00e1ltoztathatja a l\u00e9g\u00e1raml\u00e1st \u00e9s a teljes\u00edtm\u00e9nyt, hogy minden alkalommal t\u00f6k\u00e9letes felh\u0151t kapjon. Olyan, mintha t\u00f6bb e-cigarett\u00e1t haszn\u00e1lna egyben!<\/p>\n<\/div>\n<div style=\"background-color: #e8f5e9; border-left: 5px solid #4CAF50; padding: 15px; margin-bottom: 15px; box-shadow: 2px 2px 5px rgba(0,0,0,0.05);\">\n<h4 style=\"margin-top: 0; color: #388e3c;\">Mindig tudd, mi maradt!<\/h4>\n<p style=\"margin-bottom: 0;\">A BIMO Turbo intelligens k\u00e9perny\u0151je szuper hasznos. Pontosan megmutatja, mennyi akkumul\u00e1tor \u00e9s energia van m\u00e9g h\u00e1tra. Nem kell t\u00f6bbet tal\u00e1lgatni, mikor fog elfogyni. Mindig felk\u00e9sz\u00fclt leszel!<\/p>\n<\/div>\n<\/div>\n<h3 style=\"font-family: Arial, sans-serif; color: #333; text-align: center; margin-top: 50px;\">M\u00e9g Van K\u00e9rd\u00e9se? Van V\u00e1laszunk!<\/h3>\n<div style=\"font-family: Arial, sans-serif; max-width: 800px; margin: 0 auto;\">\n<div style=\"background: #f9f9f9; border-radius: 8px; padding: 20px; margin-bottom: 15px; box-shadow: 0 2px 4px rgba(0,0,0,0.08);\">\n<h4 style=\"margin: 0 0 10px 0; color: #333;\">\u2753 Mi\u00e9rt nem tudom m\u00e1r megv\u00e1s\u00e1rolni az AIRMEZ MARS-ot?<\/h4>\n<p style=\"margin: 0; color: #666;\">Azok az emberek, akik az AIRMEZ MARS-t gy\u00e1rtj\u00e1k, abbahagyt\u00e1k a gy\u00e1rt\u00e1s\u00e1t. Mi is szomor\u00faak voltunk, de ez adott nek\u00fcnk egy lehet\u0151s\u00e9get, hogy valami m\u00e9g jobb dolgot tal\u00e1ljunk sz\u00e1modra, \u00e9s az a BIMO Turbo!<\/p>\n<\/div>\n<div style=\"background: #f9f9f9; border-radius: 8px; padding: 20px; margin-bottom: 15px; box-shadow: 0 2px 4px rgba(0,0,0,0.08);\">\n<h4 style=\"margin: 0 0 10px 0; color: #333;\">\u2753 A BIMO Turbo ugyanolyan j\u00f3, mint az AIRMEZ MARS?<\/h4>\n<p style=\"margin: 0; color: #666;\">\u00dagy gondoljuk, hogy sokkal jobb! \ud83d\ude04 Ugyanannyi sz\u00edv\u00e1st ad, de lehet\u0151v\u00e9 teszi a nikotin \u00e9s a vapoz\u00e1s m\u00f3dj\u00e1nak kiv\u00e1laszt\u00e1s\u00e1t. Ez\u00e1ltal te ir\u00e1ny\u00edtasz, ami sokkal sz\u00f3rakoztat\u00f3bb!<\/p>\n<\/div>\n<div style=\"background: #f9f9f9; border-radius: 8px; padding: 20px; margin-bottom: 15px; box-shadow: 0 2px 4px rgba(0,0,0,0.08);\">\n<h4 style=\"margin: 0 0 10px 0; color: #333;\">\u2753 Finomak az \u00edzek?<\/h4>\n<p style=\"margin: 0; color: #666;\">Igen, szuper finom! A BIMO Turbo sok \u00edzletes \u00edzzel rendelkezik, mint a Cool Mint, Strawberry Ice \u00e9s Mango Peach. Mindenki sz\u00e1m\u00e1ra van egy \u00edz, amit \u00e9lvezhet.<\/p>\n<\/div>\n<\/div>\n<\/article>","protected":false},"excerpt":{"rendered":"<div class=\"custom-product\" style=\"border: 1px solid #eee; text-align: center; max-width: 100%; margin: 0 auto; font-family: Arial, sans-serif; box-sizing: border-box;\">\n        <!-- Product image - full width -->\n        <a href=\"https:\/\/vapexyz.com\/hu\/product\/bimo-turbo-20000-puffs-full-screen-0-2-5-low-nicotine-original-factory-bulk-buy-rechargeable-disposable-vapes-pen-wholesale\/\" style=\"display: block; margin-bottom: 15px;\">\n            <img decoding=\"async\" src=\"https:\/\/vapexyz.com\/wp-content\/uploads\/2024\/11\/BIMO-TURBO-20000-Puffs-Full-Screen-Low-Nicotine-Original-Factory-3.webp\" alt=\"BIMO TURBO 20000 Puffs Teljes K\u00e9perny\u0151s Nagy T\u00e9telben V\u00e1s\u00e1rolhat\u00f3 \u00dajrat\u00f6lthet\u0151 Eldobhat\u00f3 Vape Nagykereskedelem\" style=\"width: 100%; height: auto; display: block;\">        <\/a>\n        \n        <!-- Product name -->\n        <h3 style=\"margin: 10px 0; font-size: 1.2em; line-height: 1.4; color: #333;\">\n            BIMO TURBO 20000 Puffs Teljes K\u00e9perny\u0151s Nagy T\u00e9telben V\u00e1s\u00e1rolhat\u00f3 \u00dajrat\u00f6lthet\u0151 Eldobhat\u00f3 Vape Nagykereskedelem        <\/h3>\n        \n        <!-- Product price -->\n        <div class=\"price\" style=\"color: #ff0000; font-weight: bold; font-size: 1.4em; margin: 10px 0;\">\n            \t\t<span class=\"tiered-pricing-dynamic-price-wrapper tiered-pricing-dynamic-price-wrapper--variable\"\n\t\t\t  data-display-context=\"shop-loop\"\n\t\t\t  data-price-type=\"dynamic\"\n\t\t\t  data-product-id=\"37826\"\n\t\t\t  data-parent-id=\"37826\">\n\t\t\t<span class=\"woocommerce-Price-amount amount\"><bdi><span class=\"woocommerce-Price-currencySymbol\">\u20ac<\/span>6.54<\/bdi><\/span><\/span>        <\/div>\n        \n        <!-- Product rating -->\n        <div class=\"rating\" style=\"margin: 15px 0; min-height: 25px;\">\n            <div class=\"star-rating\">M\u00e9g nincs \u00e9rt\u00e9kel\u00e9s<\/div>        <\/div>\n        \n        <!-- Buy Now button -->\n        <div class=\"buy-now-button\" style=\"margin-top: 20px;\">\n            <a href=\"https:\/\/vapexyz.com\/hu\/product\/bimo-turbo-20000-puffs-full-screen-0-2-5-low-nicotine-original-factory-bulk-buy-rechargeable-disposable-vapes-pen-wholesale\/\" \n               class=\"buy-now-btn\" \n               style=\"display: inline-block; background-color: #4CAF50; color: white !important; padding: 12px 24px; text-align: center; text-decoration: none; font-weight: bold; border-radius: 4px; transition: all 0.3s; border: none; cursor: pointer; font-size: 1em;\">\n                V\u00e1s\u00e1roljon most            <\/a>\n        <\/div>\n    <\/div>","protected":false},"featured_media":55436,"comment_status":"open","ping_status":"closed","template":"","meta":{"_lmt_disableupdate":"no","_lmt_disable":""},"product_brand":[],"product_cat":[1086,1002,947,935,934,927,929,928,930,933,939,932,938,931,936,937,1017,949,946,950,951,953,987],"product_tag":[],"class_list":{"0":"post-55435","1":"product","2":"type-product","3":"status-publish","4":"has-post-thumbnail","6":"product_cat-airmez-disposable-vapes","7":"product_cat-20000-puff-vapes","8":"product_cat-big-puffs-vapes","9":"product_cat-bulk-buy-disposable-vapes-in-austria","10":"product_cat-bulk-buy-disposable-vapes-in-belgium","11":"product_cat-bulk-buy-disposable-vapes-in-europe","12":"product_cat-bulk-buy-disposable-vapes-in-france","13":"product_cat-bulk-buy-disposable-vapes-in-germany","14":"product_cat-bulk-buy-disposable-vapes-in-italy","15":"product_cat-bulk-buy-disposable-vapes-in-netherlands","16":"product_cat-bulk-buy-disposable-vapes-in-norway","17":"product_cat-bulk-buy-disposable-vapes-in-poland","18":"product_cat-bulk-buy-disposable-vapes-in-portugal","19":"product_cat-bulk-buy-disposable-vapes-in-spain","20":"product_cat-bulk-buy-disposable-vapes-in-sweden","21":"product_cat-bulk-buy-disposable-vapes-in-switzerland","22":"product_cat-buy-best-disposable-vape-flavors","23":"product_cat-digital-box-vapes","24":"product_cat-disposable-vapes-series","25":"product_cat-dual-mesh-vapes","26":"product_cat-lower-nicotine-vapes","27":"product_cat-rechargeable-vapes","28":"product_cat-vape-shop-by-puffs","30":"first","31":"outofstock","32":"shipping-taxable","33":"purchasable","34":"product-type-variable","35":"has-default-attributes"},"jetpack_sharing_enabled":true,"tiered_pricing_type":"fixed","tiered_pricing_fixed_rules":[],"tiered_pricing_product_settings":{"layout":"default","base_unit_name":{"singular":null,"plural":null},"default_variation":null},"tiered_pricing_minimum_quantity":null,"tiered_pricing_roles_data":[],"tiered_pricing_percentage_rules":[],"tiered_pricing_maximum_quantity":null,"tiered_pricing_quantity_step":null,"_links":{"self":[{"href":"https:\/\/vapexyz.com\/hu\/wp-json\/wp\/v2\/product\/55435","targetHints":{"allow":["GET"]}}],"collection":[{"href":"https:\/\/vapexyz.com\/hu\/wp-json\/wp\/v2\/product"}],"about":[{"href":"https:\/\/vapexyz.com\/hu\/wp-json\/wp\/v2\/types\/product"}],"replies":[{"embeddable":true,"href":"https:\/\/vapexyz.com\/hu\/wp-json\/wp\/v2\/comments?post=55435"}],"wp:featuredmedia":[{"embeddable":true,"href":"https:\/\/vapexyz.com\/hu\/wp-json\/wp\/v2\/media\/55436"}],"wp:attachment":[{"href":"https:\/\/vapexyz.com\/hu\/wp-json\/wp\/v2\/media?parent=55435"}],"wp:term":[{"taxonomy":"product_brand","embeddable":true,"href":"https:\/\/vapexyz.com\/hu\/wp-json\/wp\/v2\/product_brand?post=55435"},{"taxonomy":"product_cat","embeddable":true,"href":"https:\/\/vapexyz.com\/hu\/wp-json\/wp\/v2\/product_cat?post=55435"},{"taxonomy":"product_tag","embeddable":true,"href":"https:\/\/vapexyz.com\/hu\/wp-json\/wp\/v2\/product_tag?post=55435"}],"curies":[{"name":"wp","href":"https:\/\/api.w.org\/{rel}","templated":true}]}}