{"id":55299,"date":"2025-09-01T09:31:26","date_gmt":"2025-09-01T09:31:26","guid":{"rendered":"https:\/\/vapexyz.com\/?post_type=product&#038;p=55299"},"modified":"2026-03-02T12:28:40","modified_gmt":"2026-03-02T12:28:40","slug":"jnr-duh-gorilla-55000-szivas-kettos-halo-alacsony-nikotin-nagykereskedelmi-ujratoltheto-eldobhato-vape-nagy-mennyisegben-vasarolni","status":"publish","type":"product","link":"https:\/\/vapexyz.com\/hu\/product\/jnr-rage-gorilla-55000-puffs-dual-mesh-low-nicotine-bulk-buy-rechargeable-disposable-vapes-wholesale\/","title":{"rendered":"JNR RAGE GORILLA 55000 Puffs Du\u00e1l Mesh Nagykereskedelmi \u00dajrat\u00f6lthet\u0151 Eldobhat\u00f3 Vape Kiszerel\u00e9s"},"content":{"rendered":"<article style=\"font-family: -apple-system, BlinkMacSystemFont, 'Segoe UI', Roboto, Helvetica, Arial, sans-serif;line-height: 1.8;color: #333;max-width: 100%;margin: 0 auto;padding: 20px\">\n<h2 style=\"color: #2c3e50;border-bottom: 2px solid #3498db;padding-bottom: 8px;margin-top: 40px\">M\u00e9rn\u00f6ki Kiv\u00e1l\u00f3s\u00e1g: A JNR RAGE GORILLA 55000 Puff<\/h2>\n<p>A JNR RAGE GORILLA 55000 Puffs jelent\u0151s el\u0151rel\u00e9p\u00e9st jelent a nagy kapacit\u00e1s\u00fa eldobhat\u00f3 vape k\u00e9sz\u00fcl\u00e9kek tervez\u00e9s\u00e9ben. Hosszabb \u00fczemid\u0151re, pontos aeroszoliz\u00e1ci\u00f3ra \u00e9s szigor\u00fa nagykereskedelmi forgalmaz\u00e1si szabv\u00e1nyokra tervezve, ez az eszk\u00f6z fejlett elektronikus sz\u00e1ll\u00edt\u00f3mechanizmusokat alkalmaz a felhaszn\u00e1l\u00f3k sz\u00e1m\u00e1ra ny\u00fajtott \u00e1lland\u00f3 \u00e9lm\u00e9ny biztos\u00edt\u00e1sa \u00e9rdek\u00e9ben. Kaphat\u00f3 a VapeXYZ-en kereszt\u00fcl, egy vezet\u0151 eur\u00f3pai, ellen\u0151rz\u00f6tt eldobhat\u00f3 vape k\u00e9sz\u00fcl\u00e9kek forgalmaz\u00f3j\u00e1n\u00e1l, ez a modell fejlett termikus dinamik\u00e1t integr\u00e1l jelent\u0151s szubsztr\u00e1t kapacit\u00e1ssal, hogy megfeleljen a modern fogyaszt\u00f3k \u00e9s a nagykereskedelmi v\u00e1s\u00e1rl\u00f3k ig\u00e9nyeinek.<\/p>\n<div style=\"text-align: center;margin: 30px 0\"><img loading=\"lazy\" decoding=\"async\" class=\"alignnone wp-image-55364 size-full\" style=\"max-width: 100%;height: auto;border-radius: 8px\" src=\"https:\/\/vapexyz.com\/wp-content\/uploads\/2025\/08\/JNR-RAGE-GORILLA-55000-Puffs-Dual-Mesh-Low-Nicotine-Rechargeable-Disposable-Vapes-Wholesale-2.webp\" alt=\"JNR RAGE GORILLA 55000 Puffs Du\u00e1l Mesh \u00dajrat\u00f6lthet\u0151 Eldobhat\u00f3 Vape Nagykereskedelem\" width=\"1920\" height=\"1080\" title=\"\" srcset=\"https:\/\/vapexyz.com\/wp-content\/uploads\/2025\/08\/JNR-RAGE-GORILLA-55000-Puffs-Dual-Mesh-Low-Nicotine-Rechargeable-Disposable-Vapes-Wholesale-2.webp 1920w, https:\/\/vapexyz.com\/wp-content\/uploads\/2025\/08\/JNR-RAGE-GORILLA-55000-Puffs-Dual-Mesh-Low-Nicotine-Rechargeable-Disposable-Vapes-Wholesale-2-500x281.webp 500w, https:\/\/vapexyz.com\/wp-content\/uploads\/2025\/08\/JNR-RAGE-GORILLA-55000-Puffs-Dual-Mesh-Low-Nicotine-Rechargeable-Disposable-Vapes-Wholesale-2-1024x576.webp 1024w, https:\/\/vapexyz.com\/wp-content\/uploads\/2025\/08\/JNR-RAGE-GORILLA-55000-Puffs-Dual-Mesh-Low-Nicotine-Rechargeable-Disposable-Vapes-Wholesale-2-768x432.webp 768w, https:\/\/vapexyz.com\/wp-content\/uploads\/2025\/08\/JNR-RAGE-GORILLA-55000-Puffs-Dual-Mesh-Low-Nicotine-Rechargeable-Disposable-Vapes-Wholesale-2-1536x864.webp 1536w, https:\/\/vapexyz.com\/wp-content\/uploads\/2025\/08\/JNR-RAGE-GORILLA-55000-Puffs-Dual-Mesh-Low-Nicotine-Rechargeable-Disposable-Vapes-Wholesale-2-18x10.webp 18w, https:\/\/vapexyz.com\/wp-content\/uploads\/2025\/08\/JNR-RAGE-GORILLA-55000-Puffs-Dual-Mesh-Low-Nicotine-Rechargeable-Disposable-Vapes-Wholesale-2-510x287.webp 510w\" sizes=\"auto, (max-width: 1920px) 100vw, 1920px\" \/><\/div>\n<h2 style=\"color: #2c3e50;border-bottom: 2px solid #3498db;padding-bottom: 8px;margin-top: 40px\">M\u0171szaki specifik\u00e1ci\u00f3k \u00e9s empirikus architekt\u00fara<\/h2>\n<p>A standard piaci aj\u00e1nlatokkal ellent\u00e9tben, amelyek \u00e1ltal\u00e1nos \u00e1ll\u00edt\u00e1sokra t\u00e1maszkodnak, a JNR RAGE GORILLA architekt\u00far\u00e1j\u00e1t szigor\u00fa bels\u0151 benchmarkinggal valid\u00e1lj\u00e1k. Az al\u00e1bbi specifik\u00e1ci\u00f3k r\u00e9szletezik azokat a f\u0151 \u00f6sszetev\u0151ket, amelyek el\u0151seg\u00edtik a fels\u0151bbrend\u0171 teljes\u00edtm\u00e9nyt a eldobhat\u00f3 vape-ok versenyk\u00e9pes piac\u00e1n.<\/p>\n<ul style=\"list-style-type: none;padding-left: 0\">\n<li style=\"margin-bottom: 15px;padding-left: 30px;position: relative\"><span style=\"position: absolute;left: 0;top: 0\">\ud83d\udd0b<\/span> 55 000 h\u00faz\u00e1si kapacit\u00e1s: Automatikus pneumatikus szimul\u00e1ci\u00f3s g\u00e9pekkel empirikusan tesztelve, ez a magas hozam optimaliz\u00e1lt akkumul\u00e1tor-kezel\u00e9s \u00e9s hat\u00e9kony szubsztr\u00e1t felhaszn\u00e1l\u00e1s r\u00e9v\u00e9n \u00e9rhet\u0151 el, cs\u00f6kkentve az eszk\u00f6z\u00f6k cser\u00e9j\u00e9nek gyakoris\u00e1g\u00e1t.<\/li>\n<li style=\"margin-bottom: 15px;padding-left: 30px;position: relative\"><span style=\"position: absolute;left: 0;top: 0\">\ud83d\udca7<\/span> 42 ml pr\u00e9mium kapacit\u00e1s: Az \u00e9lelmiszer-min\u0151s\u00e9g\u0171 PCTG tart\u00e1lyban elhelyezett 42 ml szubsztr\u00e1t t\u00e9rfogat gondosan kalibr\u00e1lva van, hogy megfeleljen az \u00fajrat\u00f6lthet\u0151 akkumul\u00e1tor \u00e9lettartam\u00e1nak, biztos\u00edtva a konzisztens aeroszol termel\u00e9st az els\u0151 aktiv\u00e1l\u00e1st\u00f3l az utols\u00f3 sz\u00edv\u00e1sig.<\/li>\n<li style=\"margin-bottom: 15px;padding-left: 30px;position: relative\"><span style=\"position: absolute;left: 0;top: 0\">\ud83d\udcdf<\/span> Integr\u00e1lt intelligens telemetria: Egy be\u00e9p\u00edtett OLED k\u00e9perny\u0151 val\u00f3s id\u0151ben szolg\u00e1ltat diagnosztikai visszajelz\u00e9st, bels\u0151 mikrokontrollerek seg\u00edts\u00e9g\u00e9vel kisz\u00e1m\u00edtva \u00e9s megjelen\u00edtve a pontos rajtsz\u00e1mokat \u00e9s a fennmarad\u00f3 elektromos t\u00f6lt\u00e9st, megsz\u00fcntetve a felhaszn\u00e1l\u00f3i tal\u00e1lgat\u00e1st.<\/li>\n<li style=\"margin-bottom: 15px;padding-left: 30px;position: relative\"><span style=\"position: absolute;left: 0;top: 0\">\u26a1<\/span> Du\u00e1lis h\u00e1l\u00f3 termodinamika: P\u00e1rhuzamos \u00e1ramk\u00f6ri h\u00e1l\u00f3zati r\u00e1cs alkalmaz\u00e1s\u00e1val ez a technol\u00f3gia megn\u00f6veli a f\u0171t\u00e9si fel\u00fcletet. Ez cs\u00f6kkenti a lokaliz\u00e1lt t\u00falmeleged\u00e9s kock\u00e1zat\u00e1t \u00e9s megakad\u00e1lyozza a karboniz\u00e1ci\u00f3t, biztos\u00edtva egy tiszta \u00e9s hamis\u00edtatlan \u00e9rz\u00e9kszervi kimenetet.<\/li>\n<li style=\"margin-bottom: 15px;padding-left: 30px;position: relative\"><span style=\"position: absolute;left: 0;top: 0\">\ud83d\udd0c<\/span> 950mAh L\u00edtium-Ion Cella: Egy nagy s\u0171r\u0171s\u00e9g\u0171 950mAh-os akkumul\u00e1torral \u00e9s egy Type-C porttal felszerelve, a t\u00e1pegys\u00e9g m\u00e1trix t\u00e1mogatja az 5V\/1A folyamatos t\u00f6lt\u00e9si protokollokat, t\u00fal\u00e1ram \u00e9s t\u00falmer\u00fcl\u00e9s elleni v\u00e9delmi \u00e1ramk\u00f6r\u00f6kkel meger\u0151s\u00edtve.<\/li>\n<li style=\"margin-bottom: 15px;padding-left: 30px;position: relative\"><span style=\"position: absolute;left: 0;top: 0\">\ud83e\uddea<\/span> Koncentr\u00e1ci\u00f3s v\u00e1ltozatok: K\u00fcl\u00f6nb\u00f6z\u0151 region\u00e1lis szab\u00e1lyoz\u00e1sokhoz \u00e9s fogyaszt\u00f3i preferenci\u00e1khoz igazodva gy\u00e1rtva, prec\u00edzi\u00f3s formul\u00e1val k\u00e9sz\u00fclt 0%, 2% \u00e9s 5% akt\u00edv vegy\u00fclet opci\u00f3kban kaphat\u00f3.<\/li>\n<\/ul>\n<div style=\"background: linear-gradient(135deg, #f6f8fa 0%, #e9ecef 100%);border-left: 6px solid #2980b9;padding: 25px;margin: 40px 0;border-radius: 0 8px 8px 0\">\n<h3 style=\"margin-top: 0;color: #2c3e50;font-size: 1.25em\">\ud83d\udd2c Tud\u00e1s Pont: A Du\u00e1lis H\u00e1l\u00f3zatok Tudom\u00e1nya<\/h3>\n<p style=\"margin-bottom: 0\">Az eldobhat\u00f3 vapek vil\u00e1g\u00e1ban a h\u0151hat\u00e9konys\u00e1g kiemelked\u0151en fontos. A szabv\u00e1nyos egyvezet\u00e9kes tekercs gyakran szenved a nem egyenletes h\u0151eloszl\u00e1st\u00f3l, ami a k\u00f6zponti forr\u00f3pontok kialakul\u00e1s\u00e1hoz vezethet, amelyek roncsolhatj\u00e1k a szubsztr\u00e1tumot. A JNR RAGE GORILLA kett\u0151s h\u00e1l\u00f3konfigur\u00e1ci\u00f3ja p\u00e1rhuzamos elektromos \u00e1ramk\u00f6r\u00f6n m\u0171k\u00f6dik. A k\u00e9t sz\u00f6v\u00f6tt f\u00e9mh\u00e1l\u00f3 (\u00e1ltal\u00e1ban Kanthalb\u00f3l vagy Nichrome-b\u00f3l k\u00e9sz\u00fcl) k\u00f6z\u00f6tti \u00e1rameloszt\u00e1ssal az ellen\u00e1ll\u00e1s fel\u00e9re cs\u00f6kken, m\u00edg a hat\u00e9kony f\u0171t\u00e9si fel\u00fclet exponenci\u00e1lisan megn\u0151. Ez gyors, egyenletes termikus felmeleged\u00e9st eredm\u00e9nyez. A f\u00fcggetlen laborat\u00f3riumi benchmarking szerint a kett\u0151s h\u00e1l\u00f3rendszerek fenntartj\u00e1k a 180\u00b0C \u00e9s 220\u00b0C k\u00f6z\u00f6tti \u00e1lland\u00f3 p\u00e1rologtat\u00e1si h\u0151m\u00e9rs\u00e9kletet, drasztikusan cs\u00f6kkentve a nem k\u00edv\u00e1nt termikus degrad\u00e1ci\u00f3s mell\u00e9kterm\u00e9kek keletkez\u00e9s\u00e9t, mik\u00f6zben fenntartj\u00e1k a szerkezeti integrit\u00e1st az 55 000 aktiv\u00e1l\u00e1s \u00e9lettartama alatt.<\/p>\n<\/div>\n<h2 style=\"color: #2c3e50;border-bottom: 2px solid #3498db;padding-bottom: 8px;margin-top: 40px\">Szabv\u00e1nyos\u00edtott Term\u00e9kspecifik\u00e1ci\u00f3k<\/h2>\n<p>Az \u00e1tl\u00e1that\u00f3s\u00e1g kritikus pill\u00e9re nagykereskedelmi forgalmaz\u00e1si modell\u00fcnknek. Az al\u00e1bbi adatok ismertetik a k\u00e9sz\u00fcl\u00e9k szabv\u00e1nyos\u00edtott m\u0171szaki param\u00e9tereit, biztos\u00edtva, hogy B2B partnereink pontos, d\u00edsz\u00edt\u00e9s n\u00e9lk\u00fcli specifik\u00e1ci\u00f3kkal rendelkezzenek a k\u00e9szlet \u00e9s a megfelel\u0151s\u00e9g nyomon k\u00f6vet\u00e9s\u00e9hez.<\/p>\n<div style=\"margin: 30px 0\">\n<table style=\"width: 100%;border-collapse: collapse;background-color: #fff;border-radius: 8px;overflow: hidden;font-size: 0.95em\">\n<thead style=\"background-color: #2c3e50;color: #ffffff;text-align: left\">\n<tr>\n<th style=\"padding: 15px 20px;font-weight: 600\">M\u0171szaki param\u00e9ter<\/th>\n<th style=\"padding: 15px 20px;font-weight: 600\">Hiteles\u00edtett r\u00e9szletek<\/th>\n<\/tr>\n<\/thead>\n<tbody>\n<tr style=\"border-bottom: 1px solid #e2e8f0\">\n<td style=\"padding: 15px 20px;font-weight: 500;color: #4a5568\">Maxim\u00e1lis h\u00faz\u00f3hozam<\/td>\n<td style=\"padding: 15px 20px;color: #718096\">~55 000 aktiv\u00e1l\u00e1s (Felhaszn\u00e1l\u00f3 \u00e1ltal m\u00f3dos\u00edthat\u00f3 a bel\u00e9gz\u00e9si id\u0151tartam f\u00fcggv\u00e9ny\u00e9ben)<\/td>\n<\/tr>\n<tr style=\"border-bottom: 1px solid #e2e8f0;background-color: #f8fafc\">\n<td style=\"padding: 15px 20px;font-weight: 500;color: #4a5568\">T\u00e1roz\u00f3kapacit\u00e1s<\/td>\n<td style=\"padding: 15px 20px;color: #718096\">42 ml (Lez\u00e1rt, nem ut\u00e1nt\u00f6lthet\u0151 k\u00f6rnyezet)<\/td>\n<\/tr>\n<tr style=\"border-bottom: 1px solid #e2e8f0\">\n<td style=\"padding: 15px 20px;font-weight: 500;color: #4a5568\">Termikus Mag Technol\u00f3gia<\/td>\n<td style=\"padding: 15px 20px;color: #718096\">Kett\u0151s H\u00e1l\u00f3zati Architekt\u00fara (Optimaliz\u00e1lt Ohm Ellen\u00e1ll\u00e1s)<\/td>\n<\/tr>\n<tr style=\"border-bottom: 1px solid #e2e8f0;background-color: #f8fafc\">\n<td style=\"padding: 15px 20px;font-weight: 500;color: #4a5568\">\u00c1ramforr\u00e1s<\/td>\n<td style=\"padding: 15px 20px;color: #718096\">950mAh L\u00edtium-Ion, Type-C Nagy Sebess\u00e9g\u0171 Port<\/td>\n<\/tr>\n<tr style=\"border-bottom: 1px solid #e2e8f0\">\n<td style=\"padding: 15px 20px;font-weight: 500;color: #4a5568\">Koncentr\u00e1ci\u00f3s formul\u00e1ci\u00f3k<\/td>\n<td style=\"padding: 15px 20px;color: #718096\">0%, 2%, 5% (ISO tisztaszoba szabv\u00e1nyok szerint gy\u00e1rtva)<\/td>\n<\/tr>\n<tr style=\"background-color: #f8fafc\">\n<td style=\"padding: 15px 20px;font-weight: 500;color: #4a5568\">Nagykereskedelmi csomagol\u00e1si szintek<\/td>\n<td style=\"padding: 15px 20px;color: #718096\">Egys\u00e9g (1 db) \/ Bemutat\u00f3 doboz (10 db) \/ Mester karton (100 db)<\/td>\n<\/tr>\n<\/tbody>\n<\/table>\n<\/div>\n<h2 style=\"color: #2c3e50;border-bottom: 2px solid #3498db;padding-bottom: 8px;margin-top: 40px\">Empirikus tesztel\u00e9s \u00e9s min\u0151s\u00e9gbiztos\u00edt\u00e1s<\/h2>\n<p>A VapeXYZ-n\u00e9l elhat\u00e1rol\u00f3dunk az igazolatlan \u00e1ll\u00edt\u00e1sokt\u00f3l. Az eldobhat\u00f3 vape term\u00e9kek integrit\u00e1sa nagym\u00e9rt\u00e9kben f\u00fcgg a k\u00f6vetkezetes min\u0151s\u00e9gbiztos\u00edt\u00e1si protokollokt\u00f3l. A JNR RAGE GORILLA szigor\u00fa empirikus vizsg\u00e1latokon megy kereszt\u00fcl a kisz\u00e1ll\u00edt\u00e1s el\u0151tt. A sz\u00edv\u00f3k\u00e9pess\u00e9get programozhat\u00f3 vizsg\u00e1lati berendez\u00e9sekkel m\u00e9rj\u00fck, amelyek szimul\u00e1lnak egy standard 1,5 m\u00e1sodperces bel\u00e9gz\u00e9st 3 m\u00e1sodperces id\u0151k\u00f6z\u00f6nk\u00e9nt, am\u00edg az akkumul\u00e1tor lemer\u00fcl vagy a szubsztr\u00e1t kimer\u00fcl. Ezenk\u00edv\u00fcl az 950mAh-s akkumul\u00e1tor egys\u00e9gek stressz tesztel\u00e9sen mennek kereszt\u00fcl annak biztos\u00edt\u00e1sa \u00e9rdek\u00e9ben, hogy megfeleljenek a l\u00edtium-ion \u00e1ruk nemzetk\u00f6zi sz\u00e1ll\u00edt\u00e1si biztons\u00e1gi szabv\u00e1nyainak (UN38.3), megakad\u00e1lyozva a termikus elfut\u00e1st a nagy mennyis\u00e9g\u0171 \u00e1ru sz\u00e1ll\u00edt\u00e1sa sor\u00e1n.<\/p>\n<h2 style=\"color: #2c3e50;border-bottom: 2px solid #3498db;padding-bottom: 8px;margin-top: 40px\">Arom\u00e1s \u00c9rz\u00e9kszervi Gy\u0171jtem\u00e9ny (20 K\u00fcl\u00f6nlegesen Kiv\u00e1lasztott Lehet\u0151s\u00e9g)<\/h2>\n<p>A eldobhat\u00f3 vape-k piac\u00e1n a fogyaszt\u00f3i el\u00e9gedetts\u00e9g nagym\u00e9rt\u00e9kben f\u00fcgg a prec\u00edzi\u00f3s kialak\u00edt\u00e1s\u00fa \u00e9rz\u00e9kszervi tapasztalatokt\u00f3l. Az al\u00e1bbi h\u00fasz lehet\u0151s\u00e9get nagy tisztas\u00e1g\u00fa arom\u00e1s vegy\u00fcletek felhaszn\u00e1l\u00e1s\u00e1val alak\u00edtott\u00e1k ki, amelyek gondosan kiegyens\u00falyozottak ahhoz, hogy optim\u00e1lisan m\u0171k\u00f6djenek a kett\u0151s h\u00e1l\u00f3 h\u0151lead\u00e1s\u00e1val:<\/p>\n<ul style=\"grid-template-columns: repeat(auto-fit, minmax(250px, 1fr));gap: 15px;list-style-type: none;padding: 0;margin-top: 20px\">\n<li style=\"background: #f8fafc;padding: 12px 15px;border-radius: 6px;border: 1px solid #e2e8f0;font-weight: 500\">\ud83c\udf53 Eper J\u00e9g Profil<\/li>\n<li style=\"background: #f8fafc;padding: 12px 15px;border-radius: 6px;border: 1px solid #e2e8f0;font-weight: 500\">\ud83c\udf52 Cherry Cola Profil<\/li>\n<li style=\"background: #f8fafc;padding: 12px 15px;border-radius: 6px;border: 1px solid #e2e8f0;font-weight: 500\">\ud83c\udf49 G\u00f6r\u00f6gdinnye J\u00e9g Profil<\/li>\n<li style=\"background: #f8fafc;padding: 12px 15px;border-radius: 6px;border: 1px solid #e2e8f0;font-weight: 500\">K\u00e9k Razz Cherry profil<\/li>\n<li style=\"background: #f8fafc;padding: 12px 15px;border-radius: 6px;border: 1px solid #e2e8f0;font-weight: 500\">Eper Kivi Profil<\/li>\n<li style=\"background: #f8fafc;padding: 12px 15px;border-radius: 6px;border: 1px solid #e2e8f0;font-weight: 500\">\ud83c\udf51 Prisztin \u0150szibar\u00e1t Profil<\/li>\n<li style=\"background: #f8fafc;padding: 12px 15px;border-radius: 6px;border: 1px solid #e2e8f0;font-weight: 500\">\ud83e\uddca \u00c1fonya J\u00e9g Profil<\/li>\n<li style=\"background: #f8fafc;padding: 12px 15px;border-radius: 6px;border: 1px solid #e2e8f0;font-weight: 500\">\ud83c\udf47 Vegyes Bogy\u00f3s Profil<\/li>\n<li style=\"background: #f8fafc;padding: 12px 15px;border-radius: 6px;border: 1px solid #e2e8f0;font-weight: 500\">\ud83c\udf4f Kett\u0151s Alma Profil<\/li>\n<li style=\"background: #f8fafc;padding: 12px 15px;border-radius: 6px;border: 1px solid #e2e8f0;font-weight: 500\">\ud83c\udf52 Cherry Berry Profilja<\/li>\n<li style=\"background: #f8fafc;padding: 12px 15px;border-radius: 6px;border: 1px solid #e2e8f0;font-weight: 500\">\ud83e\uded0 \u00c1fonya M\u00e1lna Cseresznye<\/li>\n<li style=\"background: #f8fafc;padding: 12px 15px;border-radius: 6px;border: 1px solid #e2e8f0;font-weight: 500\">\ud83c\udf49 Eper S\u00e1rgadinnye J\u00e9g<\/li>\n<li style=\"background: #f8fafc;padding: 12px 15px;border-radius: 6px;border: 1px solid #e2e8f0;font-weight: 500\">Kivi S\u00e1rgadinnye J\u00e9g<\/li>\n<li style=\"background: #f8fafc;padding: 12px 15px;border-radius: 6px;border: 1px solid #e2e8f0;font-weight: 500\">K\u00e9k\u00e1fonya Savany\u00fa M\u00e1lna<\/li>\n<li style=\"background: #f8fafc;padding: 12px 15px;border-radius: 6px;border: 1px solid #e2e8f0;font-weight: 500\">Feh\u00e9r \u0151szibar\u00e1t Razz<\/li>\n<li style=\"background: #f8fafc;padding: 12px 15px;border-radius: 6px;border: 1px solid #e2e8f0;font-weight: 500\">\ud83e\udd6d Mang\u00f3 Passi\u00f3gy\u00fcm\u00f6lcs<\/li>\n<li style=\"background: #f8fafc;padding: 12px 15px;border-radius: 6px;border: 1px solid #e2e8f0;font-weight: 500\">\ud83c\udf51 \u0150szibar\u00e1t Mang\u00f3 Dinnye<\/li>\n<li style=\"background: #f8fafc;padding: 12px 15px;border-radius: 6px;border: 1px solid #e2e8f0;font-weight: 500\">S\u00e1rgadinnye \u00e9dess\u00e9g<\/li>\n<li style=\"background: #f8fafc;padding: 12px 15px;border-radius: 6px;border: 1px solid #e2e8f0;font-weight: 500\">\ud83c\udf4c Eper Ban\u00e1n<\/li>\n<li style=\"background: #f8fafc;padding: 12px 15px;border-radius: 6px;border: 1px solid #e2e8f0;font-weight: 500\">Kivi P\u00e1 Passion Guan\u00e1bana<\/li>\n<\/ul>\n<h2 style=\"color: #2c3e50;border-bottom: 2px solid #3498db;padding-bottom: 8px;margin-top: 40px\">Hat\u00f3s\u00e1g \u00e9s Bizalom: Mi\u00e9rt Partner a VapeXYZ-szel?<\/h2>\n<p>A kiskereskedelmi c\u00e9lra sz\u00e1nt eldobhat\u00f3 vape term\u00e9kek beszerz\u00e9sehez olyan forgalmaz\u00f3ra van sz\u00fcks\u00e9g, amely priorit\u00e1sk\u00e9nt kezeli a megfelel\u0151s\u00e9get, a k\u00f6vetkezetess\u00e9get \u00e9s a sz\u00e1ll\u00edt\u00f3i l\u00e1ncban a hiteles\u00edthet\u0151 hat\u00f3s\u00e1got. A VapeXYZ-n\u00e9l t\u00f6bb mint 8 \u00e9ves szakmai tapasztalattal rendelkez\u00fcnk az ipar\u00e1gban. Biztos\u00edtjuk, hogy teljes katal\u00f3gusunk, bele\u00e9rtve a JNR RAGE GORILLA-t is, szigor\u00fa gy\u00e1rt\u00e1si protokolloknak megfelel, bele\u00e9rtve a RoHS (Vesz\u00e9lyes Anyagok Korl\u00e1toz\u00e1sa) \u00e9s a CE (Eur\u00f3pai Megfelel\u0151s\u00e9g) szabv\u00e1nyokat is. Ez garant\u00e1lja, hogy a bels\u0151 alkatr\u00e9szek mentesek a tiltott neh\u00e9zf\u00e9mekt\u0151l, \u00e9s hogy az elektronikus \u00e1ramk\u00f6r\u00f6k megfelelnek a szigor\u00fa eur\u00f3pai biztons\u00e1gi k\u00f6vetelm\u00e9nyeknek. A VapeXYZ v\u00e1laszt\u00e1sa biztos\u00edtott ell\u00e1t\u00e1si l\u00e1ncokat, hiteles\u00edtett eredeti term\u00e9keket \u00e9s \u00e1tl\u00e1that\u00f3 nagykereskedelmi \u00e1raz\u00e1si strukt\u00far\u00e1kat garant\u00e1l, minimaliz\u00e1lva a felel\u0151ss\u00e9g\u00e9t \u00e9s maximaliz\u00e1lva a m\u0171k\u00f6d\u00e9si hat\u00e9konys\u00e1got.<\/p>\n<div style=\"margin-top: 50px\">\n<h2 style=\"color: #2c3e50;border-bottom: 2px solid #3498db;padding-bottom: 8px\">F\u0151bb Pontok \u00e9s M\u0171szaki GYIK<\/h2>\n<details style=\"background: #ffffff;border: 1px solid #e2e8f0;margin-bottom: 12px;border-radius: 8px;overflow: hidden\">\n<summary style=\"padding: 18px 20px;font-weight: 600;cursor: pointer;color: #2d3748;background-color: #f8fafc\">Hogyan \u00e9rv\u00e9nyes\u00edtik empirikusan az 55 000-es h\u00faz\u00e1ssz\u00e1mot?<\/summary>\n<div style=\"padding: 20px;border-top: 1px solid #e2e8f0;color: #4a5568\">Az 55 000 kimeneti \u00e9rt\u00e9kel\u00e9s automatiz\u00e1lt mechanikai tesztk\u00f6rnyezetekb\u0151l sz\u00e1rmazik. A g\u00e9pek szimul\u00e1lj\u00e1k az emberi bel\u00e9gz\u00e9st (\u00e1ltal\u00e1ban 1,2-1,5 m\u00e1sodperces bel\u00e9gz\u00e9si id\u0151tartamra programozva) a standard l\u00e9gk\u00f6ri nyom\u00e1s alatt. A val\u00f3s eredm\u00e9nyek dinamikusan v\u00e1ltoznak; a hosszabb bel\u00e9gz\u00e9sek jelent\u0151sen cs\u00f6kkentik a teljes m\u0171k\u00f6d\u00e9si sz\u00e1mot, m\u00edg a r\u00f6videbb bel\u00e9gz\u00e9sek k\u00f6zelebb \u00e1llhatnak a maxim\u00e1lis laborat\u00f3riumi tesztk\u00fcsz\u00f6b\u00e9rt\u00e9khez.<\/div>\n<\/details>\n<details style=\"background: #ffffff;border: 1px solid #e2e8f0;margin-bottom: 12px;border-radius: 8px;overflow: hidden\">\n<summary style=\"padding: 18px 20px;font-weight: 600;cursor: pointer;color: #2d3748;background-color: #f8fafc\">Milyen specifikus akkumul\u00e1torv\u00e9delem van be\u00e9p\u00edtve a 950mAh-s cell\u00e1ba?<\/summary>\n<div style=\"padding: 20px;border-top: 1px solid #e2e8f0;color: #4a5568\">A felhaszn\u00e1l\u00f3k biztons\u00e1g\u00e1nak garant\u00e1l\u00e1sa \u00e9s a CE szabv\u00e1nyoknak val\u00f3 megfelel\u00e9s \u00e9rdek\u00e9ben a bels\u0151 l\u00edtium-ion \u00e1ramforr\u00e1s egys\u00e9g be\u00e9p\u00edtett mikrokontroller egys\u00e9ggel (MCU) rendelkezik. Ez a kifinomult chip akt\u00edvan figyeli a fesz\u00fclts\u00e9get. \u00c9letfontoss\u00e1g\u00fa v\u00e9delmeket ny\u00fajt, bele\u00e9rtve a t\u00falt\u00f6lt\u00e9sv\u00e9delmet (a \u00e1ram le\u00e1ll\u00edt\u00e1sa, amikor a cella el\u00e9ri a 4,2V-ot), a t\u00fal kis\u00fct\u00e9sv\u00e9delmet (a m\u0171k\u00f6d\u00e9s le\u00e1ll\u00edt\u00e1sa, ha a fesz\u00fclts\u00e9g egy biztons\u00e1gos m\u0171k\u00f6d\u00e9si k\u00fcsz\u00f6b al\u00e1 esik), \u00e9s a r\u00f6vidz\u00e1rlat megel\u0151z\u00e9s\u00e9t.<\/div>\n<\/details>\n<details style=\"background: #ffffff;border: 1px solid #e2e8f0;margin-bottom: 12px;border-radius: 8px;overflow: hidden\">\n<summary style=\"padding: 18px 20px;font-weight: 600;cursor: pointer;color: #2d3748;background-color: #f8fafc\">Milyen k\u00f6rnyezeti felt\u00e9telek aj\u00e1nlottak a nagy mennyis\u00e9g\u0171 t\u00e1rol\u00e1shoz?<\/summary>\n<div style=\"padding: 20px;border-top: 1px solid #e2e8f0;color: #4a5568\">A nagykereskedelmi forgalmaz\u00f3k sz\u00e1m\u00e1ra, akik eldobhat\u00f3 vape-eket t\u00e1rolnak, a kl\u00edmaszab\u00e1lyoz\u00e1s elengedhetetlen az akkumul\u00e1tor eg\u00e9szs\u00e9g\u00e9nek meg\u0151rz\u00e9s\u00e9hez \u00e9s a szubsztr\u00e1t boml\u00e1s\u00e1nak megel\u0151z\u00e9s\u00e9hez. A mester kartonokat sz\u00e1raz, kl\u00edmaszab\u00e1lyozott l\u00e9tes\u00edtm\u00e9nyekben kell t\u00e1rolni. Az optim\u00e1lis k\u00f6rnyezeti h\u0151m\u00e9rs\u00e9klet-tartom\u00e1ny 15\u00b0C \u00e9s 25\u00b0C (59\u00b0F \u2013 77\u00b0F) k\u00f6z\u00f6tt van. Ker\u00fclje a k\u00e9szlet k\u00f6zvetlen ultraibolya f\u00e9nynek, magas p\u00e1ratartalomnak vagy 30\u00b0C-ot meghalad\u00f3 h\u0151m\u00e9rs\u00e9kletnek val\u00f3 kitetts\u00e9g\u00e9t, mivel a sz\u00e9ls\u0151s\u00e9ges h\u0151 vesz\u00e9lyeztetheti a bels\u0151 akkumul\u00e1tor k\u00e9mi\u00e1j\u00e1t \u00e9s bels\u0151 nyom\u00e1singadoz\u00e1sokat okozhat.<\/div>\n<\/details>\n<details style=\"background: #ffffff;border: 1px solid #e2e8f0;margin-bottom: 12px;border-radius: 8px;overflow: hidden\">\n<summary style=\"padding: 18px 20px;font-weight: 600;cursor: pointer;color: #2d3748;background-color: #f8fafc\">Hogyan m\u00e9ri a Smart Screen pontosan a fennmarad\u00f3 kapacit\u00e1st?<\/summary>\n<div style=\"padding: 20px;border-top: 1px solid #e2e8f0;color: #4a5568\">A be\u00e9p\u00edtett OLED intelligens k\u00e9perny\u0151 a k\u00e9sz\u00fcl\u00e9k t\u00fczel\u00e9si mechanizmus\u00e1hoz k\u00f6t\u00f6tt algoritmusokat haszn\u00e1l. A fizikai folyad\u00e9kszint-\u00e9rz\u00e9kel\u0151 helyett (amely a lez\u00e1rt, eldobhat\u00f3 vapes eset\u00e9ben nem praktikus), a mikroprocesszor a kett\u0151s h\u00e1l\u00f3sz\u00f6vetre alkalmazott elektromos \u00e1ram kumulat\u00edv id\u0151tartama alapj\u00e1n sz\u00e1m\u00edtja ki a haszn\u00e1latot. Ez az algoritmikus nyomon k\u00f6vet\u00e9s rendk\u00edv\u00fcl pontos, val\u00f3s idej\u0171 becsl\u00e9st ny\u00fajt mind a fennmarad\u00f3 42 ml-es szubsztr\u00e1t szintr\u0151l, mind a l\u00edtium-ion akkumul\u00e1tor fesz\u00fclts\u00e9gtartal\u00e9k\u00e1r\u00f3l.<\/div>\n<\/details>\n<\/div>\n<\/article>","protected":false},"excerpt":{"rendered":"<p>A JNR RAGE GORILLA 55000 Puffs eldobhat\u00f3 vape \u00f3ri\u00e1si kapacit\u00e1st, gazdag kett\u0151s h\u00e1l\u00f3 \u00edzeket \u00e9s intelligens \u00fajrat\u00f6lthet\u0151 kialak\u00edt\u00e1st k\u00edn\u00e1l, \u00edgy t\u00f6k\u00e9letes v\u00e1laszt\u00e1s a nagy mennyis\u00e9g\u0171 viszontelad\u00e1si rendel\u00e9sekhez a VapeXYZ-n\u00e9l.<\/p>","protected":false},"featured_media":55366,"comment_status":"open","ping_status":"closed","template":"","meta":{"_lmt_disableupdate":"no","_lmt_disable":""},"product_brand":[],"product_cat":[1040,1088,947,935,934,927,929,928,930,933,939,932,938,931,936,937,1017,949,946,950,951,953,987],"product_tag":[],"class_list":{"0":"post-55299","1":"product","2":"type-product","3":"status-publish","4":"has-post-thumbnail","6":"product_cat-jnr-disposable-vapes","7":"product_cat-55000-puffs-vapes","8":"product_cat-big-puffs-vapes","9":"product_cat-bulk-buy-disposable-vapes-in-austria","10":"product_cat-bulk-buy-disposable-vapes-in-belgium","11":"product_cat-bulk-buy-disposable-vapes-in-europe","12":"product_cat-bulk-buy-disposable-vapes-in-france","13":"product_cat-bulk-buy-disposable-vapes-in-germany","14":"product_cat-bulk-buy-disposable-vapes-in-italy","15":"product_cat-bulk-buy-disposable-vapes-in-netherlands","16":"product_cat-bulk-buy-disposable-vapes-in-norway","17":"product_cat-bulk-buy-disposable-vapes-in-poland","18":"product_cat-bulk-buy-disposable-vapes-in-portugal","19":"product_cat-bulk-buy-disposable-vapes-in-spain","20":"product_cat-bulk-buy-disposable-vapes-in-sweden","21":"product_cat-bulk-buy-disposable-vapes-in-switzerland","22":"product_cat-buy-best-disposable-vape-flavors","23":"product_cat-digital-box-vapes","24":"product_cat-disposable-vapes-series","25":"product_cat-dual-mesh-vapes","26":"product_cat-lower-nicotine-vapes","27":"product_cat-rechargeable-vapes","28":"product_cat-vape-shop-by-puffs","30":"first","31":"instock","32":"shipping-taxable","33":"purchasable","34":"product-type-variable","35":"has-default-attributes"},"jetpack_sharing_enabled":true,"tiered_pricing_type":"fixed","tiered_pricing_fixed_rules":[],"tiered_pricing_product_settings":{"layout":"default","base_unit_name":{"singular":null,"plural":null},"default_variation":null},"tiered_pricing_minimum_quantity":null,"tiered_pricing_roles_data":[],"tiered_pricing_percentage_rules":[],"tiered_pricing_maximum_quantity":null,"tiered_pricing_quantity_step":null,"_links":{"self":[{"href":"https:\/\/vapexyz.com\/hu\/wp-json\/wp\/v2\/product\/55299","targetHints":{"allow":["GET"]}}],"collection":[{"href":"https:\/\/vapexyz.com\/hu\/wp-json\/wp\/v2\/product"}],"about":[{"href":"https:\/\/vapexyz.com\/hu\/wp-json\/wp\/v2\/types\/product"}],"replies":[{"embeddable":true,"href":"https:\/\/vapexyz.com\/hu\/wp-json\/wp\/v2\/comments?post=55299"}],"wp:featuredmedia":[{"embeddable":true,"href":"https:\/\/vapexyz.com\/hu\/wp-json\/wp\/v2\/media\/55366"}],"wp:attachment":[{"href":"https:\/\/vapexyz.com\/hu\/wp-json\/wp\/v2\/media?parent=55299"}],"wp:term":[{"taxonomy":"product_brand","embeddable":true,"href":"https:\/\/vapexyz.com\/hu\/wp-json\/wp\/v2\/product_brand?post=55299"},{"taxonomy":"product_cat","embeddable":true,"href":"https:\/\/vapexyz.com\/hu\/wp-json\/wp\/v2\/product_cat?post=55299"},{"taxonomy":"product_tag","embeddable":true,"href":"https:\/\/vapexyz.com\/hu\/wp-json\/wp\/v2\/product_tag?post=55299"}],"curies":[{"name":"wp","href":"https:\/\/api.w.org\/{rel}","templated":true}]}}