{"id":53554,"date":"2025-08-01T08:42:28","date_gmt":"2025-08-01T08:42:28","guid":{"rendered":"https:\/\/vapexyz.com\/?post_type=product&#038;p=53554"},"modified":"2026-02-28T08:57:08","modified_gmt":"2026-02-28T08:57:08","slug":"bang-king-30000-szivas-dsk057-alacsony-nikotin-nagykereskedelmi-vasarlas-eredeti-ujratoltheto-eldobhato-vape-nagykereskedelem","status":"publish","type":"product","link":"https:\/\/vapexyz.com\/hu\/product\/bang-king-30000-puffs-dsk057-low-nicotine-bulk-buy-original-rechargeable-disposable-vapes-wholesale\/","title":{"rendered":"BANG KING 30000 Puffs DSK057 Nagy T\u00e9telben V\u00e1s\u00e1rolhat\u00f3 30K \u00dajrat\u00f6lthet\u0151 Eldobhat\u00f3 Vape Nagykereskedelem"},"content":{"rendered":"<article style=\"font-family: 'Segoe UI', Roboto, Helvetica, Arial, sans-serif; line-height: 1.8; color: #2c3e50; max-width: 100%; margin: 0 auto; padding: 20px;\">\n<h2 style=\"color: #1a252f; border-bottom: 2px solid #3498db; padding-bottom: 10px;\">Fedezze fel a v\u00e9gs\u0151 eldobhat\u00f3 vape-\u00e9lm\u00e9nyt: A m\u00e9rn\u00f6ki munka tal\u00e1lkozik az el\u00e9gedetts\u00e9ggel<\/h2>\n<p>\u00dcdv\u00f6z\u00f6lj\u00fck a VapeXYZ-n\u00e9l, az \u00d6n premier professzion\u00e1lis nagykereskedelmi forgalmaz\u00f3j\u00e1n\u00e1l \u00e9s glob\u00e1lis k\u00f6zpontj\u00e1n\u00e1l a pr\u00e9mium eldobhat\u00f3 vape term\u00e9keknek. T\u00f6bb mint 8 \u00e9ves m\u0171k\u00f6d\u00e9si tapasztalattal a glob\u00e1lis hardvereloszt\u00e1si iparban, v\u00e1llalkoz\u00e1sunk szigor\u00fa ell\u00e1t\u00e1si l\u00e1nc keretrendszert hozott l\u00e9tre, amely a fels\u0151 kateg\u00f3ri\u00e1s gy\u00e1rt\u00e1st megb\u00edzhat\u00f3 kiskereskedelmi forgalmaz\u00e1ssal k\u00f6ti \u00f6ssze. Szakosodtunk arra, hogy v\u00e1llalkoz\u00e1sokat l\u00e1ssunk el ipar\u00e1gi vezet\u0151 m\u00e1rk\u00e1kkal, mint p\u00e9ld\u00e1ul a BANG BOX, WASPE, UWIN, BIMO, RandM, BANG, VOZOL, Elf Box \u00e9s MYDE. Az\u00e1ltal, hogy fenntartunk egy nagyon hozz\u00e1f\u00e9rhet\u0151 minim\u00e1lis rendel\u00e9si mennyis\u00e9get (MOQ) mind\u00f6ssze 10 darabt\u00f3l, lehet\u0151v\u00e9 tessz\u00fck minden m\u00e9ret\u0171 kiskeresked\u0151 sz\u00e1m\u00e1ra, hogy hiteles, nagy teljes\u00edtm\u00e9ny\u0171 eldobhat\u00f3 vape eszk\u00f6z\u00f6ket szerezzen be k\u00f6zvetlen\u00fcl a nagykereskedelmi forr\u00e1sokb\u00f3l, biztos\u00edtva mind a versenyk\u00e9pes \u00e1raz\u00e1st, mind a kompromisszumok n\u00e9lk\u00fcli min\u0151s\u00e9get.<\/p>\n<p>Bemutatjuk a BANG KING 30000 Puffs (DSK057) k\u00e9sz\u00fcl\u00e9ket. A folyamatos, hosszabb teljes\u00edtm\u00e9nyre tervezett, kifinomult eszk\u00f6z a felhaszn\u00e1l\u00f3k sz\u00e1m\u00e1ra enyhe, sima kiel\u00e9g\u00edt\u00e9si profilt biztos\u00edt. T\u00f6k\u00e9letes a nagy volumen\u0171 keresked\u0151k \u00e9s a speci\u00e1lis keresked\u0151k sz\u00e1m\u00e1ra, akik nagy ig\u00e9nyeket t\u00e1masztanak a min\u0151s\u00e9gi, \u00fajrat\u00f6lthet\u0151 hardverrel szemben, ez az eldobhat\u00f3 vape nagy kapacit\u00e1s\u00fa bels\u0151 architekt\u00far\u00e1t \u00e9s prec\u00edzi\u00f3s f\u0171t\u00e9si technol\u00f3gi\u00e1t integr\u00e1l. Robusztus anyagkonstrukci\u00f3ja \u00e9s intelligens \u00e1ramell\u00e1t\u00f3 rendszerei szigor\u00faan teszteltek, hogy biztos\u00edts\u00e1k a p\u00e1ratlan megb\u00edzhat\u00f3s\u00e1got az els\u0151 sz\u00edv\u00e1st\u00f3l az utols\u00f3ig.<\/p>\n<div style=\"text-align: center; margin: 30px 0;\"><img loading=\"lazy\" decoding=\"async\" class=\"alignnone wp-image-65585 size-large\" style=\"max-width: 100%; height: auto; border-radius: 8px; box-shadow: 0 4px 15px rgba(0,0,0,0.1);\" src=\"https:\/\/vapexyz.com\/wp-content\/uploads\/2025\/08\/BANG-KING-30000-Puffs-DSK057-Bulk-Buy-30K-Rechargeable-Disposable-Vapes-Wholesale-1-1024x576.webp\" alt=\"\" width=\"1020\" height=\"574\" title=\"\" srcset=\"https:\/\/vapexyz.com\/wp-content\/uploads\/2025\/08\/BANG-KING-30000-Puffs-DSK057-Bulk-Buy-30K-Rechargeable-Disposable-Vapes-Wholesale-1-1024x576.webp 1024w, https:\/\/vapexyz.com\/wp-content\/uploads\/2025\/08\/BANG-KING-30000-Puffs-DSK057-Bulk-Buy-30K-Rechargeable-Disposable-Vapes-Wholesale-1-500x281.webp 500w, https:\/\/vapexyz.com\/wp-content\/uploads\/2025\/08\/BANG-KING-30000-Puffs-DSK057-Bulk-Buy-30K-Rechargeable-Disposable-Vapes-Wholesale-1-768x432.webp 768w, https:\/\/vapexyz.com\/wp-content\/uploads\/2025\/08\/BANG-KING-30000-Puffs-DSK057-Bulk-Buy-30K-Rechargeable-Disposable-Vapes-Wholesale-1-1536x864.webp 1536w, https:\/\/vapexyz.com\/wp-content\/uploads\/2025\/08\/BANG-KING-30000-Puffs-DSK057-Bulk-Buy-30K-Rechargeable-Disposable-Vapes-Wholesale-1-2048x1152.webp 2048w, https:\/\/vapexyz.com\/wp-content\/uploads\/2025\/08\/BANG-KING-30000-Puffs-DSK057-Bulk-Buy-30K-Rechargeable-Disposable-Vapes-Wholesale-1-18x10.webp 18w, https:\/\/vapexyz.com\/wp-content\/uploads\/2025\/08\/BANG-KING-30000-Puffs-DSK057-Bulk-Buy-30K-Rechargeable-Disposable-Vapes-Wholesale-1-510x287.webp 510w\" sizes=\"auto, (max-width: 1020px) 100vw, 1020px\" \/><\/div>\n<h2 style=\"color: #1a252f; border-bottom: 2px solid #3498db; padding-bottom: 10px;\">Hat\u00f3s\u00e1g \u00e9s Szak\u00e9rtelm: Mi\u00e9rt B\u00edznak a Kiskeresked\u0151k a BANG KING 30000 Puffokban<\/h2>\n<p>Az eldobhat\u00f3 vape-k versenypiac\u00e1n a m\u0171szaki f\u00f6l\u00e9ny \u00e9s a tapasztalati megb\u00edzhat\u00f3s\u00e1g hat\u00e1rozza meg a piaci sikert. A BANG KING 30000 Puffs nem csup\u00e1n egy nagy kapacit\u00e1s\u00fa eszk\u00f6z; hanem egy gondosan megtervezett fogyaszt\u00f3i elektronikai term\u00e9k. Az eszk\u00f6z m\u0171szaki \u00e9rt\u00e9kel\u00e9se t\u00f6bb kritikus m\u0171k\u00f6d\u00e9si el\u0151nyt kiemel:<\/p>\n<ul style=\"list-style-type: none; padding-left: 0;\">\n<li style=\"margin-bottom: 15px; padding-left: 25px; position: relative;\"><span style=\"position: absolute; left: 0px; top: 0px; color: #3498db;\">\u2713<\/span>Soha nem l\u00e1tott m\u0171k\u00f6d\u00e9si hossz\u00fa \u00e9lettartam: ak\u00e1r 30 000 m\u0171k\u00f6dtet\u00e9sre k\u00e9pes, ez az eszk\u00f6z magas hozam\u00fa hardverek etalonj\u00e1nak sz\u00e1m\u00edt, ami jelent\u0151sen cs\u00f6kkenti a v\u00e9gfelhaszn\u00e1l\u00f3k sz\u00e1m\u00e1ra a cser\u00e9k gyakoris\u00e1g\u00e1t \u00e9s n\u00f6veli a term\u00e9k \u00e9rz\u00e9kelt \u00e9rt\u00e9k\u00e9t.<\/li>\n<li style=\"margin-bottom: 15px; padding-left: 25px; position: relative;\"><span style=\"position: absolute; left: 0px; top: 0px; color: #3498db;\">\u2713<\/span>Speci\u00e1lis energia\u7ba1\u7406: Nagy s\u0171r\u0171s\u00e9g\u0171, 650mAh kapacit\u00e1s\u00fa l\u00edtium-ion \u00fajrat\u00f6lthet\u0151 akkumul\u00e1torral integr\u00e1lt. Egy szabv\u00e1nyos Type-C interf\u00e9sszel p\u00e1ros\u00edtva hat\u00e9kony energia-vissza\u00e1ll\u00edt\u00e1st biztos\u00edt, fenntartva az optim\u00e1lis fesz\u00fclts\u00e9g kimenetet az bels\u0151 kialak\u00edt\u00e1s teljes \u00e9lettartama alatt.<\/li>\n<li style=\"margin-bottom: 15px; padding-left: 25px; position: relative;\"><span style=\"position: absolute; left: 0px; top: 0px; color: #3498db;\">\u2713<\/span>Prec\u00edzi\u00f3s Termodinamika: 1,0 ohmos h\u00e1l\u00f3sz\u00f6vet\u0171 tekercsel felszerelve. Ez a specifikus ellen\u00e1ll\u00e1s lehet\u0151v\u00e9 teszi az elektromos hat\u00e9konys\u00e1g \u00e9s a h\u0151termel\u00e9s k\u00f6z\u00f6tti optim\u00e1lis egyens\u00falyt, ami sima, s\u0171r\u0171 \u00e9s egyenletes p\u00e1rologtat\u00e1st eredm\u00e9nyez.<\/li>\n<li style=\"margin-bottom: 15px; padding-left: 25px; position: relative;\"><span style=\"position: absolute; left: 0px; top: 0px; color: #3498db;\">\u2713<\/span>K\u00e9szenl\u00e9ti form\u00e1tum: El\u0151re t\u00f6lt\u00f6tt, el\u0151re felt\u00f6lt\u00f6tt \u00e9s teljesen karbantart\u00e1smentes a csomagol\u00e1sb\u00f3l kiv\u00e9ve. Ez a felhaszn\u00e1l\u00f3bar\u00e1t megk\u00f6zel\u00edt\u00e9s minimaliz\u00e1lja a technikai akad\u00e1lyokat a fogyaszt\u00f3k sz\u00e1m\u00e1ra.<\/li>\n<li style=\"margin-bottom: 15px; padding-left: 25px; position: relative;\"><span style=\"position: absolute; left: 0px; top: 0px; color: #3498db;\">\u2713<\/span>Enyhe intenzit\u00e1s\u00fa lehet\u0151s\u00e9gek: Kifejezetten azoknak a fogyaszt\u00f3knak k\u00e9sz\u00fclt, akik alacsonyabb hat\u00e1s\u00fa \u00e9lm\u00e9ny fel\u00e9 szeretn\u00e9nek \u00e1t\u00e1llni an\u00e9lk\u00fcl, hogy fel\u00e1ldozn\u00e1k az \u00e9rz\u00e9kszervi el\u00e9gedetts\u00e9get.<\/li>\n<li style=\"margin-bottom: 15px; padding-left: 25px; position: relative;\"><span style=\"position: absolute; left: 0px; top: 0px; color: #3498db;\">\u2713<\/span>Szerkezeti integrit\u00e1s: A napi h\u0151ingadoz\u00e1sok \u00e9s fizikai kezel\u00e9sek elvisel\u00e9s\u00e9re tervezett, kiv\u00e1l\u00f3 min\u0151s\u00e9g\u0171, \u00fct\u00e9s\u00e1ll\u00f3 anyagokb\u00f3l k\u00e9sz\u00fclt, biztos\u00edtva, hogy ne legyen sziv\u00e1rg\u00e1s vagy szerkezeti hiba.<\/li>\n<\/ul>\n<div style=\"background: linear-gradient(135deg, #f8f9fa 0%, #e9ecef 100%); border-left: 6px solid #2980b9; padding: 20px; margin: 30px 0; border-radius: 0 8px 8px 0; box-shadow: 0 2px 10px rgba(0,0,0,0.05);\">\n<h3 style=\"margin-top: 0; color: #2980b9; font-size: 1.25em;\">Tud\u00e1s Pont: Az 1,0\u03a9 Mesh Coil Tudom\u00e1nya<\/h3>\n<p style=\"margin-bottom: 0;\">A hagyom\u00e1nyos dr\u00f3ttekercsek gyakran szenvednek az egyenetlen h\u0151eloszl\u00e1st\u00f3l, ami helyi sz\u00e1raz foltokhoz \u00e9s az \u00edz roml\u00e1s\u00e1hoz vezet id\u0151vel. A BANG KING 30000 Puffs fejlett Mesh Coil technol\u00f3gi\u00e1t alkalmaz 1,0 ohmos specifikus ellen\u00e1ll\u00e1ssal. A h\u00e1l\u00f3s szerkezet jelent\u0151sen megn\u00f6veli a bels\u0151 sz\u00edv\u00f3anyaggal \u00e9rintkez\u0151 fel\u00fcletet. Amikor az 650mAh-s akkumul\u00e1tor elektromos \u00e1ramot k\u00fcld a h\u00e1l\u00f3n kereszt\u00fcl, az egyenletesen \u00e9s gyorsan felmelegszik. Ez a gyors, egyenletes termodinamikai \u00e1tvitel biztos\u00edtja, hogy a k\u00e9sz\u00edtm\u00e9ny hat\u00e9konyan elp\u00e1rolog alacsonyabb h\u0151m\u00e9rs\u00e9kleten, meg\u0151rizve az arom\u00e1s vegy\u00fcletek integrit\u00e1s\u00e1t \u00e9s megel\u0151zve a f\u0171t\u0151elem korai degrad\u00e1ci\u00f3j\u00e1t. Az eredm\u00e9ny egy k\u00f6vetkezetes, sima sz\u00edv\u00e1s, amely stabil marad t\u00f6bb t\u00edzezer aktiv\u00e1l\u00e1s sor\u00e1n is.<\/p>\n<\/div>\n<h2 style=\"color: #1a252f; border-bottom: 2px solid #3498db; padding-bottom: 10px;\">Empirikus valid\u00e1l\u00e1s: Min\u0151s\u00e9gbiztos\u00edt\u00e1si protokollok<\/h2>\n<p>A nagykereskedelmi hardver szektorban a bizalom megb\u00edzhat\u00f3 adatokon alapul. Felel\u0151ss\u00e9gteljes forgalmaz\u00f3k\u00e9nt a VapeXYZ szigor\u00faan olyan l\u00e9tes\u00edtm\u00e9nnyel m\u0171k\u00f6dik egy\u00fctt, amelyek szigor\u00fa min\u0151s\u00e9gellen\u0151rz\u00e9si szabv\u00e1nyoknak megfelelnek. A BANG KING sorozat szisztematikus empirikus tesztel\u00e9sen megy kereszt\u00fcl a piacra t\u00f6rt\u00e9n\u0151 kiad\u00e1s el\u0151tt:<\/p>\n<ul style=\"padding-left: 20px;\">\n<li>Automatiz\u00e1lt m\u0171k\u00f6dtet\u00e9si tesztel\u00e9s: Az eszk\u00f6z\u00f6ket pneumatikus szimul\u00e1ci\u00f3s g\u00e9pekre helyezik, amelyek reproduk\u00e1lj\u00e1k az emberi bel\u00e9gz\u00e9si mint\u00e1kat (\u00e1tlagosan 2-3 m\u00e1sodperces sz\u00edv\u00e1sok). Ez igazolja az eszk\u00f6z azon struktur\u00e1lis k\u00e9pess\u00e9g\u00e9t, hogy val\u00f3ban megk\u00f6zel\u00edtse a 30 000-es k\u00fcsz\u00f6b\u00f6t standard k\u00f6r\u00fclm\u00e9nyek k\u00f6z\u00f6tt.<\/li>\n<li>Elemciklus-anal\u00edzis: Az 650mAh-s cell\u00e1kat folyamatos t\u00f6lt\u00e9si \u00e9s kis\u00fct\u00e9si ciklusoknak vetik al\u00e1, hogy biztos\u00edts\u00e1k, megtartj\u00e1k maxim\u00e1lis kapacit\u00e1suk 80% -\u00e1t % f\u00f6l\u00f6tt ism\u00e9telt Type-C \u00fajrat\u00f6lt\u00e9s ut\u00e1n.<\/li>\n<li>K\u00f6rnyezeti Stressz Tesztel\u00e9s: Az eszk\u00f6z\u00f6k h\u0151m\u00e9rs\u00e9klet- \u00e9s p\u00e1ratartalom-v\u00e1ltoz\u00e1si vizsg\u00e1laton esnek \u00e1t annak biztos\u00edt\u00e1sa \u00e9rdek\u00e9ben, hogy a bels\u0151 t\u00f6m\u00edt\u00e9sek s\u00e9rtetlenek maradjanak, megakad\u00e1lyozva b\u00e1rmilyen sziv\u00e1rg\u00e1st vagy k\u00f6rnyezeti leroml\u00e1st a glob\u00e1lis sz\u00e1ll\u00edt\u00e1s sor\u00e1n.<\/li>\n<\/ul>\n<h2 style=\"color: #1a252f; border-bottom: 2px solid #3498db; padding-bottom: 10px;\">Egyedi Profil Minden \u00dcgyf\u00e9lhez: <a style=\"color: #3498db; text-decoration: none;\" href=\"https:\/\/vapexyz.com\/hu\/termekkategoria\/bumm\/\">BANG KING<\/a> 30000 f\u00faj\u00e1s<\/h2>\n<p>Az \u00e9rz\u00e9kszervi v\u00e1ltozatoss\u00e1g a fogyaszt\u00f3k megtart\u00e1s\u00e1nak els\u0151dleges mozgat\u00f3rug\u00f3ja. Minden 12 prec\u00edzi\u00f3s arom\u00e1s kever\u00e9ket tartalmaz\u00f3 k\u00e9szletet fenntartunk a BANG KING 30000 Puffs sz\u00e1m\u00e1ra. Minden profilt nagy tisztas\u00e1g\u00fa kivonatok felhaszn\u00e1l\u00e1s\u00e1val szintetiz\u00e1lnak, hogy biztos\u00edts\u00e1k az autentikus, vil\u00e1gos \u00e9s stabil \u00edzt a hardver teljes \u00e9lettartama alatt. Maximaliz\u00e1lja kiskereskedelmi vonzerej\u00e9t az\u00e1ltal, hogy felt\u00f6lti ezt a teljes k\u00edn\u00e1latot:<\/p>\n<ol style=\"column-count: 2; column-gap: 40px; padding-left: 20px; font-weight: 500;\">\n<li style=\"margin-bottom: 10px;\">Epres g\u00f6r\u00f6gdinnye<\/li>\n<li style=\"margin-bottom: 10px;\">Blue Razz Ice<\/li>\n<li style=\"margin-bottom: 10px;\">Triple Berry Ice<\/li>\n<li style=\"margin-bottom: 10px;\">Barack j\u00e9g<\/li>\n<li style=\"margin-bottom: 10px;\">\u0150szibarack mang\u00f3<\/li>\n<li style=\"margin-bottom: 10px;\">Dupla Apple<\/li>\n<li style=\"margin-bottom: 10px;\">Epres Kiwi<\/li>\n<li style=\"margin-bottom: 10px;\">Aloe sz\u0151l\u0151<\/li>\n<li style=\"margin-bottom: 10px;\">Tr\u00f3pusi gy\u00fcm\u00f6lcs<\/li>\n<li style=\"margin-bottom: 10px;\">Eper ban\u00e1n<\/li>\n<li style=\"margin-bottom: 10px;\">Kivi Passi\u00f3gy\u00fcm\u00f6lcs Guava<\/li>\n<li style=\"margin-bottom: 10px;\">Black Dragon Ice<\/li>\n<\/ol>\n<h2 style=\"color: #1a252f; border-bottom: 2px solid #3498db; padding-bottom: 10px;\">A kiskereskedelmi logisztika elsaj\u00e1t\u00edt\u00e1sa: csomagol\u00e1s \u00e9s specifik\u00e1ci\u00f3k<\/h2>\n<p>A hat\u00e9kony ell\u00e1t\u00e1si l\u00e1nc menedzsmenthez pontos fizikai adatokra van sz\u00fcks\u00e9g. Ak\u00e1r a rakt\u00e1rter\u00fcletet kezelj\u00fck, ak\u00e1r a nemzetk\u00f6zi sz\u00e1ll\u00edt\u00e1si k\u00f6lts\u00e9geket sz\u00e1moljuk, a pontos specifik\u00e1ci\u00f3k elengedhetetlenek. A BANG KING 30000 Puffs term\u00e9ket B2B terjeszt\u00e9sre tervezt\u00e9k, meger\u0151s\u00edtett mester kartonokat haszn\u00e1lva a befektet\u00e9s v\u00e9delm\u00e9re a sz\u00e1ll\u00edt\u00e1s sor\u00e1n.<\/p>\n<table style=\"border-collapse: collapse; width: 100%; margin: 25px 0; background-color: #fff; box-shadow: 0 1px 3px rgba(0,0,0,0.1);\">\n<thead>\n<tr style=\"background-color: #2c3e50; color: #ffffff;\">\n<th style=\"padding: 15px; text-align: left; border: 1px solid #ddd; font-weight: 600;\">M\u0171szaki param\u00e9ter<\/th>\n<th style=\"padding: 15px; text-align: left; border: 1px solid #ddd; font-weight: 600;\">Hiteles\u00edtett m\u00e9r\u00e9s<\/th>\n<\/tr>\n<\/thead>\n<tbody>\n<tr>\n<td style=\"padding: 12px 15px; border: 1px solid #ddd; background-color: #f8f9fa;\">Bels\u0151 akkumul\u00e1tor kapacit\u00e1sa<\/td>\n<td style=\"padding: 12px 15px; border: 1px solid #ddd; background-color: #f8f9fa;\">650mAh (l\u00edtium-ion)<\/td>\n<\/tr>\n<tr>\n<td style=\"padding: 12px 15px; border: 1px solid #ddd;\">F\u0171t\u0151elem<\/td>\n<td style=\"padding: 12px 15px; border: 1px solid #ddd;\">1,0 \u03a9-os h\u00e1l\u00f3zati architekt\u00fara<\/td>\n<\/tr>\n<tr>\n<td style=\"padding: 12px 15px; border: 1px solid #ddd; background-color: #f8f9fa;\">T\u00f6lt\u00e9si Protokoll<\/td>\n<td style=\"padding: 12px 15px; border: 1px solid #ddd; background-color: #f8f9fa;\">C t\u00edpus\u00fa port<\/td>\n<\/tr>\n<tr>\n<td style=\"padding: 12px 15px; border: 1px solid #ddd;\">Egyetlen eszk\u00f6z s\u00falya<\/td>\n<td style=\"padding: 12px 15px; border: 1px solid #ddd;\">83,15 g<\/td>\n<\/tr>\n<tr>\n<td style=\"padding: 12px 15px; border: 1px solid #ddd; background-color: #f8f9fa;\">10 darabos kiskereskedelmi doboz s\u00falya<\/td>\n<td style=\"padding: 12px 15px; border: 1px solid #ddd; background-color: #f8f9fa;\">870 g<\/td>\n<\/tr>\n<tr>\n<td style=\"padding: 12px 15px; border: 1px solid #ddd;\">F\u0151 karton kapacit\u00e1s<\/td>\n<td style=\"padding: 12px 15px; border: 1px solid #ddd;\">200 egyedi eszk\u00f6z<\/td>\n<\/tr>\n<tr>\n<td style=\"padding: 12px 15px; border: 1px solid #ddd; background-color: #f8f9fa;\">F\u0151 Karton M\u00e9retei<\/td>\n<td style=\"padding: 12px 15px; border: 1px solid #ddd; background-color: #f8f9fa;\">56 cm x 29 cm x 27 cm<\/td>\n<\/tr>\n<tr>\n<td style=\"padding: 12px 15px; border: 1px solid #ddd;\">Mester karton teljes s\u00falya<\/td>\n<td style=\"padding: 12px 15px; border: 1px solid #ddd;\">18,16 kg<\/td>\n<\/tr>\n<\/tbody>\n<\/table>\n<h2 style=\"color: #1a252f; border-bottom: 2px solid #3498db; padding-bottom: 10px;\">N\u00f6velje M\u00e1rk\u00e1j\u00e1t: <a style=\"color: #3498db; text-decoration: none;\" href=\"https:\/\/vapexyz.com\/hu\/\">VapeXYZ<\/a> T\u00e1mogatja a szem\u00e9lyre szab\u00e1st!<\/h2>\n<p>A nagykereskedelmi forgalmaz\u00e1son t\u00fal a VapeXYZ a saj\u00e1t m\u00e1rk\u00e1s fejleszt\u00e9sek partnere. Szeretn\u00e9 elind\u00edtani saj\u00e1t egyedi hardvervonal\u00e1t? \u00c1tfog\u00f3, v\u00e9gpontt\u00f3l v\u00e9gpontig OEM (eredeti berendez\u00e9sgy\u00e1rt\u00f3) \u00e9s ODM (eredeti tervez\u0151 gy\u00e1rt\u00f3) szolg\u00e1ltat\u00e1sokat ny\u00fajtunk a bizony\u00edtott BANG KING 30000 Puffs platform felhaszn\u00e1l\u00e1s\u00e1val. Az eszt\u00e9tikai tervek \u00e9s a csomagol\u00e1s testreszab\u00e1s\u00e1t\u00f3l az \u00d6n region\u00e1lis piac\u00e1ra specifikus saj\u00e1t aromaprofilok fejleszt\u00e9s\u00e9ig m\u00e9rn\u00f6ki \u00e9s tervez\u0151 csapataink fel vannak szerelve arra, hogy \u00e9letre h\u00edvj\u00e1k v\u00edzi\u00f3j\u00e1t. Differenci\u00e1lja v\u00e1llalkoz\u00e1s\u00e1t \u00e9s ragadja meg a magasabb profitmarginokat egyedi m\u00e1rk\u00e1s eldobhat\u00f3 vape term\u00e9kekkel.<\/p>\n<h2 style=\"color: #1a252f; border-bottom: 2px solid #3498db; padding-bottom: 10px;\">Gyakran Ism\u00e9telt K\u00e9rd\u00e9sek (B2B &amp; Nagykereskedelem)<\/h2>\n<div style=\"margin-top: 20px;\">\n<div style=\"margin-bottom: 15px; border: 1px solid #e0e0e0; border-radius: 6px; padding: 15px; background-color: #ffffff; box-shadow: 0 2px 5px rgba(0,0,0,0.02);\">\n<h3 style=\"margin-top: 0; margin-bottom: 10px; color: #2c3e50; font-size: 1.1em;\">Q1: Hogyan garant\u00e1lja a VapeXYZ a BANG KING eldobhat\u00f3 vape term\u00e9kek hiteless\u00e9g\u00e9t?<\/h3>\n<p style=\"margin: 0; color: #555;\">Mint egy j\u00f3l megalapozott ipar\u00e1gi forgalmaz\u00f3, t\u00f6bb mint 8 \u00e9ves m\u0171k\u00f6d\u00e9si m\u00falttal, kiz\u00e1r\u00f3lag k\u00f6zvetlen\u00fcl az eredeti gy\u00e1rt\u00f3kt\u00f3l szerezz\u00fck be a hardvereket. Minden \u00e1ltalunk forgalmazott mester kartonban ellen\u0151rizhet\u0151 gy\u00e1ri biztons\u00e1gi k\u00f3dok tal\u00e1lhat\u00f3k, amelyek biztos\u00edtj\u00e1k, hogy 100% hiteles term\u00e9keket kapjon, minimaliz\u00e1lva a hamis hardverek kock\u00e1zat\u00e1t a kiskereskedelmi k\u00f6rnyezetben.<\/p>\n<\/div>\n<div style=\"margin-bottom: 15px; border: 1px solid #e0e0e0; border-radius: 6px; padding: 15px; background-color: #ffffff; box-shadow: 0 2px 5px rgba(0,0,0,0.02);\">\n<h3 style=\"margin-top: 0; margin-bottom: 10px; color: #2c3e50; font-size: 1.1em;\">Milyen el\u0151ny\u00f6kkel j\u00e1r a 10 darabos Minim\u00e1lis Rendel\u00e9si Mennyis\u00e9g (MOQ)?<\/h3>\n<p style=\"margin: 0; color: #555;\">10 darabos minim\u00e1lis rendel\u00e9si mennyis\u00e9g\u00fcnk strat\u00e9giailag \u00fagy van kialak\u00edtva, hogy t\u00e1mogassa minden m\u00e9ret\u0171 v\u00e1llalkoz\u00e1st. Lehet\u0151v\u00e9 teszi a kisebb kiskeresked\u0151k sz\u00e1m\u00e1ra, hogy tesztelj\u00e9k \u00faj eldobhat\u00f3 vape term\u00e9kek piaci \u00e9letk\u00e9pess\u00e9g\u00e9t an\u00e9lk\u00fcl, hogy hatalmas t\u0151keberuh\u00e1z\u00e1sokat kellene v\u00e1llalniuk, mik\u00f6zben tov\u00e1bbra is biztos\u00edtja azokat a nagykereskedelmi \u00e1raz\u00e1si strukt\u00far\u00e1kat, amelyek kedvez\u0151en sk\u00e1l\u00e1z\u00f3dnak a nagy volumen\u0171 \u00f6mlesztett rendel\u00e9sekhez.<\/p>\n<\/div>\n<div style=\"margin-bottom: 15px; border: 1px solid #e0e0e0; border-radius: 6px; padding: 15px; background-color: #ffffff; box-shadow: 0 2px 5px rgba(0,0,0,0.02);\">\n<h3 style=\"margin-top: 0; margin-bottom: 10px; color: #2c3e50; font-size: 1.1em;\">Hogyan m\u0171k\u00f6dnek egy\u00fctt a Type-C port \u00e9s a 650mAh-s akkumul\u00e1tor a 30 000 aktiv\u00e1l\u00e1s el\u00e9r\u00e9s\u00e9ben?<\/h3>\n<p style=\"margin: 0; color: #555;\">M\u00edg a bels\u0151 tart\u00e1ly 30 000 sz\u00edv\u00e1sra van m\u00e9retezve, egyetlen akkumul\u00e1tort\u00f6lt\u00e9s nem tudja fenntartani ezt a mennyis\u00e9get. Az 650mAh-s akkumul\u00e1tor kompakt, k\u00f6nny\u0171 \u00e1ramforr\u00e1st biztos\u00edt, amely nagyon hat\u00e9kony. Amikor lemer\u00fcl, a Type-C port gyors \u00fajrat\u00f6lt\u00e9st tesz lehet\u0151v\u00e9. Ez a ciklikus \u00fajrat\u00f6lt\u00e9si folyamat biztos\u00edtja, hogy a felhaszn\u00e1l\u00f3 a bels\u0151 tartalom eg\u00e9sz\u00e9t hetekig haszn\u00e1lhassa an\u00e9lk\u00fcl, hogy a k\u00e9sz\u00fcl\u00e9k id\u0151 el\u0151tt elpusztulna.<\/p>\n<\/div>\n<div style=\"margin-bottom: 15px; border: 1px solid #e0e0e0; border-radius: 6px; padding: 15px; background-color: #ffffff; box-shadow: 0 2px 5px rgba(0,0,0,0.02);\">\n<h3 style=\"margin-top: 0; margin-bottom: 10px; color: #2c3e50; font-size: 1.1em;\">Negyedik negyed\u00e9v: Megfelelnek ezek az eszk\u00f6z\u00f6k az \u00e1ltal\u00e1nos fogyaszt\u00f3i elektronikai biztons\u00e1gi szabv\u00e1nyoknak?<\/h3>\n<p style=\"margin: 0; color: #555;\">Igen. A bels\u0151 l\u00edtium-ion cell\u00e1kat \u00e9s \u00e1ramk\u00f6r\u00f6ket olyan l\u00e9tes\u00edtm\u00e9nyekben gy\u00e1rtj\u00e1k, amelyek szigor\u00faan betartj\u00e1k a nemzetk\u00f6zi elektronikai biztons\u00e1gi \u00e9s min\u0151s\u00e9gellen\u0151rz\u00e9si szabv\u00e1nyokat. R\u00f6vidz\u00e1rlat elleni v\u00e9delemmel \u00e9s t\u00falt\u00f6lt\u00e9s elleni v\u00e9delemmel vannak ell\u00e1tva, hogy biztos\u00edts\u00e1k a v\u00e9gfelhaszn\u00e1l\u00f3 biztons\u00e1g\u00e1t a m\u0171k\u00f6d\u00e9s \u00e9s az \u00fajrat\u00f6lt\u00e9s sor\u00e1n.<\/p>\n<\/div>\n<\/div>\n<div style=\"background-color: #2c3e50; color: #ffffff; padding: 30px; text-align: center; border-radius: 8px; margin-top: 40px;\">\n<h3 style=\"margin-top: 0; color: #3498db;\">Szerezze be az igazi BANG KING 30000 Puffs-ot: Nagykereskedelmi forgalmaz\u00e1s egyszer\u0171en<\/h3>\n<p style=\"font-size: 1.1em; max-width: 800px; margin: 0 auto 20px auto;\">Eredeti BANG KING 30000 Puffs eldobhat\u00f3 term\u00e9keket keres versenyk\u00e9pes B2B nagykereskedelmi \u00e1ron? A VapeXYZ a megb\u00edzhat\u00f3, ellen\u0151rz\u00f6tt partner. Eredeti, pr\u00e9mium min\u0151s\u00e9g\u0171 eldobhat\u00f3 vape term\u00e9keket sz\u00e1ll\u00edtunk k\u00f6zvetlen\u00fcl a logisztikai h\u00e1l\u00f3zat\u00e1ba, biztos\u00edtva a p\u00e1ratlan min\u0151s\u00e9get, a besz\u00e1ll\u00edt\u00f3i l\u00e1nc megb\u00edzhat\u00f3s\u00e1g\u00e1t \u00e9s a v\u00e1llalkoz\u00e1sa sz\u00e1m\u00e1ra a nyeres\u00e9gess\u00e9get.<\/p>\n<p style=\"font-size: 1.2em; font-weight: bold; margin-bottom: 0;\">K\u00e9szen \u00e1ll, hogy a legjobb ipari term\u00e9keket felt\u00f6ltse? L\u00e1togasson el a VapeXYZ-be m\u00e9g ma, hogy biztos\u00edtsa nagykereskedelmi rendel\u00e9s\u00e9t, vagy hogy elind\u00edtsa egyedi OEM\/ODM projektj\u00e9t!<\/p>\n<\/div>\n<\/article>","protected":false},"excerpt":{"rendered":"<p>Rakt\u00e1rozzon be ebb\u0151l az autentikus BANG KING 30000 Puffs eldobhat\u00f3 vape-b\u00f3l, amely hatalmas 30 000 \u00fajrat\u00f6lthet\u0151 sz\u00edv\u00e1st k\u00edn\u00e1l k\u00e9sz\u00fcl\u00e9kenk\u00e9nt, sima, alacsony er\u0151ss\u00e9g\u0171 \u00edzzel a mesh tekercs\u00e9b\u0151l, amely 12 \u00e9l\u00e9nk \u00edzben kaphat\u00f3 nagykereskedelmi forgalomban.<\/p>","protected":false},"featured_media":65586,"comment_status":"open","ping_status":"closed","template":"","meta":{"_lmt_disableupdate":"no","_lmt_disable":""},"product_brand":[],"product_cat":[820],"product_tag":[],"class_list":{"0":"post-53554","1":"product","2":"type-product","3":"status-publish","4":"has-post-thumbnail","6":"product_cat-vape","8":"first","9":"instock","10":"shipping-taxable","11":"purchasable","12":"product-type-variable","13":"has-default-attributes"},"jetpack_sharing_enabled":true,"tiered_pricing_type":"fixed","tiered_pricing_fixed_rules":[],"tiered_pricing_product_settings":{"layout":"default","base_unit_name":{"singular":null,"plural":null},"default_variation":null},"tiered_pricing_minimum_quantity":null,"tiered_pricing_roles_data":[],"tiered_pricing_percentage_rules":[],"tiered_pricing_maximum_quantity":null,"tiered_pricing_quantity_step":null,"_links":{"self":[{"href":"https:\/\/vapexyz.com\/hu\/wp-json\/wp\/v2\/product\/53554","targetHints":{"allow":["GET"]}}],"collection":[{"href":"https:\/\/vapexyz.com\/hu\/wp-json\/wp\/v2\/product"}],"about":[{"href":"https:\/\/vapexyz.com\/hu\/wp-json\/wp\/v2\/types\/product"}],"replies":[{"embeddable":true,"href":"https:\/\/vapexyz.com\/hu\/wp-json\/wp\/v2\/comments?post=53554"}],"wp:featuredmedia":[{"embeddable":true,"href":"https:\/\/vapexyz.com\/hu\/wp-json\/wp\/v2\/media\/65586"}],"wp:attachment":[{"href":"https:\/\/vapexyz.com\/hu\/wp-json\/wp\/v2\/media?parent=53554"}],"wp:term":[{"taxonomy":"product_brand","embeddable":true,"href":"https:\/\/vapexyz.com\/hu\/wp-json\/wp\/v2\/product_brand?post=53554"},{"taxonomy":"product_cat","embeddable":true,"href":"https:\/\/vapexyz.com\/hu\/wp-json\/wp\/v2\/product_cat?post=53554"},{"taxonomy":"product_tag","embeddable":true,"href":"https:\/\/vapexyz.com\/hu\/wp-json\/wp\/v2\/product_tag?post=53554"}],"curies":[{"name":"wp","href":"https:\/\/api.w.org\/{rel}","templated":true}]}}