{"id":50566,"date":"2025-07-15T03:22:17","date_gmt":"2025-07-15T03:22:17","guid":{"rendered":"https:\/\/vapexyz.com\/?post_type=product&#038;p=50566"},"modified":"2026-03-06T03:06:36","modified_gmt":"2026-03-06T03:06:36","slug":"vozol-vista-40000-szivas-50-mg-alacsony-nikotin-nagykereskedelmi-vasarlas-eredeti-ujratoltheto-eldobhato-vape-nagykereskedelem","status":"publish","type":"product","link":"https:\/\/vapexyz.com\/hu\/product\/vozol-vista-40000-puffs-50-mg-low-nicotine-bulk-buy-original-rechargeable-disposable-vapes-wholesale\/","title":{"rendered":"VOZOL VISTA 40000 sz\u00edv\u00e1s 50mg Nagykereskedelmi \u00fajrat\u00f6lthet\u0151 eldobhat\u00f3 vape nagy mennyis\u00e9gben v\u00e1s\u00e1rolhat\u00f3"},"content":{"rendered":"<article style=\"font-family: Arial, sans-serif; line-height: 1.6; color: #333; max-width: 100%; margin: 0 auto; padding: 20px;\">\n<h2 style=\"color: #2c3e50; border-bottom: 2px solid #3498db; padding-bottom: 10px;\">VOZOL VISTA 40000 Puffs: \u00c1tfog\u00f3 Technol\u00f3giai \u00c1ttekint\u00e9s Nagykereskedelmi Forgalmaz\u00e1shoz<\/h2>\n<p>A VOZOL VISTA 40000 Puffs (50mg\/ml koncentr\u00e1ci\u00f3) jelent\u0151s el\u0151rel\u00e9p\u00e9st jelent az eldobhat\u00f3 vape szektorban. A folyamatos teljes\u00edtm\u00e9nyre \u00e9s m\u0171k\u00f6d\u00e9si konzisztenci\u00e1ra tervezve, ez a nagy kapacit\u00e1s\u00fa eszk\u00f6z kifejezetten \u00fagy van kialak\u00edtva, hogy megfeleljen a nagykereskedelmi v\u00e1s\u00e1rl\u00f3k \u00e9s a kiskereskedelmi \u00fczemeltet\u0151k ig\u00e9nyes k\u00f6vetelm\u00e9nyeinek. Fejlett elektromos \u00e1ramk\u00f6rrel, robusztus szerkezeti integrit\u00e1ssal \u00e9s kiv\u00e9teles formula tart\u00e1llyal \u00e9p\u00edtve, a VOZOL VISTA megb\u00edzhat\u00f3, hossz\u00fa t\u00e1v\u00fa megold\u00e1st ny\u00fajt a megk\u00fcl\u00f6nb\u00f6ztetett fogyaszt\u00f3k sz\u00e1m\u00e1ra.<\/p>\n<p>A Vapexyz-n\u00e9l, egy megb\u00edzhat\u00f3 eur\u00f3pai ell\u00e1t\u00e1si l\u00e1nc partnern\u00e9l, t\u00f6bb mint 8 \u00e9ves m\u0171k\u00f6d\u00e9si m\u00falttal, lehet\u0151v\u00e9 tessz\u00fck az autentikus k\u00e9sz\u00fcl\u00e9kek beszerz\u00e9s\u00e9t k\u00f6zvetlen\u00fcl az enged\u00e9lyezett gy\u00e1rt\u00e1si l\u00e9tes\u00edtm\u00e9nyekb\u0151l. Legyen \u00d6n f\u00fcggetlen kiskereskedelmi helysz\u00edneket kezel\u0151 vagy nagyszab\u00e1s\u00fa eur\u00f3pai forgalmaz\u00e1si h\u00e1l\u00f3zatokat fel\u00fcgyel\u0151, a VOZOL VISTA 40000 Puffs term\u00e9k\u00e9nek integr\u00e1l\u00e1sa a k\u00e9szlet\u00e9be biztos\u00edtja, hogy olyan term\u00e9ket k\u00edn\u00e1ljon, amelyet igazolhat\u00f3 m\u00e9rn\u00f6ki szabv\u00e1nyok \u00e9s szigor\u00fa min\u0151s\u00e9g-ellen\u0151rz\u00e9s t\u00e1mogat.<\/p>\n<hr style=\"border: 0; height: 1px; background: #e0e0e0; margin: 30px 0;\" \/>\n<h2 style=\"color: #2c3e50; border-bottom: 2px solid #3498db; padding-bottom: 10px;\">M\u00e9rn\u00f6ki \u00e9s m\u0171szaki specifik\u00e1ci\u00f3k (szak\u00e9rtelmek)<\/h2>\n<p>A szok\u00e1sos piaci aj\u00e1nlatokkal ellent\u00e9tben a VOZOL VISTA fejlett hardverm\u00e9rn\u00f6ks\u00e9gre \u00e9p\u00fcl. Minden alkatr\u00e9szt szigor\u00fa tervez\u00e9si protokolloknak vetettek al\u00e1, hogy biztos\u00edts\u00e1k a maxim\u00e1lis hat\u00e9konys\u00e1got \u00e9s a minim\u00e1lis meghib\u00e1sod\u00e1si ar\u00e1nyt a hosszabb \u00fczemeltet\u00e9si \u00e9lettartam alatt.<\/p>\n<div style=\"background-color: #f4f7f6; border-left: 6px solid #2980b9; padding: 20px; margin: 25px 0; border-radius: 4px;\">\n<h3 style=\"margin-top: 0; color: #2980b9;\">Fejlett Elektromos \u00e9s F\u0171t\u00e9si Architekt\u00fara<\/h3>\n<p style=\"margin-bottom: 0;\">Mikrokontroller egys\u00e9g (MCU): A VOZOL VISTA magj\u00e1t egy kifinomult MCU hajtja, amely szab\u00e1lyozza az energiaeloszt\u00e1st.  Ez a digit\u00e1lis \u00e1ramk\u00f6r kezeli a 4-szint\u0171 \u00e1ll\u00edthat\u00f3 wattos rendszert, lehet\u0151v\u00e9 t\u00e9ve a k\u00e9sz\u00fcl\u00e9k sz\u00e1m\u00e1ra, hogy k\u00fcl\u00f6nb\u00f6z\u0151 teljes\u00edtm\u00e9nyszintekkel (kb. 12W \u00e9s 20W k\u00f6z\u00f6tt) m\u0171k\u00f6dj\u00f6n.  A h\u0151termel\u00e9s dinamikus szab\u00e1lyoz\u00e1s\u00e1val az MCU megakad\u00e1lyozza a lok\u00e1lis t\u00falmeleged\u00e9st, \u00e9s biztos\u00edtja az \u00e9rz\u00e9kszervi profil \u00e1lland\u00f3s\u00e1g\u00e1t az els\u0151 aktiv\u00e1l\u00e1st\u00f3l az utols\u00f3ig.<\/p>\n<\/div>\n<ul>\n<li style=\"margin-bottom: 10px;\">Kett\u0151s h\u00e1l\u00f3 f\u0171t\u0151elemek: A hagyom\u00e1nyos dr\u00f3tk\u00f6tegek gyakran egyenetlen f\u0171t\u00e9ssel \u00e9s sz\u00e9nlerak\u00f3d\u00e1ssal k\u00fczdenek. A VOZOL VISTA kett\u0151s r\u00e9teg\u0171 h\u00e1l\u00f3r\u00e1csot haszn\u00e1l (k\u00f6r\u00fclbel\u00fcl 1,0-1,2 ohm ellen\u00e1ll\u00e1s). Ez a szerkezeti kialak\u00edt\u00e1s exponenci\u00e1lisan n\u00f6veli a bels\u0151 kapill\u00e1ris anyaggal val\u00f3 \u00e9rintkez\u00e9si fel\u00fcletet. Az eredm\u00e9ny gyors, egyenletes h\u0151\u00e1tad\u00e1s, amely teljesen elp\u00e1rologtatja a formul\u00e1t an\u00e9lk\u00fcl, hogy el\u0151id\u00e9zn\u00e9 a korai leboml\u00e1st vagy \u00e9g\u00e9sterm\u00e9keket.<\/li>\n<li style=\"margin-bottom: 10px;\">Nagy S\u0171r\u0171s\u00e9g\u0171 1000mAh Akkumul\u00e1tor: A soha nem l\u00e1tott 40 000 m\u0171k\u00f6dtet\u00e9s t\u00e1mogat\u00e1s\u00e1ra a k\u00e9sz\u00fcl\u00e9k pr\u00e9mium l\u00edtium-polimer (Li-Po) cell\u00e1val van felszerelve. Az 1000mAh kapacit\u00e1s magas kis\u00fct\u00e9si stabilit\u00e1st biztos\u00edt, garant\u00e1lva, hogy m\u00e9g a maxim\u00e1lis watt\u00e9rt\u00e9k be\u00e1ll\u00edt\u00e1s\u00e1n\u00e1l is elhanyagolhat\u00f3 a fesz\u00fclts\u00e9g cs\u00f6kken\u00e9se.<\/li>\n<li style=\"margin-bottom: 10px;\">Intelligens LED telemetria: Egy integr\u00e1lt digit\u00e1lis kijelz\u0151 pontos, val\u00f3s idej\u0171 telemetri\u00e1t biztos\u00edt. A kapacit\u00edv \u00e9s fesz\u00fclts\u00e9g\u00e9rz\u00e9kel\u0151k folyamatosan figyelik a fennmarad\u00f3 formula mennyis\u00e9get \u00e9s az elektromos tartal\u00e9kokat, \u00e9s ezt a kritikus adatot megjelen\u00edtik a felhaszn\u00e1l\u00f3 sz\u00e1m\u00e1ra. Ez megsz\u00fcnteti a nagy kapacit\u00e1s\u00fa eldobhat\u00f3 vape-okkal \u00e1ltal\u00e1ban j\u00e1r\u00f3 kisz\u00e1m\u00edthatatlans\u00e1got.<\/li>\n<li style=\"margin-bottom: 10px;\">Pneumatikus l\u00e9g\u00e1raml\u00e1s szab\u00e1lyoz\u00e1s: Az eszk\u00f6z alapja egy pontos 2-szint\u0171 mechanikus l\u00e9g\u00e1raml\u00e1s \u00e1ll\u00edt\u00f3 kapcsol\u00f3val rendelkezik. Ez lehet\u0151v\u00e9 teszi a felhaszn\u00e1l\u00f3 sz\u00e1m\u00e1ra, hogy manu\u00e1lisan korl\u00e1tozza vagy megnyissa a leveg\u0151 be\u00e1raml\u00e1s\u00e1t, megv\u00e1ltoztatva a bels\u0151 nyom\u00e1ses\u00e9st (Pascalban m\u00e9rve) a sima \u00e1tmenet \u00e9rdek\u00e9ben a sz\u00e1jb\u00f3l a t\u00fcd\u0151be (MTL) \u00e9s a korl\u00e1tozott k\u00f6zvetlen t\u00fcd\u0151be (RDL) t\u00f6rt\u00e9n\u0151 inhal\u00e1ci\u00f3s st\u00edlusok k\u00f6z\u00f6tt.<\/li>\n<\/ul>\n<hr style=\"border: 0; height: 1px; background: #e0e0e0; margin: 30px 0;\" \/>\n<h2 style=\"color: #2c3e50; border-bottom: 2px solid #3498db; padding-bottom: 10px;\">Empirikus teljes\u00edtm\u00e9ny \u00e9s laborat\u00f3riumi vizsg\u00e1lat<\/h2>\n<p>A \u201clegfeljebb 40 000 sz\u00edv\u00e1s\u201d \u00e9rt\u00e9kel\u00e9se nem elm\u00e9leti becsl\u00e9s; hanem szabv\u00e1nyos automatiz\u00e1lt laborat\u00f3riumi vizsg\u00e1latokon alapul.  A f\u00fcggetlen gy\u00e1rt\u00e1si auditok pneumatikus f\u00fcst\u00f6l\u0151g\u00e9peket haszn\u00e1lnak, amelyek a szabv\u00e1nyos ipari inhal\u00e1ci\u00f3s param\u00e9terekre vannak kalibr\u00e1lva (\u00e1ltal\u00e1ban 1,5 \u00e9s 2,0 m\u00e1sodperc k\u00f6z\u00f6tti sz\u00edv\u00e1si id\u0151 \u00e1tlagos k\u00f6rnyezeti h\u0151m\u00e9rs\u00e9kleten).<\/p>\n<p>Ezeknek a szimul\u00e1lt stresszteszteknek a sor\u00e1n a VOZOL VISTA stabil g\u0151z s\u0171r\u0171s\u00e9g\u0171 kimenetet tart fenn eg\u00e9sz \u00e9letciklus\u00e1ban. A g\u0151z szil\u00e1rdanyag m\u00e9r\u00e9sei azt mutatj\u00e1k, hogy a kett\u0151s h\u00e1l\u00f3 konfigur\u00e1ci\u00f3 t\u00f6bb mint 92% hat\u00e9konys\u00e1got tart fenn a formula aeroszoliz\u00e1l\u00e1s\u00e1ban, am\u00edg a tart\u00e1ly teljesen ki nem mer\u00fcl. Ezenk\u00edv\u00fcl a Type-C USB t\u00f6lt\u0151 \u00e1ramk\u00f6r\u00e9t biztons\u00e1gos h\u0151szab\u00e1lyoz\u00e1s c\u00e9lj\u00e1b\u00f3l tesztelik, biztos\u00edtva, hogy a l\u00edtium cella ne l\u00e9pje t\u00fal a biztons\u00e1gos \u00fczemi h\u0151m\u00e9rs\u00e9kletet (\u00e1ltal\u00e1ban 45\u00b0C-ra korl\u00e1tozva) a gyors t\u00f6lt\u00e9si ciklusok alatt.<\/p>\n<div style=\"background-color: #ffffff; border: 1px solid #dcdcdc; padding: 20px; margin: 25px 0; border-radius: 8px;\">\n<h3 style=\"margin-top: 0; color: #333;\">\u00dczemeltet\u00e9si Konzisztencia Mutat\u00f3k<\/h3>\n<p>Empirikus fesz\u00fclts\u00e9g-stabilit\u00e1si vizsg\u00e1latok azt mutatj\u00e1k, hogy az MCU hat\u00e9konyan cs\u00f6kkenti \u00e9s n\u00f6veli az akkumul\u00e1tor fesz\u00fclts\u00e9g\u00e9t, hogy fenntartsa a lapos energia kimenetet. M\u00edg a standard eldobhat\u00f3 vape-okn\u00e1l \u00e9szrevehet\u0151 cs\u00f6kken\u00e9s tapasztalhat\u00f3 a g\u0151ztermel\u00e9sben, ahogy az akkumul\u00e1tor \u00e9lettartama 3,6V al\u00e1 cs\u00f6kken, a VOZOL VISTA \u00e1ramk\u00f6re garant\u00e1lja, hogy a 10% akkumul\u00e1tor \u00e9lettartam\u00e1n\u00e1l vett f\u00faj\u00e1s szerkezetileg azonos a 100%-n\u00e9l vett f\u00faj\u00e1ssal.<\/p>\n<\/div>\n<hr style=\"border: 0; height: 1px; background: #e0e0e0; margin: 30px 0;\" \/>\n<h2 style=\"color: #2c3e50; border-bottom: 2px solid #3498db; padding-bottom: 10px;\">Term\u00e9kspecifik\u00e1ci\u00f3k \u00f6sszefoglal\u00e1sa<\/h2>\n<table style=\"width: 100%; border-collapse: collapse; margin-bottom: 30px; font-family: Arial, sans-serif; background-color: #fff;\">\n<thead>\n<tr style=\"background-color: #2c3e50; color: #ffffff; text-align: left;\">\n<th style=\"padding: 15px; border-bottom: 2px solid #1a252f;\">M\u0171szaki adatok kateg\u00f3ria<\/th>\n<th style=\"padding: 15px; border-bottom: 2px solid #1a252f;\">M\u0171szaki r\u00e9szletek<\/th>\n<\/tr>\n<\/thead>\n<tbody>\n<tr style=\"border-bottom: 1px solid #eeeeee;\">\n<td style=\"padding: 12px 15px; font-weight: bold; color: #333;\">Akt\u00edv hat\u00f3anyag koncentr\u00e1ci\u00f3ja<\/td>\n<td style=\"padding: 12px 15px; color: #555;\">50mg\/ml (5% formul\u00e1ci\u00f3)<\/td>\n<\/tr>\n<tr style=\"background-color: #f9f9f9; border-bottom: 1px solid #eeeeee;\">\n<td style=\"padding: 12px 15px; font-weight: bold; color: #333;\">Maxim\u00e1lis m\u0171k\u00f6dtet\u00e9si ciklus<\/td>\n<td style=\"padding: 12px 15px; color: #555;\">Legfeljebb 40 000 bel\u00e9gz\u00e9s<\/td>\n<\/tr>\n<tr style=\"border-bottom: 1px solid #eeeeee;\">\n<td style=\"padding: 12px 15px; font-weight: bold; color: #333;\">Energiat\u00e1rol\u00f3<\/td>\n<td style=\"padding: 12px 15px; color: #555;\">1000mAh \u00fajrat\u00f6lthet\u0151 l\u00edtium-polimer<\/td>\n<\/tr>\n<tr style=\"background-color: #f9f9f9; border-bottom: 1px solid #eeeeee;\">\n<td style=\"padding: 12px 15px; font-weight: bold; color: #333;\">T\u00f6lt\u0151 interf\u00e9sz<\/td>\n<td style=\"padding: 12px 15px; color: #555;\">C-t\u00edpus\u00fa (Egyen\u00e1ram\u00fa bemenet)<\/td>\n<\/tr>\n<tr style=\"border-bottom: 1px solid #eeeeee;\">\n<td style=\"padding: 12px 15px; font-weight: bold; color: #333;\">T\u00e1vm\u00e9r\u0151 interf\u00e9sz<\/td>\n<td style=\"padding: 12px 15px; color: #555;\">HD LED k\u00e9perny\u0151 (T\u00e1pegys\u00e9g, Hanger\u0151, Ciklusjelz\u0151k)<\/td>\n<\/tr>\n<tr style=\"background-color: #f9f9f9; border-bottom: 1px solid #eeeeee;\">\n<td style=\"padding: 12px 15px; font-weight: bold; color: #333;\">F\u0171t\u00e9si Architekt\u00fara<\/td>\n<td style=\"padding: 12px 15px; color: #555;\">Speci\u00e1lis kett\u0151s h\u00e1l\u00f3konfigur\u00e1ci\u00f3<\/td>\n<\/tr>\n<tr style=\"border-bottom: 1px solid #eeeeee;\">\n<td style=\"padding: 12px 15px; font-weight: bold; color: #333;\">Bev\u00e9teli szab\u00e1lyoz\u00e1s<\/td>\n<td style=\"padding: 12px 15px; color: #555;\">2-szint\u0171 \u00e1ll\u00edthat\u00f3 mechanikus l\u00e9g\u00e1raml\u00e1s<\/td>\n<\/tr>\n<tr style=\"background-color: #f9f9f9; border-bottom: 1px solid #eeeeee;\">\n<td style=\"padding: 12px 15px; font-weight: bold; color: #333;\">Kimeneti szab\u00e1lyoz\u00e1s<\/td>\n<td style=\"padding: 12px 15px; color: #555;\">4-szint\u0171 digit\u00e1lis teljes\u00edtm\u00e9nyvez\u00e9rl\u00e9s<\/td>\n<\/tr>\n<tr style=\"border-bottom: 1px solid #eeeeee;\">\n<td style=\"padding: 12px 15px; font-weight: bold; color: #333;\">Nagykereskedelmi Karton Logisztika<\/td>\n<td style=\"padding: 12px 15px; color: #555;\">200 egys\u00e9g \/ 56\u00d727\u00d740 cm \/ 25,8 kg brutt\u00f3 s\u00faly<\/td>\n<\/tr>\n<\/tbody>\n<\/table>\n<hr style=\"border: 0; height: 1px; background: #e0e0e0; margin: 30px 0;\" \/>\n<h2 style=\"color: #2c3e50; border-bottom: 2px solid #3498db; padding-bottom: 10px;\">Aromaprofil kiv\u00e1laszt\u00e1sa \u2013 20 kever\u00e9k el\u00e9rhet\u0151<\/h2>\n<p>A VOZOL VISTA 40000 Puffs pr\u00e9mium, \u00e9lelmiszer-min\u0151s\u00e9g\u0171 \u00f6sszetev\u0151k felhaszn\u00e1l\u00e1s\u00e1val k\u00e9sz\u00fclt, hogy k\u00fcl\u00f6n\u00e1ll\u00f3, er\u0151sen stabil \u00e9rz\u00e9kszervi \u00e9lm\u00e9nyeket hozzon l\u00e9tre. Minden kever\u00e9k alaposan homogeniz\u00e1l\u00e1sra ker\u00fcl, hogy megakad\u00e1lyozza a sz\u00e9tv\u00e1l\u00e1st a tart\u00e1lyban, biztos\u00edtva ezzel a konzisztens \u00edzt az els\u0151 sz\u00edv\u00e1st\u00f3l az utols\u00f3 kimer\u00fcl\u00e9sig. V\u00e1lasszon sz\u00e9lesk\u00f6r\u0171, gondosan elk\u00e9sz\u00edtett profiljaink k\u00f6z\u00fcl:<\/p>\n<ol style=\"column-count: 2; column-gap: 40px; background-color: #fafafa; padding: 25px 40px; border-radius: 8px; border: 1px solid #eee;\">\n<li style=\"margin-bottom: 8px;\">K\u00e9k Razz Fagy<\/li>\n<li style=\"margin-bottom: 8px;\">\u00c1fony\u00e1s Fagy<\/li>\n<li style=\"margin-bottom: 8px;\">Cseresznye K\u00f3la Blend<\/li>\n<li style=\"margin-bottom: 8px;\">Kett\u0151s Alma Kever\u00e9k<\/li>\n<li style=\"margin-bottom: 8px;\">Fagyasztott eper-kiwi<\/li>\n<li style=\"margin-bottom: 8px;\">Sz\u0151l\u0151fagy<\/li>\n<li style=\"margin-bottom: 8px;\">Kertbarack \u0151szibar\u00e1t<\/li>\n<li style=\"margin-bottom: 8px;\">Szerelem 777<\/li>\n<li style=\"margin-bottom: 8px;\">Licsi Narancs Passi\u00f3gy\u00fcm\u00f6lcs<\/li>\n<li style=\"margin-bottom: 8px;\">Mango Frost<\/li>\n<li style=\"margin-bottom: 8px;\">Mang\u00f3 golgotagy\u00fcm\u00f6lcs<\/li>\n<li style=\"margin-bottom: 8px;\">Mang\u00f3 \u0151szibarack<\/li>\n<li style=\"margin-bottom: 8px;\">Dinnye R\u00e1g\u00f3 Kever\u00e9k<\/li>\n<li style=\"margin-bottom: 8px;\">Miami Mint<\/li>\n<li style=\"margin-bottom: 8px;\">Maracuja M\u00e1lna Mandarin<\/li>\n<li style=\"margin-bottom: 8px;\">\u0150szibarack bogy\u00f3<\/li>\n<li style=\"margin-bottom: 8px;\">Eper ban\u00e1n<\/li>\n<li style=\"margin-bottom: 8px;\">Epres g\u00f6r\u00f6gdinnye<\/li>\n<li style=\"margin-bottom: 8px;\">G\u00f6r\u00f6gdinnye r\u00e1g\u00f3gumi<\/li>\n<li style=\"margin-bottom: 8px;\">Vizesdinnye Fagy<\/li>\n<\/ol>\n<hr style=\"border: 0; height: 1px; background: #e0e0e0; margin: 30px 0;\" \/>\n<h2 style=\"color: #2c3e50; border-bottom: 2px solid #3498db; padding-bottom: 10px;\">Ipar\u00e1gi Hat\u00f3s\u00e1g, Bizalom \u00e9s Nagykereskedelmi Megfelel\u0151s\u00e9g<\/h2>\n<p>Egy sikeres v\u00e1llalkoz\u00e1s m\u0171k\u00f6dtet\u00e9se a modern vape szektorban t\u00f6bbet k\u00f6vetel meg, mint egy vonz\u00f3 term\u00e9ket; szigor\u00fa k\u00f6vetelm\u00e9nyeket t\u00e1maszt az ipari szab\u00e1lyoz\u00e1sok betart\u00e1s\u00e1val \u00e9s az ell\u00e1t\u00e1si l\u00e1nc teljes \u00e1tl\u00e1that\u00f3s\u00e1g\u00e1val szemben. A Vapexyz-n\u00e9l egy 8 \u00e9ves m\u0171k\u00f6d\u00e9si id\u0151szak alatt bizalmi alapot \u00e9p\u00edtett\u00fcnk fel az\u00e1ltal, hogy el\u0151t\u00e9rbe helyezt\u00fck a fogyaszt\u00f3i biztons\u00e1got \u00e9s a B2B m\u0171k\u00f6d\u00e9si integrit\u00e1st.<\/p>\n<ul>\n<li style=\"margin-bottom: 10px;\">Gy\u00e1rt\u00e1si szabv\u00e1nyok: A VOZOL k\u00e9sz\u00fcl\u00e9keket ISO 9001 tan\u00fas\u00edtv\u00e1nnyal rendelkez\u0151 tiszta helyis\u00e9gekben szerelik \u00f6ssze. A g\u0151z \u00fatvonal\u00e1ban haszn\u00e1lt anyagok, els\u0151sorban a PCTG (Polikiklhexil\u00e9n-dimetil\u00e9n-tereftal\u00e1t-glikol), \u00e9lelmiszer-min\u0151s\u00e9g\u0171 m\u0171anyagok, amelyek magas h\u0151ellen\u00e1ll\u00e1sukr\u00f3l \u00e9s k\u00e9miai stabilit\u00e1sukr\u00f3l ismertek.<\/li>\n<li style=\"margin-bottom: 10px;\">Szab\u00e1lyoz\u00e1si megfelel\u0151s\u00e9g: Minden egys\u00e9g megfelel az eur\u00f3pai szabv\u00e1nyos hardverdirekt\u00edv\u00e1knak, bele\u00e9rtve a RoHS (vesz\u00e9lyes anyagok korl\u00e1toz\u00e1sa) \u00e9s a CE tan\u00fas\u00edtv\u00e1nyokat is, amelyek igazolj\u00e1k, hogy a digit\u00e1lis alkatr\u00e9szek megfelelnek a k\u00f6rnyezeti \u00e9s biztons\u00e1gi szabv\u00e1nyoknak.<\/li>\n<li style=\"margin-bottom: 10px;\">Hamis\u00edt\u00e1sellenes Infrastrukt\u00fara: A piacot gyakran zavarj\u00e1k a jogosulatlan ut\u00e1nzatok. A Vapexyz \u00e1ltal sz\u00e1ll\u00edtott minden t\u00e9tel titkos\u00edtott kriptogr\u00e1fiai QR-k\u00f3dokat tartalmaz. Ez lehet\u0151v\u00e9 teszi a nagykereskedelmi forgalmaz\u00f3k \u00e9s a v\u00e9gfelhaszn\u00e1l\u00f3k sz\u00e1m\u00e1ra egyar\u00e1nt, hogy k\u00f6zvetlen\u00fcl a gy\u00e1rt\u00f3 biztons\u00e1gos adatb\u00e1zis\u00e1n kereszt\u00fcl ellen\u0151rizz\u00e9k eldobhat\u00f3 vape term\u00e9keik hiteless\u00e9g\u00e9t.<\/li>\n<li style=\"margin-bottom: 10px;\">Optimaliz\u00e1lt logisztika: Eloszt\u00e1si keretrendszer\u00fcnk \u00fagy van kialak\u00edtva, hogy megel\u0151zze a logisztikai sz\u0171k keresztmetszeteket. Teljesen felt\u00f6lt\u00f6tt, strat\u00e9giailag elhelyezked\u0151, EU-ban tal\u00e1lhat\u00f3 rakt\u00e1rakat tartunk fenn. Ez az infrastrukt\u00fara garant\u00e1lja a gyors kisz\u00e1ll\u00edt\u00e1si id\u0151ket, minimaliz\u00e1lja a v\u00e1mkezel\u00e9si k\u00e9s\u00e9seket \u00e9s biztos\u00edtja a kisz\u00e1m\u00edthat\u00f3 ell\u00e1t\u00e1si l\u00e1ncot az \u00d6n kiskereskedelmi helysz\u00ednei sz\u00e1m\u00e1ra.<\/li>\n<\/ul>\n<hr style=\"border: 0; height: 1px; background: #e0e0e0; margin: 30px 0;\" \/>\n<h2 style=\"color: #2c3e50; border-bottom: 2px solid #3498db; padding-bottom: 10px;\">Gyakran Ism\u00e9telt K\u00e9rd\u00e9sek (F\u0151bb Pontok)<\/h2>\n<div style=\"background-color: #ffffff; border: 1px solid #e0e0e0; padding: 20px; margin-bottom: 15px; border-radius: 8px;\">\n<h4 style=\"margin: 0 0 10px 0; color: #2c3e50; font-size: 1.1em;\">Mi\u00e9rt tekintik a VOZOL VISTA 40000-et optim\u00e1lis v\u00e1laszt\u00e1snak nagy mennyis\u00e9g\u0171 beszerz\u00e9shez?<\/h4>\n<p style=\"margin: 0; color: #555;\">A k\u00e9sz\u00fcl\u00e9k nagyon kisz\u00e1m\u00edthat\u00f3 teljes\u00edtm\u00e9nyadatokat produk\u00e1l a digit\u00e1lis MCU \u00e9s a kett\u0151s h\u00e1l\u00f3s kialak\u00edt\u00e1s miatt. Egy keresked\u0151 sz\u00e1m\u00e1ra ez minim\u00e1lis hib\u00e1s visszak\u00fcld\u00e9st jelent. Ezenk\u00edv\u00fcl a 40 000 m\u0171k\u00f6dtet\u00e9si kapacit\u00e1s biztos\u00edtja a fogyaszt\u00f3k hossz\u00fa t\u00e1v\u00fa megtart\u00e1s\u00e1t \u00e9s az egys\u00e9genk\u00e9nti magas \u00e9rz\u00e9kelt \u00e9rt\u00e9ket.<\/p>\n<\/div>\n<div style=\"background-color: #ffffff; border: 1px solid #e0e0e0; padding: 20px; margin-bottom: 15px; border-radius: 8px;\">\n<h4 style=\"margin: 0 0 10px 0; color: #2c3e50; font-size: 1.1em;\">Hogyan m\u0171k\u00f6dik a 4-szint\u0171 digit\u00e1lis teljes\u00edtm\u00e9nyvez\u00e9rl\u0151 funkci\u00f3?<\/h4>\n<p style=\"margin: 0; color: #555;\">A bels\u0151 \u00e1ramk\u00f6ri lap m\u00f3dos\u00edtja a kett\u0151s h\u00e1l\u00f3 f\u0171t\u0151elemhez sz\u00e1ll\u00edtott elektromos \u00e1ramot. Az 1. szint h\u0171v\u00f6sebb, er\u0151sen konzervat\u00edv \u00e1ramfelv\u00e9telt biztos\u00edt, amely maximaliz\u00e1lja a tart\u00e1ly \u00e9lettartam\u00e1t. A 4. szintre l\u00e9p\u00e9s n\u00f6veli a h\u0151teljes\u00edtm\u00e9nyt, s\u0171r\u0171bb g\u0151zfelh\u0151t \u00e9s er\u0151sebb torok\u00fct\u00e9st eredm\u00e9nyezve, kiss\u00e9 gyorsabb kimer\u00fcl\u00e9s \u00e1r\u00e1n.<\/p>\n<\/div>\n<div style=\"background-color: #ffffff; border: 1px solid #e0e0e0; padding: 20px; margin-bottom: 15px; border-radius: 8px;\">\n<h4 style=\"margin: 0 0 10px 0; color: #2c3e50; font-size: 1.1em;\">Vannak-e speci\u00e1lis t\u00e1rol\u00e1si k\u00f6vetelm\u00e9nyek ezekre az eldobhat\u00f3 vapeokra?<\/h4>\n<p style=\"margin: 0; color: #555;\">A bels\u0151 \u00f6sszet\u00e9tel k\u00e9miai stabilit\u00e1s\u00e1nak \u00e9s a l\u00edtium-polimer akkumul\u00e1tor eg\u00e9szs\u00e9g\u00e9nek fenntart\u00e1sa \u00e9rdek\u00e9ben a kartonokat kl\u00edmaszab\u00e1lyozott k\u00f6rnyezetben kell t\u00e1rolni, k\u00f6zvetlen ultraibolya sug\u00e1rz\u00e1st\u00f3l t\u00e1vol. Az optim\u00e1lis t\u00e1rol\u00e1si h\u0151m\u00e9rs\u00e9klet 15\u00b0C \u00e9s 25\u00b0C k\u00f6z\u00f6tt van.<\/p>\n<\/div>\n<hr style=\"border: 0; height: 1px; background: #e0e0e0; margin: 30px 0;\" \/>\n<p>Ha v\u00e1llalkoz\u00e1sa m\u0171szakilag fejlett, megb\u00edzhat\u00f3 \u00e9s nagyon keresett k\u00e9sz\u00fcl\u00e9ket ig\u00e9nyel, a VOZOL VISTA 40000 Puffs biztos\u00edtja a sz\u00fcks\u00e9ges m\u00e9rn\u00f6ki munk\u00e1t \u00e9s hossz\u00fa \u00e9lettartamot a term\u00e9kvonal\u00e1nak meger\u0151s\u00edt\u00e9s\u00e9hez. K\u00f6zpontos\u00edtsa beszerz\u00e9s\u00e9t a Vapexyz-szel m\u00e9g ma, hogy biztos\u00edtsa a gy\u00e1ri k\u00f6zvetlen \u00e1raz\u00e1st \u00e9s garant\u00e1lja, hogy k\u00e9szlete verifik\u00e1lhat\u00f3, pr\u00e9mium eldobhat\u00f3 vape-okkal legyen felt\u00f6ltve.<\/p>\n<div style=\"text-align: center; margin-top: 40px;\"><img loading=\"lazy\" decoding=\"async\" class=\"alignnone wp-image-50565 size-full\" style=\"max-width: 100%; height: auto; border-radius: 8px;\" src=\"https:\/\/vapexyz.com\/wp-content\/uploads\/2025\/07\/Vozol-Vista-40000-Puffs-50mg-Authentic-Disposable-Vape-Low-Nicotine-Bulk-Buy.webp\" alt=\"Vozol Vista 40000 Puffs 50mg Eredeti Eldobhat\u00f3 Vape Alacsony Nikotin Nagy T\u00e9telben V\u00e1s\u00e1rl\u00e1s\" width=\"2560\" height=\"1280\" title=\"\" srcset=\"https:\/\/vapexyz.com\/wp-content\/uploads\/2025\/07\/Vozol-Vista-40000-Puffs-50mg-Authentic-Disposable-Vape-Low-Nicotine-Bulk-Buy.webp 2560w, https:\/\/vapexyz.com\/wp-content\/uploads\/2025\/07\/Vozol-Vista-40000-Puffs-50mg-Authentic-Disposable-Vape-Low-Nicotine-Bulk-Buy-500x250.webp 500w, https:\/\/vapexyz.com\/wp-content\/uploads\/2025\/07\/Vozol-Vista-40000-Puffs-50mg-Authentic-Disposable-Vape-Low-Nicotine-Bulk-Buy-1024x512.webp 1024w, https:\/\/vapexyz.com\/wp-content\/uploads\/2025\/07\/Vozol-Vista-40000-Puffs-50mg-Authentic-Disposable-Vape-Low-Nicotine-Bulk-Buy-768x384.webp 768w, https:\/\/vapexyz.com\/wp-content\/uploads\/2025\/07\/Vozol-Vista-40000-Puffs-50mg-Authentic-Disposable-Vape-Low-Nicotine-Bulk-Buy-1536x768.webp 1536w, https:\/\/vapexyz.com\/wp-content\/uploads\/2025\/07\/Vozol-Vista-40000-Puffs-50mg-Authentic-Disposable-Vape-Low-Nicotine-Bulk-Buy-2048x1024.webp 2048w, https:\/\/vapexyz.com\/wp-content\/uploads\/2025\/07\/Vozol-Vista-40000-Puffs-50mg-Authentic-Disposable-Vape-Low-Nicotine-Bulk-Buy-18x9.webp 18w, https:\/\/vapexyz.com\/wp-content\/uploads\/2025\/07\/Vozol-Vista-40000-Puffs-50mg-Authentic-Disposable-Vape-Low-Nicotine-Bulk-Buy-510x255.webp 510w\" sizes=\"auto, (max-width: 2560px) 100vw, 2560px\" \/><\/div>\n<\/article>","protected":false},"excerpt":{"rendered":"<p>A VOZOL VISTA 40000 Puffs egy nagy teljes\u00edtm\u00e9ny\u0171 \u00fajrat\u00f6lthet\u0151 eldobhat\u00f3 vape, intelligens kijelz\u0151, \u00e1ll\u00edthat\u00f3 l\u00e9g\u00e1raml\u00e1s \u00e9s teljes\u00edtm\u00e9ny, valamint 20 er\u0151s \u00edz - t\u00f6k\u00e9letes nagy mennyis\u00e9g\u0171 viszontelad\u00e1si rendel\u00e9sekhez a Vapexyz-t\u0151l, az \u00d6n megb\u00edzhat\u00f3 eur\u00f3pai besz\u00e1ll\u00edt\u00f3j\u00e1t\u00f3l.<\/p>","protected":false},"featured_media":50557,"comment_status":"open","ping_status":"closed","template":"","meta":{"_lmt_disableupdate":"no","_lmt_disable":""},"product_brand":[],"product_cat":[1046,989,947,935,934,927,929,928,930,933,939,932,938,931,936,937,1017,949,946,950,1016,951,953,987],"product_tag":[],"class_list":{"0":"post-50566","1":"product","2":"type-product","3":"status-publish","4":"has-post-thumbnail","6":"product_cat-vozol-disposable-vapes","7":"product_cat-40000-puff-vapes","8":"product_cat-big-puffs-vapes","9":"product_cat-bulk-buy-disposable-vapes-in-austria","10":"product_cat-bulk-buy-disposable-vapes-in-belgium","11":"product_cat-bulk-buy-disposable-vapes-in-europe","12":"product_cat-bulk-buy-disposable-vapes-in-france","13":"product_cat-bulk-buy-disposable-vapes-in-germany","14":"product_cat-bulk-buy-disposable-vapes-in-italy","15":"product_cat-bulk-buy-disposable-vapes-in-netherlands","16":"product_cat-bulk-buy-disposable-vapes-in-norway","17":"product_cat-bulk-buy-disposable-vapes-in-poland","18":"product_cat-bulk-buy-disposable-vapes-in-portugal","19":"product_cat-bulk-buy-disposable-vapes-in-spain","20":"product_cat-bulk-buy-disposable-vapes-in-sweden","21":"product_cat-bulk-buy-disposable-vapes-in-switzerland","22":"product_cat-buy-best-disposable-vape-flavors","23":"product_cat-digital-box-vapes","24":"product_cat-disposable-vapes-series","25":"product_cat-dual-mesh-vapes","26":"product_cat-european-vape-warehouse","27":"product_cat-lower-nicotine-vapes","28":"product_cat-rechargeable-vapes","29":"product_cat-vape-shop-by-puffs","31":"first","32":"instock","33":"shipping-taxable","34":"purchasable","35":"product-type-variable","36":"has-default-attributes"},"jetpack_sharing_enabled":true,"tiered_pricing_type":"fixed","tiered_pricing_fixed_rules":[],"tiered_pricing_product_settings":{"layout":"default","base_unit_name":{"singular":null,"plural":null},"default_variation":null},"tiered_pricing_minimum_quantity":null,"tiered_pricing_roles_data":[],"tiered_pricing_percentage_rules":[],"tiered_pricing_maximum_quantity":null,"tiered_pricing_quantity_step":null,"_links":{"self":[{"href":"https:\/\/vapexyz.com\/hu\/wp-json\/wp\/v2\/product\/50566","targetHints":{"allow":["GET"]}}],"collection":[{"href":"https:\/\/vapexyz.com\/hu\/wp-json\/wp\/v2\/product"}],"about":[{"href":"https:\/\/vapexyz.com\/hu\/wp-json\/wp\/v2\/types\/product"}],"replies":[{"embeddable":true,"href":"https:\/\/vapexyz.com\/hu\/wp-json\/wp\/v2\/comments?post=50566"}],"wp:featuredmedia":[{"embeddable":true,"href":"https:\/\/vapexyz.com\/hu\/wp-json\/wp\/v2\/media\/50557"}],"wp:attachment":[{"href":"https:\/\/vapexyz.com\/hu\/wp-json\/wp\/v2\/media?parent=50566"}],"wp:term":[{"taxonomy":"product_brand","embeddable":true,"href":"https:\/\/vapexyz.com\/hu\/wp-json\/wp\/v2\/product_brand?post=50566"},{"taxonomy":"product_cat","embeddable":true,"href":"https:\/\/vapexyz.com\/hu\/wp-json\/wp\/v2\/product_cat?post=50566"},{"taxonomy":"product_tag","embeddable":true,"href":"https:\/\/vapexyz.com\/hu\/wp-json\/wp\/v2\/product_tag?post=50566"}],"curies":[{"name":"wp","href":"https:\/\/api.w.org\/{rel}","templated":true}]}}