{"id":47264,"date":"2025-06-08T09:04:58","date_gmt":"2025-06-08T09:04:58","guid":{"rendered":"https:\/\/vapexyz.com\/?post_type=product&#038;p=47264"},"modified":"2026-03-25T03:35:42","modified_gmt":"2026-03-25T03:35:42","slug":"jnr-tank-pro-33000-puff-eldobhato-vape-keszulek-europai-professzionalis-vape-forgalmazoknak","status":"publish","type":"product","link":"https:\/\/vapexyz.com\/hu\/product\/jnr-tank-pro-33000-puff-disposable-vape-crafted-for-european-professional-vape-distributors\/","title":{"rendered":"JNR TANK PRO 33000 Puff Eldobhat\u00f3 Vape Eur\u00f3pai Professzion\u00e1lis Vape Forgalmaz\u00f3knak K\u00e9sz\u00fclt"},"content":{"rendered":"<article style=\"font-family: -apple-system, BlinkMacSystemFont, 'Segoe UI', Roboto, Helvetica, Arial, sans-serif;line-height: 1.6;color: #333;max-width: 100%;margin: 0 auto;padding: 20px\">\n<h2 style=\"color: #2c3e50;border-bottom: 2px solid #3498db;padding-bottom: 10px\">JNR TANK PRO 33000 Puff Eldobhat\u00f3 Vape: Professzion\u00e1lis Forgalmaz\u00f3k sz\u00e1m\u00e1ra Tervezve<\/h2>\n<p>T\u00f6bb mint nyolc \u00e9ve m\u0171k\u00f6dik a vapexyz.com, mint a pr\u00e9mium eldobhat\u00f3 vape term\u00e9kekre specializ\u00e1l\u00f3dott nagykereskedelmi k\u00f6zpont, er\u0151s ell\u00e1t\u00e1si l\u00e1ncokat kialak\u00edtva N\u00e9metorsz\u00e1gban, Hollandi\u00e1ban, Belgiumban, Spanyolorsz\u00e1gban, Franciaorsz\u00e1gban, Portug\u00e1li\u00e1ban, Lengyelorsz\u00e1gban, Olaszorsz\u00e1gban \u00e9s a sz\u00e9lesebb eur\u00f3pai piacon.  A nagy ig\u00e9ny\u0171 m\u00e1rk\u00e1k - bele\u00e9rtve a RandM Tornad\u00f3t, a FIZZYT, a FUMOT-ot, a Waspe-t \u00e9s a Vapme-t - bev\u00e1lt forgalmaz\u00f3jak\u00e9nt szigor\u00fa ellen\u0151rz\u00e9si folyamatokra t\u00e1maszkodunk k\u00e9szlet\u00fcnk kialak\u00edt\u00e1s\u00e1hoz.  Els\u0151dleges szempont a struktur\u00e1lis megb\u00edzhat\u00f3s\u00e1g, a hiteles vizsg\u00e1lati adatok \u00e9s a nemzetk\u00f6zi gy\u00e1rt\u00e1si szabv\u00e1nyok szigor\u00fa betart\u00e1sa.<\/p>\n<p>Ma bemutatjuk a JNR TANK PRO 33000 Puff eldobhat\u00f3 vape-ot. T\u00fall\u00e9pve a szok\u00e1sos prom\u00f3ci\u00f3s \u00e1ll\u00edt\u00e1sokon, ez a m\u0171szaki \u00e1ttekint\u00e9s r\u00e9szletes, empirikus bont\u00e1st ny\u00fajt a k\u00e9sz\u00fcl\u00e9k hardveres tervez\u00e9s\u00e9r\u0151l, h\u0151teljes\u00edtm\u00e9ny\u00e9r\u0151l \u00e9s megfelel\u0151s\u00e9gi profilj\u00e1r\u00f3l, amelyet kifejezetten szakmai nagykereskedelmi v\u00e1s\u00e1rl\u00f3k \u00e9s kiskereskedelmi partnerek t\u00e1j\u00e9koztat\u00e1s\u00e1ra terveztek.<\/p>\n<div style=\"background-color: #f8f9fa;border-left: 5px solid #2ecc71;padding: 15px;margin: 25px 0;border-radius: 4px\">\n<h4 style=\"margin-top: 0;color: #27ae60;font-size: 1.1em\">Hat\u00f3s\u00e1gi \u00e9s Ipari Szabv\u00e1nyok Hiteles\u00edt\u00e9se<\/h4>\n<p style=\"margin-bottom: 0\">A vapexyz.com-r\u0151l t\u00f6rt\u00e9n\u0151 beszerz\u00e9s biztos\u00edtja a kritikus elektronikai hardver szabv\u00e1nyokkal val\u00f3 \u00f6sszhangot. A JNR TANK PRO hardvert ISO 9001 tan\u00fas\u00edtv\u00e1nnyal rendelkez\u0151 l\u00e9tes\u00edtm\u00e9nyekben gy\u00e1rtj\u00e1k. Az elektronikai alkatr\u00e9szek megfelelnek a CE (Conformit\u00e9 Europ\u00e9enne) ir\u00e1nyelveknek az elektromos biztons\u00e1gra vonatkoz\u00f3an, valamint a RoHS (Vesz\u00e9lyes Anyagok Korl\u00e1toz\u00e1sa) ir\u00e1nyelveknek, biztos\u00edtva a korl\u00e1tozott neh\u00e9z f\u00e9mek hi\u00e1ny\u00e1t a bels\u0151 \u00e1ramk\u00f6r\u00f6kben. Ezenk\u00edv\u00fcl a bels\u0151 \u00e1ramforr\u00e1sok megfelelnek az UN38.3 szabv\u00e1nynak a l\u00edtium-ion akkumul\u00e1torok biztons\u00e1gos nemzetk\u00f6zi sz\u00e1ll\u00edt\u00e1s\u00e1ra vonatkoz\u00f3an.<\/p>\n<\/div>\n<h2 style=\"color: #2c3e50;border-bottom: 2px solid #3498db;padding-bottom: 10px;margin-top: 40px\">M\u00e9rn\u00f6ki Kiv\u00e1l\u00f3s\u00e1g: \u00dajra\u00e9rtelmezett Alapvet\u0151 M\u0171szaki K\u00f6vetelm\u00e9nyek<\/h2>\n<p>A JNR TANK PRO eldobhat\u00f3 vape architekt\u00fara hosszabb kitart\u00e1sra \u00e9s h\u0151stabilit\u00e1sra van tervezve. A fejlett tekercs f\u00e9mipar \u00e9s az intelligens teljes\u00edtm\u00e9nykezel\u00e9s integr\u00e1l\u00e1sa hat\u00e1rozott alapot \u00e1llap\u00edt meg a modern hordozhat\u00f3 hardver sz\u00e1m\u00e1ra.<\/p>\n<table style=\"width: 100%;border-collapse: collapse;margin: 25px 0;font-size: 0.95em;border-radius: 8px;overflow: hidden\">\n<thead>\n<tr style=\"background-color: #3498db;color: #ffffff;text-align: left\">\n<th style=\"padding: 15px;font-weight: bold\">M\u0171szaki param\u00e9ter<\/th>\n<th style=\"padding: 15px;font-weight: bold\">M\u0171szaki adatok<\/th>\n<th style=\"padding: 15px;font-weight: bold\">M\u00e9rn\u00f6ki vonatkoz\u00e1s<\/th>\n<\/tr>\n<\/thead>\n<tbody>\n<tr style=\"border-bottom: 1px solid #dddddd\">\n<td style=\"padding: 15px;background-color: #fdfdfd\">Aktiv\u00e1l\u00e1si sz\u00e1ml\u00e1l\u00f3 (f\u00faj\u00e1sok)<\/td>\n<td style=\"padding: 15px\">Legfeljebb 33 000 (g\u00e9ppel tesztelt maximum)<\/td>\n<td style=\"padding: 15px\">Optim\u00e1lis, ellen\u0151rz\u00f6tt mikro-kis\u00fct\u00e9si k\u00f6r\u00fclm\u00e9nyek k\u00f6z\u00f6tt meghosszabb\u00edtja az \u00fczemi \u00e9lettartamot.<\/td>\n<\/tr>\n<tr style=\"border-bottom: 1px solid #dddddd\">\n<td style=\"padding: 15px;background-color: #f9f9f9\">T\u00e1roz\u00f3kapacit\u00e1s<\/td>\n<td style=\"padding: 15px\">28 ml-es el\u0151t\u00f6lt\u00f6tt kamra<\/td>\n<td style=\"padding: 15px\">Nagymennyis\u00e9g\u0171 t\u00e1rol\u00f3kapacit\u00e1s, amely \u00fagy van tervezve, hogy megfeleljen az \u00fajrat\u00f6lthet\u0151 bels\u0151 akkumul\u00e1tor \u00e9lettartam\u00e1nak.<\/td>\n<\/tr>\n<tr style=\"border-bottom: 1px solid #dddddd\">\n<td style=\"padding: 15px;background-color: #fdfdfd\">H\u0151motor<\/td>\n<td style=\"padding: 15px\">H\u00e1romszoros \u00e9s Du\u00e1lis Mesh Tekercs Rendszer<\/td>\n<td style=\"padding: 15px\">T\u00f6bb mint 40% -kal n\u00f6veli a f\u0171t\u00e9si fel\u00fcletet a szabv\u00e1nyos egysz\u00e1las tekercsekhez k\u00e9pest, optimaliz\u00e1lva az aeroszolk\u00e9pz\u0151d\u00e9st.<\/td>\n<\/tr>\n<tr style=\"border-bottom: 1px solid #dddddd\">\n<td style=\"padding: 15px;background-color: #f9f9f9\">\u00c1ramforr\u00e1s<\/td>\n<td style=\"padding: 15px\">850mAh L\u00edtium-ion polimer<\/td>\n<td style=\"padding: 15px\">Nagykis\u00fcl\u00e9s\u0171 cella, PCB v\u00e9delmi rendszerrel a t\u00falt\u00f6lt\u00e9s \u00e9s a r\u00f6vidz\u00e1rlat ellen.<\/td>\n<\/tr>\n<tr>\n<td style=\"padding: 15px;background-color: #fdfdfd\">T\u00e1vm\u00e9r\u0151 interf\u00e9sz<\/td>\n<td style=\"padding: 15px\">Digit\u00e1lis LED kijelz\u0151<\/td>\n<td style=\"padding: 15px\">Val\u00f3s idej\u0171 mennyis\u00e9gi visszajelz\u00e9s (0-100%) az akkumul\u00e1tor fesz\u00fclts\u00e9g\u00e9r\u0151l \u00e9s a fennmarad\u00f3 oldatszintekre vonatkoz\u00f3an.<\/td>\n<\/tr>\n<\/tbody>\n<\/table>\n<h3 style=\"color: #34495e;margin-top: 30px\">Termodinamikai hat\u00e9konys\u00e1g: A h\u00e1l\u00f3s tekercsrendszer<\/h3>\n<p>A k\u00e9sz\u00fcl\u00e9k teljes\u00edtm\u00e9ny\u00e9nek k\u00f6z\u00e9ppontj\u00e1ban a Dual \u00e9s Triple Mesh tekercsarchitekt\u00fara \u00e1ll. A hagyom\u00e1nyos dr\u00f3ttekercsek gyakran szenvednek a k\u00f6zpontos\u00edtott h\u0151felhalmoz\u00f3d\u00e1st\u00f3l, ami egyenetlen elp\u00e1rologtat\u00e1shoz \u00e9s a sz\u00edv\u00f3anyag leboml\u00e1s\u00e1hoz vezet (gyakran nem k\u00edv\u00e1nt termikus leboml\u00e1st vagy \u201csz\u00e1raz \u00fct\u00e9seket\u201d eredm\u00e9nyezve). A h\u00e1l\u00f3 r\u00e1cstervez\u00e9se egyenletesen osztja el az elektromos ellen\u00e1ll\u00e1st egy sz\u00e9lesebb fel\u00fcleten. Ez biztos\u00edtja a bels\u0151 oldat egyenletes f\u0171t\u00e9s\u00e9t, maximaliz\u00e1lva a fogyaszt\u00e1s hat\u00e9konys\u00e1g\u00e1t \u00e9s fenntartva a szerkezeti integrit\u00e1st a 28ml-es tart\u00e1ly \u00e9lettartama alatt.<\/p>\n<h2 style=\"color: #2c3e50;border-bottom: 2px solid #3498db;padding-bottom: 10px;margin-top: 40px\">Empirikus tesztel\u00e9s \u00e9s teljes\u00edtm\u00e9ny valid\u00e1l\u00e1s<\/h2>\n<p>A hardveres k\u00e9pess\u00e9gek \u00e1tl\u00e1that\u00f3s\u00e1ga megk\u00f6veteli, hogy elt\u00e1volodjunk az \u00e1ltal\u00e1nos marketing kifejez\u00e9sekt\u0151l.  A JNR TANK PRO eldobhat\u00f3 vape term\u00e9kek specifik\u00e1ci\u00f3i szabv\u00e1nyos\u00edtott hardveres tesztel\u00e9si protokollokon alapulnak.<\/p>\n<div style=\"background-color: #fff9e6;border-left: 5px solid #f1c40f;padding: 15px;margin: 25px 0;border-radius: 4px\">\n<h4 style=\"margin-top: 0;color: #d35400;font-size: 1.1em\">Laborat\u00f3riumi vizsg\u00e1lat \u00e9s m\u0171k\u00f6dtet\u00e9si mutat\u00f3k<\/h4>\n<p style=\"margin-bottom: 10px\">A \u201c33 000 sz\u00edv\u00e1s\u201d \u00e1ll\u00edt\u00e1sa egy empirikus maximum, amelyet automatiz\u00e1lt pneumatikus vizsg\u00e1l\u00f3g\u00e9pekb\u0151l sz\u00e1rmaztatnak. A vizsg\u00e1lati param\u00e9terek \u00e1ltal\u00e1ban a k\u00f6vetkez\u0151k:<\/p>\n<ul style=\"margin-top: 0;padding-left: 20px\">\n<li>Rajzol\u00e1si id\u0151tartam: 1,0 \u00e9s 1,5 m\u00e1sodperc k\u00f6z\u00f6tt szabv\u00e1nyos\u00edtva minden egyes m\u0171velethez.<\/li>\n<li>Pihen\u0151id\u0151: 10-15 m\u00e1sodperc az aktiv\u00e1l\u00e1sok k\u00f6z\u00f6tt, hogy lehet\u0151v\u00e9 tegye az optim\u00e1lis kapill\u00e1ris hat\u00e1st a felsz\u00edv\u00f3 szubsztr\u00e1tban.<\/li>\n<li>K\u00f6rnyezeti szab\u00e1lyoz\u00e1s: Szabv\u00e1nyos szobah\u0151m\u00e9rs\u00e9kleten (22\u00b0C\/72\u00b0F) v\u00e9gezt\u00e9k a oldat viszkozit\u00e1s\u00e1nak v\u00e1ltoz\u00e1sainak megel\u0151z\u00e9se \u00e9rdek\u00e9ben.<\/li>\n<\/ul>\n<p style=\"margin-bottom: 0\"><em>Szakszer\u0171 megjegyz\u00e9s:<\/em> A val\u00f3s vil\u00e1g alkalmaz\u00e1saiban a fogyaszt\u00f3i viselked\u00e9s v\u00e1ltozik. A 3-5 m\u00e1sodpercig tart\u00f3 m\u00e9ly t\u00fcd\u0151f\u00faj\u00e1sok eredend\u0151en nagyobb mennyis\u00e9g\u0171 k\u00e9sz\u00edtm\u00e9nyt fogyasztanak el minden egyes aktiv\u00e1l\u00e1sn\u00e1l, ami alacsonyabb teljes f\u00faj\u00e1ssz\u00e1mot eredm\u00e9nyez. Azt tan\u00e1csoljuk a keresked\u0151knek, hogy kommunik\u00e1lj\u00e1k ezeket a mechanikai realit\u00e1sokat a v\u00e9gfelhaszn\u00e1l\u00f3kkal a m\u00e1rka bizalm\u00e1nak ki\u00e9p\u00edt\u00e9se \u00e9rdek\u00e9ben.<\/p>\n<\/div>\n<h2 style=\"color: #2c3e50;border-bottom: 2px solid #3498db;padding-bottom: 10px;margin-top: 40px\">\u00c9rz\u00e9kszervi m\u00e9rn\u00f6ks\u00e9g: 15 prec\u00edzi\u00f3s kialak\u00edt\u00e1s\u00fa profil<\/h2>\n<p>A vape \u00e9rz\u00e9kszervi tapasztalata nagym\u00e9rt\u00e9kben f\u00fcgg bels\u0151 formul\u00e1j\u00e1nak min\u0151s\u00e9g\u00e9t\u0151l \u00e9s stabilit\u00e1s\u00e1t\u00f3l. A JNR TANK PRO nagy tisztas\u00e1g\u00fa arom\u00e1s vegy\u00fcleteket haszn\u00e1l, amelyek \u00fagy vannak keverve, hogy megakad\u00e1lyozz\u00e1k a k\u00e9miai sz\u00e9tv\u00e1l\u00e1st a k\u00e9sz\u00fcl\u00e9k hossz\u00fa \u00e9lettartama alatt. A jelenlegi portf\u00f3li\u00f3 15 k\u00fcl\u00f6nb\u00f6z\u0151, szigor\u00faan tesztelt \u00e9rz\u00e9kszervi profilt tartalmaz:<\/p>\n<ol style=\"list-style-type: decimal;padding-left: 20px;line-height: 1.8\">\n<li>K\u00e9k\u00e1fonya J\u00e9g: Az \u00e9rett \u00e1fonya pontos m\u00e1solata, amelyet egy \u00e9les, er\u0151sen finom\u00edtott mentol h\u0171t\u0151anyag egyens\u00falyoz ki kil\u00e9gz\u00e9skor.<\/li>\n<li>Mr. Blue: Egy \u00f6sszetett arom\u00e1s szint\u00e9zis a k\u00e9k m\u00e1lna jegyeib\u0151l, melyek \u00f6sszefon\u00f3dnak vil\u00e1gos citrusos alaphangokkal.<\/li>\n<li>Eper J\u00e9g: Egy \u00e9l\u00e9nk eperprofil, p\u00e1ros\u00edtva egy hat\u00e1rozott, tart\u00f3s h\u0171t\u00e9si \u00e9rz\u00e9ssel a h\u0151m\u00e9rs\u00e9klet-kiegyens\u00falyozott haszn\u00e1lat \u00e9rdek\u00e9ben.<\/li>\n<li>Eper Kiwi: Egy kett\u0151s profil\u00fa kever\u00e9k, amely az eper term\u00e9szetes \u00e9dess\u00e9g\u00e9t kiegyens\u00falyozza a kiwi kivonat \u00e9les, fanyar jellemz\u0151ivel.<\/li>\n<li>Cherry Berry: A m\u00e9ly, robusztus f\u00fazi\u00f3ja a s\u00f6t\u00e9tv\u00f6r\u00f6s csereszny\u00e9knek \u00e9s a savany\u00fa feketeber\u00e9nynek, amely s\u0171r\u0171 aromakibocs\u00e1t\u00e1st k\u00edn\u00e1l.<\/li>\n<li>Cherry Cola: \u00dagy tervezt\u00e9k, hogy ut\u00e1nozza a hagyom\u00e1nyos sz\u00e9nsavas k\u00f3la italok pontos \u00e9rz\u00e9kszervi jegyeit, finom cseresznye befejez\u00e9ssel r\u00e9tegezve.<\/li>\n<li>Dupla Alma: Egy r\u00e9tegezett botanikai kever\u00e9k, amely a z\u00f6ld alma ropog\u00f3s jegyeit \u00e9s a piros almafajt\u00e1k gazdag, s\u0171r\u0171 \u00e9dess\u00e9g\u00e9t vonja ki.<\/li>\n<li>Hawaii: Egy tr\u00f3pusi tri\u00e1d, amely mang\u00f3, anan\u00e1sz \u00e9s passi\u00f3gy\u00fcm\u00f6lcs izol\u00e1tumokb\u00f3l \u00e1ll, amelyet \u00e9l\u00e9nk, vibr\u00e1l\u00f3 \u00e9rz\u00e9kszervi kimenetelre terveztek.<\/li>\n<li>\u00c1fonya M\u00e1lna Cseresznye: Egy kifinomult botanikai m\u00e1trix, amely h\u00e1rom k\u00fcl\u00f6nb\u00f6z\u0151 bogy\u00f3s gy\u00fcm\u00f6lcsfajt\u00e1t tartalmaz, amelyek mindegyike hozz\u00e1j\u00e1rul egy-egy saj\u00e1tos jegyhez az \u00e1ltal\u00e1nos illatanyagban.<\/li>\n<li>K\u00e9k\u00e1fonya Savany\u00fa M\u00e1lna: Egy magas kontraszt\u00fa profil, amely a m\u00e1lna fanyar savass\u00e1g\u00e1t szembe\u00e1ll\u00edtja az \u00e1fonya sima, lekerek\u00edtett \u00e9dess\u00e9g\u00e9vel.<\/li>\n<li>\u0150szibar\u00e1t Mang\u00f3 Anan\u00e1sz: S\u0171r\u0171, l\u00e9d\u00fas kombin\u00e1ci\u00f3ja k\u0151gy\u00fcm\u00f6lcs\u00f6knek \u00e9s tr\u00f3pusi kivonatoknak, optimaliz\u00e1lva a maxim\u00e1lis arom\u00e1s tel\u00edtetts\u00e9g \u00e9rdek\u00e9ben.<\/li>\n<li>Eper Ban\u00e1n: Egy kr\u00e9mes, desszert ihlette k\u00e9sz\u00edtm\u00e9ny, amely a ban\u00e1n sima jellemz\u0151it \u00f6tv\u00f6zi az eper \u00e9l\u00e9nk jegyeivel.<\/li>\n<li>Ny\u00e1ri \u0150szibar\u00e1t J\u00e9g: Tiszta \u0151szibar\u00e1t kivonat, amelyet mentol hat\u00f3anyagok pontos ar\u00e1ny\u00e1val h\u0171tenek, megel\u0151zve a sz\u00e1j\u00edz f\u00e1rad\u00e1s\u00e1t a hosszabb haszn\u00e1lat sor\u00e1n.<\/li>\n<li>Dinnye j\u00e9g: Egy ropog\u00f3s, er\u0151sen friss\u00edt\u0151 profil, amely a h\u0171t\u00f6tt dinny\u00e9t szimul\u00e1lja, tiszta \u00e9s gyors \u00e9rz\u00e9kszervi boml\u00e1ssal.<\/li>\n<li>K\u00e9k Razz Cseresznye: Egy agressz\u00edv, savas k\u00e9k m\u00e1lna nyit\u00e1ny, amely sim\u00e1n \u00e1tmegy egy gazdag, \u00e9des cseresznye befejez\u00e9sbe.<\/li>\n<\/ol>\n<h2 style=\"color: #2c3e50;border-bottom: 2px solid #3498db;padding-bottom: 10px;margin-top: 40px\">Szab\u00e1lyoz\u00e1si Megfelel\u0151s\u00e9g \u00e9s Eur\u00f3pai Forgalmaz\u00e1si Alap<\/h2>\n<p>Mint egy megb\u00edzhat\u00f3 B2B \u00fczemeltet\u0151, a vapexyz.com elk\u00f6telezett a szab\u00e1lyoz\u00e1si \u00e1tl\u00e1that\u00f3s\u00e1g mellett. Nagyon fontos, hogy a forgalmaz\u00f3k meg\u00e9rts\u00e9k az eldobhat\u00f3 vape term\u00e9kekkel kapcsolatos megfelel\u00e9si k\u00f6rnyezetet.<\/p>\n<p>A tart\u00e1lykapacit\u00e1s kezel\u00e9se: Az Eur\u00f3pai Doh\u00e1nyterm\u00e9kek Ir\u00e1nyelve (TPD) szigor\u00fa korl\u00e1toz\u00e1sokat \u00e1llap\u00edt meg, a meghat\u00e1rozott szab\u00e1lyozott anyagokat tartalmaz\u00f3 k\u00e9sz\u00fcl\u00e9kek tart\u00e1lyait 2 ml-re korl\u00e1tozva. A JNR TANK PRO 28 ml kapacit\u00e1ssal rendelkezik. K\u00f6vetkez\u00e9sk\u00e9ppen ez a specifikus hardverkonfigur\u00e1ci\u00f3 szigor\u00faan nulla anyag\u00fa formul\u00e1khoz van kijel\u00f6lve, ahol a helyi t\u00f6rv\u00e9nyek megengedik, vagy c\u00e9lzott exportpiacokra \u00e9s olyan joghat\u00f3s\u00e1gokra, amelyek a standard TPD korl\u00e1toz\u00e1sokon k\u00edv\u00fcl m\u0171k\u00f6dnek. Arra k\u00e9rj\u00fck az \u00f6sszes region\u00e1lis partnert, hogy a nagykereskedelmi beszerz\u00e9s megkezd\u00e9se el\u0151tt ellen\u0151rizz\u00e9k a helyi megfelel\u00e9si kereteket.<\/p>\n<h2 style=\"color: #2c3e50;border-bottom: 2px solid #3498db;padding-bottom: 10px;margin-top: 40px\">Sk\u00e1l\u00e1zhat\u00f3 logisztikai \u00e9s nagykereskedelmi konfigur\u00e1ci\u00f3k<\/h2>\n<p>A sz\u00e1ll\u00edt\u00f3i l\u00e1nc gazdas\u00e1g\u00e1nak optimaliz\u00e1l\u00e1sa nagyon fontos partnereink sz\u00e1m\u00e1ra. A JNR TANK PRO dinamikusan van csomagolva, hogy alkalmazkodjon a k\u00fcl\u00f6nb\u00f6z\u0151 l\u00e9pt\u00e9k\u0171 v\u00e1llalkoz\u00e1sokhoz:<\/p>\n<ul style=\"list-style-type: square;padding-left: 20px;line-height: 1.8\">\n<li>Kiskereskedelmi csomag (egyedi): 1 k\u00e9sz\u00fcl\u00e9ket tartalmaz (M\u00e9retek: 62mm x 31mm x 116mm, S\u00faly: 114g). \u00c9rt\u00e9kes\u00edt\u00e9si pontokon t\u00f6rt\u00e9n\u0151 kijelz\u0151re \u00e9s mintaterjeszt\u00e9sre tervezve.<\/li>\n<li>Forgalmaz\u00f3i csomag (k\u00f6zepes): 10 k\u00e9sz\u00fcl\u00e9ket tartalmaz (M\u00e9retek: 127mm x 160mm x 120mm, S\u00faly: 1,188kg). Optim\u00e1lis egyens\u00falyt biztos\u00edt a k\u00e9szletgazd\u00e1lkod\u00e1s \u00e9s a nagykereskedelmi \u00e1rengedm\u00e9nyek k\u00f6z\u00f6tt.<\/li>\n<li>Mester karton (nagy mennyis\u00e9g\u0171): 200 k\u00e9sz\u00fcl\u00e9ket tartalmaz (M\u00e9retek: 587mm x 292,5mm x 266mm, S\u00faly: 24,5kg). Kifejezetten a maxim\u00e1lis sz\u00e1ll\u00edt\u00e1si hat\u00e9konys\u00e1g \u00e9s a nagyszab\u00e1s\u00fa rakt\u00e1roz\u00e1s \u00e9rdek\u00e9ben tervezt\u00e9k.<\/li>\n<\/ul>\n<p>Minden nagy mennyis\u00e9g\u0171 v\u00e1s\u00e1rl\u00e1st \u00e1tl\u00e1that\u00f3 \u00e1rk\u00e9pz\u00e9si modell\u00fcnk \u00e9s gyors, biztos\u00edtott sz\u00e1ll\u00edt\u00e1si logisztik\u00e1nk biztos\u00edt az EU-ban, t\u00e1mogatva a f\u0151bb p\u00e9nz\u00fcgyi \u00e1tj\u00e1r\u00f3kat, bele\u00e9rtve a PayPalt, a SEPA \u00e1tutal\u00e1sokat, az iDEAL-t \u00e9s a Bancontactot.<\/p>\n<h2 style=\"color: #2c3e50;border-bottom: 2px solid #3498db;padding-bottom: 10px;margin-top: 40px\">Alapvet\u0151 ismeretek \u00e9s gyakran feltett k\u00e9rd\u00e9sek<\/h2>\n<div style=\"border: 1px solid #e0e0e0;border-radius: 8px;margin-bottom: 15px;padding: 20px;background-color: #ffffff\">\n<h4 style=\"margin-top: 0;margin-bottom: 10px;color: #333333;font-size: 1.1em\">Hogyan befoly\u00e1solja a Dual\/Triple Mesh technol\u00f3gia az akkumul\u00e1tor fogyaszt\u00e1s\u00e1t?<\/h4>\n<p style=\"margin: 0;color: #555555\">M\u00edg a mesh tekercsek kiv\u00e1l\u00f3 h\u0151hat\u00e9konys\u00e1got biztos\u00edtanak, a t\u00f6bb mesh rendszer m\u0171k\u00f6dtet\u00e9se pontos elektromos \u00e1ramot ig\u00e9nyel. Az 850mAh-s akkumul\u00e1tor kifejezetten intelligens IC chippel van kalibr\u00e1lva, hogy optim\u00e1lis fesz\u00fclts\u00e9get biztos\u00edtson a mesh h\u00e1l\u00f3zatnak, garant\u00e1lva a cs\u00facsteljes\u00edtm\u00e9ny\u0171 aeroszoliz\u00e1ci\u00f3t a cella id\u0151 el\u0151tti lemer\u00fcl\u00e9se n\u00e9lk\u00fcl. A Type-C \u00fajrat\u00f6lt\u00e9s hat\u00e9konyan \u00e1ll\u00edtja vissza a sz\u00fcks\u00e9ges teljes\u00edtm\u00e9nyt.<\/p>\n<\/div>\n<div style=\"border: 1px solid #e0e0e0;border-radius: 8px;margin-bottom: 15px;padding: 20px;background-color: #ffffff\">\n<h4 style=\"margin-top: 0;margin-bottom: 10px;color: #333333;font-size: 1.1em\">Milyen pontos a digit\u00e1lis telemetria k\u00e9perny\u0151?<\/h4>\n<p style=\"margin: 0;color: #555555\">Az akkumul\u00e1torjelz\u0151 fesz\u00fclts\u00e9g-ellen\u00e1ll\u00e1st m\u00e9r, hogy rendk\u00edv\u00fcl pontos sz\u00e1zal\u00e9kot (0-100%) szolg\u00e1ltasson. A megold\u00e1sszint-jelz\u0151 fejlett bels\u0151 \u00e9rz\u00e9kel\u0151 algoritmust haszn\u00e1l, amely kisz\u00e1m\u00edtja az aktiv\u00e1l\u00e1si id\u0151tartamot \u00e9s a frekvenci\u00e1t a marad\u00e9k tart\u00e1ly t\u00e9rfogat\u00e1nak becsl\u00e9s\u00e9hez, megb\u00edzhat\u00f3 \u00e9s haszn\u00e1lhat\u00f3 adatokat szolg\u00e1ltatva a felhaszn\u00e1l\u00f3knak a v\u00e1ratlan kimer\u00fcl\u00e9s megel\u0151z\u00e9se \u00e9rdek\u00e9ben.<\/p>\n<\/div>\n<div style=\"border: 1px solid #e0e0e0;border-radius: 8px;margin-bottom: 15px;padding: 20px;background-color: #ffffff\">\n<h4 style=\"margin-top: 0;margin-bottom: 10px;color: #333333;font-size: 1.1em\">Alkalmas-e a JNR TANK PRO a szabv\u00e1nyos EU-s kiskereskedelem sz\u00e1m\u00e1ra a 28 ml-es kapacit\u00e1sa miatt?<\/h4>\n<p style=\"margin: 0;color: #555555\">Mivel a szabv\u00e1nyos TPD szab\u00e1lyoz\u00e1sok a szab\u00e1lyozott anyagok kapacit\u00e1s\u00e1t 2ml-re korl\u00e1tozz\u00e1k, a 28ml-es konfigur\u00e1ci\u00f3 specializ\u00e1lt.  Jogi szempontb\u00f3l csak a nulla anyagot tartalmaz\u00f3 formul\u00e1k haszn\u00e1lat\u00e1val vagy a TPD joghat\u00f3s\u00e1gi erny\u0151j\u00e9n k\u00edv\u00fcli r\u00e9gi\u00f3kba t\u00f6rt\u00e9n\u0151 exportra t\u00f6rt\u00e9n\u0151 feldolgoz\u00e1s eset\u00e9n alkalmas kiskereskedelemre.  Azt tan\u00e1csoljuk nagykereskedelmi partnereinknek, hogy konzult\u00e1ljanak helyi szab\u00e1lyoz\u00e1si kereteikkel.<\/p>\n<\/div>\n<div style=\"text-align: center;margin-top: 50px;padding: 20px;background-color: #f8f9fa;border-radius: 8px\">\n<h3 style=\"color: #2c3e50;margin-top: 0\">Integr\u00e1lja a pr\u00e9mium hardvert a portf\u00f3li\u00f3j\u00e1ba<\/h3>\n<p>Haszn\u00e1lja ki a JNR TANK PRO m\u00e9rn\u00f6ki f\u00f6l\u00e9ny\u00e9t \u00e9s a vapexyz.com logisztikai erej\u00e9t. Fedezze fel pr\u00e9mium eldobhat\u00f3 vape term\u00e9keink sz\u00e9les sk\u00e1l\u00e1j\u00e1t, amelyet empirikus adatok, szigor\u00fa biztons\u00e1gi megfelel\u0151s\u00e9g \u00e9s nyolc \u00e9vnyi bev\u00e1lt forgalmaz\u00e1si kiv\u00e1l\u00f3s\u00e1g t\u00e1mogat.<\/p>\n<p><em>vapexyz.com: Prec\u00edzi\u00f3s m\u00e9rn\u00f6ki munka a glob\u00e1lis g\u0151z\u00f6l\u00e9si szakemberek sz\u00e1m\u00e1ra.<\/em><\/p>\n<\/div>\n<div style=\"text-align: center;margin-top: 40px\"><img loading=\"lazy\" decoding=\"async\" class=\"alignnone size-full wp-image-47336\" style=\"max-width: 100%;height: auto;border-radius: 8px\" src=\"https:\/\/vapexyz.com\/wp-content\/uploads\/2025\/05\/JNR-TANK-PRO-33000-Puffs-Disposable-Vape-Designed-for-Professional-Eu-10.webp\" alt=\"JNR TANK PRO 33000 Puff Eldobhat\u00f3 Vape Eur\u00f3pai Professzion\u00e1lis Vape Forgalmaz\u00f3knak K\u00e9sz\u00fclt\" width=\"800\" height=\"800\" title=\"\" srcset=\"https:\/\/vapexyz.com\/wp-content\/uploads\/2025\/05\/JNR-TANK-PRO-33000-Puffs-Disposable-Vape-Designed-for-Professional-Eu-10.webp 800w, https:\/\/vapexyz.com\/wp-content\/uploads\/2025\/05\/JNR-TANK-PRO-33000-Puffs-Disposable-Vape-Designed-for-Professional-Eu-10-500x500.webp 500w, https:\/\/vapexyz.com\/wp-content\/uploads\/2025\/05\/JNR-TANK-PRO-33000-Puffs-Disposable-Vape-Designed-for-Professional-Eu-10-300x300.webp 300w, https:\/\/vapexyz.com\/wp-content\/uploads\/2025\/05\/JNR-TANK-PRO-33000-Puffs-Disposable-Vape-Designed-for-Professional-Eu-10-768x768.webp 768w, https:\/\/vapexyz.com\/wp-content\/uploads\/2025\/05\/JNR-TANK-PRO-33000-Puffs-Disposable-Vape-Designed-for-Professional-Eu-10-12x12.webp 12w, https:\/\/vapexyz.com\/wp-content\/uploads\/2025\/05\/JNR-TANK-PRO-33000-Puffs-Disposable-Vape-Designed-for-Professional-Eu-10-247x247.webp 247w, https:\/\/vapexyz.com\/wp-content\/uploads\/2025\/05\/JNR-TANK-PRO-33000-Puffs-Disposable-Vape-Designed-for-Professional-Eu-10-510x510.webp 510w, https:\/\/vapexyz.com\/wp-content\/uploads\/2025\/05\/JNR-TANK-PRO-33000-Puffs-Disposable-Vape-Designed-for-Professional-Eu-10-100x100.webp 100w\" sizes=\"auto, (max-width: 800px) 100vw, 800px\" \/><\/div>\n<\/article>","protected":false},"excerpt":{"rendered":"<p>A JNR TANK PRO 33000 Puff eldobhat\u00f3 vape, amelyet eur\u00f3pai vape szakemberek sz\u00e1m\u00e1ra terveztek, \u00f6tv\u00f6zi a 28 ml el\u0151t\u00f6lt\u00f6tt kapacit\u00e1st (33 000 sz\u00edv\u00e1s), a h\u00e1rmas \u00e9s kett\u0151s h\u00e1l\u00f3 tekercsrendszert a kiv\u00e1l\u00f3 g\u0151z\/\u00edz\u00e9lm\u00e9ny\u00e9rt, az 850 mAh \u00fajrat\u00f6lthet\u0151 Type-C akkumul\u00e1tort, a val\u00f3s idej\u0171 digit\u00e1lis kijelz\u0151t (akkumul\u00e1tor\/folyad\u00e9k szintek), az ergon\u00f3mikus kialak\u00edt\u00e1st \u00e9s a 15 kur\u00e1lt \u00edzprofilt - p\u00e1ratlan teljes\u00edtm\u00e9nyt \u00e9s pr\u00e9mium vaping \u00e9lm\u00e9nyt ny\u00fajtva.<\/p>","protected":false},"featured_media":48518,"comment_status":"open","ping_status":"closed","template":"","meta":{"_lmt_disableupdate":"no","_lmt_disable":""},"product_brand":[],"product_cat":[1040,996,947,935,934,927,929,928,933,939,932,938,931,936,937,1017,949,946,951,953,987],"product_tag":[],"class_list":{"0":"post-47264","1":"product","2":"type-product","3":"status-publish","4":"has-post-thumbnail","6":"product_cat-jnr-disposable-vapes","7":"product_cat-30000-puff-vapes","8":"product_cat-big-puffs-vapes","9":"product_cat-bulk-buy-disposable-vapes-in-austria","10":"product_cat-bulk-buy-disposable-vapes-in-belgium","11":"product_cat-bulk-buy-disposable-vapes-in-europe","12":"product_cat-bulk-buy-disposable-vapes-in-france","13":"product_cat-bulk-buy-disposable-vapes-in-germany","14":"product_cat-bulk-buy-disposable-vapes-in-netherlands","15":"product_cat-bulk-buy-disposable-vapes-in-norway","16":"product_cat-bulk-buy-disposable-vapes-in-poland","17":"product_cat-bulk-buy-disposable-vapes-in-portugal","18":"product_cat-bulk-buy-disposable-vapes-in-spain","19":"product_cat-bulk-buy-disposable-vapes-in-sweden","20":"product_cat-bulk-buy-disposable-vapes-in-switzerland","21":"product_cat-buy-best-disposable-vape-flavors","22":"product_cat-digital-box-vapes","23":"product_cat-disposable-vapes-series","24":"product_cat-lower-nicotine-vapes","25":"product_cat-rechargeable-vapes","26":"product_cat-vape-shop-by-puffs","28":"first","29":"outofstock","30":"shipping-taxable","31":"purchasable","32":"product-type-variable","33":"has-default-attributes"},"jetpack_sharing_enabled":true,"tiered_pricing_type":"fixed","tiered_pricing_fixed_rules":[],"tiered_pricing_product_settings":{"layout":"default","base_unit_name":{"singular":null,"plural":null},"default_variation":null},"tiered_pricing_minimum_quantity":null,"tiered_pricing_roles_data":[],"tiered_pricing_percentage_rules":[],"tiered_pricing_maximum_quantity":null,"tiered_pricing_quantity_step":null,"_links":{"self":[{"href":"https:\/\/vapexyz.com\/hu\/wp-json\/wp\/v2\/product\/47264","targetHints":{"allow":["GET"]}}],"collection":[{"href":"https:\/\/vapexyz.com\/hu\/wp-json\/wp\/v2\/product"}],"about":[{"href":"https:\/\/vapexyz.com\/hu\/wp-json\/wp\/v2\/types\/product"}],"replies":[{"embeddable":true,"href":"https:\/\/vapexyz.com\/hu\/wp-json\/wp\/v2\/comments?post=47264"}],"wp:featuredmedia":[{"embeddable":true,"href":"https:\/\/vapexyz.com\/hu\/wp-json\/wp\/v2\/media\/48518"}],"wp:attachment":[{"href":"https:\/\/vapexyz.com\/hu\/wp-json\/wp\/v2\/media?parent=47264"}],"wp:term":[{"taxonomy":"product_brand","embeddable":true,"href":"https:\/\/vapexyz.com\/hu\/wp-json\/wp\/v2\/product_brand?post=47264"},{"taxonomy":"product_cat","embeddable":true,"href":"https:\/\/vapexyz.com\/hu\/wp-json\/wp\/v2\/product_cat?post=47264"},{"taxonomy":"product_tag","embeddable":true,"href":"https:\/\/vapexyz.com\/hu\/wp-json\/wp\/v2\/product_tag?post=47264"}],"curies":[{"name":"wp","href":"https:\/\/api.w.org\/{rel}","templated":true}]}}