{"id":42830,"date":"2025-01-18T13:04:51","date_gmt":"2025-01-18T13:04:51","guid":{"rendered":"https:\/\/vapexyz.com\/?post_type=product&#038;p=42830"},"modified":"2026-03-03T08:02:55","modified_gmt":"2026-03-03T08:02:55","slug":"anu-csillag-30000-puffs-digitalis-kepernyo-0-2-5-alacsony-nikotin-eredeti-gyar-omlesztett-omlesztett-vasarlas-ujratoltheto-eldobhato-vapes-toll-nagykereskedelem","status":"publish","type":"product","link":"https:\/\/vapexyz.com\/hu\/product\/anu-star-30000-puffs-digital-screen-0-2-5-low-nicotine-original-factory-bulk-buy-rechargeable-disposable-vapes-pen-wholesale\/","title":{"rendered":"ANU Star 30000 Puffs Digit\u00e1lis Kijelz\u0151 Nagykereskedelmi \u00dajrat\u00f6lthet\u0151 Eldobhat\u00f3 Vape Bulk V\u00e1s\u00e1rl\u00e1s"},"content":{"rendered":"<article style=\"font-family: 'Segoe UI', Roboto, Helvetica, Arial, sans-serif; line-height: 1.8; color: #2c3e50; padding: 20px; max-width: 100%; margin: 0 auto;\">\n<h2 style=\"color: #1a252f; border-bottom: 2px solid #3498db; padding-bottom: 10px; margin-top: 30px;\">Fejlett m\u00e9rn\u00f6ki munka \u00e9s tart\u00f3s teljes\u00edtm\u00e9ny: M\u00e9lyrehat\u00f3 elemz\u00e9s az ANU Star 30000 Puffsr\u00f3l<\/h2>\n<p>A szem\u00e9lyi elektronika gyorsan v\u00e1ltoz\u00f3 t\u00e1j\u00e1n mind a kifinomult fogyaszt\u00f3k, mind a nagykereskedelmi forgalmaz\u00f3k olyan hardvert k\u00f6vetelnek, amely folyamatos, m\u00e9rhet\u0151 teljes\u00edtm\u00e9nyt ny\u00fajt. Az egyszer\u0171 prom\u00f3ci\u00f3s \u00e1ll\u00edt\u00e1sokon t\u00fal, az ANU Star 30000 Puffs objekt\u00edv \u00e9rt\u00e9kel\u00e9se egy kifinomult, eldobhat\u00f3 vape-ot t\u00e1r fel, amelyet a hossz\u00fa \u00e9lettartam, a felhaszn\u00e1l\u00f3i telemetria \u00e9s a termodinamikai stabilit\u00e1s figyelembev\u00e9tel\u00e9vel terveztek. Ez az \u00e1tfog\u00f3 fel\u00fclvizsg\u00e1lat lebontja a m\u0171szaki specifik\u00e1ci\u00f3kat, az empirikus vizsg\u00e1lati mutat\u00f3kat \u00e9s a szab\u00e1lyoz\u00e1si megfelel\u0151s\u00e9gi szabv\u00e1nyokat, amelyek ezt az eszk\u00f6zt a standard piaci aj\u00e1nlatok f\u00f6l\u00e9 emelik.<\/p>\n<p>Ak\u00e1r \u00d6n egy kiskereskedelmi fogyaszt\u00f3, aki megb\u00edzhat\u00f3 napi t\u00e1rsat keres, ak\u00e1r egy kereskedelmi szervezet, amely kiv\u00e1l\u00f3 min\u0151s\u00e9g\u0171 k\u00e9szletet szerez be, a eldobhat\u00f3 vape k\u00e9sz\u00fcl\u00e9kek mechanikai \u00e9s anyagbeli keretrendszer\u00e9nek meg\u00e9rt\u00e9se kiemelked\u0151en fontos. Az ak\u00e1r 30 000 aktiv\u00e1l\u00e1si ciklust is t\u00e1mogat\u00f3 ANU Star nagy kapacit\u00e1s\u00fa \u00e1ramell\u00e1t\u00e1st \u00e9s prec\u00edz f\u0171t\u0151elemeket integr\u00e1l, mindezt egy ergonomikusan optimaliz\u00e1lt, kompakt h\u00e1zban.<\/p>\n<div style=\"text-align: center; margin: 40px 0;\"><img loading=\"lazy\" decoding=\"async\" class=\"alignnone wp-image-42876 size-large\" style=\"max-width: 100%; height: auto; border-radius: 12px; box-shadow: 0 8px 24px rgba(0,0,0,0.1);\" src=\"https:\/\/vapexyz.com\/wp-content\/uploads\/2025\/01\/ANU-Star-30000-Puffs-Digital-Screen-0-2-5-Low-Nicotine-Original-Factory-15-1024x1024.webp\" alt=\"ANU Star 30000 Puffs Digit\u00e1lis Kijelz\u0151 0% 2% 5% Alacsony Koncentr\u00e1ci\u00f3 Eredeti Gy\u00e1ri Nagykereskedelmi \u00dajrat\u00f6lthet\u0151 Eldobhat\u00f3 Vape Toll Nagykereskedelem\" width=\"1024\" height=\"1024\" title=\"\" srcset=\"https:\/\/vapexyz.com\/wp-content\/uploads\/2025\/01\/ANU-Star-30000-Puffs-Digital-Screen-0-2-5-Low-Nicotine-Original-Factory-15-1024x1024.webp 1024w, https:\/\/vapexyz.com\/wp-content\/uploads\/2025\/01\/ANU-Star-30000-Puffs-Digital-Screen-0-2-5-Low-Nicotine-Original-Factory-15-500x500.webp 500w, https:\/\/vapexyz.com\/wp-content\/uploads\/2025\/01\/ANU-Star-30000-Puffs-Digital-Screen-0-2-5-Low-Nicotine-Original-Factory-15-300x300.webp 300w, https:\/\/vapexyz.com\/wp-content\/uploads\/2025\/01\/ANU-Star-30000-Puffs-Digital-Screen-0-2-5-Low-Nicotine-Original-Factory-15-768x768.webp 768w, https:\/\/vapexyz.com\/wp-content\/uploads\/2025\/01\/ANU-Star-30000-Puffs-Digital-Screen-0-2-5-Low-Nicotine-Original-Factory-15-1536x1536.webp 1536w, https:\/\/vapexyz.com\/wp-content\/uploads\/2025\/01\/ANU-Star-30000-Puffs-Digital-Screen-0-2-5-Low-Nicotine-Original-Factory-15-12x12.webp 12w, https:\/\/vapexyz.com\/wp-content\/uploads\/2025\/01\/ANU-Star-30000-Puffs-Digital-Screen-0-2-5-Low-Nicotine-Original-Factory-15-400x400.webp 400w, https:\/\/vapexyz.com\/wp-content\/uploads\/2025\/01\/ANU-Star-30000-Puffs-Digital-Screen-0-2-5-Low-Nicotine-Original-Factory-15-600x600.webp 600w, https:\/\/vapexyz.com\/wp-content\/uploads\/2025\/01\/ANU-Star-30000-Puffs-Digital-Screen-0-2-5-Low-Nicotine-Original-Factory-15-148x148.webp 148w, https:\/\/vapexyz.com\/wp-content\/uploads\/2025\/01\/ANU-Star-30000-Puffs-Digital-Screen-0-2-5-Low-Nicotine-Original-Factory-15.webp 1600w\" sizes=\"auto, (max-width: 1024px) 100vw, 1024px\" \/><\/div>\n<h3 style=\"color: #2980b9; margin-top: 40px;\">Hardver specifik\u00e1ci\u00f3k \u00e9s komponens elemz\u00e9s<\/h3>\n<p>Az ANU Star alapvet\u0151 architekt\u00far\u00e1ja a 22ml-es integr\u00e1lt tart\u00e1ly hat\u00e9konys\u00e1g\u00e1nak maximaliz\u00e1l\u00e1sa k\u00f6r\u00fcl \u00e9p\u00fcl fel. Ennek el\u00e9r\u00e9se \u00e9rdek\u00e9ben az eszk\u00f6z finoman hangolt szinergi\u00e1ra t\u00e1maszkodik az \u00e1ramforr\u00e1s \u00e9s a p\u00e1rologtat\u00f3 motor k\u00f6z\u00f6tt.<\/p>\n<table style=\"width: 100%; border-collapse: collapse; margin: 30px 0; background-color: #ffffff; box-shadow: 0 4px 15px rgba(0,0,0,0.05); border-radius: 8px; overflow: hidden;\">\n<thead>\n<tr style=\"background-color: #34495e; color: #ffffff; text-align: left;\">\n<th style=\"padding: 15px 20px; font-weight: 600;\">Alkatr\u00e9sz \/ M\u0171szaki adatok<\/th>\n<th style=\"padding: 15px 20px; font-weight: 600;\">M\u0171szaki r\u00e9szletek<\/th>\n<th style=\"padding: 15px 20px; font-weight: 600;\">\u00dczemeltet\u00e9si el\u0151ny<\/th>\n<\/tr>\n<\/thead>\n<tbody>\n<tr style=\"border-bottom: 1px solid #ecf0f1;\">\n<td style=\"padding: 15px 20px; font-weight: 500;\">Energiacella<\/td>\n<td style=\"padding: 15px 20px;\">650mAh L\u00edtium-ion<\/td>\n<td style=\"padding: 15px 20px;\">Hosszabb m\u0171k\u00f6d\u00e9si id\u0151t biztos\u00edt a t\u00f6lt\u00e9si ciklusok k\u00f6z\u00f6tt, minimaliz\u00e1lva a felhaszn\u00e1l\u00f3 \u00e1ll\u00e1sidej\u00e9t.<\/td>\n<\/tr>\n<tr style=\"border-bottom: 1px solid #ecf0f1; background-color: #f9fbfb;\">\n<td style=\"padding: 15px 20px; font-weight: 500;\">T\u00f6lt\u0151 interf\u00e9sz<\/td>\n<td style=\"padding: 15px 20px;\">Type-C USB port<\/td>\n<td style=\"padding: 15px 20px;\">Megk\u00f6nny\u00edti a szabv\u00e1nyos\u00edtott, gyors energia\u00e1tvitelt \u00e1ltal\u00e1nosan hozz\u00e1f\u00e9rhet\u0151 k\u00e1belekkel.<\/td>\n<\/tr>\n<tr style=\"border-bottom: 1px solid #ecf0f1;\">\n<td style=\"padding: 15px 20px; font-weight: 500;\">F\u0171t\u0151elem<\/td>\n<td style=\"padding: 15px 20px;\">1,0\u03a9 integr\u00e1lt h\u00e1l\u00f3zat<\/td>\n<td style=\"padding: 15px 20px;\">Maxim\u00e1lja a fel\u00fcleti \u00e9rintkez\u00e9st a egyenletes h\u0151eloszl\u00e1s \u00e9s a k\u00f6vetkezetes g\u0151ztermel\u00e9s \u00e9rdek\u00e9ben.<\/td>\n<\/tr>\n<tr style=\"border-bottom: 1px solid #ecf0f1; background-color: #f9fbfb;\">\n<td style=\"padding: 15px 20px; font-weight: 500;\">T\u00e1roz\u00f3 t\u00e9rfogat<\/td>\n<td style=\"padding: 15px 20px;\">22 ml \u0171rtartalom<\/td>\n<td style=\"padding: 15px 20px;\">Tartja a k\u00f6vetelm\u00e9nyes 30 000 ciklusos min\u0151s\u00edt\u00e9st, \u00e9s nem ig\u00e9nyel k\u00e9zi ut\u00e1nt\u00f6lt\u00e9st.<\/td>\n<\/tr>\n<tr>\n<td style=\"padding: 15px 20px; font-weight: 500;\">Felhaszn\u00e1l\u00f3i telemetria<\/td>\n<td style=\"padding: 15px 20px;\">Nagy Kontraszt\u00fa Digit\u00e1lis Kijelz\u0151<\/td>\n<td style=\"padding: 15px 20px;\">Val\u00f3s id\u0151ben szolg\u00e1ltat adatokat az energiatartal\u00e9kokr\u00f3l \u00e9s a fennmarad\u00f3 t\u00e1roz\u00f3szintekr\u0151l.<\/td>\n<\/tr>\n<\/tbody>\n<\/table>\n<div style=\"background: linear-gradient(135deg, #fdfbfb 0%, #ebedee 100%); border-left: 6px solid #e67e22; padding: 25px; margin: 40px 0; border-radius: 0 12px 12px 0; box-shadow: 2px 2px 10px rgba(0,0,0,0.05);\">\n<h4 style=\"margin-top: 0; color: #d35400; font-size: 1.1em;\">M\u0171szaki betekint\u00e9s: Az 1,0\u03a9 h\u00e1l\u00f3zat technol\u00f3gia tudom\u00e1nya<\/h4>\n<p style=\"margin-bottom: 0;\">A hagyom\u00e1nyos huzaltekercsek gyakran szenvednek lokaliz\u00e1lt forr\u00f3 pontokt\u00f3l, ami egyenetlen f\u0171t\u00e9st \u00e9s a bels\u0151 kivonat roml\u00e1s\u00e1t eredm\u00e9nyezi. Az ANU Star 1,0 ohmos h\u00e1l\u00f3 szerkezetet haszn\u00e1l. Ez a makroszkopikus r\u00e1cstervez\u00e9s exponenci\u00e1lisan megn\u00f6veli a fel\u00fcletet, amely k\u00f6lcs\u00f6nhat\u00e1sba l\u00e9p a kapill\u00e1ris anyaggal. Termodinamikai szempontb\u00f3l ez biztos\u00edtja a gyors felfut\u00e1si id\u0151ket \u00e9s az egyenletes h\u0151eloszl\u00e1st. Az eredm\u00e9ny egy er\u0151sen stabil m\u0171k\u00f6d\u00e9si h\u0151m\u00e9rs\u00e9klet, amely meg\u0151rzi az arom\u00e1s vegy\u00fcletek integrit\u00e1s\u00e1t az els\u0151 m\u0171k\u00f6dtet\u00e9st\u0151l a 30 000. alkalommal t\u00f6rt\u00e9n\u0151 m\u0171k\u00f6dtet\u00e9sig.<\/p>\n<\/div>\n<h3 style=\"color: #2980b9; margin-top: 40px;\">Empirikus tesztel\u00e9s \u00e9s val\u00f3s vil\u00e1gban t\u00f6rt\u00e9n\u0151 valid\u00e1l\u00e1s<\/h3>\n<p>A tekint\u00e9ly \u00e9s a bizalom kialak\u00edt\u00e1sa \u00e9rdek\u00e9ben a hossz\u00fa \u00e9lettartamra vonatkoz\u00f3 \u00e1ll\u00edt\u00e1sokat m\u00e9rhet\u0151 adatokkal kell al\u00e1t\u00e1masztani. A \u201c30 000 sz\u00edv\u00e1s\u201d specifik\u00e1ci\u00f3 szabv\u00e1nyos\u00edtott vizsg\u00e1lati m\u00f3dszerekb\u0151l sz\u00e1rmazik, amelyek automatiz\u00e1lt pneumatikus inhal\u00e1ci\u00f3s g\u00e9peket haszn\u00e1lnak, amelyeket \u00e1ltal\u00e1ban 1,0-1,5 m\u00e1sodperces sz\u00edv\u00e1si id\u0151tartamra kalibr\u00e1lnak ellen\u0151rz\u00f6tt laborat\u00f3riumi k\u00f6rnyezetben.<\/p>\n<p>Val\u00f3s megfigyel\u00e9si metrik\u00e1kban a 650mAh-s akkumul\u00e1tor robusztus kis\u00fct\u00e9si g\u00f6rb\u00e9t mutat. Empirikus tesztel\u00e9s kimutatja, hogy egy teljesen lemer\u00fclt akkumul\u00e1tor k\u00f6r\u00fclbel\u00fcl 55-65 perc alatt \u00e9ri el a 100% t\u00f6lt\u00f6tts\u00e9gi szintet, ha egy szabv\u00e1nyos 5V\/1A t\u00f6lt\u0151 t\u00e9gl\u00e1t haszn\u00e1lunk a Type-C bemeneten kereszt\u00fcl. Egyetlen t\u00f6lt\u00e9si ciklus alatt az \u00e1ramforr\u00e1s megb\u00edzhat\u00f3an t\u00e1mogatja a t\u00f6bb sz\u00e1z m\u00e9ly bel\u00e9gz\u00e9si ciklust, miel\u0151tt a digit\u00e1lis kijelz\u0151 \u00fajrat\u00f6lt\u00e9st jelez. A digit\u00e1lis kijelz\u0151 be\u00e9p\u00edt\u00e9se kritikus ugr\u00e1s el\u0151re az eldobhat\u00f3 vape tervez\u00e9s\u00e9ben, \u00e1talak\u00edtva a felhaszn\u00e1l\u00f3i \u00e9lm\u00e9nyt a tal\u00e1lgat\u00e1sokb\u00f3l a pontos, adatvez\u00e9relt ir\u00e1ny\u00edt\u00e1sba.<\/p>\n<h3 style=\"color: #2980b9; margin-top: 40px;\">Kurat\u00e1lt Aromatikus Profilok<\/h3>\n<p>Az ANU Star \u00e9rz\u00e9kszervi \u00e9lm\u00e9ny\u00e9t gondosan tervezik t\u00edz k\u00fcl\u00f6nb\u00f6z\u0151 aromaprofil kiv\u00e1laszt\u00e1s\u00e1val. Minden kever\u00e9ket pr\u00e9mium, \u00e9lelmiszer-min\u0151s\u00e9g\u0171 \u00e9szterekb\u0151l \u00e9s botanikai kivonatokb\u00f3l k\u00e9sz\u00edtenek, hogy biztos\u00edts\u00e1k a konzisztenci\u00e1t \u00e9s a tisztas\u00e1got. Ezenk\u00edv\u00fcl ezek az egys\u00e9gek h\u00e1rom k\u00fcl\u00f6nb\u00f6z\u0151 er\u0151ss\u00e9gi koncentr\u00e1ci\u00f3ban kaphat\u00f3k (0%, 2% vagy 5%), lehet\u0151v\u00e9 t\u00e9ve a felhaszn\u00e1l\u00f3k sz\u00e1m\u00e1ra, hogy szem\u00e9lyes preferenci\u00e1ik vagy leszok\u00e1si c\u00e9ljaik szerint pontosan alak\u00edts\u00e1k a bevitel\u00fcket.<\/p>\n<ul style=\"list-style: none; padding-left: 0; display: grid; grid-template-columns: repeat(auto-fit, minmax(300px, 1fr)); gap: 15px; margin: 30px 0;\">\n<li style=\"background-color: #fdfefe; border: 1px solid #dce1e3; padding: 15px 20px; border-radius: 8px; display: flex; align-items: center;\"><span style=\"font-size: 1.5em; margin-right: 15px;\">\ud83c\udf49\u2744\ufe0f<\/span> Dinny\u00e9s J\u00e9g: Egy ropog\u00f3s dinnye profil, h\u0171s\u00edt\u0151 mentol befejez\u00e9ssel.<\/li>\n<li style=\"background-color: #fdfefe; border: 1px solid #dce1e3; padding: 15px 20px; border-radius: 8px; display: flex; align-items: center;\"><span style=\"font-size: 1.5em; margin-right: 15px;\">\ud83c\udf4b\ud83c\udf48<\/span> Citrom Lime: Egy \u00e9les, citrusos hat\u00e1s\u00fa kever\u00e9k, amely az \u00e9des \u00e9s savany\u00fa citromot \u00e9s a l\u00fagos lime-ot egyens\u00falyozza ki.<\/li>\n<li style=\"background-color: #fdfefe; border: 1px solid #dce1e3; padding: 15px 20px; border-radius: 8px; display: flex; align-items: center;\"><span style=\"font-size: 1.5em; margin-right: 15px;\">\ud83c\udf52\u2728<\/span> Fizzy Cherry: Egy dinamikus cseresznye aroma, amelynek c\u00e9lja, hogy szimul\u00e1lja az efferveszk\u00e1l\u00f3 \u00e9rz\u00e9st.<\/li>\n<li style=\"background-color: #fdfefe; border: 1px solid #dce1e3; padding: 15px 20px; border-radius: 8px; display: flex; align-items: center;\"><span style=\"font-size: 1.5em; margin-right: 15px;\">\ud83e\uded0\ud83c\udf00<\/span> Mr. Blue: Egy \u00f6sszetett, \u00e9des, k\u00fcl\u00f6nf\u00e9le m\u00e9lyk\u00e9k bogy\u00f3b\u00f3l \u00e1ll\u00f3 \u00f6tv\u00f6zet.<\/li>\n<li style=\"background-color: #fdfefe; border: 1px solid #dce1e3; padding: 15px 20px; border-radius: 8px; display: flex; align-items: center;\"><span style=\"font-size: 1.5em; margin-right: 15px;\">\ud83c\udf53\ud83e\uddca<\/span> Eper M\u00e1lna J\u00e9g: A bogy\u00f3k sima, h\u0171s\u00edt\u0151 al\u00e1fest\u00e9ssel keverednek.<\/li>\n<li style=\"background-color: #fdfefe; border: 1px solid #dce1e3; padding: 15px 20px; border-radius: 8px; display: flex; align-items: center;\"><span style=\"font-size: 1.5em; margin-right: 15px;\">\ud83e\uded0\ud83c\udf53<\/span> \u00c1fonya M\u00e1lna: Egy kiegyens\u00falyozott kett\u0151ss\u00e9g a f\u00f6ldes \u00e1fonya \u00e9s az \u00e9les m\u00e1lna jegyek k\u00f6z\u00f6tt.<\/li>\n<li style=\"background-color: #fdfefe; border: 1px solid #dce1e3; padding: 15px 20px; border-radius: 8px; display: flex; align-items: center;\"><span style=\"font-size: 1.5em; margin-right: 15px;\">\ud83c\udf08\ud83c\udf6c<\/span> Skittles: \u00c9l\u00e9nk, t\u00f6bbr\u00e9teg\u0171, \u00e9des kever\u00e9k, mely az es\u0151\u00edves cukork\u00e1kra eml\u00e9keztet.<\/li>\n<li style=\"background-color: #fdfefe; border: 1px solid #dce1e3; padding: 15px 20px; border-radius: 8px; display: flex; align-items: center;\"><span style=\"font-size: 1.5em; margin-right: 15px;\">\ud83c\udf3f\ud83d\udca8<\/span> Friss Menta: Egy egyenes, er\u0151sen tiszt\u00edt\u00f3 n\u00f6v\u00e9nyi kever\u00e9k, amely borsment\u00e1t \u00e9s fodorment\u00e1t tartalmaz.<\/li>\n<li style=\"background-color: #fdfefe; border: 1px solid #dce1e3; padding: 15px 20px; border-radius: 8px; display: flex; align-items: center;\"><span style=\"font-size: 1.5em; margin-right: 15px;\">\ud83c\udf53\ud83c\udf49<\/span> Eperdinnye: Egy klasszikus ny\u00e1ri p\u00e1ros\u00edt\u00e1s, amelyben l\u00e1gy eper \u00e9s buja g\u00f6r\u00f6gdinnye szerepel.<\/li>\n<li style=\"background-color: #fdfefe; border: 1px solid #dce1e3; padding: 15px 20px; border-radius: 8px; display: flex; align-items: center;\"><span style=\"font-size: 1.5em; margin-right: 15px;\">\ud83e\uded0\ud83c\udf52<\/span> \u00c1fonya Razz Cseresznye: Egy h\u00e1romszoros fenyeget\u00e9st jelent\u0151 bogy\u00f3s gy\u00fcm\u00f6lcs profil, amely \u00f6tv\u00f6zi az \u00e9des, savanyk\u00e1s \u00e9s gazdag jegyeket.<\/li>\n<\/ul>\n<h3 style=\"color: #2980b9; margin-top: 40px;\">Hat\u00f3s\u00e1g, Megfelel\u00e9s \u00e9s K\u00f6rnyezeti Bizalom<\/h3>\n<p>A VapeXYZ t\u00f6bb mint 8 \u00e9ves szigor\u00fa ell\u00e1t\u00e1si l\u00e1nc menedzsment tapasztalattal m\u0171k\u00f6dik, ami a eldobhat\u00f3 vape term\u00e9kek premier k\u00f6zpontj\u00e1v\u00e1 tesz minket. Nem csup\u00e1n term\u00e9keket t\u00e1rolunk; gondosan ellen\u0151rizz\u00fck k\u00e9szlet\u00fcnket. Az ANU Star szigor\u00fa ISO min\u0151s\u00e9gellen\u0151rz\u00e9si protokollokat k\u00f6vet\u0151 l\u00e9tes\u00edtm\u00e9nyekben k\u00e9sz\u00fcl. A sz\u00e1jr\u00e9szben \u00e9s a bels\u0151 tart\u00e1ly h\u00e1z\u00e1ban haszn\u00e1lt m\u0171anyagok \u00e9lelmiszer-min\u0151s\u00e9g\u0171 PCTG-b\u0151l k\u00e9sz\u00fclnek, biztos\u00edtva, hogy az anyagok inert maradjanak \u00e9s ne engedjenek ki mikroplasztikokat vagy k\u00e9miai szennyez\u0151ket, amikor az 1,0\u03a9-es mesh tekercs h\u0151j\u00e9nek vannak kit\u00e9ve.<\/p>\n<p>Tov\u00e1bb\u00e1, a felel\u0151s fogyaszt\u00e1s sz\u00f3sz\u00f3l\u00f3ik\u00e9nt arra \u00f6szt\u00f6n\u00f6zz\u00fck az \u00f6sszes felhaszn\u00e1l\u00f3t \u00e9s kiskereskedelmi partnert, hogy szigor\u00faan tarts\u00e1k be a helyi elektromos \u00e9s elektronikus hullad\u00e9kokr\u00f3l (WEEE) sz\u00f3l\u00f3 ir\u00e1nyelveket. Mivel ez az eszk\u00f6z \u00fajrat\u00f6lthet\u0151 l\u00edtium-ion cell\u00e1t \u00e9s integr\u00e1lt \u00e1ramk\u00f6rt tartalmaz, soha nem szabad a szok\u00e1sos h\u00e1ztart\u00e1si hullad\u00e9kba dobni. A megfelel\u0151 \u00fajrahasznos\u00edt\u00e1s biztos\u00edtja, hogy a neh\u00e9z f\u00e9meket \u00e9s az akkumul\u00e1tor alkatr\u00e9szeit visszanyerj\u00e9k, ez\u00e1ltal enyh\u00edtve a k\u00f6rnyezeti hat\u00e1st.<\/p>\n<h3 style=\"color: #2980b9; margin-top: 40px;\">Nagykereskedelmi Eloszt\u00e1si Logisztika<\/h3>\n<p>A kereskedelmi v\u00e1llalkoz\u00e1sok sz\u00e1m\u00e1ra a VapeXYZ p\u00e1ratlan nagykereskedelmi infrastrukt\u00far\u00e1t biztos\u00edt. Meg\u00e9rtj\u00fck, hogy a k\u00e9szp\u00e9nzforgalom \u00e9s a k\u00e9szletforgalom a kiskereskedelem \u00e9ltet\u0151 eleme. Ez\u00e9rt optimaliz\u00e1ltuk disztrib\u00faci\u00f3s h\u00e1l\u00f3zatunkat, hogy t\u00e1mogasson egy rendk\u00edv\u00fcl alacsony, mind\u00f6ssze 10 egys\u00e9gb\u0151l \u00e1ll\u00f3 minim\u00e1lis rendel\u00e9si mennyis\u00e9get (MOQ). Ez lehet\u0151v\u00e9 teszi a butik boltok \u00e9s a nagyszab\u00e1s\u00fa forgalmaz\u00f3k sz\u00e1m\u00e1ra egyar\u00e1nt, hogy tesztelj\u00e9k az ANU Star piaci fogadtat\u00e1s\u00e1t an\u00e9lk\u00fcl, hogy hatalmas t\u0151ke k\u00f6t\u0151dne le. A lokaliz\u00e1lt diszp\u00e9cserk\u00f6zpontokkal biztos\u00edtjuk a gyors, teljes m\u00e9rt\u00e9kben megfelel\u0151s sz\u00e1ll\u00edt\u00e1st eg\u00e9sz Eur\u00f3p\u00e1ban, v\u00e9dve a v\u00e1m k\u00e9sedelmek \u00e9s a ell\u00e1t\u00e1si l\u00e1nc sz\u0171k keresztmetszetei ellen.<\/p>\n<h3 style=\"color: #2980b9; margin-top: 40px;\">Gyakran Ism\u00e9telt K\u00e9rd\u00e9sek (GYIK)<\/h3>\n<div style=\"display: flex; flex-direction: column; gap: 15px; margin-top: 20px;\">\n<details style=\"background-color: #f8f9fa; border: 1px solid #dee2e6; border-radius: 6px; padding: 15px; cursor: pointer;\">\n<summary style=\"font-weight: 600; color: #2c3e50; font-size: 1.1em; outline: none;\">Hogyan m\u00e9rik a 30 000-es kapacit\u00e1st, \u00e9s el fogom \u00e9rni ezt a pontos sz\u00e1mot?<\/summary>\n<p style=\"margin-top: 15px; color: #555; padding-top: 10px; border-top: 1px solid #eee;\">A 30 000-es \u00e9rt\u00e9kel\u00e9s egy empirikus alap\u00e9rt\u00e9k, amelyet laborat\u00f3riumi k\u00f6r\u00fclm\u00e9nyek k\u00f6z\u00f6tt \u00e1llap\u00edtottak meg, pontos, mechanikus 1 m\u00e1sodperces sz\u00edv\u00e1sok seg\u00edts\u00e9g\u00e9vel. A val\u00f3s alkalmaz\u00e1sokban az eldobhat\u00f3 vape-ok teljes \u00e9lettartama az egy\u00e9ni inhal\u00e1ci\u00f3s szok\u00e1sokt\u00f3l f\u00fcgg\u0151en v\u00e1ltozik. Azok a felhaszn\u00e1l\u00f3k, akik m\u00e9lyebb, t\u00f6bbszekundumos sz\u00edv\u00e1sokat vesznek, term\u00e9szetesen gyorsabban fogyasztj\u00e1k el a 22 ml-es tart\u00e1lyt, mint a laborat\u00f3riumi alap\u00e9rt\u00e9k.<\/p>\n<\/details>\n<details style=\"background-color: #f8f9fa; border: 1px solid #dee2e6; border-radius: 6px; padding: 15px; cursor: pointer;\">\n<summary style=\"font-weight: 600; color: #2c3e50; font-size: 1.1em; outline: none;\">K\u00f6vetel-e a k\u00e9sz\u00fcl\u00e9k b\u00e1rmilyen karbantart\u00e1st az \u00e9lettartama alatt?<\/summary>\n<p style=\"margin-top: 15px; color: #555; padding-top: 10px; border-top: 1px solid #eee;\">Mechanikai karbantart\u00e1s nem sz\u00fcks\u00e9ges. A felhaszn\u00e1l\u00f3 els\u0151dleges m\u0171k\u00f6dtet\u00e9si feladata egyszer\u0171en a 650mAh-s akkumul\u00e1tor \u00fajrat\u00f6lt\u00e9se a Type-C porton kereszt\u00fcl, amikor a digit\u00e1lis telemetri\u00e1s k\u00e9perny\u0151 alacsony teljes\u00edtm\u00e9nyt jelez. A bels\u0151 h\u00e1l\u00f3 tekercs \u00e9s a kapill\u00e1ris rendszer z\u00e1rva van \u00e9s teljesen kalibr\u00e1lva van a gy\u00e1rb\u00f3l.<\/p>\n<\/details>\n<details style=\"background-color: #f8f9fa; border: 1px solid #dee2e6; border-radius: 6px; padding: 15px; cursor: pointer;\">\n<summary style=\"font-weight: 600; color: #2c3e50; font-size: 1.1em; outline: none;\">Biztons\u00e1gosak-e az anyagok \u00e9s megfelelnek-e az eur\u00f3pai szabv\u00e1nyoknak?<\/summary>\n<p style=\"margin-top: 15px; color: #555; padding-top: 10px; border-top: 1px solid #eee;\">Igen. A k\u00e9sz\u00fcl\u00e9k \u00e9lelmiszer-min\u0151s\u00e9g\u0171 PCTG m\u0171anyagot haszn\u00e1l a folyad\u00e9kkal \u00e9rintkez\u0151 alkatr\u00e9szeihez. Az elektronika \u00e9s az akkumul\u00e1tor-kezel\u0151 rendszer megfelel a CE \u00e9s RoHS ir\u00e1nyelveknek, biztos\u00edtva a v\u00e9delmet a r\u00f6vidz\u00e1rlatok, a t\u00fal t\u00f6lt\u00e9s \u00e9s a vesz\u00e9lyes anyagok haszn\u00e1lata ellen.<\/p>\n<\/details>\n<details style=\"background-color: #f8f9fa; border: 1px solid #dee2e6; border-radius: 6px; padding: 15px; cursor: pointer;\">\n<summary style=\"font-weight: 600; color: #2c3e50; font-size: 1.1em; outline: none;\">Hogyan \u00e9rtelmezzem a digit\u00e1lis k\u00e9perny\u0151 adatait?<\/summary>\n<p style=\"margin-top: 15px; color: #555; padding-top: 10px; border-top: 1px solid #eee;\">A be\u00e9p\u00edtett nagy kontraszt\u00fa kijelz\u0151 k\u00e9t els\u0151dleges m\u00e9r\u0151sz\u00e1mot szolg\u00e1ltat: az 650mAh-s akkumul\u00e1tor h\u00e1tral\u00e9v\u0151 \u00e9lettartam\u00e1nak sz\u00e1zal\u00e9kos kijelz\u00e9s\u00e9t, valamint egy vizu\u00e1lis jelz\u0151t, amely a 22ml-es tart\u00e1lyban maradt becs\u00fclt t\u00e9rfogatot mutatja. Ez a kett\u0151s adatmegk\u00f6zel\u00edt\u00e9s megakad\u00e1lyozza a sz\u00e1raz \u00fct\u00e9seket \u00e9s a v\u00e1ratlan energia vesztes\u00e9get.<\/p>\n<\/details>\n<\/div>\n<div style=\"margin-top: 50px; text-align: center; padding: 30px; background-color: #2c3e50; color: #ffffff; border-radius: 8px;\">\n<h3 style=\"color: #ffffff; margin-top: 0;\">Biztos\u00edtsa k\u00e9szlet\u00e9t m\u00e9g ma<\/h3>\n<p style=\"font-size: 1.1em; max-width: 700px; margin: 0 auto 20px auto;\">Partner\u00e1ljon egy j\u00f3l bev\u00e1lt hat\u00f3s\u00e1ggal a hardveres logisztik\u00e1ban. Ak\u00e1r szem\u00e9lyes haszn\u00e1latra szerelkezik fel, ak\u00e1r kereskedelmi \u00fczletfrontot rendez be, a VapeXYZ gyors \u00e9s biztons\u00e1gos feldolgoz\u00e1st garant\u00e1l.<\/p>\n<p><a style=\"display: inline-block; background-color: #e74c3c; color: #ffffff; padding: 12px 30px; text-decoration: none; font-weight: bold; border-radius: 25px; text-transform: uppercase; letter-spacing: 1px; transition: background-color 0.3s ease;\" href=\"https:\/\/vapexyz.com\/hu\/termekkategoria\/anu-eldobhato-gozok\/\">Fedezze fel az ANU Csillaggy\u0171jtem\u00e9nyt<\/a><\/p>\n<\/div>\n<\/article>","protected":false},"excerpt":{"rendered":"<p>Az ANU Star 30000 Puffs eldobhat\u00f3 vape kiv\u00e9teles g\u0151z\u00f6l\u00e9si \u00e9lm\u00e9nyt ny\u00fajt 30 000 sz\u00edv\u00e1ssal, 22 ml kapacit\u00e1ssal, \u00fajrat\u00f6lthet\u0151 Type-C akkumul\u00e1torral, h\u00e1l\u00f3tekercs technol\u00f3gi\u00e1val \u00e9s sz\u00e1mos friss\u00edt\u0151 \u00edzzel, \u00edgy ide\u00e1lis v\u00e1laszt\u00e1s mind az egy\u00e9ni g\u0151z\u00f6l\u0151k, mind a nagy mennyis\u00e9g\u0171 v\u00e1s\u00e1rl\u00f3k sz\u00e1m\u00e1ra.<\/p>","protected":false},"featured_media":42835,"comment_status":"open","ping_status":"closed","template":"","meta":{"_lmt_disableupdate":"no","_lmt_disable":""},"product_brand":[],"product_cat":[1061,996,947,935,934,927,929,928,930,933,939,932,938,931,936,937,1017,949,946,1016,951,953,987],"product_tag":[],"class_list":{"0":"post-42830","1":"product","2":"type-product","3":"status-publish","4":"has-post-thumbnail","6":"product_cat-anu-disposable-vapes","7":"product_cat-30000-puff-vapes","8":"product_cat-big-puffs-vapes","9":"product_cat-bulk-buy-disposable-vapes-in-austria","10":"product_cat-bulk-buy-disposable-vapes-in-belgium","11":"product_cat-bulk-buy-disposable-vapes-in-europe","12":"product_cat-bulk-buy-disposable-vapes-in-france","13":"product_cat-bulk-buy-disposable-vapes-in-germany","14":"product_cat-bulk-buy-disposable-vapes-in-italy","15":"product_cat-bulk-buy-disposable-vapes-in-netherlands","16":"product_cat-bulk-buy-disposable-vapes-in-norway","17":"product_cat-bulk-buy-disposable-vapes-in-poland","18":"product_cat-bulk-buy-disposable-vapes-in-portugal","19":"product_cat-bulk-buy-disposable-vapes-in-spain","20":"product_cat-bulk-buy-disposable-vapes-in-sweden","21":"product_cat-bulk-buy-disposable-vapes-in-switzerland","22":"product_cat-buy-best-disposable-vape-flavors","23":"product_cat-digital-box-vapes","24":"product_cat-disposable-vapes-series","25":"product_cat-european-vape-warehouse","26":"product_cat-lower-nicotine-vapes","27":"product_cat-rechargeable-vapes","28":"product_cat-vape-shop-by-puffs","30":"first","31":"outofstock","32":"shipping-taxable","33":"purchasable","34":"product-type-variable","35":"has-default-attributes"},"jetpack_sharing_enabled":true,"tiered_pricing_type":"fixed","tiered_pricing_fixed_rules":[],"tiered_pricing_product_settings":{"layout":"default","base_unit_name":{"singular":null,"plural":null},"default_variation":null},"tiered_pricing_minimum_quantity":null,"tiered_pricing_roles_data":[],"tiered_pricing_percentage_rules":[],"tiered_pricing_maximum_quantity":null,"tiered_pricing_quantity_step":null,"_links":{"self":[{"href":"https:\/\/vapexyz.com\/hu\/wp-json\/wp\/v2\/product\/42830","targetHints":{"allow":["GET"]}}],"collection":[{"href":"https:\/\/vapexyz.com\/hu\/wp-json\/wp\/v2\/product"}],"about":[{"href":"https:\/\/vapexyz.com\/hu\/wp-json\/wp\/v2\/types\/product"}],"replies":[{"embeddable":true,"href":"https:\/\/vapexyz.com\/hu\/wp-json\/wp\/v2\/comments?post=42830"}],"wp:featuredmedia":[{"embeddable":true,"href":"https:\/\/vapexyz.com\/hu\/wp-json\/wp\/v2\/media\/42835"}],"wp:attachment":[{"href":"https:\/\/vapexyz.com\/hu\/wp-json\/wp\/v2\/media?parent=42830"}],"wp:term":[{"taxonomy":"product_brand","embeddable":true,"href":"https:\/\/vapexyz.com\/hu\/wp-json\/wp\/v2\/product_brand?post=42830"},{"taxonomy":"product_cat","embeddable":true,"href":"https:\/\/vapexyz.com\/hu\/wp-json\/wp\/v2\/product_cat?post=42830"},{"taxonomy":"product_tag","embeddable":true,"href":"https:\/\/vapexyz.com\/hu\/wp-json\/wp\/v2\/product_tag?post=42830"}],"curies":[{"name":"wp","href":"https:\/\/api.w.org\/{rel}","templated":true}]}}