{"id":42790,"date":"2025-01-18T12:54:17","date_gmt":"2025-01-18T12:54:17","guid":{"rendered":"https:\/\/vapexyz.com\/?post_type=product&#038;p=42790"},"modified":"2026-03-03T08:02:56","modified_gmt":"2026-03-03T08:02:56","slug":"anu-dupla-izu-30000-puffs-digitalis-kepernyo-0-2-5-alacsony-nikotin-eredeti-gyar-omlesztett-omlesztett-vasarlas-ujratoltheto-eldobhato-vapes-toll-nagykereskedelem","status":"publish","type":"product","link":"https:\/\/vapexyz.com\/hu\/product\/anu-double-flavor-30000-puffs-digital-screen-0-2-5-low-nicotine-original-factory-bulk-buy-rechargeable-disposable-vapes-pen-wholesale\/","title":{"rendered":"ANU Double Taste 30000 Puffs Digit\u00e1lis Kijelz\u0151 Nagykereskedelmi \u00dajrat\u00f6lthet\u0151 Eldobhat\u00f3 Vape Kiszerel\u00e9s"},"content":{"rendered":"<article style=\"font-family: 'Segoe UI', Roboto, Helvetica, Arial, sans-serif; line-height: 1.8; color: #2c3e50; max-width: 100%; margin: 0 auto; padding: 20px;\">\n<h2 style=\"color: #1a365d; border-bottom: 2px solid #e2e8f0; padding-bottom: 10px;\">\u00c1tfog\u00f3 M\u00e9rn\u00f6ki \u00e9s Teljes\u00edtm\u00e9nyelemz\u00e9s: ANU Double Taste 30000 Puff egyszerhaszn\u00e1latos Vape<\/h2>\n<p style=\"font-size: 1.1em; color: #4a5568;\">A hordozhat\u00f3 elektronikus p\u00e1rologtat\u00f3k gyorsan fejl\u0151d\u0151 hardver szektor\u00e1ban az ANU Double Taste 30000 Puffs egy er\u0151sen megtervezett megold\u00e1sk\u00e9nt jelenik meg, amely hosszabb \u00e9lettartamra \u00e9s \u00e1lland\u00f3 h\u0151teljes\u00edtm\u00e9nyre tervezett. Mind a speci\u00e1lis kiskereskedelmi k\u00f6rnyezetekhez, mind a nagy volumen\u0171 nagykereskedelmi forgalmaz\u00e1shoz igaz\u00edtva, ez az eszk\u00f6z fejlett telemetri\u00e1t, kett\u0151s-tart\u00e1ly architekt\u00far\u00e1t \u00e9s szigor\u00fa anyag megfelel\u0151s\u00e9get integr\u00e1l, hogy \u00faj m\u00e9rc\u00e9t \u00e1ll\u00edtson fel az eldobhat\u00f3 vape kateg\u00f3ri\u00e1ban.<\/p>\n<div style=\"text-align: center; margin: 40px 0;\"><img loading=\"lazy\" decoding=\"async\" class=\"alignnone wp-image-42787 size-large\" style=\"max-width: 100%; height: auto; border-radius: 8px; box-shadow: 0 4px 6px rgba(0,0,0,0.1);\" src=\"https:\/\/vapexyz.com\/wp-content\/uploads\/2025\/01\/ANU-Double-Flavor-30000-Puffs-Digital-Screen-0-2-5-Low-Nicotine-Original-Factory-13-1024x1024.webp\" alt=\"ANU Double Taste 30000 Puffs Digit\u00e1lis Kijelz\u0151 0% 2% 5% Koncentr\u00e1ci\u00f3 Eredeti Gy\u00e1ri Nagykereskedelmi \u00dajrat\u00f6lthet\u0151 Eldobhat\u00f3 Vape Toll Nagykereskedelem\" width=\"1024\" height=\"1024\" title=\"\" srcset=\"https:\/\/vapexyz.com\/wp-content\/uploads\/2025\/01\/ANU-Double-Flavor-30000-Puffs-Digital-Screen-0-2-5-Low-Nicotine-Original-Factory-13-1024x1024.webp 1024w, https:\/\/vapexyz.com\/wp-content\/uploads\/2025\/01\/ANU-Double-Flavor-30000-Puffs-Digital-Screen-0-2-5-Low-Nicotine-Original-Factory-13-500x500.webp 500w, https:\/\/vapexyz.com\/wp-content\/uploads\/2025\/01\/ANU-Double-Flavor-30000-Puffs-Digital-Screen-0-2-5-Low-Nicotine-Original-Factory-13-300x300.webp 300w, https:\/\/vapexyz.com\/wp-content\/uploads\/2025\/01\/ANU-Double-Flavor-30000-Puffs-Digital-Screen-0-2-5-Low-Nicotine-Original-Factory-13-768x768.webp 768w, https:\/\/vapexyz.com\/wp-content\/uploads\/2025\/01\/ANU-Double-Flavor-30000-Puffs-Digital-Screen-0-2-5-Low-Nicotine-Original-Factory-13-1536x1536.webp 1536w, https:\/\/vapexyz.com\/wp-content\/uploads\/2025\/01\/ANU-Double-Flavor-30000-Puffs-Digital-Screen-0-2-5-Low-Nicotine-Original-Factory-13-12x12.webp 12w, https:\/\/vapexyz.com\/wp-content\/uploads\/2025\/01\/ANU-Double-Flavor-30000-Puffs-Digital-Screen-0-2-5-Low-Nicotine-Original-Factory-13-400x400.webp 400w, https:\/\/vapexyz.com\/wp-content\/uploads\/2025\/01\/ANU-Double-Flavor-30000-Puffs-Digital-Screen-0-2-5-Low-Nicotine-Original-Factory-13-600x600.webp 600w, https:\/\/vapexyz.com\/wp-content\/uploads\/2025\/01\/ANU-Double-Flavor-30000-Puffs-Digital-Screen-0-2-5-Low-Nicotine-Original-Factory-13-148x148.webp 148w, https:\/\/vapexyz.com\/wp-content\/uploads\/2025\/01\/ANU-Double-Flavor-30000-Puffs-Digital-Screen-0-2-5-Low-Nicotine-Original-Factory-13.webp 1600w\" sizes=\"auto, (max-width: 1024px) 100vw, 1024px\" \/><\/div>\n<h3 style=\"color: #2b6cb0; margin-top: 30px;\">Hat\u00f3s\u00e1g \u00e9s Forgalmaz\u00e1si Pedigr\u00e9: A VapeXYZ El\u0151nye<\/h3>\n<p>T\u00f6bb mint nyolc \u00e9ves igazolhat\u00f3 m\u0171k\u00f6d\u00e9si m\u00falttal rendelkez\u0151 premier B2B logisztikai k\u00f6zpontk\u00e9nt m\u0171k\u00f6dve a VapeXYZ meghat\u00e1roz\u00f3 t\u00e9nyez\u0151v\u00e9 v\u00e1lt az eldobhat\u00f3 vape term\u00e9kek glob\u00e1lis forgalmaz\u00e1s\u00e1ban. Infrastrukt\u00far\u00e1nk szigor\u00fa ell\u00e1t\u00e1si l\u00e1nc menedzsment protokollokra \u00e9p\u00fcl, t\u00fckr\u00f6zve az ISO 9001-es min\u0151s\u00e9gbiztos\u00edt\u00e1si szabv\u00e1nyokat. Els\u0151dleges nagykereskedelmi csatornak\u00e9nt szolg\u00e1lunk olyan fels\u0151 kateg\u00f3ri\u00e1s m\u00e1rk\u00e1k sz\u00e1m\u00e1ra, mint a BANG BOX, WASPE, UWIN, BIMO, RandM, BANG, VOZOL, Elf Box \u00e9s MYDE. Az\u00e1ltal, hogy fenntartunk egy nagyon hozz\u00e1f\u00e9rhet\u0151 Minim\u00e1lis Rendel\u00e9si Mennyis\u00e9get (MOQ) mind\u00f6ssze 10 egys\u00e9ggel, demokratiz\u00e1ljuk a pr\u00e9mium hardverhez val\u00f3 hozz\u00e1f\u00e9r\u00e9st mindenf\u00e9le v\u00e1llalkoz\u00e1s sz\u00e1m\u00e1ra, f\u00fcggetlen\u00fcl att\u00f3l, hogy azok f\u00fcggetlen butikok vagy nagyszab\u00e1s\u00fa kontinent\u00e1lis kiskeresked\u0151k Hollandi\u00e1ban, N\u00e9metorsz\u00e1gban, Belgiumban \u00e9s Spanyolorsz\u00e1gban. Minden k\u00e9szletet k\u00f6rnyezetileg ellen\u0151rz\u00f6tt l\u00e9tes\u00edtm\u00e9nyeken kereszt\u00fcl dolgoznak fel, hogy meg\u0151rizz\u00e9k a bels\u0151 formul\u00e1ci\u00f3 k\u00e9miai stabilit\u00e1s\u00e1t a kisz\u00e1ll\u00edt\u00e1s el\u0151tt.<\/p>\n<h3 style=\"color: #2b6cb0; margin-top: 30px;\">Empirikus Teljes\u00edtm\u00e9ny Valid\u00e1l\u00e1s \u00e9s Tesztel\u00e9si M\u00f3dszertan<\/h3>\n<p>A \u201c30 000 sz\u00edv\u00e1s\u201d m\u0171k\u00f6d\u00e9si \u00e1ll\u00edt\u00e1sa nem \u00f6nk\u00e9nyes m\u00e9r\u0151sz\u00e1m, hanem ellen\u0151rz\u00f6tt laborat\u00f3riumi szimul\u00e1ci\u00f3kb\u00f3l sz\u00e1rmaz\u00f3 sz\u00e1mszer\u0171s\u00edtett eredm\u00e9ny. F\u00fcggetlen min\u0151s\u00e9gbiztos\u00edt\u00e1si tesztel\u00e9si protokollok vetik al\u00e1 ezeket az eldobhat\u00f3 vape-eket pneumatikus sz\u00edv\u00e1s-szimul\u00e1ci\u00f3s g\u00e9peknek. A standard tesztel\u00e9si alapvonal 1,2 m\u00e1sodperces bel\u00e9gz\u00e9si id\u0151tartamot tartalmaz, pontos l\u00e9g\u00e1raml\u00e1si ellen\u00e1ll\u00e1sra kalibr\u00e1lva, 10 m\u00e1sodperces pihen\u0151id\u0151vel az aktiv\u00e1l\u00e1sok k\u00f6z\u00f6tt a termikus kifut\u00e1s megel\u0151z\u00e9se \u00e9rdek\u00e9ben. Ezen szigor\u00fa empirikus k\u00f6r\u00fclm\u00e9nyek k\u00f6z\u00f6tt a hatalmas, 36 ml-es bels\u0151 kapacit\u00e1s rendk\u00edv\u00fcl hat\u00e9kony p\u00e1rologtat\u00e1si sebess\u00e9get mutat, biztos\u00edtva, hogy a k\u00e9sz\u00edtm\u00e9ny egyenletesen atomiz\u00e1l\u00f3djon az els\u0151 aktiv\u00e1l\u00e1st\u00f3l az utols\u00f3 kimer\u00fcl\u00e9sig. Ezenk\u00edv\u00fcl a termikus k\u00e9palkot\u00e1s sor\u00e1n v\u00e9gzett vizsg\u00e1latok meger\u0151s\u00edtik, hogy a k\u00fcls\u0151 h\u00e1z biztons\u00e1gos m\u0171k\u00f6d\u00e9si h\u0151m\u00e9rs\u00e9kleten bel\u00fcl marad (42\u00b0C alatt), biztos\u00edtva a felhaszn\u00e1l\u00f3t \u00e9s meg\u0151rizve a bels\u0151 akkumul\u00e1tor cella integrit\u00e1s\u00e1t.<\/p>\n<div style=\"background-color: #f8fafc; border-left: 6px solid #3182ce; padding: 20px; margin: 30px 0; border-radius: 0 8px 8px 0; box-shadow: 0 2px 4px rgba(0,0,0,0.05);\">\n<h4 style=\"margin-top: 0; color: #2c5282; font-size: 1.2em;\">\ud83d\udd0d M\u0171szaki Ismeretpont: Du\u00e1lis H\u00e1l\u00f3tekercs Termodinamika<\/h4>\n<p style=\"margin-bottom: 0;\">A hagyom\u00e1nyos huzaltekercsek gyakran egyenetlen h\u0151eloszl\u00e1st\u00f3l szenvednek, ami lok\u00e1lis \u00e9g\u00e9shez \u00e9s a k\u00e9sz\u00edtm\u00e9ny leboml\u00e1s\u00e1hoz vezet. Az ANU k\u00e9sz\u00fcl\u00e9k fejlett kett\u0151s h\u00e1l\u00f3s tekercstechnol\u00f3gi\u00e1t alkalmaz. A h\u00e1l\u00f3m\u00e1trix jelent\u0151sen nagyobb fel\u00fcletet biztos\u00edt, cs\u00f6kkentve az ohmos ellen\u00e1ll\u00e1s terhel\u00e9s\u00e9t \u00e9s lehet\u0151v\u00e9 t\u00e9ve a gyors, egyenletes f\u0171t\u00e9st. Ez biztos\u00edtja, hogy a 36 ml-es oldatot optim\u00e1lis termodinamikai k\u00fcsz\u00f6b\u00f6n atomiz\u00e1lj\u00e1k, ami k\u00f6vetkezetes g\u0151z s\u0171r\u0171s\u00e9ghez, minimaliz\u00e1lt marad\u00e9kk\u00e9pz\u0151d\u00e9shez \u00e9s az el\u0151\u00edrt aroma profilok pontos reproduk\u00e1l\u00e1s\u00e1hoz vezet, struktur\u00e1lis leboml\u00e1s n\u00e9lk\u00fcl.<\/p>\n<\/div>\n<h3 style=\"color: #2b6cb0; margin-top: 30px;\">Hardverarchitekt\u00fara \u00e9s digit\u00e1lis telemetria<\/h3>\n<p>Ennek az eldobhat\u00f3 vape-nek a szerkezeti alapja egy nagy szil\u00e1rds\u00e1g\u00fa PCTG (Polycyclohexylenedimethylene Terephthalate Glycol) polimer v\u00e1z. Ez az \u00e9lelmiszer-min\u0151s\u00e9g\u0171 anyag f\u00fcggetlen\u00fcl igazolt k\u00e9miai tehetetlens\u00e9g\u00e9r\u0151l \u00e9s \u00fct\u00e9s\u00e1ll\u00f3s\u00e1g\u00e1r\u00f3l, biztos\u00edtva, hogy ne ker\u00fclj\u00f6n m\u0171anyag a benne l\u00e9v\u0151 oldatba. A rendszert egy nagy s\u0171r\u0171s\u00e9g\u0171, 550mAh kapacit\u00e1s\u00fa l\u00edtium-ion \u00fajrat\u00f6lthet\u0151 cella hajtja. Ellent\u00e9tben a hagyom\u00e1nyos eldobhat\u00f3 vape-okkal, amelyekn\u00e9l a fesz\u00fclts\u00e9g cs\u00f6kken a t\u00f6lt\u00e9s cs\u00f6kken\u00e9s\u00e9vel, az ANU integr\u00e1lt \u00e1ramk\u00f6rrel (IC) van felszerelve, amely stabil fesz\u00fclts\u00e9gkimenetet biztos\u00edt, egyenletes g\u0151ztermel\u00e9st garant\u00e1lva a fennmarad\u00f3 t\u00f6lt\u00e9si \u00e1llapott\u00f3l f\u00fcggetlen\u00fcl.<\/p>\n<p>Ezenk\u00edv\u00fcl a tiszta digit\u00e1lis telemetria kijelz\u0151 integr\u00e1l\u00e1sa alapvet\u0151en friss\u00edti a felhaszn\u00e1l\u00f3i interakci\u00f3t. Ez a fed\u00e9lzeti mikrovez\u00e9rl\u0151 akt\u00edvan olvassa az ellen\u00e1ll\u00e1s \u00e9s a kapacit\u00e1s szintjeit, hogy val\u00f3s id\u0151ben megjelen\u00edtse az akkumul\u00e1tor \u00e9lettartam\u00e1nak sz\u00e1zal\u00e9k\u00e1t \u00e9s a fennmarad\u00f3 bels\u0151 oldatkapacit\u00e1st. A t\u00f6lt\u00e9s egy szabv\u00e1nyos Type-C porton kereszt\u00fcl t\u00f6rt\u00e9nik, amely t\u00e1mogatja az 5V\/1A bemenetet, ami gyors elektromos ut\u00e1nt\u00f6lt\u00e9st garant\u00e1l, mik\u00f6zben megfelel a modern CE \u00e9s RoHS biztons\u00e1gi el\u0151\u00edr\u00e1soknak a t\u00falt\u00f6lt\u00e9s \u00e9s a r\u00f6vidz\u00e1rlat elleni v\u00e9delem tekintet\u00e9ben.<\/p>\n<h3 style=\"color: #2b6cb0; margin-top: 30px;\">M\u0171szaki Specifik\u00e1ci\u00f3k M\u00e1trixa<\/h3>\n<table style=\"width: 100%; border-collapse: collapse; margin: 25px 0; font-size: 0.95em; box-shadow: 0 1px 3px rgba(0,0,0,0.1);\">\n<thead>\n<tr style=\"background-color: #2b6cb0; color: #ffffff; text-align: left;\">\n<th style=\"padding: 12px 15px; border: 1px solid #cbd5e0;\">M\u0171szaki adatok kateg\u00f3ria<\/th>\n<th style=\"padding: 12px 15px; border: 1px solid #cbd5e0;\">M\u0171szaki r\u00e9szletek<\/th>\n<\/tr>\n<\/thead>\n<tbody>\n<tr style=\"background-color: #ffffff; border-bottom: 1px solid #e2e8f0;\">\n<td style=\"padding: 12px 15px; font-weight: bold; color: #4a5568;\">Maxim\u00e1lis Kibocs\u00e1t\u00e1si Kapacit\u00e1s<\/td>\n<td style=\"padding: 12px 15px;\">Legfeljebb 30 000 k\u00fcl\u00f6n\u00e1ll\u00f3 m\u0171k\u00f6dtet\u00e9s (Laborat\u00f3riumi k\u00f6r\u00fclm\u00e9nyek k\u00f6z\u00f6tt pneumatikus vizsg\u00e1lattal igazolva)<\/td>\n<\/tr>\n<tr style=\"background-color: #f7fafc; border-bottom: 1px solid #e2e8f0;\">\n<td style=\"padding: 12px 15px; font-weight: bold; color: #4a5568;\">Megold\u00e1s T\u00e9rfogat Teher<\/td>\n<td style=\"padding: 12px 15px;\">36 ml teljes kapacit\u00e1s (du\u00e1lis tart\u00e1lyrendszer osztott profilokhoz)<\/td>\n<\/tr>\n<tr style=\"background-color: #ffffff; border-bottom: 1px solid #e2e8f0;\">\n<td style=\"padding: 12px 15px; font-weight: bold; color: #4a5568;\">Akt\u00edv hat\u00f3anyag koncentr\u00e1ci\u00f3k<\/td>\n<td style=\"padding: 12px 15px;\">0%, 2% vagy 5% el\u0151re meghat\u00e1rozott szil\u00e1rds\u00e1gi lehet\u0151s\u00e9gek<\/td>\n<\/tr>\n<tr style=\"background-color: #f7fafc; border-bottom: 1px solid #e2e8f0;\">\n<td style=\"padding: 12px 15px; font-weight: bold; color: #4a5568;\">Energiat\u00e1rol\u00f3 egys\u00e9g<\/td>\n<td style=\"padding: 12px 15px;\">550mAh L\u00edtium-Ion Cella (\u00dajrat\u00f6lthet\u0151)<\/td>\n<\/tr>\n<tr style=\"background-color: #ffffff; border-bottom: 1px solid #e2e8f0;\">\n<td style=\"padding: 12px 15px; font-weight: bold; color: #4a5568;\">T\u00f6lt\u00e9si Protokoll<\/td>\n<td style=\"padding: 12px 15px;\">USB Type-C (5V\/1A) be\u00e9p\u00edtett t\u00fal\u00e1ramv\u00e9delemmel<\/td>\n<\/tr>\n<tr style=\"background-color: #f7fafc; border-bottom: 1px solid #e2e8f0;\">\n<td style=\"padding: 12px 15px; font-weight: bold; color: #4a5568;\">F\u0171t\u00e9si Infrastrukt\u00fara<\/td>\n<td style=\"padding: 12px 15px;\">Halad\u00f3 kett\u0151s h\u00e1l\u00f3 tekercs t\u00f6mb<\/td>\n<\/tr>\n<tr style=\"background-color: #ffffff; border-bottom: 1px solid #e2e8f0;\">\n<td style=\"padding: 12px 15px; font-weight: bold; color: #4a5568;\">T\u00e1vm\u00e9r\u00e9si kimenet<\/td>\n<td style=\"padding: 12px 15px;\">Nagy kontraszt\u00fa digit\u00e1lis k\u00e9perny\u0151 (Elem % \u00e9s Megold\u00e1s % figyel\u00e9s)<\/td>\n<\/tr>\n<\/tbody>\n<\/table>\n<h3 style=\"color: #2b6cb0; margin-top: 30px;\">K\u00e9tprofilos konfigur\u00e1ci\u00f3k<\/h3>\n<p>Ennek a specifikus hardvernek meghat\u00e1roz\u00f3 jellemz\u0151je a kett\u0151s profil\u00fa sz\u00e1ll\u00edt\u00f3rendszere. Ez lehet\u0151v\u00e9 teszi a felhaszn\u00e1l\u00f3k sz\u00e1m\u00e1ra, hogy k\u00e9t gondosan megfogalmazott arom\u00e1s kever\u00e9ket tapasztaljanak meg egyetlen k\u00e9sz\u00fcl\u00e9kh\u00e1zban, drasztikusan jav\u00edtva a term\u00e9k hasznoss\u00e1g\u00e1t \u00e9s \u00e9lettartam\u00e1t az \u00e9rz\u00e9kszervi f\u00e1radts\u00e1g enyh\u00edt\u00e9s\u00e9vel. A prec\u00edzi\u00f3s formul\u00e1ci\u00f3 stabilit\u00e1st biztos\u00edt az eg\u00e9sz 36 ml-es t\u00e9rfogatban. A rendelkez\u00e9sre \u00e1ll\u00f3 kombin\u00e1ci\u00f3s profilok k\u00f6z\u00e9 tartoznak:<\/p>\n<ul style=\"list-style-type: none; padding-left: 0; display: grid; grid-template-columns: repeat(auto-fit, minmax(300px, 1fr)); gap: 15px;\">\n<li style=\"background: #edf2f7; padding: 10px 15px; border-radius: 6px; border-left: 4px solid #48bb78;\">Dinnye H\u0171s\u00edt\u0151 &amp; Eper Mang\u00f3:  Friss\u00edt\u0151, h\u0171s\u00edt\u0151 jegyek keverve tr\u00f3pusi gy\u00fcm\u00f6lcsp\u00fcr\u00e9kkel.<\/li>\n<li style=\"background: #edf2f7; padding: 10px 15px; border-radius: 6px; border-left: 4px solid #48bb78;\">\u00c1fonya M\u00e1lna \u00e9s Tr\u00f3pusi Gy\u00fcm\u00f6lcs\u00f6k Vegyes Gy\u00fcm\u00f6lcsk\u00e9sz\u00edtm\u00e9nye:  A bogy\u00f3s gy\u00fcm\u00f6lcs\u00f6k savany\u00fas\u00e1ga kiegyens\u00falyozva a komplex tr\u00f3pusi arom\u00e1kkal.<\/li>\n<li style=\"background: #edf2f7; padding: 10px 15px; border-radius: 6px; border-left: 4px solid #48bb78;\">Fagyott \u00c1fonya \u00e9s Eper Ban\u00e1n: H\u0171v\u00f6s bogy\u00f3s jegyek, sima gy\u00fcm\u00f6lvkombin\u00e1ci\u00f3kkal szemben.<\/li>\n<li style=\"background: #edf2f7; padding: 10px 15px; border-radius: 6px; border-left: 4px solid #48bb78;\">H\u0171t\u00f6tt g\u00f6r\u00f6gdinnye \u00e9s \u00e1fonya menta: Friss\u00edt\u0151 botanikus menta, gy\u00fcm\u00f6lcs\u00f6s alapokon r\u00e9tegezve.<\/li>\n<li style=\"background: #edf2f7; padding: 10px 15px; border-radius: 6px; border-left: 4px solid #48bb78;\">\u00c1fonya M\u00e1lna &amp; \u0150szibar\u00e1t Mang\u00f3 Dinnye: Egy er\u0151sen komplex, t\u00f6bbr\u00e9teg\u0171 gy\u00fcm\u00f6lcs formul\u00e1ci\u00f3.<\/li>\n<li style=\"background: #edf2f7; padding: 10px 15px; border-radius: 6px; border-left: 4px solid #48bb78;\">Energiz\u00e1l\u00f3 Ital &amp; G\u00f6r\u00f6gdinnye Cukorka: Mer\u00e9sz, sz\u00e9nsavas st\u00edlus\u00fa arom\u00e1k \u00e9des cukork\u00e1s jegyekkel.<\/li>\n<li style=\"background: #edf2f7; padding: 10px 15px; border-radius: 6px; border-left: 4px solid #48bb78;\">J\u00e9gk\u00e9k \u00c1fonya &amp; Fagyott S\u00e1rk\u00e1nygy\u00fcm\u00f6lcs: Egzotikus pitaya jegyek, h\u0171s\u00edt\u0151 befejez\u00e9ssel.<\/li>\n<li style=\"background: #edf2f7; padding: 10px 15px; border-radius: 6px; border-left: 4px solid #48bb78;\">Energiz\u00e1l\u00f3 Ital &amp; \u00c1fonya S\u00e1rgadinnye: \u00c9les ital arom\u00e1k, amelyeket finom dinnye sim\u00edt ki.<\/li>\n<li style=\"background: #edf2f7; padding: 10px 15px; border-radius: 6px; border-left: 4px solid #48bb78;\">Eper Kiwi &amp; Savany\u00fa Alma M\u00e1lna: Magas savtartalm\u00fa gy\u00fcm\u00f6lcsprofilok \u00e9les, hat\u00e1rozott \u00edzhez.<\/li>\n<li style=\"background: #edf2f7; padding: 10px 15px; border-radius: 6px; border-left: 4px solid #48bb78;\">Eper S\u00e1rgadinnye &amp; Kivi Passi\u00f3gy\u00fcm\u00f6lcs Guava: S\u0171r\u0171, er\u0151sen \u00e9des, egyenl\u00edt\u0151i kever\u00e9k.<\/li>\n<\/ul>\n<h3 style=\"color: #2b6cb0; margin-top: 30px;\">Megfelel\u00e9s, bizalom \u00e9s k\u00f6rnyezeti ir\u00e1nyelvek<\/h3>\n<p>Abban a korszakban, amikor a szab\u00e1lyoz\u00e1si megfelel\u00e9s \u00e9s a k\u00f6rnyezeti felel\u0151ss\u00e9g kiemelten fontos, a VapeXYZ elk\u00f6telezett a t\u00e9nyszer\u0171 \u00e1tl\u00e1that\u00f3s\u00e1g mellett. Az ANU k\u00e9sz\u00fcl\u00e9keket olyan l\u00e9tes\u00edtm\u00e9nyekben gy\u00e1rtj\u00e1k, amelyek szigor\u00faan betartj\u00e1k a nemzetk\u00f6zi min\u0151s\u00e9gellen\u0151rz\u00e9si el\u0151\u00edr\u00e1sokat.  Az eldobhat\u00f3 vape-k belsej\u00e9ben l\u00e9v\u0151 elektronikai alkatr\u00e9szek CE \u00e9s RoHS tan\u00fas\u00edtv\u00e1nnyal rendelkeznek, biztos\u00edtva, hogy mentesek legyenek a vesz\u00e9lyes neh\u00e9zf\u00e9mekt\u0151l, p\u00e9ld\u00e1ul az \u00f3lomt\u00f3l vagy a higanyt\u00f3l az \u00e1ramk\u00f6r\u00fckben.  Er\u00e9lyesen t\u00e1mogatjuk B2B partnereinket \u00e9s v\u00e9gfelhaszn\u00e1l\u00f3inkat, hogy megfeleljenek a WEEE (hullad\u00e9k elektromos \u00e9s elektronikai berendez\u00e9sek) ir\u00e1nyelveknek.  Mivel a k\u00e9sz\u00fcl\u00e9k l\u00edtium-ion akkumul\u00e1tort tartalmaz, nem szabad a szok\u00e1sos kommun\u00e1lis hullad\u00e9kba dobni; ehelyett tan\u00fas\u00edtott elektronikai \u00fajrahasznos\u00edt\u00f3 k\u00f6zpontokon kereszt\u00fcl kell feldolgozni, hogy visszanyerj\u00e9k a \u00e9rt\u00e9kes anyagokat \u00e9s cs\u00f6kkents\u00e9k a k\u00f6rnyezeti hat\u00e1st.<\/p>\n<h3 style=\"color: #2b6cb0; margin-top: 30px;\">Nagykereskedelmi Logisztika \u00e9s V\u00e1llalati Beszerz\u00e9s<\/h3>\n<p>A VapeXYZ-en kereszt\u00fcli beszerz\u00e9s garant\u00e1lja az optimaliz\u00e1lt ell\u00e1t\u00e1si l\u00e1nc \u00e9lm\u00e9nyt. Logisztikai h\u00e1l\u00f3zatunk \u00fagy van kialak\u00edtva, hogy gyorsan feldolgozza \u00e9s sz\u00e1ll\u00edtsa a nagykereskedelmi mennyis\u00e9geket, b\u00fcszk\u00e9lkedve egy \u00e1lland\u00f3 10-15 napos sz\u00e1ll\u00edt\u00e1si id\u0151ablakkal a f\u0151bb eur\u00f3pai piacokon, bele\u00e9rtve Hollandi\u00e1t, N\u00e9metorsz\u00e1got, Belgiumot \u00e9s Spanyolorsz\u00e1got. Az\u00e1ltal, hogy az MOQ k\u00fcsz\u00f6b\u00f6t 10 egys\u00e9gre cs\u00f6kkentj\u00fck, p\u00e1ratlan rugalmass\u00e1got biztos\u00edtunk a k\u00e9szletgazd\u00e1lkod\u00e1shoz, lehet\u0151v\u00e9 t\u00e9ve a keresked\u0151k sz\u00e1m\u00e1ra, hogy tesztelj\u00e9k a helyi piaci reakci\u00f3kat bizonyos hardverekre \u00e9s kett\u0151s \u00edzprofilokra an\u00e9lk\u00fcl, hogy t\u00falzottan elk\u00f6telezn\u00e9k a t\u0151k\u00e9t. Az \u00e1tfog\u00f3 sz\u00e1ll\u00edt\u00e1si biztos\u00edt\u00e1s \u00e9s a szigor\u00fa el\u0151zetes ellen\u0151rz\u00e9sek biztos\u00edtj\u00e1k, hogy k\u00e9szlete \u00e9rkez\u00e9skor \u00e9rintetlen \u00e9s \u00e9rt\u00e9kes\u00edt\u00e9si k\u00e9szen \u00e1ll.<\/p>\n<div style=\"margin-top: 40px; border-top: 2px solid #e2e8f0; padding-top: 20px;\">\n<h3 style=\"color: #2d3748; margin-bottom: 20px;\">F\u0151bb Pontok \u00e9s Kereskedelmi GYIK<\/h3>\n<div style=\"background: #ffffff; border: 1px solid #e2e8f0; border-radius: 8px; margin-bottom: 15px; padding: 15px; box-shadow: 0 2px 5px rgba(0,0,0,0.02);\">\n<h4 style=\"margin: 0 0 10px 0; color: #2b6cb0; font-size: 1.1em;\">Milyen tudom\u00e1nyos m\u00e9r\u0151sz\u00e1m igazolja a 30 000 f\u00faj\u00e1s kapacit\u00e1st?<\/h4>\n<p style=\"margin: 0; color: #4a5568;\">A kapacit\u00e1st empirikus vizsg\u00e1lattal ellen\u0151rzik, automatiz\u00e1lt hardver seg\u00edts\u00e9g\u00e9vel, amely szimul\u00e1lja a szabv\u00e1nyos\u00edtott 1,2 \u00e9s 1,5 m\u00e1sodperces inhal\u00e1ci\u00f3t. Ez megfelel a bels\u0151 36 ml-es oldatterhel\u00e9s hat\u00e9kony porlaszt\u00e1s\u00e1nak a kett\u0151s h\u00e1l\u00f3sz\u00f6vet rendszer\u00e9n kereszt\u00fcl.<\/p>\n<\/div>\n<div style=\"background: #ffffff; border: 1px solid #e2e8f0; border-radius: 8px; margin-bottom: 15px; padding: 15px; box-shadow: 0 2px 5px rgba(0,0,0,0.02);\">\n<h4 style=\"margin: 0 0 10px 0; color: #2b6cb0; font-size: 1.1em;\">Hogyan m\u0171k\u00f6dik a digit\u00e1lis telemetria kijelz\u0151?<\/h4>\n<p style=\"margin: 0; color: #4a5568;\">A be\u00e9p\u00edtett k\u00e9perny\u0151 mikrokontrollert haszn\u00e1l az akkumul\u00e1tor fesz\u00fclts\u00e9gszintj\u00e9nek m\u00e9r\u00e9s\u00e9re \u00e9s a megold\u00e1sfogyaszt\u00e1s becsl\u00e9s\u00e9re a t\u00fczel\u00e9si id\u0151tartam \u00e9s a tekercsellen\u00e1ll\u00e1s alapj\u00e1n. Nagyon olvashat\u00f3 sz\u00e1zal\u00e9kot jelen\u00edt meg mindk\u00e9t m\u00e9r\u0151sz\u00e1mra vonatkoz\u00f3an, kik\u00fcsz\u00f6b\u00f6lve a tal\u00e1lgat\u00e1st a felhaszn\u00e1l\u00f3 sz\u00e1m\u00e1ra \u00e9s megakad\u00e1lyozva a sz\u00e1raz t\u00fczel\u00e9st.<\/p>\n<\/div>\n<div style=\"background: #ffffff; border: 1px solid #e2e8f0; border-radius: 8px; margin-bottom: 15px; padding: 15px; box-shadow: 0 2px 5px rgba(0,0,0,0.02);\">\n<h4 style=\"margin: 0 0 10px 0; color: #2b6cb0; font-size: 1.1em;\">A konstrukci\u00f3hoz haszn\u00e1lt anyagok megfelelnek a biztons\u00e1gi szabv\u00e1nyoknak?<\/h4>\n<p style=\"margin: 0; color: #4a5568;\">Igen. A bels\u0151 tart\u00e1lyok \u00e9lelmiszeripari min\u0151s\u00e9g\u0171 PCTG polimerb\u0151l k\u00e9sz\u00fclnek, amelyek h\u0151stabilak \u00e9s k\u00e9miailag ellen\u00e1ll\u00f3ak. Az elektromos keretrendszer megfelel a CE \u00e9s RoHS szabv\u00e1nyoknak, ami igazolja a korl\u00e1tozott vesz\u00e9lyes anyagok hi\u00e1ny\u00e1t a gy\u00e1rt\u00e1si folyamatban.<\/p>\n<\/div>\n<div style=\"background: #ffffff; border: 1px solid #e2e8f0; border-radius: 8px; margin-bottom: 15px; padding: 15px; box-shadow: 0 2px 5px rgba(0,0,0,0.02);\">\n<h4 style=\"margin: 0 0 10px 0; color: #2b6cb0; font-size: 1.1em;\">Milyen logisztikai felt\u00e9telek vonatkoznak a nagykereskedelmi eldobhat\u00f3 vape rendel\u00e9sekre a VapeXYZ-en kereszt\u00fcl?<\/h4>\n<p style=\"margin: 0; color: #4a5568;\">A VapeXYZ rendk\u00edv\u00fcl alacsony, mind\u00f6ssze 10 darabos minim\u00e1lis rendel\u00e9si mennyis\u00e9get (MOQ) k\u00f6vetel, \u00edgy a pr\u00e9mium eldobhat\u00f3 vape term\u00e9kek minden m\u00e9ret\u0171 keresked\u0151 sz\u00e1m\u00e1ra el\u00e9rhet\u0151v\u00e9 v\u00e1lnak. A szabv\u00e1nyos eur\u00f3pai sz\u00e1ll\u00edt\u00e1s a f\u0151bb ter\u00fcletekre (NL, DE, BE, ES) megb\u00edzhat\u00f3 10-15 napos hat\u00e1rid\u0151n bel\u00fcl t\u00f6rt\u00e9nik biztons\u00e1gos logisztikai partnereken kereszt\u00fcl.<\/p>\n<\/div>\n<\/div>\n<\/article>","protected":false},"excerpt":{"rendered":"<p>Az ANU Double Taste 30000 Puffs digit\u00e1lis kijelz\u0151s, \u00fajrat\u00f6lthet\u0151, eldobhat\u00f3 vape ak\u00e1r 30 000 sz\u00edv\u00e1st k\u00edn\u00e1l, kett\u0151s \u00edz\u0171 kialak\u00edt\u00e1ssal, 36 ml kapacit\u00e1ssal \u00e9s szem\u00e9lyre szabhat\u00f3 er\u0151ss\u00e9gi szintekkel, mindezt egy \u00fajrat\u00f6lthet\u0151 550 mAh-os akkumul\u00e1tor hajtja, digit\u00e1lis kijelz\u0151vel a haszn\u00e1lat nyomon k\u00f6vet\u00e9s\u00e9re, \u00edgy az ultimate hossz\u00fa \u00e9lettartam\u00fa, k\u00e9nyelmes vape megold\u00e1s.<\/p>","protected":false},"featured_media":42783,"comment_status":"open","ping_status":"closed","template":"","meta":{"_lmt_disableupdate":"no","_lmt_disable":""},"product_brand":[],"product_cat":[1061,996,947,935,934,927,929,928,930,933,939,932,938,931,936,937,1017,949,946,1016,951,953,987],"product_tag":[],"class_list":{"0":"post-42790","1":"product","2":"type-product","3":"status-publish","4":"has-post-thumbnail","6":"product_cat-anu-disposable-vapes","7":"product_cat-30000-puff-vapes","8":"product_cat-big-puffs-vapes","9":"product_cat-bulk-buy-disposable-vapes-in-austria","10":"product_cat-bulk-buy-disposable-vapes-in-belgium","11":"product_cat-bulk-buy-disposable-vapes-in-europe","12":"product_cat-bulk-buy-disposable-vapes-in-france","13":"product_cat-bulk-buy-disposable-vapes-in-germany","14":"product_cat-bulk-buy-disposable-vapes-in-italy","15":"product_cat-bulk-buy-disposable-vapes-in-netherlands","16":"product_cat-bulk-buy-disposable-vapes-in-norway","17":"product_cat-bulk-buy-disposable-vapes-in-poland","18":"product_cat-bulk-buy-disposable-vapes-in-portugal","19":"product_cat-bulk-buy-disposable-vapes-in-spain","20":"product_cat-bulk-buy-disposable-vapes-in-sweden","21":"product_cat-bulk-buy-disposable-vapes-in-switzerland","22":"product_cat-buy-best-disposable-vape-flavors","23":"product_cat-digital-box-vapes","24":"product_cat-disposable-vapes-series","25":"product_cat-european-vape-warehouse","26":"product_cat-lower-nicotine-vapes","27":"product_cat-rechargeable-vapes","28":"product_cat-vape-shop-by-puffs","30":"first","31":"outofstock","32":"shipping-taxable","33":"purchasable","34":"product-type-variable","35":"has-default-attributes"},"jetpack_sharing_enabled":true,"tiered_pricing_type":"fixed","tiered_pricing_fixed_rules":[],"tiered_pricing_product_settings":{"layout":"default","base_unit_name":{"singular":null,"plural":null},"default_variation":null},"tiered_pricing_minimum_quantity":null,"tiered_pricing_roles_data":[],"tiered_pricing_percentage_rules":[],"tiered_pricing_maximum_quantity":null,"tiered_pricing_quantity_step":null,"_links":{"self":[{"href":"https:\/\/vapexyz.com\/hu\/wp-json\/wp\/v2\/product\/42790","targetHints":{"allow":["GET"]}}],"collection":[{"href":"https:\/\/vapexyz.com\/hu\/wp-json\/wp\/v2\/product"}],"about":[{"href":"https:\/\/vapexyz.com\/hu\/wp-json\/wp\/v2\/types\/product"}],"replies":[{"embeddable":true,"href":"https:\/\/vapexyz.com\/hu\/wp-json\/wp\/v2\/comments?post=42790"}],"wp:featuredmedia":[{"embeddable":true,"href":"https:\/\/vapexyz.com\/hu\/wp-json\/wp\/v2\/media\/42783"}],"wp:attachment":[{"href":"https:\/\/vapexyz.com\/hu\/wp-json\/wp\/v2\/media?parent=42790"}],"wp:term":[{"taxonomy":"product_brand","embeddable":true,"href":"https:\/\/vapexyz.com\/hu\/wp-json\/wp\/v2\/product_brand?post=42790"},{"taxonomy":"product_cat","embeddable":true,"href":"https:\/\/vapexyz.com\/hu\/wp-json\/wp\/v2\/product_cat?post=42790"},{"taxonomy":"product_tag","embeddable":true,"href":"https:\/\/vapexyz.com\/hu\/wp-json\/wp\/v2\/product_tag?post=42790"}],"curies":[{"name":"wp","href":"https:\/\/api.w.org\/{rel}","templated":true}]}}