{"id":41654,"date":"2025-01-07T03:36:26","date_gmt":"2025-01-07T03:36:26","guid":{"rendered":"https:\/\/vapexyz.com\/?post_type=product&#038;p=41654"},"modified":"2026-03-03T08:03:01","modified_gmt":"2026-03-03T08:03:01","slug":"jnr-vape-ora-30000-puff-dual-mesh-intelligens-eszkoz-2-alacsony-nikotin-eredeti-gyari-omlesztett-vasarlas-ujratoltheto-eldobhato-vapes-toll-nagykereskedes","status":"publish","type":"product","link":"https:\/\/vapexyz.com\/hu\/product\/jnr-vape-watch-30000-puffs-dual-mesh-smart-device-2-low-nicotine-original-factory-bulk-buy-rechargeable-disposable-vapes-pen-wholesale\/","title":{"rendered":"JNR Vape Watch 30000 Puffok Dupla Mesh Okos Eszk\u00f6z Nagy T\u00e9telben V\u00e1s\u00e1rolhat\u00f3 \u00dajrat\u00f6lthet\u0151 Elhaszn\u00e1lhat\u00f3 Vape Nagykereskedelem"},"content":{"rendered":"<article style=\"font-family: Arial, sans-serif; line-height: 1.6; color: #333; max-width: 100%; margin: 0 auto; padding: 20px;\">\n<h2 style=\"color: #2c3e50; border-bottom: 2px solid #3498db; padding-bottom: 10px; margin-top: 30px;\">M\u00e9rn\u00f6ki Kiv\u00e1l\u00f3s\u00e1g: JNR Vape Watch 30000 Puff<\/h2>\n<p>A hordozhat\u00f3 p\u00e1rologtat\u00f3 hardver t\u00e1jk\u00e9pe gyors fejl\u0151d\u00e9sen megy kereszt\u00fcl, t\u00fall\u00e9pve az egyszer\u0171 sz\u00e1ll\u00edt\u00f3rendszereken az integr\u00e1lt intelligens technol\u00f3gia birodalm\u00e1ba. A JNR Vape Watch 30000 Puffs k\u00e9pviseli ezt a paradigmav\u00e1lt\u00e1st, gondosan tervezve, hogy egyszerre m\u0171k\u00f6dj\u00f6n nagy kapacit\u00e1s\u00fa eldobhat\u00f3 vape-k\u00e9nt \u00e9s csatlakoztatott viselhet\u0151 eszk\u00f6zk\u00e9nt. Ahogy az IoT (Things Internet) konvergencia el\u00e9ri a fogyaszt\u00f3i g\u0151zterm\u00e9keket, ez az eszk\u00f6z \u00faj m\u00e9rc\u00e9t \u00e1ll\u00edt fel a hasznoss\u00e1g, a tart\u00f3ss\u00e1g \u00e9s a k\u00e9nyelem ter\u00e9n.<\/p>\n<p>A VapeXYZ-n\u00e9l, egy t\u00f6bb mint nyolc \u00e9ves ipari szak\u00e9rtelm\u00e9vel rendelkez\u0151, j\u00f3l megalapozott B2B disztrib\u00faci\u00f3s k\u00f6zpontban, specializ\u00e1l\u00f3dunk az \u00e9lvonalbeli eldobhat\u00f3 vape term\u00e9kek biztos\u00edt\u00e1s\u00e1ra v\u00e1llalati \u00e9s kiskereskedelmi partnerek sz\u00e1m\u00e1ra.  A Hollandi\u00e1ba, N\u00e9metorsz\u00e1gba, Belgiumba, Spanyolorsz\u00e1gba \u00e9s azon t\u00fal sz\u00e1ll\u00edt\u00f3 logisztikai h\u00e1l\u00f3zatunk biztos\u00edtja, hogy minden sz\u00e1ll\u00edtott eldobhat\u00f3 vape megfeleljen a szigor\u00fa min\u0151s\u00e9gbiztos\u00edt\u00e1si protokolloknak.  Egy nagyon hozz\u00e1f\u00e9rhet\u0151, mind\u00f6ssze 10 darabos Minim\u00e1lis Rendel\u00e9si Mennyis\u00e9ggel (MOQ), \u00e1thidaljuk a nagyszab\u00e1s\u00fa gy\u00e1rt\u00e1s \u00e9s a kiskereskedelmi hozz\u00e1f\u00e9rhet\u0151s\u00e9g k\u00f6z\u00f6tti szakad\u00e9kot, pozicion\u00e1lva platformunkat, mint egy meghat\u00e1roz\u00f3 hat\u00f3s\u00e1got a nagykereskedelmi beszerz\u00e9sben.<\/p>\n<h3 style=\"color: #2c3e50; margin-top: 25px;\">M\u0171szaki specifik\u00e1ci\u00f3k \u00e9s hardverarchitekt\u00fara<\/h3>\n<p>A JNR Vape Watch m\u0171k\u00f6d\u00e9si param\u00e9tereinek meg\u00e9rt\u00e9se \u00e9rdek\u00e9ben alapvet\u0151 fontoss\u00e1g\u00fa annak alapvet\u0151 hardverkomponenseinek \u00e1ttekint\u00e9se. A k\u00e9sz\u00fcl\u00e9k elt\u00e1volodik a hagyom\u00e1nyos hengeres form\u00e1t\u00f3l, \u00e9s egy ergonomikus, csukl\u00f3ra r\u00f6gz\u00edthet\u0151 alv\u00e1zat alkalmaz, amelyet nagy mobilit\u00e1sra terveztek.<\/p>\n<table style=\"width: 100%; border-collapse: collapse; margin: 20px 0; font-family: sans-serif; box-shadow: 0 0 20px rgba(0, 0, 0, 0.15); background-color: #ffffff;\">\n<thead>\n<tr style=\"background-color: #3498db; color: #ffffff; text-align: left;\">\n<th style=\"padding: 15px; border: 1px solid #dddddd;\">\u00d6sszetev\u0151 \/ Funkci\u00f3<\/th>\n<th style=\"padding: 15px; border: 1px solid #dddddd;\">M\u0171szaki Specifik\u00e1ci\u00f3<\/th>\n<\/tr>\n<\/thead>\n<tbody>\n<tr style=\"border-bottom: 1px solid #dddddd;\">\n<td style=\"padding: 15px; border: 1px solid #dddddd;\">Maxim\u00e1lis m\u0171k\u00f6dtet\u00e9sek sz\u00e1ma<\/td>\n<td style=\"padding: 15px; border: 1px solid #dddddd;\">30 000 (Norm\u00e1l m\u00f3d) \/ 18 000 (Pulzus m\u00f3d)<\/td>\n<\/tr>\n<tr style=\"background-color: #f9f9f9; border-bottom: 1px solid #dddddd;\">\n<td style=\"padding: 15px; border: 1px solid #dddddd;\">F\u0171t\u0151elem<\/td>\n<td style=\"padding: 15px; border: 1px solid #dddddd;\">Speci\u00e1lis kett\u0151s h\u00e1l\u00f3zati architekt\u00fara<\/td>\n<\/tr>\n<tr style=\"border-bottom: 1px solid #dddddd;\">\n<td style=\"padding: 15px; border: 1px solid #dddddd;\">Bels\u0151 v\u00edzt\u00e1roz\u00f3<\/td>\n<td style=\"padding: 15px; border: 1px solid #dddddd;\">19 ml \u0171rtartalom<\/td>\n<\/tr>\n<tr style=\"background-color: #f9f9f9; border-bottom: 1px solid #dddddd;\">\n<td style=\"padding: 15px; border: 1px solid #dddddd;\">Energiacella<\/td>\n<td style=\"padding: 15px; border: 1px solid #dddddd;\">1000mAh L\u00edtium-ion<\/td>\n<\/tr>\n<tr style=\"border-bottom: 1px solid #dddddd;\">\n<td style=\"padding: 15px; border: 1px solid #dddddd;\">Energiaell\u00e1t\u00e1s<\/td>\n<td style=\"padding: 15px; border: 1px solid #dddddd;\">Type-C gyors t\u00f6lt\u00e9si interf\u00e9sz<\/td>\n<\/tr>\n<tr style=\"background-color: #f9f9f9; border-bottom: 1px solid #dddddd;\">\n<td style=\"padding: 15px; border: 1px solid #dddddd;\">Intelligens Integr\u00e1ci\u00f3k<\/td>\n<td style=\"padding: 15px; border: 1px solid #dddddd;\">Bluetooth (H\u00edv\u00e1sok, SMS, Kamera t\u00e1voli, Elveszt\u00e9s elleni v\u00e9delem)<\/td>\n<\/tr>\n<\/tbody>\n<\/table>\n<h3 style=\"color: #2c3e50; margin-top: 25px;\">Empirikus teljes\u00edtm\u00e9ny \u00e9s laborat\u00f3riumi vizsg\u00e1lat<\/h3>\n<p>Minden eldobhat\u00f3 vape teljes\u00edtm\u00e9ny\u00e9re vonatkoz\u00f3 \u00e1ll\u00edt\u00e1sokat empirikus valid\u00e1ci\u00f3val kell al\u00e1t\u00e1masztani. A deklar\u00e1lt 30 000 sz\u00edv\u00e1s kapacit\u00e1s nem \u00f6nk\u00e9nyes sz\u00e1m, hanem szigor\u00fa laborat\u00f3riumi vizsg\u00e1latok eredm\u00e9nye. Az automatiz\u00e1lt pneumatikus vizsg\u00e1l\u00f3berendez\u00e9sek haszn\u00e1lat\u00e1val, amelyek a standard emberi l\u00e9gz\u00e9si mint\u00e1kat reproduk\u00e1lj\u00e1k - \u00e1ltal\u00e1ban 1,2-1,5 m\u00e1sodperces id\u0151k\u00f6z\u00f6nk\u00e9nt m\u00e9rve normaliz\u00e1lt l\u00e9gk\u00f6ri nyom\u00e1son - az eszk\u00f6z rendk\u00edv\u00fcli \u00e1ll\u00f3k\u00e9pess\u00e9get mutat.<\/p>\n<p>Ezenk\u00edv\u00fcl az 1000mAh-os l\u00edtium-ion akkumul\u00e1tor sz\u00e9lesk\u00f6r\u0171 ciklusos tesztel\u00e9sen ment kereszt\u00fcl. Az empirikus adatok azt mutatj\u00e1k, hogy a teljes\u00edtm\u00e9ny cella t\u00f6bb mint 85% -\u00e1t megtartja t\u00f6lt\u00e9si hat\u00e9konys\u00e1g\u00e1b\u00f3l m\u00e9g sz\u00e1mos \u00fajrat\u00f6lt\u00e9si ciklus ut\u00e1n is, biztos\u00edtva, hogy az akkumul\u00e1tor \u00e9lettartama hosszabb legyen, mint a 19ml bels\u0151 tart\u00e1ly. A Type-C port be\u00e9p\u00edt\u00e9se megk\u00f6nny\u00edti a gyors energia-vissza\u00e1ll\u00edt\u00e1st, minimaliz\u00e1lva a termikus degrad\u00e1ci\u00f3t a t\u00f6lt\u00e9si folyamat sor\u00e1n - egy kritikus t\u00e9nyez\u0151 a bels\u0151 elektronika szerkezeti integrit\u00e1s\u00e1nak fenntart\u00e1s\u00e1ban.<\/p>\n<h3 style=\"color: #2c3e50; margin-top: 25px;\">A du\u00e1lis h\u00e1l\u00f3 technol\u00f3gia termodinamik\u00e1ja<\/h3>\n<p>A szabv\u00e1nyos dr\u00f3t f\u0171t\u0151elemek gyakran szenvednek a lokaliz\u00e1lt h\u0151gy\u0171jt\u00e9t\u0151l, ami k\u00f6vetkezt\u00e9ben inkonzisztens a p\u00e1rologtat\u00e1s. A JNR Vape Watch ezt a Dual Mesh magj\u00e1n kereszt\u00fcl kezeli. Egy tervezett f\u00e9mh\u00e1l\u00f3 m\u00e1trix felhaszn\u00e1l\u00e1s\u00e1val a bels\u0151 sz\u00edv\u00f3anyaggal \u00e9rintkez\u0151 fel\u00fclet 40% -kal b\u0151v\u00fcl a hagyom\u00e1nyos egyvezet\u00e9kes konstrukci\u00f3khoz k\u00e9pest.<\/p>\n<p>Ez a termodinamikai optimaliz\u00e1l\u00e1s egyenletesebb h\u0151eloszl\u00e1st eredm\u00e9nyez. Amikor a felhaszn\u00e1l\u00f3 haszn\u00e1lja az eszk\u00f6zt, a kett\u0151s h\u00e1l\u00f3 egyenletesen \u00e9g, biztos\u00edtva, hogy a k\u00e9sz\u00edtm\u00e9ny elp\u00e1rologtat\u00e1sa az els\u0151 m\u0171k\u00f6dtet\u00e9st\u0151l az utols\u00f3ig k\u00f6vetkezetes legyen. A rendszer k\u00e9t m\u0171k\u00f6d\u00e9si m\u00f3dot k\u00edn\u00e1l, amelyeket egy bels\u0151 mikrokontroller kezel:<\/p>\n<ul style=\"line-height: 1.8;\">\n<li>Norm\u00e1l \u00fczemm\u00f3d: Optimaliz\u00e1lja az elektromos ellen\u00e1ll\u00e1st a hossz\u00fa \u00e9lettartam maximaliz\u00e1l\u00e1sa \u00e9rdek\u00e9ben, ak\u00e1r 30 000 szabv\u00e1nyos m\u0171k\u00f6dtet\u00e9st biztos\u00edtva.<\/li>\n<li>Pulzus \u00fczemm\u00f3d: Mindk\u00e9t h\u00e1l\u00f3m\u00e1trixot egyszerre kapcsolja be a magasabb h\u0151teljes\u00edtm\u00e9ny \u00e9rdek\u00e9ben. Ez s\u0171r\u0171bb g\u0151zfelh\u0151ket \u00e9s intenz\u00edvebb \u00e9rz\u00e9kszervi \u00e9lm\u00e9nyt eredm\u00e9nyez, a teljes m\u0171k\u00f6d\u00e9si \u00e9lettartamot pedig k\u00f6r\u00fclbel\u00fcl 18 000 aktiv\u00e1l\u00e1sra \u00e1ll\u00edtja be.<\/li>\n<\/ul>\n<h3 style=\"color: #2c3e50; margin-top: 25px;\">Viselhet\u0151 integr\u00e1ci\u00f3: Az okos\u00f3r\u00e1k kezel\u0151fel\u00fclete<\/h3>\n<p>A p\u00e1rologtat\u00e1s mellett ez az eldobhat\u00f3 vape egy kifinomult Bluetooth System-on-Chip (SoC) rendszert tartalmaz. Ha p\u00e1ros\u00edtj\u00e1k egy kompatibilis okostelefonnal, az eszk\u00f6z hasznoss\u00e1ga exponenci\u00e1lisan megn\u0151. A felhaszn\u00e1l\u00f3k kezelhetik a bej\u00f6v\u0151 h\u00edv\u00e1sokat \u00e9s olvashatj\u00e1k az \u00fczeneteket k\u00f6zvetlen\u00fcl az OLED k\u00e9perny\u0151r\u0151l, amely a csukl\u00f3sz\u00edjra van szerelve. Tov\u00e1bbi gyakorlati hasznoss\u00e1got jelent a t\u00e1voli kamera trigger az okostelefon f\u00e9nyk\u00e9pez\u00e9shez \u00e9s a k\u00e9tir\u00e1ny\u00fa \u201cFind My Phone\u201d ping funkci\u00f3. A szem\u00e9lyes adatok integrit\u00e1s\u00e1nak biztos\u00edt\u00e1sa \u00e9rdek\u00e9ben a hardver helyi biztons\u00e1gi z\u00e1rat tartalmaz, amely megakad\u00e1lyozza a szinkroniz\u00e1lt kommunik\u00e1ci\u00f3hoz val\u00f3 jogosulatlan hozz\u00e1f\u00e9r\u00e9st.<\/p>\n<div style=\"background-color: #f3f4f6; border-left: 5px solid #3b82f6; padding: 20px; margin: 25px 0; border-radius: 4px; box-shadow: 0 2px 5px rgba(0,0,0,0.05);\">\n<h4 style=\"margin-top: 0; color: #1e3a8a;\">Ipar\u00e1gi megfelel\u00e9s \u00e9s k\u00f6rnyezeti felel\u0151ss\u00e9g<\/h4>\n<p style=\"margin-bottom: 0;\">Mint tekint\u00e9lyes forgalmaz\u00f3, a VapeXYZ hangs\u00falyozza a hardveres megfelel\u0151s\u00e9g fontoss\u00e1g\u00e1t. A l\u00edtium-ion cell\u00e1kat \u00e9s Bluetooth ad\u00f3kat tartalmaz\u00f3 eszk\u00f6z\u00f6knek szigor\u00fa gy\u00e1rt\u00e1si szabv\u00e1nyoknak kell megfelelni\u00fck. A k\u00e9szletek ellen\u0151rz\u00e9se sor\u00e1n el\u0151nyben r\u00e9szes\u00edtj\u00fck azokat a gy\u00e1rakat, amelyek implement\u00e1lj\u00e1k az ISO 9001 min\u0151s\u00e9gir\u00e1ny\u00edt\u00e1si rendszereket. Ezenk\u00edv\u00fcl hat\u00e1rozottan t\u00e1mogatjuk a felel\u0151s hullad\u00e9kkezel\u00e9st. A 19ml-es tart\u00e1ly kimer\u00fcl\u00e9se ut\u00e1n a felhaszn\u00e1l\u00f3knak a helyi WEEE (Elektronikai \u00e9s Elektromos Hullad\u00e9k) ir\u00e1nyelvek szerint kell \u00e1rtalmatlan\u00edtaniuk a vape-eket, biztos\u00edtva, hogy az 1000mAh-s akkumul\u00e1tor megfelel\u0151en \u00fajrahasznos\u00edt\u00e1sra ker\u00fclj\u00f6n, \u00e9s ne ker\u00fclj\u00f6n a hagyom\u00e1nyos szem\u00e9tlerak\u00f3kba.<\/p>\n<\/div>\n<h3 style=\"color: #2c3e50; margin-top: 25px;\">Arom\u00e1s \u00e9s \u00c9rz\u00e9kszervi Profilok<\/h3>\n<p>A JNR Vape Watch bels\u0151 formul\u00e1ja pr\u00e9mium botanikai kivonatokon \u00e9s gondosan szintetiz\u00e1lt vegy\u00fcleteken alapul, hogy kiv\u00e1l\u00f3 \u00e9rz\u00e9kszervi \u00e9lm\u00e9nyt ny\u00fajtson. A t\u00e1gas 19ml-es tart\u00e1ly a k\u00f6vetkez\u0151 kifinomult profilokban \u00e9rhet\u0151 el:<\/p>\n<ul style=\"line-height: 1.8; list-style-type: square;\">\n<li>K\u00e9k Razz J\u00e9g: Egy gondosan szintetiz\u00e1lt profil, amely \u00e9des k\u00e9k m\u00e1lna jegyeket \u00f6tv\u00f6z egy kiemelked\u0151 h\u0171t\u0151 termikus ut\u00f3hanggal.<\/li>\n<li>Eperj\u00e9g: Az autentikus eper esszencia p\u00e1ros\u00edtva egy h\u0171s\u00edt\u0151, fagyos alhanggal egy friss\u00edt\u0151 \u00e9lvezet\u00e9rt.<\/li>\n<li>S\u00e1rgadinnye J\u00e9g: Rohan\u00e1s, vizes s\u00e1rgadinnye arom\u00e1k, \u00e9les, jeges befejez\u00e9ssel.<\/li>\n<li>Miami Mint: Egy er\u0151sen friss\u00edt\u0151 borsmenta \u00e9s fodormenta kivonatok kever\u00e9ke, amely ropog\u00f3s, tiszta botanikai inhal\u00e1ci\u00f3t biztos\u00edt.<\/li>\n<li>Eper Ban\u00e1n: \u00c9rett eper \u00e9s s\u0171r\u0171 ban\u00e1n aromavegy\u00fcleteinek sima, kiegyens\u00falyozott f\u00fazi\u00f3ja.<\/li>\n<li>H\u00e1romszoros bogy\u00f3: H\u00e1rom k\u00fcl\u00f6nb\u00f6z\u0151 bogy\u00f3s botanikai profil \u00f6sszetett, t\u00f6bbr\u00e9teg\u0171 m\u00e1trixa.<\/li>\n<li>Savany\u00fa Alma J\u00e9g: Tart, savas z\u00f6ld alma esszencia t\u00f6k\u00e9letesen egyens\u00falyozva egy \u00e9l\u00e9nk, h\u0171s\u00edt\u0151 befejez\u00e9ssel.<\/li>\n<li>\u00c1fonya-G\u00f6r\u00f6gdinnye: Egy egyed\u00fcl\u00e1ll\u00f3 f\u00fazi\u00f3, amely az \u00e1fonya m\u00e9ly hangjegyeit \u00f6tv\u00f6zi a k\u00f6nnyed, friss\u00edt\u0151 g\u00f6r\u00f6gdinnye \u00e9rz\u00e9kszervi jegyeivel.<\/li>\n<li>Georgia Peach: Tiszta, \u00e9des \u0151szibar\u00e1t aromakivonatok, friss gy\u00fcm\u00f6lcs\u00f6s betakar\u00edt\u00e1sokra eml\u00e9keztetve.<\/li>\n<li>Narancs Mang\u00f3: Egy \u00e9l\u00e9nk, tr\u00f3pusi tal\u00e1lkoz\u00e1s a citrusos narancs \u00e9s a gazdag mang\u00f3 g\u0151zprofiljaival.<\/li>\n<\/ul>\n<h3 style=\"color: #2c3e50; margin-top: 25px;\">Nagykereskedelmi forgalmaz\u00e1s \u00e9s ell\u00e1t\u00e1si l\u00e1nc megb\u00edzhat\u00f3s\u00e1ga<\/h3>\n<p>Kiskereskedelmi egys\u00e9gek \u00e9s nagykereskedelmi v\u00e1s\u00e1rl\u00f3k sz\u00e1m\u00e1ra a megb\u00edzhat\u00f3 eldobhat\u00f3 vape term\u00e9kek beszerz\u00e9se kiemelten fontos. A Vapexyz.com a premier nagykereskedelmi platform, amelyet robusztus ell\u00e1t\u00e1si l\u00e1nc logisztik\u00e1nk \u00e9s szigor\u00fa besz\u00e1ll\u00edt\u00f3i ellen\u0151rz\u00e9s\u00fcnk k\u00fcl\u00f6nb\u00f6ztet meg. M\u0171k\u00f6d\u00e9si infrastrukt\u00far\u00e1nk lehet\u0151v\u00e9 teszi sz\u00e1munkra, hogy Eur\u00f3pa legnagyobb piacaikat, k\u00f6zt\u00fck Hollandi\u00e1t, N\u00e9metorsz\u00e1got, Belgiumot \u00e9s Spanyolorsz\u00e1got, p\u00e1ratlan hat\u00e9konys\u00e1ggal l\u00e1ssuk el. Az\u00e1ltal, hogy alacsony, mind\u00f6ssze 10 egys\u00e9gb\u0151l \u00e1ll\u00f3 minim\u00e1lis rendel\u00e9si mennyis\u00e9get (MOQ) tartunk fenn, demokratiz\u00e1ljuk a hozz\u00e1f\u00e9r\u00e9st a magas sz\u00ednvonal\u00fa hardverhez, lehet\u0151v\u00e9 t\u00e9ve a kisebb kiskeresked\u0151k sz\u00e1m\u00e1ra a piaci \u00e9letk\u00e9pess\u00e9g tesztel\u00e9s\u00e9t t\u00falzott t\u0151ke k\u00f6telezetts\u00e9g n\u00e9lk\u00fcl, m\u00edg a l\u00e9pcs\u0151zetes nagykereskedelmi \u00e1rk\u00e9pz\u00e9s\u00fcnk biztos\u00edtja a maxim\u00e1lis \u00e1rr\u00e9st a nagyszab\u00e1s\u00fa v\u00e1llalati \u00fcgyfelek sz\u00e1m\u00e1ra.<\/p>\n<h3 style=\"color: #2c3e50; margin-top: 30px; border-bottom: 2px solid #3498db; padding-bottom: 10px;\">M\u0171szaki GYIK<\/h3>\n<div style=\"margin-bottom: 15px; border: 1px solid #e5e7eb; border-radius: 8px; padding: 20px; background-color: #ffffff; box-shadow: 0 2px 4px rgba(0,0,0,0.02);\">\n<h4 style=\"margin-top: 0; color: #2c3e50;\">Hogyan befoly\u00e1solja a Dual Mesh technol\u00f3gia az eldobhat\u00f3 vape-ok \u00e9lettartam\u00e1t?<\/h4>\n<p style=\"margin-bottom: 0;\">A Dual Mesh architekt\u00fara n\u00f6veli a f\u0171t\u0151elem fel\u00fclet\u00e9t. Az optimaliz\u00e1lt ellen\u00e1ll\u00e1si szintek mellett m\u0171k\u00f6dve a mikrokontroller hat\u00e9konyan oszthatja el az elektromos terhel\u00e9st. M\u00edg a norm\u00e1l \u00fczemm\u00f3d 30 000 sz\u00edv\u00e1sra meghosszabb\u00edtja a tart\u00e1ly \u00e9lettartam\u00e1t, mindk\u00e9t h\u00e1l\u00f3 impulzus \u00fczemm\u00f3dban t\u00f6rt\u00e9n\u0151 bekapcsol\u00e1sa t\u00f6bb energi\u00e1t \u00e9s folyad\u00e9kot fogyaszt minden egyes aktiv\u00e1l\u00e1sn\u00e1l, cs\u00f6kkentve az \u00e9lettartamot 18 000 sz\u00edv\u00e1sra, de jelent\u0151sen n\u00f6velve a g\u0151z s\u0171r\u0171s\u00e9g\u00e9t.<\/p>\n<\/div>\n<div style=\"margin-bottom: 15px; border: 1px solid #e5e7eb; border-radius: 8px; padding: 20px; background-color: #ffffff; box-shadow: 0 2px 4px rgba(0,0,0,0.02);\">\n<h4 style=\"margin-top: 0; color: #2c3e50;\">Kompatibilis-e az okos\u00f3r\u00e1k kezel\u0151fel\u00fclete minden mobil oper\u00e1ci\u00f3s rendszerrel?<\/h4>\n<p style=\"margin-bottom: 0;\">A JNR viselhet\u0151 eszk\u00f6z szabv\u00e1nyos Bluetooth protokollokat haszn\u00e1l, biztos\u00edtva a magas kompatibilit\u00e1st a modern iOS \u00e9s Android oper\u00e1ci\u00f3s rendszerek nagy t\u00f6bbs\u00e9g\u00e9vel. Ez az univerz\u00e1lis kommunik\u00e1ci\u00f3s szabv\u00e1ny lehet\u0151v\u00e9 teszi a h\u00edv\u00e1snapl\u00f3k, SMS \u00e9rtes\u00edt\u00e9sek \u00e9s t\u00e1voli kamera funkci\u00f3k stabil szinkroniz\u00e1l\u00e1s\u00e1t an\u00e9lk\u00fcl, hogy sz\u00fcks\u00e9g lenne saj\u00e1t szoftver telep\u00edt\u00e9s\u00e9re.<\/p>\n<\/div>\n<div style=\"margin-bottom: 15px; border: 1px solid #e5e7eb; border-radius: 8px; padding: 20px; background-color: #ffffff; box-shadow: 0 2px 4px rgba(0,0,0,0.02);\">\n<h4 style=\"margin-top: 0; color: #2c3e50;\">Hogyan biztos\u00edtja a VapeXYZ nagykereskedelmi k\u00e9szlet\u00e9nek empirikus min\u0151s\u00e9g\u00e9t?<\/h4>\n<p style=\"margin-bottom: 0;\">T\u00f6bb mint nyolc \u00e9ve jelen vagyunk az ipar\u00e1gban, beszerz\u00e9si csapatunk szigor\u00fa gy\u00e1rvizsg\u00e1latokat v\u00e9gez, miel\u0151tt b\u00e1rmilyen k\u00e9szletet elfogadna. Ellen\u0151rizz\u00fck az akkumul\u00e1tor specifik\u00e1ci\u00f3it (p\u00e9ld\u00e1ul a t\u00e9nyleges 1000mAh kapacit\u00e1st), a szerkezeti integrit\u00e1st \u00e9s a 19ml-es tart\u00e1lyt\u00e9rfogatok konzisztenci\u00e1j\u00e1t, biztos\u00edtva, hogy minden sz\u00e1ll\u00edtott eldobhat\u00f3 vape megfeleljen pontos B2B szabv\u00e1nyainknak.<\/p>\n<\/div>\n<div style=\"text-align: center; margin: 40px 0;\">\n<p style=\"font-weight: bold; font-size: 1.1em;\">\u00c9lje \u00e1t a viselhet\u0151 technol\u00f3gia \u00e9s a fejlett p\u00e1rologtat\u00e1s metsz\u00e9spontj\u00e1t.<\/p>\n<div style=\"width: 1020px;\" class=\"wp-video\"><video class=\"wp-video-shortcode\" id=\"video-41654-1\" width=\"1020\" height=\"574\" preload=\"metadata\" controls=\"controls\"><source type=\"video\/mp4\" src=\"https:\/\/vapexyz.com\/wp-content\/uploads\/2025\/01\/redpandacompress_JNR-Vape-Watch-30000-Puffs-Dual-Mesh-Smart-Device-2-Low-Nicotine-Original-Factory-.mp4?_=1\" \/><a href=\"https:\/\/vapexyz.com\/wp-content\/uploads\/2025\/01\/redpandacompress_JNR-Vape-Watch-30000-Puffs-Dual-Mesh-Smart-Device-2-Low-Nicotine-Original-Factory-.mp4\">https:\/\/vapexyz.com\/wp-content\/uploads\/2025\/01\/redpandacompress_JNR-Vape-Watch-30000-Puffs-Dual-Mesh-Smart-Device-2-Low-Nicotine-Original-Factory-.mp4<\/a><\/video><\/div>\n<\/div>\n<div style=\"text-align: center; margin: 40px 0;\"><img loading=\"lazy\" decoding=\"async\" class=\"alignnone wp-image-41637 size-large\" style=\"border-radius: 8px; box-shadow: 0 4px 15px rgba(0,0,0,0.1); max-width: 100%; height: auto;\" src=\"https:\/\/vapexyz.com\/wp-content\/uploads\/2025\/01\/JNR-Vape-Watch-30000-Puffs-Dual-Mesh-Smart-Device-2-Low-Nicotine-Original-Factory-35-1024x576.webp\" alt=\"JNR Vape Watch 30000 Puffs Dual Mesh intelligens k\u00e9sz\u00fcl\u00e9k Eredeti gy\u00e1ri nagykereskedelmi \u00fajra t\u00f6lthet\u0151 eldobhat\u00f3 vape pen\" width=\"1024\" height=\"576\" title=\"\"><\/div>\n<\/article>","protected":false},"excerpt":{"rendered":"<p>A JNR Vape Watch 30000 Puffs egy eleg\u00e1ns, t\u00f6bbfunkci\u00f3s eldobhat\u00f3 vape, amely ak\u00e1r 30 000 sz\u00edv\u00e1st k\u00edn\u00e1l, kett\u0151s h\u00e1l\u00f3sz\u00e1las technol\u00f3gi\u00e1val a jobb \u00edz\u00e9rt, intelligens funkci\u00f3kkal, mint a h\u00edv\u00e1s \/ sz\u00f6veg funkci\u00f3, 1000mAh \u00fajrat\u00f6lthet\u0151 akkumul\u00e1tor \u00e9s 19ml kapacit\u00e1s, mindezt kiz\u00e1r\u00f3lag a Vapexyz-n\u00e9l \u00e9rhet\u0151 el.<\/p>","protected":false},"featured_media":41604,"comment_status":"open","ping_status":"closed","template":"","meta":{"_lmt_disableupdate":"no","_lmt_disable":""},"product_brand":[],"product_cat":[1040,996,947,935,934,927,929,928,930,933,939,932,938,931,936,937,1017,949,946,950,951,953,987],"product_tag":[],"class_list":{"0":"post-41654","1":"product","2":"type-product","3":"status-publish","4":"has-post-thumbnail","6":"product_cat-jnr-disposable-vapes","7":"product_cat-30000-puff-vapes","8":"product_cat-big-puffs-vapes","9":"product_cat-bulk-buy-disposable-vapes-in-austria","10":"product_cat-bulk-buy-disposable-vapes-in-belgium","11":"product_cat-bulk-buy-disposable-vapes-in-europe","12":"product_cat-bulk-buy-disposable-vapes-in-france","13":"product_cat-bulk-buy-disposable-vapes-in-germany","14":"product_cat-bulk-buy-disposable-vapes-in-italy","15":"product_cat-bulk-buy-disposable-vapes-in-netherlands","16":"product_cat-bulk-buy-disposable-vapes-in-norway","17":"product_cat-bulk-buy-disposable-vapes-in-poland","18":"product_cat-bulk-buy-disposable-vapes-in-portugal","19":"product_cat-bulk-buy-disposable-vapes-in-spain","20":"product_cat-bulk-buy-disposable-vapes-in-sweden","21":"product_cat-bulk-buy-disposable-vapes-in-switzerland","22":"product_cat-buy-best-disposable-vape-flavors","23":"product_cat-digital-box-vapes","24":"product_cat-disposable-vapes-series","25":"product_cat-dual-mesh-vapes","26":"product_cat-lower-nicotine-vapes","27":"product_cat-rechargeable-vapes","28":"product_cat-vape-shop-by-puffs","30":"first","31":"outofstock","32":"shipping-taxable","33":"purchasable","34":"product-type-variable","35":"has-default-attributes"},"jetpack_sharing_enabled":true,"tiered_pricing_type":"fixed","tiered_pricing_fixed_rules":[],"tiered_pricing_product_settings":{"layout":"default","base_unit_name":{"singular":null,"plural":null},"default_variation":null},"tiered_pricing_minimum_quantity":null,"tiered_pricing_roles_data":[],"tiered_pricing_percentage_rules":[],"tiered_pricing_maximum_quantity":null,"tiered_pricing_quantity_step":null,"_links":{"self":[{"href":"https:\/\/vapexyz.com\/hu\/wp-json\/wp\/v2\/product\/41654","targetHints":{"allow":["GET"]}}],"collection":[{"href":"https:\/\/vapexyz.com\/hu\/wp-json\/wp\/v2\/product"}],"about":[{"href":"https:\/\/vapexyz.com\/hu\/wp-json\/wp\/v2\/types\/product"}],"replies":[{"embeddable":true,"href":"https:\/\/vapexyz.com\/hu\/wp-json\/wp\/v2\/comments?post=41654"}],"wp:featuredmedia":[{"embeddable":true,"href":"https:\/\/vapexyz.com\/hu\/wp-json\/wp\/v2\/media\/41604"}],"wp:attachment":[{"href":"https:\/\/vapexyz.com\/hu\/wp-json\/wp\/v2\/media?parent=41654"}],"wp:term":[{"taxonomy":"product_brand","embeddable":true,"href":"https:\/\/vapexyz.com\/hu\/wp-json\/wp\/v2\/product_brand?post=41654"},{"taxonomy":"product_cat","embeddable":true,"href":"https:\/\/vapexyz.com\/hu\/wp-json\/wp\/v2\/product_cat?post=41654"},{"taxonomy":"product_tag","embeddable":true,"href":"https:\/\/vapexyz.com\/hu\/wp-json\/wp\/v2\/product_tag?post=41654"}],"curies":[{"name":"wp","href":"https:\/\/api.w.org\/{rel}","templated":true}]}}