{"id":37576,"date":"2024-11-06T08:31:23","date_gmt":"2024-11-06T08:31:23","guid":{"rendered":"https:\/\/vapexyz.com\/?post_type=product&#038;p=37576"},"modified":"2026-03-03T08:03:17","modified_gmt":"2026-03-03T08:03:17","slug":"aivono-cel-gyoztes-6000-puff-kolas-uveg-0-2-5-alacsony-nikotin-eredeti-gyari-omlesztett-vasarlas-ujratoltheto-eldobhato-vapes-toll-nagykereskedes","status":"publish","type":"product","link":"https:\/\/vapexyz.com\/hu\/product\/aivono-aim-winner-6000-puffs-coke-bottle-0-2-5-low-nicotine-original-factory-bulk-buy-rechargeable-disposable-vapes-pen-wholesale\/","title":{"rendered":"AIVONO AIM WINNER 6000 Puffs K\u00f3la \u00dcveg Nagykereskedelmi V\u00e1s\u00e1rl\u00e1s \u00dajrat\u00f6lthet\u0151 Eldobhat\u00f3 Vape"},"content":{"rendered":"<article style=\"font-family: Arial, sans-serif; line-height: 1.6; color: #333; max-width: 100%; margin: 0 auto; padding: 20px;\">\n<h2 style=\"color: #1a5f7a; border-bottom: 2px solid #1a5f7a; padding-bottom: 8px;\">AIVONO AIM WINNER 6000 Puffs: \u00c1tfog\u00f3 M\u0171szaki \u00c1ttekint\u00e9s \u00e9s B2B Forgalmaz\u00e1si \u00datmutat\u00f3<\/h2>\n<p>\u00dcdv\u00f6z\u00f6lj\u00fck az AIVONO AIM WINNER 6000 Puff m\u00e9lyrehat\u00f3 technikai elemz\u00e9s\u00e9ben \u00e9s professzion\u00e1lis nagykereskedelmi dokument\u00e1ci\u00f3j\u00e1ban. Az ipar\u00e1gvezet\u0151 B2B forgalmaz\u00f3k\u00e9nt a VapeXYZ t\u00f6bb mint nyolc \u00e9ves glob\u00e1lis ell\u00e1t\u00e1si l\u00e1nc szak\u00e9rtelm\u00e9t haszn\u00e1lja fel arra, hogy pr\u00e9mium eldobhat\u00f3 vape term\u00e9keket sz\u00e1ll\u00edtson kereskedelmi partnereknek vil\u00e1gszerte. Felismerj\u00fck, hogy a modern kiskereskedelmi \u00e9s forgalmaz\u00e1si k\u00f6rnyezetek olyan term\u00e9keket k\u00f6vetelnek meg, amelyek szigor\u00fa m\u00e9rn\u00f6ki szabv\u00e1nyokkal, empirikus teljes\u00edtm\u00e9ny-ellen\u0151rz\u00e9ssel \u00e9s szigor\u00fa szab\u00e1lyoz\u00e1si megfelel\u0151s\u00e9ggel rendelkeznek. Ez az \u00e1tfog\u00f3 \u00fatmutat\u00f3 ismerteti az AIVONO AIM WINNER \u00e9p\u00edt\u00e9szeti specifik\u00e1ci\u00f3it, laborat\u00f3riumi vizsg\u00e1lati eredm\u00e9nyeit \u00e9s kereskedelmi k\u00e9szenl\u00e9t\u00e9t, amelyet kifejezetten arra terveztek, hogy n\u00f6velje eldobhat\u00f3 vape k\u00e9szlet\u00e9t.<\/p>\n<p>\u00dagy tervezt\u00e9k, hogy megfeleljen mind az \u00faj felhaszn\u00e1l\u00f3k, mind a tapasztalt rajong\u00f3k ig\u00e9nyeinek, ez a specifikus eldobhat\u00f3 vape modell fejlett szerkezeti kialak\u00edt\u00e1ssal \u00e9s megb\u00edzhat\u00f3 elektronikai alkatr\u00e9szekkel van integr\u00e1lva. A Vapexyz.com pr\u00e9mium nagykereskedelmi forgalmaz\u00f3k\u00e9nt m\u0171k\u00f6dik, \u00e9s p\u00e1ratlan hozz\u00e1f\u00e9r\u00e9st biztos\u00edt ehhez az eszk\u00f6zh\u00f6z, mind\u00f6ssze 10 darabos minim\u00e1lis rendel\u00e9si mennyis\u00e9ggel (MOQ). Ak\u00e1r Hollandi\u00e1ban, N\u00e9metorsz\u00e1gban, Belgiumban, Spanyolorsz\u00e1gban vagy m\u00e1s nemzetk\u00f6zi piacokon tal\u00e1lhat\u00f3 v\u00e1llalkoz\u00e1sa, infrastrukt\u00far\u00e1nk biztos\u00edtja, hogy k\u00f6zvetlen nagykereskedelmi \u00e1raz\u00e1sb\u00f3l \u00e9s rendk\u00edv\u00fcl hat\u00e9kony logisztik\u00e1b\u00f3l profit\u00e1ljon, biztos\u00edtva, hogy eldobhat\u00f3 vape term\u00e9kei optim\u00e1lis sebess\u00e9ggel \u00e9s megb\u00edzhat\u00f3s\u00e1ggal \u00e9rkezzenek polcaira.<\/p>\n<h2 style=\"color: #1a5f7a; border-bottom: 2px solid #1a5f7a; padding-bottom: 8px;\">M\u0171szaki Specifik\u00e1ci\u00f3k \u00e9s Hardverarchitekt\u00fara<\/h2>\n<p>T\u00fal az alapvet\u0151 eszt\u00e9tikai le\u00edr\u00e1sokon, az AIVONO AIM WINNER prec\u00edzi\u00f3s m\u00e9rn\u00f6ki munk\u00e1val k\u00e9sz\u00fclt, hogy biztos\u00edtsa a konzisztens aeroszoliz\u00e1ci\u00f3t \u00e9s a m\u0171k\u00f6d\u00e9si hossz\u00fa \u00e9lettartamot. A k\u00e9sz\u00fcl\u00e9k ergonomikus, k\u00f3la-\u00fcveg inspir\u00e1lta kialak\u00edt\u00e1ssal rendelkezik, melynek m\u00e9retei 30mm x 110mm, s\u00falya pedig gondosan kiegyens\u00falyozott 75 gramm. Ez a forma nem csup\u00e1n kozmetikai jelleg\u0171; a hengeres h\u00e1z lehet\u0151v\u00e9 teszi a kiv\u00e1l\u00f3 h\u0151lead\u00e1st az bels\u0151 f\u0171t\u0151magt\u00f3l, mik\u00f6zben maxim\u00e1lis t\u00e9rfogati hat\u00e9konys\u00e1got biztos\u00edt a bels\u0151 alkatr\u00e9szek sz\u00e1m\u00e1ra.<\/p>\n<h3 style=\"color: #2c7a7b;\">Teljes\u00edtm\u00e9ny Lead\u00f3 \u00e9s Akkumul\u00e1tor Kezel\u0151 Rendszer<\/h3>\n<p>Ennek az eldobhat\u00f3 vape-nak az operat\u00edv magj\u00e1ban egy robusztus, 600mAh kapacit\u00e1s\u00fa \u00fajrat\u00f6lthet\u0151 l\u00edtium-ion polimer (LiPo) energiacella tal\u00e1lhat\u00f3. A standard primer cell\u00e1kkal ellent\u00e9tben ezt a m\u00e1sodlagos cell\u00e1t egy kifinomult fed\u00e9lzeti mikrokontroller egys\u00e9g (MCU) szab\u00e1lyozza, amely biztos\u00edtja a stabil fesz\u00fclts\u00e9gkimenetet a kis\u00fct\u00e9si ciklus alatt. A Type-C univerz\u00e1lis soros busz interf\u00e9sz integr\u00e1l\u00e1sa jelent\u0151s ugr\u00e1st jelent a modern elektronikai szabv\u00e1nyos\u00edt\u00e1sban. A t\u00f6lt\u0151 \u00e1ramk\u00f6r t\u00e1mogatja a szabv\u00e1nyos 5V\/1A bemenetet, \u00e9s kritikus biztons\u00e1gi protokollokat tartalmaz, bele\u00e9rtve a t\u00falfesz\u00fclts\u00e9g-v\u00e9delmet (OVP), a t\u00fal kis\u00fct\u00e9sv\u00e9delmet \u00e9s a termikus fojt\u00e1st, hogy megel\u0151zze a katasztrof\u00e1lis akkumul\u00e1torhib\u00e1t a felt\u00f6lt\u00e9si f\u00e1zis alatt.<\/p>\n<h3 style=\"color: #2c7a7b;\">F\u0171t\u0151elem \u00e9s bels\u0151 tart\u00e1ly<\/h3>\n<p>A p\u00e1rologtat\u00e1si mechanizmus egy prec\u00edzi\u00f3s kialak\u00edt\u00e1s\u00fa h\u00e1l\u00f3tekercs architekt\u00far\u00e1t alkalmaz. A f\u0171t\u0151elem fel\u00fclet\u00e9nek n\u00f6vel\u00e9s\u00e9vel a h\u00e1l\u00f3 kialak\u00edt\u00e1s biztos\u00edtja a h\u0151 egyenletes eloszl\u00e1s\u00e1t a sz\u00edv\u00f3anyagban. Ez megakad\u00e1lyozza a lok\u00e1lis sz\u00e1raz foltokat \u00e9s garant\u00e1lja a sima, egyenletes kimenetet az els\u0151 aktiv\u00e1l\u00e1st\u00f3l az utols\u00f3 ciklusig. A k\u00e9sz\u00fcl\u00e9k nagy, 15 ml-es bels\u0151 tart\u00e1llyal rendelkezik, amely egy saj\u00e1t, er\u0151sen nedvsz\u00edv\u00f3 polimer kever\u00e9kb\u0151l k\u00e9sz\u00fclt kan\u00f3cot haszn\u00e1l, amely fenntartja a t\u00f6k\u00e9letes tel\u00edtetts\u00e9gi szinteket. Ez a jelent\u0151s 15 ml-es kapacit\u00e1s az alapvet\u0151 m\u00e9r\u0151sz\u00e1m, amely garant\u00e1lja, hogy a k\u00e9sz\u00fcl\u00e9k el\u00e9rje tervezett \u00e9lettartam\u00e1t korai sz\u00e1raz \u00e9g\u00e9sek n\u00e9lk\u00fcl.<\/p>\n<table style=\"width: 100%; border-collapse: collapse; margin: 25px 0; font-size: 0.95em; box-shadow: 0 0 20px rgba(0, 0, 0, 0.15);\">\n<thead>\n<tr style=\"background-color: #1a5f7a; color: #ffffff; text-align: left;\">\n<th style=\"padding: 12px 15px; border: 1px solid #ddd;\">M\u0171szaki param\u00e9ter<\/th>\n<th style=\"padding: 12px 15px; border: 1px solid #ddd;\">M\u0171szaki adatok<\/th>\n<th style=\"padding: 12px 15px; border: 1px solid #ddd;\">M\u00e9rn\u00f6ki el\u0151ny<\/th>\n<\/tr>\n<\/thead>\n<tbody>\n<tr style=\"border-bottom: 1px solid #dddddd;\">\n<td style=\"padding: 12px 15px;\">Maxim\u00e1lis Kibocs\u00e1t\u00e1si Kapacit\u00e1s<\/td>\n<td style=\"padding: 12px 15px;\">6 000 bel\u00e9gz\u00e9si ciklus<\/td>\n<td style=\"padding: 12px 15px;\">Meghosszabb\u00edtott m\u0171k\u00f6d\u00e9si \u00e9lettartam, cs\u00f6kkentett cseregyakoris\u00e1g.<\/td>\n<\/tr>\n<tr style=\"background-color: #f3f3f3; border-bottom: 1px solid #dddddd;\">\n<td style=\"padding: 12px 15px;\">Bels\u0151 Tart\u00e1ly T\u00e9rfogata<\/td>\n<td style=\"padding: 12px 15px;\">15 ml oldatkapacit\u00e1s<\/td>\n<td style=\"padding: 12px 15px;\">Optimaliz\u00e1lt anyag \u00e9s akkumul\u00e1tor \u00e9lettartam ar\u00e1ny a nulla hullad\u00e9k \u00e9rdek\u00e9ben.<\/td>\n<\/tr>\n<tr style=\"border-bottom: 1px solid #dddddd;\">\n<td style=\"padding: 12px 15px;\">Akku kapacit\u00e1s \u00e9s k\u00e9mia<\/td>\n<td style=\"padding: 12px 15px;\">600mAh, L\u00edtium-ion polimer<\/td>\n<td style=\"padding: 12px 15px;\">Magas energias\u0171r\u0171s\u00e9g kompakt, k\u00f6nny\u0171 form\u00e1tumban.<\/td>\n<\/tr>\n<tr style=\"background-color: #f3f3f3; border-bottom: 1px solid #dddddd;\">\n<td style=\"padding: 12px 15px;\">\u00dajrat\u00f6lt\u00e9si interf\u00e9sz<\/td>\n<td style=\"padding: 12px 15px;\">USB Type-C aljzat<\/td>\n<td style=\"padding: 12px 15px;\">Egyetemes kompatibilit\u00e1s, gyors energia-ut\u00e1np\u00f3tl\u00e1s, tart\u00f3s port.<\/td>\n<\/tr>\n<tr style=\"border-bottom: 1px solid #dddddd;\">\n<td style=\"padding: 12px 15px;\">Fizikai m\u00e9retek \u00e9s t\u00f6meg<\/td>\n<td style=\"padding: 12px 15px;\">30 x 110mm, 75 gramm<\/td>\n<td style=\"padding: 12px 15px;\">Kiv\u00e9teles hordozhat\u00f3s\u00e1g, ergon\u00f3mikus markolat, szerkezetileg szil\u00e1rd h\u00e1z.<\/td>\n<\/tr>\n<tr style=\"background-color: #f3f3f3; border-bottom: 1px solid #dddddd;\">\n<td style=\"padding: 12px 15px;\">Er\u0151v\u00e1ltozatok<\/td>\n<td style=\"padding: 12px 15px;\">0%, 2%, 5% k\u00e9sz\u00edtm\u00e9nyek<\/td>\n<td style=\"padding: 12px 15px;\">Sz\u00e9les demogr\u00e1fiai vonzer\u0151 a szem\u00e9lyre szabott felhaszn\u00e1l\u00f3i preferenci\u00e1khoz.<\/td>\n<\/tr>\n<\/tbody>\n<\/table>\n<h2 style=\"color: #1a5f7a; border-bottom: 2px solid #1a5f7a; padding-bottom: 8px;\">Empirikus tesztel\u00e9s \u00e9s min\u0151s\u00e9gbiztos\u00edt\u00e1si protokollok<\/h2>\n<p>A nagykereskedelmi piacon val\u00f3 abszol\u00fat bizalom \u00e9s tekint\u00e9ly kialak\u00edt\u00e1sa \u00e9rdek\u00e9ben az AIVONO AIM WINNER szigor\u00fa empirikus valid\u00e1ci\u00f3n megy kereszt\u00fcl.  F\u00fcggetlen min\u0151s\u00e9gbiztos\u00edt\u00e1si csapatok \u00e9s h\u00e1zon bel\u00fcli laborat\u00f3riumi technikusok v\u00e9letlenszer\u0171 gy\u00e1rt\u00e1si t\u00e9teleket vetnek al\u00e1 kimer\u00edt\u0151 m\u0171k\u00f6d\u00e9si stresszteszteknek.  Ezeket a protokollokat \u00fagy tervezt\u00e9k, hogy t\u00fall\u00e9pjenek a szubjekt\u00edv marketing \u00e1ll\u00edt\u00e1sokon, \u00e9s a term\u00e9k teljes\u00edtm\u00e9ny\u00e9t ellen\u0151rizhet\u0151 adatokra alapozz\u00e1k.<\/p>\n<h3 style=\"color: #2c7a7b;\">Automatiz\u00e1lt ciklus- \u00e9s aeroszolelemz\u00e9s<\/h3>\n<p>A 6000 ciklusos \u00e1ll\u00edt\u00e1s igazol\u00e1s\u00e1ra az automatiz\u00e1lt mechanikai vizsg\u00e1l\u00f3berendez\u00e9sek szimul\u00e1lj\u00e1k az emberi bel\u00e9gz\u00e9st. Ezeket a g\u00e9peket egy standard 3 m\u00e1sodperces h\u00faz\u00e1si id\u0151tartamra \u00e9s 15 m\u00e1sodperces pihen\u0151intervallumra kalibr\u00e1lj\u00e1k, t\u00fckr\u00f6zve a tipikus haszn\u00e1lati mint\u00e1kat. A m\u00e9r\u00e9sek k\u00f6vetkezetesen azt mutatj\u00e1k, hogy a 15 ml-es tart\u00e1ly, amikor a h\u00e1l\u00f3s f\u0171t\u0151elemmel p\u00e1ros\u00edtj\u00e1k, hat\u00e9konyan fenntartja a s\u0171r\u0171 aeroszoltermel\u00e9st az \u00e1ll\u00edtott hat\u00e1rokig. Ezenk\u00edv\u00fcl a h\u00faz\u00e1s-aktiv\u00e1l\u00e1si \u00e9rz\u00e9kel\u0151 ultra-alacsony k\u00e9sleltet\u00e9st mutat, \u00e9s kevesebb mint 50 milliszekundum alatt elind\u00edtja a teljes\u00edtm\u00e9ny lead\u00e1s\u00e1t a negat\u00edv nyom\u00e1s \u00e9szlel\u00e9sekor, biztos\u00edtva az azonnali \u00e9s \u00e9rz\u00e9keny teljes\u00edtm\u00e9nyt.<\/p>\n<div style=\"background-color: #e6f2f5; border-left: 5px solid #1a5f7a; padding: 15px; margin: 20px 0; border-radius: 0 8px 8px 0;\">\n<h4 style=\"margin-top: 0; color: #1a5f7a;\">Tud\u00e1s Pont: A H\u00e1l\u00f3 F\u0171t\u00e9s Termodinamik\u00e1ja<\/h4>\n<p style=\"margin-bottom: 0;\">A hagyom\u00e1nyos dr\u00f3ttekercsek gyakran szenvednek termikus f\u00f3kuszpontokt\u00f3l, amelyek ronthatj\u00e1k a bels\u0151 oldatot \u00e9s kellemetlen vegy\u00fcleteket termelhetnek. Az ebben az eldobhat\u00f3 vape-ban haszn\u00e1lt h\u00e1l\u00f3s f\u0171t\u0151mag fejlett termodinamik\u00e1ra t\u00e1maszkodik. A vezet\u0151k\u00e9pes \u00f6tv\u00f6zetet finom r\u00e1csba sz\u0151ve az elektromos ellen\u00e1ll\u00e1s egyenletesen oszlik el. Ez lehet\u0151v\u00e9 teszi, hogy az eszk\u00f6z a k\u00e9sz\u00edtm\u00e9nyt t\u00f6k\u00e9letesen stabil, alacsonyabb h\u0151m\u00e9rs\u00e9kleti k\u00fcsz\u00f6b\u00f6n p\u00e1rologtassa, fenntartva az \u00e9rz\u00e9kszervi profil integrit\u00e1s\u00e1t, mik\u00f6zben maximaliz\u00e1lja minden 600mAh-os akkumul\u00e1torb\u00f3l sz\u00e1rmaz\u00f3 elektromos impulzus hat\u00e9konys\u00e1g\u00e1t.<\/p>\n<\/div>\n<h2 style=\"color: #1a5f7a; border-bottom: 2px solid #1a5f7a; padding-bottom: 8px;\">\u00c9rz\u00e9kszervi Profilok \u00e9s Aroma Formul\u00e1k<\/h2>\n<p>A saj\u00e1t, bels\u0151 formul\u00e1kat magas min\u0151s\u00e9g\u0171, \u00e9lelmiszer-biztons\u00e1gos aromavegy\u00fcletek felhaszn\u00e1l\u00e1s\u00e1val fejlesztett\u00e9k ki. A fejlett extrakci\u00f3s technik\u00e1k alkalmaz\u00e1s\u00e1val a gy\u00e1rt\u00f3 sikerrel hozott l\u00e9tre nagyon hiteles, r\u00e9tegezett \u00e9rz\u00e9kszervi profilokat. Minden v\u00e1ltozat gondosan homogeniz\u00e1l\u00e1sra ker\u00fclt, hogy megakad\u00e1lyozz\u00e1k az \u00f6sszetev\u0151k sz\u00e9tv\u00e1l\u00e1s\u00e1t a k\u00e9sz\u00fcl\u00e9k \u00e9lettartama alatt, garant\u00e1lva, hogy a v\u00e9gs\u0151 aktiv\u00e1l\u00e1s ugyanolyan er\u0151s \u00e9s arom\u00e1s legyen, mint az els\u0151.  K\u00fcl\u00f6n gondoss\u00e1ggal v\u00e1logatott k\u00edn\u00e1latunk sz\u00e9les spektrumban tartalmaz botanikai \u00e9s gy\u00fcm\u00f6lcs ihlette profilokat:<\/p>\n<ul style=\"list-style-type: square; padding-left: 20px;\">\n<li><strong>G\u00f6r\u00f6gdinnye j\u00e9g:<\/strong> Egy ropog\u00f3s, friss\u00edt\u0151 botanikus g\u00f6r\u00f6gdinnye esszencia, mely z\u00f6kken\u0151mentesen p\u00e1rosul egy hat\u00e1rozott, h\u0171s\u00edt\u0151 mentol befejez\u00e9ssel.<\/li>\n<li><strong>H\u0171v\u00f6s menta:<\/strong> Tiszt\u00e1n borsmenta \u00e9s fodormenta kever\u00e9k, melynek c\u00e9lja, hogy \u00e9les, friss\u00edt\u0151 \u00e9rz\u00e9kszervi hat\u00e1st fejtsen ki.<\/li>\n<li><strong>Ban\u00e1n j\u00e9g:<\/strong> Gazdag, kr\u00e9mes tr\u00f3pusi gy\u00fcm\u00f6lcs illat, amelyet t\u00f6k\u00e9letesen ellens\u00falyoz egy ropog\u00f3s, fagyos kil\u00e9gz\u00e9s.<\/li>\n<li><strong>\u00c1fonya a j\u00e9gen:<\/strong> \u00d6sszetett, \u00e9des bogy\u00f3s jegyek, maxim\u00e1lis hiteless\u00e9g \u00e9rdek\u00e9ben kivonva, r\u00e9tegezve egy h\u0171t\u0151, jeges alap f\u00f6l\u00e9.<\/li>\n<li><strong>Barack j\u00e9g:<\/strong> Egy finom, arom\u00e1s gy\u00fcm\u00f6lcs\u00f6s profil, amely sima, h\u0171s\u00edt\u0151 \u00e9rzettel v\u00e9gz\u0151dik.<\/li>\n<li><strong>Sz\u0151l\u0151 j\u00e9g:<\/strong> Er\u0151s, m\u00e9lyen \u00e9des sz\u0151l\u0151-gy\u00fcm\u00f6lcs formul\u00e1ci\u00f3, amelyet egy ropog\u00f3s, fagyos alaphangsz\u00edn emel.<\/li>\n<li><strong>Grapefruit narancs:<\/strong> Egy brili\u00e1ns citrusos gy\u00fcm\u00f6lcsv\u00e1logat\u00e1s, amely \u00e9les, fanyar zamatot \u00f6tv\u00f6z a gazdag, naps\u00fct\u00f6tte \u00e9dess\u00e9ggel.<\/li>\n<li><strong>Mang\u00f3 Guava:<\/strong> Egy egzotikus, tr\u00f3pusi f\u00fazi\u00f3, amely s\u0171r\u0171, nekt\u00e1rszer\u0171 \u00e9dess\u00e9get \u00f6tv\u00f6z \u00f6sszetett, savanyk\u00e1s jegyekkel.<\/li>\n<li><strong>Eper passi\u00f3gy\u00fcm\u00f6lcs:<\/strong> T\u00f6bbdimenzi\u00f3s kever\u00e9k, amely \u00e9des v\u00f6r\u00f6s bogy\u00f3kat tartalmaz, \u00f6sszefon\u00f3dva \u00e9l\u00e9nk, tr\u00f3pusi savany\u00fas\u00e1ggal.<\/li>\n<li><strong>Narancs sz\u00f3da:<\/strong> Egyed\u00fcl\u00e1ll\u00f3an sz\u00e9nsavas ihlet\u00e9s\u0171 \u00e9rz\u00e9kszervi profil, amely pontosan ut\u00e1nozza egy klasszikus \u00fcd\u00edt\u0151ital pezsg\u0151 frissess\u00e9g\u00e9t.<\/li>\n<\/ul>\n<h2 style=\"color: #1a5f7a; border-bottom: 2px solid #1a5f7a; padding-bottom: 8px;\">Szab\u00e1lyoz\u00e1si Megfelel\u0151s\u00e9g \u00e9s Gy\u00e1rt\u00e1si Szabv\u00e1nyok<\/h2>\n<p>A B2B forgalmaz\u00f3k eset\u00e9ben a besz\u00e1ll\u00edt\u00f3i hat\u00f3s\u00e1g nagym\u00e9rt\u00e9kben f\u00fcgg a nemzetk\u00f6zi biztons\u00e1gi ir\u00e1nyelvek szigor\u00fa betart\u00e1s\u00e1t\u00f3l. Az AIVONO AIM WINNER 6000 Puffs olyan l\u00e9tes\u00edtm\u00e9nyekben k\u00e9sz\u00fcl, amelyek rendelkeznek ISO 9001 tan\u00fas\u00edtv\u00e1nnyal, biztos\u00edtva, hogy a min\u0151s\u00e9gir\u00e1ny\u00edt\u00e1si rendszerek szigor\u00faan \u00e9rv\u00e9nyes\u00fcljenek. A bels\u0151 elektronikus alkatr\u00e9szek megfelelnek a Vesz\u00e9lyes Anyagok Korl\u00e1toz\u00e1s\u00e1r\u00f3l sz\u00f3l\u00f3 (RoHS) ir\u00e1nyelvnek, ami meger\u0151s\u00edti, hogy a \u00e1ramk\u00f6r\u00f6kben nincsenek jelen vesz\u00e9lyes neh\u00e9zf\u00e9mek, p\u00e9ld\u00e1ul \u00f3lom \u00e9s kadmium. Ezenk\u00edv\u00fcl az \u00f6sszeszerel\u00e9s megfelel a Conformit\u00e9 Europ\u00e9enne (CE) szabv\u00e1nyoknak, igazolva annak biztons\u00e1goss\u00e1g\u00e1t a szigor\u00fa eur\u00f3pai szab\u00e1lyoz\u00e1si \u00f6vezetekben t\u00f6rt\u00e9n\u0151 import\u00e1l\u00e1shoz \u00e9s kiskereskedelemhez. A bels\u0151 \u00e1ramforr\u00e1sok kezel\u00e9s\u00e9re vonatkoz\u00f3 megfelel\u0151 dokument\u00e1ci\u00f3 biztos\u00edtja a l\u00edtium alap\u00fa eszk\u00f6z\u00f6kre vonatkoz\u00f3 nemzetk\u00f6zi sz\u00e1ll\u00edt\u00e1si szab\u00e1lyok betart\u00e1s\u00e1t.<\/p>\n<h2 style=\"color: #1a5f7a; border-bottom: 2px solid #1a5f7a; padding-bottom: 8px;\">Nagykereskedelmi Disztrib\u00faci\u00f3s Logisztika VapeXYZ-en kereszt\u00fcl<\/h2>\n<p>Eldobhat\u00f3 vape term\u00e9kek beszerz\u00e9se kereskedelmi v\u00e1llalkoz\u00e1s sz\u00e1m\u00e1ra megb\u00edzhat\u00f3 logisztik\u00e1t \u00e9s \u00e1tl\u00e1that\u00f3 ell\u00e1t\u00e1si l\u00e1nc mutat\u00f3kat k\u00f6vetel. A VapeXYZ \u00f3ri\u00e1si kereskedelmi el\u0151ny\u00f6ket k\u00edn\u00e1l, rendk\u00edv\u00fcl sk\u00e1l\u00e1zhat\u00f3 v\u00e1s\u00e1rl\u00e1si modelleket biztos\u00edtva. Ak\u00e1r egy kis butik boltot, ak\u00e1r egy nagy region\u00e1lis forgalmaz\u00e1si h\u00e1l\u00f3zatot ir\u00e1ny\u00edt, m\u0171k\u00f6d\u00e9si keretrendszer\u00fcnk abszol\u00fat megb\u00edzhat\u00f3s\u00e1gra van tervezve.<\/p>\n<p><strong>Nagykarton specifik\u00e1ci\u00f3k nagy mennyis\u00e9g\u0171 beszerz\u00e9shez:<\/strong><\/p>\n<ul style=\"list-style-type: circle; padding-left: 20px;\">\n<li><strong>Darab egys\u00e9g\/mester dobozonk\u00e9nt:<\/strong> 300 egyedi eszk\u00f6z.<\/li>\n<li><strong>Karton m\u00e9retei:<\/strong> 60 cm x 141 cm x 129 cm (optimaliz\u00e1lt szabv\u00e1nyos raklapoz\u00e1shoz \u00e9s kont\u00e9neres sz\u00e1ll\u00edtm\u00e1nyoz\u00e1shoz).<\/li>\n<li><strong>T\u00f6meg dobozonk\u00e9nt:<\/strong> 24 kilogram (lehet\u0151v\u00e9 teszi a kezelhet\u0151 k\u00e9zi kezel\u00e9st, mik\u00f6zben maximaliz\u00e1lja a sz\u00e1ll\u00edt\u00e1si s\u0171r\u0171s\u00e9get).<\/li>\n<li><strong>Minim\u00e1lis rendel\u00e9si mennyis\u00e9g:<\/strong> Rugalmas bel\u00e9p\u00e9si pontok, ak\u00e1r csak 10 darabt\u00f3l kezdve.<\/li>\n<\/ul>\n<p>A VapeXYZ-zel val\u00f3 egy\u00fcttm\u0171k\u00f6d\u00e9s r\u00e9v\u00e9n v\u00e1llalkoz\u00e1sa profit\u00e1l a gyors kisz\u00e1ll\u00edt\u00e1si protokollokb\u00f3l, a tranzitk\u00e1rok megel\u0151z\u00e9s\u00e9re szolg\u00e1l\u00f3 gondos csomagol\u00e1sb\u00f3l \u00e9s a dedik\u00e1lt B2B \u00fcgyf\u00e9lszolg\u00e1latb\u00f3l. Mi vagyunk a hat\u00e1rozott, megb\u00edzhat\u00f3 v\u00e1laszt\u00e1s a fels\u0151 kateg\u00f3ri\u00e1s eldobhat\u00f3 vape-ok \u00e1lland\u00f3 k\u00e9szlet\u00e9nek biztos\u00edt\u00e1s\u00e1ra egy egyre versenyk\u00e9pesebb piacon.<\/p>\n<h2 style=\"color: #1a5f7a; border-bottom: 2px solid #1a5f7a; padding-bottom: 8px;\">Teljes\u00edtm\u00e9nykritikus T\u00e9nyez\u0151k \u00e9s Gyakran Ism\u00e9telt K\u00e9rd\u00e9sek<\/h2>\n<div style=\"border: 2px solid #2c7a7b; border-radius: 8px; padding: 20px; background-color: #ffffff; box-shadow: 0 4px 6px rgba(0,0,0,0.05);\">\n<h3 style=\"color: #2c7a7b; margin-top: 0; border-bottom: 1px dashed #ccc; padding-bottom: 10px;\">Gyakran Ism\u00e9telt K\u00e9rd\u00e9sek<\/h3>\n<p><strong>Mi t\u00f6rt\u00e9nik, ha a 600mAh teljes\u00edtm\u00e9ny\u0171 cella lemer\u00fcl, miel\u0151tt az 15ml-es tart\u00e1ly ki\u00fcr\u00fcl?<\/strong><br \/>\nA: Az AIVONO AIM WINNER m\u00e9rn\u00f6ki kialak\u00edt\u00e1sa tartalmaz egy Type-C \u00fajrat\u00f6lt\u0151 portot. Ez lehet\u0151v\u00e9 teszi a felhaszn\u00e1l\u00f3 sz\u00e1m\u00e1ra, hogy t\u00f6bbsz\u00f6r k\u00f6nnyen felt\u00f6ltse az elektromos energi\u00e1t, biztos\u00edtva, hogy az eszk\u00f6z hat\u00e9konyan m\u0171k\u00f6dj\u00f6n, am\u00edg a teljes 15 ml-es t\u00e9rfogatot teljesen ki nem haszn\u00e1lj\u00e1k, teljesen kik\u00fcsz\u00f6b\u00f6lve a pazarl\u00e1st.<\/p>\n<p><strong>K: Van empirikus bizony\u00edt\u00e9k a 6000 ciklus\u00fa specifik\u00e1ci\u00f3 t\u00e1mogat\u00e1s\u00e1ra?<\/strong><br \/>\nIgen. A volumetrikus elmozdul\u00e1svizsg\u00e1lat \u00e9s az automatiz\u00e1lt laborat\u00f3riumi inhal\u00e1ci\u00f3s szimul\u00e1torok meger\u0151s\u00edtik, hogy a 15 ml-es bels\u0151 kapacit\u00e1s, amikor az optimaliz\u00e1lt h\u00e1l\u00f3s f\u0171t\u0151elemen kereszt\u00fcl aeroszoliz\u00e1l\u00f3dik, megb\u00edzhat\u00f3an ak\u00e1r 6 000 aktiv\u00e1l\u00e1st biztos\u00edt a standard haszn\u00e1lati param\u00e9terek alapj\u00e1n.<\/p>\n<p><strong>Hogyan garant\u00e1lja a VapeXYZ ezen eldobhat\u00f3 vape term\u00e9kek hiteless\u00e9g\u00e9t?<\/strong><br \/>\nA: T\u00f6bb mint 8 \u00e9ves specializ\u00e1lt B2B ipari jelenl\u00e9ttel a Vapexyz.com k\u00f6zvetlen nagykereskedelmi beszerz\u00e9si csatorn\u00e1kat tart fenn az eredeti gy\u00e1rt\u00e1si l\u00e9tes\u00edtm\u00e9nnyel. Ez a k\u00f6zvetlen kapcsolat a gy\u00e1rral megsz\u00fcnteti a k\u00f6z\u00e9pfok\u00fa forgalmaz\u00f3kat, lehet\u0151v\u00e9 t\u00e9ve sz\u00e1munkra, hogy garant\u00e1ljuk 100% -ban eredeti eszk\u00f6z\u00f6ket, amelyeket t\u00e9telsz\u00e1mok alapj\u00e1n ellen\u0151riznek, mik\u00f6zben a p\u00e9nz\u00fcgyi megtakar\u00edt\u00e1sokat k\u00f6zvetlen\u00fcl tov\u00e1bb\u00edtj\u00e1k kiskereskedelmi partnereinknek.<\/p>\n<p><strong>Milyen ide\u00e1lis t\u00e1rol\u00e1si felt\u00e9telek sz\u00fcks\u00e9gesek a nagykereskedelmi \u00f6mlesztett rendel\u00e9sekhez?<\/strong><br \/>\nA l\u00edtium-ion akkumul\u00e1tor \u00e9s az arom\u00e1s oldatok integrit\u00e1s\u00e1nak meg\u0151rz\u00e9se \u00e9rdek\u00e9ben a f\u0151 kartonokat kl\u00edmaszab\u00e1lyozott k\u00f6rnyezetben kell t\u00e1rolni. Az ide\u00e1lis k\u00f6rnyezeti h\u0151m\u00e9rs\u00e9klet 15\u00b0C \u00e9s 25\u00b0C k\u00f6z\u00f6tt van. A sz\u00e9ls\u0151s\u00e9ges h\u0151h\u00f6z val\u00f3 hosszabb kitetts\u00e9g ronthatja a bels\u0151 akkumul\u00e1tor k\u00e9mi\u00e1j\u00e1t, m\u00edg a fagyos h\u0151m\u00e9rs\u00e9kletek \u00e1tmenetileg megv\u00e1ltoztathatj\u00e1k a bels\u0151 k\u00e9sz\u00edtm\u00e9ny viszkozit\u00e1s\u00e1t.<\/p>\n<\/div>\n<p style=\"text-align: center; margin-top: 30px; font-weight: bold; font-size: 1.1em; color: #1a5f7a;\">Emelje kereskedelmi k\u00e9szlet\u00e9t m\u00e9g ma. Fedezze fel az AIVONO AIM WINNER m\u0171szaki f\u00f6l\u00e9ny\u00e9t, \u00e9s l\u00e9pjen kapcsolatba a VapeXYZ-szel a p\u00e1ratlan nagykereskedelmi megold\u00e1sok\u00e9rt.<\/p>\n<\/article>","protected":false},"excerpt":{"rendered":"<p>Az AIVONO AIM WINNER 6000 Puffs \u00fajrat\u00f6lthet\u0151 eldobhat\u00f3 vape kiv\u00e9teles g\u0151z\u00f6l\u00e9si \u00e9lm\u00e9nyt ny\u00fajt eleg\u00e1ns diz\u00e1jnj\u00e1val, leny\u0171g\u00f6z\u0151 6000 sz\u00edv\u00e1s kapacit\u00e1s\u00e1val \u00e9s sz\u00e1mos finom \u00edzzel, \u00edgy t\u00f6k\u00e9letes v\u00e1laszt\u00e1s mind a kezd\u0151, mind a tapasztalt g\u0151z\u00f6l\u0151k sz\u00e1m\u00e1ra, nagykereskedelmi v\u00e1s\u00e1rl\u00e1sra el\u00e9rhet\u0151 a Vapexyz-n\u00e9l.<\/p>","protected":false},"featured_media":37620,"comment_status":"open","ping_status":"closed","template":"","meta":{"_lmt_disableupdate":"no","_lmt_disable":""},"product_brand":[],"product_cat":[944,1005,947,1020,935,934,927,929,928,930,933,939,932,938,931,936,937,1017,1022,946,1023,1024,1025,951,1029,1030,1032,1033,953,1037,987,1038],"product_tag":[],"class_list":{"0":"post-37576","1":"product","2":"type-product","3":"status-publish","4":"has-post-thumbnail","6":"product_cat-aivono","7":"product_cat-6000-puff-vapes","8":"product_cat-big-puffs-vapes","9":"product_cat-blueberry-flavor-disposable-vapes","10":"product_cat-bulk-buy-disposable-vapes-in-austria","11":"product_cat-bulk-buy-disposable-vapes-in-belgium","12":"product_cat-bulk-buy-disposable-vapes-in-europe","13":"product_cat-bulk-buy-disposable-vapes-in-france","14":"product_cat-bulk-buy-disposable-vapes-in-germany","15":"product_cat-bulk-buy-disposable-vapes-in-italy","16":"product_cat-bulk-buy-disposable-vapes-in-netherlands","17":"product_cat-bulk-buy-disposable-vapes-in-norway","18":"product_cat-bulk-buy-disposable-vapes-in-poland","19":"product_cat-bulk-buy-disposable-vapes-in-portugal","20":"product_cat-bulk-buy-disposable-vapes-in-spain","21":"product_cat-bulk-buy-disposable-vapes-in-sweden","22":"product_cat-bulk-buy-disposable-vapes-in-switzerland","23":"product_cat-buy-best-disposable-vape-flavors","24":"product_cat-cola-flavor-disposable-vapes","25":"product_cat-disposable-vapes-series","26":"product_cat-grape-flavor-disposable-vapes","27":"product_cat-guava-flavor-disposable-vapes","28":"product_cat-ice-flavor-disposable-vapes","29":"product_cat-lower-nicotine-vapes","30":"product_cat-mango-flavor-disposable-vapes","31":"product_cat-mint-flavor-disposable-vapes","32":"product_cat-passion-fruit-flavor-disposable-vapes","33":"product_cat-peach-flavor-disposable-vapes","34":"product_cat-rechargeable-vapes","35":"product_cat-strawberry-flavor-disposable-vapes","36":"product_cat-vape-shop-by-puffs","37":"product_cat-watermelon-flavor-disposable-vapes","39":"first","40":"outofstock","41":"shipping-taxable","42":"purchasable","43":"product-type-variable","44":"has-default-attributes"},"jetpack_sharing_enabled":true,"tiered_pricing_type":"fixed","tiered_pricing_fixed_rules":[],"tiered_pricing_product_settings":{"layout":"default","base_unit_name":{"singular":null,"plural":null},"default_variation":null},"tiered_pricing_minimum_quantity":null,"tiered_pricing_roles_data":[],"tiered_pricing_percentage_rules":[],"tiered_pricing_maximum_quantity":null,"tiered_pricing_quantity_step":null,"_links":{"self":[{"href":"https:\/\/vapexyz.com\/hu\/wp-json\/wp\/v2\/product\/37576","targetHints":{"allow":["GET"]}}],"collection":[{"href":"https:\/\/vapexyz.com\/hu\/wp-json\/wp\/v2\/product"}],"about":[{"href":"https:\/\/vapexyz.com\/hu\/wp-json\/wp\/v2\/types\/product"}],"replies":[{"embeddable":true,"href":"https:\/\/vapexyz.com\/hu\/wp-json\/wp\/v2\/comments?post=37576"}],"wp:featuredmedia":[{"embeddable":true,"href":"https:\/\/vapexyz.com\/hu\/wp-json\/wp\/v2\/media\/37620"}],"wp:attachment":[{"href":"https:\/\/vapexyz.com\/hu\/wp-json\/wp\/v2\/media?parent=37576"}],"wp:term":[{"taxonomy":"product_brand","embeddable":true,"href":"https:\/\/vapexyz.com\/hu\/wp-json\/wp\/v2\/product_brand?post=37576"},{"taxonomy":"product_cat","embeddable":true,"href":"https:\/\/vapexyz.com\/hu\/wp-json\/wp\/v2\/product_cat?post=37576"},{"taxonomy":"product_tag","embeddable":true,"href":"https:\/\/vapexyz.com\/hu\/wp-json\/wp\/v2\/product_tag?post=37576"}],"curies":[{"name":"wp","href":"https:\/\/api.w.org\/{rel}","templated":true}]}}