{"id":37191,"date":"2024-11-02T13:54:02","date_gmt":"2024-11-02T13:54:02","guid":{"rendered":"https:\/\/vapexyz.com\/?post_type=product&#038;p=37191"},"modified":"2026-03-03T08:03:21","modified_gmt":"2026-03-03T08:03:21","slug":"vapme-shisha-pro-max-20000-puff-led-kijelzo-2-alacsony-nikotin-eredeti-gyari-omlesztett-vasarlas-ujratoltheto-eldobhato-vapes-toll-nagyker","status":"publish","type":"product","link":"https:\/\/vapexyz.com\/hu\/product\/vapme-shisha-pro-max-20000-puffs-led-display-2-low-nicotine-original-factory-bulk-buy-rechargeable-disposable-vapes-pen-wholesale\/","title":{"rendered":"VAPME Shisha Pro Max 20000 Puff LED kijelz\u0151 Nagykereskedelmi v\u00e1s\u00e1rl\u00e1s \u00dajrat\u00f6lthet\u0151 Eldobhat\u00f3 Vape Nagykereskedelem"},"content":{"rendered":"<article style=\"font-family: Arial, Helvetica, sans-serif; line-height: 1.6; color: #333; padding: 20px; max-width: 100%; margin: 0 auto;\">\n<h2 style=\"color: #2c3e50; border-bottom: 2px solid #3498db; padding-bottom: 10px; margin-top: 30px;\">VAPME Shisha Pro Max 20000 Puff: \u00c1tfog\u00f3 M\u0171szaki \u00c1ttekint\u00e9s Nagykereskedelmi M\u0171veletekhez<\/h2>\n<p>Az eldobhat\u00f3 vape-ok gyorsan fejl\u0151d\u0151 glob\u00e1lis piac\u00e1n a forgalmaz\u00f3k \u00e9s a kiskeresked\u0151k olyan hardvereket ig\u00e9nyelnek, amelyek szigor\u00fa m\u00e9rn\u00f6ki munka, empirikus megb\u00edzhat\u00f3s\u00e1g \u00e9s \u00e1lland\u00f3 gy\u00e1rt\u00e1si szabv\u00e1nyok alapj\u00e1n k\u00e9sz\u00fclnek. A VAPME Shisha Pro Max 20000 Puffs kiemelked\u0151 megold\u00e1sk\u00e9nt jelenik meg, kifejezetten optimaliz\u00e1lva a nagy volumen\u0171 v\u00e1llalati m\u0171veletekhez. T\u00f6bb mint nyolc \u00e9ves glob\u00e1lis forgalmaz\u00e1si szak\u00e9rtelmet felhaszn\u00e1lva a VapeXYZ bemutatja a k\u00e9sz\u00fcl\u00e9k r\u00e9szletes technikai lebont\u00e1s\u00e1t, amelyben ismerteti a f\u0151bb specifik\u00e1ci\u00f3kat, anyagokat, tesztm\u00e9r\u0151sz\u00e1mokat \u00e9s ell\u00e1t\u00e1si l\u00e1nc logisztik\u00e1t, amelyek miatt vonz\u00f3 kieg\u00e9sz\u00edt\u0151je lehet b\u00e1rmely professzion\u00e1lis vape nagykereskedelmi k\u00e9szletnek.<\/p>\n<p>Ezt az eszk\u00f6zt a hossz\u00fa \u00e9lettartam, a szerkezeti integrit\u00e1s \u00e9s a v\u00e9gfelhaszn\u00e1l\u00f3 k\u00e9nyelme figyelembev\u00e9tel\u00e9vel tervezt\u00e9k. A szigor\u00fa min\u0151s\u00e9gir\u00e1ny\u00edt\u00e1si protokollokhoz igazod\u00f3 l\u00e9tes\u00edtm\u00e9nyekben gy\u00e1rtott VAPME Shisha Pro Max hidat k\u00e9pez a nagy teljes\u00edtm\u00e9ny\u0171 kapacit\u00e1s \u00e9s a st\u00edlusos, hordozhat\u00f3 kialak\u00edt\u00e1s k\u00f6z\u00f6tt, \u00edgy ide\u00e1lis jel\u00f6lt a eur\u00f3pai piacokra, bele\u00e9rtve Hollandi\u00e1t, N\u00e9metorsz\u00e1got, Belgiumot \u00e9s Spanyolorsz\u00e1got is.<\/p>\n<div style=\"text-align: center; margin: 30px 0;\"><img loading=\"lazy\" decoding=\"async\" class=\"alignnone wp-image-37233 size-full\" style=\"color: #333333; font-size: 16px; max-width: 100%; height: auto; border-radius: 8px; box-shadow: 0 4px 15px rgba(0,0,0,0.1);\" src=\"https:\/\/vapexyz.com\/wp-content\/uploads\/2024\/11\/VAPME-Shisha-Pro-Max-20000-Puffs-LED-Display-2-Low-Nicotine-Original-Factory-15.webp\" alt=\"VAPME Shisha Pro Max 20000 Puff LED kijelz\u0151 Eredeti gy\u00e1ri nagykereskedelmi \u00fajra t\u00f6lthet\u0151 eldobhat\u00f3 vape toll nagy mennyis\u00e9gben v\u00e1s\u00e1rolhat\u00f3\" width=\"1060\" height=\"729\" title=\"\" srcset=\"https:\/\/vapexyz.com\/wp-content\/uploads\/2024\/11\/VAPME-Shisha-Pro-Max-20000-Puffs-LED-Display-2-Low-Nicotine-Original-Factory-15.webp 1060w, https:\/\/vapexyz.com\/wp-content\/uploads\/2024\/11\/VAPME-Shisha-Pro-Max-20000-Puffs-LED-Display-2-Low-Nicotine-Original-Factory-15-500x344.webp 500w, https:\/\/vapexyz.com\/wp-content\/uploads\/2024\/11\/VAPME-Shisha-Pro-Max-20000-Puffs-LED-Display-2-Low-Nicotine-Original-Factory-15-1024x704.webp 1024w, https:\/\/vapexyz.com\/wp-content\/uploads\/2024\/11\/VAPME-Shisha-Pro-Max-20000-Puffs-LED-Display-2-Low-Nicotine-Original-Factory-15-768x528.webp 768w, https:\/\/vapexyz.com\/wp-content\/uploads\/2024\/11\/VAPME-Shisha-Pro-Max-20000-Puffs-LED-Display-2-Low-Nicotine-Original-Factory-15-18x12.webp 18w, https:\/\/vapexyz.com\/wp-content\/uploads\/2024\/11\/VAPME-Shisha-Pro-Max-20000-Puffs-LED-Display-2-Low-Nicotine-Original-Factory-15-600x413.webp 600w\" sizes=\"auto, (max-width: 1060px) 100vw, 1060px\" \/><\/div>\n<h3 style=\"color: #2980b9; margin-top: 25px;\">Tervezett M\u0171szaki K\u00f6vetelm\u00e9nyek \u00e9s <a style=\"color: #d35400; text-decoration: none; font-weight: bold;\" href=\"https:\/\/vapexyz.com\/hu\/termekkategoria\/vapme\/\">VAPME eldobhat\u00f3 vapes<\/a> Hardverarchitekt\u00fara<\/h3>\n<p>A VAPME Shisha Pro Max bels\u0151 architekt\u00far\u00e1ja pontosan kalibr\u00e1lt, hogy t\u00e1mogassa a folyamatos haszn\u00e1latot an\u00e9lk\u00fcl, hogy vesz\u00e9lyeztetn\u00e9 a g\u0151z kimenet min\u0151s\u00e9g\u00e9t. A hagyom\u00e1nyos eldobhat\u00f3 vapek gyakran szenvednek fesz\u00fclts\u00e9gcs\u00f6kken\u00e9st\u0151l vagy tekercs degrad\u00e1ci\u00f3t\u00f3l j\u00f3val miel\u0151tt bels\u0151 tart\u00e1lyuk kimer\u00fclne. A VAPME m\u00e9rn\u00f6kei kiegyens\u00falyozott komponens integr\u00e1ci\u00f3val enyh\u00edtett\u00e9k ezeket a probl\u00e9m\u00e1kat.<\/p>\n<table style=\"width: 100%; border-collapse: collapse; margin: 20px 0; font-family: sans-serif; font-size: 15px; box-shadow: 0 2px 10px rgba(0, 0, 0, 0.05);\">\n<thead>\n<tr style=\"background-color: #34495e; color: #ffffff; text-align: left;\">\n<th style=\"padding: 15px; border: 1px solid #ddd;\">M\u0171szaki Specifik\u00e1ci\u00f3<\/th>\n<th style=\"padding: 15px; border: 1px solid #ddd;\">M\u00e9r\u00e9s \/ R\u00e9szlet<\/th>\n<th style=\"padding: 15px; border: 1px solid #ddd;\">M\u00e9rn\u00f6ki el\u0151ny<\/th>\n<\/tr>\n<\/thead>\n<tbody>\n<tr style=\"background-color: #f9f9f9;\">\n<td style=\"padding: 12px; border: 1px solid #ddd;\">M\u0171k\u00f6dtet\u00e9si kapacit\u00e1s<\/td>\n<td style=\"padding: 12px; border: 1px solid #ddd;\">Ak\u00e1r 20 000 f\u00faj\u00e1s<\/td>\n<td style=\"padding: 12px; border: 1px solid #ddd;\">Meghosszabb\u00edtott m\u0171k\u00f6d\u00e9si \u00e9lettartam, cs\u00f6kkentve a cser\u00e9k gyakoris\u00e1g\u00e1t.<\/td>\n<\/tr>\n<tr>\n<td style=\"padding: 12px; border: 1px solid #ddd;\">T\u00e1roz\u00f3 t\u00e9rfogat<\/td>\n<td style=\"padding: 12px; border: 1px solid #ddd;\">28 ml<\/td>\n<td style=\"padding: 12px; border: 1px solid #ddd;\">Nagy kapacit\u00e1s\u00fa bels\u0151 t\u00e1rol\u00e1s, amelyet \u00e9lelmiszer-min\u0151s\u00e9g\u0171 PCTG-b\u0151l k\u00e9sz\u00edtettek az anyag stabilit\u00e1sa \u00e9rdek\u00e9ben.<\/td>\n<\/tr>\n<tr style=\"background-color: #f9f9f9;\">\n<td style=\"padding: 12px; border: 1px solid #ddd;\">Akku mag<\/td>\n<td style=\"padding: 12px; border: 1px solid #ddd;\">850mAh L\u00edtium-ion<\/td>\n<td style=\"padding: 12px; border: 1px solid #ddd;\">Optimaliz\u00e1lt kis\u00fct\u00e9si g\u00f6rbe a t\u00f6lt\u00e9si ciklus sor\u00e1n v\u00e9gig konzisztens teljes\u00edtm\u00e9nylead\u00e1shoz.<\/td>\n<\/tr>\n<tr>\n<td style=\"padding: 12px; border: 1px solid #ddd;\">T\u00f6lt\u00e9si Protokoll<\/td>\n<td style=\"padding: 12px; border: 1px solid #ddd;\">Type-C USB<\/td>\n<td style=\"padding: 12px; border: 1px solid #ddd;\">Modern, szabv\u00e1nyos csatlakoz\u00e1s, be\u00e9p\u00edtett t\u00falt\u00f6lt\u00e9s \u00e9s r\u00f6vidz\u00e1rlat elleni v\u00e9delemmel.<\/td>\n<\/tr>\n<tr style=\"background-color: #f9f9f9;\">\n<td style=\"padding: 12px; border: 1px solid #ddd;\">Porlaszt\u00f3 Ellen\u00e1ll\u00e1s<\/td>\n<td style=\"padding: 12px; border: 1px solid #ddd;\">0,6 Ohm (H\u00e1l\u00f3zati topol\u00f3gia)<\/td>\n<td style=\"padding: 12px; border: 1px solid #ddd;\">A szubohm-es h\u00e1l\u00f3tervez\u00e9s maximaliz\u00e1lja a fel\u00fcletet az egyenletes f\u0171t\u00e9s \u00e9s a s\u0171r\u0171 aeroszol k\u00e9pz\u0151d\u00e9s \u00e9rdek\u00e9ben.<\/td>\n<\/tr>\n<tr>\n<td style=\"padding: 12px; border: 1px solid #ddd;\">Felhaszn\u00e1l\u00f3i fel\u00fclet<\/td>\n<td style=\"padding: 12px; border: 1px solid #ddd;\">Integr\u00e1lt LED telemetria kijelz\u0151<\/td>\n<td style=\"padding: 12px; border: 1px solid #ddd;\">Val\u00f3s idej\u0171 mennyis\u00e9gi adatokat szolg\u00e1ltat a fennmarad\u00f3 akkumul\u00e1tor \u00e9lettartam\u00e1r\u00f3l \u00e9s a k\u00e9sz\u00edtm\u00e9ny szintjeir\u0151l.<\/td>\n<\/tr>\n<\/tbody>\n<\/table>\n<h3 style=\"color: #2980b9; margin-top: 35px;\">Empirikus teljes\u00edtm\u00e9ny, laborat\u00f3riumi vizsg\u00e1lat \u00e9s min\u0151s\u00e9gbiztos\u00edt\u00e1s<\/h3>\n<p>A kiskereskedelmi k\u00f6rnyezetben val\u00f3 megb\u00edzhat\u00f3s\u00e1g biztos\u00edt\u00e1sa \u00e9rdek\u00e9ben a VAPME Shisha Pro Max szigor\u00fa empirikus vizsg\u00e1lati m\u00f3dszereknek vetik al\u00e1 a t\u00f6meges forgalmaz\u00e1s el\u0151tt. Min\u0151s\u00e9gbiztos\u00edt\u00e1si csapataink \u00e9rt\u00e9kelik az eszk\u00f6z\u00f6ket a szabv\u00e1nyos\u00edtott mechanikai sz\u00edv\u00e1si szimul\u00e1ci\u00f3k alapj\u00e1n. A vizsg\u00e1lat sor\u00e1n mechaniz\u00e1lt pneumatikus szivatty\u00fak sz\u00edvnak 50 ml aeroszolt 3 m\u00e1sodperc alatt, 30 m\u00e1sodperces id\u0151k\u00f6z\u00f6nk\u00e9nt ism\u00e9telve a termikus dinamika monitoroz\u00e1sa \u00e9rdek\u00e9ben.<\/p>\n<p>Az ellen\u0151rz\u00f6tt tesztekb\u0151l sz\u00e1rmaz\u00f3 megfigyel\u00e9sek azt mutatj\u00e1k, hogy a 0,6 ohmos h\u00e1l\u00f3 atomiz\u00e1l\u00f3 szerkezeti integrit\u00e1s\u00e1t \u00e9s \u00e1lland\u00f3 ellen\u00e1ll\u00e1s\u00e1t (\u00b10,04 ohmos elt\u00e9r\u00e9sen bel\u00fcl) m\u00e9g a 15 000 aktiv\u00e1l\u00e1si jel\u00f6l\u00e9s ut\u00e1n is fenntartja. Ezenk\u00edv\u00fcl az akkumul\u00e1tor \u00e9letciklus\u00e1nak elemz\u00e9se azt mutatja, hogy az 850mAh l\u00edtium-ion cella t\u00f6bb mint 85% -\u00e1t megtartja eredeti t\u00f6lt\u00e9si kapacit\u00e1s\u00e1nak 30 teljes \u00fajrat\u00f6lt\u00e9si ciklus ut\u00e1n a Type-C interf\u00e9szen kereszt\u00fcl. A k\u00e9sz\u00fcl\u00e9k RoHS-kompatibilis anyagokb\u00f3l k\u00e9sz\u00fcl, biztos\u00edtva, hogy a chassisban vagy a bels\u0151 elektronikus \u00e1ramk\u00f6r\u00f6kben nem haszn\u00e1lnak vesz\u00e9lyes neh\u00e9zf\u00e9meket. A bels\u0151 tart\u00e1lyt nagy s\u0171r\u0171s\u00e9g\u0171, h\u0151m\u00e9rs\u00e9klet-\u00e1ll\u00f3 polimerb\u0151l (PCTG) alak\u00edtj\u00e1k ki, biztos\u00edtva a vape kever\u00e9k k\u00e9miai stabilit\u00e1s\u00e1t hosszabb t\u00e1rol\u00e1si id\u0151szakok alatt.<\/p>\n<h3 style=\"color: #2980b9; margin-top: 35px;\">Aromaprofilok \u00e9s kever\u00e9kek<\/h3>\n<p>A k\u00fcl\u00f6nb\u00f6z\u0151 fogyaszt\u00f3i preferenci\u00e1k meg\u00e9rt\u00e9se kritikus fontoss\u00e1g\u00fa a kiskereskedelmi sikerhez. A VAPME Shisha Pro Max sz\u00e9lesk\u00f6r\u0171 katal\u00f3gust k\u00edn\u00e1l 24 k\u00fcl\u00f6nb\u00f6z\u0151 \u00e9rz\u00e9kszervi kever\u00e9kb\u0151l. Ezeket a profilokat szak\u00e9rt\u0151i m\u00f3don alak\u00edtj\u00e1k ki magas min\u0151s\u00e9g\u0171 arom\u00e1s vegy\u00fcletek felhaszn\u00e1l\u00e1s\u00e1val, hogy biztos\u00edts\u00e1k a k\u00f6vetkezetes, pr\u00e9mium \u00e9lm\u00e9nyt az els\u0151 sz\u00edv\u00e1st\u00f3l az utols\u00f3ig.<\/p>\n<div style=\"column-count: 2; column-gap: 40px; background-color: #fcfcfc; padding: 20px; border: 1px solid #eef2f5; border-radius: 8px;\">\n<ul style=\"list-style-type: square; color: #555; margin: 0; padding-left: 20px;\">\n<li style=\"margin-bottom: 8px;\">K\u00e9k\u00e1fonya R\u00e1g\u00f3gumi Profil<\/li>\n<li style=\"margin-bottom: 8px;\">Kivi Passi\u00f3gy\u00fcm\u00f6lcs Guava Blend<\/li>\n<li style=\"margin-bottom: 8px;\">K\u00e9k m\u00e1lna limon\u00e1d\u00e9<\/li>\n<li style=\"margin-bottom: 8px;\">Epres Kiwi<\/li>\n<li style=\"margin-bottom: 8px;\">Vegyes Bogy\u00f3s Gy\u00fcm\u00f6lcskever\u00e9k<\/li>\n<li style=\"margin-bottom: 8px;\">Epres g\u00f6r\u00f6gdinnye<\/li>\n<li style=\"margin-bottom: 8px;\">Grapefruitleves<\/li>\n<li style=\"margin-bottom: 8px;\">Vizesdinnye Fagy<\/li>\n<li style=\"margin-bottom: 8px;\">\u0150szibarack mang\u00f3 anan\u00e1sz<\/li>\n<li style=\"margin-bottom: 8px;\">Eper Frost<\/li>\n<li style=\"margin-bottom: 8px;\">\u00c9rett \u0151szibar\u00e1t<\/li>\n<li style=\"margin-bottom: 8px;\">Lady Killa<\/li>\n<li style=\"margin-bottom: 8px;\">Cseresznye bogy\u00f3<\/li>\n<li style=\"margin-bottom: 8px;\">\u00c1fonya M\u00e1lna<\/li>\n<li style=\"margin-bottom: 8px;\">Szerelem 66<\/li>\n<li style=\"margin-bottom: 8px;\">Dinnye Energia<\/li>\n<li style=\"margin-bottom: 8px;\">Eper sz\u0151l\u0151<\/li>\n<li style=\"margin-bottom: 8px;\">Eper M\u00e1lna \u00c9des<\/li>\n<li style=\"margin-bottom: 8px;\">Feh\u00e9r Mamba<\/li>\n<li style=\"margin-bottom: 8px;\">G\u00f6r\u00f6gdinnye cseresznye<\/li>\n<li style=\"margin-bottom: 8px;\">Fagyasztott alma<\/li>\n<li style=\"margin-bottom: 8px;\">Citrommenta<\/li>\n<li style=\"margin-bottom: 8px;\">Fekete Ribizli Fagy<\/li>\n<li style=\"margin-bottom: 8px;\">Anan\u00e1sz turmix<\/li>\n<\/ul>\n<\/div>\n<div style=\"background: linear-gradient(135deg, #f4f7f6 0%, #e8efec 100%); border-left: 6px solid #16a085; padding: 25px; margin: 35px 0; border-radius: 6px; font-family: 'Segoe UI', Tahoma, Geneva, Verdana, sans-serif; box-shadow: 0 4px 6px rgba(0,0,0,0.06);\">\n<h3 style=\"color: #16a085; margin-top: 0; margin-bottom: 15px; font-size: 22px;\">M\u0171szaki Ismeretpont: A 0,6 Ohm Mesh Technol\u00f3gia El\u0151nye<\/h3>\n<p style=\"margin-bottom: 10px;\">Egy 0,6 ohmos h\u00e1l\u00f3 szerkezet\u00e9nek integr\u00e1l\u00e1sa az eldobhat\u00f3 g\u0151z\u00f6l\u0151 k\u00e9sz\u00fcl\u00e9kekbe jelent\u0151s ugr\u00e1st jelent a f\u0171t\u00e9si termodinamika ter\u00fclet\u00e9n. A hagyom\u00e1nyos tekercselt huzaltekercsekkel ellent\u00e9tben a h\u00e1l\u00f3zati technol\u00f3gia perfor\u00e1lt f\u00e9mlemezt haszn\u00e1l. Ez az \u00e9p\u00edt\u00e9szeti v\u00e1lt\u00e1s sz\u00e1mos m\u00e9rhet\u0151 el\u0151nyt ny\u00fajt:<\/p>\n<ul style=\"margin-bottom: 0;\">\n<li style=\"margin-bottom: 8px;\">N\u00f6velt fel\u00fclet: A h\u00e1l\u00f3s kialak\u00edt\u00e1s egyszerre sokkal nagyobb t\u00e9rfogat\u00fa bels\u0151 formul\u00e1ci\u00f3val l\u00e9p k\u00f6lcs\u00f6nhat\u00e1sba, s\u0171r\u0171bb aeroszol felh\u0151ket l\u00e9trehozva.<\/li>\n<li style=\"margin-bottom: 8px;\">Egys\u00e9ges H\u0151eloszl\u00e1s: A lokaliz\u00e1lt forr\u00f3 pontok - a spir\u00e1lis tekercsekben gyakori probl\u00e9ma - kik\u00fcsz\u00f6b\u00f6l\u00e9s\u00e9vel a h\u00e1l\u00f3s elem megakad\u00e1lyozza a kever\u00e9k h\u0151 okozta leboml\u00e1s\u00e1t, meg\u0151rizve az aromaprofil integrit\u00e1s\u00e1t.<\/li>\n<li style=\"margin-bottom: 0;\">Optimaliz\u00e1lt energiafogyaszt\u00e1s: A 0,6 ohmos szub-ohmos ellen\u00e1ll\u00e1s lehet\u0151v\u00e9 teszi, hogy az 850mAh-s akkumul\u00e1tor rendk\u00edv\u00fcl hat\u00e9kony kis\u00fct\u00e9si tartom\u00e1nyon bel\u00fcl m\u0171k\u00f6dj\u00f6n, egyens\u00falyozva az intenz\u00edv kimenetet a teljes\u00edtm\u00e9ny meg\u0151rz\u00e9s\u00e9vel.<\/li>\n<\/ul>\n<\/div>\n<h3 style=\"color: #2980b9; margin-top: 35px;\">Nagykereskedelmi Ell\u00e1t\u00e1si L\u00e1nc, Logisztika \u00e9s V\u00e1llalati Bizalom<\/h3>\n<p>A VapeXYZ professzion\u00e1lis, teljes m\u00e9rt\u00e9kben ellen\u0151rz\u00f6tt B2B forgalmaz\u00f3k\u00e9nt m\u0171k\u00f6dik, t\u00f6bb mint nyolc \u00e9ves igazolhat\u00f3 m\u0171k\u00f6d\u00e9si m\u00falttal a glob\u00e1lis piacon. Tudjuk, hogy a ell\u00e1t\u00e1si l\u00e1nc megb\u00edzhat\u00f3s\u00e1ga \u00e9ppoly kritikus, mint maga a hardver. A VAPME Shisha Pro Max biztons\u00e1gosan van csomagolva, hogy megfeleljen a nemzetk\u00f6zi sz\u00e1ll\u00edt\u00e1si szab\u00e1lyoknak, bele\u00e9rtve az UN38.3 szabv\u00e1nyokat a l\u00edtium-ion akkumul\u00e1torok biztons\u00e1gos sz\u00e1ll\u00edt\u00e1s\u00e1ra vonatkoz\u00f3an.<\/p>\n<p>Nagy l\u00e9pt\u00e9k\u0171 v\u00e1llalati v\u00e1s\u00e1rl\u00e1sok eset\u00e9n a logisztikai mutat\u00f3k er\u0151sen racionaliz\u00e1ltak. Minden mester karton pontosan 160 darabot tartalmaz, \u00f6sszesen 19,2 kg-os brutt\u00f3 s\u00fallyal. Ezek a szabv\u00e1nyos\u00edtott m\u00e9retek megk\u00f6nny\u00edtik a pontos sz\u00e1ll\u00edt\u00e1si sz\u00e1m\u00edt\u00e1sokat \u00e9s a hat\u00e9kony rakt\u00e1ri palett\u00e1z\u00e1st. A gy\u00e1rt\u00e1si eredettel val\u00f3 k\u00f6zvetlen kapcsolat fenntart\u00e1s\u00e1val a VapeXYZ garant\u00e1lja az autentikus, gy\u00e1rilag lez\u00e1rt term\u00e9keket. K\u00fcl\u00f6n\u00f6sen az eur\u00f3pai kontinensre specializ\u00e1l\u00f3dunk, b\u00fcszk\u00e9n \u00e1llunk a vezet\u0151 besz\u00e1ll\u00edt\u00f3 partnerk\u00e9nt a holland, n\u00e9met, belga \u00e9s spanyolorsz\u00e1gi kiskeresked\u0151k sz\u00e1m\u00e1ra. Ezenk\u00edv\u00fcl a k\u00fcl\u00f6nb\u00f6z\u0151 v\u00e1llalati l\u00e9pt\u00e9kekhez alkalmazkodva rendk\u00edv\u00fcl alacsony, mind\u00f6ssze 10 egys\u00e9gb\u0151l \u00e1ll\u00f3 Minim\u00e1lis Rendel\u00e9si Mennyis\u00e9get (MOQ) tartunk fenn, lehet\u0151v\u00e9 t\u00e9ve a kiskeresked\u0151k sz\u00e1m\u00e1ra, hogy empirikusan \u00e9rt\u00e9kelj\u00e9k a term\u00e9kek sebess\u00e9g\u00e9t saj\u00e1t piacaikon, miel\u0151tt elk\u00f6telezn\u00e9k magukat a nagy volumen\u0171 palett\u00e1k mellett.<\/p>\n<h3 style=\"color: #2980b9; margin-top: 35px; border-bottom: 1px solid #ecf0f1; padding-bottom: 10px;\">Gyakran Ism\u00e9telt K\u00e9rd\u00e9sek (F\u0151bb Pontok)<\/h3>\n<div style=\"border: 1px solid #e0e0e0; border-radius: 8px; padding: 18px; margin-bottom: 15px; background-color: #ffffff; box-shadow: 0 2px 5px rgba(0,0,0,0.02);\">\n<h4 style=\"color: #2c3e50; margin-top: 0; margin-bottom: 10px;\">Milyen adatok jelennek meg az integr\u00e1lt LED k\u00e9perny\u0151n?<\/h4>\n<p style=\"margin: 0; color: #555;\">A digit\u00e1lis telemetri\u00e1s interf\u00e9sz k\u00e9t kritikus adatpontot biztos\u00edt a felhaszn\u00e1l\u00f3 sz\u00e1m\u00e1ra: az akkumul\u00e1tor t\u00f6lt\u00f6tts\u00e9g\u00e9nek jelenlegi sz\u00e1zal\u00e9k\u00e1t \u00e9s egy vizu\u00e1lis jelz\u0151t, amely az bels\u0151 k\u00e9sz\u00edtm\u00e9ny marad\u00e9k t\u00e9rfogat\u00e1t reprezent\u00e1lja. Ez megsz\u00fcnteti a hagyom\u00e1nyos, egyszer haszn\u00e1latos vape-k eset\u00e9ben megszokott tal\u00e1lgat\u00e1st.<\/p>\n<\/div>\n<div style=\"border: 1px solid #e0e0e0; border-radius: 8px; padding: 18px; margin-bottom: 15px; background-color: #ffffff; box-shadow: 0 2px 5px rgba(0,0,0,0.02);\">\n<h4 style=\"color: #2c3e50; margin-top: 0; margin-bottom: 10px;\">Megfelelnek ezek az eszk\u00f6z\u00f6k a szabv\u00e1nyos sz\u00e1ll\u00edt\u00e1si szab\u00e1lyoknak?<\/h4>\n<p style=\"margin: 0; color: #555;\">Igen. Az integr\u00e1lt 850mAh-os l\u00edtium-ion akkumul\u00e1torok megfelelnek az UN38.3 szabv\u00e1nyos vizsg\u00e1lati k\u00f6vetelm\u00e9nyeinek a biztons\u00e1gos sz\u00e1ll\u00edt\u00e1s \u00e9rdek\u00e9ben. A mester kartonok helyesen vannak c\u00edmk\u00e9zve a nemzetk\u00f6zi sz\u00e1ll\u00edtm\u00e1nyoz\u00e1s sz\u00e1m\u00e1ra, biztos\u00edtva, hogy az EU-ba t\u00f6rt\u00e9n\u0151 behozatal sor\u00e1n a VapeXYZ-en kereszt\u00fcl ne legyenek v\u00e1ratlan k\u00e9s\u00e9sek a v\u00e1mkezel\u00e9s sor\u00e1n.<\/p>\n<\/div>\n<div style=\"border: 1px solid #e0e0e0; border-radius: 8px; padding: 18px; margin-bottom: 15px; background-color: #ffffff; box-shadow: 0 2px 5px rgba(0,0,0,0.02);\">\n<h4 style=\"color: #2c3e50; margin-top: 0; margin-bottom: 10px;\">Milyen t\u00f6lt\u0151 hardver aj\u00e1nlott a Type-C porthoz?<\/h4>\n<p style=\"margin: 0; color: #555;\">A bels\u0151 cella maxim\u00e1lis \u00e9lettartam\u00e1nak biztos\u00edt\u00e1sa \u00e9rdek\u00e9ben aj\u00e1nlott szabv\u00e1nyos 5V\/1A vagy 5V\/2A t\u00f6lt\u0151blokkot haszn\u00e1lni. A fed\u00e9lzeti \u00e1ramkezel\u0151 \u00e1ramk\u00f6r t\u00fal t\u00f6lt\u00e9sv\u00e9delmet tartalmaz, de \u00e1ltal\u00e1ban nem aj\u00e1nlott sz\u00e9ls\u0151s\u00e9gesen nagy teljes\u00edtm\u00e9ny\u0171 t\u00f6lt\u0151ket haszn\u00e1lni a akkumul\u00e1tor h\u0151terhel\u00e9s\u00e9nek megel\u0151z\u00e9se \u00e9rdek\u00e9ben.<\/p>\n<\/div>\n<div style=\"border: 1px solid #e0e0e0; border-radius: 8px; padding: 18px; margin-bottom: 15px; background-color: #ffffff; box-shadow: 0 2px 5px rgba(0,0,0,0.02);\">\n<h4 style=\"color: #2c3e50; margin-top: 0; margin-bottom: 10px;\">Hogyan kezeli a VapeXYZ a minim\u00e1lis rendel\u00e9si mennyis\u00e9geket (MOQ)?<\/h4>\n<p style=\"margin: 0; color: #555;\">\u00dagy tervezt\u00fck meg a forgalmaz\u00e1si modell\u00fcnket, hogy a lehet\u0151 legflexibilisebb legyen. B\u00e1r k\u00e9pesek vagyunk nagy mennyis\u00e9g\u0171, raklapon sz\u00e1ll\u00edtott \u00e1rut biztos\u00edtani, szigor\u00fa minim\u00e1lis rendel\u00e9si mennyis\u00e9g\u00fcnk (MOQ) mind\u00f6ssze 10 darab. Ez a politika lehet\u0151v\u00e9 teszi mind a kis, f\u00fcggetlen \u00fczletek, mind a nagykereskedelmi forgalmaz\u00f3k sz\u00e1m\u00e1ra, hogy pr\u00e9mium min\u0151s\u00e9g\u0171, eldobhat\u00f3 vape term\u00e9kekhez juthassanak hozz\u00e1 hiteles nagykereskedelmi \u00e1ron.<\/p>\n<\/div>\n<\/article>","protected":false},"excerpt":{"rendered":"<p>A VAPME Shisha Pro Max 20000 Puffs egy fejlett \u00fajrat\u00f6lthet\u0151 eldobhat\u00f3 vape, amely leny\u0171g\u00f6z\u0151 20 000 sz\u00edv\u00e1ssal rendelkezik, 28 ml-es kapacit\u00e1ssal, 850 mAh-s akkumul\u00e1torral, felhaszn\u00e1l\u00f3bar\u00e1t LED kijelz\u0151vel \u00e9s 24 finom \u00edz k\u00f6z\u00fcl v\u00e1laszthat, \u00edgy t\u00f6k\u00e9letes v\u00e1laszt\u00e1s mind a nagykeresked\u0151k, mind a h\u00e9tk\u00f6znapi vaperek sz\u00e1m\u00e1ra.<\/p>","protected":false},"featured_media":37206,"comment_status":"open","ping_status":"closed","template":"","meta":{"_lmt_disableupdate":"no","_lmt_disable":""},"product_brand":[],"product_cat":[856,1002,1018,947,1019,1020,935,934,927,929,928,930,933,939,932,938,931,936,937,1017,1021,949,946,1023,1024,1025,1026,1027,951,1029,1030,1031,1032,1033,1034,1035,953,1036,954,1037,987,1038],"product_tag":[],"class_list":{"0":"post-37191","1":"product","2":"type-product","3":"status-publish","4":"has-post-thumbnail","6":"product_cat-vapme","7":"product_cat-20000-puff-vapes","8":"product_cat-apple-flavor-disposable-vapes","9":"product_cat-big-puffs-vapes","10":"product_cat-blue-razz-flavor-disposable-vapes","11":"product_cat-blueberry-flavor-disposable-vapes","12":"product_cat-bulk-buy-disposable-vapes-in-austria","13":"product_cat-bulk-buy-disposable-vapes-in-belgium","14":"product_cat-bulk-buy-disposable-vapes-in-europe","15":"product_cat-bulk-buy-disposable-vapes-in-france","16":"product_cat-bulk-buy-disposable-vapes-in-germany","17":"product_cat-bulk-buy-disposable-vapes-in-italy","18":"product_cat-bulk-buy-disposable-vapes-in-netherlands","19":"product_cat-bulk-buy-disposable-vapes-in-norway","20":"product_cat-bulk-buy-disposable-vapes-in-poland","21":"product_cat-bulk-buy-disposable-vapes-in-portugal","22":"product_cat-bulk-buy-disposable-vapes-in-spain","23":"product_cat-bulk-buy-disposable-vapes-in-sweden","24":"product_cat-bulk-buy-disposable-vapes-in-switzerland","25":"product_cat-buy-best-disposable-vape-flavors","26":"product_cat-cherry-flavor-disposable-vapes","27":"product_cat-digital-box-vapes","28":"product_cat-disposable-vapes-series","29":"product_cat-grape-flavor-disposable-vapes","30":"product_cat-guava-flavor-disposable-vapes","31":"product_cat-ice-flavor-disposable-vapes","32":"product_cat-kiwi-flavor-disposable-vapes","33":"product_cat-lemon-flavor-disposable-vapes","34":"product_cat-lower-nicotine-vapes","35":"product_cat-mango-flavor-disposable-vapes","36":"product_cat-mint-flavor-disposable-vapes","37":"product_cat-mixed-berries-flavor-disposable-vapes","38":"product_cat-passion-fruit-flavor-disposable-vapes","39":"product_cat-peach-flavor-disposable-vapes","40":"product_cat-pineapple-flavor-disposable-vapes","41":"product_cat-raspberry-flavor-disposable-vapes","42":"product_cat-rechargeable-vapes","43":"product_cat-red-bull-flavor-disposable-vapes","44":"product_cat-shisha-hookah-vapes","45":"product_cat-strawberry-flavor-disposable-vapes","46":"product_cat-vape-shop-by-puffs","47":"product_cat-watermelon-flavor-disposable-vapes","49":"first","50":"outofstock","51":"shipping-taxable","52":"purchasable","53":"product-type-variable","54":"has-default-attributes"},"jetpack_sharing_enabled":true,"tiered_pricing_type":"fixed","tiered_pricing_fixed_rules":[],"tiered_pricing_product_settings":{"layout":"default","base_unit_name":{"singular":null,"plural":null},"default_variation":null},"tiered_pricing_minimum_quantity":null,"tiered_pricing_roles_data":[],"tiered_pricing_percentage_rules":[],"tiered_pricing_maximum_quantity":null,"tiered_pricing_quantity_step":null,"_links":{"self":[{"href":"https:\/\/vapexyz.com\/hu\/wp-json\/wp\/v2\/product\/37191","targetHints":{"allow":["GET"]}}],"collection":[{"href":"https:\/\/vapexyz.com\/hu\/wp-json\/wp\/v2\/product"}],"about":[{"href":"https:\/\/vapexyz.com\/hu\/wp-json\/wp\/v2\/types\/product"}],"replies":[{"embeddable":true,"href":"https:\/\/vapexyz.com\/hu\/wp-json\/wp\/v2\/comments?post=37191"}],"wp:featuredmedia":[{"embeddable":true,"href":"https:\/\/vapexyz.com\/hu\/wp-json\/wp\/v2\/media\/37206"}],"wp:attachment":[{"href":"https:\/\/vapexyz.com\/hu\/wp-json\/wp\/v2\/media?parent=37191"}],"wp:term":[{"taxonomy":"product_brand","embeddable":true,"href":"https:\/\/vapexyz.com\/hu\/wp-json\/wp\/v2\/product_brand?post=37191"},{"taxonomy":"product_cat","embeddable":true,"href":"https:\/\/vapexyz.com\/hu\/wp-json\/wp\/v2\/product_cat?post=37191"},{"taxonomy":"product_tag","embeddable":true,"href":"https:\/\/vapexyz.com\/hu\/wp-json\/wp\/v2\/product_tag?post=37191"}],"curies":[{"name":"wp","href":"https:\/\/api.w.org\/{rel}","templated":true}]}}