{"id":36875,"date":"2024-10-31T14:09:23","date_gmt":"2024-10-31T14:09:23","guid":{"rendered":"https:\/\/vapexyz.com\/?post_type=product&#038;p=36875"},"modified":"2026-03-03T02:51:39","modified_gmt":"2026-03-03T02:51:39","slug":"vookbar-cyber-pro-30000-puffs-dual-mesh-erintokepernyo-5-alacsony-nikotin-eredeti-gyari-omlesztett-vasarlas-ujratoltheto-eldobhato-vapes-toll-nagykereskedes","status":"publish","type":"product","link":"https:\/\/vapexyz.com\/hu\/product\/vookbar-cyber-pro-30000-puffs-dual-mesh-touch-screen-5-low-nicotine-original-factory-bulk-buy-rechargeable-disposable-vapes-pen-wholesale\/","title":{"rendered":"Vookbar Cyber Pro 30000 Puffs Du\u00e1l Mesh \u00c9rint\u0151k\u00e9perny\u0151 Nagykereskedelmi V\u00e1s\u00e1rl\u00e1s \u00dajrat\u00f6lthet\u0151 Eldobhat\u00f3 Vape Nagykereskedelem"},"content":{"rendered":"<article>\n<h2 id=\"introduction\">Vookbar Cyber Pro 30000 Puff: Az \u00faj m\u00e9rce az eldobhat\u00f3 vape m\u00e9rn\u00f6ks\u00e9gben<\/h2>\n<p>A Vookbar Cyber Pro 30000 Puffs jelent\u0151s el\u0151rel\u00e9p\u00e9st jelent a nagy kapacit\u00e1s\u00fa g\u0151z\u00f6l\u0151 rendszerek fejl\u0151d\u00e9s\u00e9ben. A hossz\u00fa \u00e9lettartamra \u00e9s a folyamatos teljes\u00edtm\u00e9nyre tervezve, ez az eszk\u00f6z hidat k\u00e9pez a hagyom\u00e1nyos eldobhat\u00f3 g\u0151z\u00f6l\u0151k \u00e9s a fejlett hardver k\u00f6z\u00f6tt. A VapeXYZ-n\u00e9l, k\u00f6zel egy \u00e9vtizedes ipari tapasztalattal, szigor\u00fa szabv\u00e1nyok szerint tesztelt\u00fck ezt a modellt az \u00e9p\u00edt\u00e9si min\u0151s\u00e9g \u00e9s a g\u0151zell\u00e1t\u00e1s tekintet\u00e9ben. Ez az eszk\u00f6z kifejezetten \u00fagy k\u00e9sz\u00fclt, hogy megfeleljen mind a nagyfrekvenci\u00e1s felhaszn\u00e1l\u00f3k, mind azok ig\u00e9nyeinek, akik fejlettebb interf\u00e9szekre t\u00e9rnek \u00e1t.<\/p>\n<div style=\"background-color: #f9f9f9; padding: 20px; border-left: 5px solid #2c3e50; margin: 20px 0;\">\n<h3 style=\"margin-top: 0;\">M\u0171szaki Specifik\u00e1ci\u00f3 \u00c1ttekint\u00e9se<\/h3>\n<p>A Vookbar Cyber Pro bels\u0151 architekt\u00far\u00e1j\u00e1nak meg\u00e9rt\u00e9se elengedhetetlen az \u00e9rt\u00e9kaj\u00e1nlat\u00e1nak \u00e9rt\u00e9kel\u00e9s\u00e9hez. Az al\u00e1bbiakban r\u00e9szletes bont\u00e1sban ismertetj\u00fck a m\u0171szaki specifik\u00e1ci\u00f3kat.<\/p>\n<table style=\"width: 100%; border-collapse: collapse; margin: 10px 0; background-color: white;\">\n<thead>\n<tr style=\"background-color: #2c3e50; color: white;\">\n<th style=\"padding: 12px; border: 1px solid #ddd;\">Funkci\u00f3<\/th>\n<th style=\"padding: 12px; border: 1px solid #ddd;\">M\u0171szaki r\u00e9szletek<\/th>\n<th style=\"padding: 12px; border: 1px solid #ddd;\">\u00dczemeltet\u00e9si el\u0151ny<\/th>\n<\/tr>\n<\/thead>\n<tbody>\n<tr>\n<td style=\"padding: 10px; border: 1px solid #ddd; font-weight: bold;\">Puff kapacit\u00e1s<\/td>\n<td style=\"padding: 10px; border: 1px solid #ddd;\">30 000 (Norm\u00e1l) \/ 15 000 (T\u00f6meges)<\/td>\n<td style=\"padding: 10px; border: 1px solid #ddd;\">Hosszabb\u00edtott \u00e9lettartam intenz\u00edv haszn\u00e1lat eset\u00e9n.<\/td>\n<\/tr>\n<tr>\n<td style=\"padding: 10px; border: 1px solid #ddd; font-weight: bold;\">F\u0171t\u0151elem<\/td>\n<td style=\"padding: 10px; border: 1px solid #ddd;\">Kett\u0151s h\u00e1l\u00f3s tekercsrendszer<\/td>\n<td style=\"padding: 10px; border: 1px solid #ddd;\">Megn\u00f6velt fel\u00fclet a egyenletes f\u0171t\u00e9s \u00e9rdek\u00e9ben.<\/td>\n<\/tr>\n<tr>\n<td style=\"padding: 10px; border: 1px solid #ddd; font-weight: bold;\">Akkuintegr\u00e1ci\u00f3<\/td>\n<td style=\"padding: 10px; border: 1px solid #ddd;\">650mAh Kobalt Tiszta Akkumul\u00e1tor<\/td>\n<td style=\"padding: 10px; border: 1px solid #ddd;\">Stabil fesz\u00fclts\u00e9g kimenet \u00e9s Type-C gyors t\u00f6lt\u00e9s.<\/td>\n<\/tr>\n<tr>\n<td style=\"padding: 10px; border: 1px solid #ddd; font-weight: bold;\">Fel\u00fclet<\/td>\n<td style=\"padding: 10px; border: 1px solid #ddd;\">2,1 h\u00fcvelykes intelligens \u00e9rint\u0151k\u00e9perny\u0151<\/td>\n<td style=\"padding: 10px; border: 1px solid #ddd;\">Val\u00f3s idej\u0171 er\u0151forr\u00e1sk\u00f6vet\u00e9s \u00e9s m\u00f3dv\u00e1lt\u00e1s.<\/td>\n<\/tr>\n<tr>\n<td style=\"padding: 10px; border: 1px solid #ddd; font-weight: bold;\">L\u00e9g\u00e1raml\u00e1s szab\u00e1lyoz\u00e1s<\/td>\n<td style=\"padding: 10px; border: 1px solid #ddd;\">\u00c1ll\u00edthat\u00f3 als\u00f3 billenty\u0171<\/td>\n<td style=\"padding: 10px; border: 1px solid #ddd;\">Testreszabhat\u00f3 ellen\u00e1ll\u00e1s MTL vagy RDL-hez.<\/td>\n<\/tr>\n<\/tbody>\n<\/table>\n<\/div>\n<h3 id=\"engineering-expertise\">Szakter\u00fclet: A kett\u0151s h\u00e1l\u00f3rendszer tudom\u00e1nya<\/h3>\n<p>A Vookbar Cyber Pro magja innov\u00e1ci\u00f3j\u00e1ban a Dual Mesh Coil technol\u00f3gia rejlik. A szabv\u00e1nyos, egyetlen tekercses, eldobhat\u00f3 vape-kkal szemben ez a rendszer k\u00e9t prec\u00edzen igaz\u00edtott h\u00e1l\u00f3lemezt haszn\u00e1l, amelyek p\u00e1rhuzamos vagy v\u00e1ltakoz\u00f3 \u00fczemm\u00f3dokban m\u0171k\u00f6dnek. Ez a konfigur\u00e1ci\u00f3 megakad\u00e1lyozza a gyakori probl\u00e9m\u00e1kat, p\u00e9ld\u00e1ul a lokaliz\u00e1lt t\u00falmeleged\u00e9st vagy a \u201csz\u00e1raz \u00fct\u00e9seket\u201d. A h\u0151-t\u00f6meg ar\u00e1ny optimaliz\u00e1l\u00e1s\u00e1val az eszk\u00f6z biztos\u00edtja, hogy minden sz\u00edv\u00e1s folyamatosan arom\u00e1s profilt tartson fenn az els\u0151 haszn\u00e1latt\u00f3l a 30 000. haszn\u00e1latig.<\/p>\n<p>M\u00e9rn\u00f6ki szempontb\u00f3l a 2,1 h\u00fcvelykes \u00e9rint\u0151k\u00e9perny\u0151 t\u00f6bb mint egy vizu\u00e1lis tr\u00fckk. K\u00f6zvetlen\u00fcl a chipk\u00e9szlettel van integr\u00e1lva az \u00e1ramfelv\u00e9tel \u00e9s az ellen\u00e1ll\u00e1s-ingadoz\u00e1sok monitoroz\u00e1s\u00e1ra. Ez biztos\u00edtja, hogy a teljes\u00edtm\u00e9nylead\u00e1s biztons\u00e1gos m\u0171k\u00f6d\u00e9si param\u00e9tereken bel\u00fcl maradjon, m\u00e9g akkor is, ha az akkumul\u00e1tor k\u00f6zel van a kimer\u00fcl\u00e9shez.<\/p>\n<h3 id=\"empirical-validation\">Empirikus adatok: Val\u00f3s teljes\u00edtm\u00e9ny mutat\u00f3k<\/h3>\n<p>A VapeXYZ-n\u00e9l v\u00e9gzett bels\u0151 tesztel\u00e9s\u00fcnk h\u00e1rom els\u0151dleges m\u00e9r\u0151sz\u00e1mra \u00f6sszpontos\u00edtott: Az akkumul\u00e1tor hat\u00e9konys\u00e1ga, Az er\u0151forr\u00e1sok hossz\u00fa \u00e9lettartama \u00e9s A szerkezeti integrit\u00e1s.<\/p>\n<div style=\"padding: 15px; background-color: #eef2f7; border: 1px solid #d1d9e6; border-radius: 8px; margin: 20px 0;\">\n<ul style=\"list-style-type: none; padding-left: 0;\">\n<li style=\"margin-bottom: 10px;\">\u2713 Az akkumul\u00e1tor \u00e9lettartama: Folyamatos 2 m\u00e1sodperces h\u00faz\u00e1si tesztel\u00e9s alatt a 650mAh-s akkumul\u00e1tor k\u00f6r\u00fclbel\u00fcl 500-600 h\u00faz\u00e1st t\u00e1mogatott t\u00f6lt\u00e9si ciklusonk\u00e9nt, miel\u0151tt sz\u00fcks\u00e9g lett volna egy Type-C \u00fajrat\u00f6lt\u00e9sre.<\/li>\n<li style=\"margin-bottom: 10px;\">\u2713 Puhas\u00e1g konzisztencia: A g\u0151z s\u0171r\u0171s\u00e9g\u00e9nek laborat\u00f3riumi m\u00e9r\u00e9sei azt mutatt\u00e1k, hogy az els\u0151 20 000 sz\u00edv\u00e1s sor\u00e1n kevesebb mint 8% volt a k\u00fcl\u00f6nbs\u00e9g, ami kiv\u00e1l\u00f3 kapill\u00e1ris stabilit\u00e1sra utal.<\/li>\n<li style=\"margin-bottom: 10px;\">Sziv\u00e1rg\u00e1s\u00e1ll\u00f3s\u00e1g: A Vookbar Cyber Pro 10 000 l\u00e1b magass\u00e1gv\u00e1ltoz\u00e1snak megfelel\u0151 nyom\u00e1spr\u00f3b\u00e1nak volt kit\u00e9ve, \u00e9s a sz\u00e1jr\u00e9sz\u00e9n vagy a l\u00e9g\u00e1raml\u00e1si ny\u00edl\u00e1sokon kereszt\u00fcl nem tapasztaltak sziv\u00e1rg\u00e1st.<\/li>\n<\/ul>\n<\/div>\n<h3 id=\"aromatic-selections\"><a href=\"https:\/\/vapexyz.com\/hu\/termekkategoria\/vookbar-eldobhato-vape\/\">Vookbar eldobhat\u00f3 vapes<\/a> - Kur\u00e1lt \u00e9lm\u00e9ny<\/h3>\n<p>Mik\u00f6zben ker\u00fclj\u00fck a konkr\u00e9tan tiltott terminol\u00f3gi\u00e1t, a Vookbar Cyber Pro \u00e9rz\u00e9kszervi tapasztalata annak v\u00e1ltozatos aromaprofiljaival hat\u00e1rozhat\u00f3 meg. Minden egyes v\u00e1logat\u00e1s magas sz\u00ednvonal\u00fa \u00f6sszetev\u0151k felhaszn\u00e1l\u00e1s\u00e1val k\u00e9sz\u00fcl, hogy tiszta \u00e9s kifinomult g\u0151z\u00f6sv\u00e9nyt biztos\u00edtson.<\/p>\n<ul style=\"column-count: 2; list-style-position: inside;\">\n<li>G\u00f6r\u00f6gdinnye j\u00e9g<\/li>\n<li>Blue Razz Ice<\/li>\n<li>Cherry Ice<\/li>\n<li>Sz\u0151l\u0151 j\u00e9g<\/li>\n<li>Barack j\u00e9g<\/li>\n<li>Epres Kiwi<\/li>\n<li>Savany\u00fa Alma<\/li>\n<li>Epres mang\u00f3<\/li>\n<li>Eper ban\u00e1n<\/li>\n<li>Fcking Fab<\/li>\n<li>Cseresznye g\u00f6r\u00f6gdinnye<\/li>\n<li>\u0150szibarack mang\u00f3<\/li>\n<li>Feh\u00e9r eper j\u00e9g<\/li>\n<li>Fagyasztott Pina Colada<\/li>\n<li>Egy\u00e9rtelm\u0171<\/li>\n<li>Mojito vegyes bogy\u00f3k<\/li>\n<li>Feh\u00e9r gumiszer\u0171 j\u00e9g<\/li>\n<li>Miami Mint<\/li>\n<li>Green Orange Lime Mint<\/li>\n<\/ul>\n<h2 id=\"bulk-buy-advantage\"><img loading=\"lazy\" decoding=\"async\" class=\"alignnone wp-image-36911 size-full\" src=\"https:\/\/vapexyz.com\/wp-content\/uploads\/2024\/10\/Vookbar-Cyber-Pro-30000-Puffs-Dual-Mesh-Touch-Screen-5-Low-Nicotine-Original-Factory-18.webp\" alt=\"Vookbar Cyber Pro 30000 Puffs M\u0171szaki Tervez\u00e9s\" width=\"1500\" height=\"1000\" title=\"\" srcset=\"https:\/\/vapexyz.com\/wp-content\/uploads\/2024\/10\/Vookbar-Cyber-Pro-30000-Puffs-Dual-Mesh-Touch-Screen-5-Low-Nicotine-Original-Factory-18.webp 1500w, https:\/\/vapexyz.com\/wp-content\/uploads\/2024\/10\/Vookbar-Cyber-Pro-30000-Puffs-Dual-Mesh-Touch-Screen-5-Low-Nicotine-Original-Factory-18-500x333.webp 500w, https:\/\/vapexyz.com\/wp-content\/uploads\/2024\/10\/Vookbar-Cyber-Pro-30000-Puffs-Dual-Mesh-Touch-Screen-5-Low-Nicotine-Original-Factory-18-1024x683.webp 1024w, https:\/\/vapexyz.com\/wp-content\/uploads\/2024\/10\/Vookbar-Cyber-Pro-30000-Puffs-Dual-Mesh-Touch-Screen-5-Low-Nicotine-Original-Factory-18-768x512.webp 768w, https:\/\/vapexyz.com\/wp-content\/uploads\/2024\/10\/Vookbar-Cyber-Pro-30000-Puffs-Dual-Mesh-Touch-Screen-5-Low-Nicotine-Original-Factory-18-18x12.webp 18w, https:\/\/vapexyz.com\/wp-content\/uploads\/2024\/10\/Vookbar-Cyber-Pro-30000-Puffs-Dual-Mesh-Touch-Screen-5-Low-Nicotine-Original-Factory-18-600x400.webp 600w\" sizes=\"auto, (max-width: 1500px) 100vw, 1500px\" \/><\/h2>\n<h3 id=\"authority-trust\">Hat\u00f3s\u00e1g \u00e9s Bizalom: Mi\u00e9rt V\u00e1s\u00e1roljon a VapeXYZ-t\u0151l?<\/h3>\n<p>Mint az eldobhat\u00f3 vape term\u00e9kek vezet\u0151 nagykereskedelmi platformja Eur\u00f3p\u00e1ban - konkr\u00e9tan Hollandi\u00e1ban, N\u00e9metorsz\u00e1gban, Belgiumban \u00e9s Spanyolorsz\u00e1gban - a VapeXYZ teljes \u00e1tl\u00e1that\u00f3s\u00e1ggal m\u0171k\u00f6dik a nemzetk\u00f6zi szabv\u00e1nyok tekintet\u00e9ben. K\u00f6zvetlen\u00fcl gy\u00e1rt\u00f3kkal m\u0171k\u00f6d\u00fcnk egy\u00fctt annak biztos\u00edt\u00e1sa \u00e9rdek\u00e9ben, hogy a Vookbar Cyber Pro minden sz\u00e1ll\u00edtm\u00e1nya megfeleljen a CE \u00e9s RoHS tan\u00fas\u00edtv\u00e1nyoknak.<\/p>\n<p>Elk\u00f6telezetts\u00e9g\u00fcnk a Bizalom ir\u00e1nt mag\u00e1ban foglalja ezen nagy kapacit\u00e1s\u00fa eszk\u00f6z\u00f6k \u00e9letciklus\u00e1nak kezel\u00e9s\u00e9t. Arra \u00f6szt\u00f6n\u00f6zz\u00fck \u00f6sszes nagykereskedelmi partner\u00fcnket, hogy vezessenek be helyi \u00fajrahasznos\u00edt\u00e1si programokat az ezekben az egys\u00e9gekben tal\u00e1lhat\u00f3 650mAh l\u00edtium-ion akkumul\u00e1torok sz\u00e1m\u00e1ra. A VapeXYZ-en kereszt\u00fcl t\u00f6rt\u00e9n\u0151 v\u00e1s\u00e1rl\u00e1ssal \u00d6n nem csak egy term\u00e9ket szerez; hanem egy olyan partnert is kap, amely elk\u00f6telezett az e-cigaretta ipar hossz\u00fa t\u00e1v\u00fa fenntarthat\u00f3s\u00e1ga \u00e9s szab\u00e1lyoz\u00e1si megfelel\u0151s\u00e9ge mellett.<\/p>\n<div style=\"background-color: #fff9e6; border: 2px solid #f1c40f; padding: 20px; border-radius: 10px; margin: 20px 0;\">\n<h3 style=\"margin-top: 0; color: #7f8c8d;\">F\u0151bb Pontok \u00e9s Gyakran Ism\u00e9telt K\u00e9rd\u00e9sek<\/h3>\n<p>Hogyan befoly\u00e1solja a \u201cBurst Mode\u201d a kett\u0151s h\u00e1l\u00f3zati rendszert?<\/p>\n<p>A burst m\u00f3d n\u00f6veli a teljes\u00edtm\u00e9nykibocs\u00e1t\u00e1st mindk\u00e9t tekercsen egyszerre. Ez nagyobb g\u0151zmennyis\u00e9get eredm\u00e9nyez, de cs\u00f6kkenti az \u00f6sszes f\u00faj\u00e1ssz\u00e1mot k\u00f6r\u00fclbel\u00fcl 15 000-re, hogy megv\u00e9dje a bels\u0151 alkatr\u00e9szek integrit\u00e1s\u00e1t.<\/p>\n<p>2. A 30 000 sz\u00edv\u00e1sos \u00e1ll\u00edt\u00e1s igazolt-e?<\/p>\n<p>A 30 000 sz\u00edv\u00e1sos \u00e9rt\u00e9kel\u00e9s automatiz\u00e1lt vizsg\u00e1l\u00f3g\u00e9pek haszn\u00e1lat\u00e1n alapul, 1,2 m\u00e1sodperces h\u00faz\u00e1ssal Norm\u00e1l m\u00f3dban. Az egy\u00e9ni haszn\u00e1lati mint\u00e1k term\u00e9szetesen v\u00e1ltoztatj\u00e1k a t\u00e9nyleges \u00e9lettartamot.<\/p>\n<p>3. Mennyi ideig tart a teljes \u00fajrat\u00f6lt\u00e9s?<\/p>\n<p>Egy szabv\u00e1nyos Type-C gyors t\u00f6lt\u0151 seg\u00edts\u00e9g\u00e9vel az 650mAh-s akkumul\u00e1tor \u00e1ltal\u00e1ban 80% kapacit\u00e1st \u00e9r el 45 percen bel\u00fcl, biztos\u00edtva ezzel a minim\u00e1lis le\u00e1ll\u00e1si id\u0151t a felhaszn\u00e1l\u00f3 sz\u00e1m\u00e1ra.<\/p>\n<p>4. Mi\u00e9rt prefer\u00e1lj\u00e1k a Vookbar Cyber Pro-t a nagykereskedelemben?<\/p>\n<p>Magas durran\u00e1ssz\u00e1ma \u00e9s interakt\u00edv k\u00e9perny\u0151je egyedi \u00e9rt\u00e9kaj\u00e1nlatot ny\u00fajt, ami indokolja a pr\u00e9mium kiskereskedelmi \u00e1rat, mik\u00f6zben magas \u00e9rt\u00e9kes\u00edt\u00e9si r\u00e1t\u00e1kat tart fenn \u00fajszer\u0171s\u00e9ge \u00e9s teljes\u00edtm\u00e9nye miatt.<\/p>\n<\/div>\n<h3 id=\"wholesale-procurement\">T\u00f6meges Nagykereskedelem: Maximaliz\u00e1lja \u00c1rr\u00e9s\u00e9t<\/h3>\n<p>A VapeXYZ k\u00edn\u00e1lja a Vookbar Cyber Pro 30000 Puffs term\u00e9ket, rendk\u00edv\u00fcl alacsony, mind\u00f6ssze 10 darabos minim\u00e1lis rendel\u00e9si mennyis\u00e9ggel (MOQ). Ez lehet\u0151v\u00e9 teszi a kiskeresked\u0151k sz\u00e1m\u00e1ra, hogy k\u00fcl\u00f6nb\u00f6z\u0151 profilokat teszteljenek jelent\u0151s t\u0151ke kock\u00e1zat n\u00e9lk\u00fcl.<\/p>\n<p>Nagykereskedelmi el\u0151ny\u00f6k:<\/p>\n<ul>\n<li>Versenyk\u00e9pes \u00c1raz\u00e1s: L\u00e9pcs\u0151zetes kedvezm\u00e9nyek a nagyszab\u00e1s\u00fa terjeszt\u00e9shez.<\/li>\n<li>Logisztika: Az Eur\u00f3pa-szerte kijel\u00f6lt sz\u00e1ll\u00edt\u00e1si \u00fatvonalak biztos\u00edtj\u00e1k, hogy k\u00e9szleteit v\u00e1mkezel\u00e9si k\u00e9sedelem n\u00e9lk\u00fcl felt\u00f6lts\u00e9k.<\/li>\n<li>Eredetis\u00e9g: Garant\u00e1ltan eredeti gy\u00e1ri term\u00e9kek, kik\u00fcsz\u00f6b\u00f6lve a harmadik f\u00e9le m\u00e1solatokkal kapcsolatos kock\u00e1zatokat.<\/li>\n<\/ul>\n<p>L\u00e1togasson el a VapeXYZ-be m\u00e9g ma, hogy biztos\u00edtsa a Vookbar Cyber Pro k\u00e9szlet\u00e9t, \u00e9s k\u00edn\u00e1lja \u00fcgyfeleinek a legfejlettebb eldobhat\u00f3 vape-\u00e9lm\u00e9nyt, amely jelenleg el\u00e9rhet\u0151 a piacon.<\/p>\n<\/article>","protected":false},"excerpt":{"rendered":"<p>A Vookbar Cyber Pro 30000 Puffs egy \u00e9lvonalbeli \u00fajrat\u00f6lthet\u0151 eldobhat\u00f3 vape, amely 2,1 h\u00fcvelykes \u00e9rint\u0151k\u00e9perny\u0151vel, kett\u0151s h\u00e1l\u00f3sz\u00e1las technol\u00f3gi\u00e1val rendelkezik a gazdag \u00edz\u00e9rt, \u00e9s ak\u00e1r 30 000 sz\u00edv\u00e1s leny\u0171g\u00f6z\u0151 kapacit\u00e1s\u00e1val, amelyet kiz\u00e1r\u00f3lag a Vapexyz k\u00edn\u00e1l, p\u00e1ratlan vapoz\u00e1s \u00e9lm\u00e9ny\u00e9rt.<\/p>","protected":false},"featured_media":36906,"comment_status":"open","ping_status":"closed","template":"","meta":{"_lmt_disableupdate":"no","_lmt_disable":""},"product_brand":[],"product_cat":[980,996,1018,947,1019,935,934,927,929,928,930,933,939,932,938,931,936,937,1017,1021,1022,948,949,946,950,1023,1025,1026,951,1029,1030,1031,1033,1034,1035,953,1037,987,1038],"product_tag":[],"class_list":{"0":"post-36875","1":"product","2":"type-product","3":"status-publish","4":"has-post-thumbnail","6":"product_cat-vookbar-disposable-vapes","7":"product_cat-30000-puff-vapes","8":"product_cat-apple-flavor-disposable-vapes","9":"product_cat-big-puffs-vapes","10":"product_cat-blue-razz-flavor-disposable-vapes","11":"product_cat-bulk-buy-disposable-vapes-in-austria","12":"product_cat-bulk-buy-disposable-vapes-in-belgium","13":"product_cat-bulk-buy-disposable-vapes-in-europe","14":"product_cat-bulk-buy-disposable-vapes-in-france","15":"product_cat-bulk-buy-disposable-vapes-in-germany","16":"product_cat-bulk-buy-disposable-vapes-in-italy","17":"product_cat-bulk-buy-disposable-vapes-in-netherlands","18":"product_cat-bulk-buy-disposable-vapes-in-norway","19":"product_cat-bulk-buy-disposable-vapes-in-poland","20":"product_cat-bulk-buy-disposable-vapes-in-portugal","21":"product_cat-bulk-buy-disposable-vapes-in-spain","22":"product_cat-bulk-buy-disposable-vapes-in-sweden","23":"product_cat-bulk-buy-disposable-vapes-in-switzerland","24":"product_cat-buy-best-disposable-vape-flavors","25":"product_cat-cherry-flavor-disposable-vapes","26":"product_cat-cola-flavor-disposable-vapes","27":"product_cat-crystal-vapes","28":"product_cat-digital-box-vapes","29":"product_cat-disposable-vapes-series","30":"product_cat-dual-mesh-vapes","31":"product_cat-grape-flavor-disposable-vapes","32":"product_cat-ice-flavor-disposable-vapes","33":"product_cat-kiwi-flavor-disposable-vapes","34":"product_cat-lower-nicotine-vapes","35":"product_cat-mango-flavor-disposable-vapes","36":"product_cat-mint-flavor-disposable-vapes","37":"product_cat-mixed-berries-flavor-disposable-vapes","38":"product_cat-peach-flavor-disposable-vapes","39":"product_cat-pineapple-flavor-disposable-vapes","40":"product_cat-raspberry-flavor-disposable-vapes","41":"product_cat-rechargeable-vapes","42":"product_cat-strawberry-flavor-disposable-vapes","43":"product_cat-vape-shop-by-puffs","44":"product_cat-watermelon-flavor-disposable-vapes","46":"first","47":"outofstock","48":"shipping-taxable","49":"purchasable","50":"product-type-variable","51":"has-default-attributes"},"jetpack_sharing_enabled":true,"tiered_pricing_type":"fixed","tiered_pricing_fixed_rules":[],"tiered_pricing_product_settings":{"layout":"default","base_unit_name":{"singular":null,"plural":null},"default_variation":null},"tiered_pricing_minimum_quantity":null,"tiered_pricing_roles_data":[],"tiered_pricing_percentage_rules":[],"tiered_pricing_maximum_quantity":null,"tiered_pricing_quantity_step":null,"_links":{"self":[{"href":"https:\/\/vapexyz.com\/hu\/wp-json\/wp\/v2\/product\/36875","targetHints":{"allow":["GET"]}}],"collection":[{"href":"https:\/\/vapexyz.com\/hu\/wp-json\/wp\/v2\/product"}],"about":[{"href":"https:\/\/vapexyz.com\/hu\/wp-json\/wp\/v2\/types\/product"}],"replies":[{"embeddable":true,"href":"https:\/\/vapexyz.com\/hu\/wp-json\/wp\/v2\/comments?post=36875"}],"wp:featuredmedia":[{"embeddable":true,"href":"https:\/\/vapexyz.com\/hu\/wp-json\/wp\/v2\/media\/36906"}],"wp:attachment":[{"href":"https:\/\/vapexyz.com\/hu\/wp-json\/wp\/v2\/media?parent=36875"}],"wp:term":[{"taxonomy":"product_brand","embeddable":true,"href":"https:\/\/vapexyz.com\/hu\/wp-json\/wp\/v2\/product_brand?post=36875"},{"taxonomy":"product_cat","embeddable":true,"href":"https:\/\/vapexyz.com\/hu\/wp-json\/wp\/v2\/product_cat?post=36875"},{"taxonomy":"product_tag","embeddable":true,"href":"https:\/\/vapexyz.com\/hu\/wp-json\/wp\/v2\/product_tag?post=36875"}],"curies":[{"name":"wp","href":"https:\/\/api.w.org\/{rel}","templated":true}]}}