{"id":36354,"date":"2024-10-28T14:06:29","date_gmt":"2024-10-28T14:06:29","guid":{"rendered":"https:\/\/vapexyz.com\/?post_type=product&#038;p=36354"},"modified":"2026-03-03T00:46:00","modified_gmt":"2026-03-03T00:46:00","slug":"mrvi-dragon-13000-puffs-dual-mesh-digitalis-kepernyo-2-5-alacsony-nikotin-eredeti-gyari-omlesztett-vasarlas-ujratoltheto-eldobhato-vapes-toll-nagykereskedes","status":"publish","type":"product","link":"https:\/\/vapexyz.com\/hu\/product\/mrvi-dragon-13000-puffs-dual-mesh-digital-screen-2-5-low-nicotine-original-factory-bulk-buy-rechargeable-disposable-vapes-pen-wholesale\/","title":{"rendered":"MRVI Dragon 13000 Puffs Dual Mesh Digit\u00e1lis Kijelz\u0151 Nagykereskedelmi \u00dajrat\u00f6lthet\u0151 Eldobhat\u00f3 Vape Kiszerel\u00e9s"},"content":{"rendered":"<article style=\"font-family: 'Segoe UI', Roboto, Helvetica, Arial, sans-serif; line-height: 1.8; color: #2c3e50; max-width: 100%; margin: 0 auto; padding: 20px;\">\n<h2 style=\"color: #1a365d; border-bottom: 2px solid #3182ce; padding-bottom: 10px; margin-bottom: 24px;\">M\u00e9rn\u00f6ki Kiv\u00e1l\u00f3s\u00e1g: \u00c1tfog\u00f3 M\u0171szaki \u00c1ttekint\u00e9s az MRVI Dragon 13000 Puffr\u00f3l<\/h2>\n<p style=\"margin-bottom: 16px;\">\u00dcdv\u00f6z\u00f6lj\u00fck a VapeXYZ-n\u00e9l, a fejlett inhal\u00e1ci\u00f3s technol\u00f3gia premier glob\u00e1lis disztrib\u00faci\u00f3s k\u00f6zpontj\u00e1ban. T\u00f6bb mint nyolc \u00e9ves dokument\u00e1lt m\u0171k\u00f6d\u00e9si tapasztalattal a nemzetk\u00f6zi nagykereskedelmi ell\u00e1t\u00e1si l\u00e1ncban, szigor\u00fa keretet hoztunk l\u00e9tre a fels\u0151 kateg\u00f3ri\u00e1s eldobhat\u00f3 vape term\u00e9kek kiv\u00e1laszt\u00e1s\u00e1ra \u00e9s forgalmaz\u00e1s\u00e1ra. Portf\u00f3li\u00f3nkban olyan iparvezet\u0151 hardverek szerepelnek, mint a BANG BOX, WASPE, UWIN, BIMO, RandM, BANG, VOZOL, Elf Box \u00e9s MYDE gy\u00e1rt\u00f3kt\u00f3l. Ma bemutatjuk katal\u00f3gusunk z\u00e1szl\u00f3shaj\u00f3j\u00e1nak, az MRVI Dragon 13000 Puffs-nak m\u00e9lyrehat\u00f3 empirikus \u00e9s technikai elemz\u00e9s\u00e9t.<\/p>\n<p style=\"margin-bottom: 24px;\">Speci\u00e1lis \u00fczleti-to-\u00fczleti (B2B) besz\u00e1ll\u00edt\u00f3k\u00e9nt m\u0171k\u00f6dve a VapeXYZ k\u00f6zvetlen\u00fcl a gy\u00e1rb\u00f3l sz\u00e1rmaz\u00f3 \u00e1rakat biztos\u00edt, er\u0151sen optimaliz\u00e1lt logisztik\u00e1val. T\u00e1mogatjuk a helyi kiskeresked\u0151ket \u00e9s a region\u00e1lis forgalmaz\u00f3kat az\u00e1ltal, hogy strat\u00e9giailag alacsony, mind\u00f6ssze 10 egys\u00e9gb\u0151l \u00e1ll\u00f3 minim\u00e1lis rendel\u00e9si mennyis\u00e9get (MOQ) k\u00edn\u00e1lunk. Ha vel\u00fcnk partnerk\u00e9nt dolgozik, hozz\u00e1f\u00e9r\u00e9st kap a piacon l\u00e9v\u0151 legm\u00e9rn\u00f6kibb eldobhat\u00f3 vape rendszerekhez, amelyeket sz\u00e9lesk\u00f6r\u0171 ell\u00e1t\u00e1si l\u00e1nc megb\u00edzhat\u00f3s\u00e1ga \u00e9s min\u0151s\u00e9gi biztos\u00edt\u00e1si protokolljai t\u00e1mogatnak.<\/p>\n<h3 style=\"color: #2b6cb0; margin-top: 32px; margin-bottom: 16px;\">M\u0171szaki specifik\u00e1ci\u00f3k \u00e9s hardverarchitekt\u00fara<\/h3>\n<p style=\"margin-bottom: 16px;\">Az MRVI Dragon 13000 Puffs jelent\u0151s el\u0151rel\u00e9p\u00e9st jelent a hordozhat\u00f3 aeroszoliz\u00e1ci\u00f3s eszk\u00f6z\u00f6k ter\u00e9n. Messze nem egy szabv\u00e1nyos eldobhat\u00f3 vape, ez a hardver fejlett telemetri\u00e1t, kifinomult termikus dinamik\u00e1t \u00e9s nagy kapacit\u00e1s\u00fa tart\u00e1lyt tartalmaz. Annak \u00e9rdek\u00e9ben, hogy kiskereskedelmi partnereink meg\u00e9rts\u00e9k az eszk\u00f6z alapvet\u0151 mechanik\u00e1j\u00e1t, m\u0171szaki csapatunk dokument\u00e1lta annak alapvet\u0151 param\u00e9tereit.<\/p>\n<table style=\"border-collapse: collapse; width: 100%; margin-bottom: 32px; font-size: 15px; box-shadow: 0 4px 6px rgba(0,0,0,0.1); border-radius: 8px; overflow: hidden;\">\n<thead>\n<tr style=\"background-color: #ebf8ff; color: #2b6cb0; text-align: left;\">\n<th style=\"padding: 12px 16px; border-bottom: 2px solid #bee3f8;\">Le\u00edr\u00e1s<\/th>\n<th style=\"padding: 12px 16px; border-bottom: 2px solid #bee3f8;\">M\u00e9rn\u00f6ki r\u00e9szletek \/ M\u00e9r\u00e9s<\/th>\n<\/tr>\n<\/thead>\n<tbody>\n<tr style=\"background-color: #ffffff; border-bottom: 1px solid #e2e8f0;\">\n<td style=\"padding: 12px 16px; font-weight: bold;\">T\u00e1roz\u00f3kapacit\u00e1s<\/td>\n<td style=\"padding: 12px 16px;\">20mL magas visszatart\u00e1s\u00fa poli-szintetikus t\u00e1rol\u00f3 cella<\/td>\n<\/tr>\n<tr style=\"background-color: #f7fafc; border-bottom: 1px solid #e2e8f0;\">\n<td style=\"padding: 12px 16px; font-weight: bold;\">Energiaell\u00e1t\u00e1s<\/td>\n<td style=\"padding: 12px 16px;\">650mAh L\u00edtium-Polimer (LiPo) \u00fajrat\u00f6lthet\u0151 cella<\/td>\n<\/tr>\n<tr style=\"background-color: #ffffff; border-bottom: 1px solid #e2e8f0;\">\n<td style=\"padding: 12px 16px; font-weight: bold;\">T\u00f6lt\u00e9si Protokoll<\/td>\n<td style=\"padding: 12px 16px;\">USB Type-C bemenet (T\u00e1mogatja az 5V\/1A szabv\u00e1nyos\u00edtott t\u00f6lt\u00e9st)<\/td>\n<\/tr>\n<tr style=\"background-color: #f7fafc; border-bottom: 1px solid #e2e8f0;\">\n<td style=\"padding: 12px 16px; font-weight: bold;\">Termikus elem<\/td>\n<td style=\"padding: 12px 16px;\">Fejlett kett\u0151s h\u00e1l\u00f3 architekt\u00fara a h\u0151\u00e1ram optimaliz\u00e1l\u00e1s\u00e1hoz<\/td>\n<\/tr>\n<tr style=\"background-color: #ffffff; border-bottom: 1px solid #e2e8f0;\">\n<td style=\"padding: 12px 16px; font-weight: bold;\">Alkaloid-tartalom<\/td>\n<td style=\"padding: 12px 16px;\">20 mg\/mL (2%) vagy 50 mg\/mL (5%) koncentr\u00e1ci\u00f3ban kaphat\u00f3<\/td>\n<\/tr>\n<tr style=\"background-color: #f7fafc; border-bottom: 1px solid #e2e8f0;\">\n<td style=\"padding: 12px 16px; font-weight: bold;\">Felhaszn\u00e1l\u00f3i fel\u00fclet<\/td>\n<td style=\"padding: 12px 16px;\">Nagy kontraszt\u00fa LED digit\u00e1lis telemetri\u00e1s k\u00e9perny\u0151 (Akkumul\u00e1tor \u00e9s kapacit\u00e1s m\u00e9r\u0151sz\u00e1mok)<\/td>\n<\/tr>\n<\/tbody>\n<\/table>\n<h3 style=\"color: #2b6cb0; margin-top: 32px; margin-bottom: 16px;\">Empirikus Teljes\u00edtm\u00e9nyelemz\u00e9s: K\u00e9t\u00fczemm\u00f3d\u00fa M\u0171k\u00f6d\u00e9s<\/h3>\n<p style=\"margin-bottom: 16px;\">A bels\u0151 laborat\u00f3riumi tesztel\u00e9s \u00e9s a folyamatos ciklus \u00e9rt\u00e9kel\u00e9se sor\u00e1n az MRVI Dragon kiv\u00e9teles h\u0151stabilit\u00e1st mutatott. A mikrokontroller integr\u00e1l\u00e1sa lehet\u0151v\u00e9 teszi a k\u00e9sz\u00fcl\u00e9k sz\u00e1m\u00e1ra, hogy k\u00e9t k\u00fcl\u00f6nb\u00f6z\u0151 teljes\u00edtm\u00e9nybe\u00e1ll\u00edt\u00e1st k\u00edn\u00e1ljon, manipul\u00e1lva a watt-kimenetet \u00e9s az ellen\u00e1ll\u00e1s-beilleszt\u00e9st a felhaszn\u00e1l\u00f3i \u00e9lm\u00e9ny megv\u00e1ltoztat\u00e1s\u00e1ra.<\/p>\n<ul style=\"margin-bottom: 24px; padding-left: 20px;\">\n<li style=\"margin-bottom: 10px;\">Pulzus \u00fczemm\u00f3d (maximaliz\u00e1lt kimenet): A k\u00e9t f\u0171t\u00e9si r\u00e9teg egyidej\u0171 aktiv\u00e1l\u00e1s\u00e1val az eszk\u00f6z n\u00f6veli a k\u00e9sz\u00edtm\u00e9nyre alkalmazott teljes h\u0151\u00e1ramot. Ez s\u0171r\u0171bb aeroszol felh\u0151t eredm\u00e9nyez, \u00e9s jelent\u0151sen er\u0151s\u00edti az arom\u00e1s intenzit\u00e1st. Tesztparam\u00e9tereinkben, ennek a magas sz\u00edv\u00e1si m\u00f3dnak a haszn\u00e1lata k\u00f6r\u00fclbel\u00fcl 6500 teljes sz\u00edv\u00e1si ciklust eredm\u00e9nyez.<\/li>\n<li style=\"margin-bottom: 10px;\">Norm\u00e1l \u00fczemm\u00f3d (Fenntartott hat\u00e9konys\u00e1g): Ez a be\u00e1ll\u00edt\u00e1s optimaliz\u00e1lja az akkumul\u00e1tor lemer\u00fcl\u00e9s\u00e9t \u00e9s a megold\u00e1s fogyaszt\u00e1s\u00e1t az\u00e1ltal, hogy modul\u00e1lja az \u00e1ramell\u00e1t\u00e1st egyetlen h\u00e1l\u00f3zati interf\u00e9szhez vagy v\u00e1ltakozik a h\u0151terhel\u00e9s. Ez meg\u0151rzi a 650mAh-os cella t\u00f6lt\u00e9si id\u0151tartam\u00e1t, hat\u00e9konyan meghosszabb\u00edtva az eszk\u00f6z m\u0171k\u00f6d\u00e9si \u00e9lettartam\u00e1t egy igazolt 13 000 ciklusos rajzol\u00e1si k\u00fcsz\u00f6big.<\/li>\n<\/ul>\n<div style=\"background-color: #e6fffa; border-left: 5px solid #319795; padding: 20px; margin: 32px 0; border-radius: 0 8px 8px 0;\">\n<h4 style=\"color: #234e52; margin-top: 0; margin-bottom: 12px; font-size: 18px;\">\ud83d\udd2c Empirikus ismeretpont: A kett\u0151s h\u00e1l\u00f3 technol\u00f3gia fizik\u00e1ja<\/h4>\n<p style=\"color: #285e61; margin: 0; font-size: 15px;\">A hagyom\u00e1nyos egyvezet\u00e9kes tekercsek egyenetlen h\u0151eloszl\u00e1st\u00f3l szenvednek, ami gyakran lok\u00e1lis t\u00falmeleged\u00e9st okoz, ami rontja a k\u00e9sz\u00edtm\u00e9nyt \u00e9s keser\u0171 arom\u00e1kat termel. Az MRVI Dragon prec\u00edz mikro-perfor\u00e1lt dupla h\u00e1l\u00f3s m\u00e1trixot haszn\u00e1l. Ez k\u00f6zel 40% -kal n\u00f6veli a teljes fel\u00fcletet, amely \u00e9rintkezik a kapill\u00e1ris anyaggal. Az eredm\u00e9ny egy alacsonyabb sz\u00fcks\u00e9ges \u00fczemi h\u0151m\u00e9rs\u00e9klet a f\u00e1zisv\u00e1ltoz\u00e1s (aeroszoliz\u00e1l\u00e1s) el\u00e9r\u00e9s\u00e9hez, ami drasztikusan jav\u00edtja a f\u0171t\u0151elem \u00e9lettartam\u00e1t \u00e9s garant\u00e1lja az \u00edz abszol\u00fat konzisztenci\u00e1j\u00e1t az els\u0151 ciklust\u00f3l az utols\u00f3ig.<\/p>\n<\/div>\n<h3 style=\"color: #2b6cb0; margin-top: 32px; margin-bottom: 16px;\">Aromaprofilok: \u00c9rz\u00e9kszervi m\u00e9rn\u00f6ks\u00e9g<\/h3>\n<p style=\"margin-bottom: 16px;\">Az MRVI Dragon piaci vonzerej\u00e9nek egyik alapvet\u0151 eleme a gondosan kidolgozott formul\u00e1ci\u00f3s men\u00fc. Az alapvet\u0151, egydimenzi\u00f3s lehet\u0151s\u00e9gek helyett ezeket a profilokat biok\u00e9miailag \u00fagy alak\u00edtott\u00e1k ki, hogy t\u00f6bbr\u00e9teg\u0171 \u00e9rz\u00e9kszervi utaz\u00e1st biztos\u00edtsanak. Az al\u00e1bbiakban az empirikusan katalogiz\u00e1lt lista tal\u00e1lhat\u00f3 a rendelkez\u00e9sre \u00e1ll\u00f3 kiv\u00e1laszt\u00e1sokr\u00f3l:<\/p>\n<div style=\"display: grid; grid-template-columns: repeat(auto-fit, minmax(300px, 1fr)); gap: 16px; margin-bottom: 32px;\">\n<div style=\"background: #f8fafc; border: 1px solid #e2e8f0; padding: 15px; border-radius: 8px;\">\u00c1fonya-G\u00f6r\u00f6gdinnye: A s\u00f6t\u00e9t, f\u00f6ldszag\u00fa bogy\u00f3s jegyek \u00f6sszetett f\u00fazi\u00f3ja, amelyet egy ropog\u00f3s, friss\u00edt\u0151 g\u00f6r\u00f6gdinnye alhangz\u00e1s t\u00f6k\u00e9letesen stabiliz\u00e1l.<\/div>\n<div style=\"background: #f8fafc; border: 1px solid #e2e8f0; padding: 15px; border-radius: 8px;\">\u0150szibar\u00e1t Fagy: Gazdag k\u0151gy\u00fcm\u00f6lcs arom\u00e1k, kombin\u00e1lva egy szintetikus h\u0171t\u0151anyaggal, amely \u00e9les, szub-z\u00e9r\u00f3 \u00e9rz\u00e9kszervi befejez\u00e9st eredm\u00e9nyez.<\/div>\n<div style=\"background: #f8fafc; border: 1px solid #e2e8f0; padding: 15px; border-radius: 8px;\">K\u00e9k M\u00e1lna Frost: Egy \u00e9l\u00e9nk, savanyk\u00e1s profil, amelyet \u00fagy terveztek, hogy \u00fajraalkossa a klasszikus cukr\u00e1szati \u00edzeket, \u00e9s egy j\u00e9ghideg botanikai h\u0171v\u00f6ss\u00e9ggel fejez\u0151dik be.<\/div>\n<div style=\"background: #f8fafc; border: 1px solid #e2e8f0; padding: 15px; border-radius: 8px;\">Eper Frost: \u00c9rett, botanikus eper jegyek, amelyeket endotherm h\u0171t\u00e9si \u00e9rz\u00e9s fokoz, a maxim\u00e1lis sz\u00e1j\u00fcregi felfriss\u00fcl\u00e9s \u00e9rdek\u00e9ben.<\/div>\n<div style=\"background: #f8fafc; border: 1px solid #e2e8f0; padding: 15px; border-radius: 8px;\">Dinny\u00e9s J\u00e9g: Tiszta, ny\u00e1ri g\u00f6r\u00f6gdinnye esszencia, amelyet egy ropog\u00f3s, h\u0171t\u0151 hat\u00e1s\u00fa \u00f6sszetev\u0151vel er\u0151s\u00edtettek meg, sima inhal\u00e1ci\u00f3s \u00e9lm\u00e9nyt ny\u00fajtva.<\/div>\n<div style=\"background: #f8fafc; border: 1px solid #e2e8f0; padding: 15px; border-radius: 8px;\">Cherry Frost: M\u00e9ly, gazdag gy\u00fcm\u00f6lcs\u00f6s cseresznye profilok, gondosan kiegyens\u00falyozva egy \u00e9l\u00e9nk, fagyhoz hasonl\u00f3 kil\u00e9gz\u00e9si r\u00e9teggel szemben.<\/div>\n<div style=\"background: #f8fafc; border: 1px solid #e2e8f0; padding: 15px; border-radius: 8px;\">K\u00e9k\u00e1fonya Frost: Egy \u00f6n\u00e1ll\u00f3, s\u00f6t\u00e9t bogy\u00f3 kivonat, h\u0171s\u00edt\u0151 mentol-sz\u00e1rmaz\u00e9kkal p\u00e1ros\u00edtva, egy \u00e9l\u00e9nk\u00edt\u0151 torok \u00e9rz\u00e9s\u00e9rt.<\/div>\n<div style=\"background: #f8fafc; border: 1px solid #e2e8f0; padding: 15px; border-radius: 8px;\">Sz\u0151l\u0151fagy: Robusztus, testes sz\u0151l\u00e9szeti jegyek, amelyek gazdag, \u00e9des kezdeti hat\u00e1st v\u00e1ltanak ki, majd fagyos felbont\u00e1ssal z\u00e1rulnak.<\/div>\n<div style=\"background: #f8fafc; border: 1px solid #e2e8f0; padding: 15px; border-radius: 8px;\">Vegyes Bogy\u00f3s Gy\u00fcm\u00f6lcs: Egy harmonikus \u00f6sszetev\u0151je a f\u00f6ldszam\u00e9teknek, a m\u00e1ln\u00e1knak \u00e9s az \u00e1fony\u00e1knak, amelyet \u00fagy terveztek, hogy t\u00f6k\u00e9letesen kiegyens\u00falyozott savany\u00fa-\u00e9des ar\u00e1nyt \u00e9rjen el.<\/div>\n<div style=\"background: #f8fafc; border: 1px solid #e2e8f0; padding: 15px; border-radius: 8px;\">Eper Mang\u00f3: Egy tr\u00f3pusi m\u00e1trix, amely a kerti eper savass\u00e1g\u00e1t p\u00e1ros\u00edtja az egyenl\u00edt\u0151i mang\u00f3 s\u0171r\u0171, cukros profilj\u00e1val.<\/div>\n<\/div>\n<h3 style=\"color: #2b6cb0; margin-top: 32px; margin-bottom: 16px;\">Akku telemetria \u00e9s digit\u00e1lis interf\u00e9sz valid\u00e1l\u00e1sa<\/h3>\n<p style=\"margin-bottom: 24px;\">A hordozhat\u00f3 aeroszoliz\u00e1ci\u00f3s piacon az egyik leggyakoribb fogyaszt\u00f3i f\u00e1jdalompont az akkumul\u00e1tor \u00e9s a formul\u00e1ci\u00f3 kimer\u00fcl\u00e9s\u00e9nek kisz\u00e1m\u00edthatatlans\u00e1ga. Az MRVI Dragon teljesen kik\u00fcsz\u00f6b\u00f6li ezt az integr\u00e1lt LED digit\u00e1lis k\u00e9perny\u0151j\u00e9n kereszt\u00fcl. Ez a fel\u00fclet folyamatos fesz\u00fclts\u00e9gcs\u00f6kken\u00e9si sz\u00e1m\u00edt\u00e1sokat haszn\u00e1l, hogy val\u00f3s id\u0151ben, nagyon pontos sz\u00e1zal\u00e9kos \u00e9rt\u00e9keket szolg\u00e1ltasson a 650mAh-s LiPo cell\u00e1r\u00f3l. Ezenk\u00edv\u00fcl egy kifinomult algoritmikus nyomk\u00f6vet\u0151 rendszert alkalmaz, amely az aktiv\u00e1l\u00e1si id\u0151 \u00e9s a h\u0151teljes\u00edtm\u00e9ny alapj\u00e1n becs\u00fcli meg a 20mL-es tart\u00e1ly fennmarad\u00f3 t\u00e9rfogat\u00e1t, biztos\u00edtva, hogy a felhaszn\u00e1l\u00f3t soha ne \u00e9rje meglepet\u00e9s.<\/p>\n<h3 style=\"color: #2b6cb0; margin-top: 32px; margin-bottom: 16px;\">Anyagbiztons\u00e1g, szab\u00e1lyoz\u00e1si megfelel\u0151s\u00e9g \u00e9s min\u0151s\u00e9gbiztos\u00edt\u00e1s<\/h3>\n<p style=\"margin-bottom: 16px;\">Professzion\u00e1lis forgalmaz\u00f3k\u00e9nt a VapeXYZ kiemelt figyelmet ford\u00edt az olyan hardverekre, amelyek megfelelnek a glob\u00e1lis biztons\u00e1gi gy\u00e1rt\u00e1si param\u00e9tereknek. Az MRVI Dragon modern, pormentes ISO-tan\u00fas\u00edtv\u00e1nnyal rendelkez\u0151 l\u00e9tes\u00edtm\u00e9nyekben ker\u00fcl \u00f6sszeszerel\u00e9sre. A bels\u0151 \u00e1ramk\u00f6r\u00f6k \u00fagy vannak kialak\u00edtva, hogy biztons\u00e1gi funkci\u00f3kat tartalmazzanak, bele\u00e9rtve a r\u00f6vidz\u00e1rlatv\u00e9delmet, a t\u00falt\u00f6lt\u00e9sv\u00e9delmet \u00e9s egy 8 m\u00e1sodperces sz\u00edv\u00e1si id\u0151korl\u00e1tot a nem sz\u00e1nd\u00e9kolt folyamatos aktiv\u00e1l\u00e1s megel\u0151z\u00e9se \u00e9rdek\u00e9ben.<\/p>\n<p style=\"margin-bottom: 24px;\">A k\u00e9sz\u00fcl\u00e9k neh\u00e9z ig\u00e9nybev\u00e9telnek ellen\u00e1ll\u00f3, \u00e9lelmiszeripari min\u0151s\u00e9g\u0171 polikarbon\u00e1t v\u00e1zzal rendelkezik, amely ellen\u00e1ll a reped\u00e9seknek \u00e9s megakad\u00e1lyozza a szerkezeti deform\u00e1ci\u00f3t a szabv\u00e1nyos h\u0151terhel\u00e9sek alatt. Mivel l\u00edtium-ion akkumul\u00e1tort tartalmaz, hat\u00e1rozottan javasoljuk, hogy minden kiskeresked\u0151 oktassa a v\u00e9gfelhaszn\u00e1l\u00f3kat a megfelel\u0151 elektronikai hullad\u00e9kkezel\u00e9si protokollokra, biztos\u00edtva, hogy a hardver a kijel\u00f6lt akkumul\u00e1tor-feldolgoz\u00f3 l\u00e9tes\u00edtm\u00e9nyekben ker\u00fclj\u00f6n \u00fajrahasznos\u00edt\u00e1sra a k\u00f6rnyezeti megfelel\u0151s\u00e9g fenntart\u00e1sa \u00e9rdek\u00e9ben.<\/p>\n<div style=\"margin: 40px 0; text-align: center;\"><img loading=\"lazy\" decoding=\"async\" class=\"alignnone wp-image-36366 size-full\" style=\"display: block; margin: 0 auto; max-width: 100%; height: auto; border-radius: 12px; box-shadow: 0 10px 15px -3px rgba(0, 0, 0, 0.1);\" src=\"https:\/\/vapexyz.com\/wp-content\/uploads\/2024\/10\/MRVI-Dragon-13000-Puffs-Dual-Mesh-Digital-Screen-2-5-Low-Nicotine-Original-Factory-14.webp\" alt=\"MRVI Dragon 13000 Puffs Dual Mesh Digital K\u00e9perny\u0151 2% 5% Alacsony nikotintartalm\u00fa Eredeti Gy\u00e1ri T\u00f6meges V\u00e1s\u00e1rl\u00e1s \u00dajrat\u00f6lthet\u0151 Eldobhat\u00f3 Vapes Pen nagykeresked\u00e9s\" width=\"1060\" height=\"2466\" title=\"\" srcset=\"https:\/\/vapexyz.com\/wp-content\/uploads\/2024\/10\/MRVI-Dragon-13000-Puffs-Dual-Mesh-Digital-Screen-2-5-Low-Nicotine-Original-Factory-14.webp 1060w, https:\/\/vapexyz.com\/wp-content\/uploads\/2024\/10\/MRVI-Dragon-13000-Puffs-Dual-Mesh-Digital-Screen-2-5-Low-Nicotine-Original-Factory-14-215x500.webp 215w, https:\/\/vapexyz.com\/wp-content\/uploads\/2024\/10\/MRVI-Dragon-13000-Puffs-Dual-Mesh-Digital-Screen-2-5-Low-Nicotine-Original-Factory-14-440x1024.webp 440w, https:\/\/vapexyz.com\/wp-content\/uploads\/2024\/10\/MRVI-Dragon-13000-Puffs-Dual-Mesh-Digital-Screen-2-5-Low-Nicotine-Original-Factory-14-768x1787.webp 768w, https:\/\/vapexyz.com\/wp-content\/uploads\/2024\/10\/MRVI-Dragon-13000-Puffs-Dual-Mesh-Digital-Screen-2-5-Low-Nicotine-Original-Factory-14-660x1536.webp 660w, https:\/\/vapexyz.com\/wp-content\/uploads\/2024\/10\/MRVI-Dragon-13000-Puffs-Dual-Mesh-Digital-Screen-2-5-Low-Nicotine-Original-Factory-14-880x2048.webp 880w, https:\/\/vapexyz.com\/wp-content\/uploads\/2024\/10\/MRVI-Dragon-13000-Puffs-Dual-Mesh-Digital-Screen-2-5-Low-Nicotine-Original-Factory-14-5x12.webp 5w, https:\/\/vapexyz.com\/wp-content\/uploads\/2024\/10\/MRVI-Dragon-13000-Puffs-Dual-Mesh-Digital-Screen-2-5-Low-Nicotine-Original-Factory-14-600x1396.webp 600w\" sizes=\"auto, (max-width: 1060px) 100vw, 1060px\" \/><\/div>\n<h3 style=\"color: #2b6cb0; margin-top: 32px; margin-bottom: 16px;\">Nagykereskedelmi Terjeszt\u00e9s \u00e9s Ell\u00e1t\u00e1si L\u00e1nc Logisztika<\/h3>\n<p style=\"margin-bottom: 16px;\">A VapeXYZ \u00fagy van tervezve, hogy nagy mennyis\u00e9g\u0171 forgalmat bonyol\u00edtson le, sk\u00e1l\u00e1zhat\u00f3 legyen \u00e9s z\u00f6kken\u0151mentes B2B tranzakci\u00f3kat biztos\u00edtson. Az MRVI Dragon integr\u00e1l\u00e1sakor a kiskereskedelmi katal\u00f3gus\u00e1ba, a sz\u00e1ll\u00edt\u00e1s fizikai logisztik\u00e1j\u00e1nak meg\u00e9rt\u00e9se kritikus fontoss\u00e1g\u00fa a rakt\u00e1rtervez\u00e9s \u00e9s a haszonkulcs sz\u00e1m\u00edt\u00e1s\u00e1hoz. Optimaliz\u00e1ltuk csomagol\u00e1si szabv\u00e1nyainkat, hogy biztos\u00edtsuk a biztons\u00e1gos sz\u00e1ll\u00edt\u00e1st \u00e9s a k\u00f6lts\u00e9ghat\u00e9kony fuvaroz\u00e1st.<\/p>\n<ul style=\"margin-bottom: 32px; padding-left: 20px;\">\n<li style=\"margin-bottom: 8px;\">Kiskereskedelemre k\u00e9sz: 10 egyedi egys\u00e9g csomagolva per kijelz\u0151 doboz.<\/li>\n<li style=\"margin-bottom: 8px;\">Mester karton s\u0171r\u0171s\u00e9g: 200 darab \u00f6sszesen lez\u00e1rt mester kartononk\u00e9nt.<\/li>\n<li style=\"margin-bottom: 8px;\">Kartondoboz S\u00falym\u00e1trix: 19kg (A nemzetk\u00f6zi l\u00e9gi \u00e9s tengeri sz\u00e1ll\u00edtm\u00e1nyoz\u00e1s s\u00falyhat\u00e1raira optimaliz\u00e1lt brutt\u00f3 s\u00faly).<\/li>\n<li style=\"margin-bottom: 8px;\">Kartondoboz m\u00e9retei: 60cm x 32cm x 23cm (Szabv\u00e1nyos raklapok halmoz\u00e1si hat\u00e9konys\u00e1g\u00e1ra sz\u00e1m\u00edtva).<\/li>\n<\/ul>\n<div style=\"background-color: #f7fafc; border: 1px solid #cbd5e0; border-radius: 8px; padding: 24px; margin-bottom: 32px;\">\n<h3 style=\"color: #2d3748; margin-top: 0; margin-bottom: 20px; font-size: 20px; border-bottom: 2px solid #e2e8f0; padding-bottom: 10px;\"><a style=\"color: #3182ce; text-decoration: none; transition: color 0.2s ease;\" href=\"https:\/\/vapexyz.com\/hu\/termekkategoria\/mrvi-eldobhato-vapes\/\">MRVI Eldobhat\u00f3 Vapes<\/a>: Ellen\u0151rz\u00f6tt M\u0171szaki GYIK<\/h3>\n<div style=\"margin-bottom: 16px;\">Hogyan szab\u00e1lyozza a Type-C port a t\u00f6lt\u00e9si bemenetet?<\/p>\n<p style=\"margin: 0; color: #4a5568;\">A: A fed\u00e9lzeti t\u00f6lt\u00e9svez\u00e9rl\u0151 elfogadja a szabv\u00e1nyos 5V\/1A bemenetet. A nagy teljes\u00edtm\u00e9ny\u0171 gyors t\u00f6lt\u0151 haszn\u00e1lata nem k\u00e1ros\u00edtja a k\u00e9sz\u00fcl\u00e9ket, mivel a bels\u0151 chip korl\u00e1tozza az \u00e1ramot a 650mAh-s LiPo cella v\u00e9delme \u00e9rdek\u00e9ben, \u00edgy egy teljes ciklus\u00fa \u00fajrat\u00f6lt\u00e9s k\u00f6r\u00fclbel\u00fcl 45-60 perc alatt t\u00f6rt\u00e9nik.<\/p>\n<\/div>\n<div style=\"margin-bottom: 16px;\">Van f\u00fcggetlen ellen\u0151rz\u00e9s a 13 000 ciklus\u00fa \u00e1ll\u00edt\u00e1sra vonatkoz\u00f3an?<\/p>\n<p style=\"margin: 0; color: #4a5568;\">A 13 000-es sz\u00e1m az automatiz\u00e1lt laborat\u00f3riumi vizsg\u00e1latb\u00f3l sz\u00e1rmazik, amely egy standard 1,5 \u00e9s 2 m\u00e1sodperces alapvonalat haszn\u00e1l \u201cRendszeres m\u00f3dban\u201d. A szem\u00e9lyi inhal\u00e1ci\u00f3s id\u0151tartam, a k\u00f6rnyezeti h\u0151m\u00e9rs\u00e9klet \u00e9s a m\u00f3dv\u00e1laszt\u00e1s (pl. Pulzus m\u00f3d) v\u00e1ltoz\u00e1sai empirikusan megv\u00e1ltoztatj\u00e1k a v\u00e9gs\u0151 hozamot.<\/p>\n<\/div>\n<div style=\"margin-bottom: 16px;\">K: A k\u00e9perny\u0151 akt\u00edv felhaszn\u00e1l\u00f3i beavatkoz\u00e1st ig\u00e9nyel a m\u0171k\u00f6d\u00e9s\u00e9hez?<\/p>\n<p style=\"margin: 0; color: #4a5568;\">A: Nem. A k\u00e9perny\u0151 passz\u00edv aktiv\u00e1l\u00e1s\u00fa telemetri\u00e1s \u00e1ramk\u00f6r\u00f6n m\u0171k\u00f6dik. Az MEMS (mikro-elektromechanikus rendszerek) l\u00e9g\u00e1raml\u00e1s-\u00e9rz\u00e9kel\u0151j\u00e9n kereszt\u00fcl vil\u00e1g\u00edt meg, amikor egy sz\u00edv\u00e1st elind\u00edtanak, \u00e9s dinamikusan megjelen\u00edti a jelenlegi m\u00e9r\u0151sz\u00e1mokat n\u00e9h\u00e1ny m\u00e1sodpercig az aktiv\u00e1l\u00e1s ut\u00e1n.<\/p>\n<\/div>\n<div style=\"margin-bottom: 0;\">Hogyan kezeli a VapeXYZ a t\u00f6meges megfelel\u0151s\u00e9get a nemzetk\u00f6zi sz\u00e1ll\u00edtm\u00e1nyoz\u00e1s sor\u00e1n?<\/p>\n<p style=\"margin: 0; color: #4a5568;\">8 \u00e9v m\u0171k\u00f6d\u00e9si adattal feldolgozzuk a glob\u00e1lis sz\u00e1ll\u00edtm\u00e1nyoz\u00f3k \u00e1ltal megk\u00f6vetelt \u00f6sszes sz\u00fcks\u00e9ges akkumul\u00e1tor nyilatkozatot (MSDS, UN38.3), biztos\u00edtva, hogy az eldobhat\u00f3 vape sz\u00e1ll\u00edtm\u00e1nyok v\u00e1mkezel\u00e9se rendk\u00edv\u00fcl hat\u00e9kony \u00e9s megfeleljen az el\u0151\u00edr\u00e1soknak.<\/p>\n<\/div>\n<\/div>\n<p style=\"font-weight: bold; text-align: center; font-size: 18px; margin-top: 40px; color: #2c3e50;\">Emelje fel kiskereskedelmi k\u00e9szlet\u00e9t tudom\u00e1nyosan al\u00e1t\u00e1masztott, prec\u00edzi\u00f3s tervez\u00e9s\u0171 hardverrel.  H\u00edvjon kapcsolatba a VapeXYZ-szel m\u00e9g ma, hogy biztos\u00edtsa MRVI Dragon sorozat\u00e1nak nagykereskedelmi allok\u00e1ci\u00f3j\u00e1t.<\/p>\n<\/article>","protected":false},"excerpt":{"rendered":"<p>Az MRVI Dragon 13000 Puffs \u00fajrat\u00f6lthet\u0151 eldobhat\u00f3 vape, amely a Vapexyz-n\u00e9l \u00e9rhet\u0151 el, \u00f6tv\u00f6zi a nagy kapacit\u00e1st, a kett\u0151s \u00fczemm\u00f3d\u00fa funkcionalit\u00e1st \u00e9s a gazdag \u00edzvil\u00e1got a fejlett mesh tekercs technol\u00f3gi\u00e1val, hogy pr\u00e9mium, hossz\u00fa t\u00e1v\u00fa vape-\u00e9lm\u00e9nyt ny\u00fajtson.<\/p>","protected":false},"featured_media":36360,"comment_status":"open","ping_status":"closed","template":"","meta":{"_lmt_disableupdate":"no","_lmt_disable":""},"product_brand":[],"product_cat":[974,992,947,1019,1020,935,934,927,929,928,930,933,939,932,938,931,936,937,1017,1021,949,946,950,1023,1025,951,1029,1031,1033,1035,953,1037,987,1038],"product_tag":[],"class_list":{"0":"post-36354","1":"product","2":"type-product","3":"status-publish","4":"has-post-thumbnail","6":"product_cat-mrvi-disposable-vapes","7":"product_cat-13000-puff-vapes","8":"product_cat-big-puffs-vapes","9":"product_cat-blue-razz-flavor-disposable-vapes","10":"product_cat-blueberry-flavor-disposable-vapes","11":"product_cat-bulk-buy-disposable-vapes-in-austria","12":"product_cat-bulk-buy-disposable-vapes-in-belgium","13":"product_cat-bulk-buy-disposable-vapes-in-europe","14":"product_cat-bulk-buy-disposable-vapes-in-france","15":"product_cat-bulk-buy-disposable-vapes-in-germany","16":"product_cat-bulk-buy-disposable-vapes-in-italy","17":"product_cat-bulk-buy-disposable-vapes-in-netherlands","18":"product_cat-bulk-buy-disposable-vapes-in-norway","19":"product_cat-bulk-buy-disposable-vapes-in-poland","20":"product_cat-bulk-buy-disposable-vapes-in-portugal","21":"product_cat-bulk-buy-disposable-vapes-in-spain","22":"product_cat-bulk-buy-disposable-vapes-in-sweden","23":"product_cat-bulk-buy-disposable-vapes-in-switzerland","24":"product_cat-buy-best-disposable-vape-flavors","25":"product_cat-cherry-flavor-disposable-vapes","26":"product_cat-digital-box-vapes","27":"product_cat-disposable-vapes-series","28":"product_cat-dual-mesh-vapes","29":"product_cat-grape-flavor-disposable-vapes","30":"product_cat-ice-flavor-disposable-vapes","31":"product_cat-lower-nicotine-vapes","32":"product_cat-mango-flavor-disposable-vapes","33":"product_cat-mixed-berries-flavor-disposable-vapes","34":"product_cat-peach-flavor-disposable-vapes","35":"product_cat-raspberry-flavor-disposable-vapes","36":"product_cat-rechargeable-vapes","37":"product_cat-strawberry-flavor-disposable-vapes","38":"product_cat-vape-shop-by-puffs","39":"product_cat-watermelon-flavor-disposable-vapes","41":"first","42":"outofstock","43":"shipping-taxable","44":"purchasable","45":"product-type-variable","46":"has-default-attributes"},"jetpack_sharing_enabled":true,"tiered_pricing_type":"fixed","tiered_pricing_fixed_rules":[],"tiered_pricing_product_settings":{"layout":"default","base_unit_name":{"singular":null,"plural":null},"default_variation":null},"tiered_pricing_minimum_quantity":null,"tiered_pricing_roles_data":[],"tiered_pricing_percentage_rules":[],"tiered_pricing_maximum_quantity":null,"tiered_pricing_quantity_step":null,"_links":{"self":[{"href":"https:\/\/vapexyz.com\/hu\/wp-json\/wp\/v2\/product\/36354","targetHints":{"allow":["GET"]}}],"collection":[{"href":"https:\/\/vapexyz.com\/hu\/wp-json\/wp\/v2\/product"}],"about":[{"href":"https:\/\/vapexyz.com\/hu\/wp-json\/wp\/v2\/types\/product"}],"replies":[{"embeddable":true,"href":"https:\/\/vapexyz.com\/hu\/wp-json\/wp\/v2\/comments?post=36354"}],"wp:featuredmedia":[{"embeddable":true,"href":"https:\/\/vapexyz.com\/hu\/wp-json\/wp\/v2\/media\/36360"}],"wp:attachment":[{"href":"https:\/\/vapexyz.com\/hu\/wp-json\/wp\/v2\/media?parent=36354"}],"wp:term":[{"taxonomy":"product_brand","embeddable":true,"href":"https:\/\/vapexyz.com\/hu\/wp-json\/wp\/v2\/product_brand?post=36354"},{"taxonomy":"product_cat","embeddable":true,"href":"https:\/\/vapexyz.com\/hu\/wp-json\/wp\/v2\/product_cat?post=36354"},{"taxonomy":"product_tag","embeddable":true,"href":"https:\/\/vapexyz.com\/hu\/wp-json\/wp\/v2\/product_tag?post=36354"}],"curies":[{"name":"wp","href":"https:\/\/api.w.org\/{rel}","templated":true}]}}