{"id":35671,"date":"2024-10-25T09:34:23","date_gmt":"2024-10-25T09:34:23","guid":{"rendered":"https:\/\/vapexyz.com\/?post_type=product&#038;p=35671"},"modified":"2026-03-03T00:44:37","modified_gmt":"2026-03-03T00:44:37","slug":"aupo-15000-puffs-pro-max-kristaly-dual-mesh-2-alacsony-nikotin-eredeti-gyari-omlesztett-vasarlas-ujratoltheto-eldobhato-vapes-toll-nagyker","status":"publish","type":"product","link":"https:\/\/vapexyz.com\/hu\/product\/aupo-15000-puffs-pro-max-crystal-dual-mesh-2-low-nicotine-original-factory-bulk-buy-rechargeable-disposable-vapes-pen-wholesale\/","title":{"rendered":"AUPO 15000 Puffs PRO MAX Crystal Dual Mesh Nagykereskedelmi \u00dajrat\u00f6lthet\u0151 Eldobhat\u00f3 Vape  Nagy T\u00e9telben V\u00e1s\u00e1rolhat\u00f3"},"content":{"rendered":"<article><iframe loading=\"lazy\" title=\"AUPO 15000 Puffs PRO MAX Crystal # eldobhat\u00f3 vapepen\" width=\"1020\" height=\"574\" src=\"https:\/\/www.youtube.com\/embed\/L9xkJMloxfg?feature=oembed\" frameborder=\"0\" allow=\"accelerometer; autoplay; clipboard-write; encrypted-media; gyroscope; picture-in-picture; web-share\" referrerpolicy=\"strict-origin-when-cross-origin\" allowfullscreen><\/iframe><\/p>\n<h2 style=\"color: #2c3e50; border-bottom: 2px solid #3498db; padding-bottom: 10px;\">M\u00e9rn\u00f6ki Kiv\u00e1l\u00f3s\u00e1g: AUPO 15000 Puffs PRO MAX Krist\u00e1ly Dupla H\u00e1l\u00f3 Elemz\u00e9s<\/h2>\n<p>VapeXYZ, egy vezet\u0151 nagykereskedelmi forgalmaz\u00f3, t\u00f6bb mint nyolc \u00e9ves ipar\u00e1gi jelenl\u00e9ttel, b\u00fcszk\u00e9n bemutatja a <strong>AUPO 15000 Puffs PRO MAX<\/strong>. Ez az eszk\u00f6z jelent\u0151s ugr\u00e1st jelent a eldobhat\u00f3 vape technol\u00f3gia ter\u00fclet\u00e9n, kifejezetten a N\u00e9metorsz\u00e1g, Belgium \u00e9s Spanyolorsz\u00e1g magas ig\u00e9ny\u0171 piacaira tervezve. A fejlett termodinamikai elvek \u00e9s a kiv\u00e1l\u00f3 min\u0151s\u00e9g\u0171 anyagok integr\u00e1l\u00e1s\u00e1val az AUPO olyan megold\u00e1st hozott l\u00e9tre, amely egyens\u00falyoz a hossz\u00fa \u00e9lettartam \u00e9s a folyamatos teljes\u00edtm\u00e9ny k\u00f6z\u00f6tt.<\/p>\n<div style=\"background-color: #f8f9fa; border-left: 5px solid #3498db; padding: 20px; margin: 20px 0; border-radius: 5px;\">\n<h3 style=\"margin-top: 0; color: #2980b9;\">Strat\u00e9giai Nagykereskedelmi El\u0151ny<\/h3>\n<p>A kiskeresked\u0151k \u00e9s a nagyv\u00e1s\u00e1rl\u00f3k sz\u00e1m\u00e1ra az AUPO 15000 Puffs PRO MAX versenyel\u0151nyt k\u00edn\u00e1l. Az alacsony minim\u00e1lis rendel\u00e9si mennyis\u00e9g (MOQ) mind\u00f6ssze 10 darab, \u00e9s a gy\u00e1ri k\u00f6zvetlen \u00e1raz\u00e1s lehet\u0151v\u00e9 teszi a v\u00e1llalkoz\u00e1sok sz\u00e1m\u00e1ra, hogy karcs\u00fa k\u00e9szleteket fenntartsanak, mik\u00f6zben maximaliz\u00e1lj\u00e1k a profitot az egyik legstrapab\u00edr\u00f3bb eldobhat\u00f3 vape-on, amely jelenleg el\u00e9rhet\u0151 az eur\u00f3pai szektorban.<\/p>\n<\/div>\n<h2 style=\"color: #2c3e50; border-bottom: 2px solid #3498db; padding-bottom: 10px;\">M\u0171szaki Specifik\u00e1ci\u00f3k \u00e9s Struktur\u00e1lis Integrit\u00e1s<\/h2>\n<p>Az AUPO 15000 Puffs PRO MAX nem csup\u00e1n egy nagy kapacit\u00e1s\u00fa eszk\u00f6z; hanem egy prec\u00edzi\u00f3s m\u00e9rn\u00f6ki munka eredm\u00e9nye. Empirikus tesztjeink \u00e9s m\u0171szaki auditjaink t\u00f6bb olyan m\u00e9rn\u00f6ki kiemel\u00e9st t\u00e1rnak fel, amelyek miatt ez a modell kiemelkedik a standard eldobhat\u00f3 vape-k k\u00f6z\u00fcl.<\/p>\n<table style=\"width: 100%; border-collapse: collapse; margin: 25px 0; font-family: sans-serif; box-shadow: 0 0 20px rgba(0,0,0,0.15); border-radius: 5px 5px 0 0; overflow: hidden;\">\n<thead>\n<tr style=\"background-color: #3498db; color: #ffffff; text-align: left; font-weight: bold;\">\n<th style=\"padding: 12px 15px;\">Le\u00edr\u00e1s<\/th>\n<th style=\"padding: 12px 15px;\">M\u0171szaki r\u00e9szletek<\/th>\n<th style=\"padding: 12px 15px;\">\u00dczemeltet\u00e9si el\u0151ny<\/th>\n<\/tr>\n<\/thead>\n<tbody>\n<tr style=\"border-bottom: 1px solid #dddddd;\">\n<td style=\"padding: 12px 15px; font-weight: bold;\">Porlaszt\u00f3 mag<\/td>\n<td style=\"padding: 12px 15px;\">Du\u00e1lis h\u00e1l\u00f3 tekercs architekt\u00fara<\/td>\n<td style=\"padding: 12px 15px;\">N\u00f6velt fel\u00fclet a egyenletes h\u0151eloszl\u00e1s \u00e9rdek\u00e9ben.<\/td>\n<\/tr>\n<tr style=\"background-color: #f3f3f3; border-bottom: 1px solid #dddddd;\">\n<td style=\"padding: 12px 15px; font-weight: bold;\">Kapacit\u00e1s<\/td>\n<td style=\"padding: 12px 15px;\">20 ml-es bels\u0151 tart\u00e1ly<\/td>\n<td style=\"padding: 12px 15px;\">Legfeljebb 15 000 bel\u00e9gz\u00e9sre tervezve.<\/td>\n<\/tr>\n<tr style=\"border-bottom: 1px solid #dddddd;\">\n<td style=\"padding: 12px 15px; font-weight: bold;\">\u00c1ramforr\u00e1s<\/td>\n<td style=\"padding: 12px 15px;\">600mAh tiszta kobalt akkumul\u00e1tor<\/td>\n<td style=\"padding: 12px 15px;\">Magas energias\u0171r\u0171s\u00e9g a konzisztens fesz\u00fclts\u00e9g kimenet\u00e9rt.<\/td>\n<\/tr>\n<tr style=\"background-color: #f3f3f3; border-bottom: 1px solid #dddddd;\">\n<td style=\"padding: 12px 15px; font-weight: bold;\">T\u00f6lt\u0151 interf\u00e9sz<\/td>\n<td style=\"padding: 12px 15px;\">USB Type-C gyors t\u00f6lt\u00e9s<\/td>\n<td style=\"padding: 12px 15px;\">Gyors ut\u00e1nt\u00f6lt\u00e9s t\u00falt\u00f6lt\u00e9sv\u00e9delemmel.<\/td>\n<\/tr>\n<tr style=\"border-bottom: 2px solid #3498db;\">\n<td style=\"padding: 12px 15px; font-weight: bold;\">Monitoring<\/td>\n<td style=\"padding: 12px 15px;\">Integr\u00e1lt Digit\u00e1lis Okos Kijelz\u0151<\/td>\n<td style=\"padding: 12px 15px;\">Val\u00f3s idej\u0171 k\u00f6vet\u00e9s a fennmarad\u00f3 energiaszintekkel kapcsolatban.<\/td>\n<\/tr>\n<\/tbody>\n<\/table>\n<h3 style=\"color: #2c3e50;\">Empirikus Teljes\u00edtm\u00e9nyelemz\u00e9s<\/h3>\n<p>A 30 napos min\u0151s\u00e9gbiztos\u00edt\u00e1si ciklusunk alatt az AUPO 15000 Puffs PRO MAX kiv\u00e9teles stabilit\u00e1st mutatott. Sok eldobhat\u00f3 vape-pal szemben, amelyek a kimeneti teljes\u00edtm\u00e9ny cs\u00f6kken\u00e9s\u00e9t\u0151l szenvednek, ahogy az akkumul\u00e1tor lemer\u00fcl, az AUPO szab\u00e1lyozott chippanelt haszn\u00e1l, amely fenntartja az \u00e1lland\u00f3 watt-kimenetet. Ez biztos\u00edtja, hogy az 1000. bel\u00e9gz\u00e9s ugyanolyan legyen, mint a 15 000., ami kritikus t\u00e9nyez\u0151 a felhaszn\u00e1l\u00f3k megtart\u00e1sa \u00e9s a m\u00e1rka bizalma szempontj\u00e1b\u00f3l.<\/p>\n<h2 style=\"color: #2c3e50; border-bottom: 2px solid #3498db; padding-bottom: 10px;\">Mi\u00e9rt vezet az AUPO az eur\u00f3pai \u00f6mlesztett piacon<\/h2>\n<p>Megb\u00edzhat\u00f3 sz\u00e1ll\u00edt\u00f3 kiv\u00e1laszt\u00e1sa az eldobhat\u00f3 vape term\u00e9kekhez t\u00f6bbet ig\u00e9nyel, mint csup\u00e1n az \u00e1rra odafigyelni. A VapeXYZ-n\u00e9l hangs\u00falyozzuk a \u201cTeljes Tulajdonosi K\u00f6lts\u00e9get\u201d. Az AUPO sorozat minim\u00e1lisra cs\u00f6kkenti a hibaar\u00e1nyt a szigor\u00fa gy\u00e1ri szint\u0171 stressztesztek r\u00e9v\u00e9n, bele\u00e9rtve a v\u00e1kuumsziv\u00e1rg\u00e1s szimul\u00e1ci\u00f3kat \u00e9s a magas h\u0151m\u00e9rs\u00e9klet\u0171 t\u00e1rol\u00e1si \u00e9rt\u00e9kel\u00e9seket.<\/p>\n<div style=\"display: flex; flex-wrap: wrap; gap: 20px; margin: 25px 0;\">\n<div style=\"flex: 1; min-width: 280px; background: #ffffff; border: 1px solid #e0e0e0; padding: 20px; border-radius: 8px; box-shadow: 0 4px 6px rgba(0,0,0,0.05);\">\n<h4 style=\"color: #3498db; margin-top: 0;\">Igazolt megb\u00edzhat\u00f3s\u00e1g<\/h4>\n<p style=\"font-size: 0.95em; color: #666;\">Minden egys\u00e9g t\u00f6bb l\u00e9pcs\u0151s ellen\u0151rz\u00e9si folyamaton megy kereszt\u00fcl, hogy biztos\u00edtsa az eur\u00f3pai biztons\u00e1gi szabv\u00e1nyoknak (CE \u00e9s RoHS) val\u00f3 megfelel\u00e9st. Ez jelent\u0151sen cs\u00f6kkenti a viszontelad\u00f3khoz t\u00f6rt\u00e9n\u0151 visszav\u00e9telek ar\u00e1ny\u00e1t.<\/p>\n<\/div>\n<div style=\"flex: 1; min-width: 280px; background: #ffffff; border: 1px solid #e0e0e0; padding: 20px; border-radius: 8px; box-shadow: 0 4px 6px rgba(0,0,0,0.05);\">\n<h4 style=\"color: #3498db; margin-top: 0;\">Piac sokoldal\u00fas\u00e1ga<\/h4>\n<p style=\"font-size: 0.95em; color: #666;\">2% koncentr\u00e1ci\u00f3s szinttel ez az eszk\u00f6z az EU-ban \u00e9l\u0151 feln\u0151tt felhaszn\u00e1l\u00f3k legsz\u00e9lesebb demogr\u00e1fiai csoportj\u00e1nak ig\u00e9nyeit kiel\u00e9g\u00edti, egyens\u00falyozva a kiel\u00e9g\u00fcl\u00e9st a szab\u00e1lyoz\u00e1si megfelel\u0151s\u00e9ggel.<\/p>\n<\/div>\n<div style=\"flex: 1; min-width: 280px; background: #ffffff; border: 1px solid #e0e0e0; padding: 20px; border-radius: 8px; box-shadow: 0 4px 6px rgba(0,0,0,0.05);\">\n<h4 style=\"color: #3498db; margin-top: 0;\">Egyedi M\u00e1rka\u00e9p\u00edt\u00e9s<\/h4>\n<p style=\"font-size: 0.95em; color: #666;\">A VapeXYZ OEM\/ODM szolg\u00e1ltat\u00e1sokat k\u00edn\u00e1l az AUPO vonalra. A nagy mennyis\u00e9g\u0171 rendel\u00e9sek szem\u00e9lyre szabhat\u00f3k konkr\u00e9t log\u00f3kkal, t\u00e1mogatva m\u00e1rk\u00e1j\u00e1nak egyedi identit\u00e1s\u00e1t.<\/p>\n<\/div>\n<\/div>\n<h2 style=\"color: #2c3e50; border-bottom: 2px solid #3498db; padding-bottom: 10px;\">\u00c1tfog\u00f3 \u00c9rz\u00e9kszervi Profilok Sk\u00e1l\u00e1ja<\/h2>\n<p>Az AUPO 15000 Puffs PRO MAX ismert a k\u00fcl\u00f6nb\u00f6z\u0151 arom\u00e1s lehet\u0151s\u00e9gek sz\u00e9les sk\u00e1l\u00e1j\u00e1r\u00f3l. Minden profilt \u00e9lelmiszer-min\u0151s\u00e9g\u0171 \u00f6sszetev\u0151k felhaszn\u00e1l\u00e1s\u00e1val fejlesztenek ki, biztos\u00edtva egy tiszta \u00e9s k\u00f6vetkezetes \u00e9lm\u00e9nyt. Logisztikai adataink szerint ezek a profilok a legjobban elad\u00f3k az eldobhat\u00f3 vape kateg\u00f3ri\u00e1ban a nagyobb eur\u00f3pai v\u00e1rosokban.<\/p>\n<ul style=\"list-style-type: none; padding: 0; display: grid; grid-template-columns: repeat(auto-fill, minmax(200px, 1fr)); gap: 10px;\">\n<li style=\"background: #ecf0f1; padding: 10px; border-radius: 4px; border-left: 3px solid #3498db;\">\u00c1fonya savany\u00fa m\u00e1lna<\/li>\n<li style=\"background: #ecf0f1; padding: 10px; border-radius: 4px; border-left: 3px solid #3498db;\">Blue Razz Limon\u00e1d\u00e9<\/li>\n<li style=\"background: #ecf0f1; padding: 10px; border-radius: 4px; border-left: 3px solid #3498db;\">\u0150szibarack mang\u00f3<\/li>\n<li style=\"background: #ecf0f1; padding: 10px; border-radius: 4px; border-left: 3px solid #3498db;\">Anan\u00e1sz \u0151szibarack mang\u00f3<\/li>\n<li style=\"background: #ecf0f1; padding: 10px; border-radius: 4px; border-left: 3px solid #3498db;\">R\u00e1g\u00f3gumi<\/li>\n<li style=\"background: #ecf0f1; padding: 10px; border-radius: 4px; border-left: 3px solid #3498db;\">\u00c1fonya M\u00e1lna Gr\u00e1n\u00e1talma<\/li>\n<li style=\"background: #ecf0f1; padding: 10px; border-radius: 4px; border-left: 3px solid #3498db;\">G\u00f6r\u00f6gdinnye cseresznye<\/li>\n<li style=\"background: #ecf0f1; padding: 10px; border-radius: 4px; border-left: 3px solid #3498db;\">Fizzy Cherry<\/li>\n<li style=\"background: #ecf0f1; padding: 10px; border-radius: 4px; border-left: 3px solid #3498db;\">\u00c1fonya r\u00e1g\u00f3gumi<\/li>\n<li style=\"background: #ecf0f1; padding: 10px; border-radius: 4px; border-left: 3px solid #3498db;\">Kiwi Passionfruit Guava<\/li>\n<\/ul>\n<h2 style=\"color: #2c3e50; border-bottom: 2px solid #3498db; padding-bottom: 10px; margin-top: 40px;\">Logisztika \u00e9s Nagykereskedelmi Csomagol\u00e1si R\u00e9szletek<\/h2>\n<p>A sz\u00e1ll\u00edt\u00e1si hat\u00e9konys\u00e1g kiemelked\u0151en fontos a nagykereskedelmi m\u0171veletek sor\u00e1n. Optimaliz\u00e1ltuk a csomagol\u00e1sunkat, hogy biztos\u00edtsuk a biztons\u00e1got \u00e9s a helykihaszn\u00e1l\u00e1st a sz\u00e1ll\u00edt\u00e1s sor\u00e1n.<\/p>\n<div style=\"background-color: #fcfcfc; border: 1px solid #eee; padding: 25px; border-radius: 10px; margin: 20px 0;\">\n<p><strong>Egyedi egys\u00e9gs\u00faly:<\/strong> 110,75g \u2013 Az er\u0151s akkumul\u00e1torra \u00e9s a nagy kapacit\u00e1s\u00fa tart\u00e1lyra utal.<\/p>\n<p><strong>Megjelen\u00edt\u00e9si doboz:<\/strong> 10 Darab - Teljes s\u00faly: 1086,70 g.  \u00dagy tervezt\u00e9k, hogy polcra k\u00e9sz prezent\u00e1ci\u00f3hoz alkalmas legyen.<\/p>\n<p><strong>T\u00f6meges sz\u00e1ll\u00edt\u00e1si karton:<\/strong> 200 darab - \u00c1ramvonalas\u00edtva a nemzetk\u00f6zi sz\u00e1ll\u00edt\u00e1shoz, hogy minimaliz\u00e1ljuk a k\u00f6lts\u00e9geket a hollandiai \u00e9s azon t\u00fali partnereink sz\u00e1m\u00e1ra.<\/p>\n<\/div>\n<h2 style=\"color: #2c3e50; border-bottom: 2px solid #3498db; padding-bottom: 10px;\">Szak\u00e9rt\u0151i betekint\u00e9s: A kett\u0151s h\u00e1l\u00f3s technol\u00f3gia szerepe<\/h2>\n<p>A szabv\u00e1nyos eldobhat\u00f3 vape k\u00e9sz\u00fcl\u00e9kek gyakran egyhuzalos tekercseket haszn\u00e1lnak, amelyek \u201cforr\u00f3 pontokhoz\u201d \u00e9s a bels\u0151 kan\u00f3c id\u0151 el\u0151tti \u00e9g\u00e9s\u00e9hez vezethetnek. Az AUPO PRO MAX ezzel szemben egy <strong>Du\u00e1lis h\u00e1l\u00f3mag<\/strong>. Ez a m\u00e9rn\u00f6ki v\u00e1laszt\u00e1s lehet\u0151v\u00e9 teszi az alacsonyabb ellen\u00e1ll\u00e1s\u00fa (szub-ohm st\u00edlus\u00fa) \u00e9lm\u00e9nyt, mik\u00f6zben a h\u0151t nagyobb fel\u00fcleten osztja el. Ez megakad\u00e1lyozza az arom\u00e1s vegy\u00fcletek leboml\u00e1s\u00e1t, \u00e9s biztos\u00edtja, hogy a g\u0151z sima \u00e9s s\u0171r\u0171 maradjon az eszk\u00f6z teljes \u00e9lettartama alatt.<\/p>\n<h3 style=\"color: #2c3e50; margin-top: 30px;\">Kulcsfontoss\u00e1g\u00fa ismeretek pontjai<\/h3>\n<div style=\"background-color: #e8f4fd; padding: 20px; border-radius: 8px; border: 1px solid #b3d7f2; line-height: 1.6;\">\n<ul style=\"margin: 0; padding-left: 20px; color: #2c3e50;\">\n<li><strong>Termikus stabilit\u00e1s:<\/strong> A mesh tekercsek haszn\u00e1lata cs\u00f6kkenti a \u201csz\u00e1raz \u00fct\u00e9sek\u201d kock\u00e1zat\u00e1t az optim\u00e1lis folyad\u00e9kfelsz\u00edv\u00f3 sebess\u00e9g fenntart\u00e1s\u00e1val.<\/li>\n<li><strong>Az akkumul\u00e1tor \u00e9letciklus:<\/strong> A 600mAh-s cella 50+ t\u00f6lt\u00e9si ciklusra van tervezve, biztos\u00edtva, hogy t\u00fal\u00e9lje a bels\u0151 tart\u00e1ly tartalm\u00e1t.<\/li>\n<li><strong>K\u00f6rnyezeti Tudatoss\u00e1g:<\/strong> Felel\u0151ss\u00e9gteljes forgalmaz\u00f3k\u00e9nt a VapeXYZ \u00f6szt\u00f6nzi a haszn\u00e1lt eldobhat\u00f3 vape term\u00e9kek megfelel\u0151 \u00fajrahasznos\u00edt\u00e1s\u00e1t a kijel\u00f6lt elektronikai hullad\u00e9kcsatorn\u00e1kon kereszt\u00fcl.<\/li>\n<li><strong>Hiteles\u00edt\u00e9si ellen\u0151rz\u00e9s:<\/strong> Minden AUPO term\u00e9k tartalmaz egy ellen\u0151rizhet\u0151 biztons\u00e1gi k\u00f3dot, amely v\u00e9delmet ny\u00fajt a hamis\u00edtott egys\u00e9gek ellen a piacon.<\/li>\n<\/ul>\n<\/div>\n<h2 style=\"color: #2c3e50; border-bottom: 2px solid #3498db; padding-bottom: 10px; margin-top: 40px;\">Nagykereskedelmi GYIK: AUPO 15000 Puffs PRO MAX<\/h2>\n<div style=\"margin: 20px 0;\">\n<div style=\"margin-bottom: 15px; border: 1px solid #e0e0e0; border-radius: 5px; padding: 15px; background: #fff;\">\n<p style=\"font-weight: bold; color: #2980b9; margin-bottom: 5px;\">K: Az AUPO 15000 Puffs PRO MAX megfelel az uni\u00f3s szab\u00e1lyoz\u00e1soknak?<\/p>\n<p style=\"margin: 0; color: #555;\">Igen, az eszk\u00f6z megfelel az EU-ban t\u00f6rt\u00e9n\u0151 \u00e9rt\u00e9kes\u00edt\u00e9shez sz\u00fcks\u00e9ges gy\u00e1rt\u00e1si szabv\u00e1nyoknak, bele\u00e9rtve a CE \u00e9s RoHS tan\u00fas\u00edtv\u00e1nyokat is. Biztos\u00edtjuk, hogy katal\u00f3gusunkban minden eldobhat\u00f3 vape megfeleljen a szigor\u00fa min\u0151s\u00e9gi \u00e9s biztons\u00e1gi k\u00f6vetelm\u00e9nyeknek.<\/p>\n<\/div>\n<div style=\"margin-bottom: 15px; border: 1px solid #e0e0e0; border-radius: 5px; padding: 15px; background: #fff;\">\n<p style=\"font-weight: bold; color: #2980b9; margin-bottom: 5px;\">Hogyan jav\u00edtja a digit\u00e1lis kijelz\u0151 a felhaszn\u00e1l\u00f3i \u00e9lm\u00e9nyt?<\/p>\n<p style=\"margin: 0; color: #555;\">A: A hagyom\u00e1nyos eldobhat\u00f3 vape-kkel ellent\u00e9tben, amelyek villog\u00f3 LED-del jelzik az akkumul\u00e1tor lemer\u00fcl\u00e9s\u00e9t, az AUPO kijelz\u0151 pontos sz\u00e1zal\u00e9kot mutat. Ez lehet\u0151v\u00e9 teszi a felhaszn\u00e1l\u00f3k sz\u00e1m\u00e1ra, hogy felt\u00f6lts\u00e9k az eszk\u00f6zt, miel\u0151tt az haszn\u00e1lhatatlann\u00e1 v\u00e1lna, biztos\u00edtva, hogy soha ne \u00e9rjenek tetten \u00e1ram n\u00e9lk\u00fcl.<\/p>\n<\/div>\n<div style=\"margin-bottom: 15px; border: 1px solid #e0e0e0; border-radius: 5px; padding: 15px; background: #fff;\">\n<p style=\"font-weight: bold; color: #2980b9; margin-bottom: 5px;\">M: Mi a tiszta kobalt akkumul\u00e1tor cella el\u0151nye?<\/p>\n<p style=\"margin: 0; color: #555;\">A: A tiszta kobalt akkumul\u00e1torok nagyobb stabilit\u00e1st \u00e9s hosszabb \u00e9lettartamot k\u00edn\u00e1lnak a standard h\u00e1romkomponens\u0171 l\u00edtium akkumul\u00e1torokhoz k\u00e9pest. Ez biztos\u00edtja, hogy m\u00e9g ha a vape-eket h\u00f3napokig rakt\u00e1rban t\u00e1rolj\u00e1k is, megtartj\u00e1k t\u00f6lt\u00e9s\u00fcket \u00e9s teljes\u00edtm\u00e9nyintegrit\u00e1sukat.<\/p>\n<\/div>\n<div style=\"margin-bottom: 15px; border: 1px solid #e0e0e0; border-radius: 5px; padding: 15px; background: #fff;\">\n<p style=\"font-weight: bold; color: #2980b9; margin-bottom: 5px;\">Mi\u00e9rt v\u00e1lassza a VapeXYZ-et a nagy mennyis\u00e9g\u0171 rendel\u00e9sekhez?<\/p>\n<p style=\"margin: 0; color: #555;\">A: K\u00f6zel egy \u00e9vtizedes tapasztalattal rendelkez\u00fcnk, \u00e9s t\u00f6bbet ny\u00fajtunk, mint egyszer\u0171en term\u00e9keket; robusztus ell\u00e1t\u00e1si l\u00e1ncot biztos\u00edtunk. A val\u00f3s idej\u0171 nyomon k\u00f6vet\u00e9st\u0151l a v\u00e1mkezel\u00e9si t\u00e1mogat\u00e1sig Spanyolorsz\u00e1gban \u00e9s N\u00e9metorsz\u00e1gban, kezelj\u00fck a nagykereskedelem bonyolults\u00e1gait, hogy \u00d6n a \u00e9rt\u00e9kes\u00edt\u00e9sre \u00f6sszpontos\u00edthasson.<\/p>\n<\/div>\n<\/div>\n<h2 style=\"color: #2c3e50; border-bottom: 2px solid #3498db; padding-bottom: 10px; margin-top: 40px;\">K\u00f6vetkeztet\u00e9s: Az ell\u00e1t\u00e1si l\u00e1nc biztons\u00e1g\u00e1nak biztos\u00edt\u00e1sa<\/h2>\n<p>A <strong>AUPO 15000 Puffs PRO MAX Crystal Dual Mesh<\/strong> bizony\u00edt\u00e9k arra, hogy a modern eldobhat\u00f3 vape term\u00e9kek mit \u00e9rhetnek el a m\u00e9rn\u00f6ki pontoss\u00e1g \u00e9s a kiv\u00e1l\u00f3 min\u0151s\u00e9g\u0171 anyagok r\u00e9v\u00e9n. A VapeXYZ-n\u00e9l elk\u00f6telezettek vagyunk amellett, hogy nagykereskedelmi partnereink sz\u00e1m\u00e1ra a legmagasabb min\u0151s\u00e9g\u0171 term\u00e9keket biztos\u00edtsuk a lehet\u0151 legalacsonyabb \u00e1ron. Legyen \u00d6n ak\u00e1r egy kis butik bolt, ak\u00e1r egy nagy l\u00e9pt\u00e9k\u0171 keresked\u0151, 10 darabos minim\u00e1lis rendel\u00e9si mennyis\u00e9g\u00fcnk \u00e9s m\u00e9ly ipar\u00e1gi szak\u00e9rtelm\u00fcnk teszi minket az ide\u00e1lis partner\u00e9v\u00e9 az \u00d6n v\u00e1llalkoz\u00e1s\u00e1nak n\u00f6veked\u00e9s\u00e9hez.<\/p>\n<p>L\u00e1togat\u00e1s <a style=\"color: #3498db; text-decoration: none; font-weight: bold;\" href=\"https:\/\/vapexyz.com\/hu\/termekkategoria\/aupo-eldobhato-vapes\/\">VapeXYZ.com<\/a> Ma b\u00f6ng\u00e9sszen teljes gy\u0171jtem\u00e9ny\u00fcnkben, \u00e9s haszn\u00e1lja ki AUPO \u00e9s m\u00e1s pr\u00e9mium m\u00e1rk\u00e1k nagykereskedelmi \u00e1rait.<\/p>\n<h2><img loading=\"lazy\" decoding=\"async\" class=\"alignnone wp-image-35684 size-full\" style=\"color: #333333; font-size: 16px;\" src=\"https:\/\/vapexyz.com\/wp-content\/uploads\/2024\/10\/AUPO-15000-Puffs-PRO-MAX-Crystal-Dual-Mesh-2-Low-Nicotine-Original-Factory-18.webp\" alt=\"AUPO 15000 Puffs PRO MAX Crystal Dual Mesh 2% Alacsony nikotintartalm\u00fa Eredeti Gy\u00e1ri T\u00f6meges V\u00e1s\u00e1rl\u00e1s \u00dajrat\u00f6lthet\u0151 Eldobhat\u00f3 Vapes Pen nagykeresked\u00e9s\" width=\"1024\" height=\"1024\" title=\"\" srcset=\"https:\/\/vapexyz.com\/wp-content\/uploads\/2024\/10\/AUPO-15000-Puffs-PRO-MAX-Crystal-Dual-Mesh-2-Low-Nicotine-Original-Factory-18.webp 1024w, https:\/\/vapexyz.com\/wp-content\/uploads\/2024\/10\/AUPO-15000-Puffs-PRO-MAX-Crystal-Dual-Mesh-2-Low-Nicotine-Original-Factory-18-500x500.webp 500w, https:\/\/vapexyz.com\/wp-content\/uploads\/2024\/10\/AUPO-15000-Puffs-PRO-MAX-Crystal-Dual-Mesh-2-Low-Nicotine-Original-Factory-18-300x300.webp 300w, https:\/\/vapexyz.com\/wp-content\/uploads\/2024\/10\/AUPO-15000-Puffs-PRO-MAX-Crystal-Dual-Mesh-2-Low-Nicotine-Original-Factory-18-768x768.webp 768w, https:\/\/vapexyz.com\/wp-content\/uploads\/2024\/10\/AUPO-15000-Puffs-PRO-MAX-Crystal-Dual-Mesh-2-Low-Nicotine-Original-Factory-18-12x12.webp 12w, https:\/\/vapexyz.com\/wp-content\/uploads\/2024\/10\/AUPO-15000-Puffs-PRO-MAX-Crystal-Dual-Mesh-2-Low-Nicotine-Original-Factory-18-247x247.webp 247w, https:\/\/vapexyz.com\/wp-content\/uploads\/2024\/10\/AUPO-15000-Puffs-PRO-MAX-Crystal-Dual-Mesh-2-Low-Nicotine-Original-Factory-18-600x600.webp 600w, https:\/\/vapexyz.com\/wp-content\/uploads\/2024\/10\/AUPO-15000-Puffs-PRO-MAX-Crystal-Dual-Mesh-2-Low-Nicotine-Original-Factory-18-148x148.webp 148w\" sizes=\"auto, (max-width: 1024px) 100vw, 1024px\" \/><\/h2>\n<\/article>","protected":false},"excerpt":{"rendered":"<p>Az AUPO 15000 Puffs PRO MAX egy \u00fajrat\u00f6lthet\u0151, eldobhat\u00f3 vape 2% er\u0151ss\u00e9ggel, kett\u0151s h\u00e1l\u00f3sz\u00e1las technol\u00f3gi\u00e1val, ak\u00e1r 15 000 sz\u00edv\u00e1ssal \u00e9s pr\u00e9mium \u00edzek sz\u00e9les sk\u00e1l\u00e1j\u00e1val, ide\u00e1lis nagy mennyis\u00e9g\u0171 v\u00e1s\u00e1rl\u00e1shoz a Vapexyz-t\u0151l.<\/p>","protected":false},"featured_media":35674,"comment_status":"open","ping_status":"closed","template":"","meta":{"_lmt_disableupdate":"no","_lmt_disable":""},"product_brand":[],"product_cat":[970,998,1018,947,1019,1020,935,934,927,929,928,930,933,939,932,938,931,936,937,1017,1021,948,949,946,950,1024,1025,1026,1027,951,1029,1032,1033,1034,1035,953,987,1038],"product_tag":[],"class_list":{"0":"post-35671","1":"product","2":"type-product","3":"status-publish","4":"has-post-thumbnail","6":"product_cat-aupo-disposable-vapes","7":"product_cat-15000-puff-vapes","8":"product_cat-apple-flavor-disposable-vapes","9":"product_cat-big-puffs-vapes","10":"product_cat-blue-razz-flavor-disposable-vapes","11":"product_cat-blueberry-flavor-disposable-vapes","12":"product_cat-bulk-buy-disposable-vapes-in-austria","13":"product_cat-bulk-buy-disposable-vapes-in-belgium","14":"product_cat-bulk-buy-disposable-vapes-in-europe","15":"product_cat-bulk-buy-disposable-vapes-in-france","16":"product_cat-bulk-buy-disposable-vapes-in-germany","17":"product_cat-bulk-buy-disposable-vapes-in-italy","18":"product_cat-bulk-buy-disposable-vapes-in-netherlands","19":"product_cat-bulk-buy-disposable-vapes-in-norway","20":"product_cat-bulk-buy-disposable-vapes-in-poland","21":"product_cat-bulk-buy-disposable-vapes-in-portugal","22":"product_cat-bulk-buy-disposable-vapes-in-spain","23":"product_cat-bulk-buy-disposable-vapes-in-sweden","24":"product_cat-bulk-buy-disposable-vapes-in-switzerland","25":"product_cat-buy-best-disposable-vape-flavors","26":"product_cat-cherry-flavor-disposable-vapes","27":"product_cat-crystal-vapes","28":"product_cat-digital-box-vapes","29":"product_cat-disposable-vapes-series","30":"product_cat-dual-mesh-vapes","31":"product_cat-guava-flavor-disposable-vapes","32":"product_cat-ice-flavor-disposable-vapes","33":"product_cat-kiwi-flavor-disposable-vapes","34":"product_cat-lemon-flavor-disposable-vapes","35":"product_cat-lower-nicotine-vapes","36":"product_cat-mango-flavor-disposable-vapes","37":"product_cat-passion-fruit-flavor-disposable-vapes","38":"product_cat-peach-flavor-disposable-vapes","39":"product_cat-pineapple-flavor-disposable-vapes","40":"product_cat-raspberry-flavor-disposable-vapes","41":"product_cat-rechargeable-vapes","42":"product_cat-vape-shop-by-puffs","43":"product_cat-watermelon-flavor-disposable-vapes","45":"first","46":"outofstock","47":"shipping-taxable","48":"purchasable","49":"product-type-variable","50":"has-default-attributes"},"jetpack_sharing_enabled":true,"tiered_pricing_type":"fixed","tiered_pricing_fixed_rules":[],"tiered_pricing_product_settings":{"layout":"default","base_unit_name":{"singular":null,"plural":null},"default_variation":null},"tiered_pricing_minimum_quantity":null,"tiered_pricing_roles_data":[],"tiered_pricing_percentage_rules":[],"tiered_pricing_maximum_quantity":null,"tiered_pricing_quantity_step":null,"_links":{"self":[{"href":"https:\/\/vapexyz.com\/hu\/wp-json\/wp\/v2\/product\/35671","targetHints":{"allow":["GET"]}}],"collection":[{"href":"https:\/\/vapexyz.com\/hu\/wp-json\/wp\/v2\/product"}],"about":[{"href":"https:\/\/vapexyz.com\/hu\/wp-json\/wp\/v2\/types\/product"}],"replies":[{"embeddable":true,"href":"https:\/\/vapexyz.com\/hu\/wp-json\/wp\/v2\/comments?post=35671"}],"wp:featuredmedia":[{"embeddable":true,"href":"https:\/\/vapexyz.com\/hu\/wp-json\/wp\/v2\/media\/35674"}],"wp:attachment":[{"href":"https:\/\/vapexyz.com\/hu\/wp-json\/wp\/v2\/media?parent=35671"}],"wp:term":[{"taxonomy":"product_brand","embeddable":true,"href":"https:\/\/vapexyz.com\/hu\/wp-json\/wp\/v2\/product_brand?post=35671"},{"taxonomy":"product_cat","embeddable":true,"href":"https:\/\/vapexyz.com\/hu\/wp-json\/wp\/v2\/product_cat?post=35671"},{"taxonomy":"product_tag","embeddable":true,"href":"https:\/\/vapexyz.com\/hu\/wp-json\/wp\/v2\/product_tag?post=35671"}],"curies":[{"name":"wp","href":"https:\/\/api.w.org\/{rel}","templated":true}]}}