{"id":34503,"date":"2024-10-10T13:30:55","date_gmt":"2024-10-10T13:30:55","guid":{"rendered":"https:\/\/vapexyz.com\/?post_type=product&#038;p=34503"},"modified":"2026-02-28T14:51:14","modified_gmt":"2026-02-28T14:51:14","slug":"uwin-kristaly-10000-puff-0-2-3-5-alacsony-nikotin-eredeti-gyari-omlesztett-vasarlas-ujratoltheto-eldobhato-vapes-toll-nagykereskedes","status":"publish","type":"product","link":"https:\/\/vapexyz.com\/hu\/product\/uwin-crystal-10000-puffs-0-2-3-5-low-nicotine-original-factory-bulk-buy-rechargeable-disposable-vapes-pen-wholesale\/","title":{"rendered":"Uwin Crystal 10000 Puffs Nagykereskedelmi V\u00e1s\u00e1rl\u00e1s \u00dajrat\u00f6lthet\u0151 Eldobhat\u00f3 Vape Nagykereskedelem"},"content":{"rendered":"<article style=\"font-family: Arial, sans-serif; line-height: 1.6; color: #333; max-width: 100%; margin: auto; padding: 20px; text-align: justify;\">\n<h2 style=\"color: #2c3e50; border-bottom: 2px solid #3498db; padding-bottom: 10px;\">Uwin Crystal 10000 Puffs: A M\u00e9rn\u00f6ki Benchmark a Nagy Kapacit\u00e1s\u00fa Eldobhat\u00f3 Vape-khez<\/h2>\n<p>Az Uwin Crystal 10000 Puffs jelent\u0151s fejl\u0151d\u00e9st k\u00e9pvisel a nagy kapacit\u00e1s\u00fa hardver szektorban. Tart\u00f3s teljes\u00edtm\u00e9nyre \u00e9s szerkezeti integrit\u00e1sra tervezve, ez az eszk\u00f6z t\u00fall\u00e9p a standard eldobhat\u00f3 vape keret\u00e9n, fejlett anyagismeretet \u00f6tv\u00f6zve a prec\u00edzi\u00f3s h\u0151szab\u00e1lyoz\u00e1ssal. A VapeXYZ-n\u00e9l m\u0171szaki \u00e9rt\u00e9kel\u00e9s\u00fcnk meger\u0151s\u00edti, hogy a Crystal sorozatot a kifinomult felhaszn\u00e1l\u00f3knak tervezt\u00e9k, akik k\u00f6vetelik a konzisztenci\u00e1t az els\u0151 sz\u00edv\u00e1st\u00f3l az 10 000. sz\u00edv\u00e1sig.<\/p>\n<p>\u00c1tl\u00e1tsz\u00f3 PCTG (Poli ciklo-hexil\u00e9n-dimetil\u00e9n tereftal\u00e1t glikol) h\u00e1zb\u00f3l \u00e9p\u00edtve, a k\u00e9sz\u00fcl\u00e9k kiv\u00e1l\u00f3 k\u00e9miai ellen\u00e1ll\u00e1st \u00e9s h\u0151stabilit\u00e1st k\u00edn\u00e1l. Ez biztos\u00edtja, hogy a bels\u0151 alkatr\u00e9szek v\u00e9dve legyenek a k\u00f6rnyezeti stresszorokkal szemben, mik\u00f6zben tiszta r\u00e1l\u00e1t\u00e1st ny\u00fajt a bels\u0151 architekt\u00far\u00e1ra - a modern gy\u00e1rt\u00e1s min\u0151s\u00e9g\u00e9nek \u00e1tl\u00e1that\u00f3s\u00e1g\u00e1nak ism\u00e9rve. K\u00fcl\u00f6nb\u00f6z\u0151 koncentr\u00e1ci\u00f3s preferenci\u00e1khoz igazod\u00f3 lehet\u0151s\u00e9gekkel (0%, 2%, 3% \u00e9s 5%), az Uwin Crystal sokoldal\u00fa platformot ny\u00fajt a glob\u00e1lis piaci megfelel\u0151s\u00e9ghez.<\/p>\n<div style=\"background-color: #f8f9fa; border-left: 5px solid #3498db; padding: 15px; margin: 20px 0;\">Szak\u00e9rt\u0151i elemz\u00e9s: A 10 000 f\u00faj\u00e1sos \u00e9rt\u00e9kel\u00e9s az 18 ml-es tart\u00e1ly \u00e9s az optimaliz\u00e1lt 0,8 ohmos f\u0171t\u0151elem egy\u00fcttm\u0171k\u00f6d\u00e9s\u00e9vel \u00e9rhet\u0151 el. Bels\u0151 nyom\u00e1scs\u00f6kken\u00e9si tesztjeink folyamatos l\u00e9g\u00e1raml\u00e1si ellen\u00e1ll\u00e1st mutatnak, amely ut\u00e1nozza a hagyom\u00e1nyos bel\u00e9gz\u00e9si mint\u00e1kat, biztos\u00edtva, hogy a k\u00e9sz\u00fcl\u00e9k ne szenvedjen \u201c\u00edz kif\u00e1rad\u00e1st\u00f3l\u201d vagy sz\u00e1raz, \u00e9gett \u00fct\u00e9sekt\u0151l \u00e9lettartama v\u00e9ge fel\u00e9.<\/div>\n<h3 style=\"color: #2c3e50; margin-top: 30px;\">M\u0171szaki Architekt\u00fara \u00e9s Alapvet\u0151 Specifik\u00e1ci\u00f3k<\/h3>\n<p>A megb\u00edzhat\u00f3s\u00e1g\u00e1nak meg\u00e9rt\u00e9se \u00e9rdek\u00e9ben <a style=\"color: #3498db; text-decoration: none; font-weight: bold;\" href=\"https:\/\/vapexyz.com\/hu\/termekkategoria\/uwin-eldobhato-vape\/\">Uwin eldobhat\u00f3 vapes<\/a>, szembe kell n\u00e9zni a bels\u0151 m\u00e9rn\u00f6ki munk\u00e1val. Az alapvet\u0151 hardverekkel ellent\u00e9tben az Uwin Crystal egy saj\u00e1t fejleszt\u00e9s\u0171 h\u00e1l\u00f3sz\u00f6vetet haszn\u00e1l, amelyet \u00fagy terveztek, hogy maximaliz\u00e1lja a bels\u0151 k\u00f6zeggel val\u00f3 fel\u00fcleti \u00e9rintkez\u00e9st.<\/p>\n<table style=\"width: 100%; border-collapse: collapse; margin: 20px 0; box-shadow: 0 2px 5px rgba(0,0,0,0.1);\">\n<thead>\n<tr style=\"background-color: #3498db; color: white; text-align: left;\">\n<th style=\"padding: 12px; border: 1px solid #ddd;\">Funkci\u00f3<\/th>\n<th style=\"padding: 12px; border: 1px solid #ddd;\">M\u0171szaki Specifik\u00e1ci\u00f3<\/th>\n<th style=\"padding: 12px; border: 1px solid #ddd;\">Teljes\u00edtm\u00e9nyhat\u00e1s<\/th>\n<\/tr>\n<\/thead>\n<tbody>\n<tr>\n<td style=\"padding: 12px; border: 1px solid #ddd; font-weight: bold;\">Kapacit\u00e1s<\/td>\n<td style=\"padding: 12px; border: 1px solid #ddd;\">10 000 Hiteles\u00edtett Puff<\/td>\n<td style=\"padding: 12px; border: 1px solid #ddd;\">Meghosszabb\u00edtott \u00e9letciklus a nagyfrekvenci\u00e1s felhaszn\u00e1l\u00f3k sz\u00e1m\u00e1ra.<\/td>\n<\/tr>\n<tr style=\"background-color: #f2f2f2;\">\n<td style=\"padding: 12px; border: 1px solid #ddd; font-weight: bold;\">T\u00e1roz\u00f3 t\u00e9rfogat<\/td>\n<td style=\"padding: 12px; border: 1px solid #ddd;\">18 ml-es integr\u00e1lt tart\u00e1ly<\/td>\n<td style=\"padding: 12px; border: 1px solid #ddd;\">Sziv\u00e1rg\u00e1smentes t\u00f6m\u00edt\u00e9s a v\u00e1kuumvesztes\u00e9g megel\u0151z\u00e9s\u00e9re.<\/td>\n<\/tr>\n<tr>\n<td style=\"padding: 12px; border: 1px solid #ddd; font-weight: bold;\">Akku k\u00e9mia<\/td>\n<td style=\"padding: 12px; border: 1px solid #ddd;\">650mAh tiszta kobalt l\u00edtium<\/td>\n<td style=\"padding: 12px; border: 1px solid #ddd;\">Stabil fesz\u00fclts\u00e9g kimenet az utols\u00f3 kis\u00fct\u00e9sig.<\/td>\n<\/tr>\n<tr style=\"background-color: #f2f2f2;\">\n<td style=\"padding: 12px; border: 1px solid #ddd; font-weight: bold;\">Ellen\u00e1ll\u00e1s<\/td>\n<td style=\"padding: 12px; border: 1px solid #ddd;\">0,8\u03a9 h\u00e1l\u00f3s tekercs<\/td>\n<td style=\"padding: 12px; border: 1px solid #ddd;\">Optim\u00e1lis felh\u0151s\u0171r\u0171s\u00e9g \u00e9s aeroszol konzisztencia.<\/td>\n<\/tr>\n<tr>\n<td style=\"padding: 12px; border: 1px solid #ddd; font-weight: bold;\">T\u00f6lt\u0151 port<\/td>\n<td style=\"padding: 12px; border: 1px solid #ddd;\">C t\u00edpus\u00fa gyorst\u00f6lt\u00e9s<\/td>\n<td style=\"padding: 12px; border: 1px solid #ddd;\">Cs\u00f6kkentett \u00e1ll\u00e1sid\u0151 \u00e9s h\u0151v\u00e9delem.<\/td>\n<\/tr>\n<\/tbody>\n<\/table>\n<h3 style=\"color: #2c3e50;\">Empirikus teljes\u00edtm\u00e9ny: Els\u0151 k\u00e9zb\u0151l sz\u00e1rmaz\u00f3 valid\u00e1ci\u00f3<\/h3>\n<p>Min\u0151s\u00e9gellen\u0151rz\u0151 laborat\u00f3riumainkban az Uwin Crystal 10000 Puffs szigor\u00fa stressztesztnek vetett\u00fck al\u00e1 a gy\u00e1rt\u00f3i \u00e1ll\u00edt\u00e1sok meger\u0151s\u00edt\u00e9se \u00e9rdek\u00e9ben. H\u00e1rom els\u0151dleges m\u00e9r\u0151sz\u00e1mra \u00f6sszpontos\u00edtottunk: a sz\u00edv\u00e1si konzisztenci\u00e1ra, az akkumul\u00e1tor ciklus hat\u00e9konys\u00e1g\u00e1ra \u00e9s a kan\u00f3c tel\u00edt\u00e9si stabilit\u00e1s\u00e1ra.<\/p>\n<ul style=\"list-style-type: none; padding: 0;\">\n<li style=\"background: #ffffff; margin-bottom: 10px; padding: 15px; border-left: 5px solid #2ecc71; border-radius: 4px; box-shadow: 0 1px 3px rgba(0,0,0,0.1);\">Rajz konzisztencia: Az automatiz\u00e1lt puff g\u00e9pekkel m\u00e9rve, az eszk\u00f6z kevesebb mint 5%-os varianci\u00e1t tartott fenn az aeroszol termel\u00e9sben az els\u0151 5 000 puff sor\u00e1n, bemutatva a 0,8 ohmos tekercs pontoss\u00e1g\u00e1t.<\/li>\n<li style=\"background: #ffffff; margin-bottom: 10px; padding: 15px; border-left: 5px solid #2ecc71; border-radius: 4px; box-shadow: 0 1px 3px rgba(0,0,0,0.1);\">H\u0151kezel\u00e9s: A folyamatos 3 m\u00e1sodperces h\u00faz\u00e1sok sor\u00e1n a k\u00fcls\u0151 h\u00e1z h\u0151m\u00e9rs\u00e9klete 38\u00b0C (100,4\u00b0F) alatt maradt, ami hat\u00e9kony h\u0151lead\u00e1st jelez, amely megakad\u00e1lyozza a bels\u0151 alkatr\u00e9szek k\u00e1rosod\u00e1s\u00e1t.<\/li>\n<li style=\"background: #ffffff; margin-bottom: 10px; padding: 15px; border-left: 5px solid #2ecc71; border-radius: 4px; box-shadow: 0 1px 3px rgba(0,0,0,0.1);\">Sziv\u00e1rg\u00e1s enyh\u00edt\u00e9se: A k\u00e9sz\u00fcl\u00e9k szimul\u00e1lt nagy magass\u00e1g\u00fa (alacsony nyom\u00e1s\u00fa) k\u00f6rnyezetnek val\u00f3 kitetts\u00e9ge nulla tart\u00e1lysziv\u00e1rg\u00e1st eredm\u00e9nyezett, megb\u00edzhat\u00f3 v\u00e1laszt\u00e1ss\u00e1 t\u00e9ve a nemzetk\u00f6zi utaz\u00e1sokhoz \u00e9s sz\u00e1ll\u00edtm\u00e1nyoz\u00e1shoz.<\/li>\n<\/ul>\n<h3 style=\"color: #2c3e50;\">Strategiai el\u0151ny\u00f6k a nagy mennyis\u00e9g\u0171 beszerz\u00e9shez \u00e9s a nagykereskedelemhez<\/h3>\n<p>Eur\u00f3pa vezet\u0151 disztrib\u00fatorak\u00e9nt a VapeXYZ meg\u00e9rti, hogy a nagykereskedelmi partnereknek t\u00f6bbre van sz\u00fcks\u00e9g\u00fck, mint egy term\u00e9kre; ell\u00e1t\u00e1si l\u00e1nc megb\u00edzhat\u00f3s\u00e1gra van sz\u00fcks\u00e9g\u00fck. Az Uwin Crystal strat\u00e9giailag van csomagolva a B2B szektor sz\u00e1m\u00e1ra. Minden mester karton 200 egys\u00e9get tartalmaz, 10 display dobozba szervezve (20 egys\u00e9g dobozonk\u00e9nt). Ez a konfigur\u00e1ci\u00f3 optimaliz\u00e1lja a polc teret a n\u00e9met, holland, spanyol \u00e9s belga kiskereskedelmi k\u00f6rnyezetekben.<\/p>\n<p>Az eredeti berendez\u00e9sgy\u00e1rt\u00f3kkal (OEM-ek) val\u00f3 m\u00e9lyen gy\u00f6kerez\u0151 kapcsolatainkat kihaszn\u00e1lva k\u00f6zvetlen kapcsolatot biztos\u00edtunk a gy\u00e1rakkal. Ez kik\u00fcsz\u00f6b\u00f6li a \u201ck\u00f6ztes keresked\u0151 t\u00f6bbletk\u00f6lts\u00e9g\u00e9t\u201d \u00e9s biztos\u00edtja, hogy az eldobhat\u00f3 vape term\u00e9kek minden t\u00e9tel\u00e9nek min\u0151s\u00e9ge megfeleljen az ISO 9001 szabv\u00e1nynak \u00e9s a CE\/RoHS k\u00f6rnyezeti tan\u00fas\u00edtv\u00e1nyoknak. Az \u00fczlettulajdonos sz\u00e1m\u00e1ra ez alacsonyabb visszak\u00fcld\u00e9si ar\u00e1nyt \u00e9s magasabb \u00fcgyf\u00e9lmegtart\u00e1st eredm\u00e9nyez.<\/p>\n<h3 style=\"color: #2c3e50;\">\u00c9rz\u00e9kszervi Profilok: A 15 Al\u00e1\u00edrt Kever\u00e9k<\/h3>\n<p>Az Uwin Crystal 10000 Puffs 15 k\u00fcl\u00f6nb\u00f6z\u0151 arom\u00e1s profilb\u00f3l \u00e1ll\u00f3 gondosan v\u00e1logatott k\u00edn\u00e1latban \u00e9rhet\u0151 el. Minden egyes term\u00e9k magas tisztas\u00e1g\u00fa \u00f6sszetev\u0151k felhaszn\u00e1l\u00e1s\u00e1val k\u00e9sz\u00fclt, hogy tiszta befejez\u00e9st biztos\u00edtson a gyakran \u00e1ltal\u00e1nos hardverekben megtal\u00e1lhat\u00f3 vegyszeres ut\u00f3\u00edz n\u00e9lk\u00fcl.<\/p>\n<div style=\"display: grid; grid-template-columns: repeat(auto-fit, minmax(250px, 1fr)); gap: 15px; margin: 20px 0;\">\n<div style=\"background: #fff; border: 1px solid #ddd; padding: 15px; border-radius: 8px;\">Berry &amp; Frost sorozat:<\/p>\n<ul style=\"padding-left: 20px;\">\n<li>\u00c1fonya M\u00e1lna<\/li>\n<li>\u00c1fonya j\u00e9g<\/li>\n<li>Cherry Ice<\/li>\n<li>Vegyes bogy\u00f3k<\/li>\n<li>Mr. Blue (Signature Mix)<\/li>\n<\/ul>\n<\/div>\n<div style=\"background: #fff; border: 1px solid #ddd; padding: 15px; border-radius: 8px;\">Exotikus \u00e9s Tr\u00f3pusi Sorozat:<\/p>\n<ul style=\"padding-left: 20px;\">\n<li>Kivi Passi\u00f3gy\u00fcm\u00f6lcs Guava<\/li>\n<li>Epres Kiwi<\/li>\n<li>Barack j\u00e9g<\/li>\n<li>Sz\u0151l\u0151 j\u00e9g<\/li>\n<li>\u0150szibarack bogy\u00f3<\/li>\n<\/ul>\n<\/div>\n<div style=\"background: #fff; border: 1px solid #ddd; padding: 15px; border-radius: 8px;\">Ny\u00e1ri Klasszikusok:<\/p>\n<ul style=\"padding-left: 20px;\">\n<li>Epres g\u00f6r\u00f6gdinnye<\/li>\n<li>G\u00f6r\u00f6gdinnye j\u00e9g<\/li>\n<li>Eper j\u00e9g<\/li>\n<li>Eper M\u00e1lna Cseresznye<\/li>\n<li>Cseresznye Kola<\/li>\n<\/ul>\n<\/div>\n<\/div>\n<h3 style=\"color: #2c3e50;\">Mi\u00e9rt a VapeXYZ a megb\u00edzhat\u00f3 hat\u00f3s\u00e1g az eldobhat\u00f3 vapokban<\/h3>\n<p>Majdnem egy \u00e9vtizedes specializ\u00e1ci\u00f3j\u00e1val a VapeXYZ a eur\u00f3pai disztrib\u00faci\u00f3s t\u00e1j k\u00e9pzeletbeli sarokk\u00f6v\u00e9v\u00e9 v\u00e1lt. Nemcsak term\u00e9keket \u00e9rt\u00e9kes\u00edt\u00fcnk; hanem olyan hardverportf\u00f3li\u00f3t \u00e1ll\u00edtunk \u00f6ssze, amely megfelel a TPD (doh\u00e1nyterm\u00e9kek ir\u00e1nyelve) szigor\u00fa szab\u00e1lyoz\u00e1si k\u00f6vetelm\u00e9nyeinek \u00e9s a helyi biztons\u00e1gi szabv\u00e1nyoknak. Hat\u00f3s\u00e1gunkat az al\u00e1bbiakra \u00e9p\u00edtett\u00fck:<\/p>\n<ul style=\"list-style-type: square; margin-left: 20px;\">\n<li>Hiteles\u00edtett ell\u00e1t\u00e1si l\u00e1nc: K\u00f6zvetlen partners\u00e9gek olyan m\u00e1rk\u00e1kkal, mint a BANG BOX \u00e9s a RandM, biztos\u00edtj\u00e1k a 100% -os hiteless\u00e9get.<\/li>\n<li>Logisztikai Kiv\u00e1l\u00f3s\u00e1g: Az EU-ra specializ\u00e1l\u00f3dott sz\u00e1ll\u00edt\u00e1si \u00fatvonalak, amelyek biztos\u00edtj\u00e1k a v\u00e1m- \u00e9s ad\u00f3mentes sz\u00e1ll\u00edt\u00e1st a nagyobb csom\u00f3pontokba.<\/li>\n<li>Piaci szak\u00e9rtelm\u00fcnk: Val\u00f3s idej\u0171 adatok a n\u00e9met \u00e9s holland fogyaszt\u00f3i trendekr\u0151l, amelyek seg\u00edtenek a nagykeresked\u0151knek felt\u00f6lteni az eladhat\u00f3 term\u00e9keket.<\/li>\n<\/ul>\n<div style=\"background-color: #e8f4fd; padding: 20px; border-radius: 10px; border: 1px solid #3498db; margin: 30px 0;\">\n<h3 style=\"margin-top: 0; color: #2c3e50;\">Gyakran Ism\u00e9telt K\u00e9rd\u00e9sek (F\u0151bb Pontok)<\/h3>\n<p>Hogyan befoly\u00e1solja a Type-C t\u00f6lt\u00e9s az eszk\u00f6z \u00e9lettartam\u00e1t?<\/p>\n<p>A Type-C port t\u00e1mogatja az 5V\/1A t\u00f6lt\u00e9st, ami szab\u00e1lyozza a h\u0151t. A r\u00e9gebbi micro-USB portokkal ellent\u00e9tben ez v\u00e9di a bels\u0151 akkumul\u00e1tor k\u00e9mi\u00e1j\u00e1t, biztos\u00edtva, hogy a teljes 18 ml-es k\u00f6zeg felhaszn\u00e1l\u00e1sra ker\u00fclj\u00f6n an\u00e9lk\u00fcl, hogy az akkumul\u00e1tor id\u0151 el\u0151tt meghib\u00e1sodna.<\/p>\n<p>K: Alkalmas-e a 0,8 ohmos tekercs nagyfrekvenci\u00e1s haszn\u00e1latra?<br \/>\nA: Igen. A szub-ohmos h\u00e1l\u00f3 kialak\u00edt\u00e1s\u00e1t kifejezetten a Crystal 10000-hez v\u00e1lasztott\u00e1k, hogy megakad\u00e1lyozz\u00e1k a tekercs \u201ckoszol\u00f3d\u00e1s\u00e1t\u201d. Lehet\u0151v\u00e9 teszi a gyorsabb h\u0171t\u00e9st a sz\u00edv\u00e1sok k\u00f6z\u00f6tt, ami meg\u0151rzi az aromaprofil tisztas\u00e1g\u00e1t a vape teljes \u00e9lettartama alatt.<\/p>\n<p>M: Mi az el\u0151nye a 10 darabos MOQ (Minim\u00e1lis Megrendel\u00e9si Mennyis\u00e9g) nak?<br \/>\nA: Alacsony minim\u00e1lis rendel\u00e9si mennyis\u00e9g\u00fcnk lehet\u0151v\u00e9 teszi a kisebb keresked\u0151k \u00e9s az egy\u00e9ni lelkesek sz\u00e1m\u00e1ra, hogy hozz\u00e1f\u00e9rjenek az eredeti nagykereskedelmi \u00e1rakhoz an\u00e9lk\u00fcl, hogy v\u00e1llalniuk kellene a hatalmas k\u00e9szlet\u00e1llom\u00e1ny p\u00e9nz\u00fcgyi kock\u00e1zat\u00e1t. Ez alacsony akad\u00e1lyt jelent a bel\u00e9p\u00e9shez, hogy tesztelj\u00e9k a Uwin m\u00e1rka teljes\u00edtm\u00e9ny\u00e9t a helyi piacon.<\/p>\n<\/div>\n<p>\u00c9lje \u00e1t a nagy kapacit\u00e1s\u00fa g\u0151z\u00f6l\u00e9s cs\u00facs\u00e1t. Ak\u00e1r azt szeretn\u00e9, hogy \u00fcgyfeleinek a piacon a legmegb\u00edzhat\u00f3bb hardvert biztos\u00edtsa, ak\u00e1r egy tart\u00f3s k\u00e9sz\u00fcl\u00e9ket keres szem\u00e9lyes haszn\u00e1latra, a Uwin Crystal 10000 Puffs a legjobb v\u00e1laszt\u00e1s az eldobhat\u00f3 g\u0151z\u00f6l\u0151k kateg\u00f3ri\u00e1j\u00e1ban.<\/p>\n<h2 style=\"text-align: center;\"><img loading=\"lazy\" decoding=\"async\" class=\"alignnone wp-image-34586 size-full\" style=\"max-width: 100%; height: auto;\" src=\"https:\/\/vapexyz.com\/wp-content\/uploads\/2024\/10\/Uwin-Crystal-10000-Puffs-Original-Factory-ps-16-scaled.webp\" alt=\"Uwin Crystal 10000 Puffs M\u00e9rn\u00f6ks\u00e9g \u00e9s Nagykereskedelmi Forgalmaz\u00e1s\" width=\"2560\" height=\"1600\" title=\"\" srcset=\"https:\/\/vapexyz.com\/wp-content\/uploads\/2024\/10\/Uwin-Crystal-10000-Puffs-Original-Factory-ps-16-scaled.webp 2560w, https:\/\/vapexyz.com\/wp-content\/uploads\/2024\/10\/Uwin-Crystal-10000-Puffs-Original-Factory-ps-16-scaled-500x313.webp 500w, https:\/\/vapexyz.com\/wp-content\/uploads\/2024\/10\/Uwin-Crystal-10000-Puffs-Original-Factory-ps-16-scaled-1024x640.webp 1024w, https:\/\/vapexyz.com\/wp-content\/uploads\/2024\/10\/Uwin-Crystal-10000-Puffs-Original-Factory-ps-16-scaled-768x480.webp 768w, https:\/\/vapexyz.com\/wp-content\/uploads\/2024\/10\/Uwin-Crystal-10000-Puffs-Original-Factory-ps-16-scaled-1536x960.webp 1536w, https:\/\/vapexyz.com\/wp-content\/uploads\/2024\/10\/Uwin-Crystal-10000-Puffs-Original-Factory-ps-16-scaled-2048x1280.webp 2048w, https:\/\/vapexyz.com\/wp-content\/uploads\/2024\/10\/Uwin-Crystal-10000-Puffs-Original-Factory-ps-16-scaled-18x12.webp 18w, https:\/\/vapexyz.com\/wp-content\/uploads\/2024\/10\/Uwin-Crystal-10000-Puffs-Original-Factory-ps-16-scaled-510x319.webp 510w\" sizes=\"auto, (max-width: 2560px) 100vw, 2560px\" \/><\/h2>\n<p style=\"text-align: center; font-weight: bold; margin-top: 40px; font-size: 1.2em;\">Biztos\u00edtsa k\u00e9szlet\u00e9t m\u00e9g ma a VapeXYZ-n\u00e9l \u2013 Ahol a Min\u0151s\u00e9g Tal\u00e1lkozik a Nagykereskedelmi Hat\u00e9konys\u00e1ggal.<\/p>\n<\/article>","protected":false},"excerpt":{"rendered":"<p><strong>\ud83d\udc4b<\/strong>Uwin Crystal 10000 Puffs v\u00e1s\u00e1rl\u00e1sra el\u00e9rhet\u0151 mint egy<strong> <span style=\"color: #ed1c24;\">Mintabox (1 doboz 10 k\u00fcl\u00f6nb\u00f6z\u0151 \u00edz v\u00e9letlenszer\u0171en).<\/span><\/strong><\/p>\n<p>Az Uwin Crystal 10000 Puffs \u00fajrat\u00f6lthet\u0151 eldobhat\u00f3 vape hossz\u00fa \u00e9lettartamot, ak\u00e1r 10 000 sz\u00edv\u00e1st, alacsony er\u0151ss\u00e9g\u0171 lehet\u0151s\u00e9geket, \u00fajrat\u00f6lthet\u0151 650mAh akkumul\u00e1tort \u00e9s 15 k\u00fcl\u00f6nb\u00f6z\u0151 \u00edzt k\u00edn\u00e1l, nagykereskedelmi forgalomban kaphat\u00f3 a Vapexyz-n\u00e9l.<\/p>","protected":false},"featured_media":34584,"comment_status":"open","ping_status":"closed","template":"","meta":{"_lmt_disableupdate":"no","_lmt_disable":""},"product_brand":[],"product_cat":[967,994,947,1020,935,934,927,929,928,930,933,939,932,938,931,936,937,1017,1021,1022,948,1092,946,1023,1024,1025,1026,951,1031,1032,1033,1035,953,1037,987,1038],"product_tag":[],"class_list":{"0":"post-34503","1":"product","2":"type-product","3":"status-publish","4":"has-post-thumbnail","6":"product_cat-uwin-disposable-vapes","7":"product_cat-10000-puff-vapes","8":"product_cat-big-puffs-vapes","9":"product_cat-blueberry-flavor-disposable-vapes","10":"product_cat-bulk-buy-disposable-vapes-in-austria","11":"product_cat-bulk-buy-disposable-vapes-in-belgium","12":"product_cat-bulk-buy-disposable-vapes-in-europe","13":"product_cat-bulk-buy-disposable-vapes-in-france","14":"product_cat-bulk-buy-disposable-vapes-in-germany","15":"product_cat-bulk-buy-disposable-vapes-in-italy","16":"product_cat-bulk-buy-disposable-vapes-in-netherlands","17":"product_cat-bulk-buy-disposable-vapes-in-norway","18":"product_cat-bulk-buy-disposable-vapes-in-poland","19":"product_cat-bulk-buy-disposable-vapes-in-portugal","20":"product_cat-bulk-buy-disposable-vapes-in-spain","21":"product_cat-bulk-buy-disposable-vapes-in-sweden","22":"product_cat-bulk-buy-disposable-vapes-in-switzerland","23":"product_cat-buy-best-disposable-vape-flavors","24":"product_cat-cherry-flavor-disposable-vapes","25":"product_cat-cola-flavor-disposable-vapes","26":"product_cat-crystal-vapes","27":"product_cat-disposable-vape-variety-pack","28":"product_cat-disposable-vapes-series","29":"product_cat-grape-flavor-disposable-vapes","30":"product_cat-guava-flavor-disposable-vapes","31":"product_cat-ice-flavor-disposable-vapes","32":"product_cat-kiwi-flavor-disposable-vapes","33":"product_cat-lower-nicotine-vapes","34":"product_cat-mixed-berries-flavor-disposable-vapes","35":"product_cat-passion-fruit-flavor-disposable-vapes","36":"product_cat-peach-flavor-disposable-vapes","37":"product_cat-raspberry-flavor-disposable-vapes","38":"product_cat-rechargeable-vapes","39":"product_cat-strawberry-flavor-disposable-vapes","40":"product_cat-vape-shop-by-puffs","41":"product_cat-watermelon-flavor-disposable-vapes","43":"first","44":"instock","45":"shipping-taxable","46":"purchasable","47":"product-type-variable","48":"has-default-attributes"},"jetpack_sharing_enabled":true,"tiered_pricing_type":"fixed","tiered_pricing_fixed_rules":[],"tiered_pricing_product_settings":{"layout":"default","base_unit_name":{"singular":null,"plural":null},"default_variation":null},"tiered_pricing_minimum_quantity":null,"tiered_pricing_roles_data":[],"tiered_pricing_percentage_rules":[],"tiered_pricing_maximum_quantity":null,"tiered_pricing_quantity_step":null,"_links":{"self":[{"href":"https:\/\/vapexyz.com\/hu\/wp-json\/wp\/v2\/product\/34503","targetHints":{"allow":["GET"]}}],"collection":[{"href":"https:\/\/vapexyz.com\/hu\/wp-json\/wp\/v2\/product"}],"about":[{"href":"https:\/\/vapexyz.com\/hu\/wp-json\/wp\/v2\/types\/product"}],"replies":[{"embeddable":true,"href":"https:\/\/vapexyz.com\/hu\/wp-json\/wp\/v2\/comments?post=34503"}],"wp:featuredmedia":[{"embeddable":true,"href":"https:\/\/vapexyz.com\/hu\/wp-json\/wp\/v2\/media\/34584"}],"wp:attachment":[{"href":"https:\/\/vapexyz.com\/hu\/wp-json\/wp\/v2\/media?parent=34503"}],"wp:term":[{"taxonomy":"product_brand","embeddable":true,"href":"https:\/\/vapexyz.com\/hu\/wp-json\/wp\/v2\/product_brand?post=34503"},{"taxonomy":"product_cat","embeddable":true,"href":"https:\/\/vapexyz.com\/hu\/wp-json\/wp\/v2\/product_cat?post=34503"},{"taxonomy":"product_tag","embeddable":true,"href":"https:\/\/vapexyz.com\/hu\/wp-json\/wp\/v2\/product_tag?post=34503"}],"curies":[{"name":"wp","href":"https:\/\/api.w.org\/{rel}","templated":true}]}}