{"id":33253,"date":"2024-09-26T09:05:05","date_gmt":"2024-09-26T09:05:05","guid":{"rendered":"https:\/\/vapexyz.com\/?post_type=product&#038;p=33253"},"modified":"2026-03-03T00:30:06","modified_gmt":"2026-03-03T00:30:06","slug":"myde-pm5600-puffs-gyari-aron-nagykereskedelmi-eldobhato-vape-toll-5-nikotin-eredeti-gyors-szallitas","status":"publish","type":"product","link":"https:\/\/vapexyz.com\/hu\/product\/myde-pm5600-puffs-factory-price-wholesale-disposable-vape-pen-5-nicotine-original-fast-shipping\/","title":{"rendered":"MYDE PM5600 Puffs Gy\u00e1ri \u00c1r Nagykereskedelmi Eldobhat\u00f3 Vape"},"content":{"rendered":"<article style=\"font-family: Arial, sans-serif; line-height: 1.6; color: #333333; margin: 0 auto; padding: 20px;\">\n<h2><a style=\"color: #0056b3; text-decoration: none;\" href=\"https:\/\/vapexyz.com\/hu\/termekkategoria\/myde\/\">MYDE<\/a> PM5600 Puffs Gy\u00e1ri \u00c1r Nagykereskedelmi Eldobhat\u00f3 Vape | 5% Er\u0151ss\u00e9g\u0171 Gyors Sz\u00e1ll\u00edt\u00e1s<\/h2>\n<p>A MYDE PM5600 Puffs eldobhat\u00f3 vape a modern vape m\u00e9rn\u00f6ks\u00e9g cs\u00facspontj\u00e1t k\u00e9pviseli, kifejezetten a kifinomult nagykereskedelmi v\u00e1s\u00e1rl\u00f3k \u00e9s glob\u00e1lis forgalmaz\u00f3k sz\u00e1m\u00e1ra tervezve. Hosszantart\u00f3 el\u00e9gedetts\u00e9g biztos\u00edt\u00e1s\u00e1ra \u00e9p\u00fclt, ez a pr\u00e9mium eszk\u00f6z nagy kapacit\u00e1s\u00fa, 12,5 ml-es bels\u0151 tart\u00e1llyal rendelkezik, kombin\u00e1lva egy pontos 5% akt\u00edv koncentr\u00e1ci\u00f3s formul\u00e1val. T\u00f6bb mint nyolc \u00e9ve m\u0171k\u00f6dik a nagykereskedelmi szektorban, a VapeXYZ szigor\u00fa min\u0151s\u00e9gbiztos\u00edt\u00e1si protokollt \u00e1ll\u00edtott fel, biztos\u00edtva, hogy minden eldobhat\u00f3 vape, amelyet forgalmazunk, megfeleljen a szigor\u00fa empirikus teljes\u00edtm\u00e9nyi benchmarkoknak.<\/p>\n<p>Ak\u00e1r egy kiskeresked\u0151, aki megb\u00edzhat\u00f3 term\u00e9keket szeretne \u00e1rulni, ak\u00e1r egy forgalmaz\u00f3, aki b\u0151v\u00edti k\u00e9szlet\u00e9t, az MYDE PM5600 ide\u00e1lis v\u00e1laszt\u00e1s. Platformunkon ezek az eszk\u00f6z\u00f6k nagyon versenyk\u00e9pes gy\u00e1ri \u00e1ron \u00e9rhet\u0151k el, egyedileg hozz\u00e1f\u00e9rhet\u0151 minim\u00e1lis rendel\u00e9si mennyis\u00e9ggel (MOQ) mind\u00f6ssze 10 darabt\u00f3l. A fejlett termodinamikai f\u0171t\u0151elemek integr\u00e1l\u00e1s\u00e1t\u00f3l a gyors Type-C t\u00f6lt\u00e9si rendszerekig ez az eldobhat\u00f3 vape k\u00e9sz\u00fcl\u00e9k a m\u0171k\u00f6d\u00e9si le\u00e1ll\u00e1sok minimaliz\u00e1l\u00e1s\u00e1ra \u00e9s a folyamatos teljes\u00edtm\u00e9ny maximaliz\u00e1l\u00e1s\u00e1ra lett tervezve.<\/p>\n<h2 style=\"font-size: 23.04px; text-align: center; margin: 30px 0;\"><img loading=\"lazy\" decoding=\"async\" class=\"alignnone wp-image-33287 size-full\" style=\"max-width: 100%; height: auto; border-radius: 8px; box-shadow: 0 4px 8px rgba(0,0,0,0.1);\" src=\"https:\/\/vapexyz.com\/wp-content\/uploads\/2024\/09\/MYDE-PM5600-Puffs-Factory-Price-Wholesale-Disposable-Vape-Pen-5-Nicotine-Original-Fast-Shipping-3-1.webp\" alt=\"MYDE PM5600 Puffs Gy\u00e1ri \u00c1r Nagykereskedelmi Elad\u00f3 Eredeti Gyors Sz\u00e1ll\u00edt\u00e1ssal\" width=\"800\" height=\"800\" title=\"\" srcset=\"https:\/\/vapexyz.com\/wp-content\/uploads\/2024\/09\/MYDE-PM5600-Puffs-Factory-Price-Wholesale-Disposable-Vape-Pen-5-Nicotine-Original-Fast-Shipping-3-1.webp 800w, https:\/\/vapexyz.com\/wp-content\/uploads\/2024\/09\/MYDE-PM5600-Puffs-Factory-Price-Wholesale-Disposable-Vape-Pen-5-Nicotine-Original-Fast-Shipping-3-1-500x500.webp 500w, https:\/\/vapexyz.com\/wp-content\/uploads\/2024\/09\/MYDE-PM5600-Puffs-Factory-Price-Wholesale-Disposable-Vape-Pen-5-Nicotine-Original-Fast-Shipping-3-1-300x300.webp 300w, https:\/\/vapexyz.com\/wp-content\/uploads\/2024\/09\/MYDE-PM5600-Puffs-Factory-Price-Wholesale-Disposable-Vape-Pen-5-Nicotine-Original-Fast-Shipping-3-1-768x768.webp 768w, https:\/\/vapexyz.com\/wp-content\/uploads\/2024\/09\/MYDE-PM5600-Puffs-Factory-Price-Wholesale-Disposable-Vape-Pen-5-Nicotine-Original-Fast-Shipping-3-1-12x12.webp 12w, https:\/\/vapexyz.com\/wp-content\/uploads\/2024\/09\/MYDE-PM5600-Puffs-Factory-Price-Wholesale-Disposable-Vape-Pen-5-Nicotine-Original-Fast-Shipping-3-1-400x400.webp 400w, https:\/\/vapexyz.com\/wp-content\/uploads\/2024\/09\/MYDE-PM5600-Puffs-Factory-Price-Wholesale-Disposable-Vape-Pen-5-Nicotine-Original-Fast-Shipping-3-1-600x600.webp 600w, https:\/\/vapexyz.com\/wp-content\/uploads\/2024\/09\/MYDE-PM5600-Puffs-Factory-Price-Wholesale-Disposable-Vape-Pen-5-Nicotine-Original-Fast-Shipping-3-1-148x148.webp 148w\" sizes=\"auto, (max-width: 800px) 100vw, 800px\" \/><\/h2>\n<h3 style=\"color: #2c3e50; border-bottom: 2px solid #e0e0e0; padding-bottom: 5px;\">M\u0171szaki Specifik\u00e1ci\u00f3k \u00e9s M\u00e9rn\u00f6ki Szak\u00e9rtelmek<\/h3>\n<p>A MYDE PM5600 megb\u00edzhat\u00f3s\u00e1g\u00e1nak meg\u00e9rt\u00e9se \u00e9rdek\u00e9ben elengedhetetlen a mag architekt\u00far\u00e1j\u00e1nak vizsg\u00e1lata. A szok\u00e1sos bel\u00e9p\u0151 szint\u0171 lehet\u0151s\u00e9gekkel ellent\u00e9tben ezt az eldobhat\u00f3 vape-ot teljes\u00edtm\u00e9ny-\u00e1lland\u00f3s\u00e1gra tervezt\u00e9k:<\/p>\n<ul>\n<li style=\"margin-bottom: 10px;\">5600 sz\u00edv\u00e1si kapacit\u00e1s: Automatikusan vez\u00e9relt pneumatikus laborat\u00f3riumi vizsg\u00e1latokkal empirikusan igazolt\u00e1k, hogy a k\u00e9sz\u00fcl\u00e9k ak\u00e1r 5600 sz\u00edv\u00e1sig is kitart standard 1,5 m\u00e1sodperces inhal\u00e1ci\u00f3s param\u00e9terek mellett.<\/li>\n<li style=\"margin-bottom: 10px;\">12,5 ml-es bels\u0151 tart\u00e1ly: Egy gondosan kalibr\u00e1lt 12,5 ml-es t\u00e1rol\u00f3kamra biztos\u00edtja, hogy a bels\u0151 kever\u00e9k stabil \u00e9s egyenletesen tel\u00edtett maradjon az eszk\u00f6z teljes \u00e9lettartama alatt, megsz\u00fcntetve a sz\u00e1raz sz\u00edv\u00e1sokat.<\/li>\n<li style=\"margin-bottom: 10px;\">5% akt\u00edv er\u0151: Finom\u00edtott 5% koncentr\u00e1ci\u00f3j\u00fa s\u00f3alap\u00fa kever\u00e9kkel formul\u00e1zva, amelyet arra terveztek, hogy minden aktiv\u00e1l\u00e1sn\u00e1l robusztus, sima \u00e9s er\u0151sen konzisztens \u00e9rz\u00e9kszervi hat\u00e1st biztos\u00edtson.<\/li>\n<li style=\"margin-bottom: 10px;\">Halad\u00f3 MESH COIL technol\u00f3gia: A megn\u00f6velt fel\u00fcletet kihaszn\u00e1lva a bels\u0151 h\u00e1l\u00f3 f\u0171t\u0151elem gyors \u00e9s egyenletes h\u0151eloszl\u00e1st biztos\u00edt. Ez megakad\u00e1lyozza a kever\u00e9k lok\u00e1lis \u00e9g\u00e9s\u00e9t, \u00e9s jelent\u0151sen sim\u00e1bb, s\u0171r\u0171bb kimenetet eredm\u00e9nyez.<\/li>\n<li style=\"margin-bottom: 10px;\">\u00dajrat\u00f6lthet\u0151 energiacella: Pr\u00e9mium A-min\u0151s\u00e9g\u0171 l\u00edtium-ion akkumul\u00e1torral felszerelve. Ez az energiaell\u00e1t\u00f3 rendszer biztos\u00edtja, hogy az eszk\u00f6z a 12,5 ml-es tart\u00e1ly utols\u00f3 cseppj\u00e9ig cs\u00facsteljes\u00edtm\u00e9nyen m\u0171k\u00f6dj\u00f6n.<\/li>\n<li style=\"margin-bottom: 10px;\">Type-C gyors t\u00f6lt\u00e9s:  Egy modern Type-C port integr\u00e1l\u00e1sa lehet\u0151v\u00e9 teszi a gyors \u00fajrat\u00f6lt\u00e9st.  A bels\u0151 biztons\u00e1gi mikrochipek megakad\u00e1lyozz\u00e1k a t\u00falt\u00f6lt\u00e9st \u00e9s a termikus elfut\u00e1st a t\u00f6lt\u00e9si ciklus alatt.<\/li>\n<li style=\"margin-bottom: 10px;\">Optimaliz\u00e1lt \u00f6mlesztett csomagol\u00e1s: Szerkezetileg tervezve a kiskereskedelmi hat\u00e9konys\u00e1g \u00e9rdek\u00e9ben, 10 egys\u00e9gb\u0151l \u00e1ll\u00f3 kihelyez\u00e9sre k\u00e9sz dobozokban \u00e9s 200 egys\u00e9gb\u0151l \u00e1ll\u00f3 robusztus sz\u00e1ll\u00edt\u00e1si l\u00e1d\u00e1kban \u00e9rkezik.<\/li>\n<li style=\"margin-bottom: 10px;\">OEM\/ODM rugalmass\u00e1g: Nagyon alkalmazkod\u00f3 gy\u00e1rt\u00e1si folyamat t\u00e1mogatja, lehet\u0151v\u00e9 t\u00e9ve a v\u00e1llalati \u00fcgyfelek sz\u00e1m\u00e1ra, hogy nagy mennyis\u00e9g\u0171 rendel\u00e9shez egyedi m\u00e1rka-konfigur\u00e1ci\u00f3kat k\u00e9rjenek.<\/li>\n<\/ul>\n<h3 style=\"color: #2c3e50; border-bottom: 2px solid #e0e0e0; padding-bottom: 5px;\">Empirikus teljes\u00edtm\u00e9ny \u00e9s laborat\u00f3riumi vizsg\u00e1lat<\/h3>\n<p>A VapeXYZ-n\u00e9l term\u00e9kle\u00edr\u00e1sainkat empirikus adatokra alapozzuk, nem pedig puszta prom\u00f3ci\u00f3s \u00e1ll\u00edt\u00e1sokra. Az MYDE PM5600 szigor\u00fa t\u00e9teles tesztel\u00e9sen megy kereszt\u00fcl, miel\u0151tt elhagyja a gy\u00e1rt\u00f3sort. A min\u0151s\u00e9gbiztos\u00edt\u00e1si csapatok szimul\u00e1lt inhal\u00e1ci\u00f3s g\u00e9peket haszn\u00e1lnak a k\u00e9sz\u00fcl\u00e9k kimeneti g\u00f6rb\u00e9j\u00e9nek felt\u00e9rk\u00e9pez\u00e9s\u00e9re. A 100. sz\u00edv\u00e1sn\u00e1l \u00e9s az 5000. sz\u00edv\u00e1sn\u00e1l keletkez\u0151 g\u0151z s\u0171r\u0171s\u00e9g\u00e9nek m\u00e9r\u00e9s\u00e9vel a m\u00e9rn\u00f6k\u00f6k meger\u0151s\u00edtett\u00e9k, hogy a Mesh Coil 94,1%-os kimeneti konzisztencia r\u00e1t\u00e1val rendelkezik.<\/p>\n<p>Ezenk\u00edv\u00fcl a k\u00e9sz\u00fcl\u00e9k k\u00f6rnyezeti t\u0171r\u00e9s\u00e9t v\u00e1ltoz\u00f3 p\u00e1ratartalom \u00e9s h\u0151m\u00e9rs\u00e9klet mellett tesztelik. Ez biztos\u00edtja, hogy a 12,5 ml-es bels\u0151 oldat ne sziv\u00e1rogjon a nagy magass\u00e1g\u00fa l\u00e9gi sz\u00e1ll\u00edt\u00e1s sor\u00e1n, \u00e9s az akkumul\u00e1tor fenntartsa t\u00f6lt\u00e9s\u00e9t a hosszabb rakt\u00e1roz\u00e1si id\u0151szakokban. Ezek az igazolhat\u00f3 mutat\u00f3k biztons\u00e1gos befektet\u00e9st jelentenek ebb\u0151l az eldobhat\u00f3 vape-b\u00f3l az eur\u00f3pai \u00e9s glob\u00e1lis nagykeresked\u0151k sz\u00e1m\u00e1ra.<\/p>\n<div style=\"background-color: #f0f8ff; border-left: 6px solid #0056b3; padding: 20px; margin: 30px 0; border-radius: 0 8px 8px 0; box-shadow: 0 2px 5px rgba(0,0,0,0.05);\">\n<h4 style=\"margin-top: 0; color: #0056b3; font-size: 1.1em;\">L\u00e9nyeges Ismeretpont: A H\u00e1l\u00f3tekercsek Fizik\u00e1ja<\/h4>\n<p style=\"margin-bottom: 0;\">A hagyom\u00e1nyos huzaltekercsek gyakran szenvednek a k\u00f6zponti h\u0151koncentr\u00e1ci\u00f3t\u00f3l, ami ronthatja a bels\u0151 formul\u00e1t \u00e9s id\u0151vel durva \u00edzt okozhat. Az MYDE PM5600 egy m\u00e9rn\u00f6ki sz\u00f6v\u00f6tt h\u00e1l\u00f3r\u00e1csot haszn\u00e1l. Ez a szerkezet dr\u00e1mai m\u00f3don megn\u00f6veli a kapill\u00e1ris anyaggal val\u00f3 \u00e9rintkez\u00e9si fel\u00fcletet. Termodinamikai szempontb\u00f3l ez lehet\u0151v\u00e9 teszi, hogy a k\u00e9sz\u00fcl\u00e9k alacsonyabb, egyenletesebb h\u0151m\u00e9rs\u00e9kleten p\u00e1rologtassa a bels\u0151 kever\u00e9ket. Az empirikus eredm\u00e9ny egy t\u00f6k\u00e9letesen meg\u0151rz\u00f6tt aromaprofil \u00e9s a k\u00e9sz\u00fcl\u00e9k bels\u0151 alkatr\u00e9szeinek meghosszabb\u00edtott \u00e9lettartama, biztos\u00edtva, hogy minden sz\u00edv\u00e1s \u00e9rintetlen maradjon.<\/p>\n<\/div>\n<h3 style=\"color: #2c3e50; border-bottom: 2px solid #e0e0e0; padding-bottom: 5px;\">Arom\u00e1s Profilok \u00e9s \u00cdzvil\u00e1g V\u00e1laszt\u00e9kok<\/h3>\n<p>Az MYDE PM5600-as sorozat \u00e9lelmiszer-min\u0151s\u00e9g\u0171 \u00f6sszetev\u0151kb\u0151l k\u00e9sz\u00fcl, \u00e9s szigor\u00fa \u00e9rz\u00e9kszervi \u00e9rt\u00e9kel\u0151 paneleken megy kereszt\u00fcl az eredetis\u00e9g garant\u00e1l\u00e1sa \u00e9rdek\u00e9ben. Fedezze fel kifinomult, 10 k\u00fcl\u00f6nb\u00f6z\u0151 profilb\u00f3l \u00e1ll\u00f3 v\u00e1laszt\u00e9kunkat:<\/p>\n<ul style=\"list-style-type: square; padding-left: 20px;\">\n<li style=\"margin-bottom: 8px;\">Pamucok: Mesterien megalkotott, forgatott cukorprofil, amely a klasszikus v\u00e1s\u00e1ri \u00e9dess\u00e9gek \u00e9des, l\u00e9gies esszenci\u00e1j\u00e1t ut\u00e1nozza an\u00e9lk\u00fcl, hogy elnyomn\u00e1 az \u00edzlel\u0151bimb\u00f3kat.<\/li>\n<li style=\"margin-bottom: 8px;\">Gummy Medve: Egy \u00f6sszetett, t\u00f6bbr\u00e9teg\u0171 gy\u00fcm\u00f6lcs cukorka illat, amely tart\u00f3san \u00e9des \u00e9s nosztalgikus \u00e9rz\u00e9kszervi \u00e9lm\u00e9nyt ny\u00fajt.<\/li>\n<li style=\"margin-bottom: 8px;\">Eper J\u00e9gkr\u00e9m: Egy gazdag, desszert ihlette kever\u00e9k, amely az eper frissess\u00e9g\u00e9t \u00e9s savany\u00fas\u00e1g\u00e1t sima, kr\u00e9mes al\u00e1fest\u00e9ssel \u00f6tv\u00f6zi.<\/li>\n<li style=\"margin-bottom: 8px;\">Mango S\u00e1rk\u00e1nygy\u00fcm\u00f6lcs: Egy egzotikus, tr\u00f3pusi k\u00e9sz\u00edtm\u00e9ny, amely \u00f6tv\u00f6zi az \u00e9rett mang\u00f3 m\u00e9ly gazdags\u00e1g\u00e1t a s\u00e1rk\u00e1nygy\u00fcm\u00f6lcs finom, friss\u00edt\u0151 jegyeivel.<\/li>\n<li style=\"margin-bottom: 8px;\">Sz\u0151l\u0151 J\u00e9g: Egy ropog\u00f3s, mer\u00e9sz sz\u0151l\u0151v\u00e1laszt\u00e9k, amelyet egy pontosan kalibr\u00e1lt h\u0171t\u0151 mentol befejez\u00e9s eg\u00e9sz\u00edt ki a maxim\u00e1lis frissess\u00e9g \u00e9rdek\u00e9ben.<\/li>\n<li style=\"margin-bottom: 8px;\">P\u00e9lda: Egy tiszt\u00e1n botanikus, ultra-h\u0171t\u0151 illat, amely megtiszt\u00edtja az \u00edzlel\u0151bimb\u00f3kat \u00e9s \u00e9les, \u00e9l\u00e9nk\u00edt\u0151 hat\u00e1st ny\u00fajt.<\/li>\n<li style=\"margin-bottom: 8px;\">Eper-Ban\u00e1n: T\u00f6k\u00e9letesen kiegyens\u00falyozott f\u00fazi\u00f3, ahol az eper savass\u00e1g\u00e1t kiegyenl\u00edti az \u00e9rett ban\u00e1n neh\u00e9z, \u00e9des jegye.<\/li>\n<li style=\"margin-bottom: 8px;\">Dinny\u00e9s J\u00e9gkr\u00e9m: Nagyon friss\u00edt\u0151, h\u0171t\u00f6tt dinnye profil, amely egyedi kr\u00e9mes, desszertszer\u0171 kil\u00e9gz\u00e9ss\u00e9 alakul.<\/li>\n<li style=\"margin-bottom: 8px;\">K\u00e9k M\u00e1lna J\u00e9gkr\u00e9m: Egy savanyk\u00e1s, \u00e9les k\u00e9k m\u00e1lna alap, amelyet egy fagyott, kr\u00e9mes h\u0171v\u00f6ss\u00e9g enyh\u00edt, dinamikus kontrasztot teremtve.<\/li>\n<li style=\"margin-bottom: 8px;\">Vegyes Bogy\u00f3s: Egy robusztus, \u00e9des-savany\u00fa erdei bogy\u00f3s gy\u00fcm\u00f6lcs\u00f6kb\u0151l \u00e1ll\u00f3 v\u00e1logat\u00e1s, gondosan kiegyens\u00falyozva, hogy egyetlen hang se domin\u00e1lja a kever\u00e9ket.<\/li>\n<\/ul>\n<h3 style=\"color: #2c3e50; border-bottom: 2px solid #e0e0e0; padding-bottom: 5px;\">Hat\u00f3s\u00e1g \u00e9s Nagykereskedelmi Bizalom<\/h3>\n<p>Nagysz\u00e1m\u00fa eldobhat\u00f3 vape v\u00e1s\u00e1rl\u00e1sa ell\u00e1t\u00e1si l\u00e1nc partnerrel val\u00f3 egy\u00fcttm\u0171k\u00f6d\u00e9st ig\u00e9nyel, aki bizony\u00edtott ipar\u00e1gi autorit\u00e1ssal rendelkezik. A VapeXYZ szigor\u00faan a CE \u00e9s RoHS megfelel\u0151s\u00e9gi keretek k\u00f6z\u00f6tt m\u0171k\u00f6dik. Biztos\u00edtjuk, hogy az MYDE PM5600 k\u00e9sz\u00fcl\u00e9keket ISO-tan\u00fas\u00edtv\u00e1nnyal rendelkez\u0151 tiszta helyis\u00e9gben gy\u00e1rtj\u00e1k. A leveg\u0151ben sz\u00e1ll\u00f3 r\u00e9szecsk\u00e9k jelenl\u00e9t\u00e9nek enyh\u00edt\u00e9s\u00e9vel a 12,5 ml-es tart\u00e1lyok \u00f6sszeszerel\u00e9se sor\u00e1n gyakorlatilag kik\u00fcsz\u00f6b\u00f6lj\u00fck a szennyez\u0151d\u00e9s kock\u00e1zat\u00e1t, biztos\u00edtva a bels\u0151 formula integrit\u00e1s\u00e1t.<\/p>\n<p>Glob\u00e1lis logisztikai h\u00e1l\u00f3zatunk gyors, teljes nyomon k\u00f6vethet\u0151s\u00e9g\u0171 sz\u00e1ll\u00edt\u00e1st garant\u00e1l k\u00f6zvetlen\u00fcl a gy\u00e1rb\u00f3l. Minden \u00f6sszetett v\u00e1m\u00fcgyi dokument\u00e1ci\u00f3t kezel\u00fcnk, \u00edgy a hat\u00e1rokon \u00e1tny\u00fal\u00f3 nagykereskedelmi beszerz\u00e9s z\u00f6kken\u0151mentes. A m\u00e1sodlagos k\u00f6zvet\u00edt\u0151k kiz\u00e1r\u00e1s\u00e1val a gy\u00e1r k\u00f6zvetlen \u00e1rk\u00e9pz\u00e9s\u00e9t k\u00f6zvetlen\u00fcl az \u00d6n v\u00e1llalkoz\u00e1s\u00e1nak tov\u00e1bb\u00edtjuk, jelent\u0151sen jav\u00edtva a profitmarginokat, mik\u00f6zben garant\u00e1ljuk a term\u00e9kek hiteless\u00e9g\u00e9t.<\/p>\n<h3 style=\"color: #2c3e50; border-bottom: 2px solid #e0e0e0; padding-bottom: 5px;\">Versenypiaci elemz\u00e9s<\/h3>\n<p>Hogy seg\u00edtsek B2B partnereinknek a megalapozott v\u00e1s\u00e1rl\u00e1si d\u00f6nt\u00e9sek meghozatal\u00e1ban, empirikus \u00f6sszehasonl\u00edt\u00e1st k\u00e9sz\u00edtett\u00fcnk a MYDE PM5600 \u00e9s a jelenleg piacon l\u00e9v\u0151 standard alternat\u00edv\u00e1k k\u00f6z\u00f6tt.<\/p>\n<div style=\"overflow-x: auto; margin: 20px 0;\">\n<table style=\"width: 100%; border-collapse: collapse; text-align: left; font-family: 'Segoe UI', Tahoma, Geneva, Verdana, sans-serif; box-shadow: 0 2px 8px rgba(0,0,0,0.1);\">\n<thead>\n<tr>\n<th style=\"border: 1px solid #dee2e6; padding: 15px; background-color: #0056b3; color: white; font-weight: bold;\">M\u0171szaki jellemz\u0151<\/th>\n<th style=\"border: 1px solid #dee2e6; padding: 15px; background-color: #0056b3; color: white; font-weight: bold;\">MYDE PM5600<\/th>\n<th style=\"border: 1px solid #dee2e6; padding: 15px; background-color: #6c757d; color: white; font-weight: bold;\">Szabv\u00e1nyos Piaci Alternat\u00edv\u00e1k<\/th>\n<\/tr>\n<\/thead>\n<tbody>\n<tr style=\"background-color: #f8f9fa;\">\n<td style=\"border: 1px solid #dee2e6; padding: 12px; font-weight: bold;\">Igazolt sorsol\u00e1si sz\u00e1m<\/td>\n<td style=\"border: 1px solid #dee2e6; padding: 12px; color: #28a745; font-weight: bold;\">5600<\/td>\n<td style=\"border: 1px solid #dee2e6; padding: 12px;\">3000 \u2013 5000 (nagyon v\u00e1ltoz\u00f3)<\/td>\n<\/tr>\n<tr>\n<td style=\"border: 1px solid #dee2e6; padding: 12px; font-weight: bold;\">Akt\u00edv Koncentr\u00e1ci\u00f3<\/td>\n<td style=\"border: 1px solid #dee2e6; padding: 12px;\">5% \u00c1lland\u00f3 Er\u0151<\/td>\n<td style=\"border: 1px solid #dee2e6; padding: 12px;\">3% \u2013 5%<\/td>\n<\/tr>\n<tr style=\"background-color: #f8f9fa;\">\n<td style=\"border: 1px solid #dee2e6; padding: 12px; font-weight: bold;\">Bels\u0151 v\u00edzt\u00e1roz\u00f3<\/td>\n<td style=\"border: 1px solid #dee2e6; padding: 12px; color: #28a745; font-weight: bold;\">12,5 ml nagy kapacit\u00e1s\u00fa<\/td>\n<td style=\"border: 1px solid #dee2e6; padding: 12px;\">10ml \u2013 12ml<\/td>\n<\/tr>\n<tr>\n<td style=\"border: 1px solid #dee2e6; padding: 12px; font-weight: bold;\">F\u0171t\u00e9si Architekt\u00fara<\/td>\n<td style=\"border: 1px solid #dee2e6; padding: 12px;\">Halad\u00f3 sz\u00f6v\u00f6tt h\u00e1l\u00f3 tekercs<\/td>\n<td style=\"border: 1px solid #dee2e6; padding: 12px;\">Szabv\u00e1nyos huzaltekercs<\/td>\n<\/tr>\n<tr style=\"background-color: #f8f9fa;\">\n<td style=\"border: 1px solid #dee2e6; padding: 12px; font-weight: bold;\">Energiaell\u00e1t\u00e1s<\/td>\n<td style=\"border: 1px solid #dee2e6; padding: 12px;\">C-t\u00edpus\u00fa gyors \u00fajrat\u00f6lt\u00e9s<\/td>\n<td style=\"border: 1px solid #dee2e6; padding: 12px;\">Micro-USB vagy Nem \u00dajrat\u00f6lthet\u0151<\/td>\n<\/tr>\n<tr>\n<td style=\"border: 1px solid #dee2e6; padding: 12px; font-weight: bold;\">Minim\u00e1lis Rendel\u00e9si Mennyis\u00e9g (MOQ)<\/td>\n<td style=\"border: 1px solid #dee2e6; padding: 12px; color: #0056b3; font-weight: bold;\">10 Egys\u00e9g via VapeXYZ<\/td>\n<td style=\"border: 1px solid #dee2e6; padding: 12px;\">100+ egys\u00e9g<\/td>\n<\/tr>\n<\/tbody>\n<\/table>\n<\/div>\n<h3 style=\"color: #2c3e50; border-bottom: 2px solid #e0e0e0; padding-bottom: 5px; margin-top: 40px;\">Szak\u00e9rt\u0151i Gyakran Ism\u00e9telt K\u00e9rd\u00e9sek (GYIK)<\/h3>\n<div style=\"display: flex; flex-direction: column; gap: 15px; margin-top: 20px;\">\n<div style=\"border: 1px solid #e1e4e8; border-radius: 6px; padding: 15px; background-color: #ffffff; box-shadow: 0 1px 3px rgba(0,0,0,0.04);\">\n<h4 style=\"margin: 0 0 10px 0; color: #333; font-size: 1.1em;\">Hogyan \u00e9rv\u00e9nyes\u00edtik empirikusan az 5600-as von\u00f3k\u00e9pess\u00e9get?<\/h4>\n<p style=\"margin: 0; color: #555;\">Az 5600-as sz\u00e1mot gy\u00e1ri szint\u0171 pneumatikus vizsg\u00e1lattal \u00e1llap\u00edtj\u00e1k meg. Az automatiz\u00e1lt g\u00e9pek szimul\u00e1lj\u00e1k a folyamatos 1,5 m\u00e1sodperces bel\u00e9gz\u00e9si folyamatot, m\u00e9rve a 12,5 ml-es bels\u0151 oldat pontos ki\u00fcr\u00fcl\u00e9si ar\u00e1ny\u00e1t, am\u00edg a tart\u00e1ly teljesen ki nem \u00fcr\u00fcl.<\/p>\n<\/div>\n<div style=\"border: 1px solid #e1e4e8; border-radius: 6px; padding: 15px; background-color: #ffffff; box-shadow: 0 1px 3px rgba(0,0,0,0.04);\">\n<h4 style=\"margin: 0 0 10px 0; color: #333; font-size: 1.1em;\">2. Mi az MYDE PM5600 akt\u00edv ereje?<\/h4>\n<p style=\"margin: 0; color: #555;\">A k\u00e9sz\u00fcl\u00e9k egy er\u0151sen stabiliz\u00e1lt 5% akt\u00edv koncentr\u00e1ci\u00f3s formul\u00e1val rendelkezik. Ezt a specifikus er\u0151t s\u00f3alap\u00fa oldatba \u00e9p\u00edtett\u00e9k be, hogy biztos\u00edts\u00e1k a maxim\u00e1lis felsz\u00edv\u00f3d\u00e1si hat\u00e9konys\u00e1got \u00e9s a haszn\u00e1lat sor\u00e1n folyamatosan sima fizikai \u00e9rzetet.<\/p>\n<\/div>\n<div style=\"border: 1px solid #e1e4e8; border-radius: 6px; padding: 15px; background-color: #ffffff; box-shadow: 0 1px 3px rgba(0,0,0,0.04);\">\n<h4 style=\"margin: 0 0 10px 0; color: #333; font-size: 1.1em;\">3. Megfelelnek ezek az eszk\u00f6z\u00f6k a nemzetk\u00f6zi sz\u00e1ll\u00edt\u00e1si \u00e9s biztons\u00e1gi szabv\u00e1nyoknak?<\/h4>\n<p style=\"margin: 0; color: #555;\">Igen. A MYDE PM5600 \u00e1llami-of-the-art l\u00e9tes\u00edtm\u00e9nyekben k\u00e9sz\u00fcl, amelyek megfelelnek a CE \u00e9s RoHS szab\u00e1lyoz\u00e1si kereteknek. A bels\u0151 l\u00edtium-ion akkumul\u00e1torok szigor\u00fa UN38.3 sz\u00e1ll\u00edt\u00e1si biztons\u00e1gi tesztel\u00e9sen mennek kereszt\u00fcl, biztos\u00edtva, hogy t\u00f6k\u00e9letesen biztons\u00e1gosak a nagy mennyis\u00e9g\u0171 nemzetk\u00f6zi sz\u00e1ll\u00edtm\u00e1nyoz\u00e1s sor\u00e1n.<\/p>\n<\/div>\n<div style=\"border: 1px solid #e1e4e8; border-radius: 6px; padding: 15px; background-color: #ffffff; box-shadow: 0 1px 3px rgba(0,0,0,0.04);\">\n<h4 style=\"margin: 0 0 10px 0; color: #333; font-size: 1.1em;\">4. Mi\u00e9rt el\u0151ny\u00f6sebb a Type-C t\u00f6lt\u00e9s kifejezetten ehhez az egyszer haszn\u00e1latos e-cigarett\u00e1hoz?<\/h4>\n<p style=\"margin: 0; color: #555;\">A Type-C architekt\u00fara gyorsabb, stabilabb \u00e1ramell\u00e1t\u00e1st tesz lehet\u0151v\u00e9 a bels\u0151 akkumul\u00e1tor sz\u00e1m\u00e1ra. Be\u00e9p\u00edtett t\u00falfesz\u00fclts\u00e9g-v\u00e9delmi mechanizmusokat tartalmaz. Ez garant\u00e1lja, hogy az akkumul\u00e1tor biztons\u00e1gosan t\u00f6lt\u0151dj\u00f6n vissza optim\u00e1lis fesz\u00fclts\u00e9g\u00e9re an\u00e9lk\u00fcl, hogy k\u00e1ros\u00edtan\u00e1 a bels\u0151 f\u0171t\u0151elemeket vagy t\u00falmeleg\u00edten\u00e9 a k\u00f6rnyez\u0151 12,5 ml-es tart\u00e1lyt.<\/p>\n<\/div>\n<div style=\"border: 1px solid #e1e4e8; border-radius: 6px; padding: 15px; background-color: #ffffff; box-shadow: 0 1px 3px rgba(0,0,0,0.04);\">\n<h4 style=\"margin: 0 0 10px 0; color: #333; font-size: 1.1em;\">Hol tudom megb\u00edzhat\u00f3an beszerezni a MYDE PM5600-at az \u00fczletem sz\u00e1m\u00e1ra?<\/h4>\n<p style=\"margin: 0; color: #555;\">Eredeti nagykereskedelmi k\u00e9szletet szerezhet be k\u00f6zvetlen\u00fcl a VapeXYZ-t\u0151l.  T\u00f6bb mint nyolc \u00e9ves glob\u00e1lis ell\u00e1t\u00e1si l\u00e1nc tapasztalattal rendelkez\u0151, tekint\u00e9lyes, professzion\u00e1lis nagykereskedelmi forgalmaz\u00f3k\u00e9nt gy\u00e1ri \u00e1rakat \u00e9s rendk\u00edv\u00fcl alacsony, mind\u00f6ssze 10 darabos minim\u00e1lis rendel\u00e9si mennyis\u00e9get k\u00edn\u00e1lunk.<\/p>\n<\/div>\n<\/div>\n<\/article>","protected":false},"excerpt":{"rendered":"<p>V\u00e1s\u00e1rolja meg a MYDE PM5600 eldobhat\u00f3 vape-ot a VapeXYZ-n\u00e9l. Jellemz\u0151k: 5600 sz\u00edv\u00e1s, 12,5 ml-es tart\u00e1ly \u00e9s Mesh Coil technol\u00f3gia. Eredeti nagykereskedelmi \u00e1r, 10 darabos minim\u00e1lis rendel\u00e9si mennyis\u00e9g \u00e9s gyors sz\u00e1ll\u00edt\u00e1s a pr\u00e9mium eldobhat\u00f3 vape-okra.<\/p>","protected":false},"featured_media":33282,"comment_status":"open","ping_status":"closed","template":"","meta":{"_lmt_disableupdate":"no","_lmt_disable":""},"product_brand":[],"product_cat":[959,1019,1017,1023,1025,1029,1030,1031,1035,1037,987,1038],"product_tag":[],"class_list":{"0":"post-33253","1":"product","2":"type-product","3":"status-publish","4":"has-post-thumbnail","6":"product_cat-myde","7":"product_cat-blue-razz-flavor-disposable-vapes","8":"product_cat-buy-best-disposable-vape-flavors","9":"product_cat-grape-flavor-disposable-vapes","10":"product_cat-ice-flavor-disposable-vapes","11":"product_cat-mango-flavor-disposable-vapes","12":"product_cat-mint-flavor-disposable-vapes","13":"product_cat-mixed-berries-flavor-disposable-vapes","14":"product_cat-raspberry-flavor-disposable-vapes","15":"product_cat-strawberry-flavor-disposable-vapes","16":"product_cat-vape-shop-by-puffs","17":"product_cat-watermelon-flavor-disposable-vapes","19":"first","20":"outofstock","21":"shipping-taxable","22":"purchasable","23":"product-type-variable","24":"has-default-attributes"},"jetpack_sharing_enabled":true,"tiered_pricing_type":"fixed","tiered_pricing_fixed_rules":[],"tiered_pricing_product_settings":{"layout":"default","base_unit_name":{"singular":null,"plural":null},"default_variation":null},"tiered_pricing_minimum_quantity":null,"tiered_pricing_roles_data":[],"tiered_pricing_percentage_rules":[],"tiered_pricing_maximum_quantity":null,"tiered_pricing_quantity_step":null,"_links":{"self":[{"href":"https:\/\/vapexyz.com\/hu\/wp-json\/wp\/v2\/product\/33253","targetHints":{"allow":["GET"]}}],"collection":[{"href":"https:\/\/vapexyz.com\/hu\/wp-json\/wp\/v2\/product"}],"about":[{"href":"https:\/\/vapexyz.com\/hu\/wp-json\/wp\/v2\/types\/product"}],"replies":[{"embeddable":true,"href":"https:\/\/vapexyz.com\/hu\/wp-json\/wp\/v2\/comments?post=33253"}],"wp:featuredmedia":[{"embeddable":true,"href":"https:\/\/vapexyz.com\/hu\/wp-json\/wp\/v2\/media\/33282"}],"wp:attachment":[{"href":"https:\/\/vapexyz.com\/hu\/wp-json\/wp\/v2\/media?parent=33253"}],"wp:term":[{"taxonomy":"product_brand","embeddable":true,"href":"https:\/\/vapexyz.com\/hu\/wp-json\/wp\/v2\/product_brand?post=33253"},{"taxonomy":"product_cat","embeddable":true,"href":"https:\/\/vapexyz.com\/hu\/wp-json\/wp\/v2\/product_cat?post=33253"},{"taxonomy":"product_tag","embeddable":true,"href":"https:\/\/vapexyz.com\/hu\/wp-json\/wp\/v2\/product_tag?post=33253"}],"curies":[{"name":"wp","href":"https:\/\/api.w.org\/{rel}","templated":true}]}}