{"id":31416,"date":"2024-08-21T14:05:03","date_gmt":"2024-08-21T14:05:03","guid":{"rendered":"https:\/\/vapexyz.com\/?post_type=product&#038;p=31416"},"modified":"2026-03-03T03:45:20","modified_gmt":"2026-03-03T03:45:20","slug":"aivono-aim-puffstar-6500-puffs-0-2-5-tomeges-vasarlas-alacsony-nikotintartalmu-ujratoltheto-eldobhato-vapes-toll-nagykereskedes","status":"publish","type":"product","link":"https:\/\/vapexyz.com\/hu\/product\/aivono-aim-puffstar-6500-puffs-0-2-5-bulk-buy-low-nicotine-rechargeable-disposable-vapes-pen-wholesale\/","title":{"rendered":"AIVONO AIM PUFFSTAR 6500 Puff Rechargeable Eldobhat\u00f3 Vape Nagykereskedelem"},"content":{"rendered":"<article style=\"font-family: 'Segoe UI', Roboto, 'Helvetica Neue', Arial, sans-serif; line-height: 1.8; color: #2c3e50; max-width: 100%; margin: 0 auto; padding: 20px; background-color: #ffffff;\">\n<h2 style=\"color: #1a252f; font-size: 28px; border-bottom: 3px solid #3498db; padding-bottom: 10px; margin-top: 50px;\">M\u00e9rn\u00f6ki Kiv\u00e1l\u00f3s\u00e1g: AIVONO AIM PUFFSTAR 6500 Puff<\/h2>\n<p style=\"font-size: 16px; margin-bottom: 20px;\">Az elektronikus aeroszol eszk\u00f6z\u00f6k technol\u00f3giai sz\u00edntere gyorsan fejl\u0151d\u00f6tt, ig\u00e9nyes m\u00e9rn\u00f6ki munka \u00e9s \u00e1tl\u00e1that\u00f3 gy\u00e1rt\u00e1si szabv\u00e1nyok k\u00f6vetelik meg. Az AIVONO AIM PUFFSTAR 6500 Puffs k\u00e9pviseli a benchmarkot az eldobhat\u00f3 vape kateg\u00f3ri\u00e1ban, \u00f6tv\u00f6zve a fejlett elektrok\u00e9mi\u00e1t a prec\u00edzi\u00f3s termodinamik\u00e1val. A VapeXYZ-en kereszt\u00fcl \u00e9rhet\u0151 el, egy premier glob\u00e1lis forgalmaz\u00f3, t\u00f6bb mint nyolc \u00e9ves dokument\u00e1lt ell\u00e1t\u00e1si l\u00e1nc szak\u00e9rtelm\u00e9vel, ez az eszk\u00f6z \u00fagy van tervezve, hogy rendk\u00edv\u00fcl k\u00f6vetkezetes \u00e9s m\u00e9rhet\u0151 \u00e9lm\u00e9nyt ny\u00fajtson az els\u0151 sz\u00edv\u00e1st\u00f3l az utols\u00f3ig.<\/p>\n<p style=\"font-size: 16px; margin-bottom: 20px;\">Ellent\u00e9tben a bel\u00e9p\u0151 szint\u0171 fogyaszt\u00f3i modellekkel, az AIVONO AIM PUFFSTAR sorozat elhagyja a kezdetleges hardvert, \u00e9s ink\u00e1bb az orvosi min\u0151s\u00e9g\u0171 h\u00e1zanyagokat \u00e9s a szorosan kalibr\u00e1lt bels\u0151 alkatr\u00e9szeket v\u00e1lasztja. Azzal, hogy a tiszta anyagismeretre \u00e9s az objekt\u00edv teljes\u00edtm\u00e9nymutat\u00f3kra \u00f6sszpontos\u00edt, ez az eszk\u00f6z megoldja a standard eldobhat\u00f3 vaporiz\u00e1l\u00f3kn\u00e1l gyakran el\u0151fordul\u00f3 degrad\u00e1ci\u00f3s probl\u00e9m\u00e1kat. Ak\u00e1r egy nagy l\u00e9pt\u00e9k\u0171 kiskereskedelmi v\u00e1llalkoz\u00e1st m\u0171k\u00f6dtet, ak\u00e1r megb\u00edzhat\u00f3 k\u00e9szletet keres a region\u00e1lis forgalmaz\u00e1shoz, az AIVONO \u00f6kosziszt\u00e9ma technikai alapja biztos\u00edtja a robusztus teljes\u00edtm\u00e9nyt \u00e9s a szigor\u00fa megfelel\u00e9st a nemzetk\u00f6zi gy\u00e1rt\u00e1si kereteknek.<\/p>\n<h2 style=\"color: #1a252f; font-size: 28px; border-bottom: 3px solid #3498db; padding-bottom: 10px; margin-top: 50px;\">Termodinamika \u00e9s Akkumul\u00e1tor Tudom\u00e1ny<\/h2>\n<p style=\"font-size: 16px; margin-bottom: 20px;\">A k\u00e9sz\u00fcl\u00e9k \u00e1lland\u00f3 teljes\u00edtm\u00e9ny\u00e9nek k\u00f6z\u00e9ppontj\u00e1ban egy kifinomult \u00e1ramell\u00e1t\u00f3 rendszer \u00e1ll, p\u00e1ros\u00edtva optimaliz\u00e1lt f\u0171t\u00e9si geometri\u00e1val. Ezen bels\u0151 mechanizmusok fizikai tulajdons\u00e1gainak vizsg\u00e1lata felt\u00e1rja, mi\u00e9rt \u00e9ri el a k\u00e9sz\u00fcl\u00e9k megb\u00edzhat\u00f3an a megadott kimenetet.<\/p>\n<h3 style=\"color: #2980b9; font-size: 22px; margin-top: 30px;\">400mAh tiszta kobalt er\u0151forr\u00e1s cella (LiCoO2)<\/h3>\n<p style=\"font-size: 16px; margin-bottom: 20px;\">A szabv\u00e1nyos eldobhat\u00f3 vape k\u00e9sz\u00fcl\u00e9kek gyakran vegyes k\u00e9miai l\u00edtium-ion akkumul\u00e1torokat haszn\u00e1lnak, amelyek gyors fesz\u00fclts\u00e9gcs\u00f6kken\u00e9st\u0151l \u00e9s cs\u00f6kkent ciklus\u00e9lett\u0151l szenvedhetnek. Az AIVONO AIM PUFFSTAR tiszta kobalt akkumul\u00e1tort haszn\u00e1l (l\u00edtium-kobalt-oxid - LiCoO2). Elektrok\u00e9miai szempontb\u00f3l a tiszta kobalt cell\u00e1k jelent\u0151sen nagyobb fajlagos energi\u00e1val rendelkeznek (ak\u00e1r 200 Wh\/kg), lehet\u0151v\u00e9 t\u00e9ve a kompakt 400mAh cella sz\u00e1m\u00e1ra, hogy hosszabb ideig fenntartson egy stabil 3,7V n\u00e9vleges kimenetet. Ez megakad\u00e1lyozza a \u201cteljes\u00edtm\u00e9ny cs\u00f6kken\u00e9st\u201d, amelyet \u00e1ltal\u00e1ban az akkumul\u00e1tor lemer\u00fcl\u00e9sekor tapasztalnak. Ezenk\u00edv\u00fcl a Type-C t\u00f6lt\u0151port integr\u00e1l\u00e1sa biztos\u00edtja a hat\u00e9kony m\u00e9lyciklus\u00fa helyre\u00e1ll\u00edt\u00e1st, amelyet bels\u0151 t\u00falt\u00f6lt\u00e9s-v\u00e9delmi \u00e1ramk\u00f6r szab\u00e1lyoz, amely megfelel az IEC 62133 szabv\u00e1nynak a hordozhat\u00f3 m\u00e1sodlagos cell\u00e1kra vonatkoz\u00f3an.<\/p>\n<h3 style=\"color: #2980b9; font-size: 22px; margin-top: 30px;\">1,2\u03a9 h\u00e1l\u00f3zati f\u0171t\u0151elem<\/h3>\n<p style=\"font-size: 16px; margin-bottom: 20px;\">A p\u00e1rologtat\u00e1si folyamatot a tekercs h\u0151hat\u00e9konys\u00e1ga hat\u00e1rozza meg. A k\u00e9sz\u00fcl\u00e9k 1,2 ohmos h\u00e1l\u00f3s f\u0171t\u0151elemet tartalmaz, hagyom\u00e1nyos spir\u00e1lis huzal helyett. Ohm t\u00f6rv\u00e9ny\u00e9nek alkalmaz\u00e1s\u00e1val (\u00c1ram = Fesz\u00fclts\u00e9g \/ Ellen\u00e1ll\u00e1s), egy stabil 3,7 V-os \u00e1ramfelv\u00e9tel 1,2 \u03a9-os ellen\u00e1ll\u00e1son kereszt\u00fcl k\u00f6r\u00fclbel\u00fcl 11,4 Watt teljes\u00edtm\u00e9nyt eredm\u00e9nyez. A h\u00e1l\u00f3s architekt\u00fara exponenci\u00e1lisan n\u00f6veli a fel\u00fclet-t\u00f6meg ar\u00e1nyt. Ez a specifikus termodinamikai kialak\u00edt\u00e1s biztos\u00edtja, hogy a 13 mL-es formul\u00e1ci\u00f3 azonnal \u00e9s egyenletesen aeroszoliz\u00e1l\u00f3djon, megakad\u00e1lyozva a lokaliz\u00e1lt forr\u00f3 pontokat, amelyek h\u0151boml\u00e1st \u00e9s nem k\u00edv\u00e1nt \u00e9gett \u00edzeket okozhatnak.<\/p>\n<table style=\"width: 100%; border-collapse: collapse; margin: 40px 0; box-shadow: 0 4px 15px rgba(0,0,0,0.08); font-size: 16px; background-color: #fff; border-radius: 8px; overflow: hidden;\">\n<thead>\n<tr style=\"background-color: #2c3e50; color: #ffffff;\">\n<th style=\"padding: 18px; text-align: left; font-weight: 600; width: 40%;\">M\u0171szaki Specifik\u00e1ci\u00f3<\/th>\n<th style=\"padding: 18px; text-align: left; font-weight: 600;\">M\u0171szaki param\u00e9ter<\/th>\n<\/tr>\n<\/thead>\n<tbody>\n<tr style=\"border-bottom: 1px solid #ecf0f1; background-color: #f8f9fa;\">\n<td style=\"padding: 15px; font-weight: 500;\">Maxim\u00e1lis Kibocs\u00e1t\u00e1si Kapacit\u00e1s<\/td>\n<td style=\"padding: 15px;\">6 500 m\u00e9rt aktiv\u00e1l\u00e1s<\/td>\n<\/tr>\n<tr style=\"border-bottom: 1px solid #ecf0f1;\">\n<td style=\"padding: 15px; font-weight: 500;\">Magformul\u00e1ci\u00f3s T\u00e9rfogat<\/td>\n<td style=\"padding: 15px;\">13 ml bels\u0151 tart\u00e1ly<\/td>\n<\/tr>\n<tr style=\"border-bottom: 1px solid #ecf0f1; background-color: #f8f9fa;\">\n<td style=\"padding: 15px; font-weight: 500;\">Energiaforr\u00e1s k\u00e9mia<\/td>\n<td style=\"padding: 15px;\">400mAh tiszta kobalt (LiCoO2)<\/td>\n<\/tr>\n<tr style=\"border-bottom: 1px solid #ecf0f1;\">\n<td style=\"padding: 15px; font-weight: 500;\">T\u00f6lt\u0151 interf\u00e9sz<\/td>\n<td style=\"padding: 15px;\">C-t\u00edpus (Gyors t\u00f6lt\u00e9sre k\u00e9pes)<\/td>\n<\/tr>\n<tr style=\"border-bottom: 1px solid #ecf0f1; background-color: #f8f9fa;\">\n<td style=\"padding: 15px; font-weight: 500;\">H\u0151ellen\u00e1ll\u00e1s<\/td>\n<td style=\"padding: 15px;\">1,2\u03a9 h\u00e1l\u00f3zati architekt\u00fara<\/td>\n<\/tr>\n<tr style=\"border-bottom: 1px solid #ecf0f1;\">\n<td style=\"padding: 15px; font-weight: 500;\">Dimenzi\u00f3s L\u00e1bnyom<\/td>\n<td style=\"padding: 15px;\">50 mm x 80 mm (Ergonomikus profil)<\/td>\n<\/tr>\n<tr style=\"background-color: #f8f9fa;\">\n<td style=\"padding: 15px; font-weight: 500;\">Koncentr\u00e1ci\u00f3s er\u0151ss\u00e9gek<\/td>\n<td style=\"padding: 15px;\">El\u00e9rhet\u0151 0%, 2% \u00e9s 5% v\u00e1ltozatokban<\/td>\n<\/tr>\n<\/tbody>\n<\/table>\n<div style=\"background: linear-gradient(145deg, #f0f4f8 0%, #d9e2ec 100%); padding: 30px; border-left: 8px solid #2980b9; border-radius: 12px; margin: 40px 0; box-shadow: 0 5px 15px rgba(0,0,0,0.05);\">\n<h4 style=\"margin-top: 0; color: #102a43; font-size: 20px; display: flex; align-items: center;\"><span style=\"font-size: 24px; margin-right: 10px;\">\ud83d\udcca<\/span> Empirikus Valid\u00e1l\u00e1s \u00e9s M\u00f3dszertan<\/h4>\n<p style=\"margin-bottom: 0; color: #334e68; font-size: 15px; line-height: 1.7;\">A 6 500 sz\u00edv\u00e1sb\u00f3l \u00e1ll\u00f3 marketingkapacit\u00e1s nem \u00f6nk\u00e9nyes sz\u00e1m. Az automatiz\u00e1lt mechanikai sz\u00edv\u00e1svizsg\u00e1lati protokollokat (hasonl\u00f3an az ISO 20768:2018 param\u00e9tereihez a g\u0151ztermel\u0151 eszk\u00f6z\u00f6k eset\u00e9ben) alkalmaz\u00f3 laborat\u00f3riumi k\u00f6rnyezetekben a k\u00e9sz\u00fcl\u00e9k szigor\u00fa stressztesztnek van kit\u00e9ve. Egy mechanikus t\u00fcd\u0151 kalibr\u00e1l\u00e1s\u00e1val, amely \u00e1tlagosan 1,5-2,0 m\u00e1sodpercig h\u00faz standardiz\u00e1lt id\u0151k\u00f6z\u00f6nk\u00e9nt, a technikusok m\u00e9rik a 13 mL-es k\u00e9sz\u00edtm\u00e9ny pontos kimer\u00fcl\u00e9si ar\u00e1ny\u00e1t. A tiszta kobalt akkumul\u00e1tor folyamatos kimenet\u00e9vel egy\u00fctt - amely fenntartja struktur\u00e1lis kapacit\u00e1s\u00e1nak t\u00f6bb mint 85%-\u00e1t m\u00e9g sz\u00e1mos \u00fajrat\u00f6lt\u00e9si ciklus ut\u00e1n is - a fizikai hardver k\u00f6nnyed\u00e9n t\u00e1mogatja a k\u00e9sz\u00edtm\u00e9nytart\u00e1ly teljes fogyaszt\u00e1s\u00e1t a hardver korai meghib\u00e1sod\u00e1sa n\u00e9lk\u00fcl.<\/p>\n<\/div>\n<h2 style=\"color: #1a252f; font-size: 28px; border-bottom: 3px solid #3498db; padding-bottom: 10px; margin-top: 50px;\">Arom\u00e1s szint\u00e9zis \u00e9s \u00e9rz\u00e9kszervi profilok<\/h2>\n<p style=\"font-size: 16px; margin-bottom: 20px;\">A hardveres m\u00e9rn\u00f6ki munka mellett az AIVONO AIM PUFFSTAR-ot a prec\u00edz botanikai szint\u00e9zis hat\u00e1rozza meg. \u00c9lelmiszer-min\u0151s\u00e9g\u0171 kivonatokat \u00e9s er\u0151sen kalibr\u00e1lt arom\u00e1s vegy\u00fcleteket haszn\u00e1lva a bels\u0151 formul\u00e1ci\u00f3t \u00fagy alak\u00edtj\u00e1k ki, hogy k\u00f6vetkezetes \u00e9rz\u00e9kszervi \u00e9lm\u00e9nyeket ny\u00fajtson. Minden profilt gondosan kevernek \u00f6ssze, hogy megel\u0151zz\u00e9k az olfaktoros f\u00e1radts\u00e1got, mik\u00f6zben \u00e9les kimenetet tartanak fenn az eszk\u00f6z \u00e9lettartama alatt.<\/p>\n<ul style=\"list-style-type: none; padding: 0; margin: 0; display: grid; grid-template-columns: repeat(auto-fit, minmax(300px, 1fr)); gap: 20px;\">\n<li style=\"background-color: #f8f9fa; padding: 20px; border-radius: 8px; border: 1px solid #e1e8ed;\">Vegyes bogy\u00f3k<br \/>\nT\u00f6bbdimenzi\u00f3s botanikai profil, amelyben robusztus, \u00e9des \u00e9s fanyar bogy\u00f3s kivonatok vannak r\u00e9tegezve a komplexit\u00e1s \u00e9rdek\u00e9ben.<\/li>\n<li style=\"background-color: #f8f9fa; padding: 20px; border-radius: 8px; border: 1px solid #e1e8ed;\">Mentolos cukorka<br \/>\nEgy kifejezetten tervezett h\u0171t\u0151anyag kever\u00e9k, amely friss \u00e9rz\u00e9st ny\u00fajt, p\u00e1ros\u00edtva egy ropog\u00f3s, \u00e9des befejez\u00e9ssel.<\/li>\n<li style=\"background-color: #f8f9fa; padding: 20px; border-radius: 8px; border: 1px solid #e1e8ed;\">Epres Kiwi<br \/>\nTudom\u00e1nyosan kiegyens\u00falyozott ar\u00e1nyban botanikus eper arom\u00e1k \u00e9s savany\u00fa kivi esszencia.<\/li>\n<li style=\"background-color: #f8f9fa; padding: 20px; border-radius: 8px; border: 1px solid #e1e8ed;\">Vegyes Mang\u00f3<br \/>\nTr\u00f3pusi mang\u00f3 vegy\u00fcletek gazdag szint\u00e9zise, amelyet mer\u00e9sz \u00e9s \u00e9l\u00e9nk eredm\u00e9ny el\u00e9r\u00e9s\u00e9re fejlesztettek ki.<\/li>\n<li style=\"background-color: #f8f9fa; padding: 20px; border-radius: 8px; border: 1px solid #e1e8ed;\">G\u00f6r\u00f6gdinnye<br \/>\nNagyon pontos, ropog\u00f3s botanikai m\u00e1solata a friss g\u00f6r\u00f6gdinnye jegyeknek.<\/li>\n<li style=\"background-color: #f8f9fa; padding: 20px; border-radius: 8px; border: 1px solid #e1e8ed;\">Eper j\u00e9g<br \/>\n\u00c9des botanikus eper, endoterm h\u0171t\u0151anyaggal kombin\u00e1lva, h\u0171s\u00edt\u0151 hat\u00e1s\u00fa r\u00fazshoz.<\/li>\n<li style=\"background-color: #f8f9fa; padding: 20px; border-radius: 8px; border: 1px solid #e1e8ed;\">Energia ital<br \/>\nEgy \u00f6sszetett, robusztus \u00e9s \u00e9les aromaprofil, amelyet a n\u00e9pszer\u0171 koffeintartalm\u00fa italok imit\u00e1l\u00e1s\u00e1ra terveztek.<\/li>\n<li style=\"background-color: #f8f9fa; padding: 20px; border-radius: 8px; border: 1px solid #e1e8ed;\">K\u00e9k Razz M\u00e1lna<br \/>\nEgy speci\u00e1lis, \u00e9des \u00e9s savany\u00fa bogy\u00f3s gy\u00fcm\u00f6lcs kivonat, amelyet jellegzetesen \u00e9les \u00e9rz\u00e9kszervi hat\u00e1sa miatt izol\u00e1ltak.<\/li>\n<li style=\"background-color: #f8f9fa; padding: 20px; border-radius: 8px; border: 1px solid #e1e8ed;\">Koko Melon<br \/>\nK\u00f3kusz kivonatok sima, gazdag kombin\u00e1ci\u00f3ja, melyet vil\u00e1gos g\u00f6r\u00f6gdinnye arom\u00e1kkal inf\u00fazi\u00f3znak.<\/li>\n<li style=\"background-color: #f8f9fa; padding: 20px; border-radius: 8px; border: 1px solid #e1e8ed;\">\u0150szibar\u00e1t Esszencia<br \/>\nFinoman hangolt botanikus \u0151szibar\u00e1t profil, amely l\u00e1gy \u00e9s arom\u00e1s eredm\u00e9nyt ny\u00fajt mesters\u00e9ges durvas\u00e1g n\u00e9lk\u00fcl.<\/li>\n<\/ul>\n<h2 style=\"color: #1a252f; font-size: 28px; border-bottom: 3px solid #3498db; padding-bottom: 10px; margin-top: 50px;\">Szab\u00e1lyoz\u00e1si megfelel\u0151s\u00e9g \u00e9s biztons\u00e1gi ir\u00e1nyelvek<\/h2>\n<p style=\"font-size: 16px; margin-bottom: 20px;\">A eldobhat\u00f3 vape-k mai piac\u00e1n az objekt\u00edv biztons\u00e1gi szabv\u00e1nyok nem t\u00e1rgyalhat\u00f3k. Az AIVONO AIM PUFFSTAR-ot gy\u00e1rt\u00f3 l\u00e9tes\u00edtm\u00e9nyek szigor\u00faan betartj\u00e1k az ISO 9001 Min\u0151s\u00e9gir\u00e1ny\u00edt\u00e1si Rendszereket. Ezen szigor\u00fa ellen\u0151rz\u00e9sek bevezet\u00e9s\u00e9vel minden egys\u00e9g profit\u00e1l a szabv\u00e1nyos\u00edtott \u00f6sszeszerel\u00e9sb\u0151l \u00e9s a z\u00e9r\u00f3 toleranci\u00e1s hibapolitik\u00e1b\u00f3l.<\/p>\n<p style=\"font-size: 16px; margin-bottom: 20px;\">Ezenk\u00edv\u00fcl az alkatr\u00e9szeket nemzetk\u00f6zi megfelel\u0151s\u00e9gi el\u0151\u00edr\u00e1sok szab\u00e1lyozz\u00e1k. A bels\u0151 \u00e1ramk\u00f6r\u00f6k \u00e9s forraszt\u00e1si anyagok megfelelnek a RoHS ir\u00e1nyelvnek (Vesz\u00e9lyes anyagok korl\u00e1toz\u00e1sa), amely biztos\u00edtja az \u00f3lom, a kadmium \u00e9s a higany teljes hi\u00e1ny\u00e1t. A k\u00e9sz\u00fcl\u00e9k hordozza a standard CE jel\u00f6l\u00e9st, jelezve megfelel\u0151s\u00e9g\u00e9t az eur\u00f3pai eg\u00e9szs\u00e9g\u00fcgyi, biztons\u00e1gi \u00e9s k\u00f6rnyezetv\u00e9delmi v\u00e9delmi el\u0151\u00edr\u00e1soknak. Mivel \u00fajrat\u00f6lthet\u0151 kobalt akkumul\u00e1tort tartalmaz, a nemzetk\u00f6zi sz\u00e1ll\u00edt\u00e1si napl\u00f3khoz UN38.3 tan\u00fas\u00edt\u00e1s sz\u00fcks\u00e9ges, egy szigor\u00fa vizsg\u00e1lati protokoll, amely igazolja az akkumul\u00e1tor stabilit\u00e1s\u00e1t sz\u00e9ls\u0151s\u00e9ges h\u0151m\u00e9rs\u00e9klet, nagy magass\u00e1g \u00e9s intenz\u00edv rezg\u00e9s eset\u00e9n a glob\u00e1lis sz\u00e1ll\u00edt\u00e1s sor\u00e1n. A felhaszn\u00e1l\u00f3kat \u00e9s a forgalmaz\u00f3kat eml\u00e9keztetj\u00fck arra, hogy figyeljenek oda a helyi szab\u00e1lyoz\u00e1si korl\u00e1toz\u00e1sokra a k\u00fcl\u00f6nb\u00f6z\u0151 koncentr\u00e1ci\u00f3s er\u0151ss\u00e9gek (0%, 2%, 5%) behozatal\u00e1val kapcsolatban, \u00e9s tarts\u00e1k be a WEEE ir\u00e1nyelveket az elektronikus hullad\u00e9k alkatr\u00e9szek felel\u0151s \u00fajrahasznos\u00edt\u00e1s\u00e1ra vonatkoz\u00f3an.<\/p>\n<div style=\"text-align: center; margin: 50px 0;\"><img loading=\"lazy\" decoding=\"async\" style=\"max-width: 100%; height: auto; border-radius: 12px; box-shadow: 0 8px 20px rgba(0,0,0,0.1);\" src=\"https:\/\/vapexyz.com\/wp-content\/uploads\/2024\/08\/AIVONO-AIM-PUFFSTAR-6500-Puffs-18.webp\" alt=\"AIVONO AIM PUFFSTAR 6500 Puff 0% 2% 5% Nagy T\u00e9telben V\u00e1s\u00e1rolhat\u00f3 \u00dajrat\u00f6lthet\u0151 Eldobhat\u00f3 Vape Toll Nagykereskedelem\" width=\"1060\" height=\"1413\" title=\"\"><\/div>\n<h2 style=\"color: #1a252f; font-size: 28px; border-bottom: 3px solid #3498db; padding-bottom: 10px; margin-top: 50px;\">B2B Nagykereskedelmi Beszerz\u00e9s \u00e9s Ell\u00e1t\u00e1si L\u00e1nc Integrit\u00e1sa<\/h2>\n<p style=\"font-size: 16px; margin-bottom: 20px;\">F\u0151eloszt\u00f3k\u00e9nt a VapeXYZ t\u00f6bb mint nyolc \u00e9ves dokument\u00e1lt logisztikai szak\u00e9rtelmet hoz a eldobhat\u00f3 vape term\u00e9kek glob\u00e1lis ell\u00e1t\u00e1si l\u00e1nc\u00e1ba. Meg\u00e9rtj\u00fck, hogy a folyamatos k\u00e9szlet, az \u00e1tl\u00e1that\u00f3 \u00e1raz\u00e1s \u00e9s a rugalmas rendel\u00e9si keretek kritikusak a kiskereskedelmi stabilit\u00e1s szempontj\u00e1b\u00f3l.<\/p>\n<p style=\"font-size: 16px; margin-bottom: 20px;\">Szigor\u00faan fenntartott minim\u00e1lis rendel\u00e9si mennyis\u00e9g (MOQ) meg\u00e1llap\u00edt\u00e1s\u00e1val mind\u00f6ssze 10 darabot, cs\u00f6kkentj\u00fck a f\u00fcggetlen kiskeresked\u0151k bel\u00e9p\u00e9si akad\u00e1ly\u00e1t, mik\u00f6zben rendelkez\u00fcnk a hatalmas volumenig\u00e9nyek kiel\u00e9g\u00edt\u00e9s\u00e9re alkalmas infrastrukt\u00far\u00e1val a v\u00e1llalati szint\u0171 forgalmaz\u00f3k sz\u00e1m\u00e1ra. Ezenk\u00edv\u00fcl a VapeXYZ sz\u00e9lesk\u00f6r\u0171 OEM \/ ODM (Original Equipment Manufacturer \/ Original Design Manufacturer) szolg\u00e1ltat\u00e1sokat ny\u00fajt. Ez lehet\u0151v\u00e9 teszi a B2B partnerek sz\u00e1m\u00e1ra, hogy testreszabott injekci\u00f3s \u00f6nt\u00e9st, egyedi sz\u00ednv\u00e1ltozatokat \u00e9s pontos m\u00e1rka integr\u00e1ci\u00f3t v\u00e9gezzenek a k\u00fcl\u00f6nb\u00f6z\u0151 region\u00e1lis piaci ig\u00e9nyek kiel\u00e9g\u00edt\u00e9s\u00e9re.<\/p>\n<h3 style=\"color: #2980b9; font-size: 24px; margin-top: 40px; margin-bottom: 20px;\">F\u0151bb Ismeretpontok a Forgalmaz\u00f3k Sz\u00e1m\u00e1ra<\/h3>\n<div style=\"display: flex; flex-direction: column; gap: 15px; margin-bottom: 40px;\">\n<div style=\"border: 1px solid #e2e8f0; border-radius: 10px; padding: 25px; background-color: #ffffff; box-shadow: 0 4px 6px rgba(0,0,0,0.02);\">\n<h4 style=\"margin-top: 0; margin-bottom: 10px; color: #1a202c; font-size: 18px;\">Hogyan sz\u00e1molj\u00e1k tudom\u00e1nyosan a 6500-as kapacit\u00e1st?<\/h4>\n<p style=\"margin: 0; color: #4a5568; font-size: 15px;\">A 6500-es m\u00e9r\u0151sz\u00e1m ellen\u0151rz\u00f6tt laborat\u00f3riumi k\u00f6rnyezetben, szabv\u00e1nyos\u00edtott mechanikai vizsg\u00e1l\u00f3berendez\u00e9sek felhaszn\u00e1l\u00e1s\u00e1val empirikusan sz\u00e1rmazik. Az 1,5-2,0 m\u00e1sodpercig tart\u00f3 folyamatos sz\u00edv\u00e1sok szimul\u00e1l\u00e1s\u00e1val a 13 mL-es k\u00e9sz\u00edtm\u00e9ny szisztematikusan kimer\u00fcl, am\u00edg ki nem mer\u00fcl. A val\u00f3s eredm\u00e9nyek az egy\u00e9ni bel\u00e9gz\u00e9si id\u0151tartamt\u00f3l \u00e9s a k\u00f6rnyezeti h\u0151m\u00e9rs\u00e9klett\u0151l f\u00fcgg\u0151en v\u00e1ltozhatnak.<\/p>\n<\/div>\n<div style=\"border: 1px solid #e2e8f0; border-radius: 10px; padding: 25px; background-color: #ffffff; box-shadow: 0 4px 6px rgba(0,0,0,0.02);\">\n<h4 style=\"margin-top: 0; margin-bottom: 10px; color: #1a202c; font-size: 18px;\">Mi teszi a tiszta kobalt akkumul\u00e1tort m\u0171szakilag jobb v\u00e1laszt\u00e1ss\u00e1?<\/h4>\n<p style=\"margin: 0; color: #4a5568; font-size: 15px;\">A l\u00edtium-kobalt-oxid (LiCoO2) k\u00e9mia nagyobb fajlagos energi\u00e1val b\u00fcszk\u00e9lkedhet a szabv\u00e1nyos l\u00edtium-polimer alternat\u00edv\u00e1khoz k\u00e9pest. Ez lehet\u0151v\u00e9 teszi, hogy a 400mAh-s cella rendk\u00edv\u00fcl kompakt maradjon, mik\u00f6zben er\u0151sen stabil fesz\u00fclts\u00e9gkimenetet biztos\u00edt, megakad\u00e1lyozva az aeroszol-termel\u00e9s cs\u00f6kken\u00e9s\u00e9t, amely \u00e1ltal\u00e1ban a akkumul\u00e1torok lemer\u00fcl\u00e9sekor tapasztalhat\u00f3.<\/p>\n<\/div>\n<div style=\"border: 1px solid #e2e8f0; border-radius: 10px; padding: 25px; background-color: #ffffff; box-shadow: 0 4px 6px rgba(0,0,0,0.02);\">\n<h4 style=\"margin-top: 0; margin-bottom: 10px; color: #1a202c; font-size: 18px;\">Biztons\u00e1gosak ezek az eldobhat\u00f3 e-cigarett\u00e1k a kereskedelmi l\u00e9gi sz\u00e1ll\u00edt\u00e1sra?<\/h4>\n<p style=\"margin: 0; color: #4a5568; font-size: 15px;\">Igen. Az akkumul\u00e1torok \u00e9s k\u00e9sz\u00fcl\u00e9kek szigor\u00fa UN38.3-as teszten mennek kereszt\u00fcl. Ez a tan\u00fas\u00edt\u00e1s biztos\u00edtja a l\u00edtium cell\u00e1k szerkezeti \u00e9s k\u00e9miai integrit\u00e1s\u00e1t, amikor s\u00falyos nyom\u00e1sv\u00e1ltoz\u00e1soknak, sz\u00e9ls\u0151s\u00e9ges h\u0151ingadoz\u00e1soknak \u00e9s mechanikai \u00fctk\u00f6z\u00e9seknek vannak kit\u00e9ve, amelyek a nemzetk\u00f6zi l\u00e9gi tehersz\u00e1ll\u00edt\u00e1si m\u0171veletekhez kapcsol\u00f3dnak.<\/p>\n<\/div>\n<div style=\"border: 1px solid #e2e8f0; border-radius: 10px; padding: 25px; background-color: #ffffff; box-shadow: 0 4px 6px rgba(0,0,0,0.02);\">\n<h4 style=\"margin-top: 0; margin-bottom: 10px; color: #1a202c; font-size: 18px;\">Hogyan kell megfelel\u0151en t\u00e1rolni a nagykereskedelmi k\u00e9szletet?<\/h4>\n<p style=\"margin: 0; color: #4a5568; font-size: 15px;\">A kobalt akkumul\u00e1tor elektrok\u00e9miai integrit\u00e1s\u00e1nak \u00e9s a botanikai k\u00e9sz\u00edtm\u00e9nyek molekul\u00e1ris stabilit\u00e1s\u00e1nak meg\u0151rz\u00e9se \u00e9rdek\u00e9ben a k\u00e9szletet kl\u00edmaszab\u00e1lyozott k\u00f6rnyezetben kell t\u00e1rolni. Az optim\u00e1lis t\u00e1rol\u00e1si h\u0151m\u00e9rs\u00e9klet 15\u00b0C \u00e9s 25\u00b0C (59\u00b0F \u00e9s 77\u00b0F) k\u00f6z\u00f6tt van, k\u00f6zvetlen ultraibolya sug\u00e1rz\u00e1st\u00f3l \u00e9s sz\u00e9ls\u0151s\u00e9ges p\u00e1ratartalomt\u00f3l v\u00e9dve.<\/p>\n<\/div>\n<div style=\"border: 1px solid #e2e8f0; border-radius: 10px; padding: 25px; background-color: #ffffff; box-shadow: 0 4px 6px rgba(0,0,0,0.02);\">\n<h4 style=\"margin-top: 0; margin-bottom: 10px; color: #1a202c; font-size: 18px;\">Hogyan kezeli a VapeXYZ a region\u00e1lis megfelel\u0151s\u00e9gi v\u00e1ltozatokat?<\/h4>\n<p style=\"margin: 0; color: #4a5568; font-size: 15px;\">K\u00edn\u00e1ljuk a k\u00e9sz\u00fcl\u00e9ket h\u00e1rom k\u00fcl\u00f6nb\u00f6z\u0151 formul\u00e1ci\u00f3s koncentr\u00e1ci\u00f3ban (0%, 2%, 5%), hogy pontosan megfelelj\u00fcnk a v\u00e1ltoz\u00f3 glob\u00e1lis szab\u00e1lyoz\u00e1soknak. A B2B v\u00e1s\u00e1rl\u00f3knak \u00f6n\u00e1ll\u00f3an kell ellen\u0151rizni\u00fck a helyi t\u00f6rv\u00e9nyi k\u00f6vetelm\u00e9nyeket a maxim\u00e1lis megengedett koncentr\u00e1ci\u00f3kat illet\u0151en, miel\u0151tt v\u00e9gleges\u00edten\u00e9k a nagykereskedelmi import rendel\u00e9seket.<\/p>\n<\/div>\n<\/div>\n<p style=\"font-size: 16px; margin-top: 30px; padding-top: 20px; border-top: 1px solid #ecf0f1; text-align: center; color: #7f8c8d;\"><em>Fektessen be a m\u00e9rn\u00f6ki megb\u00edzhat\u00f3s\u00e1gba \u00e9s a valid\u00e1lt teljes\u00edtm\u00e9nybe. Partnerjen a VapeXYZ-szel m\u00e9g ma, hogy biztos\u00edtsa az AIVONO AIM PUFFSTAR 6500 Puffs term\u00e9ket forgalmaz\u00e1si h\u00e1l\u00f3zat\u00e1nak, \u00e9s haszn\u00e1lja ki a nyolc \u00e9ves ipar\u00e1gi vezet\u0151 logisztikai hat\u00f3s\u00e1g el\u0151nyeit.<\/em><\/p>\n<\/article>","protected":false},"excerpt":{"rendered":"<p>Az AIVONO AIM PUFFSTAR 6500 Puffs, amely el\u00e9rhet\u0151 a Vapexyz-en, egy nagy kapacit\u00e1s\u00fa, \u00fajrat\u00f6lthet\u0151, eldobhat\u00f3 vape, amely ak\u00e1r 6500 sz\u00edv\u00e1st is k\u00edn\u00e1l v\u00e1ltozatos \u00edzekkel \u00e9s szem\u00e9lyre szabhat\u00f3 g\u0151z er\u0151ss\u00e9gekkel, ide\u00e1lis mind a kezd\u0151, mind a tapasztalt vaperek sz\u00e1m\u00e1ra.<\/p>","protected":false},"featured_media":31427,"comment_status":"open","ping_status":"closed","template":"","meta":{"_lmt_disableupdate":"no","_lmt_disable":""},"product_brand":[],"product_cat":[944,1019,935,934,927,929,928,930,933,939,932,938,931,936,937,1017,946,1025,1026,951,1029,1031,1033,953,1037,820,987,1038],"product_tag":[],"class_list":{"0":"post-31416","1":"product","2":"type-product","3":"status-publish","4":"has-post-thumbnail","6":"product_cat-aivono","7":"product_cat-blue-razz-flavor-disposable-vapes","8":"product_cat-bulk-buy-disposable-vapes-in-austria","9":"product_cat-bulk-buy-disposable-vapes-in-belgium","10":"product_cat-bulk-buy-disposable-vapes-in-europe","11":"product_cat-bulk-buy-disposable-vapes-in-france","12":"product_cat-bulk-buy-disposable-vapes-in-germany","13":"product_cat-bulk-buy-disposable-vapes-in-italy","14":"product_cat-bulk-buy-disposable-vapes-in-netherlands","15":"product_cat-bulk-buy-disposable-vapes-in-norway","16":"product_cat-bulk-buy-disposable-vapes-in-poland","17":"product_cat-bulk-buy-disposable-vapes-in-portugal","18":"product_cat-bulk-buy-disposable-vapes-in-spain","19":"product_cat-bulk-buy-disposable-vapes-in-sweden","20":"product_cat-bulk-buy-disposable-vapes-in-switzerland","21":"product_cat-buy-best-disposable-vape-flavors","22":"product_cat-disposable-vapes-series","23":"product_cat-ice-flavor-disposable-vapes","24":"product_cat-kiwi-flavor-disposable-vapes","25":"product_cat-lower-nicotine-vapes","26":"product_cat-mango-flavor-disposable-vapes","27":"product_cat-mixed-berries-flavor-disposable-vapes","28":"product_cat-peach-flavor-disposable-vapes","29":"product_cat-rechargeable-vapes","30":"product_cat-strawberry-flavor-disposable-vapes","31":"product_cat-vape","32":"product_cat-vape-shop-by-puffs","33":"product_cat-watermelon-flavor-disposable-vapes","35":"first","36":"outofstock","37":"shipping-taxable","38":"purchasable","39":"product-type-variable","40":"has-default-attributes"},"jetpack_sharing_enabled":true,"tiered_pricing_type":"fixed","tiered_pricing_fixed_rules":[],"tiered_pricing_product_settings":{"layout":"default","base_unit_name":{"singular":null,"plural":null},"default_variation":null},"tiered_pricing_minimum_quantity":null,"tiered_pricing_roles_data":[],"tiered_pricing_percentage_rules":[],"tiered_pricing_maximum_quantity":null,"tiered_pricing_quantity_step":null,"_links":{"self":[{"href":"https:\/\/vapexyz.com\/hu\/wp-json\/wp\/v2\/product\/31416","targetHints":{"allow":["GET"]}}],"collection":[{"href":"https:\/\/vapexyz.com\/hu\/wp-json\/wp\/v2\/product"}],"about":[{"href":"https:\/\/vapexyz.com\/hu\/wp-json\/wp\/v2\/types\/product"}],"replies":[{"embeddable":true,"href":"https:\/\/vapexyz.com\/hu\/wp-json\/wp\/v2\/comments?post=31416"}],"wp:featuredmedia":[{"embeddable":true,"href":"https:\/\/vapexyz.com\/hu\/wp-json\/wp\/v2\/media\/31427"}],"wp:attachment":[{"href":"https:\/\/vapexyz.com\/hu\/wp-json\/wp\/v2\/media?parent=31416"}],"wp:term":[{"taxonomy":"product_brand","embeddable":true,"href":"https:\/\/vapexyz.com\/hu\/wp-json\/wp\/v2\/product_brand?post=31416"},{"taxonomy":"product_cat","embeddable":true,"href":"https:\/\/vapexyz.com\/hu\/wp-json\/wp\/v2\/product_cat?post=31416"},{"taxonomy":"product_tag","embeddable":true,"href":"https:\/\/vapexyz.com\/hu\/wp-json\/wp\/v2\/product_tag?post=31416"}],"curies":[{"name":"wp","href":"https:\/\/api.w.org\/{rel}","templated":true}]}}