{"id":31057,"date":"2024-08-18T12:42:49","date_gmt":"2024-08-18T12:42:49","guid":{"rendered":"https:\/\/vapexyz.com\/?post_type=product&#038;p=31057"},"modified":"2026-02-28T14:55:16","modified_gmt":"2026-02-28T14:55:16","slug":"bang-king-25000-puff-0-2-3-5-alacsony-nikotin-omlesztett-vasarlas-ujratoltheto-eldobhato-vapes-toll-nagykereskedelem","status":"publish","type":"product","link":"https:\/\/vapexyz.com\/hu\/product\/bang-king-25000-puffs-0-2-3-5-low-nicotine-bulk-buy-rechargeable-disposable-vapes-pen-wholesale\/","title":{"rendered":"BANG KING 25000 Puffs Nagy T\u00e9telben V\u00e1s\u00e1rolhat\u00f3 \u00dajrat\u00f6lthet\u0151 Eldobhat\u00f3 Vape Nagykereskedelem"},"content":{"rendered":"<article>\n<h2>BANG KING 25000: Professzion\u00e1lis szint\u0171 m\u00e9rn\u00f6ki munka \u00e9s teljes\u00edtm\u00e9ny \u00e1ttekint\u00e9se<\/h2>\n<p>A BANG KING 25000 jelent\u0151s ugr\u00e1st jelent a nagy kapacit\u00e1s\u00fa g\u0151z technol\u00f3gi\u00e1ban, amelyet kifejezetten a nagyfrekvenci\u00e1s felhaszn\u00e1l\u00f3k \u00e9s a nagykereskedelmi forgalmaz\u00f3k sz\u00e1m\u00e1ra terveztek, akik a hardver hossz\u00fa \u00e9lettartam\u00e1t \u00e9s a folyamatos teljes\u00edtm\u00e9nyt helyezik el\u0151t\u00e9rbe.  A hosszabb kapacit\u00e1s\u00fa kateg\u00f3ria z\u00e1szl\u00f3shaj\u00f3jak\u00e9nt ez az eszk\u00f6z kett\u0151s tart\u00e1lyrendszert integr\u00e1l fejlett h\u00e1l\u00f3s f\u0171t\u0151elemekkel, hogy biztos\u00edtsa a teljes\u00edtm\u00e9ny stabilit\u00e1s\u00e1t az els\u0151 sz\u00edv\u00e1st\u00f3l a 25 000. sz\u00edv\u00e1sig.<\/p>\n<p>A VapeXYZ-n\u00e9l szerzett nyolc \u00e9ves ipari tapasztalatunk lehet\u0151v\u00e9 teszi sz\u00e1munkra, hogy a hardvert bels\u0151 ellen\u00e1ll\u00e1si tesztek, az akkumul\u00e1tor lemer\u00fcl\u00e9si ar\u00e1nyai \u00e9s a tekercs h\u0151eloszl\u00e1sa alapj\u00e1n \u00e9rt\u00e9kelj\u00fck. A BANG KING 25000 szigor\u00fa min\u0151s\u00e9g-ellen\u0151rz\u00e9si protokolloknak lett al\u00e1vetve, hogy megfeleljen a glob\u00e1lis piac ig\u00e9nyeinek, biztos\u00edtva, hogy minden egys\u00e9g megfeleljen a nemzetk\u00f6zi elektronikai biztons\u00e1gi szabv\u00e1nyoknak \u00e9s a magas hat\u00e9konys\u00e1g\u00fa energia gazd\u00e1lkod\u00e1snak.<\/p>\n<div style=\"background-color: #f9f9f9; padding: 20px; border-left: 5px solid #2c3e50; margin: 20px 0;\">\n<h3 style=\"margin-top: 0;\">Alapvet\u0151 M\u0171szaki Specifik\u00e1ci\u00f3k<\/h3>\n<table style=\"width: 100%; border-collapse: collapse; background: white;\">\n<thead>\n<tr style=\"background-color: #2c3e50; color: white; text-align: left;\">\n<th style=\"padding: 12px; border: 1px solid #ddd;\">Funkci\u00f3<\/th>\n<th style=\"padding: 12px; border: 1px solid #ddd;\">M\u0171szaki adatok<\/th>\n<\/tr>\n<\/thead>\n<tbody>\n<tr>\n<td style=\"padding: 10px; border: 1px solid #ddd; font-weight: bold;\">Alv\u00e1z kapacit\u00e1s<\/td>\n<td style=\"padding: 10px; border: 1px solid #ddd;\">K\u00e9trekeszes 46ml (23ml + 23ml)<\/td>\n<\/tr>\n<tr>\n<td style=\"padding: 10px; border: 1px solid #ddd; font-weight: bold;\">Porlaszt\u00f3 mag<\/td>\n<td style=\"padding: 10px; border: 1px solid #ddd;\">1,2\u03a9 h\u00e1l\u00f3s tekercs (Optimaliz\u00e1lt h\u0151fel\u00fcletre)<\/td>\n<\/tr>\n<tr>\n<td style=\"padding: 10px; border: 1px solid #ddd; font-weight: bold;\">Energiacella<\/td>\n<td style=\"padding: 10px; border: 1px solid #ddd;\">650mAh tiszta kobalt l\u00edtium-ion (\u00fajrat\u00f6lthet\u0151)<\/td>\n<\/tr>\n<tr>\n<td style=\"padding: 10px; border: 1px solid #ddd; font-weight: bold;\">T\u00f6lt\u0151 interf\u00e9sz<\/td>\n<td style=\"padding: 10px; border: 1px solid #ddd;\">Type-C gyors t\u00f6lt\u00e9s (5V\/1A kompatibilis)<\/td>\n<\/tr>\n<tr>\n<td style=\"padding: 10px; border: 1px solid #ddd; font-weight: bold;\">Teljes n\u00e9vleges teljes\u00edtm\u00e9ny<\/td>\n<td style=\"padding: 10px; border: 1px solid #ddd;\">K\u00f6r\u00fclbel\u00fcl 25 000 Puffs<\/td>\n<\/tr>\n<\/tbody>\n<\/table>\n<\/div>\n<h3>Halad\u00f3 h\u0151kezel\u00e9s \u00e9s kett\u0151s tart\u00e1lyos innov\u00e1ci\u00f3<\/h3>\n<p>A BANG KING 25000 m\u00e9rn\u00f6ki sarokk\u00f6ve a k\u00e9ttart\u00e1lyos architekt\u00fara. A 46 ml-es kapacit\u00e1s k\u00e9t k\u00fcl\u00f6n\u00e1ll\u00f3, 23 ml-es tart\u00e1lyra oszt\u00e1s\u00e1val az eszk\u00f6z elker\u00fcli a tel\u00edt\u00e9si f\u00e1radts\u00e1g gyakori probl\u00e9m\u00e1j\u00e1t, amely az egytart\u00e1lyos, nagy kapacit\u00e1s\u00fa eldobhat\u00f3 vapes k\u00e9sz\u00fcl\u00e9kekn\u00e9l jelentkezik. Ez a szerkezeti kialak\u00edt\u00e1s biztos\u00edtja, hogy a f\u0171t\u0151elem ne legyen t\u00falterhelve, fenntartva a konzisztens viszkozit\u00e1st \u00e9s megel\u0151zve a \u201csz\u00e1raz \u00fct\u00e9s\u201d jelens\u00e9get.<\/p>\n<p>Az 1,2\u03a9-os h\u00e1l\u00f3tekercs l\u00e9zerrel van maratva, hogy n\u00f6velje a bels\u0151 k\u00f6zeggel val\u00f3 fel\u00fcleti \u00e9rintkez\u00e9st. Tapasztalati \u00faton a h\u00e1l\u00f3tekercsek egyenletesebb h\u0151eloszl\u00e1st biztos\u00edtanak a hagyom\u00e1nyos dr\u00f3ttekercsekhez k\u00e9pest, ami cs\u00f6kkenti az arom\u00e1s vegy\u00fcletek leboml\u00e1s\u00e1t. A padon v\u00e9gzett tesztjeink sor\u00e1n ez a specifikus ellen\u00e1ll\u00e1s-teljes\u00edtm\u00e9ny ar\u00e1ny 15% -os n\u00f6veked\u00e9st mutatott a g\u0151z s\u0171r\u0171s\u00e9g\u00e9ben az 1,4\u03a9-os standard konstrukci\u00f3khoz k\u00e9pest.<\/p>\n<div style=\"background-color: #eef7ff; padding: 20px; border-radius: 8px; margin: 20px 0; border: 1px solid #b6d4fe;\">\n<h3 style=\"color: #055160; margin-top: 0;\">Kulcsfontoss\u00e1g\u00fa empirikus teljes\u00edtm\u00e9nymutat\u00f3k<\/h3>\n<ul style=\"list-style-type: none; padding-left: 0;\">\n<li style=\"margin-bottom: 10px;\">\u2713 Akkumul\u00e1tor hat\u00e9konys\u00e1g: A 650mAh kapacit\u00e1s\u00fa cella k\u00f6r\u00fclbel\u00fcl 500-600 sz\u00edv\u00e1sra van kalibr\u00e1lva t\u00f6lt\u00e9si ciklusonk\u00e9nt, maximaliz\u00e1lva a l\u00edtium-ion k\u00e9mia \u00e9lettartam\u00e1t.<\/li>\n<li style=\"margin-bottom: 10px;\">Sziv\u00e1rg\u00e1smentes integrit\u00e1s: A v\u00e1kuumz\u00e1r\u00f3 kamr\u00e1kat haszn\u00e1lva az eszk\u00f6z fenntartja a bels\u0151 nyom\u00e1s stabilit\u00e1s\u00e1t, jelent\u0151sen cs\u00f6kkentve a sziv\u00e1rg\u00e1st a leveg\u0151 sz\u00e1ll\u00edt\u00e1s vagy a h\u0151m\u00e9rs\u00e9klet-ingadoz\u00e1sok sor\u00e1n.<\/li>\n<li style=\"margin-bottom: 10px;\">Rajz Aktiv\u00e1l\u00e1si V\u00e1lasz: Az integr\u00e1lt pneumatikus \u00e9rz\u00e9kel\u0151 0,01 m\u00e1sodpercn\u00e9l kisebb k\u00e9sleltet\u00e9ssel rendelkezik, azonnali \u00e9s intuit\u00edv felhaszn\u00e1l\u00f3i fel\u00fcletet biztos\u00edtva.<\/li>\n<\/ul>\n<\/div>\n<h3>Arom\u00e1s Profilok: Szisztematikus Lebont\u00e1s<\/h3>\n<p>A BANG KING 25000 kollekci\u00f3 a \u201cH\u0171t\u00e9s \u00e9s Gy\u00fcm\u00f6lcs\u201d m\u00e1trixra \u00f6sszpontos\u00edt, magas min\u0151s\u00e9g\u0171, \u00e9lelmiszer-biztons\u00e1gos esszenci\u00e1kat haszn\u00e1lva. Minden profil \u00fagy ker\u00fclt kifejleszt\u00e9sre, hogy k\u00fcl\u00f6n\u00e1ll\u00f3 fels\u0151 jegyet, sz\u00edvjegyet \u00e9s befejez\u00e9st biztos\u00edtson, t\u00fckr\u00f6zve a pr\u00e9mium vape-ok \u00f6sszetetts\u00e9g\u00e9t.<\/p>\n<ul>\n<li>K\u00e9k M\u00e1lna J\u00e9gkr\u00e9m: Egy kiegyens\u00falyozott kever\u00e9k savanyk\u00e1s bogy\u00f3s jegyekkel \u00e9s kr\u00e9mes, h\u0171s\u00edt\u0151 befejez\u00e9ssel.<\/li>\n<li>Eper S\u00e1rgadinnye: Egy klasszikus p\u00e1ros\u00edt\u00e1s, amely a \u00e9dess\u00e9gen \u00e9s a magas hidrat\u00e1lts\u00e1gon alapul.<\/li>\n<li>Savany\u00fa Alma Fagylalt:  Egy \u00f6sszetett profil, amelyben a almasav jegyei ellent\u00e9tben \u00e1llnak egy sima, tejterm\u00e9k ihlette alappal.<\/li>\n<li>Tr\u00f3pusi Gy\u00fcm\u00f6lcs: Egy t\u00f6bbr\u00e9teg\u0171 \u00e9lm\u00e9ny, amelyben mang\u00f3, anan\u00e1sz \u00e9s marakujavir\u00e1g utal\u00e1sok figyelhet\u0151k meg.<\/li>\n<li>Cherry Bomb: Egy magas intenzit\u00e1s\u00fa k\u0151gy\u00fcm\u00f6lcs profil, er\u0151s arom\u00e1s jelenl\u00e9ttel.<\/li>\n<\/ul>\n<h3>Megfelel\u00e9s, Biztons\u00e1g \u00e9s Nagykereskedelmi Logisztika<\/h3>\n<p>Sz\u00e1mos vezet\u0151 szakmai forgalmaz\u00f3k\u00e9nt a VapeXYZ biztos\u00edtja, hogy minden term\u00e9k, bele\u00e9rtve a BANG KING 25000-et is, szigor\u00fa gy\u00e1rt\u00e1si szabv\u00e1nyoknak megfeleljen. A Type-C t\u00f6lt\u0151port be\u00e9p\u00edt\u00e9se \u00f6sszhangban van a modern eur\u00f3pai \u00e9s glob\u00e1lis elektronikai szab\u00e1lyoz\u00e1sokkal a szabv\u00e1nyos\u00edtott t\u00f6lt\u0151fel\u00fcletekre vonatkoz\u00f3an.<\/p>\n<p>Nagykereskedelmi partnereink sz\u00e1m\u00e1ra racionaliz\u00e1lt logisztikai keretet k\u00edn\u00e1lunk. A BANG KING 25000 nemzetk\u00f6zi sz\u00e1ll\u00edt\u00e1s sor\u00e1n tart\u00f3ss\u00e1ga \u00e9rdek\u00e9ben csomagolva van, nedvess\u00e9g\u00e1ll\u00f3 m\u00e1sodlagos csomagol\u00e1ssal.<\/p>\n<div style=\"background-color: #fff3cd; padding: 20px; border-left: 5px solid #ffc107; margin: 20px 0;\">\n<h3 style=\"margin-top: 0;\">Logisztikai adatok nagy mennyis\u00e9g\u0171 v\u00e1s\u00e1rl\u00e1shoz<\/h3>\n<p>Kiskereskedelmi \u00e9s nagykereskedelmi forgalmaz\u00e1sra optimaliz\u00e1lva:<\/p>\n<ul style=\"padding-left: 20px;\">\n<li>T\u00f6meg: 89g (K\u00f6nny\u0171 ergon\u00f3mikus kialak\u00edt\u00e1s)<\/li>\n<li>T\u00f6meges csomagol\u00e1s: 10 egys\u00e9g kijelz\u0151 dobozonk\u00e9nt (Kb. 937g)<\/li>\n<li>Sz\u00e1ll\u00edt\u00e1si szabv\u00e1nyok: Antisztatikus \u00e9s \u00fct\u00e9selnyel\u0151 k\u00fcls\u0151 kartonok.<\/li>\n<li>Minim\u00e1lis rendel\u00e9si mennyis\u00e9g: Csak 10 darab - a legalacsonyabb k\u00fcsz\u00f6b a professzion\u00e1lis nagykereskedelmi eldobhat\u00f3 vape term\u00e9kekhez.<\/li>\n<\/ul>\n<\/div>\n<p>Ak\u00e1r 0%, 2%, 3% vagy 5% koncentr\u00e1ci\u00f3s lehet\u0151s\u00e9geket keres, a BANG KING sorozat biztos\u00edtja a k\u00fcl\u00f6nb\u00f6z\u0151 demogr\u00e1fiai preferenci\u00e1k kiel\u00e9g\u00edt\u00e9s\u00e9hez sz\u00fcks\u00e9ges sokoldal\u00fas\u00e1got. Azokat a v\u00e1llalkoz\u00e1sokat, amelyek b\u0151v\u00fclni szeretn\u00e9nek, OEM\/ODM szolg\u00e1ltat\u00e1saink seg\u00edthetik a szem\u00e9lyre szabott m\u00e1rka\u00e9p\u00edt\u00e9st ezen a bizony\u00edtott 25 000 sz\u00edv\u00e1sos hardverplatformon.<\/p>\n<div style=\"margin: 30px 0; text-align: center;\"><img loading=\"lazy\" decoding=\"async\" class=\"alignnone wp-image-31063 size-large\" style=\"max-width: 100%; height: auto; border-radius: 10px; box-shadow: 0 4px 8px rgba(0,0,0,0.1);\" src=\"https:\/\/vapexyz.com\/wp-content\/uploads\/2024\/08\/BANG-KING-25000-4-1024x661.webp\" alt=\"Bang King 25000 Puffs \u00dajrat\u00f6lthet\u0151 Eldobhat\u00f3 Vape Nagykereskedelmi V\u00e1s\u00e1rl\u00e1s\" width=\"1024\" height=\"661\" title=\"\" srcset=\"https:\/\/vapexyz.com\/wp-content\/uploads\/2024\/08\/BANG-KING-25000-4-1024x661.webp 1024w, https:\/\/vapexyz.com\/wp-content\/uploads\/2024\/08\/BANG-KING-25000-4-500x323.webp 500w, https:\/\/vapexyz.com\/wp-content\/uploads\/2024\/08\/BANG-KING-25000-4-768x496.webp 768w, https:\/\/vapexyz.com\/wp-content\/uploads\/2024\/08\/BANG-KING-25000-4-1536x992.webp 1536w, https:\/\/vapexyz.com\/wp-content\/uploads\/2024\/08\/BANG-KING-25000-4-18x12.webp 18w, https:\/\/vapexyz.com\/wp-content\/uploads\/2024\/08\/BANG-KING-25000-4-600x388.webp 600w, https:\/\/vapexyz.com\/wp-content\/uploads\/2024\/08\/BANG-KING-25000-4-148x96.webp 148w, https:\/\/vapexyz.com\/wp-content\/uploads\/2024\/08\/BANG-KING-25000-4.webp 1920w\" sizes=\"auto, (max-width: 1024px) 100vw, 1024px\" \/><\/div>\n<div style=\"background-color: #f8f9fa; padding: 25px; border-radius: 10px; border: 1px solid #dee2e6;\">\n<h3 style=\"text-align: center; color: #212529;\">Gyakran Ism\u00e9telt K\u00e9rd\u00e9sek (GYIK)<\/h3>\n<div style=\"margin-bottom: 15px;\">\n<p>Q1: Mi\u00e9rt osztj\u00e1k el a kapacit\u00e1st k\u00e9t tart\u00e1lyra?<\/p>\n<p>A: A kett\u0151s tart\u00e1lyos rendszerek fenntartj\u00e1k a tartalom frissess\u00e9g\u00e9t \u00e9s megakad\u00e1lyozz\u00e1k a tekercs hossz\u00fa t\u00e1v\u00fa haszn\u00e1lat sor\u00e1n t\u00f6rt\u00e9n\u0151 roml\u00e1s\u00e1t, biztos\u00edtva, hogy a tapasztalat mind a 25 000 sz\u00edv\u00e1s sor\u00e1n egyenletes maradjon.<\/p>\n<\/div>\n<hr style=\"border: 0; border-top: 1px solid #dee2e6;\" \/>\n<div style=\"margin-bottom: 15px;\">\n<p>Q2: Honnan tudom, hogy mikor kell \u00fajra t\u00f6lteni a BANG KING 25000-et?<\/p>\n<p>A k\u00e9sz\u00fcl\u00e9k LED jelz\u0151f\u00e9nnyel rendelkezik. A g\u0151ztermel\u00e9s cs\u00f6kken\u00e9se vagy a villog\u00f3 f\u00e9ny \u00e1ltal\u00e1ban azt jelzi, hogy a 650mAh-s akkumul\u00e1tor t\u00f6lt\u00e9se Type-C csatlakoz\u00e1ssal sz\u00fcks\u00e9ges.<\/p>\n<\/div>\n<hr style=\"border: 0; border-top: 1px solid #dee2e6;\" \/>\n<div style=\"margin-bottom: 15px;\">\n<p>Q3: A VapeXYZ k\u00f6zvetlen forr\u00e1s?<\/p>\n<p>A: Igen. Profeszion\u00e1lis nagykereskedelmi forgalmaz\u00f3 vagyunk, 8+ \u00e9ves ipari tapasztalattal, specializ\u00e1l\u00f3dva a nagy mennyis\u00e9g\u0171 forgalmaz\u00e1sra \u00e9s az OEM partners\u00e9gekre a fels\u0151 kateg\u00f3ri\u00e1s eldobhat\u00f3 vape term\u00e9kek eset\u00e9ben.<\/p>\n<\/div>\n<hr style=\"border: 0; border-top: 1px solid #dee2e6;\" \/>\n<div style=\"margin-bottom: 15px;\">\n<p>Negyed negyed: Megfelelnek ezek az eszk\u00f6z\u00f6k a k\u00f6rnyezeti szabv\u00e1nyoknak?<\/p>\n<p>A: Term\u00e9keink \u00fajrahasznos\u00edthat\u00f3 alkatr\u00e9szekb\u0151l k\u00e9sz\u00fclnek, \u00e9s megfelelnek az elektronikai hullad\u00e9kok \u00e1rtalmatlan\u00edt\u00e1s\u00e1ra vonatkoz\u00f3 szabv\u00e1nyos ir\u00e1nyelveknek (WEEE). Arra \u00f6szt\u00f6n\u00f6zz\u00fck minden felhaszn\u00e1l\u00f3t, hogy a l\u00edtium-ion eszk\u00f6z\u00f6ket a kijel\u00f6lt \u00fajrahasznos\u00edt\u00f3 pontokon \u00e1rtalmatlan\u00edtsa.<\/p>\n<\/div>\n<\/div>\n<p style=\"margin-top: 30px; font-style: italic;\">Fedezze fel az eg\u00e9szet <a href=\"https:\/\/vapexyz.com\/hu\/termekkategoria\/bumm\/\">Bang eldobhat\u00f3 vapes<\/a> gy\u0171jtem\u00e9ny ma \u00e9s biztos\u00edtsa a piac legmegb\u00edzhat\u00f3bb nagy kapacit\u00e1s\u00fa hardver\u00e9t verhetetlen nagykereskedelmi \u00e1rakon.<\/p>\n<\/article>","protected":false},"excerpt":{"rendered":"<p>A BANG KING 25000 Puffs egy pr\u00e9mium, hossz\u00fa \u00e9lettartam\u00fa \u00fajrat\u00f6lthet\u0151 eldobhat\u00f3 vape, amely el\u00e9rhet\u0151 a Vapexyz-n\u00e9l, \u00e9s ak\u00e1r 25 000 sz\u00edv\u00e1st k\u00edn\u00e1l fejlett \u00edzlead\u00e1ssal \u00e9s szem\u00e9lyre szabhat\u00f3 vape er\u0151ss\u00e9gekkel a p\u00e1ratlan vaping \u00e9lm\u00e9ny\u00e9rt.<\/p>","protected":false},"featured_media":31061,"comment_status":"open","ping_status":"closed","template":"","meta":{"_lmt_disableupdate":"no","_lmt_disable":""},"product_brand":[],"product_cat":[821,993,1018,947,1019,1020,935,934,927,929,928,930,933,939,932,938,931,936,937,1017,1021,946,1023,1025,951,1029,1033,953,1037,820,987,1038],"product_tag":[],"class_list":{"0":"post-31057","1":"product","2":"type-product","3":"status-publish","4":"has-post-thumbnail","6":"product_cat-bang","7":"product_cat-25000-puff-vapes","8":"product_cat-apple-flavor-disposable-vapes","9":"product_cat-big-puffs-vapes","10":"product_cat-blue-razz-flavor-disposable-vapes","11":"product_cat-blueberry-flavor-disposable-vapes","12":"product_cat-bulk-buy-disposable-vapes-in-austria","13":"product_cat-bulk-buy-disposable-vapes-in-belgium","14":"product_cat-bulk-buy-disposable-vapes-in-europe","15":"product_cat-bulk-buy-disposable-vapes-in-france","16":"product_cat-bulk-buy-disposable-vapes-in-germany","17":"product_cat-bulk-buy-disposable-vapes-in-italy","18":"product_cat-bulk-buy-disposable-vapes-in-netherlands","19":"product_cat-bulk-buy-disposable-vapes-in-norway","20":"product_cat-bulk-buy-disposable-vapes-in-poland","21":"product_cat-bulk-buy-disposable-vapes-in-portugal","22":"product_cat-bulk-buy-disposable-vapes-in-spain","23":"product_cat-bulk-buy-disposable-vapes-in-sweden","24":"product_cat-bulk-buy-disposable-vapes-in-switzerland","25":"product_cat-buy-best-disposable-vape-flavors","26":"product_cat-cherry-flavor-disposable-vapes","27":"product_cat-disposable-vapes-series","28":"product_cat-grape-flavor-disposable-vapes","29":"product_cat-ice-flavor-disposable-vapes","30":"product_cat-lower-nicotine-vapes","31":"product_cat-mango-flavor-disposable-vapes","32":"product_cat-peach-flavor-disposable-vapes","33":"product_cat-rechargeable-vapes","34":"product_cat-strawberry-flavor-disposable-vapes","35":"product_cat-vape","36":"product_cat-vape-shop-by-puffs","37":"product_cat-watermelon-flavor-disposable-vapes","39":"first","40":"instock","41":"shipping-taxable","42":"purchasable","43":"product-type-variable","44":"has-default-attributes"},"jetpack_sharing_enabled":true,"tiered_pricing_type":"fixed","tiered_pricing_fixed_rules":[],"tiered_pricing_product_settings":{"layout":"default","base_unit_name":{"singular":null,"plural":null},"default_variation":null},"tiered_pricing_minimum_quantity":null,"tiered_pricing_roles_data":[],"tiered_pricing_percentage_rules":[],"tiered_pricing_maximum_quantity":null,"tiered_pricing_quantity_step":null,"_links":{"self":[{"href":"https:\/\/vapexyz.com\/hu\/wp-json\/wp\/v2\/product\/31057","targetHints":{"allow":["GET"]}}],"collection":[{"href":"https:\/\/vapexyz.com\/hu\/wp-json\/wp\/v2\/product"}],"about":[{"href":"https:\/\/vapexyz.com\/hu\/wp-json\/wp\/v2\/types\/product"}],"replies":[{"embeddable":true,"href":"https:\/\/vapexyz.com\/hu\/wp-json\/wp\/v2\/comments?post=31057"}],"wp:featuredmedia":[{"embeddable":true,"href":"https:\/\/vapexyz.com\/hu\/wp-json\/wp\/v2\/media\/31061"}],"wp:attachment":[{"href":"https:\/\/vapexyz.com\/hu\/wp-json\/wp\/v2\/media?parent=31057"}],"wp:term":[{"taxonomy":"product_brand","embeddable":true,"href":"https:\/\/vapexyz.com\/hu\/wp-json\/wp\/v2\/product_brand?post=31057"},{"taxonomy":"product_cat","embeddable":true,"href":"https:\/\/vapexyz.com\/hu\/wp-json\/wp\/v2\/product_cat?post=31057"},{"taxonomy":"product_tag","embeddable":true,"href":"https:\/\/vapexyz.com\/hu\/wp-json\/wp\/v2\/product_tag?post=31057"}],"curies":[{"name":"wp","href":"https:\/\/api.w.org\/{rel}","templated":true}]}}