{"id":29844,"date":"2024-08-03T07:32:57","date_gmt":"2024-08-03T07:32:57","guid":{"rendered":"https:\/\/vapexyz.com\/?post_type=product&#038;p=29844"},"modified":"2026-03-03T12:56:52","modified_gmt":"2026-03-03T12:56:52","slug":"bumm-18000-puff-0-2-3-5-alacsony-nikotin-omlesztett-vasarlas-ujratoltheto-eldobhato-vapes-toll-nagykereskedelem","status":"publish","type":"product","link":"https:\/\/vapexyz.com\/hu\/product\/bang-crown-bar-18000-puffs-0-2-3-5-low-nicotine-bulk-buy-rechargeable-disposable-vapes-pen-wholesale\/","title":{"rendered":"BANG Crown Bar 18000 Puffs Nagy T\u00e9telben V\u00e1s\u00e1rolhat\u00f3 \u00dajrat\u00f6lthet\u0151 Eldobhat\u00f3 Vape Nagykereskedelem"},"content":{"rendered":"<article style=\"font-family: 'Segoe UI', Tahoma, Geneva, Verdana, sans-serif; line-height: 1.6; color: #333; max-width: 100%; margin: 0 auto; padding: 20px;\">\n<h2 style=\"color: #2c3e50; border-bottom: 2px solid #3498db; padding-bottom: 10px; margin-top: 30px;\">M\u00e9rn\u00f6ki Kiv\u00e1l\u00f3s\u00e1g: A BANG Crown Bar 18000 Puffs Eldobhat\u00f3 Vape<\/h2>\n<p style=\"text-align: justify;\">\u00dcdv\u00f6z\u00f6lj\u00fck az el\u0151rehaladott p\u00e1rologtat\u00e1si technol\u00f3gia pr\u00e9mium c\u00e9lpontj\u00e1n\u00e1l. T\u00f6bb mint nyolc \u00e9ves glob\u00e1lis ell\u00e1t\u00e1si l\u00e1nc menedzsment \u00e9s ipar\u00e1gi szak\u00e9rtelm\u00fcnkkel a VapeXYZ megb\u00edzhat\u00f3 nagykereskedelmi forgalmaz\u00f3k\u00e9nt van jelen a legjobb min\u0151s\u00e9g\u0171 eldobhat\u00f3 vaperek sz\u00e1m\u00e1ra. Szigor\u00fa \u00e9rt\u00e9kel\u00e9si folyamatunk biztos\u00edtja, hogy minden k\u00e9sz\u00fcl\u00e9k a katal\u00f3gusunkban megfeleljen a szigor\u00fa mechanikai \u00e9s elektromos szabv\u00e1nyoknak. A BANG Crown Bar 18000 Puffs jelent\u0151s m\u00e9rf\u00f6ldk\u00f6vet jelent a nagy kapacit\u00e1s\u00fa eldobhat\u00f3 vape m\u00e9rn\u00f6ks\u00e9gben. Mind a kiskereskedelmi partnerek, mind a megb\u00edzhat\u00f3s\u00e1got k\u00f6vetel\u0151 v\u00e9gfelhaszn\u00e1l\u00f3k sz\u00e1m\u00e1ra tervezve, ez az eszk\u00f6z integr\u00e1l egy nagy hat\u00e9konys\u00e1g\u00fa energiaell\u00e1t\u00f3 rendszert egy t\u00e1gas bels\u0151 tart\u00e1llyal.<\/p>\n<p style=\"text-align: justify;\">Ellent\u00e9tben a hagyom\u00e1nyos modellekkel, amelyek az eszt\u00e9tik\u00e1t helyezik el\u0151t\u00e9rbe a teljes\u00edtm\u00e9ny rov\u00e1s\u00e1ra, a BANG Crown Bar empirikus tesztel\u00e9sen \u00e9s robusztus gy\u00e1rt\u00e1si protokollokon alapul. Az\u00e1ltal, hogy kezelik a szabv\u00e1nyos eldobhat\u00f3 vape-kben gyakori hardverhib\u00e1kat - p\u00e9ld\u00e1ul a korai akkumul\u00e1tor-kimer\u00fcl\u00e9st \u00e9s az inkonzisztens h\u0151szab\u00e1lyoz\u00e1st -, ez az eszk\u00f6z kisz\u00e1m\u00edthat\u00f3, fenntarthat\u00f3 m\u0171k\u00f6d\u00e9si \u00e9lettartamot k\u00edn\u00e1l. Ak\u00e1r nagykereskedelmi forgalmaz\u00f3, ak\u00e1r szakosodott kiskereskedelmi \u00fczlet vagy, a hardver m\u0171szaki specifik\u00e1ci\u00f3inak meg\u00e9rt\u00e9se kritikus fontoss\u00e1g\u00fa a piaci \u00e9rt\u00e9k\u00e9nek \u00e9rt\u00e9kel\u00e9s\u00e9hez.<\/p>\n<div class=\"knowledge-point\" style=\"background-color: #f8f9fa; border-left: 6px solid #2980b9; padding: 20px; margin: 30px 0; border-radius: 0 8px 8px 0; box-shadow: 0 2px 5px rgba(0,0,0,0.05);\">\n<h3 style=\"color: #2980b9; margin-top: 0;\">Tud\u00e1s Pont: A Nagy Kapacit\u00e1s\u00fa Vape Mechanik\u00e1ja<\/h3>\n<p style=\"margin-bottom: 0;\">Egy rendk\u00edv\u00fcl magas haszn\u00e1latra tervezett eldobhat\u00f3 vape (mint p\u00e9ld\u00e1ul 18 000 aktiv\u00e1l\u00e1s) pontos egyens\u00falyt k\u00f6vetel meg a bels\u0151 formulakapacit\u00e1s, az akkumul\u00e1tor energias\u0171r\u0171s\u00e9ge \u00e9s a tekercsellen\u00e1ll\u00e1s k\u00f6z\u00f6tt. A BANG Crown Bar egy 13 ml-es tart\u00e1lyt haszn\u00e1l, p\u00e1ros\u00edtva egy 1,2 \u03a9-os ellen\u00e1ll\u00e1s profillal. Ez a specifikus ellen\u00e1ll\u00e1s korl\u00e1tozza az akkumul\u00e1torb\u00f3l val\u00f3 azonnali \u00e1ramfelv\u00e9telt, maximaliz\u00e1lva ezzel az egyes t\u00f6lt\u00e9sek sor\u00e1n el\u00e9rhet\u0151 f\u0171t\u00e9si ciklusok sz\u00e1m\u00e1t, biztos\u00edtva, hogy a 13 ml-es t\u00e9rfogat hat\u00e9konyan elp\u00e1rologjon felesleges h\u0151vesztes\u00e9g n\u00e9lk\u00fcl.<\/p>\n<\/div>\n<h3 style=\"color: #34495e; margin-top: 30px;\">M\u0171szaki specifik\u00e1ci\u00f3k \u00e9s hardverarchitekt\u00fara<\/h3>\n<p style=\"text-align: justify;\">A BANG Crown Bar szerkezeti integrit\u00e1s\u00e1t \u00e9s teljes\u00edtm\u00e9ny\u00e9t szabv\u00e1nyos\u00edtott ipari tesztekkel valid\u00e1lj\u00e1k. Az al\u00e1bbiakban \u00e1ttekint\u00e9st adunk azokr\u00f3l a f\u0151bb m\u0171szaki param\u00e9terekr\u0151l, amelyek meghat\u00e1rozz\u00e1k az eszk\u00f6z m\u0171k\u00f6d\u00e9si k\u00e9pess\u00e9geit.<\/p>\n<table style=\"width: 100%; border-collapse: collapse; margin: 25px 0; box-shadow: 0 1px 3px rgba(0,0,0,0.1); background-color: #fff;\">\n<thead>\n<tr>\n<th style=\"background-color: #ecf0f1; border: 1px solid #bdc3c7; padding: 15px; text-align: left; font-weight: 600; width: 30%;\">\u00d6sszetev\u0151<\/th>\n<th style=\"background-color: #ecf0f1; border: 1px solid #bdc3c7; padding: 15px; text-align: left; font-weight: 600;\">M\u0171szaki Specifik\u00e1ci\u00f3 \u00e9s Empirikus F\u00fcggv\u00e9ny<\/th>\n<\/tr>\n<\/thead>\n<tbody>\n<tr>\n<td style=\"border: 1px solid #bdc3c7; padding: 12px;\">Becs\u00fclt \u00e9lettartam<\/td>\n<td style=\"border: 1px solid #bdc3c7; padding: 12px;\">Legfeljebb 18 000 aktiv\u00e1l\u00e1s (Szabv\u00e1nyos laborat\u00f3riumi k\u00f6r\u00fclm\u00e9nyek k\u00f6z\u00f6tt tesztelve: 1,5 m\u00e1sodperces inhal\u00e1ci\u00f3s id\u0151tartam).<\/td>\n<\/tr>\n<tr>\n<td style=\"border: 1px solid #bdc3c7; padding: 12px;\">Bels\u0151 Tart\u00e1ly T\u00e9rfogata<\/td>\n<td style=\"border: 1px solid #bdc3c7; padding: 12px;\">13 ml bels\u0151 t\u00e9rfogat. A szerkezeti burkolat \u00e9lelmiszeripari min\u0151s\u00e9g\u0171 polimereket haszn\u00e1l a bels\u0151 formul\u00e1ci\u00f3 k\u00e9miai stabilit\u00e1s\u00e1nak fenntart\u00e1sa \u00e9rdek\u00e9ben.<\/td>\n<\/tr>\n<tr>\n<td style=\"border: 1px solid #bdc3c7; padding: 12px;\">Energia cella (Akkumul\u00e1tor)<\/td>\n<td style=\"border: 1px solid #bdc3c7; padding: 12px;\">16350 L\u00edtium-Ion Cella. N\u00e9vleges Kapacit\u00e1s: 650mAh. Tervezve a hosszabb ciklus\u00e9let \u00e9s a folyamatos fesz\u00fclts\u00e9g kimenet \u00e9rdek\u00e9ben, am\u00edg teljesen le nem mer\u00fcl.<\/td>\n<\/tr>\n<tr>\n<td style=\"border: 1px solid #bdc3c7; padding: 12px;\">Termikus mag (tekercs)<\/td>\n<td style=\"border: 1px solid #bdc3c7; padding: 12px;\">1,2\u03a9 Mesh architekt\u00fara. N\u00f6veli a fel\u00fcletet az egyenletes h\u0151eloszl\u00e1s \u00e9rdek\u00e9ben, megakad\u00e1lyozva a lok\u00e1lis t\u00falmeleged\u00e9st.<\/td>\n<\/tr>\n<tr>\n<td style=\"border: 1px solid #bdc3c7; padding: 12px;\">T\u00f6lt\u0151 interf\u00e9sz<\/td>\n<td style=\"border: 1px solid #bdc3c7; padding: 12px;\">USB Type-C port, amely t\u00e1mogatja a szabv\u00e1nyos 5V egyenfesz\u00fclts\u00e9g\u0171 (DC) bemenetet, biztos\u00edtva a gyors energia-ut\u00e1np\u00f3tl\u00e1st \u00e9s minimaliz\u00e1lva az \u00e1ll\u00e1sid\u0151t.<\/td>\n<\/tr>\n<\/tbody>\n<\/table>\n<h3 style=\"color: #34495e; margin-top: 30px;\">M\u00e9lyrep\u00fcl\u00e9s: A 16350-es akkumul\u00e1tor \u00e9s \u00e1ramell\u00e1t\u00e1s-kezel\u00e9s<\/h3>\n<p style=\"text-align: justify;\">A modern eldobhat\u00f3 vape-k eset\u00e9ben els\u0151dleges gond a teljes\u00edtm\u00e9nylead\u00f3 rendszer stabilit\u00e1sa. A BANG Crown Bar egy 16350-es l\u00edtium-ion akkumul\u00e1tort integr\u00e1l. A \u201c16350\u201d elnevez\u00e9s a hengeres cella fizikai m\u00e9reteire utal (16 mm \u00e1tm\u00e9r\u0151 \u00e9s 35,0 mm hossz). A nagy s\u0171r\u0171s\u00e9g\u0171 650 mAh-s cella haszn\u00e1lat\u00e1val az eszk\u00f6z rendk\u00edv\u00fcl kedvez\u0151 m\u00e9ret-teljes\u00edtm\u00e9ny ar\u00e1nyt \u00e9r el, \u00edgy a k\u00e9sz\u00fcl\u00e9k ergonomikusan k\u00e9nyelmesen illeszkedik a k\u00e9zbe, \u00e9s elegend\u0151 elektromos tartal\u00e9kkal rendelkezik a hosszabb haszn\u00e1lat sor\u00e1n.<\/p>\n<p style=\"text-align: justify;\">Ezenk\u00edv\u00fcl a USB Type-C interf\u00e9sz integr\u00e1l\u00e1sa modern elektronikai szabv\u00e1nyokat vezet be az eldobhat\u00f3 vape szegmensbe. A Type-C t\u00f6lt\u00e9s nem csup\u00e1n a fogyaszt\u00f3i k\u00e9nyelemr\u0151l sz\u00f3l; szabv\u00e1nyos\u00edtott energiaell\u00e1t\u00e1st biztos\u00edt. A bels\u0151 \u00e1ramk\u00f6r\u00f6k alapvet\u0151 biztons\u00e1gi int\u00e9zked\u00e9seket tartalmaznak, bele\u00e9rtve a t\u00falt\u00f6lt\u00e9sv\u00e9delmet, a t\u00falmer\u00fcl\u00e9sv\u00e9delmet \u00e9s a r\u00f6vidz\u00e1rlat-megel\u0151z\u00e9st. Ezek a hardveres szint\u0171 biztons\u00e1gi mechanizmusok kritikusak a \u00fajrat\u00f6lthet\u0151 eldobhat\u00f3 vape-ok m\u0171k\u00f6d\u00e9si integrit\u00e1s\u00e1nak fenntart\u00e1sa szempontj\u00e1b\u00f3l, cs\u00f6kkentve a l\u00edtium-ion akkumul\u00e1torcell\u00e1kkal kapcsolatos kock\u00e1zatokat.<\/p>\n<h3 style=\"color: #34495e; margin-top: 30px;\">Termodinamika: Az 1,2\u03a9 h\u00e1l\u00f3s tekercs el\u0151nyei<\/h3>\n<p style=\"text-align: justify;\">A g\u0151ztermel\u00e9si min\u0151s\u00e9g meghat\u00e1roz\u00f3 jellemz\u0151je a f\u0171t\u0151elem termodinamikai hat\u00e9konys\u00e1ga. A szabv\u00e1nyos eszk\u00f6z\u00f6k gyakran hagyom\u00e1nyos k\u00f6r alak\u00fa huzaltekercseket haszn\u00e1lnak, amelyek egyenetlen f\u0171t\u00e9si z\u00f3n\u00e1kat hozhatnak l\u00e9tre. A BANG Crown Bar megker\u00fcli ezt a korl\u00e1toz\u00e1st egy 1,2\u03a9-os h\u00e1l\u00f3s f\u0171t\u00e9si m\u00e1trix haszn\u00e1lat\u00e1val.<\/p>\n<p style=\"text-align: justify;\">A h\u00e1l\u00f3 magja egy sz\u0151tt f\u00e9mh\u00e1l\u00f3b\u00f3l \u00e1ll, amely jelent\u0151sen megn\u00f6veli a bels\u0151 nedvsz\u00edv\u00f3 anyaggal \u00e9rintkez\u0151 fel\u00fcletet. Amikor elektromos \u00e1ram halad \u00e1t az 1,2\u03a9-os h\u00e1l\u00f3n, a h\u0151 azonnal \u00e9s egyenletesen oszlik el az eg\u00e9sz r\u00e1cson. Ez az egyenletes h\u0151eloszl\u00e1s megakad\u00e1lyozza, hogy a nedvsz\u00edv\u00f3 anyag t\u00fall\u00e9pje az \u00fczemi h\u0151m\u00e9rs\u00e9klet-hat\u00e1rokat, \u00edgy az els\u0151 m\u0171k\u00f6dtet\u00e9st\u0151l az utols\u00f3ig egyenletes, sima kimenetet biztos\u00edt. Empirikus vizsg\u00e1latok azt mutatj\u00e1k, hogy az 1,2 ohmos ellen\u00e1ll\u00e1si profil a matematikai optimum a nagy mennyis\u00e9g\u0171 g\u0151ztermel\u00e9s \u00e9s a szigor\u00fa akkumul\u00e1tor-megtakar\u00edt\u00e1s k\u00f6z\u00f6tti egyens\u00falyhoz.<\/p>\n<div style=\"text-align: center; margin: 40px 0;\"><img loading=\"lazy\" decoding=\"async\" class=\"alignnone wp-image-29982 size-large\" style=\"max-width: 100%; height: auto; border-radius: 8px; box-shadow: 0 4px 15px rgba(0,0,0,0.1);\" src=\"https:\/\/vapexyz.com\/wp-content\/uploads\/2024\/08\/Bang-18000-1-1-647x1024.webp\" alt=\"BANG Crown Bar 18000 Puffs 0% 2% 3% 5% Alacsony nikotintartalm\u00fa t\u00f6meges v\u00e1s\u00e1rl\u00e1s \u00dajrat\u00f6lthet\u0151 eldobhat\u00f3 Vapes toll nagykeresked\u00e9s\" width=\"647\" height=\"1024\" title=\"\" srcset=\"https:\/\/vapexyz.com\/wp-content\/uploads\/2024\/08\/Bang-18000-1-1-647x1024.webp 647w, https:\/\/vapexyz.com\/wp-content\/uploads\/2024\/08\/Bang-18000-1-1-316x500.webp 316w, https:\/\/vapexyz.com\/wp-content\/uploads\/2024\/08\/Bang-18000-1-1-768x1215.webp 768w, https:\/\/vapexyz.com\/wp-content\/uploads\/2024\/08\/Bang-18000-1-1-971x1536.webp 971w, https:\/\/vapexyz.com\/wp-content\/uploads\/2024\/08\/Bang-18000-1-1-8x12.webp 8w, https:\/\/vapexyz.com\/wp-content\/uploads\/2024\/08\/Bang-18000-1-1-510x807.webp 510w, https:\/\/vapexyz.com\/wp-content\/uploads\/2024\/08\/Bang-18000-1-1.webp 1080w\" sizes=\"auto, (max-width: 647px) 100vw, 647px\" \/><\/div>\n<h2 style=\"color: #2c3e50; border-bottom: 2px solid #3498db; padding-bottom: 10px; margin-top: 40px;\">Kurat\u00e1lt \u00c9rz\u00e9kszervi Profilok: Egy Pr\u00e9mium V\u00e1logat\u00e1s<\/h2>\n<p style=\"text-align: justify;\">A k\u00e9sz\u00fcl\u00e9k \u00e1ltal ny\u00fajtott \u00e9rz\u00e9kszervi \u00e9lm\u00e9ny \u00e9ppoly fontos, mint a mechanikai megb\u00edzhat\u00f3s\u00e1ga. A BANG Crown Bar 18000 Puffs sorozatot \u00fagy alak\u00edtott\u00e1k ki, hogy sz\u00e9les sk\u00e1l\u00e1j\u00e1t k\u00edn\u00e1lja a k\u00fcl\u00f6nb\u00f6z\u0151, gondosan kiegyens\u00falyozott aromaprofiloknak. Vegyi m\u00e9rn\u00f6keink a stabilit\u00e1sra \u00e9s a k\u00f6vetkezetess\u00e9gre \u00f6sszpontos\u00edtottak, biztos\u00edtva, hogy a botanikai \u00e9s gy\u00fcm\u00f6lcs\u00f6s esszenci\u00e1k \u00e9rintetlenek maradjanak a k\u00e9sz\u00fcl\u00e9k hosszabb \u00e9lettartama alatt.<\/p>\n<p style=\"text-align: justify;\">A kiskereskedelmi \u00e9s nagykereskedelmi partnerek az al\u00e1bbi szigor\u00faan kidolgozott kombin\u00e1ci\u00f3k k\u00f6z\u00fcl v\u00e1laszthatnak, hogy megfeleljenek a k\u00fcl\u00f6nb\u00f6z\u0151 fogyaszt\u00f3i preferenci\u00e1knak:<\/p>\n<ul style=\"list-style-type: none; padding: 0; display: grid; grid-template-columns: repeat(auto-fit, minmax(250px, 1fr)); gap: 10px; margin-top: 20px;\">\n<li style=\"background-color: #f1f8ff; padding: 12px 15px; border-radius: 5px; border-left: 3px solid #3498db;\">Epres mang\u00f3<\/li>\n<li style=\"background-color: #f1f8ff; padding: 12px 15px; border-radius: 5px; border-left: 3px solid #3498db;\">Eperfagylalt<\/li>\n<li style=\"background-color: #f1f8ff; padding: 12px 15px; border-radius: 5px; border-left: 3px solid #3498db;\">Sakura sz\u0151l\u0151<\/li>\n<li style=\"background-color: #f1f8ff; padding: 12px 15px; border-radius: 5px; border-left: 3px solid #3498db;\">G\u00f6r\u00f6gdinnye fagylalt<\/li>\n<li style=\"background-color: #f1f8ff; padding: 12px 15px; border-radius: 5px; border-left: 3px solid #3498db;\">\u00c1fonya M\u00e1lna Fagylalt<\/li>\n<li style=\"background-color: #f1f8ff; padding: 12px 15px; border-radius: 5px; border-left: 3px solid #3498db;\">Kivi Passi\u00f3gy\u00fcm\u00f6lcs Guava<\/li>\n<li style=\"background-color: #f1f8ff; padding: 12px 15px; border-radius: 5px; border-left: 3px solid #3498db;\">Epres Kiwi<\/li>\n<li style=\"background-color: #f1f8ff; padding: 12px 15px; border-radius: 5px; border-left: 3px solid #3498db;\">Energia ital<\/li>\n<li style=\"background-color: #f1f8ff; padding: 12px 15px; border-radius: 5px; border-left: 3px solid #3498db;\">\u0150szibarack mang\u00f3 g\u00f6r\u00f6gdinnye<\/li>\n<li style=\"background-color: #f1f8ff; padding: 12px 15px; border-radius: 5px; border-left: 3px solid #3498db;\">Friss menta<\/li>\n<li style=\"background-color: #f1f8ff; padding: 12px 15px; border-radius: 5px; border-left: 3px solid #3498db;\">\u00c1fonya fagylalt<\/li>\n<li style=\"background-color: #f1f8ff; padding: 12px 15px; border-radius: 5px; border-left: 3px solid #3498db;\">Anan\u00e1sz-k\u00f3kusz fagylalt<\/li>\n<li style=\"background-color: #f1f8ff; padding: 12px 15px; border-radius: 5px; border-left: 3px solid #3498db;\">Eper Guava<\/li>\n<li style=\"background-color: #f1f8ff; padding: 12px 15px; border-radius: 5px; border-left: 3px solid #3498db;\">Vegyes gy\u00fcm\u00f6lcs<\/li>\n<li style=\"background-color: #f1f8ff; padding: 12px 15px; border-radius: 5px; border-left: 3px solid #3498db;\">Fekete j\u00e9gkr\u00e9m<\/li>\n<\/ul>\n<h2 style=\"color: #2c3e50; border-bottom: 2px solid #3498db; padding-bottom: 10px; margin-top: 40px;\">Nagykereskedelmi Forgalmaz\u00e1si \u00e9s Ell\u00e1t\u00e1si L\u00e1nc Hat\u00f3s\u00e1g<\/h2>\n<p style=\"text-align: justify;\">A VapeXYZ nem csup\u00e1n besz\u00e1ll\u00edt\u00f3k\u00e9nt, hanem strat\u00e9giai ell\u00e1t\u00e1si l\u00e1nc partnerk\u00e9nt m\u0171k\u00f6dik a vil\u00e1g v\u00e1llalatai sz\u00e1m\u00e1ra. Nyolc \u00e9vnyi elk\u00f6telezett B2B tev\u00e9kenys\u00e9ggel logisztikai infrastrukt\u00far\u00e1nkat \u00fagy tervezt\u00fck, hogy t\u00e1mogassa mind a felt\u00f6rekv\u0151 kiskereskedelmi \u00fczleteket, mind a j\u00f3l megalapozott nagyv\u00e1llalkoz\u00e1s forgalmaz\u00f3kat.<\/p>\n<p style=\"text-align: justify;\">A nagy mennyis\u00e9g\u0171 eldobhat\u00f3 vape beszerz\u00e9se megb\u00edzhat\u00f3 partnert ig\u00e9nyel, aki garant\u00e1lni tudja a term\u00e9kek hiteless\u00e9g\u00e9t, sk\u00e1l\u00e1zhat\u00f3 k\u00e9szletmegold\u00e1sokat ny\u00fajt, \u00e9s szigor\u00fa min\u0151s\u00e9gbiztos\u00edt\u00e1st tart fenn. Itt van, mi\u00e9rt \u00e9rdemes a VapeXYZ-szel partneri kapcsolatot kialak\u00edtani a BANG Crown Bar k\u00e9szlet\u00e9hez:<\/p>\n<ul style=\"line-height: 1.8; margin-top: 20px;\">\n<li>Sk\u00e1l\u00e1zhat\u00f3 gazdas\u00e1goss\u00e1g: A l\u00e9pcs\u0151zetes \u00e1rk\u00e9pz\u00e9si strukt\u00far\u00e1nk biztos\u00edtja, hogy a nagy mennyis\u00e9g\u0171 v\u00e1s\u00e1rl\u00e1sok jelent\u0151sen cs\u00f6kkentik az egys\u00e9gk\u00f6lts\u00e9get. Ez b\u0151v\u00edti a kiskereskedelmi \u00fczemeltet\u0151k profitmargin\u00e1t an\u00e9lk\u00fcl, hogy vesz\u00e9lyeztetn\u00e9 a v\u00e9gfelhaszn\u00e1l\u00f3knak k\u00edn\u00e1lt eldobhat\u00f3 vape term\u00e9kek min\u0151s\u00e9g\u00e9t.<\/li>\n<li>Soha nem l\u00e1tott hozz\u00e1f\u00e9rhet\u0151s\u00e9g (alacsony minim\u00e1lis rendel\u00e9si mennyis\u00e9g):  A piac v\u00e1ltozatos ig\u00e9nyeinek felismer\u00e9s\u00e9vel optimaliz\u00e1ltuk disztrib\u00faci\u00f3s h\u00e1l\u00f3zatunkat, hogy mind\u00f6ssze 10 darabos minim\u00e1lis rendel\u00e9si mennyis\u00e9get (MOQ) enged\u00e9lyezz\u00fcnk. Ez demokratiz\u00e1lja a pr\u00e9mium hardverhez val\u00f3 hozz\u00e1f\u00e9r\u00e9st, lehet\u0151v\u00e9 t\u00e9ve a kisebb besz\u00e1ll\u00edt\u00f3k sz\u00e1m\u00e1ra a helyi piaci trendek tesztel\u00e9s\u00e9t neh\u00e9z t\u0151kelek\u00f6t\u00e9s n\u00e9lk\u00fcl.<\/li>\n<li>OEM\/ODM testreszab\u00e1si lehet\u0151s\u00e9gek: A piaci megk\u00fcl\u00f6nb\u00f6ztet\u00e9st keres\u0151 m\u00e1rk\u00e1k sz\u00e1m\u00e1ra \u00e1tfog\u00f3 Original Equipment Manufacturer (OEM) \u00e9s Original Design Manufacturer (ODM) szolg\u00e1ltat\u00e1sokat k\u00edn\u00e1lunk. Az \u00fcgyfelek be\u00e9p\u00edthetik a szem\u00e9lyre szabott log\u00f3kat, egyedi sz\u00edn\u00f6ssze\u00e1ll\u00edt\u00e1sokat \u00e9s saj\u00e1t k\u00fcls\u0151 terveket k\u00f6zvetlen\u00fcl a gy\u00e1rt\u00e1si folyamatba.<\/li>\n<li>Szigor\u00fa min\u0151s\u00e9gbiztos\u00edt\u00e1s (QA): Az eldobhat\u00f3 vape-k minden t\u00e9tel\u00e9t gondos ellen\u0151rz\u00e9snek vetik al\u00e1. Affili\u00e1lt gy\u00e1rt\u00e1si l\u00e9tes\u00edtm\u00e9nyeink betartj\u00e1k az elektronikai gy\u00e1rt\u00e1s magas sz\u00ednvonal\u00e1t, az eszk\u00f6z\u00f6ket automatiz\u00e1lt sz\u00edv\u00e1s-tesztnek, akkumul\u00e1tor ciklus \u00e9rt\u00e9kel\u00e9snek \u00e9s struktur\u00e1lis integrit\u00e1s ellen\u0151rz\u00e9snek vetik al\u00e1 a glob\u00e1lis sz\u00e1ll\u00edt\u00e1s el\u0151tt.<\/li>\n<\/ul>\n<p style=\"text-align: justify;\">A VapeXYZ-en kereszt\u00fcl t\u00f6rt\u00e9n\u0151 BANG Crown Bar kiv\u00e1laszt\u00e1s\u00e1val olyan term\u00e9kbe fektet be, amely \u00f6tv\u00f6zi a leg\u00fajabb termodinamikai m\u00e9rn\u00f6ki munk\u00e1t a verifik\u00e1lhat\u00f3 ell\u00e1t\u00e1si l\u00e1nc megb\u00edzhat\u00f3s\u00e1g\u00e1val. \u00dcgyeljen arra, hogy k\u00e9szlet\u00e9t olyan hardverrel t\u00f6ltse fel, amely megfelel a mai t\u00e1j\u00e9kozott fogyaszt\u00f3k szigor\u00fa k\u00f6vetelm\u00e9nyeinek.<\/p>\n<h3 style=\"color: #34495e; margin-top: 40px;\">F\u0151bb Pontok GYIK: M\u0171szaki \u00e9s Nagykereskedelmi Inform\u00e1ci\u00f3k<\/h3>\n<div class=\"faq-section\" style=\"background-color: #ffffff; border: 1px solid #e0e0e0; border-radius: 8px; padding: 25px; margin-top: 20px; box-shadow: 0 4px 6px rgba(0,0,0,0.05);\">\n<h4 style=\"font-weight: bold; color: #2c3e50; margin-top: 0; font-size: 1.1em;\">Hogyan igazolj\u00e1k empirikusan a 18 000 sz\u00edv\u00e1sos \u00e9rt\u00e9kel\u00e9st?<\/h4>\n<p style=\"color: #555; margin-bottom: 20px;\">A kapacit\u00e1s \u00e9rt\u00e9kel\u00e9s\u00e9t laborat\u00f3riumi k\u00f6rnyezetben, automatiz\u00e1lt pneumatikus vizsg\u00e1l\u00f3berendez\u00e9sek seg\u00edts\u00e9g\u00e9vel hat\u00e1rozz\u00e1k meg. Ezek a g\u00e9pek szimul\u00e1lj\u00e1k a szabv\u00e1nyos\u00edtott emberi bel\u00e9gz\u00e9st (\u00e1ltal\u00e1ban 1,5-2,0 m\u00e1sodperc per aktiv\u00e1l\u00e1s), hogy kisz\u00e1m\u00edts\u00e1k a 13 ml-es tart\u00e1lyb\u00f3l sz\u00e1rmaz\u00f3 teljes hozamot, miel\u0151tt a bels\u0151 f\u0171t\u0151elem szign\u00e1lja a kimer\u00fcl\u00e9st. A t\u00e9nyleges val\u00f3s eredm\u00e9nyek v\u00e1ltozhatnak az egy\u00e9ni bel\u00e9gz\u00e9si m\u00e9lys\u00e9g \u00e9s id\u0151tartam alapj\u00e1n.<\/p>\n<h4 style=\"font-weight: bold; color: #2c3e50; margin-top: 15px; font-size: 1.1em;\">Milyen tan\u00fas\u00edtv\u00e1nyok szab\u00e1lyozz\u00e1k ezeknek az eldobhat\u00f3 vape term\u00e9keknek a gy\u00e1rt\u00e1s\u00e1t?<\/h4>\n<p style=\"color: #555; margin-bottom: 20px;\">Az elektronikai alkatr\u00e9szeket, bele\u00e9rtve a bels\u0151 akkumul\u00e1tort \u00e9s a t\u00f6lt\u0151 \u00e1ramk\u00f6rt, olyan l\u00e9tes\u00edtm\u00e9nyekben gy\u00e1rtj\u00e1k, amelyek \u00e1ltal\u00e1ban megfelelnek a fogyaszt\u00f3i elektronikai term\u00e9kekre vonatkoz\u00f3 nemzetk\u00f6zi szabv\u00e1nyoknak, p\u00e9ld\u00e1ul a RoHS (vesz\u00e9lyes anyagok korl\u00e1toz\u00e1sa) \u00e9s a CE jel\u00f6l\u00e9si szabv\u00e1nyoknak, biztos\u00edtva, hogy a hardver biztons\u00e1gos legyen az \u00e1ltal\u00e1nos kezel\u00e9shez \u00e9s m\u0171k\u00f6d\u00e9shez.<\/p>\n<h4 style=\"font-weight: bold; color: #2c3e50; margin-top: 15px; font-size: 1.1em;\">3. Mi az aj\u00e1nlott t\u00f6lt\u00e9si protokoll a k\u00e9sz\u00fcl\u00e9khez?<\/h4>\n<p style=\"color: #555; margin-bottom: 20px;\">A k\u00e9sz\u00fcl\u00e9k egy Type-C porttal rendelkezik, amely szabv\u00e1nyos 5V DC bemenetre van tervezve. Nagyon aj\u00e1nlott szabv\u00e1nyos kereskedelmi t\u00f6lt\u0151blokkok haszn\u00e1lata a nagyfesz\u00fclts\u00e9g\u0171 gyors t\u00f6lt\u0151k (p\u00e9ld\u00e1ul neh\u00e9z teher\u0171 laptop t\u00f6lt\u0151k) helyett, hogy meg\u0151rizz\u00e9k a 16350 l\u00edtium-ion cella k\u00e9miai \u00e9lettartam\u00e1t \u00e9s megel\u0151zz\u00e9k a termikus stresszt a t\u00f6lt\u00e9si f\u00e1zis alatt.<\/p>\n<h4 style=\"font-weight: bold; color: #2c3e50; margin-top: 15px; font-size: 1.1em;\">4. K\u00e9rhetem-e, hogy az \u00e9n v\u00e1llalkoz\u00e1som k\u00e9rjen egyedi k\u00fcls\u0151 m\u00f3dos\u00edt\u00e1sokat?<\/h4>\n<p style=\"color: #555; margin-bottom: 0;\">Igen. OEM\/ODM szolg\u00e1ltat\u00e1sainkon kereszt\u00fcl a nagykereskedelmi partnerek k\u00e9rhetik a kozmetikai m\u00f3dos\u00edt\u00e1sokat, bele\u00e9rtve a szem\u00e9lyre szabott m\u00e1rka\u00e9p\u00edt\u00e9st \u00e9s a log\u00f3 elhelyez\u00e9s\u00e9t is, lehet\u0151v\u00e9 t\u00e9ve a v\u00e1llalkoz\u00e1sok sz\u00e1m\u00e1ra, hogy egyedi v\u00e1ltozatokat hozzanak l\u00e9tre ezekb\u0151l a pr\u00e9mium eldobhat\u00f3 vape-okb\u00f3l a saj\u00e1t kiskereskedelmi k\u00f6rnyezet\u00fckh\u00f6z.<\/p>\n<\/div>\n<\/article>","protected":false},"excerpt":{"rendered":"<div class=\"flex-shrink-0 flex flex-col relative items-end\">\n<div class=\"pt-0\">\n<div class=\"gizmo-shadow-stroke flex h-8 w-8 items-center justify-center overflow-hidden rounded-full\">\n<div class=\"h-full w-full\">\n<div class=\"gizmo-shadow-stroke overflow-hidden rounded-full\">Fedezze fel a Vapexyz BANG Crown Bar 18000 Puffs, eredeti gy\u00e1ri nagykereskedelmi nagykereskedelmi eldobhat\u00f3 vape-jait, amelyek kiv\u00e9teles min\u0151s\u00e9get \u00e9s v\u00e1ltozatos g\u0151z\u00f6l\u00e9si \u00e9lm\u00e9nyeket biztos\u00edtanak.<\/div>\n<\/div>\n<\/div>\n<\/div>\n<\/div>","protected":false},"featured_media":30000,"comment_status":"open","ping_status":"closed","template":"","meta":{"_lmt_disableupdate":"no","_lmt_disable":""},"product_brand":[],"product_cat":[821,997,1018,1020,935,934,927,929,928,930,933,939,932,938,931,936,937,1017,1021,946,1023,1024,1025,1026,951,1029,1030,1031,1032,1033,1034,953,1037,820,987,1038],"product_tag":[],"class_list":{"0":"post-29844","1":"product","2":"type-product","3":"status-publish","4":"has-post-thumbnail","6":"product_cat-bang","7":"product_cat-18000-puff-vapes","8":"product_cat-apple-flavor-disposable-vapes","9":"product_cat-blueberry-flavor-disposable-vapes","10":"product_cat-bulk-buy-disposable-vapes-in-austria","11":"product_cat-bulk-buy-disposable-vapes-in-belgium","12":"product_cat-bulk-buy-disposable-vapes-in-europe","13":"product_cat-bulk-buy-disposable-vapes-in-france","14":"product_cat-bulk-buy-disposable-vapes-in-germany","15":"product_cat-bulk-buy-disposable-vapes-in-italy","16":"product_cat-bulk-buy-disposable-vapes-in-netherlands","17":"product_cat-bulk-buy-disposable-vapes-in-norway","18":"product_cat-bulk-buy-disposable-vapes-in-poland","19":"product_cat-bulk-buy-disposable-vapes-in-portugal","20":"product_cat-bulk-buy-disposable-vapes-in-spain","21":"product_cat-bulk-buy-disposable-vapes-in-sweden","22":"product_cat-bulk-buy-disposable-vapes-in-switzerland","23":"product_cat-buy-best-disposable-vape-flavors","24":"product_cat-cherry-flavor-disposable-vapes","25":"product_cat-disposable-vapes-series","26":"product_cat-grape-flavor-disposable-vapes","27":"product_cat-guava-flavor-disposable-vapes","28":"product_cat-ice-flavor-disposable-vapes","29":"product_cat-kiwi-flavor-disposable-vapes","30":"product_cat-lower-nicotine-vapes","31":"product_cat-mango-flavor-disposable-vapes","32":"product_cat-mint-flavor-disposable-vapes","33":"product_cat-mixed-berries-flavor-disposable-vapes","34":"product_cat-passion-fruit-flavor-disposable-vapes","35":"product_cat-peach-flavor-disposable-vapes","36":"product_cat-pineapple-flavor-disposable-vapes","37":"product_cat-rechargeable-vapes","38":"product_cat-strawberry-flavor-disposable-vapes","39":"product_cat-vape","40":"product_cat-vape-shop-by-puffs","41":"product_cat-watermelon-flavor-disposable-vapes","43":"first","44":"outofstock","45":"shipping-taxable","46":"purchasable","47":"product-type-variable","48":"has-default-attributes"},"jetpack_sharing_enabled":true,"tiered_pricing_type":"fixed","tiered_pricing_fixed_rules":[],"tiered_pricing_product_settings":{"layout":"default","base_unit_name":{"singular":null,"plural":null},"default_variation":null},"tiered_pricing_minimum_quantity":null,"tiered_pricing_roles_data":[],"tiered_pricing_percentage_rules":[],"tiered_pricing_maximum_quantity":null,"tiered_pricing_quantity_step":null,"_links":{"self":[{"href":"https:\/\/vapexyz.com\/hu\/wp-json\/wp\/v2\/product\/29844","targetHints":{"allow":["GET"]}}],"collection":[{"href":"https:\/\/vapexyz.com\/hu\/wp-json\/wp\/v2\/product"}],"about":[{"href":"https:\/\/vapexyz.com\/hu\/wp-json\/wp\/v2\/types\/product"}],"replies":[{"embeddable":true,"href":"https:\/\/vapexyz.com\/hu\/wp-json\/wp\/v2\/comments?post=29844"}],"wp:featuredmedia":[{"embeddable":true,"href":"https:\/\/vapexyz.com\/hu\/wp-json\/wp\/v2\/media\/30000"}],"wp:attachment":[{"href":"https:\/\/vapexyz.com\/hu\/wp-json\/wp\/v2\/media?parent=29844"}],"wp:term":[{"taxonomy":"product_brand","embeddable":true,"href":"https:\/\/vapexyz.com\/hu\/wp-json\/wp\/v2\/product_brand?post=29844"},{"taxonomy":"product_cat","embeddable":true,"href":"https:\/\/vapexyz.com\/hu\/wp-json\/wp\/v2\/product_cat?post=29844"},{"taxonomy":"product_tag","embeddable":true,"href":"https:\/\/vapexyz.com\/hu\/wp-json\/wp\/v2\/product_tag?post=29844"}],"curies":[{"name":"wp","href":"https:\/\/api.w.org\/{rel}","templated":true}]}}