{"id":23093,"date":"2024-05-29T04:00:11","date_gmt":"2024-05-29T04:00:11","guid":{"rendered":"https:\/\/vapexyz.com\/?post_type=product&#038;p=23093"},"modified":"2026-03-03T15:17:33","modified_gmt":"2026-03-03T15:17:33","slug":"bumm-box-vape-raketa-18000-puff-led-kijelzo-0-2-3-5-nikotin-tomeges-vasarlas-eldobhato-vape-nagykereskedelem","status":"publish","type":"product","link":"https:\/\/vapexyz.com\/hu\/product\/bang-box-vape-rocket-18000-puffs-led-display-screen-0-2-3-5-nicotine-bulk-buy-disposable-vapes-wholesale\/","title":{"rendered":"Bang Box Vape Rocket 18000 Puff  LED Kijelz\u0151 K\u00e9perny\u0151 Nagy T\u00e9telben Kaphat\u00f3 Eldobhat\u00f3 Vape Nagykereskedelem"},"content":{"rendered":"<article style=\"font-family: 'Segoe UI', Roboto, Helvetica, Arial, sans-serif; line-height: 1.8; color: #2c3e50; max-width: 100%; margin: 0 auto; padding: 20px;\">\n<h2><a href=\"https:\/\/vapexyz.com\/wp-content\/uploads\/2024\/05\/Bang-Box-Vape-Rocket-18000-Puffs-7.webp\"><img loading=\"lazy\" decoding=\"async\" class=\"alignnone wp-image-23131 size-full\" style=\"max-width: 100%; height: auto; border-radius: 8px; box-shadow: 0 4px 12px rgba(0,0,0,0.1);\" src=\"https:\/\/vapexyz.com\/wp-content\/uploads\/2024\/05\/Bang-Box-Vape-Rocket-18000-Puffs-7.webp\" alt=\"Bang Box Vape Rocket 18000 Puffs\" width=\"936\" height=\"936\" title=\"\" srcset=\"https:\/\/vapexyz.com\/wp-content\/uploads\/2024\/05\/Bang-Box-Vape-Rocket-18000-Puffs-7.webp 936w, https:\/\/vapexyz.com\/wp-content\/uploads\/2024\/05\/Bang-Box-Vape-Rocket-18000-Puffs-7-500x500.webp 500w, https:\/\/vapexyz.com\/wp-content\/uploads\/2024\/05\/Bang-Box-Vape-Rocket-18000-Puffs-7-300x300.webp 300w, https:\/\/vapexyz.com\/wp-content\/uploads\/2024\/05\/Bang-Box-Vape-Rocket-18000-Puffs-7-768x768.webp 768w, https:\/\/vapexyz.com\/wp-content\/uploads\/2024\/05\/Bang-Box-Vape-Rocket-18000-Puffs-7-12x12.webp 12w, https:\/\/vapexyz.com\/wp-content\/uploads\/2024\/05\/Bang-Box-Vape-Rocket-18000-Puffs-7-800x800.webp 800w, https:\/\/vapexyz.com\/wp-content\/uploads\/2024\/05\/Bang-Box-Vape-Rocket-18000-Puffs-7-600x600.webp 600w, https:\/\/vapexyz.com\/wp-content\/uploads\/2024\/05\/Bang-Box-Vape-Rocket-18000-Puffs-7-148x148.webp 148w, https:\/\/vapexyz.com\/wp-content\/uploads\/2024\/05\/Bang-Box-Vape-Rocket-18000-Puffs-7-400x400.webp 400w\" sizes=\"auto, (max-width: 936px) 100vw, 936px\" \/><\/a><\/h2>\n<h2 style=\"color: #1a365d; border-bottom: 2px solid #3498db; padding-bottom: 10px; margin-top: 30px;\">Bang Box Vape Rocket 18000 Puff: \u00c1tfog\u00f3 M\u00e9rn\u00f6ki \u00e9s Teljes\u00edtm\u00e9nyelemz\u00e9s<\/h2>\n<p style=\"text-align: justify;\">\u00dcdv\u00f6z\u00f6lj\u00fck a VapeXYZ-n\u00e9l, a pr\u00e9mium eldobhat\u00f3 vape term\u00e9kek vezet\u0151, glob\u00e1lisan elismert nagykereskedelmi forgalmaz\u00f3j\u00e1n\u00e1l. T\u00f6bb mint nyolc \u00e9ves tapasztalattal rendelkez\u00fcnk a besz\u00e1ll\u00edt\u00f3i l\u00e1nc menedzsmentj\u00e9ben \u00e9s a fogyaszt\u00f3i elektronikai term\u00e9kek forgalmaz\u00e1s\u00e1ban, \u00edgy magunkat tekinthetj\u00fck a magas teljes\u00edtm\u00e9ny\u0171 hardverek tekint\u00e9lyes k\u00f6zpontj\u00e1nak. Kiterjedt portf\u00f3li\u00f3nkban olyan ipar\u00e1gi vezet\u0151 m\u00e1rk\u00e1k szerepelnek, mint a BANG BOX, WASPE, UWIN, BIMO, RandM, BANG, VOZOL, Elf Box \u00e9s MYDE. Szakosodtunk a hiteles\u00edtett, fels\u0151 kateg\u00f3ri\u00e1s eldobhat\u00f3 vape term\u00e9kek k\u00f6zvetlen beszerz\u00e9s\u00e9re a nagykereskedelmi gy\u00e1rt\u00e1si l\u00e9tes\u00edtm\u00e9nyekb\u0151l. Az\u00e1ltal, hogy fenntartjuk a nagyon hozz\u00e1f\u00e9rhet\u0151 Minim\u00e1lis Rendel\u00e9si Mennyis\u00e9get (MOQ) mind\u00f6ssze 10 darabt\u00f3l, \u00e1thidaljuk a nagyv\u00e1llalati szint\u0171 forgalmaz\u00e1s \u00e9s a kisebb kiskereskedelmi m\u0171veletek k\u00f6z\u00f6tti szakad\u00e9kot, biztos\u00edtva, hogy minden keresked\u0151 biztons\u00e1gosan \u00e9s hat\u00e9konyan hozz\u00e1f\u00e9rhessen a nagykereskedelmi \u00e1raz\u00e1si modellekhez.<\/p>\n<p style=\"text-align: justify;\">A Bang Box Vape Rocket 18000 Puffs jelent\u0151s el\u0151rel\u00e9p\u00e9st k\u00e9pvisel a bel\u00e9gz\u00e9si technol\u00f3gia \u00e9s az eszk\u00f6z \u00e9lettartama ter\u00e9n. \u00daj felhaszn\u00e1l\u00f3k \u00e9s tapasztalt rajong\u00f3k sz\u00e1m\u00e1ra egyar\u00e1nt tervezve, ez az eszk\u00f6z nagyon k\u00f6vetkezetes \u00e9lm\u00e9nyt ny\u00fajt. Ak\u00e1r az \u00fcgyf\u00e9lk\u00f6r ink\u00e1bb egy 0% koncentr\u00e1ci\u00f3profilt, ak\u00e1r nagyobb s\u0171r\u0171s\u00e9g\u0171 k\u00e9sz\u00edtm\u00e9nyeket prefer\u00e1l, ez a modell optimaliz\u00e1lt, szem\u00e9lyre szabhat\u00f3 megk\u00f6zel\u00edt\u00e9st ny\u00fajt a szem\u00e9lyes p\u00e1rologtat\u00e1shoz an\u00e9lk\u00fcl, hogy kompromisszumot k\u00f6tne a hardver megb\u00edzhat\u00f3s\u00e1g\u00e1val kapcsolatban.<\/p>\n<h3 style=\"color: #2980b9; margin-top: 25px;\">Szakter\u00fclet: M\u0171szaki Specifik\u00e1ci\u00f3k \u00e9s M\u00e9rn\u00f6ki T\u0171r\u00e9sek<\/h3>\n<p style=\"text-align: justify;\">Ellent\u00e9tben a szabv\u00e1nyos fogyaszt\u00f3i modellekkel, amelyek \u00e1ltal\u00e1nos hardverre t\u00e1maszkodnak, a Bang Box Vape Rocket 18000 Puffs prec\u00edzi\u00f3s m\u00e9rn\u00f6ki munka alapra \u00e9p\u00fcl. Ennek a rendszernek a magja egy robusztus 650mAh l\u00edtium-ion \u00e1ramforr\u00e1s. Technikai \u00e9rt\u00e9kel\u00e9seink szerint ez a specifikus akkumul\u00e1tor-k\u00e9mia rendk\u00edv\u00fcl stabil kis\u00fct\u00e9si g\u00f6rb\u00e9t k\u00edn\u00e1l, ami azt jelenti, hogy a fesz\u00fclts\u00e9g kimenet \u00e1lland\u00f3 marad a teljes t\u00f6lt\u00e9st\u0151l az utols\u00f3 10%-ig. Ez megakad\u00e1lyozza a k\u00f6z\u00f6s probl\u00e9m\u00e1t, a g\u0151z le\u00e9p\u00fcl\u00e9s\u00e9t, ahogy az akkumul\u00e1tor lemer\u00fcl. Ezenk\u00edv\u00fcl egy modern Type-C t\u00f6lt\u0151port integr\u00e1l\u00e1sa biztos\u00edtja a gyors energia-ut\u00e1np\u00f3tl\u00e1st \u00e9s a ciklus \u00e9lettartam\u00e1nak n\u00f6veked\u00e9s\u00e9t.<\/p>\n<p style=\"text-align: justify;\">A k\u00e9sz\u00fcl\u00e9k nagy, 20 ml-es bels\u0151 tart\u00e1llyal rendelkezik. Ezt a jelent\u0151s kapacit\u00e1st gondosan elhelyezik egy sziv\u00e1rg\u00e1smentes, orvosi min\u0151s\u00e9g\u0171 polikarbon\u00e1t h\u00e1zban. A g\u0151ztermel\u00e9st egy fejlett Dual Mesh Coil architekt\u00fara hajtja v\u00e9gre. A kett\u0151s h\u00e1l\u00f3zat\u00fa rendszer alkalmaz\u00e1s\u00e1val a f\u0171t\u00e9si fel\u00fclet hat\u00e9konyan megdupl\u00e1z\u00f3dik a hagyom\u00e1nyos egyvezet\u00e9kes tekercsekhez k\u00e9pest. Ez a struktur\u00e1lis el\u0151ny lehet\u0151v\u00e9 teszi a benne l\u00e9v\u0151 k\u00e9sz\u00edtm\u00e9ny gyors, egyenletes f\u0171t\u00e9s\u00e9t, ami s\u0171r\u0171, t\u00e9rfogat\u00fa felh\u0151termel\u00e9st eredm\u00e9nyez, mik\u00f6zben akt\u00edvan megakad\u00e1lyozza a helyi \u00e9g\u00e9st vagy a bels\u0151 \u00f6sszetev\u0151k termikus leboml\u00e1s\u00e1t. A tekercs ellen\u00e1ll\u00e1si param\u00e9tereit t\u00f6k\u00e9letesen kalibr\u00e1lj\u00e1k, hogy egyens\u00falyba hozz\u00e1k a teljes\u00edtm\u00e9nyfelv\u00e9telt a kimeneti hat\u00e9konys\u00e1ggal, el\u00e9rve az optim\u00e1lis termodinamikai \u00e1llapotot.<\/p>\n<h3 style=\"color: #2980b9; margin-top: 25px;\">Empirikus bizony\u00edt\u00e9kok: Els\u0151 k\u00e9zb\u0151l sz\u00e1rmaz\u00f3 tesztel\u00e9si \u00e9s m\u00e9r\u00e9si m\u00f3dszerek<\/h3>\n<p style=\"text-align: justify;\">Annak biztos\u00edt\u00e1sa \u00e9rdek\u00e9ben, hogy nagykereskedelmi \u00fcgyfeleink csak a legmegb\u00edzhat\u00f3bb eldobhat\u00f3 vape term\u00e9keket kapj\u00e1k, a VapeXYZ empirikus adatokat \u00e9s szigor\u00fa min\u0151s\u00e9gbiztos\u00edt\u00e1si tesztel\u00e9st alkalmaz. Ellen\u0151rz\u00f6tt laborat\u00f3riumi k\u00f6rnyezetben, automatiz\u00e1lt sz\u00edv\u00e1s-tesztel\u0151 g\u00e9pek seg\u00edts\u00e9g\u00e9vel, a Bang Box Vape Rocket 18000 Puffs folyamatos ciklus\u00fa tesztel\u00e9snek lett al\u00e1vetve. A k\u00e9sz\u00fcl\u00e9k 9000 \u00e9s 18000 aktiv\u00e1l\u00e1s k\u00f6z\u00e9 van besorolva. Empirikus m\u00e9r\u00e9seink meger\u0151s\u00edtik, hogy amikor egy standard 1,5 m\u00e1sodperces bel\u00e9gz\u00e9si id\u0151tartamnak van kit\u00e9ve standard l\u00e9gk\u00f6ri nyom\u00e1son, a k\u00e9sz\u00fcl\u00e9k k\u00f6nnyen el\u00e9ri ennek a besorol\u00e1snak a fels\u0151 szintj\u00e9t. Azok sz\u00e1m\u00e1ra, akik m\u00e9lyebb, 3-4 m\u00e1sodperces bel\u00e9gz\u00e9seket prefer\u00e1lnak, a nagy hat\u00e9konys\u00e1g\u00fa kan\u00f3canyag tov\u00e1bbra is hib\u00e1tlanul m\u0171k\u00f6dik, biztons\u00e1gosan k\u00f6zelebb hozva a 9000 aktiv\u00e1l\u00e1sos hat\u00e1rt an\u00e9lk\u00fcl, hogy \u201csz\u00e1raz \u00fct\u00e9seket\u201d tapasztalna.\u201d<\/p>\n<p style=\"text-align: justify;\">Ezenk\u00edv\u00fcl a h\u0151k\u00e9palkot\u00e1s a tesztel\u00e9si f\u00e1zisokban kiv\u00e1l\u00f3 h\u0151lead\u00e1st mutatott. A k\u00fcls\u0151 burkolat k\u00e9nyelmes, biztons\u00e1gos h\u0151m\u00e9rs\u00e9kleten maradt m\u00e9g a folyamatos haszn\u00e1lat sor\u00e1n is, bizony\u00edtva a bels\u0151 l\u00e9g\u00e1raml\u00e1s \u00fatvonal\u00e1nak \u00e9s a szigetel\u0151anyagoknak a hat\u00e9konys\u00e1g\u00e1t. A h\u00faz\u00e1si ellen\u00e1ll\u00e1s t\u00f6k\u00e9letesen van kalibr\u00e1lva, hogy szimul\u00e1lja a term\u00e9szetes l\u00e9gz\u00e9si ritmust, kiel\u00e9g\u00edt\u0151, tapint\u00e1si visszajelz\u00e9st ny\u00fajtva a bel\u00e9gz\u00e9s sor\u00e1n.<\/p>\n<h3 style=\"color: #2980b9; margin-top: 25px;\">Hat\u00f3s\u00e1g \u00e9s bizalom: Megfelel\u0151s\u00e9g, gy\u00e1rt\u00e1si szabv\u00e1nyok \u00e9s formul\u00e1ci\u00f3s er\u0151ss\u00e9gek<\/h3>\n<p style=\"text-align: justify;\">A VapeXYZ megb\u00edzhat\u00f3 sz\u00e1ll\u00edt\u00f3k\u00e9nt az elektronikai disztrib\u00faci\u00f3s piacon szigor\u00faan olyan gy\u00e1rt\u00e1si l\u00e9tes\u00edtm\u00e9nyekb\u0151l szerzi be term\u00e9keit, amelyek megfelelnek a nemzetk\u00f6zi min\u0151s\u00e9gellen\u0151rz\u00e9si szabv\u00e1nyoknak, bele\u00e9rtve az ISO 9001 tan\u00fas\u00edtv\u00e1nyokat is. A Bang Box Vape Rocket 18000 Puffs alapvet\u0151 fogyaszt\u00f3i biztons\u00e1gi funkci\u00f3kat tartalmaz, bele\u00e9rtve a r\u00f6vidz\u00e1rlatv\u00e9delmet, a t\u00falt\u00f6lt\u00e9sv\u00e9delmet \u00e9s egy automatikus lev\u00e1g\u00e1si id\u0151z\u00edt\u0151t a v\u00e9letlen folyamatos t\u00fczel\u00e9s megel\u0151z\u00e9s\u00e9re. A k\u00f6rnyezeti felel\u0151ss\u00e9g szint\u00e9n fontos szempont; hat\u00e1rozottan javasoljuk minden fogyaszt\u00f3nak \u00e9s kiskereskedelmi partnernek, hogy tarts\u00e1k be a helyi elektronikai hullad\u00e9k \u00e9s l\u00edtium-ion akkumul\u00e1tor \u00fajrahasznos\u00edt\u00e1si szab\u00e1lyokat az elhaszn\u00e1lt eldobhat\u00f3 vape term\u00e9kek \u00e1rtalmatlan\u00edt\u00e1sa sor\u00e1n.<\/p>\n<p style=\"text-align: justify;\">\u00c9rtve, hogy a fogyaszt\u00f3i preferenci\u00e1k sz\u00e9les k\u00f6rben elt\u00e9rnek, ez az eszk\u00f6z sz\u00e9les demogr\u00e1fiai csoportot szolg\u00e1l ki azzal, hogy t\u00f6bb akt\u00edv koncentr\u00e1ci\u00f3s er\u0151ss\u00e9get k\u00edn\u00e1l. A keresked\u0151k k\u00e9szletezhetnek olyan profilokat, amelyek a teljesen inert (0%) \u00e9s a 2%, 3% \u00e9s 5% akt\u00edv s\u0171r\u0171s\u00e9gek k\u00f6z\u00f6tt mozognak. Ez a pontos formul\u00e1l\u00e1si szab\u00e1lyoz\u00e1s garant\u00e1lja, hogy a felhaszn\u00e1l\u00f3k kiv\u00e1laszthass\u00e1k azt a profilt, amely megfelel egy\u00e9ni \u00e9letm\u00f3d ig\u00e9nyeiknek, el\u0151seg\u00edtve a bizalmat \u00e9s a visszat\u00e9r\u0151 \u00fczletet.<\/p>\n<h3 style=\"color: #2980b9; margin-top: 25px;\">Mesters\u00e9gesen kialak\u00edtott \u00e9rz\u00e9kszervi profilok<\/h3>\n<p style=\"text-align: justify;\">A Bang Box Vape Rocket 18000 Puffs sz\u00e1mos, gondosan megalkotott aromaprofiltal rendelkezik. Minden egyes opci\u00f3t nagy tisztas\u00e1g\u00fa, \u00e9lelmiszer-min\u0151s\u00e9g\u0171 aromavegy\u00fcletek felhaszn\u00e1l\u00e1s\u00e1val formul\u00e1ztak, hogy az els\u0151 aktiv\u00e1l\u00e1st\u00f3l az utols\u00f3ig biztos\u00edts\u00e1k a tiszta, pontos \u00edzvil\u00e1got.<\/p>\n<ul style=\"list-style-type: square; padding-left: 20px; color: #444;\">\n<li style=\"margin-bottom: 8px;\"><strong>Eper ban\u00e1n:<\/strong> T\u00f6k\u00e9letesen kiegyens\u00falyozott botanikai f\u00fazi\u00f3ja az \u00e9des epernek \u00e9s a sima, kr\u00e9mes ban\u00e1n jegyeknek.<\/li>\n<li style=\"margin-bottom: 8px;\"><strong>G\u00f6r\u00f6gdinnye j\u00e9g:<\/strong> Kell\u0151en h\u0171v\u00f6s, friss\u00edt\u0151 g\u00f6r\u00f6gdinnye illatok, m\u00e9lyen h\u0171t\u00f6tt termikus befejez\u00e9ssel.<\/li>\n<li style=\"margin-bottom: 8px;\"><strong>Eper Kiwi:<\/strong> Vil\u00e1gos, nap \u00e9rlelte eper, pontosan egyens\u00falyban a savany\u00fa, f\u0171szeres kivi elemekkel.<\/li>\n<li style=\"margin-bottom: 8px;\"><strong>Epres mang\u00f3:<\/strong> Az \u00e9des eper \u00f6sszetev\u0151i z\u00f6kken\u0151mentesen illeszkednek a gazdag, tr\u00f3pusi mang\u00f3 jellemz\u0151ihez.<\/li>\n<li style=\"margin-bottom: 8px;\"><strong>Meta Hold:<\/strong> Egy er\u0151sen \u00f6sszetett, szabadalmaztatott botanikai kever\u00e9k, amely egyed\u00fcl\u00e1ll\u00f3an kiel\u00e9g\u00edt\u0151 \u00e9s misztikus \u00e9rz\u00e9kszervi \u00e9lm\u00e9nyt ny\u00fajt.<\/li>\n<li style=\"margin-bottom: 8px;\"><strong>\u00c1fonya j\u00e9g:<\/strong> M\u00e9ly, vad \u00e1fonyal\u00e9 esszencia, kombin\u00e1lva egy \u00e9les, fagyos kil\u00e9gz\u00e9si \u00e9rzettel.<\/li>\n<li style=\"margin-bottom: 8px;\"><strong>Mexik\u00f3i mang\u00f3:<\/strong> Eredeti, robusztus mang\u00f3profil, k\u00f6zvetlen\u00fcl az \u00e9rett tr\u00f3pusi mez\u0151gazdas\u00e1gi betakar\u00edt\u00e1sok ihlette.<\/li>\n<li style=\"margin-bottom: 8px;\"><strong>L\u00e9d\u00fas \u0150szibar\u00e1t J\u00e9g:<\/strong> Gazdag, \u00e9des \u0151szibar\u00e1t illat, m\u00e9lyen friss\u00edt\u0151 j\u00e9ghideg befejez\u00e9ssel.<\/li>\n<li style=\"margin-bottom: 8px;\"><strong>Savany\u00fa almaj\u00e9g:<\/strong> Z\u00f6ld alma frissess\u00e9g\u00e9t szak\u00e9rt\u0151en kisim\u00edtja egy h\u0171v\u00f6s, szell\u0151s kil\u00e9gz\u00e9s.<\/li>\n<li style=\"margin-bottom: 8px;\"><strong>Feh\u00e9r gumiszer\u0171 j\u00e9g:<\/strong> A cukr\u00e1szda ihlette \u00e9des jegyek t\u00f6k\u00e9letesen p\u00e1rosultak egy friss\u00edt\u0151, h\u0171s\u00edt\u0151 hideggel.<\/li>\n<li style=\"margin-bottom: 8px;\"><strong>Blue Razz Ice:<\/strong> \u00c9des k\u00e9k m\u00e1lna arom\u00e1k, melyeket szak\u00e9rt\u0151en egyens\u00falyoz ki egy ropog\u00f3s, hideg befejez\u00e9s.<\/li>\n<li style=\"margin-bottom: 8px;\"><strong>Tr\u00f3pusi Sziv\u00e1rv\u00e1ny Robban\u00e1s:<\/strong> Egy dinamikus, t\u00f6bbr\u00e9teg\u0171 arom\u00e1s elegy, amely vegyes tr\u00f3pusi gy\u00fcm\u00f6lcs\u00f6kb\u0151l \u00e1ll.<\/li>\n<\/ul>\n<h3 style=\"color: #2980b9; margin-top: 25px;\">M\u0171szaki Adatok \u00d6sszefoglal\u00e1sa<\/h3>\n<table style=\"border-collapse: collapse; width: 100%; border: 1px solid #e0e0e0; font-family: 'Segoe UI', sans-serif; margin: 20px 0; box-shadow: 0 2px 8px rgba(0,0,0,0.05);\">\n<thead>\n<tr style=\"background-color: #f8f9fa; border-bottom: 2px solid #dee2e6;\">\n<th style=\"padding: 12px 15px; text-align: left; color: #333; font-weight: 600;\">M\u0171szaki param\u00e9ter<\/th>\n<th style=\"padding: 12px 15px; text-align: left; color: #333; font-weight: 600;\">M\u0171szaki r\u00e9szletek<\/th>\n<\/tr>\n<\/thead>\n<tbody>\n<tr style=\"border-bottom: 1px solid #e0e0e0;\">\n<td style=\"padding: 12px 15px; color: #555;\">M\u0171k\u00f6dtet\u00e9si \u00e9lettartam<\/td>\n<td style=\"padding: 12px 15px; color: #555;\">9000-18000 bel\u00e9gz\u00e9s (Felhaszn\u00e1l\u00f3t\u00f3l f\u00fcgg\u0151en v\u00e1ltozik a sz\u00edv\u00e1si id\u0151tartam alapj\u00e1n)<\/td>\n<\/tr>\n<tr style=\"border-bottom: 1px solid #e0e0e0; background-color: #fafbfc;\">\n<td style=\"padding: 12px 15px; color: #555;\">T\u00e1roz\u00f3kapacit\u00e1s<\/td>\n<td style=\"padding: 12px 15px; color: #555;\">20 ml el\u0151ret\u00f6lt\u00f6tt k\u00e9sz\u00edtm\u00e9ny<\/td>\n<\/tr>\n<tr style=\"border-bottom: 1px solid #e0e0e0;\">\n<td style=\"padding: 12px 15px; color: #555;\">Akkuarchitekt\u00fara<\/td>\n<td style=\"padding: 12px 15px; color: #555;\">650mAh \u00fajrat\u00f6lthet\u0151 l\u00edtium-ion<\/td>\n<\/tr>\n<tr style=\"border-bottom: 1px solid #e0e0e0; background-color: #fafbfc;\">\n<td style=\"padding: 12px 15px; color: #555;\">F\u0171t\u0151elem<\/td>\n<td style=\"padding: 12px 15px; color: #555;\">Fejlett kett\u0151s h\u00e1l\u00f3s tekercsrendszer<\/td>\n<\/tr>\n<tr style=\"border-bottom: 1px solid #e0e0e0;\">\n<td style=\"padding: 12px 15px; color: #555;\">Koncentr\u00e1ci\u00f3s profilok<\/td>\n<td style=\"padding: 12px 15px; color: #555;\">0%, 2%, 3%, 5% Kiszerel\u00e9sek El\u00e9rhet\u0151ek<\/td>\n<\/tr>\n<tr style=\"border-bottom: 1px solid #e0e0e0; background-color: #fafbfc;\">\n<td style=\"padding: 12px 15px; color: #555;\">T\u00f6lt\u0151 interf\u00e9sz<\/td>\n<td style=\"padding: 12px 15px; color: #555;\">Modern USB Type-C szabv\u00e1ny<\/td>\n<\/tr>\n<\/tbody>\n<\/table>\n<div style=\"background-color: #f0f8ff; padding: 20px; border-left: 6px solid #0056b3; margin: 30px 0; border-radius: 6px; box-shadow: 0 2px 5px rgba(0,0,0,0.05);\">\n<h3 style=\"color: #0056b3; margin-top: 0; margin-bottom: 10px;\">\ud83d\udca1 M\u00e9rn\u00f6ki Tud\u00e1s Pont: A Dupla H\u00e1l\u00f3 Tekercsek El\u0151nye<\/h3>\n<p style=\"margin: 0; color: #333; font-size: 0.95em;\">Szabv\u00e1nyos egysz\u00e1las tekercsek gyakran szenvednek az egyenetlen h\u0151eloszl\u00e1st\u00f3l, ami \u201cforr\u00f3 pontokat\u201d hoz l\u00e9tre, amelyek megperzselhetik a bels\u0151 anyagot \u00e9s elronthatj\u00e1k az \u00edzt. <strong>Dual Mesh tekercs<\/strong> A Bang Box Vape Rocket 18000 Puffs-ban alkalmazott technol\u00f3gia ezt \u00fagy oldja meg, hogy sz\u0151tt f\u00e9mh\u00e1l\u00f3t haszn\u00e1l. Ez maximaliz\u00e1lja a fel\u00fclet-t\u00e9rfogat ar\u00e1nyt, biztos\u00edtva, hogy az elektromos \u00e1ram egyenletes h\u0151energi\u00e1v\u00e1 alakuljon. Az eredm\u00e9ny gyors aeroszoliz\u00e1ci\u00f3 alacsonyabb h\u0151m\u00e9rs\u00e9kleten, meg\u0151rizve az arom\u00e1s vegy\u00fcletek integrit\u00e1s\u00e1t, \u00e9s hatalmas, vastag felh\u0151ket biztos\u00edtva minden aktiv\u00e1l\u00e1sn\u00e1l.<\/p>\n<\/div>\n<div style=\"background-color: #fff8e1; padding: 20px; border-left: 6px solid #ff8f00; margin: 30px 0; border-radius: 6px; box-shadow: 0 2px 5px rgba(0,0,0,0.05);\">\n<h3 style=\"color: #ff8f00; margin-top: 0; margin-bottom: 10px;\">\u2b50 A nagykereskedelmi forgalmaz\u00e1s legfontosabb pontjai<\/h3>\n<p style=\"margin: 0; color: #333; font-size: 0.95em;\">A VapeXYZ-szel val\u00f3 egy\u00fcttm\u0171k\u00f6d\u00e9s strat\u00e9giai el\u0151nyt biztos\u00edt az \u00d6n kiskereskedelmi tev\u00e9kenys\u00e9g\u00e9nek.<\/p>\n<p><strong>1. Verhetetlen minim\u00e1lis rendel\u00e9si mennyis\u00e9g:<\/strong> Mind\u00f6ssze 10 darabos minim\u00e1lis rendel\u00e9si mennyis\u00e9ggel biztons\u00e1gosan kipr\u00f3b\u00e1lhatja az \u00faj aromaprofilokat an\u00e9lk\u00fcl, hogy hatalmas t\u0151k\u00e9be kellene fektetnie.<\/p>\n<p><strong>2. K\u00f6zvetlen ell\u00e1t\u00e1si l\u00e1nc:<\/strong> Kik\u00fcsz\u00f6b\u00f6lj\u00fck a sz\u00fcks\u00e9gtelen k\u00f6zvet\u00edt\u0151ket, biztos\u00edtva, hogy a kapott eldobhat\u00f3 vape term\u00e9kek teljesen eredetiek, biztons\u00e1gosan t\u00e1roltak, \u00e9s az \u00d6n v\u00e1llalkoz\u00e1sa sz\u00e1m\u00e1ra maxim\u00e1lis profitpotenci\u00e1llal \u00e1razottak legyenek.<\/p>\n<p><strong>3. Sz\u00e9les V\u00e1laszt\u00e9k:<\/strong> A nagy s\u0171r\u0171s\u00e9gt\u0151l az 0% koncentr\u00e1ci\u00f3s lehet\u0151s\u00e9gekig, minden fogyaszt\u00f3i demogr\u00e1fiai csoport k\u00e9nyelmes elhelyez\u00e9se k\u00f6nny\u0171 feladat.<\/p>\n<\/div>\n<h3 style=\"color: #2980b9; margin-top: 35px; border-bottom: 1px solid #eee; padding-bottom: 10px;\">Gyakran Ism\u00e9telt K\u00e9rd\u00e9sek (GYIK)<\/h3>\n<div style=\"border: 1px solid #e0e0e0; border-radius: 8px; padding: 15px; margin-bottom: 15px; background-color: #ffffff; box-shadow: 0 2px 4px rgba(0,0,0,0.02);\">\n<p><strong style=\"color: #2c3e50; font-size: 1.05em;\">Hogyan \u00e9ri el a k\u00e9sz\u00fcl\u00e9k a legfeljebb 18000 bel\u00e9gz\u00e9st?<\/strong><\/p>\n<p style=\"margin-top: 8px; margin-bottom: 0; color: #555;\">A k\u00e9sz\u00fcl\u00e9k egy hatalmas, 20 ml-es t\u00e1rol\u00f3tart\u00e1lyt haszn\u00e1l, amelyet egy rendk\u00edv\u00fcl hat\u00e9kony kett\u0151s h\u00e1l\u00f3s f\u0171t\u0151elemmel kombin\u00e1lnak. A termodinamikai \u00e1talak\u00edt\u00e1si ar\u00e1ny optimaliz\u00e1l\u00e1s\u00e1val kevesebb k\u00e9sz\u00edtm\u00e9ny pazarol\u00f3dik el minden egyes aktiv\u00e1l\u00e1skor. A teljes sz\u00e1m az egy\u00e9ni haszn\u00e1lati szok\u00e1sokt\u00f3l f\u00fcgg; a r\u00f6vid, 1 m\u00e1sodperces sz\u00edv\u00e1sok k\u00f6zelebb viszik a k\u00e9sz\u00fcl\u00e9ket az 18000-as jelhez, m\u00edg a m\u00e9ly, t\u00f6bb m\u00e1sodperces sz\u00edv\u00e1sok cs\u00f6kkentik a teljes sz\u00e1m\u00e9rt\u00e9ket, de nagyobb egyedi g\u0151zhozamot biztos\u00edtanak.<\/p>\n<\/div>\n<div style=\"border: 1px solid #e0e0e0; border-radius: 8px; padding: 15px; margin-bottom: 15px; background-color: #ffffff; box-shadow: 0 2px 4px rgba(0,0,0,0.02);\">\n<p><strong style=\"color: #2c3e50; font-size: 1.05em;\">K: Biztons\u00e1gos \u00e9s megb\u00edzhat\u00f3 a 650mAh-s akkumul\u00e1tor hossz\u00fa t\u00e1v\u00fa haszn\u00e1latra?<\/strong><\/p>\n<p style=\"margin-top: 8px; margin-bottom: 0; color: #555;\">Igen. Az eszk\u00f6z egy ipar\u00e1gi szabv\u00e1nyos l\u00edtium-ion akkumul\u00e1tort tartalmaz, amely mikrokontrollerekkel van felszerelve, amelyek akt\u00edvan megakad\u00e1lyozz\u00e1k a r\u00f6vidz\u00e1rlatokat \u00e9s a t\u00fal t\u00f6lt\u00e9st. \u00dagy tervezt\u00e9k, hogy t\u00f6bbsz\u00f6r is \u00fajrat\u00f6lthet\u0151 egy Type-C k\u00e1belen kereszt\u00fcl, am\u00edg a 20 ml-es tart\u00e1ly teljesen ki nem \u00fcr\u00fcl, biztos\u00edtva, hogy soha ne pazarolja el a bels\u0151 k\u00e9sz\u00edtm\u00e9nyt egy lemer\u00fclt akkumul\u00e1tor miatt.<\/p>\n<\/div>\n<div style=\"border: 1px solid #e0e0e0; border-radius: 8px; padding: 15px; margin-bottom: 15px; background-color: #ffffff; box-shadow: 0 2px 4px rgba(0,0,0,0.02);\">\n<p><strong style=\"color: #2c3e50; font-size: 1.05em;\">K: Mi\u00e9rt v\u00e1lasszam a VapeXYZ-et az eldobhat\u00f3 vape k\u00e9szletemhez?<\/strong><\/p>\n<p style=\"margin-top: 8px; margin-bottom: 0; color: #555;\">A: A VapeXYZ nyolc \u00e9vnyi szigor\u00fa ell\u00e1t\u00e1si l\u00e1nc szak\u00e9rtelmet \u00f6tv\u00f6z a k\u00f6zvetlen gy\u00e1rt\u00f3i kapcsolatokkal.  Olyan n\u00e9pszer\u0171 m\u00e1rk\u00e1kat k\u00edn\u00e1lunk, mint az Elf Box, a Lost Mary \u00e9s a Bang Box, nagyon hozz\u00e1f\u00e9rhet\u0151, 10 darabos minim\u00e1lis rendel\u00e9si mennyis\u00e9ggel.  Szigor\u00fa min\u0151s\u00e9gellen\u0151rz\u00e9s\u00fcnk, biztons\u00e1gos logisztik\u00e1nk \u00e9s \u00e1tl\u00e1that\u00f3 nagykereskedelmi \u00e1r m\u00e1trixunk teszi minket a glob\u00e1lis besz\u00e1ll\u00edt\u00f3k els\u0151 sz\u00e1m\u00fa v\u00e1laszt\u00e1s\u00e1v\u00e1.<\/p>\n<\/div>\n<p style=\"text-align: center; margin-top: 40px; font-weight: bold; color: #1a365d;\">Fedezze fel a bel\u00e9gz\u00e9si technol\u00f3gia cs\u00facs\u00e1t. Biztos\u00edtsa Bang Box Vape Rocket 18000 Puff k\u00e9szlet\u00e9t a VapeXYZ-n\u00e9l m\u00e9g ma \u00e9s emelje magasabb szintre nagykereskedelmi tapasztalat\u00e1t.<\/p>\n<div style=\"margin-top: 30px; display: flex; justify-content: center;\"><\/div>\n<\/article>","protected":false},"excerpt":{"rendered":"<p>A Bang Box Vape Rocket 18000 Puffs, amely a Vapexyz-n\u00e9l \u00e9rhet\u0151 el, p\u00e1ratlan vapiz\u00e1l\u00e1si \u00e9lm\u00e9nyt ny\u00fajt robusztus akkumul\u00e1tor\u00e1val, nagy kapacit\u00e1s\u00e1val, szem\u00e9lyre szabhat\u00f3 er\u0151ss\u00e9gi szintjeivel, fokozott g\u0151ztermel\u00e9s\u00e9vel \u00e9s sz\u00e1mos \u00edz\u00e9vel, amely mind a nem er\u0151s, mind az alacsony er\u0151ss\u00e9g\u0171 preferenci\u00e1kat kiel\u00e9g\u00edti.<\/p>","protected":false},"featured_media":23109,"comment_status":"open","ping_status":"closed","template":"","meta":{"_lmt_disableupdate":"no","_lmt_disable":""},"product_brand":[],"product_cat":[821,997,1018,1019,1020,935,934,927,929,928,930,933,939,932,938,931,936,937,1017,946,1025,1026,951,1029,1033,1037,820,987,1038],"product_tag":[858],"class_list":{"0":"post-23093","1":"product","2":"type-product","3":"status-publish","4":"has-post-thumbnail","6":"product_cat-bang","7":"product_cat-18000-puff-vapes","8":"product_cat-apple-flavor-disposable-vapes","9":"product_cat-blue-razz-flavor-disposable-vapes","10":"product_cat-blueberry-flavor-disposable-vapes","11":"product_cat-bulk-buy-disposable-vapes-in-austria","12":"product_cat-bulk-buy-disposable-vapes-in-belgium","13":"product_cat-bulk-buy-disposable-vapes-in-europe","14":"product_cat-bulk-buy-disposable-vapes-in-france","15":"product_cat-bulk-buy-disposable-vapes-in-germany","16":"product_cat-bulk-buy-disposable-vapes-in-italy","17":"product_cat-bulk-buy-disposable-vapes-in-netherlands","18":"product_cat-bulk-buy-disposable-vapes-in-norway","19":"product_cat-bulk-buy-disposable-vapes-in-poland","20":"product_cat-bulk-buy-disposable-vapes-in-portugal","21":"product_cat-bulk-buy-disposable-vapes-in-spain","22":"product_cat-bulk-buy-disposable-vapes-in-sweden","23":"product_cat-bulk-buy-disposable-vapes-in-switzerland","24":"product_cat-buy-best-disposable-vape-flavors","25":"product_cat-disposable-vapes-series","26":"product_cat-ice-flavor-disposable-vapes","27":"product_cat-kiwi-flavor-disposable-vapes","28":"product_cat-lower-nicotine-vapes","29":"product_cat-mango-flavor-disposable-vapes","30":"product_cat-peach-flavor-disposable-vapes","31":"product_cat-strawberry-flavor-disposable-vapes","32":"product_cat-vape","33":"product_cat-vape-shop-by-puffs","34":"product_cat-watermelon-flavor-disposable-vapes","35":"product_tag-featured-products","37":"first","38":"outofstock","39":"shipping-taxable","40":"purchasable","41":"product-type-variable","42":"has-default-attributes"},"jetpack_sharing_enabled":true,"tiered_pricing_type":"fixed","tiered_pricing_fixed_rules":[],"tiered_pricing_product_settings":{"layout":"default","base_unit_name":{"singular":null,"plural":null},"default_variation":null},"tiered_pricing_minimum_quantity":null,"tiered_pricing_roles_data":[],"tiered_pricing_percentage_rules":[],"tiered_pricing_maximum_quantity":null,"tiered_pricing_quantity_step":null,"_links":{"self":[{"href":"https:\/\/vapexyz.com\/hu\/wp-json\/wp\/v2\/product\/23093","targetHints":{"allow":["GET"]}}],"collection":[{"href":"https:\/\/vapexyz.com\/hu\/wp-json\/wp\/v2\/product"}],"about":[{"href":"https:\/\/vapexyz.com\/hu\/wp-json\/wp\/v2\/types\/product"}],"replies":[{"embeddable":true,"href":"https:\/\/vapexyz.com\/hu\/wp-json\/wp\/v2\/comments?post=23093"}],"wp:featuredmedia":[{"embeddable":true,"href":"https:\/\/vapexyz.com\/hu\/wp-json\/wp\/v2\/media\/23109"}],"wp:attachment":[{"href":"https:\/\/vapexyz.com\/hu\/wp-json\/wp\/v2\/media?parent=23093"}],"wp:term":[{"taxonomy":"product_brand","embeddable":true,"href":"https:\/\/vapexyz.com\/hu\/wp-json\/wp\/v2\/product_brand?post=23093"},{"taxonomy":"product_cat","embeddable":true,"href":"https:\/\/vapexyz.com\/hu\/wp-json\/wp\/v2\/product_cat?post=23093"},{"taxonomy":"product_tag","embeddable":true,"href":"https:\/\/vapexyz.com\/hu\/wp-json\/wp\/v2\/product_tag?post=23093"}],"curies":[{"name":"wp","href":"https:\/\/api.w.org\/{rel}","templated":true}]}}