{"id":20840,"date":"2024-04-07T07:15:09","date_gmt":"2024-04-07T07:15:09","guid":{"rendered":"https:\/\/vapexyz.com\/?post_type=product&#038;p=20840"},"modified":"2026-03-03T16:26:26","modified_gmt":"2026-03-03T16:26:26","slug":"vopk-shisha-vizipipa-15000-fujas-0-2-3-5-nikotin-eldobhato-vape-nagykereskedelem","status":"publish","type":"product","link":"https:\/\/vapexyz.com\/hu\/product\/vopk-shisha-hookah-15000-puffs-0-2-3-5-nicotine-disposable-vape-wholesale\/","title":{"rendered":"VOPK Shisha Hookah 15000 sz\u00edv\u00e1s Eldobhat\u00f3 Vape Nagykereskedelem"},"content":{"rendered":"<article style=\"font-family: 'Segoe UI', Roboto, Helvetica, Arial, sans-serif; color: #2c3e50; line-height: 1.8; max-width: 100%; margin: 0 auto; padding: 30px; background-color: #ffffff; box-shadow: 0 4px 15px rgba(0,0,0,0.05); border-radius: 12px;\">\n<h2 style=\"color: #1a365d; font-size: 34px; text-align: center; margin-bottom: 20px; border-bottom: 3px solid #3182ce; padding-bottom: 15px; text-transform: uppercase; letter-spacing: 1px;\">\u00c1tfog\u00f3 Term\u00e9kelemz\u00e9s: \u00c1tt\u00e9r\u00e9s az ELF BOX LS 15000 Eldobhat\u00f3 Vapera<\/h2>\n<p style=\"font-size: 18px; text-align: justify; margin-bottom: 25px;\">Az eldobhat\u00f3 vape term\u00e9kek nagykereskedelmi piaca folyamatosan fejl\u0151dik, amit a m\u00e9rn\u00f6ki fejleszt\u00e9sek, a felhaszn\u00e1l\u00f3k ig\u00e9nye a hosszabb \u00e9lettartamra \u00e9s a szigor\u00fa min\u0151s\u00e9gbiztos\u00edt\u00e1si szabv\u00e1nyok vez\u00e9relnek. A VapeXYZ-n\u00e9l b\u00fcszk\u00e9k vagyunk arra, hogy nem csak a gy\u00e1rt\u00f3i \u00e1ll\u00edt\u00e1sokra t\u00e1maszkodunk, hanem empirikus tesztel\u00e9sre, ipar\u00e1gi szak\u00e9rtelmre \u00e9s szigor\u00fa megfelel\u00e9si mutat\u00f3kra. M\u00edg kor\u00e1bbi legjobb aj\u00e1nl\u00e1sunk, a VOPK 15000 kiv\u00e9telesen j\u00f3l szolg\u00e1lta a piacot, a k\u00f6zelm\u00faltbeli innov\u00e1ci\u00f3k az anyagismeretben \u00e9s a bels\u0151 kapacit\u00e1s optimaliz\u00e1l\u00e1s\u00e1ban arra vezettek benn\u00fcnket, hogy igazoljuk \u00e9s teljes m\u00e9rt\u00e9kben j\u00f3v\u00e1hagyjuk egy jobb ut\u00f3dot. Hivatalosan bemutatjuk az ELF BOX LS 15000 Puffs-ot, mint az \u00faj etalont a nagy kapacit\u00e1s\u00fa eldobhat\u00f3 hardverekben.<\/p>\n<div style=\"background: linear-gradient(145deg, #f8fafc, #edf2f7); padding: 25px; border-radius: 12px; margin: 30px 0; border-left: 6px solid #3182ce; box-shadow: inset 0 2px 4px rgba(0,0,0,0.02);\">\n<h3 style=\"color: #2b6cb0; font-size: 26px; margin-top: 0;\">\u2728 M\u00e9rn\u00f6ki \u00e9s Anyagfejleszt\u00e9sek: A Krist\u00e1lyos PCTG Architekt\u00fara<\/h3>\n<p style=\"font-size: 16px; text-align: justify;\">A kor\u00e1bbi gener\u00e1ci\u00f3kban haszn\u00e1lt szabv\u00e1nyos, \u00e1tl\u00e1tszatlan m\u0171anyagokkal ellent\u00e9tben az ELF BOX LS nagy s\u0171r\u0171s\u00e9g\u0171, krist\u00e1lyos PCTG (polietil\u00e9n-tereftal\u00e1t-glikol) k\u00fcls\u0151 v\u00e1zzal rendelkezik. M\u00e9rn\u00f6ki szempontb\u00f3l a PCTG kiv\u00e1l\u00f3 k\u00e9miai ellen\u00e1ll\u00e1st \u00e9s szerkezeti tart\u00f3ss\u00e1got k\u00edn\u00e1l. Ez megakad\u00e1lyozza a bels\u0151 tart\u00e1ly alkatr\u00e9szeinek leboml\u00e1s\u00e1t, \u00e9s kiv\u00e1l\u00f3 h\u0151szigetel\u00e9st biztos\u00edt, garant\u00e1lva, hogy a bels\u0151 \u00fczemi h\u0151m\u00e9rs\u00e9klet stabil maradjon m\u00e9g a folyamatos ciklusok sor\u00e1n is. A f\u00e9nyt\u00f6r\u0151 \u201ckrist\u00e1ly\u201d eszt\u00e9tika m\u00e1sodlagos el\u0151ny a robusztus, \u00fct\u00e9s\u00e1ll\u00f3 termopolimer pr\u00e9mium term\u00e9szet\u00e9vel szemben.<\/p>\n<\/div>\n<h3 style=\"color: #2d3748; font-size: 28px; border-bottom: 2px solid #e2e8f0; padding-bottom: 10px; margin-top: 40px;\">\ud83d\udcca Empirikus adatok \u00e9s \u00f6sszehasonl\u00edt\u00f3 elemz\u00e9s<\/h3>\n<p style=\"font-size: 16px; text-align: justify; margin-bottom: 20px;\">A teljes \u00e1tl\u00e1that\u00f3s\u00e1g biztos\u00edt\u00e1sa \u00e9s a B2B nagykereskedelmi partnereinkkel val\u00f3 bizalom ki\u00e9p\u00edt\u00e9se \u00e9rdek\u00e9ben nem t\u00e1maszkodunk kiz\u00e1r\u00f3lag a prom\u00f3ci\u00f3s specifik\u00e1ci\u00f3kra. Bels\u0151 min\u0151s\u00e9gellen\u0151rz\u00e9si csapatunk standardiz\u00e1lt \u00e9rt\u00e9kel\u00e9seket v\u00e9gzett, \u00f6sszehasonl\u00edtva a r\u00e9gi VOPK egys\u00e9get az \u00fajonnan elfogadott ELF BOX LS rendszerrel. Az al\u00e1bbi mutat\u00f3k az ellen\u0151rz\u00f6tt specifik\u00e1ci\u00f3kat \u00e9s a tesztelt param\u00e9tereket k\u00e9pviselik.<\/p>\n<div style=\"margin: 30px 0; overflow-x: auto;\">\n<table style=\"width: 100%; border-collapse: collapse; background: #ffffff; border-radius: 10px; overflow: hidden; box-shadow: 0 4px 6px rgba(0,0,0,0.1);\">\n<thead>\n<tr style=\"background-color: #2b6cb0; color: #ffffff; text-align: left;\">\n<th style=\"padding: 18px; font-size: 16px; font-weight: 600; border-right: 1px solid #4299e1;\">M\u0171szaki Specifik\u00e1ci\u00f3<\/th>\n<th style=\"padding: 18px; font-size: 16px; font-weight: 600; border-right: 1px solid #4299e1;\">VOPK 15000 (R\u00e9gi modell)<\/th>\n<th style=\"padding: 18px; font-size: 16px; font-weight: 600; background-color: #2c5282;\">ELF BOX LS 15000 (Jelenlegi z\u00e1szl\u00f3shaj\u00f3)<\/th>\n<\/tr>\n<\/thead>\n<tbody>\n<tr style=\"border-bottom: 1px solid #e2e8f0;\">\n<td style=\"padding: 16px; font-size: 15px; font-weight: 600; background-color: #f7fafc;\">Becs\u00fclt kimeneti kapacit\u00e1s<\/td>\n<td style=\"padding: 16px; font-size: 15px;\">15 000 folyamatos h\u00faz\u00e1si ciklus<\/td>\n<td style=\"padding: 16px; font-size: 15px; font-weight: bold; color: #2f855a;\">15 000 folyamatos h\u00faz\u00e1si ciklus<\/td>\n<\/tr>\n<tr style=\"border-bottom: 1px solid #e2e8f0; background-color: #fcfcfc;\">\n<td style=\"padding: 16px; font-size: 15px; font-weight: 600; background-color: #f7fafc;\">Bels\u0151 Tart\u00e1ly T\u00e9rfogata<\/td>\n<td style=\"padding: 16px; font-size: 15px;\">20 milliliter<\/td>\n<td style=\"padding: 16px; font-size: 15px; font-weight: bold; color: #2b6cb0;\">26 milliliter (+301% n\u00f6veked\u00e9s)<\/td>\n<\/tr>\n<tr>\n<td style=\"padding: 16px; font-size: 15px; font-weight: 600; background-color: #f7fafc;\">Aromaprofil lehet\u0151s\u00e9gek<\/td>\n<td style=\"padding: 16px; font-size: 15px;\">10 standard kever\u00e9k<\/td>\n<td style=\"padding: 16px; font-size: 15px; font-weight: bold; color: #2b6cb0;\">11 optimaliz\u00e1lt \u00e9rz\u00e9kszervi profil<\/td>\n<\/tr>\n<tr style=\"border-bottom: 1px solid #e2e8f0; background-color: #fcfcfc;\">\n<td style=\"padding: 16px; font-size: 15px; font-weight: 600; background-color: #f7fafc;\">Teljes\u00edtm\u00e9nyegys\u00e9g \u00e9s k\u00e9mia<\/td>\n<td style=\"padding: 16px; font-size: 15px;\">600mAh L\u00edtium-ion<\/td>\n<td style=\"padding: 16px; font-size: 15px; font-weight: bold; color: #2f855a;\">600mAh A-oszt\u00e1ly\u00fa kobalt l\u00edtium-ion<\/td>\n<\/tr>\n<tr>\n<td style=\"padding: 16px; font-size: 15px; font-weight: 600; background-color: #f7fafc;\">V\u00e1zszerkezet \u00e9p\u00edt\u00e9se<\/td>\n<td style=\"padding: 16px; font-size: 15px;\">K\u00e9tkomponens\u0171 injekci\u00f3s \u00f6nt\u00e9ssel k\u00e9sz\u00fclt polimer<\/td>\n<td style=\"padding: 16px; font-size: 15px; font-weight: bold; color: #2b6cb0;\">Er\u0151s\u00edtett krist\u00e1lyos PCTG<\/td>\n<\/tr>\n<tr style=\"border-bottom: 1px solid #e2e8f0; background-color: #fcfcfc;\">\n<td style=\"padding: 16px; font-size: 15px; font-weight: 600; background-color: #f7fafc;\">\u00dajrat\u00f6lt\u00e9si Protokoll<\/td>\n<td style=\"padding: 16px; font-size: 15px;\">C-t\u00edpus\u00fa (Standard)<\/td>\n<td style=\"padding: 16px; font-size: 15px; font-weight: bold; color: #2f855a;\">Type-C (T\u00falt\u00f6lt\u00e9s elleni v\u00e9delemmel, 1A bemenet)<\/td>\n<\/tr>\n<\/tbody>\n<\/table>\n<\/div>\n<div style=\"background-color: #ebf8ff; border: 1px solid #bee3f8; padding: 25px; border-radius: 12px; margin: 35px 0;\">\n<h3 style=\"color: #2c5282; font-size: 24px; margin-top: 0; display: flex; align-items: center;\">Tud\u00e1s Pontok: Bels\u0151 Architekt\u00fara \u00e9s Teljes\u00edtm\u00e9ny<\/h3>\n<p style=\"font-size: 16px; text-align: justify;\">A vape-k mechanizmus\u00e1nak meg\u00e9rt\u00e9se kritikus fontoss\u00e1g\u00fa a nagykereskedelmi v\u00e1s\u00e1rl\u00f3k sz\u00e1m\u00e1ra, akik megb\u00edzhat\u00f3 term\u00e9keket szeretn\u00e9nek ny\u00fajtani fogyaszt\u00f3ik sz\u00e1m\u00e1ra. Az ELF BOX LS jelent\u0151s el\u0151rel\u00e9p\u00e9st k\u00e9pvisel a szabv\u00e1nyos eldobhat\u00f3 technol\u00f3gi\u00e1ban:<\/p>\n<ul style=\"list-style-type: none; padding: 0; margin: 0;\">\n<li style=\"margin-bottom: 15px; padding-left: 25px; position: relative; font-size: 16px;\"><span style=\"position: absolute; left: 0px; color: #3182ce;\">\u2713<\/span><br \/>\nFejlett h\u00e1l\u00f3s tekercs megval\u00f3s\u00edt\u00e1s: Az eszk\u00f6z egy rendk\u00edv\u00fcl pontosan megtervezett 1,2 ohmos h\u00e1l\u00f3s f\u0171t\u0151elemet haszn\u00e1l. A hagyom\u00e1nyos dr\u00f3ttekercsekkel ellent\u00e9tben a h\u00e1l\u00f3s kialak\u00edt\u00e1s exponenci\u00e1lisan megn\u00f6veli a bels\u0151 sz\u00edv\u00f3anyaggal \u00e9rintkez\u0151 fel\u00fcletet. Ez egyenletes h\u0151eloszl\u00e1st eredm\u00e9nyez, megsz\u00fcntetve a lok\u00e1lis forr\u00f3 pontokat, amelyek a k\u00e9sz\u00edtm\u00e9ny leboml\u00e1s\u00e1t okozhatj\u00e1k, \u00e9s biztos\u00edtva egy kiv\u00e9telesen egyenletes \u00e9rz\u00e9kszervi \u00e9lm\u00e9nyt az els\u0151 sz\u00edv\u00e1st\u00f3l az 15 000. sz\u00edv\u00e1sig.<\/li>\n<li style=\"margin-bottom: 15px; padding-left: 25px; position: relative; font-size: 16px;\"><span style=\"position: absolute; left: 0px; color: #3182ce;\">\u2713<\/span><br \/>\nT\u00e9rfogati hat\u00e1sfok (26 ml-es tart\u00e1ly): A legkritikusabb friss\u00edt\u00e9s a 26 milliliteres bels\u0151 kapacit\u00e1s b\u0151v\u00edt\u00e9se. Empirikus t\u00e9rfogatvizsg\u00e1lataink meger\u0151s\u00edtik, hogy a 26 ml a matematikailag optim\u00e1lis t\u00e9rfogat, amely t\u00e1mogatja az igazi 15 000 sz\u00edv\u00e1s \u00e9lettartam\u00e1t an\u00e9lk\u00fcl, hogy kock\u00e1ztatn\u00e1 a sz\u00e1raz \u00fct\u00e9seket. A szabadalmaztatott sziv\u00e1rg\u00e1sg\u00e1tl\u00f3 t\u00f6m\u00edt\u0151 rendszer fenntartja a l\u00e9gk\u00f6ri nyom\u00e1st a tart\u00e1lyban, megakad\u00e1lyozva a sziv\u00e1rg\u00e1st a magass\u00e1gv\u00e1ltoz\u00e1sok vagy a sz\u00e1ll\u00edt\u00e1s sor\u00e1n.<\/li>\n<li style=\"margin-bottom: 15px; padding-left: 25px; position: relative; font-size: 16px;\"><span style=\"position: absolute; left: 0px; color: #3182ce;\">\u2713<\/span><br \/>\nEnergiagazd\u00e1lkod\u00e1s \u00e9s h\u0151szab\u00e1lyoz\u00e1s: Az integr\u00e1lt 600mAh kobalt alap\u00fa l\u00edtium-ion akkumul\u00e1tor intelligens chipk\u00e9szleten m\u0171k\u00f6dik. Ez az integr\u00e1lt \u00e1ramk\u00f6r kezeli a teljes\u00edtm\u00e9nykimenetet, biztos\u00edtva, hogy a fesz\u00fclts\u00e9g stabil maradjon m\u00e9g akkor is, ha az akkumul\u00e1tor t\u00f6lt\u00e9se cs\u00f6kken. Ezenk\u00edv\u00fcl a Type-C port t\u00falfesz\u00fclts\u00e9g- \u00e9s r\u00f6vidz\u00e1rlat-v\u00e9delmi protokollokkal van szab\u00e1lyozva, v\u00e9dve a k\u00e9sz\u00fcl\u00e9ket az elektromos anom\u00e1li\u00e1k ellen a t\u00f6lt\u00e9si folyamat sor\u00e1n.<\/li>\n<\/ul>\n<\/div>\n<h3 style=\"color: #2d3748; font-size: 28px; border-bottom: 2px solid #e2e8f0; padding-bottom: 10px; margin-top: 40px;\">\ud83c\udf3f Pr\u00e9mium \u00e9rz\u00e9kszervi profilok \u00e9s formul\u00e1z\u00e1si integrit\u00e1s<\/h3>\n<p style=\"font-size: 16px; text-align: justify; margin-bottom: 20px;\">Minden eldobhat\u00f3 vape min\u0151s\u00e9ge nagym\u00e9rt\u00e9kben f\u00fcgg a bels\u0151 formul\u00e1k tisztas\u00e1g\u00e1t\u00f3l. Az ELF BOX LS gondosan kalibr\u00e1lt, \u00e9lelmiszer-min\u0151s\u00e9g\u0171 arom\u00e1s vegy\u00fcleteket haszn\u00e1l. Ezeket a formul\u00e1kat szigor\u00fa g\u00e1zkromatogr\u00e1fia-t\u00f6megspektrometria (GC-MS) \u00e9rt\u00e9kel\u00e9seknek vetik al\u00e1 annak biztos\u00edt\u00e1sa \u00e9rdek\u00e9ben, hogy a f\u0171t\u00e9si folyamat sor\u00e1n ne keletkezzenek k\u00e1ros ill\u00e9kony szerves vegy\u00fcletek (VOC). A fogyaszt\u00f3k hozz\u00e1f\u00e9rhetnek 11 egyedi profil gondosan kur\u00e1lt katal\u00f3gus\u00e1hoz.<\/p>\n<div style=\"display: flex; flex-wrap: wrap; gap: 15px; margin: 25px 0;\">\n<div style=\"flex: 1 1 calc(33.333% - 15px); background: #ffffff; border: 1px solid #e2e8f0; border-radius: 8px; padding: 15px; box-shadow: 0 2px 4px rgba(0,0,0,0.05); text-align: center;\"><span style=\"font-size: 32px; display: block; margin-bottom: 10px;\">\ud83e\uded0\ud83c\udf4b<\/span><br \/>\nBlue Razz Limon\u00e1d\u00e9<br \/>\n<span style=\"font-size: 14px; color: #718096;\">T\u00f6k\u00e9letesen kiegyens\u00falyozott citrus \u00e9s bogy\u00f3s gy\u00fcm\u00f6lcsprofil, amelyet ropog\u00f3s torok\u00fct\u00e9sre terveztek.<\/span><\/div>\n<div style=\"flex: 1 1 calc(33.333% - 15px); background: #ffffff; border: 1px solid #e2e8f0; border-radius: 8px; padding: 15px; box-shadow: 0 2px 4px rgba(0,0,0,0.05); text-align: center;\"><span style=\"font-size: 32px; display: block; margin-bottom: 10px;\">\ud83e\udd6d\ud83c\udf4c<\/span><br \/>\nMang\u00f3 ban\u00e1n<br \/>\n<span style=\"font-size: 14px; color: #718096;\">S\u0171r\u0171, tr\u00f3pusi kever\u00e9k, amelyet sima, gazdag g\u0151ztermel\u00e9s jellemez.<\/span><\/div>\n<div style=\"flex: 1 1 calc(33.333% - 15px); background: #ffffff; border: 1px solid #e2e8f0; border-radius: 8px; padding: 15px; box-shadow: 0 2px 4px rgba(0,0,0,0.05); text-align: center;\"><span style=\"font-size: 32px; display: block; margin-bottom: 10px;\">\ud83e\udd5d\ud83c\udf49<\/span><br \/>\nEpres Kiwi<br \/>\n<span style=\"font-size: 14px; color: #718096;\">Egy \u00f6r\u00f6k\u00f6lt kedvenc, optimaliz\u00e1lva a tart\u00f3s frissess\u00e9g \u00e9s az arom\u00e1s \u00e1lland\u00f3s\u00e1g \u00e9rdek\u00e9ben.<\/span><\/div>\n<\/div>\n<p style=\"font-size: 16px; text-align: justify;\">Ezen gondosan kialak\u00edtott profilok t\u00f6bb akt\u00edv hat\u00f3anyag-koncentr\u00e1ci\u00f3s szinten \u00e9rhet\u0151k el (0%, 2% \u00e9s 5%), lehet\u0151v\u00e9 t\u00e9ve a forgalmaz\u00f3k sz\u00e1m\u00e1ra, hogy a k\u00fcl\u00f6nb\u00f6z\u0151 demogr\u00e1fiai preferenci\u00e1khoz alkalmazkodjanak, mik\u00f6zben betartj\u00e1k a region\u00e1lis szab\u00e1lyoz\u00e1si kereteket.<\/p>\n<h3 style=\"color: #2d3748; font-size: 28px; border-bottom: 2px solid #e2e8f0; padding-bottom: 10px; margin-top: 40px;\">\ud83d\udee1\ufe0f Hat\u00f3s\u00e1g \u00e9s bizalom a glob\u00e1lis forgalmaz\u00e1sban<\/h3>\n<p style=\"font-size: 16px; text-align: justify; margin-bottom: 20px;\">Az eldobhat\u00f3 vape term\u00e9kek beszerz\u00e9sehez olyan partnerre van sz\u00fcks\u00e9g, aki bizony\u00edtott autorit\u00e1ssal rendelkezik a glob\u00e1lis logisztika \u00e9s ell\u00e1t\u00e1si l\u00e1nc integrit\u00e1sa ter\u00e9n. A VapeXYZ egy premier nagykereskedelmi forgalmaz\u00f3k\u00e9nt m\u0171k\u00f6dik, t\u00f6bb mint nyolc \u00e9v tapasztalattal a B2B szektorban. Term\u00e9keinket k\u00f6zvetlen\u00fcl olyan gy\u00e1rt\u00f3kt\u00f3l szerezz\u00fck be, akik ISO 9001 tan\u00fas\u00edtv\u00e1nnyal rendelkez\u0151 l\u00e9tes\u00edtm\u00e9nyekben m\u0171k\u00f6dnek. Ez a k\u00f6zvetlen gy\u00e1rt\u00f3i kapcsolat biztos\u00edtja, hogy k\u00e9szlet\u00fcnk hiteles, friss gy\u00e1rt\u00e1s\u00fa, \u00e9s kl\u00edmaszab\u00e1lyozott k\u00f6rnyezetben t\u00e1roljuk a kisz\u00e1ll\u00edt\u00e1s el\u0151tt.<\/p>\n<p style=\"font-size: 16px; text-align: justify; margin-bottom: 20px;\">Meg\u00e9rtj\u00fck a modern kiskereskedelem logisztikai ig\u00e9nyeit. Az\u00e1ltal, hogy fenntartunk egy nagyon hozz\u00e1f\u00e9rhet\u0151, mind\u00f6ssze 10 egys\u00e9gb\u0151l \u00e1ll\u00f3 minim\u00e1lis rendel\u00e9si mennyis\u00e9get (MOQ), demokratiz\u00e1ljuk a hozz\u00e1f\u00e9r\u00e9st a fels\u0151 kateg\u00f3ri\u00e1s, nagykereskedelmi \u00e1ron \u00e9rt\u00e9kes\u00edtett k\u00e9szletekhez. Minden sz\u00e1ll\u00edtm\u00e1ny r\u00e9szletes nyomon k\u00f6vet\u00e9ssel j\u00e1r, \u00e9s term\u00e9keink megfelelnek a standard nemzetk\u00f6zi megfelel\u0151s\u00e9gi k\u00f6vetelm\u00e9nyeknek, bele\u00e9rtve a CE jel\u00f6l\u00e9seket \u00e9s a RoHS megfelel\u0151s\u00e9get is, biztos\u00edtva, hogy a neh\u00e9z f\u00e9mek \u00e9s a korl\u00e1tozott anyagok teljesen hi\u00e1nyoznak az elektronikus alkatr\u00e9szekb\u0151l.<\/p>\n<div style=\"background-color: #f7fafc; border: 1px solid #e2e8f0; padding: 30px; border-radius: 12px; margin: 40px 0;\">\n<h3 style=\"color: #1a202c; font-size: 26px; margin-top: 0; text-align: center; margin-bottom: 25px;\">\ud83d\udcd1 F\u0151bb pontok GYIK: M\u0171szaki \u00e9s beszerz\u00e9si \u00e9rdekl\u0151d\u00e9sek<\/h3>\n<div style=\"margin-bottom: 20px; padding-bottom: 15px; border-bottom: 1px solid #edf2f7;\">K: A hossz\u00fa \u00e9lettartamot f\u00fcggetlen\u00fcl tesztelt\u00e9k-e a megadott kapacit\u00e1s garant\u00e1l\u00e1sa \u00e9rdek\u00e9ben?<\/p>\n<p style=\"font-size: 16px; color: #4a5568; margin: 0; text-align: justify;\">Igen. A 15 000 h\u00faz\u00e1sra vonatkoz\u00f3 specifik\u00e1ci\u00f3 empirikus, \u00e9s a 26 milliliteres tart\u00e1lykapacit\u00e1s alapj\u00e1n sz\u00e1m\u00edtott\u00e1k ki, p\u00e1ros\u00edtva az adott 1,2 ohmos mesh tekercs fogyaszt\u00e1si ar\u00e1ny\u00e1val egy standard 1,5 m\u00e1sodperces inhal\u00e1ci\u00f3n\u00e1l. A laborat\u00f3riumi szimul\u00e1ci\u00f3s g\u00e9pek k\u00f6vetkezetesen bizony\u00edtj\u00e1k a bels\u0151 k\u00e9sz\u00edtm\u00e9ny teljes kihaszn\u00e1l\u00e1s\u00e1t a tekercs meghib\u00e1sod\u00e1sa el\u0151tt.<\/p>\n<\/div>\n<div style=\"margin-bottom: 20px; padding-bottom: 15px; border-bottom: 1px solid #edf2f7;\">K: Biztons\u00e1gosak-e a krist\u00e1lyos tervez\u00e9sben haszn\u00e1lt anyagok a napi kezel\u00e9shez?<\/p>\n<p style=\"font-size: 16px; color: #4a5568; margin: 0; text-align: justify;\">Abszol\u00fat. Az eszk\u00f6z v\u00e1za magas min\u0151s\u00e9g\u0171 PCTG-b\u0151l k\u00e9sz\u00fclt. Ezt az anyagot sz\u00e9les k\u00f6rben haszn\u00e1lj\u00e1k orvosi \u00e9s \u00e9lelmiszeripari alkalmaz\u00e1sokban, mert nem old ki k\u00e1ros vegyi anyagokat, nagyon ellen\u00e1ll\u00f3 a h\u0151 deform\u00e1ci\u00f3val szemben, \u00e9s fenntartja a szerkezeti integrit\u00e1st v\u00e9letlen \u00fctk\u00f6z\u00e9sek sor\u00e1n.<\/p>\n<\/div>\n<div style=\"margin-bottom: 20px; padding-bottom: 15px; border-bottom: 1px solid #edf2f7;\">K: Tov\u00e1bbra is kiv\u00e1laszthatok-e konkr\u00e9t koncentr\u00e1ci\u00f3s szinteket nagykereskedelmi rendel\u00e9semhez?<\/p>\n<p style=\"font-size: 16px; color: #4a5568; margin: 0; text-align: justify;\">Igen. K\u00fcl\u00f6nb\u00f6z\u0151 formul\u00e1k k\u00e9szlet\u00e9t tartjuk. A nagykereskedelmi rendel\u00e9s feldolgoz\u00e1sa sor\u00e1n kifejezetten kiv\u00e1laszthatja a 0%, 2% vagy 5% koncentr\u00e1ci\u00f3s szintekkel formul\u00e1lt t\u00e9teleket, biztos\u00edtva ezzel a teljes megfelel\u00e9st az \u00d6n konkr\u00e9t piaci k\u00f6vetelm\u00e9nyeinek.<\/p>\n<\/div>\n<div style=\"margin-bottom: 0;\">Hogyan befoly\u00e1solja a VOPK-r\u00f3l val\u00f3 \u00e1t\u00e1ll\u00e1s a jelenlegi k\u00e9szletszintez\u00e9semet?<\/p>\n<p style=\"font-size: 16px; color: #4a5568; margin: 0; text-align: justify;\">A: Az ELF BOX LS-re t\u00f6rt\u00e9n\u0151 \u00e1t\u00e1ll\u00e1snak z\u00f6kken\u0151mentesen kell integr\u00e1l\u00f3dnia a jelenlegi kiskereskedelmi strat\u00e9gi\u00e1j\u00e1ba. Azonos MSRP tartom\u00e1ny, de nagyobb bels\u0151 kapacit\u00e1s (+6ml) \u00e9s tov\u00e1bbfejlesztett design mellett ez az \u00e1t\u00e1ll\u00e1s jelent\u0151s \u00e9rt\u00e9ket k\u00e9pvisel a fogyaszt\u00f3i b\u00e1zis sz\u00e1m\u00e1ra, ami val\u00f3sz\u00edn\u0171leg magasabb megtart\u00e1si \u00e9s \u00fajrarendel\u00e9si ar\u00e1nyokat eredm\u00e9nyez.<\/p>\n<\/div>\n<\/div>\n<div style=\"text-align: center; margin-top: 40px; padding: 25px; background: linear-gradient(135deg, #2b6cb0, #2c5282); color: white; border-radius: 12px; box-shadow: 0 4px 10px rgba(0,0,0,0.15);\">\n<h3 style=\"color: #ffffff; font-size: 26px; margin-top: 0;\">Emelje szintre hardverportf\u00f3li\u00f3j\u00e1t m\u00e9g ma<\/h3>\n<p style=\"font-size: 18px; margin-bottom: 20px; color: #e2e8f0;\">Az ELF BOX LS \u00fagy van tervezve, hogy fel\u00fclm\u00falja a piaci elv\u00e1r\u00e1sokat. Ezt al\u00e1t\u00e1masztja a szigor\u00fa anyagismeret, a hiteles\u00edtett kimeneti mutat\u00f3k \u00e9s a megb\u00edzhat\u00f3 glob\u00e1lis terjeszt\u00e9si protokollok.<\/p>\n<p style=\"font-size: 16px; font-weight: 300;\">Partnerjen a VapeXYZ-szel, hogy biztos\u00edtsa nagykereskedelmi allok\u00e1ci\u00f3j\u00e1t. Szigor\u00fa min\u0151s\u00e9gbiztos\u00edt\u00e1ssal \u00e9s racionaliz\u00e1lt logisztik\u00e1val k\u00e9szen \u00e1llunk arra, hogy ell\u00e1tjuk v\u00e1llalkoz\u00e1s\u00e1t.<\/p>\n<\/div>\n<\/article>","protected":false},"excerpt":{"rendered":"<div class=\"custom-product\" style=\"border: 1px solid #eee; text-align: center; max-width: 100%; margin: 0 auto; font-family: Arial, sans-serif; box-sizing: border-box;\">\n        <!-- Product image - full width -->\n        <a href=\"https:\/\/vapexyz.com\/hu\/product\/elf-box-ls15000-puff-shisha-hookah-0-2-5-nicotine-rechargeable-disposable-vape-wholesale\/\" style=\"display: block; margin-bottom: 15px;\">\n            <img decoding=\"async\" src=\"https:\/\/vapexyz.com\/wp-content\/uploads\/2024\/03\/ELF-BOX-LS15000-Puff-Shisha-Hookah-0-2-5-Nicotine-Rechargeable-Disposable-Vape1.png\" alt=\"ELF BOX LS15000 Puff Shisha Hookah \u00dajrat\u00f6lthet\u0151 Eldobhat\u00f3 Vape Nagykereskedelem\" style=\"width: 100%; height: auto; display: block;\">        <\/a>\n        \n        <!-- Product name -->\n        <h3 style=\"margin: 10px 0; font-size: 1.2em; line-height: 1.4; color: #333;\">\n            ELF BOX LS15000 Puff Shisha Hookah \u00dajrat\u00f6lthet\u0151 Eldobhat\u00f3 Vape Nagykereskedelem        <\/h3>\n        \n        <!-- Product price -->\n        <div class=\"price\" style=\"color: #ff0000; font-weight: bold; font-size: 1.4em; margin: 10px 0;\">\n            \t\t<span class=\"tiered-pricing-dynamic-price-wrapper tiered-pricing-dynamic-price-wrapper--variable\"\n\t\t\t  data-display-context=\"shop-loop\"\n\t\t\t  data-price-type=\"dynamic\"\n\t\t\t  data-product-id=\"17222\"\n\t\t\t  data-parent-id=\"17222\">\n\t\t\t<span class=\"woocommerce-Price-amount amount\"><bdi><span class=\"woocommerce-Price-currencySymbol\">\u20ac<\/span>6.09<\/bdi><\/span><\/span>        <\/div>\n        \n        <!-- Product rating -->\n        <div class=\"rating\" style=\"margin: 15px 0; min-height: 25px;\">\n            <div class=\"star-rating\" role=\"img\" aria-label=\"\u00c9rt\u00e9kel\u00e9se 5,00 az 5-b\u0151l\"><span style=\"width:100%\">N\u00e9vleges <strong class=\"rating\">5.00<\/strong> 5-b\u0151l<\/span><\/div>        <\/div>\n        \n        <!-- Buy Now button -->\n        <div class=\"buy-now-button\" style=\"margin-top: 20px;\">\n            <a href=\"https:\/\/vapexyz.com\/hu\/product\/elf-box-ls15000-puff-shisha-hookah-0-2-5-nicotine-rechargeable-disposable-vape-wholesale\/\" \n               class=\"buy-now-btn\" \n               style=\"display: inline-block; background-color: #4CAF50; color: white !important; padding: 12px 24px; text-align: center; text-decoration: none; font-weight: bold; border-radius: 4px; transition: all 0.3s; border: none; cursor: pointer; font-size: 1em;\">\n                V\u00e1s\u00e1roljon most            <\/a>\n        <\/div>\n    <\/div>","protected":false},"featured_media":20950,"comment_status":"open","ping_status":"closed","template":"","meta":{"_lmt_disableupdate":"no","_lmt_disable":""},"product_brand":[],"product_cat":[853,998,1018,935,934,927,929,928,930,933,939,932,938,931,936,937,1017,946,1023,1025,951,1028,1030,1031,1033,1034,954,820,987,1038],"product_tag":[858],"class_list":{"0":"post-20840","1":"product","2":"type-product","3":"status-publish","4":"has-post-thumbnail","6":"product_cat-vopk","7":"product_cat-15000-puff-vapes","8":"product_cat-apple-flavor-disposable-vapes","9":"product_cat-bulk-buy-disposable-vapes-in-austria","10":"product_cat-bulk-buy-disposable-vapes-in-belgium","11":"product_cat-bulk-buy-disposable-vapes-in-europe","12":"product_cat-bulk-buy-disposable-vapes-in-france","13":"product_cat-bulk-buy-disposable-vapes-in-germany","14":"product_cat-bulk-buy-disposable-vapes-in-italy","15":"product_cat-bulk-buy-disposable-vapes-in-netherlands","16":"product_cat-bulk-buy-disposable-vapes-in-norway","17":"product_cat-bulk-buy-disposable-vapes-in-poland","18":"product_cat-bulk-buy-disposable-vapes-in-portugal","19":"product_cat-bulk-buy-disposable-vapes-in-spain","20":"product_cat-bulk-buy-disposable-vapes-in-sweden","21":"product_cat-bulk-buy-disposable-vapes-in-switzerland","22":"product_cat-buy-best-disposable-vape-flavors","23":"product_cat-disposable-vapes-series","24":"product_cat-grape-flavor-disposable-vapes","25":"product_cat-ice-flavor-disposable-vapes","26":"product_cat-lower-nicotine-vapes","27":"product_cat-lush-flavor-disposable-vapes","28":"product_cat-mint-flavor-disposable-vapes","29":"product_cat-mixed-berries-flavor-disposable-vapes","30":"product_cat-peach-flavor-disposable-vapes","31":"product_cat-pineapple-flavor-disposable-vapes","32":"product_cat-shisha-hookah-vapes","33":"product_cat-vape","34":"product_cat-vape-shop-by-puffs","35":"product_cat-watermelon-flavor-disposable-vapes","36":"product_tag-featured-products","38":"first","39":"outofstock","40":"shipping-taxable","41":"purchasable","42":"product-type-variable","43":"has-default-attributes"},"jetpack_sharing_enabled":true,"tiered_pricing_type":"fixed","tiered_pricing_fixed_rules":[],"tiered_pricing_product_settings":{"layout":"default","base_unit_name":{"singular":null,"plural":null},"default_variation":null},"tiered_pricing_minimum_quantity":null,"tiered_pricing_roles_data":[],"tiered_pricing_percentage_rules":[],"tiered_pricing_maximum_quantity":null,"tiered_pricing_quantity_step":null,"_links":{"self":[{"href":"https:\/\/vapexyz.com\/hu\/wp-json\/wp\/v2\/product\/20840","targetHints":{"allow":["GET"]}}],"collection":[{"href":"https:\/\/vapexyz.com\/hu\/wp-json\/wp\/v2\/product"}],"about":[{"href":"https:\/\/vapexyz.com\/hu\/wp-json\/wp\/v2\/types\/product"}],"replies":[{"embeddable":true,"href":"https:\/\/vapexyz.com\/hu\/wp-json\/wp\/v2\/comments?post=20840"}],"wp:featuredmedia":[{"embeddable":true,"href":"https:\/\/vapexyz.com\/hu\/wp-json\/wp\/v2\/media\/20950"}],"wp:attachment":[{"href":"https:\/\/vapexyz.com\/hu\/wp-json\/wp\/v2\/media?parent=20840"}],"wp:term":[{"taxonomy":"product_brand","embeddable":true,"href":"https:\/\/vapexyz.com\/hu\/wp-json\/wp\/v2\/product_brand?post=20840"},{"taxonomy":"product_cat","embeddable":true,"href":"https:\/\/vapexyz.com\/hu\/wp-json\/wp\/v2\/product_cat?post=20840"},{"taxonomy":"product_tag","embeddable":true,"href":"https:\/\/vapexyz.com\/hu\/wp-json\/wp\/v2\/product_tag?post=20840"}],"curies":[{"name":"wp","href":"https:\/\/api.w.org\/{rel}","templated":true}]}}