{"id":17520,"date":"2024-03-17T02:29:56","date_gmt":"2024-03-17T02:29:56","guid":{"rendered":"https:\/\/vapexyz.com\/?post_type=product&#038;p=17520"},"modified":"2026-03-04T12:33:24","modified_gmt":"2026-03-04T12:33:24","slug":"elf-bar-bc10000-10k-5-20mg-nikotin-eldobhato-vape-nagykereskedelem","status":"publish","type":"product","link":"https:\/\/vapexyz.com\/hu\/product\/elf-bar-bc10000-10k-5-20mg-nicotine-disposable-vape-wholesale\/","title":{"rendered":"Elf Bar BC10000 (10K) eldobhat\u00f3 vape nagykereskedelem"},"content":{"rendered":"<article style=\"font-family: 'Segoe UI', Roboto, Helvetica, Arial, sans-serif; line-height: 1.8; color: #333; max-width: 100%; margin: 0 auto; padding: 20px;\">\n<h2 style=\"color: #2c3e50; border-bottom: 2px solid #3498db; padding-bottom: 10px; font-size: 2em; margin-top: 0;\">\u00c1tfog\u00f3 m\u00e9rn\u00f6ki \u00e9s teljes\u00edtm\u00e9nyelemz\u00e9s az Elf Bar BC10000-r\u0151l (10K)<\/h2>\n<p style=\"font-size: 1.1em; margin-bottom: 20px;\">A fogyaszt\u00f3i p\u00e1rologtat\u00e1shoz haszn\u00e1lt hardver t\u00e1jk\u00e9p\u00e9ben jelent\u0151s elmozdul\u00e1s t\u00f6rt\u00e9nt a nagy kapacit\u00e1s\u00fa, \u00fajrat\u00f6lthet\u0151 rendszerek fel\u00e9. Az Elf Bar BC10000 (10K) jelent\u0151s ugr\u00e1st k\u00e9pvisel a modern eldobhat\u00f3 vape architekt\u00far\u00e1j\u00e1ban, t\u00e1volodva az alapvet\u0151 nyitott hurk\u00fa rendszerekt\u0151l a kifinomult, z\u00e1rt hurk\u00fa mikroelektronikus eszk\u00f6z\u00f6k fel\u00e9. Ez az elemz\u00e9s elm\u00e9ly\u00fcl a m\u0171szaki specifik\u00e1ci\u00f3kban, a tapasztalati teljes\u00edtm\u00e9ny mutat\u00f3kban \u00e9s a megfelel\u0151s\u00e9gi szabv\u00e1nyokban, amelyek meghat\u00e1rozz\u00e1k ezt az eszk\u00f6zt, \u00e9s hiteles, objekt\u00edv k\u00e9pet ny\u00fajt arr\u00f3l, hogy mi\u00e9rt sz\u00e1m\u00edt kiemelked\u0151 v\u00e1laszt\u00e1snak a jelenlegi piacon.<\/p>\n<h3 style=\"color: #2980b9; margin-top: 30px; font-size: 1.5em;\">Integr\u00e1lt Telemetria \u00e9s Energia Management Rendszerek<\/h3>\n<p>A nagy kapacit\u00e1s\u00fa eldobhat\u00f3 vapes k\u00e9sz\u00fcl\u00e9kek egyik f\u0151 m\u00e9rn\u00f6ki kih\u00edv\u00e1sa annak biztos\u00edt\u00e1sa, hogy a t\u00e1pegys\u00e9g t\u00fal\u00e9lje a bels\u0151 tart\u00e1lyt an\u00e9lk\u00fcl, hogy rontan\u00e1 a felhaszn\u00e1l\u00f3i \u00e9lm\u00e9nyt. Az Elf Bar BC10000 egy fejlett mikrokontroller egys\u00e9get (MCU) tartalmaz, amely egy nagy s\u0171r\u0171s\u00e9g\u0171, 620mAh kapacit\u00e1s\u00fa l\u00edtium-ion m\u00e1sodlagos cell\u00e1t kezel. Ellent\u00e9tben a kor\u00e1bbi gener\u00e1ci\u00f3s vapes k\u00e9sz\u00fcl\u00e9kekkel, amelyek egy \u00e1lland\u00f3, szab\u00e1lyozatlan fesz\u00fclts\u00e9gcs\u00f6kken\u00e9sre t\u00e1maszkodtak - ami rossz teljes\u00edtm\u00e9nyhez vezetett az akkumul\u00e1tor lemer\u00fcl\u00e9sekor -, ez az eszk\u00f6z \u00e1lland\u00f3 fesz\u00fclts\u00e9g kimenet szab\u00e1lyoz\u00e1st alkalmaz. Ez biztos\u00edtja, hogy a f\u0171t\u0151elemnek sz\u00e1ll\u00edtott h\u0151energia az els\u0151 sz\u00edv\u00e1st\u00f3l az utols\u00f3ig \u00e1lland\u00f3 maradjon.<\/p>\n<p>Ezenk\u00edv\u00fcl ez az eszk\u00f6z val\u00f3s idej\u0171 telemetri\u00e1s kijelz\u0151vel van integr\u00e1lva. A digit\u00e1lis interf\u00e9sz empirikus tesztel\u00e9se nagy pontoss\u00e1g\u00fa \u00e9rz\u00e9kel\u0151ket mutat, amelyek figyelik mind a fennmarad\u00f3 elektromos t\u00f6lt\u00e9st, mind a 18 ml-es bels\u0151 tart\u00e1ly ki\u00fcr\u00fcl\u00e9si szintj\u00e9t. Ez az empirikus visszacsatol\u00e1si hurok megsz\u00fcnteti a hagyom\u00e1nyosan a z\u00e1rt rendszer\u0171 hardverhez kapcsol\u00f3d\u00f3 tal\u00e1lgat\u00e1st, lehet\u0151v\u00e9 t\u00e9ve a felhaszn\u00e1l\u00f3k sz\u00e1m\u00e1ra, hogy folyamatosan figyelj\u00e9k eszk\u00f6z\u00fck l\u00e9tfontoss\u00e1g\u00fa statisztik\u00e1it. A fennmarad\u00f3 bels\u0151 kapacit\u00e1s \u00e9s az akkumul\u00e1tor sz\u00e1zal\u00e9kos ar\u00e1ny\u00e1nak egy\u00e9rtelm\u0171 kijelz\u00e9s\u00e9vel a felhaszn\u00e1l\u00f3k hat\u00e9konyan kezelhetik t\u00f6lt\u00e9si ciklusukat, cs\u00f6kkentve a v\u00e1ratlan eszk\u00f6zhiba kock\u00e1zat\u00e1t haszn\u00e1lat k\u00f6zben.<\/p>\n<div style=\"background-color: #f8f9fa; border-left: 6px solid #e74c3c; padding: 20px; margin: 30px 0; border-radius: 0 8px 8px 0; box-shadow: 0 4px 6px rgba(0,0,0,0.05);\">\n<h4 style=\"margin-top: 0; color: #c0392b; font-size: 1.2em;\">\ud83d\udd0d Tud\u00e1s Pont: L\u00edtium-Ion Cella Degrad\u00e1ci\u00f3ja \u00e9s Type-C Protokollok<\/h4>\n<p style=\"margin-bottom: 0;\">A be\u00e9p\u00edtett 620mAh-s akkumul\u00e1tort egy integr\u00e1lt \u00e1ramk\u00f6r vez\u00e9rli, amely t\u00e1mogatja a modern Type-C t\u00f6lt\u00e9si protokollokat. Hasonl\u00f3, IEC 62133 szabv\u00e1nynak megfelel\u0151 cell\u00e1k laborat\u00f3riumi elemz\u00e9se azt mutatja, hogy az 5V\/0,5A t\u00f6lt\u00e9si \u00e1ram fenntart\u00e1sa minimaliz\u00e1lja a l\u00edtium k\u00e9mia h\u0151terhel\u00e9s\u00e9t. A t\u00falt\u00f6lt\u00e9s elleni v\u00e9delem biztos\u00edtja, hogy a cella el\u00e9rje cs\u00facsfesz\u00fclts\u00e9g\u00e9t (tipikusan 4,2V), a t\u00f6lt\u0151\u00e1ram le\u00e1ll. Ez meghosszabb\u00edtja a hardver \u00e9lettartam\u00e1t \u00e9s biztos\u00edtja a stabil, hossz\u00fa t\u00e1v\u00fa m\u0171k\u00f6d\u00e9st termikus elfut\u00e1si kock\u00e1zatok n\u00e9lk\u00fcl.<\/p>\n<\/div>\n<h3 style=\"color: #2980b9; margin-top: 30px; font-size: 1.5em;\">Termodinamika \u00e9s a QUAG Mesh f\u0171t\u0151elem<\/h3>\n<p>Minden p\u00e1rologtat\u00f3 k\u00e9sz\u00fcl\u00e9k sz\u00edv\u00e9ben a f\u0171t\u0151elem tal\u00e1lhat\u00f3. Az Elf Bar BC10000-ot saj\u00e1t QUAG Mesh Coil technol\u00f3gi\u00e1val tervezt\u00e9k. A hagyom\u00e1nyos tekercselt huzaltekercsek gyakran szenvednek lokaliz\u00e1lt \u201cforr\u00f3 pontokt\u00f3l\u201d - mikroszkopikus ter\u00fcletekt\u0151l, ahol a huzal egyenetlen\u00fcl melegszik, ami a sz\u00edv\u00f3anyag gyors leboml\u00e1s\u00e1hoz \u00e9s durva, \u00e9gett \u00edzhez vezet.<\/p>\n<p>A QUAG Mesh keretrendszer megoldja ezt egy l\u00e9zerrel v\u00e1gott, m\u00e9hsejt-st\u00edlus\u00fa r\u00e1cs seg\u00edts\u00e9g\u00e9vel, amelyet egy speci\u00e1lis ellen\u00e1ll\u00e1si \u00f6tv\u00f6zetb\u0151l k\u00e9sz\u00edtenek. Ez a szerkezeti kialak\u00edt\u00e1s exponenci\u00e1lisan n\u00f6veli a fel\u00fclet-t\u00f6meg ar\u00e1nyt. Amikor a 620mAh-s akkumul\u00e1torb\u00f3l sz\u00e1rmaz\u00f3 elektromos \u00e1ramot alkalmazza, a h\u0151energia azonnal \u00e9s egyenletesen oszlik el a cs\u00f3va m\u00e1trix\u00e1n. Ez a gyors, egyenletes f\u0171t\u00e9s biztos\u00edtja a 18ml-es tart\u00e1ly tartalm\u00e1nak hat\u00e9kony porlaszt\u00e1s\u00e1t, s\u0171r\u0171, sima \u00e9s egyenletes g\u0151zfelh\u0151ket termelve.<\/p>\n<p>Fontos, hogy az Elf Bar BC10000 egy fejlett h\u0151kiold\u00f3 mechanizmussal rendelkezik, amelyet a \u201csz\u00e1raz \u00fct\u00e9sek\u201d megel\u0151z\u00e9s\u00e9re terveztek. Ez a rendszer v\u00e9delmi funkci\u00f3k\u00e9nt m\u0171k\u00f6dik; amikor a bels\u0151 \u00e9rz\u00e9kel\u0151k \u00e9szlelik, hogy a kan\u00f3canyag nedvess\u00e9gtartalma nem elegend\u0151 (ami \u00e1ltal\u00e1ban megn\u00f6veli a tekercs ellen\u00e1ll\u00e1s\u00e1t \u00e9s h\u0151m\u00e9rs\u00e9klet\u00e9t), a teljes\u00edtm\u00e9ny lead\u00e1sa azonnal korl\u00e1toz\u00f3dik vagy le\u00e1ll. Ez a gyakorlati m\u00e9rn\u00f6ki megold\u00e1s biztos\u00edtja, hogy a felhaszn\u00e1l\u00f3 v\u00e9dve legyen az oxid\u00e1lt, el\u00e9getett kan\u00f3canyag bel\u00e9legz\u00e9s\u00e9t\u0151l, \u00edgy fenntartva a hardver biztons\u00e1g\u00e1nak legmagasabb sz\u00ednvonal\u00e1t.<\/p>\n<h3 style=\"color: #2980b9; margin-top: 30px; font-size: 1.5em;\">Szerkezeti m\u00e9rn\u00f6ki munka \u00e9s eszt\u00e9tikai tervez\u00e9s<\/h3>\n<p>M\u00edg a teljes\u00edtm\u00e9nyt a bels\u0151 elektronika hat\u00e1rozza meg, a k\u00fcls\u0151 h\u00e1z d\u00f6nt\u0151 fontoss\u00e1g\u00fa tart\u00f3ss\u00e1got \u00e9s ergon\u00f3miai el\u0151ny\u00f6ket ny\u00fajt. Az Elf Bar BC10000 h\u00e1z\u00e1t tart\u00f3s, \u00fct\u00e9s\u00e1ll\u00f3 polikarbon\u00e1t anyagokb\u00f3l \u00e9p\u00edtett\u00e9k, amelyeket t\u00f6bbr\u00e9teg\u0171 optikai bevonatokkal fejeztek be, \u00e9s amelyek jellegzetes, f\u00e9nyes \u00e9s visszaver\u0151 eszt\u00e9tik\u00e1t biztos\u00edtanak. Ez nem csup\u00e1n kozmetikai jelleg\u0171; a t\u00f6bbr\u00e9teg\u0171 bevonat bizonyos m\u00e9rt\u00e9k\u0171 karc\u00e1ll\u00f3s\u00e1got \u00e9s UV v\u00e9delmet ny\u00fajt a bels\u0151 h\u00e1z sz\u00e1m\u00e1ra.<\/p>\n<p>A sz\u00e1jr\u00e9sz ergon\u00f3miailag kialak\u00edtott, hogy el\u0151seg\u00edtse a pontos sz\u00e1jb\u00f3l t\u00fcd\u0151be (MTL) t\u00f6rt\u00e9n\u0151 sz\u00edv\u00e1st. Ezenk\u00edv\u00fcl a k\u00e9sz\u00fcl\u00e9k f\u00e9nyes sz\u00e1jr\u00e9sz funkci\u00f3val rendelkezik, amely egyszerre szolg\u00e1l m\u0171veleti vizu\u00e1lis indik\u00e1tork\u00e9nt \u00e9s eszt\u00e9tikai fejleszt\u00e9sk\u00e9nt. A k\u00e9sz\u00fcl\u00e9k szerkezeti integrit\u00e1sa biztos\u00edtja, hogy sziv\u00e1rg\u00e1smentes legyen a standard l\u00e9gk\u00f6ri nyom\u00e1sv\u00e1ltoz\u00e1sok alatt, \u00edgy nagyon megb\u00edzhat\u00f3 a napi sz\u00e1ll\u00edt\u00e1s sor\u00e1n.<\/p>\n<div style=\"text-align: center; margin: 40px 0;\"><a style=\"text-decoration: none;\" href=\"https:\/\/vapexyz.com\/hu\/termekkategoria\/elf-bar\/\"><br \/>\n<img loading=\"lazy\" decoding=\"async\" class=\"alignnone size-full wp-image-19745\" style=\"max-width: 100%; height: auto; border-radius: 12px; box-shadow: 0 10px 20px rgba(0,0,0,0.15);\" src=\"https:\/\/vapexyz.com\/wp-content\/uploads\/2024\/03\/ELFBAR_BC10000.png\" alt=\"R\u00e9szletes vizu\u00e1lis megjelen\u00edt\u00e9se az Elf Bar BC10000 eldobhat\u00f3 vape-nak, amely bemutatja annak t\u00f6bbr\u00e9teg\u0171 v\u00e1z\u00e1t \u00e9s digit\u00e1lis kijelz\u0151j\u00e9t\" width=\"1130\" height=\"1148\" title=\"\" srcset=\"https:\/\/vapexyz.com\/wp-content\/uploads\/2024\/03\/ELFBAR_BC10000.png 1130w, https:\/\/vapexyz.com\/wp-content\/uploads\/2024\/03\/ELFBAR_BC10000-148x150.png 148w, https:\/\/vapexyz.com\/wp-content\/uploads\/2024\/03\/ELFBAR_BC10000-600x610.png 600w, https:\/\/vapexyz.com\/wp-content\/uploads\/2024\/03\/ELFBAR_BC10000-492x500.png 492w, https:\/\/vapexyz.com\/wp-content\/uploads\/2024\/03\/ELFBAR_BC10000-756x768.png 756w, https:\/\/vapexyz.com\/wp-content\/uploads\/2024\/03\/ELFBAR_BC10000-1008x1024.png 1008w\" sizes=\"auto, (max-width: 1130px) 100vw, 1130px\" \/><br \/>\n<\/a><\/div>\n<h3 style=\"color: #2980b9; margin-top: 30px; font-size: 1.5em;\">Hiteles\u00edtett M\u0171szaki Specifik\u00e1ci\u00f3k<\/h3>\n<p>Az al\u00e1bbiakban egy empirikusan igazolt bont\u00e1sa tal\u00e1lhat\u00f3 az eszk\u00f6z m\u0171szaki specifik\u00e1ci\u00f3inak, kiemelve azokat a pontos hardveres m\u00e9r\u0151sz\u00e1mokat, amelyek meghat\u00e1rozz\u00e1k ezt az eldobhat\u00f3 vape-ot.<\/p>\n<table style=\"width: 100%; border-collapse: collapse; margin: 25px 0; font-size: 1em; box-shadow: 0 0 20px rgba(0, 0, 0, 0.05); background-color: #fff; border-radius: 8px; overflow: hidden;\">\n<thead>\n<tr style=\"background-color: #34495e; color: #ffffff; text-align: left;\">\n<th style=\"padding: 15px; border-bottom: 2px solid #2c3e50;\">\u00d6sszetev\u0151 \/ Metrika<\/th>\n<th style=\"padding: 15px; border-bottom: 2px solid #2c3e50;\">M\u0171szaki Specifik\u00e1ci\u00f3<\/th>\n<\/tr>\n<\/thead>\n<tbody>\n<tr style=\"border-bottom: 1px solid #dddddd;\">\n<td style=\"padding: 15px; font-weight: bold; color: #2c3e50;\">Hardver oszt\u00e1lyoz\u00e1s<\/td>\n<td style=\"padding: 15px;\">Nagy kapacit\u00e1s\u00fa \u00fajrat\u00f6lthet\u0151 eldobhat\u00f3 vape<\/td>\n<\/tr>\n<tr style=\"background-color: #f9f9f9; border-bottom: 1px solid #dddddd;\">\n<td style=\"padding: 15px; font-weight: bold; color: #2c3e50;\">Maxim\u00e1lis Kibocs\u00e1t\u00e1si Kapacit\u00e1s<\/td>\n<td style=\"padding: 15px;\">Legfeljebb 10 000 Puff (Szabv\u00e1nyos 1,5 m\u00e1sodperces MTL sz\u00edv\u00e1si id\u0151tartam alapj\u00e1n sz\u00e1molva)<\/td>\n<\/tr>\n<tr style=\"border-bottom: 1px solid #dddddd;\">\n<td style=\"padding: 15px; font-weight: bold; color: #2c3e50;\">\u00c1ramforr\u00e1s<\/td>\n<td style=\"padding: 15px;\">620 mAh \u00fajrat\u00f6lthet\u0151 l\u00edtium-ion cella<\/td>\n<\/tr>\n<tr style=\"background-color: #f9f9f9; border-bottom: 1px solid #dddddd;\">\n<td style=\"padding: 15px; font-weight: bold; color: #2c3e50;\">T\u00e1roz\u00f3 t\u00e9rfogat<\/td>\n<td style=\"padding: 15px;\">18 ml El\u0151re t\u00f6lt\u00f6tt bels\u0151 kamra<\/td>\n<\/tr>\n<tr style=\"border-bottom: 1px solid #dddddd;\">\n<td style=\"padding: 15px; font-weight: bold; color: #2c3e50;\">Atomiz\u00e1ci\u00f3s Technol\u00f3gia<\/td>\n<td style=\"padding: 15px;\">QUAG h\u00e1l\u00f3s tekercs keretrendszer<\/td>\n<\/tr>\n<tr style=\"background-color: #f9f9f9; border-bottom: 1px solid #dddddd;\">\n<td style=\"padding: 15px; font-weight: bold; color: #2c3e50;\">T\u00e1vm\u00e9r\u0151 interf\u00e9sz<\/td>\n<td style=\"padding: 15px;\">LED Digit\u00e1lis Kijelz\u0151 (Val\u00f3s Idej\u0171 Akkumul\u00e1tor % &amp; Tart\u00e1ly \u00c1llapot)<\/td>\n<\/tr>\n<tr style=\"border-bottom: 1px solid #dddddd;\">\n<td style=\"padding: 15px; font-weight: bold; color: #2c3e50;\">T\u00f6lt\u00e9si Protokoll<\/td>\n<td style=\"padding: 15px;\">USB Type-C (5V bemeneti szabv\u00e1ny)<\/td>\n<\/tr>\n<\/tbody>\n<\/table>\n<h3 style=\"color: #2980b9; margin-top: 30px; font-size: 1.5em;\">Kurat\u00e1lt \u00c9rz\u00e9kszervi Profilok \u00e9s Botanikai Kever\u00e9kek<\/h3>\n<p>A fejlett aroma kivon\u00e1si \u00e9s formul\u00e1z\u00e1si folyamatok r\u00e9v\u00e9n ez az eszk\u00f6z rendk\u00edv\u00fcl v\u00e1ltozatos \u00e9rz\u00e9kszervi profil-portf\u00f3li\u00f3t k\u00edn\u00e1l. A bels\u0151 oldatokat steril, tiszta helyis\u00e9g\u0171 k\u00f6rnyezetben fejlesztik ki, hogy biztos\u00edts\u00e1k a konzisztenci\u00e1t, a stabilit\u00e1st \u00e9s a tisztas\u00e1got minden t\u00e9tel eset\u00e9ben. Minden profilt gondosan kiegyens\u00falyoznak annak biztos\u00edt\u00e1sa \u00e9rdek\u00e9ben, hogy az oldat fizikai viszkozit\u00e1sa optim\u00e1lisan k\u00f6lcs\u00f6nhat\u00e1sba l\u00e9pjen a QUAG Mesh f\u0171t\u0151sz\u00e1llal, megakad\u00e1lyozva a sz\u00edv\u00e1sk\u00e1rosod\u00e1st, mik\u00f6zben robusztus, hossz\u00fa \u00e9lettartam\u00fa arom\u00e1kat sz\u00e1ll\u00edt. Fedezze fel az \u00edzlehet\u0151s\u00e9gek \u00e1tfog\u00f3 katal\u00f3gus\u00e1t:<\/p>\n<div style=\"display: grid; grid-template-columns: repeat(auto-fit, minmax(250px, 1fr)); gap: 15px; margin: 25px 0;\">\n<ul style=\"list-style-type: square; padding-left: 20px; color: #444; margin: 0;\">\n<li style=\"margin-bottom: 8px;\">Americano Ice<\/li>\n<li style=\"margin-bottom: 8px;\">Apple Ice<\/li>\n<li style=\"margin-bottom: 8px;\">Szeder \u00c1fonya<\/li>\n<li style=\"margin-bottom: 8px;\">Blue Razz Ice<\/li>\n<li style=\"margin-bottom: 8px;\">Blueberry Gami<\/li>\n<li style=\"margin-bottom: 8px;\">\u00c1fonya j\u00e9g<\/li>\n<li style=\"margin-bottom: 8px;\">\u00c1fonya menta<\/li>\n<li style=\"margin-bottom: 8px;\">Cseresznye g\u00f6r\u00f6gdinnye<\/li>\n<\/ul>\n<ul style=\"list-style-type: square; padding-left: 20px; color: #444; margin: 0;\">\n<li style=\"margin-bottom: 8px;\">Dupla mang\u00f3<\/li>\n<li style=\"margin-bottom: 8px;\">Sz\u0151l\u0151cseresznye<\/li>\n<li style=\"margin-bottom: 8px;\">Sz\u0151l\u0151 j\u00e9g<\/li>\n<li style=\"margin-bottom: 8px;\">Z\u00f6ld citrom<\/li>\n<li style=\"margin-bottom: 8px;\">Miami Mint<\/li>\n<li style=\"margin-bottom: 8px;\">Barack j\u00e9g<\/li>\n<li style=\"margin-bottom: 8px;\">\u0150szibarack mang\u00f3<\/li>\n<li style=\"margin-bottom: 8px;\">Anan\u00e1sz j\u00e9g<\/li>\n<\/ul>\n<ul style=\"list-style-type: square; padding-left: 20px; color: #444; margin: 0;\">\n<li style=\"margin-bottom: 8px;\">Anan\u00e1sz eper ban\u00e1n<\/li>\n<li style=\"margin-bottom: 8px;\">Red Berry Cherry<\/li>\n<li style=\"margin-bottom: 8px;\">Eper ban\u00e1n<\/li>\n<li style=\"margin-bottom: 8px;\">Eper j\u00e9g<\/li>\n<li style=\"margin-bottom: 8px;\">Epres Kiwi j\u00e9g<\/li>\n<li style=\"margin-bottom: 8px;\">Klasszikus F\u00f6ldes P\u00f6rk\u00f6l\u00e9s<\/li>\n<li style=\"margin-bottom: 8px;\">G\u00f6r\u00f6gdinnye j\u00e9g<\/li>\n<\/ul>\n<\/div>\n<h3 style=\"color: #2980b9; margin-top: 30px; font-size: 1.5em;\">Ipar\u00e1gi Megfelel\u0151s\u00e9g\u00fcgyi \u00e9s Min\u0151s\u00e9gbiztos\u00edt\u00e1si Hat\u00f3s\u00e1g<\/h3>\n<p>T\u00f6meges hardver kiv\u00e1laszt\u00e1sakor a szab\u00e1lyoz\u00e1si \u00e9s megfelel\u00e9si k\u00f6rnyezet meg\u00e9rt\u00e9se kritikus fontoss\u00e1g\u00fa a bizalom kialak\u00edt\u00e1s\u00e1hoz \u00e9s a term\u00e9khat\u00f3s\u00e1g ellen\u0151rz\u00e9s\u00e9hez. B\u00e1r ez egy fogyaszt\u00f3i elektronikai eszk\u00f6z, gy\u00e1rt\u00e1sa szigor\u00fa nemzetk\u00f6zi min\u0151s\u00e9gellen\u0151rz\u00e9si protokollokkal \u00f6sszhangban t\u00f6rt\u00e9nik.<\/p>\n<p>Az ilyen eszk\u00f6z\u00f6ket gy\u00e1rt\u00f3 l\u00e9tes\u00edtm\u00e9nyek \u00e1ltal\u00e1ban megfelelnek az ISO 9001 min\u0151s\u00e9gir\u00e1ny\u00edt\u00e1si szabv\u00e1nyoknak.  A l\u00edtium-ion akkumul\u00e1torok \u00e9s a Type-C t\u00f6lt\u0151portok integr\u00e1l\u00e1sa megk\u00f6veteli a szabv\u00e1nyos\u00edtott elektronikai biztons\u00e1gi ir\u00e1nyelveknek val\u00f3 megfelel\u00e9st, p\u00e9ld\u00e1ul a RoHS (Vesz\u00e9lyes Anyagok Korl\u00e1toz\u00e1sa) \u00e9s a CE jel\u00f6l\u00e9si param\u00e9tereknek, biztos\u00edtva, hogy a \u00e1ramk\u00f6r\u00f6k mentesek legyenek a tiltott neh\u00e9zf\u00e9mekt\u0151l, \u00e9s hogy az eszk\u00f6z ne okozzon elektrom\u00e1gneses interferenci\u00e1t.  Ezen objekt\u00edv m\u00e9rn\u00f6ki szabv\u00e1nyokra \u00f6sszpontos\u00edtva az Elf Bar BC10000 megb\u00edzhat\u00f3, kereskedelmi szempontb\u00f3l \u00e9letk\u00e9pes hardvernek sz\u00e1m\u00edt, elker\u00fclve a szab\u00e1lyozatlan elektronika buktat\u00f3it.  Aj\u00e1nlott, hogy minden felhaszn\u00e1l\u00f3 a helyi WEEE (Hullad\u00e9k Elektromos \u00e9s Elektronikus Berendez\u00e9sek) ir\u00e1nyelveknek megfelel\u0151en \u00e1rtalmatlan\u00edtsa az e-cigarett\u00e1kat, hogy biztos\u00edtsa a bels\u0151 akkumul\u00e1torcell\u00e1k megfelel\u0151 \u00fajrahasznos\u00edt\u00e1s\u00e1t.<\/p>\n<h3 style=\"color: #2980b9; margin-top: 40px; font-size: 1.5em;\">Gyakran Ism\u00e9telt K\u00e9rd\u00e9sek (F\u0151bb Pontok)<\/h3>\n<div style=\"background-color: #ffffff; border: 1px solid #e0e0e0; border-radius: 10px; padding: 25px; margin-top: 20px; box-shadow: 0 5px 15px rgba(0,0,0,0.03);\">\n<div style=\"margin-bottom: 20px; border-bottom: 1px solid #f0f0f0; padding-bottom: 15px;\">\n<h4 style=\"color: #2c3e50; margin: 0 0 10px 0; font-size: 1.1em;\">Hogyan m\u0171k\u00f6dik m\u0171szakilag a \u201cBiztons\u00e1gos a sz\u00e1raz puffokkal szemben\u201d mechanizmus?<\/h4>\n<p style=\"margin: 0; color: #555;\">A k\u00e9sz\u00fcl\u00e9k hardver szint\u0171 h\u0151megszak\u00edt\u00f3 rendszert haszn\u00e1l. Amikor az 18 ml-es tart\u00e1ly kritikus szintet \u00e9r el, a QUAG mesh tekercs elektromos ellen\u00e1ll\u00e1sa megv\u00e1ltozik a k\u00f6rnyez\u0151 nedvess\u00e9g hi\u00e1ny\u00e1nak k\u00f6vetkezt\u00e9ben. A be\u00e9p\u00edtett mikrovez\u00e9rl\u0151 \u00e9rz\u00e9keli ezt az ellen\u00e1ll\u00e1s-n\u00f6veked\u00e9st, \u00e9s megszak\u00edtja az \u00e1ramk\u00f6rt az akkumul\u00e1torr\u00f3l, hat\u00e9konyan megakad\u00e1lyozva, hogy a kapill\u00e1ris anyag \u00e9gjen.<\/p>\n<\/div>\n<div style=\"margin-bottom: 20px; border-bottom: 1px solid #f0f0f0; padding-bottom: 15px;\">\n<h4 style=\"color: #2c3e50; margin: 0 0 10px 0; font-size: 1.1em;\">K: A 10 000 f\u00faj\u00e1s abszol\u00fat garancia?<\/h4>\n<p style=\"margin: 0; color: #555;\">A 10 000-es \u00e9rt\u00e9kel\u00e9s egy m\u00e9rn\u00f6ki becsl\u00e9s, amely automatiz\u00e1lt laborat\u00f3riumi vizsg\u00e1latokb\u00f3l sz\u00e1rmazik, \u00e9s er\u0151sen szabv\u00e1nyos\u00edtott rajzmetrik\u00e1kat haszn\u00e1l (tipikusan 1,5 \u00e9s 2 m\u00e1sodperces rajz egy meghat\u00e1rozott l\u00e9g\u00e1raml\u00e1si sebess\u00e9gn\u00e9l). A val\u00f3s eredm\u00e9nyek felhaszn\u00e1l\u00f3i viselked\u00e9s alapj\u00e1n v\u00e1ltoznak; a hosszabb, m\u00e9lyebb sz\u00edv\u00e1sok t\u00f6bb bels\u0151 kapacit\u00e1st \u00e9s akkumul\u00e1tor teljes\u00edtm\u00e9nyt fogyasztanak el haszn\u00e1lat k\u00f6zben, ami ar\u00e1nyosan cs\u00f6kkenti a teljes sz\u00e1mot.<\/p>\n<\/div>\n<div style=\"margin-bottom: 20px; border-bottom: 1px solid #f0f0f0; padding-bottom: 15px;\">\n<h4 style=\"color: #2c3e50; margin: 0 0 10px 0; font-size: 1.1em;\">Milyen az optim\u00e1lis m\u00f3dszer a 620mAh bels\u0151 akkumul\u00e1tor \u00fajrat\u00f6lt\u00e9s\u00e9re?<\/h4>\n<p style=\"margin: 0; color: #555;\">A l\u00edtium-ion cella optim\u00e1lis \u00e9lettartam\u00e1nak biztos\u00edt\u00e1sa \u00e9rdek\u00e9ben aj\u00e1nlott a k\u00e9sz\u00fcl\u00e9ket egy szabv\u00e1nyos 5V\/1A vagy 5V\/0,5A teljes\u00edtm\u00e9ny\u0171 adapterrel \u00e9s USB Type-C k\u00e1bellel t\u00f6lteni. Ker\u00fclje a nagy teljes\u00edtm\u00e9ny\u0171 \u201cgyors t\u00f6lt\u0151ket\u201d (mint p\u00e9ld\u00e1ul a nagy teljes\u00edtm\u00e9ny\u0171 laptop t\u00f6lt\u0151ket), mivel a t\u00falzott \u00e1ram fesz\u00fclts\u00e9g okozhatja az akkumul\u00e1tor gyorsabb elhaszn\u00e1l\u00f3d\u00e1s\u00e1t \u00e9s sz\u00fcks\u00e9gtelen h\u0151terhel\u00e9st okozhat a hardvernek.<\/p>\n<\/div>\n<div style=\"margin-bottom: 0;\">\n<h4 style=\"color: #2c3e50; margin: 0 0 10px 0; font-size: 1.1em;\">Milyen pontos a digit\u00e1lis telemetri\u00e1s k\u00e9perny\u0151?<\/h4>\n<p style=\"margin: 0; color: #555;\">A: A k\u00e9perny\u0151 rendk\u00edv\u00fcl pontos, val\u00f3s idej\u0171 adatokat szolg\u00e1ltat mind az elektromos t\u00f6lt\u00e9sr\u0151l, mind a fennmarad\u00f3 kapacit\u00e1sr\u00f3l. Az akkumul\u00e1tor sz\u00e1zal\u00e9kos ar\u00e1nya a standard fesz\u00fclts\u00e9g-leolvas\u00e1si logik\u00e1n m\u0171k\u00f6dik, m\u00edg a kapacit\u00e1sjelz\u0151 algoritmikus sz\u00e1m\u00edt\u00e1sokat haszn\u00e1l a teljes t\u00fczel\u00e9si id\u0151 \u00e9s a teljes\u00edtm\u00e9nykimenet alapj\u00e1n az 18 ml-es bels\u0151 tart\u00e1ly kimer\u00fcl\u00e9s\u00e9nek becsl\u00e9s\u00e9re.<\/p>\n<\/div>\n<\/div>\n<p style=\"margin-top: 30px; font-size: 1.1em; text-align: center; font-weight: bold; color: #2c3e50;\">Tapasztalja meg a hardver megb\u00edzhat\u00f3s\u00e1g\u00e1nak cs\u00facs\u00e1t. Fedezze fel a teljes sk\u00e1l\u00e1t <a style=\"color: #3498db; text-decoration: underline;\" href=\"https:\/\/vapexyz.com\/hu\/termekkategoria\/elf-bar\/\">Elf Bar eldobhat\u00f3 vapes<\/a>\u2014 \u00fagy tervezt\u00e9k, hogy egyszer\u0171, nagyon megb\u00edzhat\u00f3 \u00e9s mindig k\u00e9szen \u00e1lljon az optim\u00e1lis teljes\u00edtm\u00e9nyre.<\/p>\n<\/article>","protected":false},"excerpt":{"rendered":"<p>Az Elf Bar BC10000 egy eleg\u00e1ns \u00e9s st\u00edlusos vape eszk\u00f6z, amely pr\u00e9mium vape-\u00e9lm\u00e9nyt ny\u00fajt val\u00f3s idej\u0171 kijelz\u0151j\u00e9vel, mesh tekercstechnol\u00f3gi\u00e1j\u00e1val \u00e9s sz\u00e9les v\u00e1laszt\u00e9k\u00fa finom \u00edzeivel, biztos\u00edtva egy kiel\u00e9g\u00edt\u0151 \u00e9s \u00e9lvezetes vape-utaz\u00e1st a felhaszn\u00e1l\u00f3k sz\u00e1m\u00e1ra.<\/p>","protected":false},"featured_media":17521,"comment_status":"open","ping_status":"closed","template":"","meta":{"_lmt_disableupdate":"no","_lmt_disable":""},"product_brand":[],"product_cat":[994,1018,1019,1020,935,934,927,929,928,930,933,939,932,938,931,936,937,1017,1021,946,842,1023,1025,1026,1027,1028,1029,1030,1033,1034,953,1037,987,1038],"product_tag":[],"class_list":{"0":"post-17520","1":"product","2":"type-product","3":"status-publish","4":"has-post-thumbnail","6":"product_cat-10000-puff-vapes","7":"product_cat-apple-flavor-disposable-vapes","8":"product_cat-blue-razz-flavor-disposable-vapes","9":"product_cat-blueberry-flavor-disposable-vapes","10":"product_cat-bulk-buy-disposable-vapes-in-austria","11":"product_cat-bulk-buy-disposable-vapes-in-belgium","12":"product_cat-bulk-buy-disposable-vapes-in-europe","13":"product_cat-bulk-buy-disposable-vapes-in-france","14":"product_cat-bulk-buy-disposable-vapes-in-germany","15":"product_cat-bulk-buy-disposable-vapes-in-italy","16":"product_cat-bulk-buy-disposable-vapes-in-netherlands","17":"product_cat-bulk-buy-disposable-vapes-in-norway","18":"product_cat-bulk-buy-disposable-vapes-in-poland","19":"product_cat-bulk-buy-disposable-vapes-in-portugal","20":"product_cat-bulk-buy-disposable-vapes-in-spain","21":"product_cat-bulk-buy-disposable-vapes-in-sweden","22":"product_cat-bulk-buy-disposable-vapes-in-switzerland","23":"product_cat-buy-best-disposable-vape-flavors","24":"product_cat-cherry-flavor-disposable-vapes","25":"product_cat-disposable-vapes-series","26":"product_cat-elf-bar","27":"product_cat-grape-flavor-disposable-vapes","28":"product_cat-ice-flavor-disposable-vapes","29":"product_cat-kiwi-flavor-disposable-vapes","30":"product_cat-lemon-flavor-disposable-vapes","31":"product_cat-lush-flavor-disposable-vapes","32":"product_cat-mango-flavor-disposable-vapes","33":"product_cat-mint-flavor-disposable-vapes","34":"product_cat-peach-flavor-disposable-vapes","35":"product_cat-pineapple-flavor-disposable-vapes","36":"product_cat-rechargeable-vapes","37":"product_cat-strawberry-flavor-disposable-vapes","38":"product_cat-vape-shop-by-puffs","39":"product_cat-watermelon-flavor-disposable-vapes","41":"first","42":"outofstock","43":"shipping-taxable","44":"purchasable","45":"product-type-variable"},"jetpack_sharing_enabled":true,"tiered_pricing_type":"fixed","tiered_pricing_fixed_rules":[],"tiered_pricing_product_settings":{"layout":"default","base_unit_name":{"singular":null,"plural":null},"default_variation":null},"tiered_pricing_minimum_quantity":null,"tiered_pricing_roles_data":[],"tiered_pricing_percentage_rules":[],"tiered_pricing_maximum_quantity":null,"tiered_pricing_quantity_step":null,"_links":{"self":[{"href":"https:\/\/vapexyz.com\/hu\/wp-json\/wp\/v2\/product\/17520","targetHints":{"allow":["GET"]}}],"collection":[{"href":"https:\/\/vapexyz.com\/hu\/wp-json\/wp\/v2\/product"}],"about":[{"href":"https:\/\/vapexyz.com\/hu\/wp-json\/wp\/v2\/types\/product"}],"replies":[{"embeddable":true,"href":"https:\/\/vapexyz.com\/hu\/wp-json\/wp\/v2\/comments?post=17520"}],"wp:featuredmedia":[{"embeddable":true,"href":"https:\/\/vapexyz.com\/hu\/wp-json\/wp\/v2\/media\/17521"}],"wp:attachment":[{"href":"https:\/\/vapexyz.com\/hu\/wp-json\/wp\/v2\/media?parent=17520"}],"wp:term":[{"taxonomy":"product_brand","embeddable":true,"href":"https:\/\/vapexyz.com\/hu\/wp-json\/wp\/v2\/product_brand?post=17520"},{"taxonomy":"product_cat","embeddable":true,"href":"https:\/\/vapexyz.com\/hu\/wp-json\/wp\/v2\/product_cat?post=17520"},{"taxonomy":"product_tag","embeddable":true,"href":"https:\/\/vapexyz.com\/hu\/wp-json\/wp\/v2\/product_tag?post=17520"}],"curies":[{"name":"wp","href":"https:\/\/api.w.org\/{rel}","templated":true}]}}