{"id":16972,"date":"2024-03-09T09:53:36","date_gmt":"2024-03-09T09:53:36","guid":{"rendered":"https:\/\/vapexyz.com\/product\/zgar-foggy-box-7000-puffs-2-nicotine-rechargeable-disposable-pod\/"},"modified":"2026-02-07T03:55:12","modified_gmt":"2026-02-07T03:55:12","slug":"zgar-foggy-box-7000-puff-2-nikotin-ujratoltheto-eldobhato-vape-nagyker","status":"publish","type":"product","link":"https:\/\/vapexyz.com\/hu\/product\/zgar-foggy-box-7000-puffs-2-nicotine-rechargeable-disposable-vape-wholesale\/","title":{"rendered":"ZGAR K\u00d6D\u00d6S DOBOZ 7000 Puff Eldobhat\u00f3 Vape"},"content":{"rendered":"<article>\n<h2>Nagy Friss\u00edt\u00e9si H\u00edr: A ZGAR FOGGY BOX 7000 Puff-t\u0151l <a href=\"https:\/\/vapexyz.com\/hu\/termek\/elf-box-digitalis-12000-puff-0-2-3-5-nikotin-led-kijelzo-eldobhato-vape-nagykereskedelem\/\">ELF BOX 12000 Puffs! \n\nELF DOBOZ 12000 Puff!<\/a> \ud83c\udf89<\/h2>\n<p>Szia vape bar\u00e1tok! Van n\u00e9h\u00e1ny izgalmas h\u00edr\u00fcnk a ZGAR FOGGY BOX 7000 Puffs-r\u00f3l. Olyan volt, mint az a megb\u00edzhat\u00f3 h\u00e1tizs\u00e1k, amelyben minden iskolai k\u00f6nyvedet hordtad! \ud83c\udf92 De n\u00e9ha tal\u00e1lunk egy var\u00e1zslatos h\u00e1tizs\u00e1kot, amelyben m\u00e9g t\u00f6bb kincset lehet elrejteni!<\/p>\n<p>Engedje, hogy bemutassuk \u00d6nnek a csod\u00e1latos ELF BOX 12000 Puffs-ot! Olyan, mint a kedvenc j\u00e1t\u00e9ka megtanult valami t\u00fcnd\u00e9rvar\u00e1zslatot \u00e9s m\u00e9g szebb lett!<\/p>\n<h3>Az \u00d6n G\u0151z\u00f6l\u00e9se Most Egy M\u00e1gikus Friss\u00edt\u00e9st Kapott!<\/h3>\n<p>K\u00e9pzeld el, hogy a kedvenc mesek\u00f6nyved szerepl\u0151je tal\u00e1l egy var\u00e1zsp\u00e1lc\u00e1t, ami mindent jobb\u00e1 tesz! Ez az, amit az ELF BOX-ra v\u00e1lt\u00e1s \u00e9rz\u00e9se! \ud83d\udcd6\u2728<\/p>\n<div style=\"background-color: #fff0f5;border-radius: 12px;padding: 18px;margin: 20px 0;border-left: 5px solid #ff69b4\">\n<h4 style=\"margin-top: 0;color: #c71585;text-align: center\">Mi\u00e9rt fog mosolyogni az ELF BOX:<\/h4>\n<ul style=\"color: #8b008b\">\n<li>5 000 extra f\u00faj\u00e1s \u2013 12 000 helyett 7 000!<\/li>\n<li>M\u00e1gikus k\u00e9perny\u0151, ami mindent mutat!<\/li>\n<li>T\u00f6bb nikotin lehet\u0151s\u00e9g: 0%, 2%, 3% vagy 5%<\/li>\n<li>Sokkal foly\u00e9konyabb a hosszabb sz\u00f3rakoz\u00e1s\u00e9rt!<\/li>\n<li>T\u00f6k\u00e9letes \u00fczletek \u00e9s nagykeresked\u00e9sek sz\u00e1m\u00e1ra!<\/li>\n<\/ul>\n<\/div>\n<h3>Hasonl\u00edtsuk \u00d6ssze K\u00e9t Bar\u00e1tunkat!<\/h3>\n<table style=\"width: 100%;border-collapse: collapse;background: #fafafa;border-radius: 8px;overflow: hidden;font-size: 16px\">\n<tbody>\n<tr style=\"background-color: #ff69b4;color: white\">\n<th style=\"padding: 14px;text-align: left\">Jellemz\u0151k<\/th>\n<th style=\"padding: 14px;text-align: left\">ZGAR FOGGY BOX 7000<\/th>\n<th style=\"padding: 14px;text-align: left\">ELF BOX 12000<\/th>\n<\/tr>\n<tr style=\"border-bottom: 1px solid #e0e0e0\">\n<td style=\"padding: 14px;background-color: #f5f5f5\">\u00d6sszes puff<\/td>\n<td style=\"padding: 14px\">7000 f\u00faj\u00e1s<\/td>\n<td style=\"padding: 14px;color: #ff69b4\">12.000 f\u00faj\u00e1s<\/td>\n<\/tr>\n<tr style=\"border-bottom: 1px solid #e0e0e0\">\n<td style=\"padding: 14px;background-color: #f5f5f5\">Folyad\u00e9k Tart\u00e1ly<\/td>\n<td style=\"padding: 14px\">15 ml<\/td>\n<td style=\"padding: 14px;color: #ff69b4\">23 ml<\/td>\n<\/tr>\n<tr style=\"border-bottom: 1px solid #e0e0e0\">\n<td style=\"padding: 14px;background-color: #f5f5f5\">K\u00e9perny\u0151 kijelz\u0151<\/td>\n<td style=\"padding: 14px\">Nincs k\u00e9perny\u0151<\/td>\n<td style=\"padding: 14px;color: #ff69b4\">Digit\u00e1lis k\u00e9perny\u0151<\/td>\n<\/tr>\n<tr style=\"border-bottom: 1px solid #e0e0e0\">\n<td style=\"padding: 14px;background-color: #f5f5f5\">Nikotin v\u00e1laszt\u00e1sok<\/td>\n<td style=\"padding: 14px\">2%<\/td>\n<td style=\"padding: 14px;color: #ff69b4\">0%, 2%, 3%, 5%<\/td>\n<\/tr>\n<tr>\n<td style=\"padding: 14px;background-color: #f5f5f5\">K\u00fcl\u00f6nleges k\u00e9pess\u00e9gek<\/td>\n<td style=\"padding: 14px\">L\u00e9g\u00e1raml\u00e1s be\u00e1ll\u00edt\u00e1sa<\/td>\n<td style=\"padding: 14px;color: #ff69b4\">T\u00fcnd\u00e9r var\u00e1zslat!<\/td>\n<\/tr>\n<\/tbody>\n<\/table>\n<h3>A csod\u00e1latos el\u0151nyei az ELF BOX-nak!<\/h3>\n<div style=\"background-color: #f0f8ff;border-radius: 10px;padding: 20px;margin: 20px 0;border: 2px solid #87ceeb\">\n<h4 style=\"color: #4169e1;margin-top: 0;text-align: center\">Mi az \u00faj \u00e9s izgalmas:<\/h4>\n<div style=\"align-items: center;margin: 12px 0;padding: 10px;background: white;border-radius: 8px\">\n<p><span style=\"font-size: 28px;margin-right: 12px\">\u2795<\/span><\/p>\n<div><span style=\"color: #2f4f4f\">Extra puff var\u00e1zslat: 5000 t\u00f6bb puff jelent\u0151sen hosszabb vape \u00e9lvezetet jelent! Olyan, mint b\u00f3nusz fejezeteket kapni a kedvenc k\u00f6nyvedben!<\/span><\/div>\n<\/div>\n<div style=\"align-items: center;margin: 12px 0;padding: 10px;background: white;border-radius: 8px\">\n<p><span style=\"font-size: 28px;margin-right: 12px\">\ud83d\udc41\ufe0f<\/span><\/p>\n<div><span style=\"color: #2f4f4f\">Digit\u00e1lis k\u00e9perny\u0151seg\u00e9d: L\u00e1sd az akkumul\u00e1tor \u00e9s a folyad\u00e9kszinteket \u2013 nincs t\u00f6bb tal\u00e1lgat\u00e1s! Olyan, mintha var\u00e1zst\u00fckr\u00f6d lenne!<\/span><\/div>\n<\/div>\n<div style=\"align-items: center;margin: 12px 0;padding: 10px;background: white;border-radius: 8px\">\n<p><span style=\"font-size: 28px;margin-right: 12px\">4<\/span><\/p>\n<div><span style=\"color: #2f4f4f\">N\u00e9gy nikotinv\u00e1laszt\u00e1si lehet\u0151s\u00e9g: V\u00e1laszd ki, ami neked megfelel\u0151! Olyan, mint a kedvenc fagylalt \u00edz\u00e9nek kiv\u00e1laszt\u00e1sa! \ud83c\udf66<\/span><\/div>\n<\/div>\n<\/div>\n<h3>K\u00e9rd\u00e9sek, amelyek felmer\u00fclhetnek benned<\/h3>\n<div style=\"background-color: #f5fffa;border-radius: 10px;padding: 18px;margin: 20px 0\">\n<div style=\"margin-bottom: 16px;padding-bottom: 16px;border-bottom: 1px solid #98fb98\">\n<p style=\"color: #2e8b57;margin-bottom: 6px;font-size: 17px\">Tetszeni fog nekem az \u00edze?<\/p>\n<p style=\"margin-top: 0;color: #228b22\">Csod\u00e1latos \u00edzekkel rendelkez\u00fcnk, mint a g\u00f6r\u00f6gdinnye j\u00e9g, eper g\u00f6r\u00f6gdinnye \u00e9s vegyes gy\u00fcm\u00f6lcs! Olyan, mint \u00faj kedvenc cukork\u00e1kat felfedezni!<\/p>\n<\/div>\n<div style=\"margin-bottom: 16px;padding-bottom: 16px;border-bottom: 1px solid #98fb98\">\n<p style=\"color: #2e8b57;margin-bottom: 6px;font-size: 17px\">Mi\u00e9rt hasznos a digit\u00e1lis k\u00e9perny\u0151?<\/p>\n<p style=\"margin-top: 0;color: #228b22\">Olyan, mint ha lenne egy \u00fczemanyagszint-jelz\u0151 a kocsiban \u2013 mindig tudod, mennyi maradt! Nincs meglepet\u00e9s!<\/p>\n<\/div>\n<div>\n<p style=\"color: #2e8b57;margin-bottom: 6px;font-size: 17px\">Mennyi ideig tart m\u00e9g 12 000 sz\u00edv\u00e1s?<\/p>\n<p style=\"margin-top: 0;color: #228b22\">Sokkal hosszabb! Olyan, mintha egy nagyobb zs\u00e1k kedvenc snack-ed lenne! T\u00f6bb \u00edzletes id\u0151 mindenkinek!<\/p>\n<\/div>\n<\/div>\n<div style=\"background-color: #ff69b4;color: white;padding: 22px;border-radius: 15px;text-align: center;margin: 25px 0\">\n<h3 style=\"margin-top: 0;font-size: 22px\">K\u00e9sz vagy az Elf M\u00e1gia Friss\u00edt\u00e9sre?<\/h3>\n<p style=\"font-size: 18px;margin-bottom: 12px\">Ez nem a FOGGY BOX b\u00facs\u00faja \u2013 hanem a legvar\u00e1zslatosabb vaporiz\u00e1ci\u00f3s \u00e9lm\u00e9ny k\u00f6sz\u00f6n\u00e9se az ELF BOX-szal!<\/p>\n<p style=\"font-size: 19px\">5 000 extra f\u00faj\u00e1s, digit\u00e1lis k\u00e9perny\u0151, t\u00f6bb v\u00e1laszt\u00e1si lehet\u0151s\u00e9g \u2013 a t\u00f6k\u00e9letes vape-od most elfi var\u00e1zslatot kapott!<\/p>\n<\/div>\n<\/article>","protected":false},"excerpt":{"rendered":"<div class=\"custom-product\" style=\"border: 1px solid #eee; text-align: center; max-width: 100%; margin: 0 auto; font-family: Arial, sans-serif; box-sizing: border-box;\">\n        <!-- Product image - full width -->\n        <a href=\"https:\/\/vapexyz.com\/hu\/product\/elf-box-digital-12000-puffs-0-2-3-5-nicotine-led-display-disposable-vape-wholesale\/\" style=\"display: block; margin-bottom: 15px;\">\n            <img decoding=\"async\" src=\"https:\/\/vapexyz.com\/wp-content\/uploads\/2024\/03\/ELF_box_digital_12k_puffs_1-1.jpg\" alt=\"ELF BOX DIGIT\u00c1LIS 12000 Puff LED Kijelz\u0151 Eldobhat\u00f3 Vape Nagykereskedelem\" style=\"width: 100%; height: auto; display: block;\">        <\/a>\n        \n        <!-- Product name -->\n        <h3 style=\"margin: 10px 0; font-size: 1.2em; line-height: 1.4; color: #333;\">\n            ELF BOX DIGIT\u00c1LIS 12000 Puff LED Kijelz\u0151 Eldobhat\u00f3 Vape Nagykereskedelem        <\/h3>\n        \n        <!-- Product price -->\n        <div class=\"price\" style=\"color: #ff0000; font-weight: bold; font-size: 1.4em; margin: 10px 0;\">\n            \t\t<span class=\"tiered-pricing-dynamic-price-wrapper tiered-pricing-dynamic-price-wrapper--variable\"\n\t\t\t  data-display-context=\"shop-loop\"\n\t\t\t  data-price-type=\"dynamic\"\n\t\t\t  data-product-id=\"17127\"\n\t\t\t  data-parent-id=\"17127\">\n\t\t\t<span class=\"woocommerce-Price-amount amount\"><bdi><span class=\"woocommerce-Price-currencySymbol\">\u20ac<\/span>5.69<\/bdi><\/span><\/span>        <\/div>\n        \n        <!-- Product rating -->\n        <div class=\"rating\" style=\"margin: 15px 0; min-height: 25px;\">\n            <div class=\"star-rating\" role=\"img\" aria-label=\"\u00c9rt\u00e9kel\u00e9se 5,00 az 5-b\u0151l\"><span style=\"width:100%\">N\u00e9vleges <strong class=\"rating\">5.00<\/strong> 5-b\u0151l<\/span><\/div>        <\/div>\n        \n        <!-- Buy Now button -->\n        <div class=\"buy-now-button\" style=\"margin-top: 20px;\">\n            <a href=\"https:\/\/vapexyz.com\/hu\/product\/elf-box-digital-12000-puffs-0-2-3-5-nicotine-led-display-disposable-vape-wholesale\/\" \n               class=\"buy-now-btn\" \n               style=\"display: inline-block; background-color: #4CAF50; color: white !important; padding: 12px 24px; text-align: center; text-decoration: none; font-weight: bold; border-radius: 4px; transition: all 0.3s; border: none; cursor: pointer; font-size: 1em;\">\n                V\u00e1s\u00e1roljon most            <\/a>\n        <\/div>\n    <\/div>","protected":false},"featured_media":17704,"comment_status":"open","ping_status":"closed","template":"","meta":{"_lmt_disableupdate":"no","_lmt_disable":""},"product_brand":[],"product_cat":[838,1010,1018,1020,935,934,927,929,928,930,933,939,932,938,931,936,937,1017,946,1024,1025,1026,1027,1029,1031,1032,1033,1034,953,1037,820,987,1038],"product_tag":[],"class_list":{"0":"post-16972","1":"product","2":"type-product","3":"status-publish","4":"has-post-thumbnail","6":"product_cat-zgar","7":"product_cat-7000-puff-vapes","8":"product_cat-apple-flavor-disposable-vapes","9":"product_cat-blueberry-flavor-disposable-vapes","10":"product_cat-bulk-buy-disposable-vapes-in-austria","11":"product_cat-bulk-buy-disposable-vapes-in-belgium","12":"product_cat-bulk-buy-disposable-vapes-in-europe","13":"product_cat-bulk-buy-disposable-vapes-in-france","14":"product_cat-bulk-buy-disposable-vapes-in-germany","15":"product_cat-bulk-buy-disposable-vapes-in-italy","16":"product_cat-bulk-buy-disposable-vapes-in-netherlands","17":"product_cat-bulk-buy-disposable-vapes-in-norway","18":"product_cat-bulk-buy-disposable-vapes-in-poland","19":"product_cat-bulk-buy-disposable-vapes-in-portugal","20":"product_cat-bulk-buy-disposable-vapes-in-spain","21":"product_cat-bulk-buy-disposable-vapes-in-sweden","22":"product_cat-bulk-buy-disposable-vapes-in-switzerland","23":"product_cat-buy-best-disposable-vape-flavors","24":"product_cat-disposable-vapes-series","25":"product_cat-guava-flavor-disposable-vapes","26":"product_cat-ice-flavor-disposable-vapes","27":"product_cat-kiwi-flavor-disposable-vapes","28":"product_cat-lemon-flavor-disposable-vapes","29":"product_cat-mango-flavor-disposable-vapes","30":"product_cat-mixed-berries-flavor-disposable-vapes","31":"product_cat-passion-fruit-flavor-disposable-vapes","32":"product_cat-peach-flavor-disposable-vapes","33":"product_cat-pineapple-flavor-disposable-vapes","34":"product_cat-rechargeable-vapes","35":"product_cat-strawberry-flavor-disposable-vapes","36":"product_cat-vape","37":"product_cat-vape-shop-by-puffs","38":"product_cat-watermelon-flavor-disposable-vapes","40":"first","41":"outofstock","42":"shipping-taxable","43":"purchasable","44":"product-type-variable","45":"has-default-attributes"},"jetpack_sharing_enabled":true,"tiered_pricing_type":"fixed","tiered_pricing_fixed_rules":[],"tiered_pricing_product_settings":{"layout":"default","base_unit_name":{"singular":null,"plural":null},"default_variation":null},"tiered_pricing_minimum_quantity":null,"tiered_pricing_roles_data":[],"tiered_pricing_percentage_rules":[],"tiered_pricing_maximum_quantity":null,"tiered_pricing_quantity_step":null,"_links":{"self":[{"href":"https:\/\/vapexyz.com\/hu\/wp-json\/wp\/v2\/product\/16972","targetHints":{"allow":["GET"]}}],"collection":[{"href":"https:\/\/vapexyz.com\/hu\/wp-json\/wp\/v2\/product"}],"about":[{"href":"https:\/\/vapexyz.com\/hu\/wp-json\/wp\/v2\/types\/product"}],"replies":[{"embeddable":true,"href":"https:\/\/vapexyz.com\/hu\/wp-json\/wp\/v2\/comments?post=16972"}],"wp:featuredmedia":[{"embeddable":true,"href":"https:\/\/vapexyz.com\/hu\/wp-json\/wp\/v2\/media\/17704"}],"wp:attachment":[{"href":"https:\/\/vapexyz.com\/hu\/wp-json\/wp\/v2\/media?parent=16972"}],"wp:term":[{"taxonomy":"product_brand","embeddable":true,"href":"https:\/\/vapexyz.com\/hu\/wp-json\/wp\/v2\/product_brand?post=16972"},{"taxonomy":"product_cat","embeddable":true,"href":"https:\/\/vapexyz.com\/hu\/wp-json\/wp\/v2\/product_cat?post=16972"},{"taxonomy":"product_tag","embeddable":true,"href":"https:\/\/vapexyz.com\/hu\/wp-json\/wp\/v2\/product_tag?post=16972"}],"curies":[{"name":"wp","href":"https:\/\/api.w.org\/{rel}","templated":true}]}}