{"id":16864,"date":"2024-03-09T09:50:49","date_gmt":"2024-03-09T09:50:49","guid":{"rendered":"https:\/\/vapexyz.com\/product\/bang-de-rechargeable-disposable-kit-8500-puffs-20ml\/"},"modified":"2026-02-06T02:11:10","modified_gmt":"2026-02-06T02:11:10","slug":"bang-de-ujratoltheto-eldobhato-keszlet-8500-puff-20ml","status":"publish","type":"product","link":"https:\/\/vapexyz.com\/hu\/product\/bang-de-rechargeable-disposable-kit-8500-puffs-20ml\/","title":{"rendered":"Bang DE \u00fajrat\u00f6lthet\u0151 eldobhat\u00f3 k\u00e9szlet 8500 Puff 20ml"},"content":{"rendered":"<article>\n<h2>Nagyszer\u0171 H\u00edrek a BANG DE 8500 Puffs-r\u00f3l \u00e9s <a href=\"https:\/\/vapexyz.com\/hu\/termek\/bang-king-smartscreen-15000-puff-0-2-3-5-nikotin-ujratoltheto-eldobhato-vape-nagykereskedelem\/\">BANG KING 15000<\/a> Puffok!<\/h2>\n<p>Szia bar\u00e1tok! Van n\u00e9h\u00e1ny fontos h\u00edre\u00fcnk, amit meg szeretn\u00e9nk osztani veletek. A n\u00e9pszer\u0171 BANG DE 8500 Puffs sokotok sz\u00e1m\u00e1ra olyan megb\u00edzhat\u00f3 bar\u00e1t volt, mint... De n\u00e9ha m\u00e9g a j\u00f3 bar\u00e1toknak is b\u00facs\u00fat kell mondaniuk\u2026<\/p>\n<p>De v\u00e1rj! Van nek\u00fcnk a legcsod\u00e1latosabb meglepet\u00e9s\u00fcnk sz\u00e1modra!<\/p>\n<p>Engedje, hogy bemutassuk \u00d6nnek a csod\u00e1latos BANG KING 15000 Puffs-ot! Olyan, mintha a BANG DE megtanulna n\u00e9h\u00e1ny hihetetlen \u00faj tr\u00fckk\u00f6t \u00e9s m\u00e9g izgalmasabb lenne!<\/p>\n<h3>A Vaping \u00c9lm\u00e9nyed Most M\u00e9g Jobb Lett!<\/h3>\n<p>K\u00e9pzeld el, hogy a kedvenc j\u00e1t\u00e9kod var\u00e1zslatos friss\u00edt\u00e9st kap, ami k\u00e9tszer olyan sz\u00f3rakoztat\u00f3v\u00e1 teszi! Pontosan ez t\u00f6rt\u00e9nt a BANG KING-gel!<\/p>\n<div style=\"background-color: #e8f5e8;border-radius: 12px;padding: 18px;margin: 20px 0;border-left: 5px solid #4CAF50\">\n<h4 style=\"margin-top: 0;color: #2e7d32;text-align: center\">Mi teszi a BANG KING-et olyan k\u00fcl\u00f6nlegess\u00e9:<\/h4>\n<ul style=\"color: #1b5e20\">\n<li>Majdnem dupl\u00e1j\u00e1ra n\u0151tt a puffok sz\u00e1ma! 8500-r\u00f3l 15000-re!<\/li>\n<li>Ugyanazok a nikotin v\u00e1laszt\u00e1si lehet\u0151s\u00e9gek, amelyeket szeret: 0%, 2%, 3% vagy 5%<\/li>\n<li>Var\u00e1zslatos k\u00e9perny\u0151, ami mindent mutat!<\/li>\n<li>Nagyobb akkumul\u00e1tor, amely tov\u00e1bb tart!<\/li>\n<li>T\u00f6bb folyad\u00e9k t\u00f6bb j\u00f3 id\u0151t jelent!<\/li>\n<\/ul>\n<\/div>\n<h3>L\u00e1ssuk, Hogyan Hasonl\u00edthat\u00f3k \u00d6ssze!<\/h3>\n<table style=\"width: 100%;border-collapse: collapse;background: #f9f9f9;border-radius: 8px;overflow: hidden;font-size: 16px\">\n<tbody>\n<tr style=\"background-color: #4caf50;color: white\">\n<th style=\"padding: 14px;text-align: left\">Jellemz\u0151k<\/th>\n<th style=\"padding: 14px;text-align: left\">BANG DE 8500<\/th>\n<th style=\"padding: 14px;text-align: left\">BANG KING 15000<\/th>\n<\/tr>\n<tr style=\"border-bottom: 1px solid #ddd\">\n<td style=\"padding: 14px;background-color: #f1f8e9\">\u00d6sszes puff<\/td>\n<td style=\"padding: 14px\">8500 f\u00faj\u00e1s<\/td>\n<td style=\"padding: 14px;color: #4caf50\">15.000 f\u00faj\u00e1s<\/td>\n<\/tr>\n<tr style=\"border-bottom: 1px solid #ddd\">\n<td style=\"padding: 14px;background-color: #f1f8e9\">Akkumul\u00e1tor m\u00e9rete<\/td>\n<td style=\"padding: 14px\">550 mAh<\/td>\n<td style=\"padding: 14px;color: #4caf50\">650 mAh<\/td>\n<\/tr>\n<tr style=\"border-bottom: 1px solid #ddd\">\n<td style=\"padding: 14px;background-color: #f1f8e9\">Folyad\u00e9k Mennyis\u00e9ge<\/td>\n<td style=\"padding: 14px\">18 ml<\/td>\n<td style=\"padding: 14px;color: #4caf50\">25 ml<\/td>\n<\/tr>\n<tr style=\"border-bottom: 1px solid #ddd\">\n<td style=\"padding: 14px;background-color: #f1f8e9\">K\u00e9perny\u0151 kijelz\u0151<\/td>\n<td style=\"padding: 14px\">Nincs k\u00e9perny\u0151<\/td>\n<td style=\"padding: 14px;color: #4caf50\">Intelligens k\u00e9perny\u0151vel ell\u00e1tott<\/td>\n<\/tr>\n<tr>\n<td style=\"padding: 14px;background-color: #f1f8e9\">Flavor Choices<\/td>\n<td style=\"padding: 14px\">12 \u00edz<\/td>\n<td style=\"padding: 14px;color: #4caf50\">12 \u00faj \u00edz<\/td>\n<\/tr>\n<\/tbody>\n<\/table>\n<h3>A BANG KING Okos Funkci\u00f3inak Var\u00e1zsa!<\/h3>\n<div style=\"background-color: #fff3e0;border-radius: 10px;padding: 20px;margin: 20px 0;border: 2px solid #ffb74d\">\n<h4 style=\"color: #e65100;margin-top: 0;text-align: center\">Mit szeretni fogsz a friss\u00edt\u00e9sr\u0151l:<\/h4>\n<div style=\"align-items: center;margin: 12px 0;padding: 10px;background: white;border-radius: 8px\">\n<p><span style=\"font-size: 28px;margin-right: 12px\">\ud83d\udc41\ufe0f<\/span><\/p>\n<div><span style=\"color: #5d4037\">Mindent vil\u00e1gosan l\u00e1t: Az intelligens k\u00e9perny\u0151 megjelen\u00edti az akkumul\u00e1tor \u00e9s a folyad\u00e9k szintj\u00e9t, \u00edgy soha nem \u00e9r meglepet\u00e9s!<\/span><\/div>\n<\/div>\n<div style=\"align-items: center;margin: 12px 0;padding: 10px;background: white;border-radius: 8px\">\n<p><span style=\"font-size: 28px;margin-right: 12px\">\u26a1<\/span><\/p>\n<div><span style=\"color: #5d4037\">Kett\u0151zz\u00f6n meg a kaland: 15 000 sz\u00edv\u00e1snyi dupla \u00f6r\u00f6m \u00e9s \u00e9lvezet!<\/span><\/div>\n<\/div>\n<div style=\"align-items: center;margin: 12px 0;padding: 10px;background: white;border-radius: 8px\">\n<p><span style=\"font-size: 28px;margin-right: 12px\">\ud83d\udd0b<\/span><\/p>\n<div><span style=\"color: #5d4037\">Tart\u00f3s teljes\u00edtm\u00e9ny: A nagyobb akkumul\u00e1tor t\u00f6bb id\u0151t jelent a t\u00f6lt\u00e9sek k\u00f6z\u00f6tt!<\/span><\/div>\n<\/div>\n<\/div>\n<h3>K\u00e9rd\u00e9sek, amelyek felmer\u00fclhetnek benned<\/h3>\n<div style=\"background-color: #e3f2fd;border-radius: 10px;padding: 18px;margin: 20px 0\">\n<div style=\"margin-bottom: 16px;padding-bottom: 16px;border-bottom: 1px solid #90CAF9\">\n<p style=\"color: #1565c0;margin-bottom: 6px;font-size: 17px\">Tetszeni fognak az \u00faj \u00edzek?<\/p>\n<p style=\"margin-top: 0;color: #0d47a1\">A BANG KING \u00faj, izgalmas \u00edzekkel rukkol el\u0151, mint a Blue Freeze, a Berry Blast \u00e9s a Strawberry Lychee! Olyan, mintha \u00faj kedvenc cukork\u00e1kat fedezne fel!<\/p>\n<\/div>\n<div style=\"margin-bottom: 16px;padding-bottom: 16px;border-bottom: 1px solid #90CAF9\">\n<p style=\"color: #1565c0;margin-bottom: 6px;font-size: 17px\">Val\u00f3ban hasznos a k\u00e9perny\u0151?<\/p>\n<p style=\"margin-top: 0;color: #0d47a1\">\u00d3, igen! Olyan, mintha egy var\u00e1zsablak lenne, amely pontosan megmutatja, mennyi er\u0151 \u00e9s folyad\u00e9k maradt! Nincs t\u00f6bb tal\u00e1lgat\u00e1s!<\/p>\n<\/div>\n<div>\n<p style=\"color: #1565c0;margin-bottom: 6px;font-size: 17px\">Mi a helyzet a t\u00f6lt\u00e9si id\u0151vel?<\/p>\n<p style=\"margin-top: 0;color: #0d47a1\">M\u00e9g mindig ugyanazt az egyszer\u0171 Type-C t\u00f6lt\u00e9st haszn\u00e1lja, de a nagyobb akkumul\u00e1tor miatt ritk\u00e1bban kell t\u00f6lt\u00f6tte!<\/p>\n<\/div>\n<\/div>\n<div style=\"background-color: #4caf50;color: white;padding: 22px;border-radius: 15px;text-align: center;margin: 25px 0\">\n<h3 style=\"margin-top: 0;font-size: 22px\">K\u00e9szen \u00e1llsz a friss\u00edt\u00e9si kalandra? \ud83d\uddfa\ufe0f<\/h3>\n<p style=\"font-size: 18px;margin-bottom: 12px\">Ink\u00e1bb \u00fagy gondoljuk, hogy nem b\u00facs\u00fazunk, hanem egy izgalmas \u00faj utaz\u00e1st kezd\u00fcnk, m\u00e9g jobb t\u00e1rs\u00e1ggal!<\/p>\n<p style=\"font-size: 19px\">T\u00f6bb f\u00faj\u00e1s, intelligens funkci\u00f3k, ugyanaz a nagyszer\u0171 \u00e9lm\u00e9ny \u2013 az \u00d6n vapoz\u00e1sa csak szintet l\u00e9pett!<\/p>\n<\/div>\n<\/article>","protected":false},"excerpt":{"rendered":"<div class=\"custom-product\" style=\"border: 1px solid #eee; text-align: center; max-width: 100%; margin: 0 auto; font-family: Arial, sans-serif; box-sizing: border-box;\">\n        <!-- Product image - full width -->\n        <a href=\"https:\/\/vapexyz.com\/hu\/product\/bang-king-smartscreen-15000-puffs-0-2-3-5-nicotine-rechargeable-disposable-vape-wholesale\/\" style=\"display: block; margin-bottom: 15px;\">\n            <img decoding=\"async\" src=\"https:\/\/vapexyz.com\/wp-content\/uploads\/2024\/03\/bang-king-15000.webp\" alt=\"BANG KING SmartScreen 15000 sz\u00edv\u00e1s \u00dajrat\u00f6lthet\u0151 Eldobhat\u00f3 Vape Nagykereskedelem\" style=\"width: 100%; height: auto; display: block;\">        <\/a>\n        \n        <!-- Product name -->\n        <h3 style=\"margin: 10px 0; font-size: 1.2em; line-height: 1.4; color: #333;\">\n            BANG KING SmartScreen 15000 sz\u00edv\u00e1s \u00dajrat\u00f6lthet\u0151 Eldobhat\u00f3 Vape Nagykereskedelem        <\/h3>\n        \n        <!-- Product price -->\n        <div class=\"price\" style=\"color: #ff0000; font-weight: bold; font-size: 1.4em; margin: 10px 0;\">\n            \t\t<span class=\"tiered-pricing-dynamic-price-wrapper tiered-pricing-dynamic-price-wrapper--variable\"\n\t\t\t  data-display-context=\"shop-loop\"\n\t\t\t  data-price-type=\"dynamic\"\n\t\t\t  data-product-id=\"16941\"\n\t\t\t  data-parent-id=\"16941\">\n\t\t\tT\u00f3l t\u0151l <span class=\"woocommerce-Price-amount amount\"><bdi><span class=\"woocommerce-Price-currencySymbol\">\u20ac<\/span>5.09<\/bdi><\/span><\/span>        <\/div>\n        \n        <!-- Product rating -->\n        <div class=\"rating\" style=\"margin: 15px 0; min-height: 25px;\">\n            <div class=\"star-rating\" role=\"img\" aria-label=\"\u00c9rt\u00e9kel\u00e9se 5,00 az 5-b\u0151l\"><span style=\"width:100%\">N\u00e9vleges <strong class=\"rating\">5.00<\/strong> 5-b\u0151l<\/span><\/div>        <\/div>\n        \n        <!-- Buy Now button -->\n        <div class=\"buy-now-button\" style=\"margin-top: 20px;\">\n            <a href=\"https:\/\/vapexyz.com\/hu\/product\/bang-king-smartscreen-15000-puffs-0-2-3-5-nicotine-rechargeable-disposable-vape-wholesale\/\" \n               class=\"buy-now-btn\" \n               style=\"display: inline-block; background-color: #4CAF50; color: white !important; padding: 12px 24px; text-align: center; text-decoration: none; font-weight: bold; border-radius: 4px; transition: all 0.3s; border: none; cursor: pointer; font-size: 1em;\">\n                V\u00e1s\u00e1roljon most            <\/a>\n        <\/div>\n    <\/div>","protected":false},"featured_media":16863,"comment_status":"open","ping_status":"closed","template":"","meta":{"_lmt_disableupdate":"no","_lmt_disable":""},"product_brand":[],"product_cat":[1018,821,1020,935,934,927,929,928,930,933,939,932,938,931,936,937,1017,1022,946,1023,1025,1026,951,1029,1030,1031,1033,953,1037,987,1038],"product_tag":[],"class_list":{"0":"post-16864","1":"product","2":"type-product","3":"status-publish","4":"has-post-thumbnail","6":"product_cat-apple-flavor-disposable-vapes","7":"product_cat-bang","8":"product_cat-blueberry-flavor-disposable-vapes","9":"product_cat-bulk-buy-disposable-vapes-in-austria","10":"product_cat-bulk-buy-disposable-vapes-in-belgium","11":"product_cat-bulk-buy-disposable-vapes-in-europe","12":"product_cat-bulk-buy-disposable-vapes-in-france","13":"product_cat-bulk-buy-disposable-vapes-in-germany","14":"product_cat-bulk-buy-disposable-vapes-in-italy","15":"product_cat-bulk-buy-disposable-vapes-in-netherlands","16":"product_cat-bulk-buy-disposable-vapes-in-norway","17":"product_cat-bulk-buy-disposable-vapes-in-poland","18":"product_cat-bulk-buy-disposable-vapes-in-portugal","19":"product_cat-bulk-buy-disposable-vapes-in-spain","20":"product_cat-bulk-buy-disposable-vapes-in-sweden","21":"product_cat-bulk-buy-disposable-vapes-in-switzerland","22":"product_cat-buy-best-disposable-vape-flavors","23":"product_cat-cola-flavor-disposable-vapes","24":"product_cat-disposable-vapes-series","25":"product_cat-grape-flavor-disposable-vapes","26":"product_cat-ice-flavor-disposable-vapes","27":"product_cat-kiwi-flavor-disposable-vapes","28":"product_cat-lower-nicotine-vapes","29":"product_cat-mango-flavor-disposable-vapes","30":"product_cat-mint-flavor-disposable-vapes","31":"product_cat-mixed-berries-flavor-disposable-vapes","32":"product_cat-peach-flavor-disposable-vapes","33":"product_cat-rechargeable-vapes","34":"product_cat-strawberry-flavor-disposable-vapes","35":"product_cat-vape-shop-by-puffs","36":"product_cat-watermelon-flavor-disposable-vapes","38":"first","39":"outofstock","40":"shipping-taxable","41":"purchasable","42":"product-type-simple"},"jetpack_sharing_enabled":true,"tiered_pricing_type":"fixed","tiered_pricing_fixed_rules":[],"tiered_pricing_product_settings":{"layout":"default","base_unit_name":{"singular":null,"plural":null},"default_variation":null},"tiered_pricing_minimum_quantity":null,"tiered_pricing_roles_data":[],"tiered_pricing_percentage_rules":[],"tiered_pricing_maximum_quantity":null,"tiered_pricing_quantity_step":null,"_links":{"self":[{"href":"https:\/\/vapexyz.com\/hu\/wp-json\/wp\/v2\/product\/16864","targetHints":{"allow":["GET"]}}],"collection":[{"href":"https:\/\/vapexyz.com\/hu\/wp-json\/wp\/v2\/product"}],"about":[{"href":"https:\/\/vapexyz.com\/hu\/wp-json\/wp\/v2\/types\/product"}],"replies":[{"embeddable":true,"href":"https:\/\/vapexyz.com\/hu\/wp-json\/wp\/v2\/comments?post=16864"}],"wp:featuredmedia":[{"embeddable":true,"href":"https:\/\/vapexyz.com\/hu\/wp-json\/wp\/v2\/media\/16863"}],"wp:attachment":[{"href":"https:\/\/vapexyz.com\/hu\/wp-json\/wp\/v2\/media?parent=16864"}],"wp:term":[{"taxonomy":"product_brand","embeddable":true,"href":"https:\/\/vapexyz.com\/hu\/wp-json\/wp\/v2\/product_brand?post=16864"},{"taxonomy":"product_cat","embeddable":true,"href":"https:\/\/vapexyz.com\/hu\/wp-json\/wp\/v2\/product_cat?post=16864"},{"taxonomy":"product_tag","embeddable":true,"href":"https:\/\/vapexyz.com\/hu\/wp-json\/wp\/v2\/product_tag?post=16864"}],"curies":[{"name":"wp","href":"https:\/\/api.w.org\/{rel}","templated":true}]}}