{"id":15906,"date":"2024-03-03T08:29:52","date_gmt":"2024-03-03T08:29:52","guid":{"rendered":"https:\/\/vapexyz.com\/?page_id=15906"},"modified":"2026-03-07T07:51:56","modified_gmt":"2026-03-07T07:51:56","slug":"szallitasi-szabalyzat","status":"publish","type":"page","link":"https:\/\/vapexyz.com\/hu\/shipping-policy\/","title":{"rendered":"sz\u00e1ll\u00edt\u00e1si szab\u00e1lyzat"},"content":{"rendered":"<h2 dir=\"auto\"><strong>sz\u00e1ll\u00edt\u00e1si szab\u00e1lyzat<\/strong><\/h2>\n<h3 dir=\"auto\"><strong>1. Megrendel\u00e9s feldolgoz\u00e1sa \u00e9s sz\u00e1ll\u00edt\u00e1sa:<\/strong><\/h3>\n<ul>\n<li>A megrendel\u00e9sek feldolgoz\u00e1sa \u00e9s kisz\u00e1ll\u00edt\u00e1sa 1-3 munkanapon bel\u00fcl megt\u00f6rt\u00e9nik. A kisz\u00e1ll\u00edt\u00e1s \u00e1ltal\u00e1ban 7-15 munkanapot vesz ig\u00e9nybe a csomag k\u00e9zbes\u00edt\u00e9s\u00e9hez. Felh\u00edvjuk figyelm\u00e9t, hogy h\u00e9tv\u00e9g\u00e9n nem sz\u00e1ll\u00edtunk ki rendel\u00e9seket.<\/li>\n<\/ul>\n<h3 dir=\"auto\"><strong>2. Nyomon k\u00f6vet\u00e9si inform\u00e1ci\u00f3k:<\/strong><\/h3>\n<ul>\n<li>A rendel\u00e9s kisz\u00e1ll\u00edt\u00e1s\u00e1t k\u00f6vet\u0151en e-mailben k\u00fcld\u00fcnk egy nyomk\u00f6vet\u00e9si sz\u00e1mot. A weboldalon megadott nyomk\u00f6vet\u00e9si sz\u00e1m seg\u00edts\u00e9g\u00e9vel nyomon k\u00f6vetheti sz\u00e1ll\u00edtm\u00e1ny\u00e1t:\u00a0<a href=\"https:\/\/www.17track.net\/en\" target=\"_blank\" rel=\"noopener\">17track.net<\/a>. V\u00e1rjon 1-2 napot, am\u00edg a nyomon k\u00f6vet\u00e9si friss\u00edt\u00e9sek megjelennek a webhelyen.<\/li>\n<\/ul>\n<h3 dir=\"auto\"><strong>3. Megrendel\u00e9s m\u00f3dos\u00edt\u00e1sok:<\/strong><\/h3>\n<ul>\n<li>A term\u00e9kek kisz\u00e1ll\u00edt\u00e1sa el\u0151tt b\u00e1rmikor lemondhatja megrendel\u00e9s\u00e9t, vagy m\u00f3dos\u00edthatja a sz\u00e1ll\u00edt\u00e1si c\u00edmet. A megrendel\u00e9s kisz\u00e1ll\u00edt\u00e1s\u00e1t k\u00f6vet\u0151en nem tudjuk feldolgozni a visszat\u00e9r\u00edt\u00e9seket vagy a c\u00edmv\u00e1ltoz\u00e1sokat. Ingyenes kisz\u00e1ll\u00edt\u00e1s \u00e9rhet\u0151 el az Egyes\u00fclt \u00c1llamokban \u00e9s Ausztr\u00e1li\u00e1ban.<\/li>\n<\/ul>\n<h3 dir=\"auto\"><strong>4. Sz\u00e1ll\u00edt\u00e1si m\u00f3dok \u00e9s v\u00e1mfizet\u00e9ses sz\u00e1ll\u00edt\u00e1sok:<\/strong><\/h3>\n<ul>\n<li>Egyes orsz\u00e1gokban olyan DDP (Delivery Duty Paid) m\u00f3dszereket k\u00edn\u00e1lunk, amelyek nem ig\u00e9nyelnek v\u00e1mkezel\u00e9st vagy v\u00e1mokat. Az orsz\u00e1gok \u00e9s a megfelel\u0151 sz\u00e1ll\u00edt\u00e1si m\u00f3dok a k\u00f6vetkez\u0151k:\n<ul>\n<li><strong>EGYES\u00dcLT \u00c1LLAMOK:<\/strong>\u00a0UPS Express (Alaska \u00e9s Hawaii kiv\u00e9tel\u00e9vel)<\/li>\n<li><strong>Egyes\u00fclt Kir\u00e1lys\u00e1g:<\/strong>\u00a0Helyi DPD Express<\/li>\n<li><strong>Eur\u00f3pa:<\/strong>\u00a0UPS Express\/DPD Express\/DHL Express<\/li>\n<li><strong>DDP-m\u00f3dszert alkalmaz\u00f3 eur\u00f3pai orsz\u00e1gok:<\/strong>\u00a0N\u00e9metorsz\u00e1g, Belgium, Luxemburg, Hollandia, Cseh K\u00f6zt\u00e1rsas\u00e1g, Lengyelorsz\u00e1g, Horv\u00e1torsz\u00e1g, Szlov\u00e1kia, Szlov\u00e9nia, Finnorsz\u00e1g, D\u00e1nia, Sv\u00e9dorsz\u00e1g, Ausztria, Franciaorsz\u00e1g, Olaszorsz\u00e1g, Magyarorsz\u00e1g, Bulg\u00e1ria, Litv\u00e1nia, \u00c9sztorsz\u00e1g, Lettorsz\u00e1g, G\u00f6r\u00f6gorsz\u00e1g, \u00cdrorsz\u00e1g, Portug\u00e1lia, Spanyolorsz\u00e1g.<\/li>\n<\/ul>\n<\/li>\n<\/ul>\n<h4 dir=\"auto\"><strong>5. Sz\u00e1ll\u00edt\u00e1si id\u0151k meghat\u00e1rozott orsz\u00e1gokban:<\/strong><\/h4>\n<ul>\n<li>Az al\u00e1bbiakban tal\u00e1lja az egyes orsz\u00e1gokra vonatkoz\u00f3 sz\u00e1ll\u00edt\u00e1si m\u00f3dokat \u00e9s becs\u00fclt sz\u00e1ll\u00edt\u00e1si id\u0151ket:<\/li>\n<\/ul>\n<table>\n<thead>\n<tr>\n<th>Orsz\u00e1g<\/th>\n<th>Sz\u00e1ll\u00edt\u00e1si M\u00f3d<\/th>\n<th>Sz\u00e1ll\u00edt\u00e1si id\u0151<\/th>\n<\/tr>\n<\/thead>\n<tbody>\n<tr>\n<td>Egyes\u00fclt \u00c1llamok<\/td>\n<td>Helyi UPS f\u00f6ld<\/td>\n<td>10-15 nap<\/td>\n<\/tr>\n<tr>\n<td>Egyes\u00fclt Kir\u00e1lys\u00e1g<\/td>\n<td>Helyi DPD Express<\/td>\n<td>7-12 nap<\/td>\n<\/tr>\n<tr>\n<td>N\u00e9metorsz\u00e1g<\/td>\n<td>UPS\/DPD\/DHL N\u00e9metorsz\u00e1g<\/td>\n<td>8-15 nap<\/td>\n<\/tr>\n<tr>\n<td>Franciaorsz\u00e1g<\/td>\n<td>UPS\/DPD\/DHL N\u00e9metorsz\u00e1g<\/td>\n<td>10-15 nap<\/td>\n<\/tr>\n<tr>\n<td>Belgium<\/td>\n<td>UPS\/DPD\/DHL N\u00e9metorsz\u00e1g<\/td>\n<td>10-15 nap<\/td>\n<\/tr>\n<tr>\n<td>Luxemburg<\/td>\n<td>UPS\/DPD\/DHL N\u00e9metorsz\u00e1g<\/td>\n<td>10-15 nap<\/td>\n<\/tr>\n<tr>\n<td>Hollandia<\/td>\n<td>UPS\/DPD\/DHL N\u00e9metorsz\u00e1g<\/td>\n<td>10-15 nap<\/td>\n<\/tr>\n<tr>\n<td>Cseh K\u00f6zt\u00e1rsas\u00e1g<\/td>\n<td>UPS\/DPD\/DHL N\u00e9metorsz\u00e1g<\/td>\n<td>10-15 nap<\/td>\n<\/tr>\n<tr>\n<td>Lengyelorsz\u00e1g<\/td>\n<td>UPS\/DPD\/DHL N\u00e9metorsz\u00e1g<\/td>\n<td>10-15 nap<\/td>\n<\/tr>\n<tr>\n<td>Horv\u00e1torsz\u00e1g<\/td>\n<td>UPS\/DPD\/DHL N\u00e9metorsz\u00e1g<\/td>\n<td>10-15 nap<\/td>\n<\/tr>\n<tr>\n<td>Szlov\u00e1kia<\/td>\n<td>UPS\/DPD\/DHL N\u00e9metorsz\u00e1g<\/td>\n<td>10-15 nap<\/td>\n<\/tr>\n<tr>\n<td>Szlov\u00e9nia<\/td>\n<td>UPS\/DPD\/DHL N\u00e9metorsz\u00e1g<\/td>\n<td>10-15 nap<\/td>\n<\/tr>\n<tr>\n<td>Finnorsz\u00e1g<\/td>\n<td>UPS\/DPD\/DHL N\u00e9metorsz\u00e1g<\/td>\n<td>10-15 nap<\/td>\n<\/tr>\n<tr>\n<td>D\u00e1nia<\/td>\n<td>UPS\/DPD\/DHL N\u00e9metorsz\u00e1g<\/td>\n<td>10-15 nap<\/td>\n<\/tr>\n<tr>\n<td>Sv\u00e9dorsz\u00e1g<\/td>\n<td>UPS\/DPD\/DHL N\u00e9metorsz\u00e1g<\/td>\n<td>10-15 nap<\/td>\n<\/tr>\n<tr>\n<td>Ausztria<\/td>\n<td>UPS\/DPD\/DHL N\u00e9metorsz\u00e1g<\/td>\n<td>10-15 nap<\/td>\n<\/tr>\n<tr>\n<td>Olaszorsz\u00e1g<\/td>\n<td>UPS\/DPD\/DHL N\u00e9metorsz\u00e1g<\/td>\n<td>10-15 nap<\/td>\n<\/tr>\n<tr>\n<td>Magyarorsz\u00e1g<\/td>\n<td>UPS\/DPD\/DHL N\u00e9metorsz\u00e1g<\/td>\n<td>10-15 nap<\/td>\n<\/tr>\n<tr>\n<td>Litv\u00e1nia<\/td>\n<td>UPS\/DPD\/DHL N\u00e9metorsz\u00e1g<\/td>\n<td>10-15 nap<\/td>\n<\/tr>\n<tr>\n<td>\u00c9sztorsz\u00e1g<\/td>\n<td>UPS\/DPD\/DHL N\u00e9metorsz\u00e1g<\/td>\n<td>10-15 nap<\/td>\n<\/tr>\n<tr>\n<td>Lettorsz\u00e1g<\/td>\n<td>UPS\/DPD\/DHL N\u00e9metorsz\u00e1g<\/td>\n<td>10-15 nap<\/td>\n<\/tr>\n<tr>\n<td>G\u00f6r\u00f6gorsz\u00e1g<\/td>\n<td>UPS\/DPD\/DHL N\u00e9metorsz\u00e1g<\/td>\n<td>10-15 nap<\/td>\n<\/tr>\n<tr>\n<td>\u00cdrorsz\u00e1g<\/td>\n<td>UPS\/DPD\/DHL N\u00e9metorsz\u00e1g<\/td>\n<td>10-15 nap<\/td>\n<\/tr>\n<tr>\n<td>Portug\u00e1lia<\/td>\n<td>UPS\/DPD\/DHL N\u00e9metorsz\u00e1g<\/td>\n<td>10-15 nap<\/td>\n<\/tr>\n<tr>\n<td>Spanyolorsz\u00e1g<\/td>\n<td>UPS\/DPD\/DHL N\u00e9metorsz\u00e1g<\/td>\n<td>10-15 nap<\/td>\n<\/tr>\n<tr>\n<td>Egyes\u00fclt Arab Em\u00edrs\u00e9gek (Dubai)<\/td>\n<td>Dubai dedik\u00e1lt vonal<\/td>\n<td>12-18 nap<\/td>\n<\/tr>\n<tr>\n<td>D\u00e9l-Afrika<\/td>\n<td>D\u00e9l-Afrika dedik\u00e1lt vonal<\/td>\n<td>15-25 nap<\/td>\n<\/tr>\n<tr>\n<td>Vietnam<\/td>\n<td>Vietnam dedik\u00e1lt vonal<\/td>\n<td>3-5 nap<\/td>\n<\/tr>\n<tr>\n<td>Nyugat-Malajzia<\/td>\n<td>Malajzia dedik\u00e1lt vonal<\/td>\n<td>4-8 nap<\/td>\n<\/tr>\n<\/tbody>\n<\/table>\n<h3 dir=\"auto\"><strong>6. V\u00e1mkezel\u00e9s \u00e9s v\u00e1mok:<\/strong><\/h3>\n<ul>\n<li>A fent felsorolt \u200b\u200borsz\u00e1gokban a csomag meg\u00e9rkez\u00e9sekor v\u00e1mkezel\u00e9sre \u00e9s v\u00e1mt\u00e9telre van sz\u00fcks\u00e9g. A vonatkoz\u00f3 ad\u00f3kkal kapcsolatos inform\u00e1ci\u00f3k\u00e9rt forduljon a helyi v\u00e1mhivatalhoz. A v\u00e1mhat\u00f3s\u00e1g is ig\u00e9nyelhet v\u00e1llalkoz\u00e1si enged\u00e9lyt.<\/li>\n<\/ul>\n<p dir=\"auto\">Arra t\u00f6reksz\u00fcnk, hogy hat\u00e9kony \u00e9s \u00e1tl\u00e1that\u00f3 sz\u00e1ll\u00edt\u00e1si szolg\u00e1ltat\u00e1sokat ny\u00fajtsunk a VapeXYZ-n\u00e9l. Ha b\u00e1rmilyen k\u00e9rd\u00e9se van, vagy tov\u00e1bbi seg\u00edts\u00e9gre van sz\u00fcks\u00e9ge, k\u00e9rj\u00fck, forduljon hozz\u00e1nk bizalommal.<\/p>","protected":false},"excerpt":{"rendered":"<p>Shipping Policy 1. Order Processing and Shipping: Orders will be processed and shipped within 1-3 business days. Shipping typically takes 7-15 business days to deliver your package. Please note that we do not ship orders on weekends. 2. Tracking Information: Once your order is shipped, we will provide you with a tracking number via email. [&#8230;]\n","protected":false},"author":1,"featured_media":0,"parent":0,"menu_order":0,"comment_status":"closed","ping_status":"closed","template":"page-blank-title-center.php","meta":{"_lmt_disableupdate":"no","_lmt_disable":"","footnotes":""},"class_list":["post-15906","page","type-page","status-publish","hentry"],"jetpack_sharing_enabled":true,"_links":{"self":[{"href":"https:\/\/vapexyz.com\/hu\/wp-json\/wp\/v2\/pages\/15906","targetHints":{"allow":["GET"]}}],"collection":[{"href":"https:\/\/vapexyz.com\/hu\/wp-json\/wp\/v2\/pages"}],"about":[{"href":"https:\/\/vapexyz.com\/hu\/wp-json\/wp\/v2\/types\/page"}],"author":[{"embeddable":true,"href":"https:\/\/vapexyz.com\/hu\/wp-json\/wp\/v2\/users\/1"}],"replies":[{"embeddable":true,"href":"https:\/\/vapexyz.com\/hu\/wp-json\/wp\/v2\/comments?post=15906"}],"version-history":[{"count":0,"href":"https:\/\/vapexyz.com\/hu\/wp-json\/wp\/v2\/pages\/15906\/revisions"}],"wp:attachment":[{"href":"https:\/\/vapexyz.com\/hu\/wp-json\/wp\/v2\/media?parent=15906"}],"curies":[{"name":"wp","href":"https:\/\/api.w.org\/{rel}","templated":true}]}}