{"id":62447,"date":"2026-01-28T07:45:36","date_gmt":"2026-01-28T07:45:36","guid":{"rendered":"https:\/\/vapexyz.com\/?post_type=product&#038;p=62447"},"modified":"2026-01-28T07:45:36","modified_gmt":"2026-01-28T07:45:36","slug":"fihp-triple-taste-3-en-1-90k-90000-bouffees-serie-polyvalente-bouffees-vape-jetable-en-gros-achat-en-bulk","status":"publish","type":"product","link":"https:\/\/vapexyz.com\/fr\/product\/fihp-triple-taste-3-in-1-90k-90000-puffs-versatile-series-puffs-disposable-vape-wholesale-bulk-buy\/","title":{"rendered":"FIHP Triple Taste 3 en 1 90K 90000 bouff\u00e9es S\u00e9rie polyvalente bouff\u00e9es Vape jetable en gros Achat en bulk"},"content":{"rendered":"<article>\n<h2 style=\"color: #1a5276; text-align: center;\"><a href=\"https:\/\/vapexyz.com\/fr\/categorie-de-produit\/fihp\/\">FIHP<\/a> 3 EN 1 90K : Triplez le plaisir avec 90 000 bouff\u00e9es !<\/h2>\n<p>Cherchez-vous un vaporisateur jetable qui dure longtemps, tr\u00e8s longtemps, et qui ne devient jamais ennuyeux ? D\u00e9couvrez le FIHP 3 EN 1 90K ! Cet appareil sp\u00e9cial fait partie de la gamme <em>S\u00e9rie polyvalente<\/em>, Et il est con\u00e7u pour les personnes qui aiment la vari\u00e9t\u00e9 et la commodit\u00e9. Au lieu de transporter trois appareils diff\u00e9rents, vous obtenez trois options incroyables dans une seule bo\u00eete \u00e9l\u00e9gante !<\/p>\n<p>Chez VapeXYZ, nous sommes la plus grande plateforme de gros en ligne d'Europe. Nous nous sp\u00e9cialisons dans le domaine de vous aider <a href=\"https:\/\/vapexyz.com\/fr\/\">Acheter en gros les meilleures vapeurs jetables<\/a> \u00e0 des prix incroyables. Que vous soyez en Allemagne, en France ou en Espagne, VapeXYZ est votre partenaire de r\u00e9f\u00e9rence pour des produits de haute qualit\u00e9 comme le FIHP 3 EN 1 90K.<\/p>\n<div style=\"background-color: #f4f9fd; padding: 25px; border-radius: 15px; border-left: 8px solid #3498db; margin: 20px 0;\">\n<h3 style=\"margin-top: 0; color: #2980b9;\">Pourquoi est-ce qu'on l'appelle \u201c 3 EN 1 \u201d ?<\/h3>\n<p>C'est comme de la magie ! \u00c0 l'int\u00e9rieur de cette vape jetable unique, il y a trois r\u00e9servoirs s\u00e9par\u00e9s. Chaque r\u00e9servoir contient une capacit\u00e9 diff\u00e9rente de vos options pr\u00e9f\u00e9r\u00e9es. En un simple clic ou en switchant, vous pouvez changer ce que vous inhalez. C'est parfait pour ceux qui veulent changer de choses au cours de la journ\u00e9e sans avoir besoin de plusieurs appareils !<\/p>\n<\/div>\n<h3 style=\"color: #1f618d;\">Incroyables fonctionnalit\u00e9s que vous devriez conna\u00eetre<\/h3>\n<ul style=\"line-height: 1.8; list-style-type: '\u2705 ';\">\n<li>Compte de bouff\u00e9es g\u00e9ant : Obtenez jusqu'\u00e0 90 000 bouff\u00e9es au total (30 000 par r\u00e9servoir !).<\/li>\n<li>Syst\u00e8me \u00e0 triple r\u00e9servoir : Trois options dans un seul appareil - il suffit de basculer et de profiter.<\/li>\n<li>\u00c9cran LED intelligent : Surveillez la dur\u00e9e de vie de votre batterie et voyez combien de capacit\u00e9 il reste dans chaque r\u00e9servoir.<\/li>\n<li>Batterie Rechargeable : Livr\u00e9e avec un port Type-C \u00e0 charge rapide pour que vous soyez toujours pr\u00eat.<\/li>\n<li>Double Bobine de Maille : Rend chaque bouff\u00e9e lisse, claire et tr\u00e8s satisfaisante.<\/li>\n<li>Conception compacte : M\u00eame avec trois r\u00e9servoirs, il tient parfaitement dans votre main ou votre poche.<\/li>\n<\/ul>\n<h3 style=\"color: #1f618d;\">Combinaisons d'options excitantes \u00e0 essayer<\/h3>\n<table style=\"width: 100%; border-collapse: collapse; margin: 20px 0; font-family: sans-serif;\">\n<thead>\n<tr style=\"background-color: #1e44ad; color: #ffffff; text-align: left;\">\n<th style=\"padding: 12px 15px; border: 1px solid #ddd;\">Option<\/th>\n<th style=\"padding: 12px 15px; border: 1px solid #ddd;\">Combinaisons de saveurs 3 en 1<\/th>\n<\/tr>\n<\/thead>\n<tbody>\n<tr>\n<td style=\"padding: 12px 15px; border: 1px solid #ddd; background-color: #f9f9f9;\">01<\/td>\n<td style=\"padding: 12px 15px; border: 1px solid #ddd;\">Fizzy Cherry &amp; Lady Killer &amp; Gummy Bear<\/td>\n<\/tr>\n<tr>\n<td style=\"padding: 12px 15px; border: 1px solid #ddd; background-color: #ffffff;\">02<\/td>\n<td style=\"padding: 12px 15px; border: 1px solid #ddd;\">Bleuet Framboise &amp; Love 666 &amp; P\u00eache Glac\u00e9e<\/td>\n<\/tr>\n<tr>\n<td style=\"padding: 12px 15px; border: 1px solid #ddd; background-color: #f9f9f9;\">03<\/td>\n<td style=\"padding: 12px 15px; border: 1px solid #ddd;\">Framboise Past\u00e8que &amp; Fruits Rouges M\u00e9lang\u00e9s &amp; Mangue P\u00eache<\/td>\n<\/tr>\n<tr>\n<td style=\"padding: 12px 15px; border: 1px solid #ddd; background-color: #ffffff;\">04<\/td>\n<td style=\"padding: 12px 15px; border: 1px solid #ddd;\">Bleue Razz Lemonade &amp; Fraise Framboise &amp; Bonbons Arc-en-ciel<\/td>\n<\/tr>\n<tr>\n<td style=\"padding: 12px 15px; border: 1px solid #ddd; background-color: #f9f9f9;\">05<\/td>\n<td style=\"padding: 12px 15px; border: 1px solid #ddd;\">Past\u00e8que Bubblegum &amp; Glace \u00e0 la raisin &amp; Glace Black Dragon<\/td>\n<\/tr>\n<tr>\n<td style=\"padding: 12px 15px; border: 1px solid #ddd; background-color: #ffffff;\">06<\/td>\n<td style=\"padding: 12px 15px; border: 1px solid #ddd;\">Ananas noix de coco &amp; Fruits m\u00e9lang\u00e9s &amp; Citron P\u00eache<\/td>\n<\/tr>\n<tr>\n<td style=\"padding: 12px 15px; border: 1px solid #ddd; background-color: #f9f9f9;\">07<\/td>\n<td style=\"padding: 12px 15px; border: 1px solid #ddd;\">Double Pomme &amp; Fraise Banane &amp; Framboise Past\u00e8que<\/td>\n<\/tr>\n<tr>\n<td style=\"padding: 12px 15px; border: 1px solid #ddd; background-color: #ffffff;\">08<\/td>\n<td style=\"padding: 12px 15px; border: 1px solid #ddd;\">Ice de past\u00e8que et Red Bull &amp; Strawberry Kiwi<\/td>\n<\/tr>\n<tr>\n<td style=\"padding: 12px 15px; border: 1px solid #ddd; background-color: #f9f9f9;\">09<\/td>\n<td style=\"padding: 12px 15px; border: 1px solid #ddd;\">Bleuets Glace &amp; Past\u00e8que aux Fraises &amp; Citron Lime<\/td>\n<\/tr>\n<tr>\n<td style=\"padding: 12px 15px; border: 1px solid #ddd; background-color: #ffffff;\">10<\/td>\n<td style=\"padding: 12px 15px; border: 1px solid #ddd;\">Glace aux p\u00eaches, aux baies, au triple melon et \u00e0 la past\u00e8que<\/td>\n<\/tr>\n<\/tbody>\n<\/table>\n<h3 style=\"color: #1f618d;\">Sp\u00e9cifications du produit<\/h3>\n<table style=\"width: 100%; border-collapse: collapse; margin: 25px 0; font-family: Arial, sans-serif; border: 1px solid #ddd;\">\n<thead>\n<tr style=\"background-color: #2e86c1; color: white; text-align: left;\">\n<th style=\"padding: 15px; border: 1px solid #ddd;\">Fonctionnalit\u00e9<\/th>\n<th style=\"padding: 15px; border: 1px solid #ddd;\">D\u00e9tails des sp\u00e9cifications<\/th>\n<\/tr>\n<\/thead>\n<tbody>\n<tr>\n<td style=\"padding: 12px; border: 1px solid #ddd; font-weight: bold;\">Nombre total de bouff\u00e9es<\/td>\n<td style=\"padding: 12px; border: 1px solid #ddd;\">90 000 bouff\u00e9es<\/td>\n<\/tr>\n<tr style=\"background-color: #f2f2f2;\">\n<td style=\"padding: 12px; border: 1px solid #ddd; font-weight: bold;\">Nombre de chars<\/td>\n<td style=\"padding: 12px; border: 1px solid #ddd;\">3 Chars d'Assaut Ind\u00e9pendants (Interchangeables)<\/td>\n<\/tr>\n<tr>\n<td style=\"padding: 12px; border: 1px solid #ddd; font-weight: bold;\">Batterie<\/td>\n<td style=\"padding: 12px; border: 1px solid #ddd;\">850mAh Rechargeable (Type-C) \nremplace par \n850mAh Rechargeable (Type-C)<\/td>\n<\/tr>\n<tr style=\"background-color: #f2f2f2;\">\n<td style=\"padding: 12px; border: 1px solid #ddd; font-weight: bold;\">Afficher<\/td>\n<td style=\"padding: 12px; border: 1px solid #ddd;\">\u00c9cran num\u00e9rique pour la puissance et la capacit\u00e9<\/td>\n<\/tr>\n<tr>\n<td style=\"padding: 12px; border: 1px solid #ddd; font-weight: bold;\">Id\u00e9al pour<\/td>\n<td style=\"padding: 12px; border: 1px solid #ddd;\">Achat en gros et vente en gros<\/td>\n<\/tr>\n<\/tbody>\n<\/table>\n<div style=\"gap: 15px; flex-wrap: wrap; margin: 30px 0;\">\n<div style=\"flex: 1; min-width: 280px; background: #ebf5fb; padding: 20px; border-radius: 12px; border: 1px solid #3498db; text-align: center;\">\n<h4 style=\"color: #21618c; margin-top: 0;\">\u00c9conomies en gros<\/h4>\n<p>\u00c9conomisez davantage d'argent lorsque vous achetez en gros ! Chez VapeXYZ, nous proposons les prix les plus bas de l'UE pour les grandes commandes de vapes jetables.<\/p>\n<\/div>\n<div style=\"flex: 1; min-width: 280px; background: #e8f8f5; padding: 20px; border-radius: 12px; border: 1px solid #1abc9c; text-align: center;\">\n<h4 style=\"color: #0e6251; margin-top: 0;\">\ud83c\uddea\ud83c\uddfa Livraison rapide dans l'UE<\/h4>\n<p>Nous exp\u00e9dions directement \u00e0 travers l'Europe. O\u00f9 que vous soyez, VapeXYZ garantit que vos vapes jetables arrivent rapidement et en toute s\u00e9curit\u00e9.<\/p>\n<\/div>\n<\/div>\n<h3 style=\"color: #1f618d;\">Foire aux questions (FAQ)<\/h3>\n<div style=\"background-color: #fdfefe; padding: 20px; border-radius: 10px; border: 2px solid #d6eaf8;\">\n<p style=\"margin-bottom: 10px;\">Comment modifier les options ?<\/p>\n<p>C'est tr\u00e8s facile ! Il suffit de tourner le haut ou de basculer l'interrupteur sur la vape jetable pour passer au r\u00e9servoir suivant. Vous verrez le changement sur l'\u00e9cran !<\/p>\n<p>\u201c`<\/p>\n<p style=\"margin-bottom: 10px; border-top: 1px solid #eee; padding-top: 10px;\">Quand dois-je le recharger ?<br \/>\nL'\u00e9cran intelligent vous affichera un pourcentage. Lorsque celui-ci est bas, branchez-le simplement sur un chargeur Type-C pendant quelques minutes.<\/p>\n<p style=\"margin-bottom: 10px; border-top: 1px solid #eee; padding-top: 10px;\">Why should I buy from VapeXYZ?<br \/>\nNous sommes une plateforme europ\u00e9enne de gros de confiance. Nous proposons des vapes jetables authentiques, un excellent service client et les meilleurs prix en gros disponibles.<\/p>\n<p style=\"border-top: 1px solid #eee; padding-top: 10px;\">Est-ce que 90 000 bouff\u00e9es sont r\u00e9elles ?<br \/>\nOui ! En combinant trois r\u00e9servoirs de 30 000 bouff\u00e9es en un seul vaporisateur jetable, vous obtenez un total impressionnant de 90 000 bouff\u00e9es \u00e0 savourer.<\/p>\n<\/div>\n<p style=\"text-align: center; margin-top: 40px; font-weight: bold; font-size: 1.2em;\">Ne tardez pas ! Obtenez le <span style=\"color: #e74c3c;\">FIHP 3 EN 1 90K<\/span> pour votre magasin ou votre approvisionnement personnel \u00e0 <a href=\"https:\/\/vapexyz.com\/fr\/\">VapeXYZ<\/a> - Votre leader europ\u00e9en de gros !<\/p>\n<p><img loading=\"lazy\" decoding=\"async\" class=\"size-full wp-image-63218 aligncenter\" src=\"https:\/\/vapexyz.com\/wp-content\/uploads\/2026\/01\/FIHP-3-IN-1-90K-90000-Puffs-Versatile-Series-Puffs-Disposable-Vape-Wholesale-Bulk-Buy.webp\" alt=\"FIHP 3 EN 1 90K 90000 Bouff\u00e9es S\u00e9rie Polyvalente Bouff\u00e9es Vape Jetable en Gros Achat en Bulk\" width=\"1500\" height=\"1150\" title=\"\" srcset=\"https:\/\/vapexyz.com\/wp-content\/uploads\/2026\/01\/FIHP-3-IN-1-90K-90000-Puffs-Versatile-Series-Puffs-Disposable-Vape-Wholesale-Bulk-Buy.webp 1500w, https:\/\/vapexyz.com\/wp-content\/uploads\/2026\/01\/FIHP-3-IN-1-90K-90000-Puffs-Versatile-Series-Puffs-Disposable-Vape-Wholesale-Bulk-Buy-500x383.webp 500w, https:\/\/vapexyz.com\/wp-content\/uploads\/2026\/01\/FIHP-3-IN-1-90K-90000-Puffs-Versatile-Series-Puffs-Disposable-Vape-Wholesale-Bulk-Buy-1024x785.webp 1024w, https:\/\/vapexyz.com\/wp-content\/uploads\/2026\/01\/FIHP-3-IN-1-90K-90000-Puffs-Versatile-Series-Puffs-Disposable-Vape-Wholesale-Bulk-Buy-768x589.webp 768w, https:\/\/vapexyz.com\/wp-content\/uploads\/2026\/01\/FIHP-3-IN-1-90K-90000-Puffs-Versatile-Series-Puffs-Disposable-Vape-Wholesale-Bulk-Buy-16x12.webp 16w, https:\/\/vapexyz.com\/wp-content\/uploads\/2026\/01\/FIHP-3-IN-1-90K-90000-Puffs-Versatile-Series-Puffs-Disposable-Vape-Wholesale-Bulk-Buy-510x391.webp 510w\" sizes=\"auto, (max-width: 1500px) 100vw, 1500px\" \/><\/p>\n<\/article>","protected":false},"excerpt":{"rendered":"<p>Le FIHP 3 EN 1 90K est une cigarette \u00e9lectronique jetable super puissante qui vous permet de profiter de trois options diff\u00e9rentes et de 90 000 bouff\u00e9es au total en un seul appareil pratique, et vous pouvez l'obtenir au meilleur prix gr\u00e2ce \u00e0 un achat en gros chez VapeXYZ, la meilleure boutique de gros en Europe !<\/p>","protected":false},"featured_media":63214,"comment_status":"open","ping_status":"closed","template":"","meta":{"_lmt_disableupdate":"no","_lmt_disable":""},"product_brand":[],"product_cat":[860,1085,947,934,927,929,928,930,933,939,932,938,931,936,937,1017,949,946,1083,950,951,953,820,987],"product_tag":[],"class_list":{"0":"post-62447","1":"product","2":"type-product","3":"status-publish","4":"has-post-thumbnail","6":"product_cat-fihp","7":"product_cat-85000-puffs-vapes","8":"product_cat-big-puffs-vapes","9":"product_cat-bulk-buy-disposable-vapes-in-belgium","10":"product_cat-bulk-buy-disposable-vapes-in-europe","11":"product_cat-bulk-buy-disposable-vapes-in-france","12":"product_cat-bulk-buy-disposable-vapes-in-germany","13":"product_cat-bulk-buy-disposable-vapes-in-italy","14":"product_cat-bulk-buy-disposable-vapes-in-netherlands","15":"product_cat-bulk-buy-disposable-vapes-in-norway","16":"product_cat-bulk-buy-disposable-vapes-in-poland","17":"product_cat-bulk-buy-disposable-vapes-in-portugal","18":"product_cat-bulk-buy-disposable-vapes-in-spain","19":"product_cat-bulk-buy-disposable-vapes-in-sweden","20":"product_cat-bulk-buy-disposable-vapes-in-switzerland","21":"product_cat-buy-best-disposable-vape-flavors","22":"product_cat-digital-box-vapes","23":"product_cat-disposable-vapes-series","24":"product_cat-double-flavor-vapes","25":"product_cat-dual-mesh-vapes","26":"product_cat-lower-nicotine-vapes","27":"product_cat-rechargeable-vapes","28":"product_cat-vape","29":"product_cat-vape-shop-by-puffs","31":"first","32":"instock","33":"shipping-taxable","34":"purchasable","35":"product-type-variable","36":"has-default-attributes"},"jetpack_sharing_enabled":true,"tiered_pricing_type":"fixed","tiered_pricing_fixed_rules":[],"tiered_pricing_product_settings":{"layout":"default","base_unit_name":{"singular":null,"plural":null},"default_variation":null},"tiered_pricing_minimum_quantity":null,"tiered_pricing_roles_data":[],"tiered_pricing_percentage_rules":[],"tiered_pricing_maximum_quantity":null,"tiered_pricing_quantity_step":null,"_links":{"self":[{"href":"https:\/\/vapexyz.com\/fr\/wp-json\/wp\/v2\/product\/62447","targetHints":{"allow":["GET"]}}],"collection":[{"href":"https:\/\/vapexyz.com\/fr\/wp-json\/wp\/v2\/product"}],"about":[{"href":"https:\/\/vapexyz.com\/fr\/wp-json\/wp\/v2\/types\/product"}],"replies":[{"embeddable":true,"href":"https:\/\/vapexyz.com\/fr\/wp-json\/wp\/v2\/comments?post=62447"}],"wp:featuredmedia":[{"embeddable":true,"href":"https:\/\/vapexyz.com\/fr\/wp-json\/wp\/v2\/media\/63214"}],"wp:attachment":[{"href":"https:\/\/vapexyz.com\/fr\/wp-json\/wp\/v2\/media?parent=62447"}],"wp:term":[{"taxonomy":"product_brand","embeddable":true,"href":"https:\/\/vapexyz.com\/fr\/wp-json\/wp\/v2\/product_brand?post=62447"},{"taxonomy":"product_cat","embeddable":true,"href":"https:\/\/vapexyz.com\/fr\/wp-json\/wp\/v2\/product_cat?post=62447"},{"taxonomy":"product_tag","embeddable":true,"href":"https:\/\/vapexyz.com\/fr\/wp-json\/wp\/v2\/product_tag?post=62447"}],"curies":[{"name":"wp","href":"https:\/\/api.w.org\/{rel}","templated":true}]}}