{"id":62360,"date":"2026-01-06T03:56:36","date_gmt":"2026-01-06T03:56:36","guid":{"rendered":"https:\/\/vapexyz.com\/?post_type=product&#038;p=62360"},"modified":"2026-04-04T04:11:25","modified_gmt":"2026-04-04T04:11:25","slug":"jnr-shisha-ultra-45k-45000-bouffees-haute-performance-grande-capacite-vape-jetable-en-gros-achat-en-bulk","status":"publish","type":"product","link":"https:\/\/vapexyz.com\/fr\/product\/jnr-shisha-ultra-45k-45000-puffs-high-performance-big-capacity-disposable-vape-wholesale-bulk-buy\/","title":{"rendered":"JNR SHISHA ULTRA 45k 45000 bouff\u00e9es Haute Performance Grande Capacit\u00e9 Vape Jetable en Gros Achat en Vrac"},"content":{"rendered":"<article>\n<h2 style=\"color: #ff477e; text-align: center;\"><a href=\"https:\/\/vapexyz.com\/fr\/categorie-de-produit\/vapes-jetables-jnr\/\">JNR SHISHA ULTRA<\/a> 45K : Le compagnon ultime du grand nuage !<\/h2>\n<p>Salut ! Vous cherchez un vaporisateur jetable qui ressemble \u00e0 une voiture de sport de luxe et qui dure \u00e9ternellement ? D\u00e9couvrez le JNR SHISHA ULTRA 45K ! Ce n'est pas juste un vaporisateur jetable ordinaire ; c'est une centrale \u00e9lectrique con\u00e7ue pour les personnes qui aiment les gros nuages et les ambiances douces. Il a l'air super cool avec son rev\u00eatement en cuir et a suffisamment de puissance pour vous garder heureux pendant tr\u00e8s longtemps. Que vous soyez chez vous \u00e0 vous d\u00e9tendre ou avec des amis, c'est le compagnon id\u00e9al pour votre poche !<\/p>\n<div style=\"background-color: #fff0f5; padding: 20px; border-radius: 15px; border: 2px dashed #ff477e; margin: 20px 0;\">\n<h3 style=\"color: #ff1493; margin-top: 0;\">Pourquoi est-ce si g\u00e9nial ?<\/h3>\n<ul style=\"list-style-type: '\ud83c\udf6d'; padding-left: 20px; line-height: 1.8;\">\n<li>Aspect Cuir Luxueux : Il a une sensation douce et luxueuse dans votre main, comme un sac de luxe !<\/li>\n<li>Triple Puissance \u00e0 l'Int\u00e9rieur : Il utilise trois bobines sp\u00e9ciales pour s'assurer que chaque bouff\u00e9e est extr\u00eamement puissante et savoureuse.<\/li>\n<li>Grande autonomie de la batterie : Avec une batterie de 1100mAh, il reste \u00e9veill\u00e9 aussi longtemps que vous.<\/li>\n<li>\u00c9cran intelligent : Un minuscule \u00e9cran vous indique exactement combien de puissance et de capacit\u00e9 il vous reste. Fin des devinettes !<\/li>\n<li>Direct-to-Lung Fun : Sp\u00e9cialement con\u00e7u pour ceux qui aiment prendre de profondes respirations et souffler d'\u00e9normes nuages duveteux.<\/li>\n<\/ul>\n<\/div>\n<h3 style=\"color: #ff477e;\">D\u00e9couvrez ces options amusantes !<\/h3>\n<p style=\"line-height: 1.6; background: #fdfcf0; padding: 15px; border-radius: 10px;\">1. Menthe \n2. Menthe \u00e0 la gomme \n3. Punch \u00e0 la fraise \n4. Glace p\u00eache \n5. Amour magique \n6. Menthe \u00e0 la myrtille \n7. Framboise \u00e0 la myrtille \n8. Menthe citron \n9. Cerise \u00e0 la fraise \n10. Menthol \n11. Menthe verte \n12. Baies m\u00e9lang\u00e9es \n13. R\u00eave d'\u00e9t\u00e9 \n14. Mangue ananas \n15. Fiesta aux cerises \n16. P\u00eaches d'\u00e9t\u00e9 \n17. Double pomme<\/p>\n<h3 style=\"color: #ff477e;\">Comparaison rapide<\/h3>\n<table style=\"width: 100%; border-collapse: collapse; margin: 20px 0; background-color: white; border-radius: 10px; overflow: hidden;\">\n<thead>\n<tr style=\"background-color: #ff477e; color: white; text-align: left;\">\n<th style=\"padding: 12px; border: 1px solid #ddd;\">Fonctionnalit\u00e9<\/th>\n<th style=\"padding: 12px; border: 1px solid #ddd;\">JNR SHISHA ULTRA 45K<\/th>\n<th style=\"padding: 12px; border: 1px solid #ddd;\">Vapes standards<\/th>\n<\/tr>\n<\/thead>\n<tbody>\n<tr>\n<td style=\"padding: 12px; border: 1px solid #ddd;\">Nombre total de bouff\u00e9es<\/td>\n<td style=\"padding: 12px; border: 1px solid #ddd;\">Jusqu'\u00e0 45 000<\/td>\n<td style=\"padding: 12px; border: 1px solid #ddd;\">Environ 5 000 - 10 000<\/td>\n<\/tr>\n<tr style=\"background-color: #fff9fb;\">\n<td style=\"padding: 12px; border: 1px solid #ddd;\">Type de bobine<\/td>\n<td style=\"padding: 12px; border: 1px solid #ddd;\">Triple Maille (Super Lisse)<\/td>\n<td style=\"padding: 12px; border: 1px solid #ddd;\">Bobine simple (Basique)<\/td>\n<\/tr>\n<tr>\n<td style=\"padding: 12px; border: 1px solid #ddd;\">Conception<\/td>\n<td style=\"padding: 12px; border: 1px solid #ddd;\">Cuir de luxe<\/td>\n<td style=\"padding: 12px; border: 1px solid #ddd;\">Plastique<\/td>\n<\/tr>\n<tr style=\"background-color: #fff9fb;\">\n<td style=\"padding: 12px; border: 1px solid #ddd;\">Visibilit\u00e9<\/td>\n<td style=\"padding: 12px; border: 1px solid #ddd;\">Affichage intelligent complet<\/td>\n<td style=\"padding: 12px; border: 1px solid #ddd;\">Ampoules ou Aucune<\/td>\n<\/tr>\n<\/tbody>\n<\/table>\n<div style=\"background-color: #e0f7fa; padding: 20px; border-radius: 15px; border-left: 10px solid #00acc1; margin: 20px 0;\">\n<h3 style=\"color: #00838f; margin-top: 0;\">Achat en gros en Europe ?<\/h3>\n<p>Si vous voulez obtenir la meilleure affaire sur ces incroyables vapes jetables, vous \u00eates au bon endroit ! Nous sommes VapeXYZ, la plus grande boutique en ligne de gros en Europe. Que vous ayez besoin de quelques-uns ou d'une montagne enti\u00e8re de vapes, nous rendons facile et peu co\u00fbteux l'achat en gros. Ne cherchez pas ailleurs : obtenez vos vapes pr\u00e9f\u00e9r\u00e9es ici m\u00eame chez VapeXYZ !<\/p>\n<\/div>\n<h3 style=\"color: #ff477e;\">Foire aux questions (FAQ)<\/h3>\n<div style=\"background: #ffffff; border: 1px solid #ffc1d6; padding: 15px; border-radius: 10px; margin-bottom: 10px;\">\n<p style=\"color: #ff1493; margin-bottom: 5px;\">Comment puis-je savoir quand il est vide ?<\/p>\n<p style=\"margin-top: 0;\">Cette vape a un \u00e9cran intelligent ! Il vous montre exactement combien de capacit\u00e9 reste \u00e0 l'int\u00e9rieur, pour que vous ne soyez jamais surpris.<\/p>\n<\/div>\n<div style=\"background: #ffffff; border: 1px solid #ffc1d6; padding: 15px; border-radius: 10px; margin-bottom: 10px;\">\n<p style=\"color: #ff1493; margin-bottom: 5px;\">Dois-je le charger ?<\/p>\n<p style=\"margin-top: 0;\">Oui ! Il a une grosse batterie de 1100mAh que vous pouvez recharger jusqu'\u00e0 ce que toute la capacit\u00e9 \u00e0 l'int\u00e9rieur soit \u00e9puis\u00e9e.<\/p>\n<\/div>\n<div style=\"background: #ffffff; border: 1px solid #ffc1d6; padding: 15px; border-radius: 10px; margin-bottom: 10px;\">\n<p style=\"color: #ff1493; margin-bottom: 5px;\">Pourquoi est-ce qu'on l'appelle \u201c Shisha Ultra \u201d ?<\/p>\n<p style=\"margin-top: 0;\">Il est con\u00e7u pour vous donner cette grande exp\u00e9rience a\u00e9r\u00e9e et remplie de nuages que les gens adorent, mais dans un petit vapoteur facile \u00e0 transporter !<\/p>\n<\/div>\n<p style=\"text-align: center; margin-top: 30px;\"><a style=\"background-color: #ff477e; color: white; padding: 15px 30px; text-decoration: none; border-radius: 50px; font-weight: bold;\" href=\"https:\/\/vapexyz.com\/fr\/\">Achetez le v\u00f4tre chez VapeXYZ maintenant !<\/a><\/p>\n<\/article>\n<p><img loading=\"lazy\" decoding=\"async\" class=\"aligncenter wp-image-62394 size-full\" src=\"https:\/\/vapexyz.com\/wp-content\/uploads\/2025\/12\/JNR-SHISHA-ULTRA-45k-45000-Puffs-High-Performance-Big-Capacity-Disposable-Vape-Wh-16.webp\" alt=\"JNR SHISHA ULTRA 45k 45000 bouff\u00e9es Haute Performance Grande Capacit\u00e9 Vape Jetable en Gros Achat en Vrac\" width=\"1200\" height=\"1200\" title=\"\" srcset=\"https:\/\/vapexyz.com\/wp-content\/uploads\/2025\/12\/JNR-SHISHA-ULTRA-45k-45000-Puffs-High-Performance-Big-Capacity-Disposable-Vape-Wh-16.webp 1200w, https:\/\/vapexyz.com\/wp-content\/uploads\/2025\/12\/JNR-SHISHA-ULTRA-45k-45000-Puffs-High-Performance-Big-Capacity-Disposable-Vape-Wh-16-500x500.webp 500w, https:\/\/vapexyz.com\/wp-content\/uploads\/2025\/12\/JNR-SHISHA-ULTRA-45k-45000-Puffs-High-Performance-Big-Capacity-Disposable-Vape-Wh-16-1024x1024.webp 1024w, https:\/\/vapexyz.com\/wp-content\/uploads\/2025\/12\/JNR-SHISHA-ULTRA-45k-45000-Puffs-High-Performance-Big-Capacity-Disposable-Vape-Wh-16-300x300.webp 300w, https:\/\/vapexyz.com\/wp-content\/uploads\/2025\/12\/JNR-SHISHA-ULTRA-45k-45000-Puffs-High-Performance-Big-Capacity-Disposable-Vape-Wh-16-768x768.webp 768w, https:\/\/vapexyz.com\/wp-content\/uploads\/2025\/12\/JNR-SHISHA-ULTRA-45k-45000-Puffs-High-Performance-Big-Capacity-Disposable-Vape-Wh-16-12x12.webp 12w, https:\/\/vapexyz.com\/wp-content\/uploads\/2025\/12\/JNR-SHISHA-ULTRA-45k-45000-Puffs-High-Performance-Big-Capacity-Disposable-Vape-Wh-16-247x247.webp 247w, https:\/\/vapexyz.com\/wp-content\/uploads\/2025\/12\/JNR-SHISHA-ULTRA-45k-45000-Puffs-High-Performance-Big-Capacity-Disposable-Vape-Wh-16-510x510.webp 510w, https:\/\/vapexyz.com\/wp-content\/uploads\/2025\/12\/JNR-SHISHA-ULTRA-45k-45000-Puffs-High-Performance-Big-Capacity-Disposable-Vape-Wh-16-100x100.webp 100w\" sizes=\"auto, (max-width: 1200px) 100vw, 1200px\" \/><\/p>","protected":false},"excerpt":{"rendered":"<p>Le JNR SHISHA ULTRA 45K est une vape jetable haut de gamme, envelopp\u00e9e de cuir, dot\u00e9e d'un \u00e9cran intelligent et de bobines \u00e0 triple maille con\u00e7ues pour d\u00e9livrer jusqu'\u00e0 45 000 bouff\u00e9es de satisfaction lisse et ax\u00e9e sur la vapeur.<\/p>","protected":false},"featured_media":62396,"comment_status":"open","ping_status":"closed","template":"","meta":{"_lmt_disableupdate":"no","_lmt_disable":""},"product_brand":[],"product_cat":[1040,1069,947,935,934,927,929,928,930,933,939,932,938,931,936,937,1017,948,949,946,950,951,953,954,820,987],"product_tag":[],"class_list":{"0":"post-62360","1":"product","2":"type-product","3":"status-publish","4":"has-post-thumbnail","6":"product_cat-jnr-disposable-vapes","7":"product_cat-45000-puff-vapes","8":"product_cat-big-puffs-vapes","9":"product_cat-bulk-buy-disposable-vapes-in-austria","10":"product_cat-bulk-buy-disposable-vapes-in-belgium","11":"product_cat-bulk-buy-disposable-vapes-in-europe","12":"product_cat-bulk-buy-disposable-vapes-in-france","13":"product_cat-bulk-buy-disposable-vapes-in-germany","14":"product_cat-bulk-buy-disposable-vapes-in-italy","15":"product_cat-bulk-buy-disposable-vapes-in-netherlands","16":"product_cat-bulk-buy-disposable-vapes-in-norway","17":"product_cat-bulk-buy-disposable-vapes-in-poland","18":"product_cat-bulk-buy-disposable-vapes-in-portugal","19":"product_cat-bulk-buy-disposable-vapes-in-spain","20":"product_cat-bulk-buy-disposable-vapes-in-sweden","21":"product_cat-bulk-buy-disposable-vapes-in-switzerland","22":"product_cat-buy-best-disposable-vape-flavors","23":"product_cat-crystal-vapes","24":"product_cat-digital-box-vapes","25":"product_cat-disposable-vapes-series","26":"product_cat-dual-mesh-vapes","27":"product_cat-lower-nicotine-vapes","28":"product_cat-rechargeable-vapes","29":"product_cat-shisha-hookah-vapes","30":"product_cat-vape","31":"product_cat-vape-shop-by-puffs","33":"first","34":"instock","35":"shipping-taxable","36":"purchasable","37":"product-type-variable","38":"has-default-attributes"},"jetpack_sharing_enabled":true,"tiered_pricing_type":"fixed","tiered_pricing_fixed_rules":[],"tiered_pricing_product_settings":{"layout":"default","base_unit_name":{"singular":null,"plural":null},"default_variation":null},"tiered_pricing_minimum_quantity":null,"tiered_pricing_roles_data":[],"tiered_pricing_percentage_rules":[],"tiered_pricing_maximum_quantity":null,"tiered_pricing_quantity_step":null,"_links":{"self":[{"href":"https:\/\/vapexyz.com\/fr\/wp-json\/wp\/v2\/product\/62360","targetHints":{"allow":["GET"]}}],"collection":[{"href":"https:\/\/vapexyz.com\/fr\/wp-json\/wp\/v2\/product"}],"about":[{"href":"https:\/\/vapexyz.com\/fr\/wp-json\/wp\/v2\/types\/product"}],"replies":[{"embeddable":true,"href":"https:\/\/vapexyz.com\/fr\/wp-json\/wp\/v2\/comments?post=62360"}],"wp:featuredmedia":[{"embeddable":true,"href":"https:\/\/vapexyz.com\/fr\/wp-json\/wp\/v2\/media\/62396"}],"wp:attachment":[{"href":"https:\/\/vapexyz.com\/fr\/wp-json\/wp\/v2\/media?parent=62360"}],"wp:term":[{"taxonomy":"product_brand","embeddable":true,"href":"https:\/\/vapexyz.com\/fr\/wp-json\/wp\/v2\/product_brand?post=62360"},{"taxonomy":"product_cat","embeddable":true,"href":"https:\/\/vapexyz.com\/fr\/wp-json\/wp\/v2\/product_cat?post=62360"},{"taxonomy":"product_tag","embeddable":true,"href":"https:\/\/vapexyz.com\/fr\/wp-json\/wp\/v2\/product_tag?post=62360"}],"curies":[{"name":"wp","href":"https:\/\/api.w.org\/{rel}","templated":true}]}}