{"id":60416,"date":"2025-12-20T07:53:59","date_gmt":"2025-12-20T07:53:59","guid":{"rendered":"https:\/\/vapexyz.com\/?post_type=product&#038;p=60416"},"modified":"2026-03-05T03:54:45","modified_gmt":"2026-03-05T03:54:45","slug":"adalya-adl-16000-16k-puffs-vape-jetable-entrepot-europeen-livraison-rapide-achat-sans-quantite-minimale-de-commande","status":"publish","type":"product","link":"https:\/\/vapexyz.com\/fr\/product\/adalya-adl-16000-16k-puffs-disposable-vape-european-warehouse-fast-delivery-purchase-no-moq\/","title":{"rendered":"ADALYA ADL 16000 16K Puffs Vape Jetable Entrep\u00f4t Europ\u00e9en Livraison Rapide Achat Pas de MOQ"},"content":{"rendered":"<article style=\"font-family: 'Comic Sans MS', cursive, sans-serif; color: #333; line-height: 1.6;\">\n<h2 style=\"color: #ff6b9d; border-bottom: 3px dashed #FFD166; padding-bottom: 10px;\">\ud83c\udf1f D\u00e9couvrez Votre Nouvel E-Cigarette Jetable Pr\u00e9f\u00e9r\u00e9 ! Le <a href=\"https:\/\/vapexyz.com\/fr\/categorie-de-produit\/vapes-jetables-adalya\/\">Adalya ADL<\/a> 16 000<\/h2>\n<p>Bonjour ! \ud83d\ude0a Vous cherchez un vaporisateur jetable super amusant, durable et facile \u00e0 utiliser ? Ne cherchez plus ! D\u00e9couvrez l'Adalya ADL 16000 Puffs vaporisateur jetable ! \ud83c\udf89 C'est comme un petit cr\u00e9ateur de nuages magiques qui tient juste dans votre main. Et la meilleure partie ? Vous pouvez l'obtenir <em>tr\u00e8s rapide<\/em> De VapeXYZ !<\/p>\n<p>Nous l'exp\u00e9dions directement depuis notre entrep\u00f4t europ\u00e9en convivial \ud83c\udff0 jusqu'\u00e0 votre seuil de porte \ud83c\udfe0 en seulement <span style=\"color: #06d6a0;\">2 \u00e0 7 jours<\/span>Pas d'attente interminable ! Et devine quoi ? Il y a <span style=\"background-color: #ffd166; padding: 2px 5px; border-radius: 3px;\">Pas de commande minimum<\/span> \u2013 vous pouvez n'en acheter qu'un si vous le souhaitez ! \u00c0 quel point est-ce cool ?<\/p>\n<div style=\"background: linear-gradient(135deg, #FFD166, #FF6B9D); padding: 15px; border-radius: 15px; margin: 20px 0; color: white;\">\n<h3 style=\"color: white; margin-top: 0;\">\ud83d\ude80 Pourquoi vous allez adorer cette vape jetable !<\/h3>\n<ul style=\"list-style-type: none; padding-left: 0;\">\n<li>\u2705 Temps de jeu super long : Il supporte un nombre impressionnant de 16 000 bouff\u00e9es ! C'est comme avoir un ami amusant pendant un tr\u00e8s, tr\u00e8s long moment !<\/li>\n<li>Petit \u00e9cran intelligent : Il dispose d'un \u00e9cran num\u00e9rique mignon \ud83d\udc40 qui vous indique combien de batterie et de capacit\u00e9 il reste. Fin des jeux de devinette !<\/li>\n<li>\u2705 Bobine double maille puissante : \u00c0 l'int\u00e9rieur, elle dispose d'une bobine sp\u00e9ciale double maille. Cela rend chaque bouff\u00e9e extr\u00eamement douce et extr\u00eamement satisfaisante !<\/li>\n<li>\u2705 Vous \u00eates le patron : Vous pouvez ajuster le d\u00e9bit d'air \ud83c\udf2c\ufe0f pour faire vos nuages exactement comme vous les aimez - gros et duveteux ou doux et l\u00e9gers.<\/li>\n<li>\u2705 S\u00e9curit\u00e9 avant tout ! Il est \u00e9quip\u00e9 d'un bouton de verrouillage pratique \ud83d\udd12 pour \u00e9viter qu'il ne s'allume accidentellement dans votre poche ou votre sac.<\/li>\n<li>Toujours pr\u00eat : Il est rechargeable ! \ud83d\udd0b Il suffit de le brancher avec un c\u00e2ble USB lorsqu'il a besoin d'un petit coup de pouce \u00e9nerg\u00e9tique.<\/li>\n<\/ul>\n<\/div>\n<h3 style=\"color: #118ab2; border-left: 5px solid #118AB2; padding-left: 10px;\">\ud83c\udf08 Un Arc-en-Ciel d'Options Incroyables !<\/h3>\n<p>Ce vaporisateur jetable est disponible dans tant d'options excitantes ! Chaque mod\u00e8le est une aventure sp\u00e9ciale pour vos sens. \ud83d\ude0b Voici la liste compl\u00e8te, toute align\u00e9e et pr\u00eate pour vous :<\/p>\n<div style=\"background-color: #f8f9fa; padding: 15px; border-radius: 10px; border: 2px dotted #06D6A0;\">\n<h4 style=\"color: #ff6b9d; margin-top: 0;\">Notre liste d'options fabuleuses :<\/h4>\n<p>Point de menthe<br \/>\n2. Tueuse de dames<br \/>\nNuits de Berlin<br \/>\nAmour 66<br \/>\n5. Soir\u00e9es de Moscou<br \/>\n6. Hawa\u00ef<br \/>\nMon amour<\/p>\n<p>Laquelle sera votre pr\u00e9f\u00e9r\u00e9e ? C'est tellement difficile \u00e0 choisir !<\/p>\n<\/div>\n<h3 style=\"color: #ef476f;\">\ud83d\udcca Comparons ! Pourquoi l'ADL 16000 est une Superstar<\/h3>\n<p>Voyons comment cette incroyable cigarette \u00e9lectronique jetable se compare ! Nous avons cr\u00e9\u00e9 un tableau clair pour que ce soit facile \u00e0 comprendre.<\/p>\n<table style=\"width: 100%; border-collapse: collapse; border-radius: 10px; overflow: hidden;\">\n<thead>\n<tr style=\"background-color: #118ab2; color: white;\">\n<th style=\"padding: 12px; text-align: left;\">Fonctionnalit\u00e9<\/th>\n<th style=\"padding: 12px; text-align: left;\">Adalya ADL 16000<\/th>\n<th style=\"padding: 12px; text-align: left;\">D'autres Vapes<\/th>\n<\/tr>\n<\/thead>\n<tbody>\n<tr style=\"background-color: #e9f5ff;\">\n<td style=\"padding: 12px; border-bottom: 1px solid #ddd;\">Bouff\u00e9es<\/td>\n<td style=\"padding: 12px; border-bottom: 1px solid #ddd;\">Jusqu'\u00e0 16 000<\/td>\n<td style=\"padding: 12px; border-bottom: 1px solid #ddd;\">Souvent beaucoup moins<\/td>\n<\/tr>\n<tr style=\"background-color: #ffffff;\">\n<td style=\"padding: 12px; border-bottom: 1px solid #ddd;\">\u00c9cran intelligent<\/td>\n<td style=\"padding: 12px; border-bottom: 1px solid #ddd;\">Oui ! Affiche la batterie et la capacit\u00e9<\/td>\n<td style=\"padding: 12px; border-bottom: 1px solid #ddd;\">D'habitude pas<\/td>\n<\/tr>\n<tr style=\"background-color: #e9f5ff;\">\n<td style=\"padding: 12px;\">Bobine<\/td>\n<td style=\"padding: 12px;\">Double bobine de maille pour des nuages lisses<\/td>\n<td style=\"padding: 12px;\">Souvent une bobine plus simple<\/td>\n<\/tr>\n<\/tbody>\n<\/table>\n<h3 style=\"color: #ff9e00; margin-top: 30px;\">\ud83e\udd14 Des questions ? Nous avons les r\u00e9ponses !<\/h3>\n<div style=\"background-color: #fff9ec; padding: 20px; border-radius: 15px; border: 2px solid #FFD166;\">\n<h4 style=\"color: #ff9e00; margin-top: 0;\">Combien de temps prend la livraison ?<\/h4>\n<p>R\u00e9ponse : Super rapide ! Nous emballons votre commande en Europe et l'envoyons imm\u00e9diatement. Vous devriez recevoir votre nouvelle vape jetable en seulement 2 \u00e0 7 jours !<\/p>\n<h4 style=\"color: #ff9e00;\">Dois-je acheter beaucoup de choses \u00e0 la fois ?<\/h4>\n<p>\ud83c\udfaf R\u00e9ponse : Non ! Pas du tout ! Il n'y a pas de Quantit\u00e9 Minimale de Commande (pas de MOQ). Vous pouvez acheter une seule cigarette \u00e9lectronique jetable, ou dix, ou cent ! C'est enti\u00e8rement \u00e0 vous de d\u00e9cider.<\/p>\n<h4 style=\"color: #ff9e00;\">Est-ce facile \u00e0 utiliser ?<\/h4>\n<p>C'est aussi facile que de respirer ! \ud83c\udf43 Cette vape jetable est pr\u00eate \u00e0 l'emploi d\u00e8s la sortie de la bo\u00eete. Aucun bouton \u00e0 appuyer (sauf si vous voulez la verrouiller), aucun remplissage, aucun tracas. Il suffit de tirer une bouff\u00e9e et de profiter !<\/p>\n<\/div>\n<div style=\"text-align: center; margin: 40px 0; padding: 25px; background: linear-gradient(135deg, #06D6A0, #118AB2); color: white; border-radius: 20px;\">\n<h3 style=\"color: white;\">Pr\u00eat pour votre aventure dans le cloud ?<\/h3>\n<p>Votre vape jetable parfait vous attend ! Avec des options incroyables, une longue dur\u00e9e de vie et une livraison rapide depuis l'Europe\u2026<\/p>\n<p style=\"font-size: 1.2em;\">Il n'y a aucune raison d'attendre !<br \/>\nVisitez <a href=\"https:\/\/vapexyz.com\/fr\/\"><span style=\"background-color: white; color: #118ab2; padding: 5px 10px; border-radius: 50px;\">VapeXYZ<\/span><\/a> En ce moment, pour acheter votre cigarette \u00e9lectronique jetable Adalya ADL 16000 Puffs !<\/p>\n<p>Nous sommes impatients que vous l'essayiez ! Merci de faire vos achats avec nous !<\/p>\n<\/div>\n<p><img loading=\"lazy\" decoding=\"async\" class=\"aligncenter wp-image-60465 size-full\" src=\"https:\/\/vapexyz.com\/wp-content\/uploads\/2025\/12\/Fast-Shipping-Buy-ADALYA-ADL-16000-16K-Puffs-Disposable-Vape-2-7-Days-Delivery-from-European-Warehouse-No-MOQ-3.webp\" alt=\" Livraison rapide Achetez ADALYA ADL 16000 16K Puffs Vape jetable Livraison en 2-7 jours depuis un entrep\u00f4t europ\u00e9en Pas de quantit\u00e9 minimale de commande\" width=\"713\" height=\"713\" title=\"\" srcset=\"https:\/\/vapexyz.com\/wp-content\/uploads\/2025\/12\/Fast-Shipping-Buy-ADALYA-ADL-16000-16K-Puffs-Disposable-Vape-2-7-Days-Delivery-from-European-Warehouse-No-MOQ-3.webp 713w, https:\/\/vapexyz.com\/wp-content\/uploads\/2025\/12\/Fast-Shipping-Buy-ADALYA-ADL-16000-16K-Puffs-Disposable-Vape-2-7-Days-Delivery-from-European-Warehouse-No-MOQ-3-500x500.webp 500w, https:\/\/vapexyz.com\/wp-content\/uploads\/2025\/12\/Fast-Shipping-Buy-ADALYA-ADL-16000-16K-Puffs-Disposable-Vape-2-7-Days-Delivery-from-European-Warehouse-No-MOQ-3-300x300.webp 300w, https:\/\/vapexyz.com\/wp-content\/uploads\/2025\/12\/Fast-Shipping-Buy-ADALYA-ADL-16000-16K-Puffs-Disposable-Vape-2-7-Days-Delivery-from-European-Warehouse-No-MOQ-3-12x12.webp 12w, https:\/\/vapexyz.com\/wp-content\/uploads\/2025\/12\/Fast-Shipping-Buy-ADALYA-ADL-16000-16K-Puffs-Disposable-Vape-2-7-Days-Delivery-from-European-Warehouse-No-MOQ-3-247x247.webp 247w, https:\/\/vapexyz.com\/wp-content\/uploads\/2025\/12\/Fast-Shipping-Buy-ADALYA-ADL-16000-16K-Puffs-Disposable-Vape-2-7-Days-Delivery-from-European-Warehouse-No-MOQ-3-510x510.webp 510w, https:\/\/vapexyz.com\/wp-content\/uploads\/2025\/12\/Fast-Shipping-Buy-ADALYA-ADL-16000-16K-Puffs-Disposable-Vape-2-7-Days-Delivery-from-European-Warehouse-No-MOQ-3-100x100.webp 100w\" sizes=\"auto, (max-width: 713px) 100vw, 713px\" \/><\/p>\n<\/article>","protected":false},"excerpt":{"rendered":"<div class=\"_9663006\" data-um-id=\"9\">\n<div class=\"d29f3d7d ds-message _63c77b1\">\n<div class=\"fbb737a4\"><span style=\"color: #555555;\">\u00a0Je suis ravi de pr\u00e9senter l'Adalya ADL 16000, une fantastique cigarette \u00e9lectronique jetable avec des performances durables, un \u00e9cran intelligent et une vari\u00e9t\u00e9 d'options rafra\u00eechissantes, disponible pour une exp\u00e9dition rapide depuis notre entrep\u00f4t europ\u00e9en sans commande minimale chez VapeXYZ !<\/span><\/div>\n<\/div>\n<\/div>","protected":false},"featured_media":60460,"comment_status":"open","ping_status":"closed","template":"","meta":{"_lmt_disableupdate":"no","_lmt_disable":""},"product_brand":[],"product_cat":[1096,1000,947,935,934,927,929,928,930,933,939,932,938,931,936,937,1017,949,946,950,1016,951,1099,953,954,820,987],"product_tag":[],"class_list":{"0":"post-60416","1":"product","2":"type-product","3":"status-publish","4":"has-post-thumbnail","6":"product_cat-adalya-disposable-vapes","7":"product_cat-16000-puff-vapes","8":"product_cat-big-puffs-vapes","9":"product_cat-bulk-buy-disposable-vapes-in-austria","10":"product_cat-bulk-buy-disposable-vapes-in-belgium","11":"product_cat-bulk-buy-disposable-vapes-in-europe","12":"product_cat-bulk-buy-disposable-vapes-in-france","13":"product_cat-bulk-buy-disposable-vapes-in-germany","14":"product_cat-bulk-buy-disposable-vapes-in-italy","15":"product_cat-bulk-buy-disposable-vapes-in-netherlands","16":"product_cat-bulk-buy-disposable-vapes-in-norway","17":"product_cat-bulk-buy-disposable-vapes-in-poland","18":"product_cat-bulk-buy-disposable-vapes-in-portugal","19":"product_cat-bulk-buy-disposable-vapes-in-spain","20":"product_cat-bulk-buy-disposable-vapes-in-sweden","21":"product_cat-bulk-buy-disposable-vapes-in-switzerland","22":"product_cat-buy-best-disposable-vape-flavors","23":"product_cat-digital-box-vapes","24":"product_cat-disposable-vapes-series","25":"product_cat-dual-mesh-vapes","26":"product_cat-european-vape-warehouse","27":"product_cat-lower-nicotine-vapes","28":"product_cat-purchase-disposable-vape-no-moq","29":"product_cat-rechargeable-vapes","30":"product_cat-shisha-hookah-vapes","31":"product_cat-vape","32":"product_cat-vape-shop-by-puffs","34":"first","35":"outofstock","36":"shipping-taxable","37":"purchasable","38":"product-type-variable","39":"has-default-attributes"},"jetpack_sharing_enabled":true,"tiered_pricing_type":"fixed","tiered_pricing_fixed_rules":[],"tiered_pricing_product_settings":{"layout":"default","base_unit_name":{"singular":null,"plural":null},"default_variation":null},"tiered_pricing_minimum_quantity":null,"tiered_pricing_roles_data":[],"tiered_pricing_percentage_rules":[],"tiered_pricing_maximum_quantity":null,"tiered_pricing_quantity_step":null,"_links":{"self":[{"href":"https:\/\/vapexyz.com\/fr\/wp-json\/wp\/v2\/product\/60416","targetHints":{"allow":["GET"]}}],"collection":[{"href":"https:\/\/vapexyz.com\/fr\/wp-json\/wp\/v2\/product"}],"about":[{"href":"https:\/\/vapexyz.com\/fr\/wp-json\/wp\/v2\/types\/product"}],"replies":[{"embeddable":true,"href":"https:\/\/vapexyz.com\/fr\/wp-json\/wp\/v2\/comments?post=60416"}],"wp:featuredmedia":[{"embeddable":true,"href":"https:\/\/vapexyz.com\/fr\/wp-json\/wp\/v2\/media\/60460"}],"wp:attachment":[{"href":"https:\/\/vapexyz.com\/fr\/wp-json\/wp\/v2\/media?parent=60416"}],"wp:term":[{"taxonomy":"product_brand","embeddable":true,"href":"https:\/\/vapexyz.com\/fr\/wp-json\/wp\/v2\/product_brand?post=60416"},{"taxonomy":"product_cat","embeddable":true,"href":"https:\/\/vapexyz.com\/fr\/wp-json\/wp\/v2\/product_cat?post=60416"},{"taxonomy":"product_tag","embeddable":true,"href":"https:\/\/vapexyz.com\/fr\/wp-json\/wp\/v2\/product_tag?post=60416"}],"curies":[{"name":"wp","href":"https:\/\/api.w.org\/{rel}","templated":true}]}}