{"id":60021,"date":"2025-12-02T08:58:28","date_gmt":"2025-12-02T08:58:28","guid":{"rendered":"https:\/\/vapexyz.com\/?post_type=product&#038;p=60021"},"modified":"2026-03-05T03:54:48","modified_gmt":"2026-03-05T03:54:48","slug":"barre-razz-60k-60000-bouffees-vape-crystal-rechargeable-achat-en-gros-bulk-mesh-coil-entrepot-europeen","status":"publish","type":"product","link":"https:\/\/vapexyz.com\/fr\/product\/razz-bar-60k-60000-puffs-crystal-vape-rechargeable-wholesale-bulk-buy-mesh-coil-european-warehouse\/","title":{"rendered":"BAR RAZZ 60K 60000 bouff\u00e9es Vape Cristal Rechargeable Achat en Gros Bulk Mesh Coil Entrep\u00f4t Europ\u00e9en"},"content":{"rendered":"<article>\n<h2 style=\"font-size: 24px; color: #333; margin-bottom: 20px;\">\ud83c\udf08<a href=\"https:\/\/vapexyz.com\/fr\/categorie-de-produit\/vapes-jetables-razz-bar\/\"> RAZZ BAR<\/a> Guide en gros de vapes jetables 60k Crystal<\/h2>\n<p>Salut ! \ud83d\ude0a Bienvenue dans notre guide super amusant sur les incroyables vapes jetables RAZZ BAR 60k Crystal ! Ceux-ci sont parfaits pour quiconque aime les vapes jetables color\u00e9s et faciles \u00e0 utiliser qui durent super longtemps. Nous sommes VapeXYZ, votre plateforme en ligne de r\u00e9f\u00e9rence en Europe pour les vapes jetables en gros. Allons-y !<\/p>\n<h3 style=\"color: #6a5acd; border-left: 5px solid #9370DB; padding-left: 10px;\">\u2728 Qu'est-ce qui rend RAZZ BAR 60k Crystal si sp\u00e9cial ?<\/h3>\n<p>Ces vapes jetables sont comme un pot de bonbons magique \ud83c\udf6c\u2014lumineux, brillant et plein de surprises ! Elles sont con\u00e7ues pour vous offrir jusqu'\u00e0 60 000 bouff\u00e9es, ce qui signifie qu'elles vous garderont heureux pendant des \u00e2ges. Avec une batterie rechargeable et une bobine en maille, chaque bouff\u00e9e est lisse et constante. De plus, elles sont disponibles en 16 options distinctes qui vous feront vivre une exp\u00e9rience incroyable !<\/p>\n<h3 style=\"color: #ffa500; border-left: 5px solid #FFD700; padding-left: 10px;\">\ud83c\udf1f Caract\u00e9ristiques cl\u00e9s des vapes jetables RAZZ BAR 60k<\/h3>\n<ul style=\"list-style-type: none; padding: 0;\">\n<li style=\"margin-bottom: 8px;\">\u2705 <span style=\"color: #ff69b4;\">Amusement durable<\/span>: Jusqu'\u00e0 60 000 bouff\u00e9es ! C'est comme une f\u00eate sans fin !<\/li>\n<li style=\"margin-bottom: 8px;\">\u2705 <span style=\"color: #ff69b4;\">Puissance Rechargeable<\/span>: Une batterie de 650mAh avec charge Type-C, vous pouvez donc la charger rapidement.<\/li>\n<li style=\"margin-bottom: 8px;\">\u2705 <span style=\"color: #ff69b4;\">Douces Bouff\u00e9es<\/span>: Gr\u00e2ce \u00e0 la bobine en maille, chaque respiration se sent douce et r\u00e9guli\u00e8re.<\/li>\n<li style=\"margin-bottom: 8px;\">\u2705 <span style=\"color: #ff69b4;\">Respectueux du vrac<\/span>Chaque carton contient 200 pi\u00e8ces, pesant 25,2 kg - parfait pour les grosses commandes !<\/li>\n<li style=\"margin-bottom: 8px;\">\u2705 <span style=\"color: #ff69b4;\">16 Options Distinctes<\/span>: Des fruit\u00e9es aux sucr\u00e9es, il y a quelque chose pour tout le monde.<\/li>\n<\/ul>\n<h3 style=\"color: #32cd32; border-left: 5px solid #90EE90; padding-left: 10px;\">\ud83c\udf4e Liste des options distinctes (Toutes les 16 options !)<\/h3>\n<p>D\u00e9couvrez ces options excitantes, r\u00e9pertori\u00e9es dans l'ordre. Chacune est une petite explosion de bonheur !<\/p>\n<div style=\"background: #F0F8FF; padding: 15px; border-radius: 10px; border: 2px dashed #ADD8E6;\">\n<p>Fraise Banane<\/p>\n<p>P\u00eache Glace<\/p>\n<p>Coco Loco<\/p>\n<p>Myrtilles Framboise Acide<\/p>\n<p>Barbe \u00e0 papa<\/p>\n<p>Ourson gommeux<\/p>\n<p>Myrtilles Past\u00e8que<\/p>\n<p>Citron P\u00eache Fruit de la Passion<\/p>\n<p>Dragon Fruit Fraise de Glace Noire \ud83d\udda4\u2744\ufe0f\ud83d\udc09\ud83c\udf53<\/p>\n<p>Baies m\u00e9lang\u00e9es<\/p>\n<p>Amour 66<\/p>\n<p>Fraise Kiwi<\/p>\n<p>Fruits tropicaux \ud83c\udf4d\ud83e\udd6d\ud83c\udf3a<\/p>\n<p>Coca-Cola \u00e0 la vanille et \u00e0 la fraise<\/p>\n<p>Citron Citron vert<\/p>\n<p>R\u00eave d'\u00e9t\u00e9<\/p>\n<\/div>\n<h3 style=\"color: #ff4500; border-left: 5px solid #FF6347; padding-left: 10px;\">\ud83d\udcca Tableau de comparaison rapide : RAZZ BAR 60k vs. Autres<\/h3>\n<table style=\"width: 100%; border-collapse: collapse; background: #FFF5EE; border-radius: 10px; overflow: hidden;\">\n<tbody>\n<tr style=\"background: #FFB6C1;\">\n<th style=\"padding: 12px; text-align: left; border: 1px solid #FF69B4;\">Fonctionnalit\u00e9<\/th>\n<th style=\"padding: 12px; text-align: left; border: 1px solid #FF69B4;\">RAZZ BAR 60k<\/th>\n<th style=\"padding: 12px; text-align: left; border: 1px solid #FF69B4;\">Autres vapes jetables<\/th>\n<\/tr>\n<tr style=\"background: #FFF0F5;\">\n<td style=\"padding: 12px; border: 1px solid #FFB6C1;\">Nombre total de bouff\u00e9es<\/td>\n<td style=\"padding: 12px; border: 1px solid #FFB6C1;\">Jusqu'\u00e0 60 000<\/td>\n<td style=\"padding: 12px; border: 1px solid #FFB6C1;\">Habituellement moins, comme 5 000-10 000<\/td>\n<\/tr>\n<tr style=\"background: #FFF0F5;\">\n<td style=\"padding: 12px; border: 1px solid #FFB6C1;\">Batterie<\/td>\n<td style=\"padding: 12px; border: 1px solid #FFB6C1;\">650mAh, rechargeable \ud83d\udd0b \n650mAh, rechargeable<\/td>\n<td style=\"padding: 12px; border: 1px solid #FFB6C1;\">Often non-rechargeable<\/td>\n<\/tr>\n<tr style=\"background: #FFF0F5;\">\n<td style=\"padding: 12px; border: 1px solid #FFB6C1;\">Options disponibles<\/td>\n<td style=\"padding: 12px; border: 1px solid #FFB6C1;\">16 choix distincts<\/td>\n<td style=\"padding: 12px; border: 1px solid #FFB6C1;\">Moins d'options, peut-\u00eatre 5-10<\/td>\n<\/tr>\n<tr style=\"background: #FFF0F5;\">\n<td style=\"padding: 12px; border: 1px solid #FFB6C1;\">Commandes en vrac<\/td>\n<td style=\"padding: 12px; border: 1px solid #FFB6C1;\">200 par carton, id\u00e9al pour le gros<\/td>\n<td style=\"padding: 12px; border: 1px solid #FFB6C1;\">Petits paquets<\/td>\n<\/tr>\n<\/tbody>\n<\/table>\n<h3 style=\"color: #8a2be2; border-left: 5px solid #DA70D6; padding-left: 10px;\">\u2753 Foire aux questions amusantes sur les Vapes jetables RAZZ BAR 60k<\/h3>\n<div style=\"background: #E6E6FA; padding: 15px; border-radius: 10px; border: 2px solid #DDA0DD;\">\n<p>Q: Combien de temps dure une RAZZ BAR 60k vape jetable ?<br \/>\nA : Avec jusqu'\u00e0 60 000 bouff\u00e9es, cela peut durer des semaines voire des mois, selon votre utilisation ! C'est comme un ami de confiance qui ne vous quitte jamais.<\/p>\n<p>Q: Puis-je recharger ce vaporisateur jetable ?<br \/>\nA : Oui ! Il dispose d'une batterie de 650mAh et utilise une charge de type C, vous pouvez donc le recharger rapidement et facilement. Aucune inqui\u00e9tude \u00e0 avoir concernant la fin de l'amusement !<\/p>\n<p>Y a-t-il beaucoup d'options parmi lesquelles choisir ?<br \/>\nAbsolument ! Il y a 16 options excitantes, des m\u00e9langes fruit\u00e9s aux douceurs sucr\u00e9es. Vous ne vous ennuierez jamais !<\/p>\n<p>O\u00f9 puis-je acheter ces produits en gros ?<br \/>\nA : Juste ici chez VapeXYZ ! Nous sommes votre principale plateforme en ligne en Europe pour les vapes jetables en gros. Il suffit de visiter notre site Web pour passer votre commande.<\/p>\n<\/div>\n<h3 style=\"color: #ff69b4; border-left: 5px solid #FF1493; padding-left: 10px;\">\ud83c\udf89 Pourquoi acheter chez <a href=\"https:\/\/vapexyz.com\/fr\/\">VapeXYZ<\/a>?<\/h3>\n<p>Chez VapeXYZ, nous rendons l'achat de vapes jetables facile et amusant ! Nous proposons de grands prix pour les commandes en gros, une exp\u00e9dition rapide \u00e0 travers l'Europe, et un service super convivial. Que vous commenciez une entreprise ou que vous aimiez simplement les partager avec des amis, nous avons votre dos. \ud83d\ude0a Rendez-vous sur notre site Web aujourd'hui pour saisir vos vapes jetables RAZZ BAR 60k Crystal - partageons la joie ensemble !<\/p>\n<p style=\"text-align: center; font-size: 1.2em; color: #ff6b88; margin-top: 20px;\">Merci de lire, et nous sommes impatients de vous aider avec vos besoins en vapes jetables !<\/p>\n<\/article>\n<p><strong><img loading=\"lazy\" decoding=\"async\" class=\"aligncenter wp-image-60064 size-large\" src=\"https:\/\/vapexyz.com\/wp-content\/uploads\/2025\/11\/RAZZ-BAR-60k-60000-Puffs-Crystal-Vape-Wholesale-Bulk-Buy-Orders-Mesh-Coil-1-777x1024.webp\" alt=\"BAR RAZZ 60k 60000 bouff\u00e9es Vape Cristal Achat en gros Commandes en vrac Bobine \u00e0 maille \" width=\"777\" height=\"1024\" title=\"\" srcset=\"https:\/\/vapexyz.com\/wp-content\/uploads\/2025\/11\/RAZZ-BAR-60k-60000-Puffs-Crystal-Vape-Wholesale-Bulk-Buy-Orders-Mesh-Coil-1-777x1024.webp 777w, https:\/\/vapexyz.com\/wp-content\/uploads\/2025\/11\/RAZZ-BAR-60k-60000-Puffs-Crystal-Vape-Wholesale-Bulk-Buy-Orders-Mesh-Coil-1-scaled-510x672.webp 510w, https:\/\/vapexyz.com\/wp-content\/uploads\/2025\/11\/RAZZ-BAR-60k-60000-Puffs-Crystal-Vape-Wholesale-Bulk-Buy-Orders-Mesh-Coil-1-379x500.webp 379w, https:\/\/vapexyz.com\/wp-content\/uploads\/2025\/11\/RAZZ-BAR-60k-60000-Puffs-Crystal-Vape-Wholesale-Bulk-Buy-Orders-Mesh-Coil-1-768x1012.webp 768w, https:\/\/vapexyz.com\/wp-content\/uploads\/2025\/11\/RAZZ-BAR-60k-60000-Puffs-Crystal-Vape-Wholesale-Bulk-Buy-Orders-Mesh-Coil-1-1165x1536.webp 1165w, https:\/\/vapexyz.com\/wp-content\/uploads\/2025\/11\/RAZZ-BAR-60k-60000-Puffs-Crystal-Vape-Wholesale-Bulk-Buy-Orders-Mesh-Coil-1-1554x2048.webp 1554w, https:\/\/vapexyz.com\/wp-content\/uploads\/2025\/11\/RAZZ-BAR-60k-60000-Puffs-Crystal-Vape-Wholesale-Bulk-Buy-Orders-Mesh-Coil-1-9x12.webp 9w, https:\/\/vapexyz.com\/wp-content\/uploads\/2025\/11\/RAZZ-BAR-60k-60000-Puffs-Crystal-Vape-Wholesale-Bulk-Buy-Orders-Mesh-Coil-1-scaled.webp 1942w\" sizes=\"auto, (max-width: 777px) 100vw, 777px\" \/><\/strong><\/p>","protected":false},"excerpt":{"rendered":"<p><span class=\"ng-star-inserted\">Ce guide color\u00e9 et amusant explique pourquoi les vapes jetables RAZZ BAR 60k avec leur longue dur\u00e9e de vie et leurs nombreuses\u00a0<\/span><span class=\"ng-star-inserted\">excitant<\/span><span class=\"ng-star-inserted\"> Les options sont parfaites pour la vente en gros, vous invitant \u00e0 les acheter sur notre site Web, VapeXYZ.<\/span><\/p>","protected":false},"featured_media":60063,"comment_status":"open","ping_status":"closed","template":"","meta":{"_lmt_disableupdate":"no","_lmt_disable":""},"product_brand":[],"product_cat":[1077,1072,947,935,934,927,929,928,930,933,939,932,938,931,936,937,1017,948,946,950,1016,951,953,954,987],"product_tag":[],"class_list":{"0":"post-60021","1":"product","2":"type-product","3":"status-publish","4":"has-post-thumbnail","6":"product_cat-razz-bar-disposable-vapes","7":"product_cat-60000-puff-vapes","8":"product_cat-big-puffs-vapes","9":"product_cat-bulk-buy-disposable-vapes-in-austria","10":"product_cat-bulk-buy-disposable-vapes-in-belgium","11":"product_cat-bulk-buy-disposable-vapes-in-europe","12":"product_cat-bulk-buy-disposable-vapes-in-france","13":"product_cat-bulk-buy-disposable-vapes-in-germany","14":"product_cat-bulk-buy-disposable-vapes-in-italy","15":"product_cat-bulk-buy-disposable-vapes-in-netherlands","16":"product_cat-bulk-buy-disposable-vapes-in-norway","17":"product_cat-bulk-buy-disposable-vapes-in-poland","18":"product_cat-bulk-buy-disposable-vapes-in-portugal","19":"product_cat-bulk-buy-disposable-vapes-in-spain","20":"product_cat-bulk-buy-disposable-vapes-in-sweden","21":"product_cat-bulk-buy-disposable-vapes-in-switzerland","22":"product_cat-buy-best-disposable-vape-flavors","23":"product_cat-crystal-vapes","24":"product_cat-disposable-vapes-series","25":"product_cat-dual-mesh-vapes","26":"product_cat-european-vape-warehouse","27":"product_cat-lower-nicotine-vapes","28":"product_cat-rechargeable-vapes","29":"product_cat-shisha-hookah-vapes","30":"product_cat-vape-shop-by-puffs","32":"first","33":"outofstock","34":"shipping-taxable","35":"purchasable","36":"product-type-variable","37":"has-default-attributes"},"jetpack_sharing_enabled":true,"tiered_pricing_type":"fixed","tiered_pricing_fixed_rules":[],"tiered_pricing_product_settings":{"layout":"default","base_unit_name":{"singular":null,"plural":null},"default_variation":null},"tiered_pricing_minimum_quantity":null,"tiered_pricing_roles_data":[],"tiered_pricing_percentage_rules":[],"tiered_pricing_maximum_quantity":null,"tiered_pricing_quantity_step":null,"_links":{"self":[{"href":"https:\/\/vapexyz.com\/fr\/wp-json\/wp\/v2\/product\/60021","targetHints":{"allow":["GET"]}}],"collection":[{"href":"https:\/\/vapexyz.com\/fr\/wp-json\/wp\/v2\/product"}],"about":[{"href":"https:\/\/vapexyz.com\/fr\/wp-json\/wp\/v2\/types\/product"}],"replies":[{"embeddable":true,"href":"https:\/\/vapexyz.com\/fr\/wp-json\/wp\/v2\/comments?post=60021"}],"wp:featuredmedia":[{"embeddable":true,"href":"https:\/\/vapexyz.com\/fr\/wp-json\/wp\/v2\/media\/60063"}],"wp:attachment":[{"href":"https:\/\/vapexyz.com\/fr\/wp-json\/wp\/v2\/media?parent=60021"}],"wp:term":[{"taxonomy":"product_brand","embeddable":true,"href":"https:\/\/vapexyz.com\/fr\/wp-json\/wp\/v2\/product_brand?post=60021"},{"taxonomy":"product_cat","embeddable":true,"href":"https:\/\/vapexyz.com\/fr\/wp-json\/wp\/v2\/product_cat?post=60021"},{"taxonomy":"product_tag","embeddable":true,"href":"https:\/\/vapexyz.com\/fr\/wp-json\/wp\/v2\/product_tag?post=60021"}],"curies":[{"name":"wp","href":"https:\/\/api.w.org\/{rel}","templated":true}]}}