{"id":16921,"date":"2024-03-09T09:51:47","date_gmt":"2024-03-09T09:51:47","guid":{"rendered":"https:\/\/vapexyz.com\/product\/bang-tornado-12000-puffs-0-2-3-5-nicotine-rechargeable-disposable-pod\/"},"modified":"2026-02-07T03:53:57","modified_gmt":"2026-02-07T03:53:57","slug":"bang-tornado-12000-bouffees-0-2-3-5-nicotine-vape-jetable-rechargeable-en-gros","status":"publish","type":"product","link":"https:\/\/vapexyz.com\/fr\/product\/bang-tornado-12000-puffs-0-2-3-5-nicotine-rechargeable-disposable-vape-wholesale\/","title":{"rendered":"BANG TORNADO 12000 Puffs Vape Jetable"},"content":{"rendered":"<article>\n<h2>Actualit\u00e9s de mise \u00e0 niveau excitantes : De BANG TORNADO 12000 bouff\u00e9es \u00e0 <a href=\"https:\/\/vapexyz.com\/fr\/produit\/bang-box-20000-bouffees-de-vape-0-2-3-5-nicotine-rechargeable-en-vrac-acheter-vape-jetable-en-gros\/\">BO\u00ceTE BANG 20000 bouff\u00e9es<\/a>!<\/h2>\n<p>Bonjour les amis de la vape ! Nous avons des nouvelles merveilleuses \u00e0 propos de notre BANG TORNADO 12000 Puffs. C'\u00e9tait comme ce v\u00e9lo fid\u00e8le qui vous a emmen\u00e9 sur de nombreuses aventures ! \ud83d\udeb2 Mais parfois, nous d\u00e9couvrons une voiture qui peut nous emmener encore plus loin !<\/p>\n<p>Permettez-nous de vous pr\u00e9senter la incroyable BANG BOX 20000 Puffs ! C'est comme si votre jouet pr\u00e9f\u00e9r\u00e9 avait appris des tours de magie et \u00e9tait devenu encore plus amusant !<\/p>\n<h3>Votre aventure de vapotage vient de prendre une ampleur incroyable !<\/h3>\n<p>Imaginez votre personnage de jeu vid\u00e9o pr\u00e9f\u00e9r\u00e9 trouvant un power-up secret qui lui donne des vies suppl\u00e9mentaires et une super vitesse ! C'est ce que cela fait de passer \u00e0 BANG BOX !<\/p>\n<div style=\"background-color: #e6f7ff;border-radius: 12px;padding: 18px;margin: 20px 0;border-left: 5px solid #1890ff\">\n<h4 style=\"margin-top: 0;color: #0050b3;text-align: center\">Pourquoi BANG BOX vous rendra super heureux :<\/h4>\n<ul style=\"color: #003a8c\">\n<li>8 000 bouff\u00e9es suppl\u00e9mentaires \u2013 20 000 au lieu de 12 000 !<\/li>\n<li>Les m\u00eames excellents choix de nicotine : 0%, 2%, 3% ou 5%<\/li>\n<li>Tr\u00e8s facile \u00e0 utiliser - Aucun chargement n\u00e9cessaire !<\/li>\n<li>Parfait pour les magasins et les grossistes !<\/li>\n<li>De nouvelles saveurs excitantes \u00e0 essayer !<\/li>\n<\/ul>\n<\/div>\n<h3>Comparons Nos Deux Amis !<\/h3>\n<table style=\"width: 100%;border-collapse: collapse;background: #fafafa;border-radius: 8px;overflow: hidden;font-size: 16px\">\n<tbody>\n<tr style=\"background-color: #1890ff;color: white\">\n<th style=\"padding: 14px;text-align: left\">Caract\u00e9ristiques<\/th>\n<th style=\"padding: 14px;text-align: left\">BANG TORNADO 12000<\/th>\n<th style=\"padding: 14px;text-align: left\">BANG BOX 20000<\/th>\n<\/tr>\n<tr style=\"border-bottom: 1px solid #e0e0e0\">\n<td style=\"padding: 14px;background-color: #f5f5f5\">Nombre total de bouff\u00e9es<\/td>\n<td style=\"padding: 14px\">12 000 bouff\u00e9es<\/td>\n<td style=\"padding: 14px;color: #1890ff\">20 000 bouff\u00e9es<\/td>\n<\/tr>\n<tr style=\"border-bottom: 1px solid #e0e0e0\">\n<td style=\"padding: 14px;background-color: #f5f5f5\">Batterie<\/td>\n<td style=\"padding: 14px\">Doit \u00eatre recharg\u00e9<\/td>\n<td style=\"padding: 14px;color: #1890ff\">Aucune charge n\u00e9cessaire<\/td>\n<\/tr>\n<tr style=\"border-bottom: 1px solid #e0e0e0\">\n<td style=\"padding: 14px;background-color: #f5f5f5\">Commodit\u00e9<\/td>\n<td style=\"padding: 14px\">Bien<\/td>\n<td style=\"padding: 14px;color: #1890ff\">Tr\u00e8s facile<\/td>\n<\/tr>\n<tr style=\"border-bottom: 1px solid #e0e0e0\">\n<td style=\"padding: 14px;background-color: #f5f5f5\">Vari\u00e9t\u00e9 de saveur<\/td>\n<td style=\"padding: 14px\">12 saveurs<\/td>\n<td style=\"padding: 14px;color: #1890ff\">12+ nouvelles saveurs<\/td>\n<\/tr>\n<tr>\n<td style=\"padding: 14px;background-color: #f5f5f5\">Value<\/td>\n<td style=\"padding: 14px\">Nice<\/td>\n<td style=\"padding: 14px;color: #1890ff\">Incroyable<\/td>\n<\/tr>\n<\/tbody>\n<\/table>\n<h3>Les Merveilleux Avantages de BANG BOX !<\/h3>\n<div style=\"background-color: #f6ffed;border-radius: 10px;padding: 20px;margin: 20px 0;border: 2px solid #52c41a\">\n<h4 style=\"color: #389e0d;margin-top: 0;text-align: center\">Pourquoi vous adorerez la grande mise \u00e0 niveau :<\/h4>\n<div style=\"align-items: center;margin: 12px 0;padding: 10px;background: white;border-radius: 8px\">\n<p><span style=\"font-size: 28px;margin-right: 12px\">\u2795<\/span><\/p>\n<div><span style=\"color: #135200\">Des bouff\u00e9es suppl\u00e9mentaires \u00e0 gogo : 8 000 bouff\u00e9es suppl\u00e9mentaires signifient un plaisir de vapotage beaucoup plus long ! Comme obtenir des niveaux bonus dans votre jeu pr\u00e9f\u00e9r\u00e9 !<\/span><\/div>\n<\/div>\n<div style=\"align-items: center;margin: 12px 0;padding: 10px;background: white;border-radius: 8px\">\n<p><span style=\"font-size: 28px;margin-right: 12px\">\u26a1<\/span><\/p>\n<div><span style=\"color: #135200\">Pas de souci de recharge : Pr\u00eat \u00e0 l'emploi d\u00e8s la sortie de la bo\u00eete ! Comme avoir du temps de jeu instantan\u00e9 sans attendre !<\/span><\/div>\n<\/div>\n<div style=\"align-items: center;margin: 12px 0;padding: 10px;background: white;border-radius: 8px\">\n<p><span style=\"font-size: 28px;margin-right: 12px\">\ud83c\udf4c<\/span><\/p>\n<div><span style=\"color: #135200\">Nouvelles d\u00e9couvertes de saveurs : Des saveurs excitantes comme Banana Ice et Raspberry Watermelon ! C'est comme trouver de nouveaux bonbons pr\u00e9f\u00e9r\u00e9s !<\/span><\/div>\n<\/div>\n<\/div>\n<h3>Questions que vous pourriez avoir<\/h3>\n<div style=\"background-color: #fff7e6;border-radius: 10px;padding: 18px;margin: 20px 0\">\n<div style=\"margin-bottom: 16px;padding-bottom: 16px;border-bottom: 1px solid #ffd591\">\n<p style=\"color: #d46b08;margin-bottom: 6px;font-size: 17px\">Vais-je manquer mes saveurs TORNADO ?<\/p>\n<p style=\"margin-top: 0;color: #873800\">Beaucoup de vos favoris sont encore ici ! De plus, nous avons ajout\u00e9 de nouveaux incroyables comme M. Blue et Grape Ice ! C'est comme d\u00e9couvrir de nouvelles saveurs de glace !<\/p>\n<\/div>\n<div style=\"margin-bottom: 16px;padding-bottom: 16px;border-bottom: 1px solid #ffd591\">\n<p style=\"color: #d46b08;margin-bottom: 6px;font-size: 17px\">Est-ce que la non-charge est vraiment meilleure ?<\/p>\n<p style=\"margin-top: 0;color: #873800\">Absolument ! C'est comme avoir un jouet qui est toujours pr\u00eat \u00e0 jouer ! Plus de temps d'attente pour que les piles se rechargent !<\/p>\n<\/div>\n<div>\n<p style=\"color: #d46b08;margin-bottom: 6px;font-size: 17px\">Combien de temps 20 000 bouff\u00e9es dureront-elles encore ?<\/p>\n<p style=\"margin-top: 0;color: #873800\">Beaucoup plus long ! C'est comme lire un grand livre d'aventure au lieu d'une nouvelle ! Plus amusant pour tout le monde !<\/p>\n<\/div>\n<\/div>\n<div style=\"background-color: #1890ff;color: white;padding: 22px;border-radius: 15px;text-align: center;margin: 25px 0\">\n<h3 style=\"margin-top: 0;font-size: 22px\">Pr\u00eat pour votre super mise \u00e0 niveau ?<\/h3>\n<p style=\"font-size: 18px;margin-bottom: 12px\">Ce n'est pas au revoir \u00e0 TORNADO - c'est bonjour \u00e0 l'exp\u00e9rience de vapotage la plus incroyable avec BANG BOX !<\/p>\n<p style=\"font-size: 19px\">8 000 puffs suppl\u00e9mentaires, pas besoin de recharger, des saveurs excitantes - votre vape parfaite est devenue une superstar !<\/p>\n<\/div>\n<\/article>","protected":false},"excerpt":{"rendered":"<div class=\"custom-product\" style=\"border: 1px solid #eee; text-align: center; max-width: 100%; margin: 0 auto; font-family: Arial, sans-serif; box-sizing: border-box;\">\n        <!-- Product image - full width -->\n        <a href=\"https:\/\/vapexyz.com\/fr\/product\/bang-box-20000-puffs-vape-0-2-3-5-nicotine-rechargeable-bulk-buy-disposable-vape-wholesale\/\" style=\"display: block; margin-bottom: 15px;\">\n            <img decoding=\"async\" src=\"https:\/\/vapexyz.com\/wp-content\/uploads\/2024\/05\/bang-box-20000-puffs-17.webp\" alt=\"BO\u00ceTE BANG 20 000 bouff\u00e9es 20K Vape Rechargeable Achat en gros Vape jetable en gros\" style=\"width: 100%; height: auto; display: block;\">        <\/a>\n        \n        <!-- Product name -->\n        <h3 style=\"margin: 10px 0; font-size: 1.2em; line-height: 1.4; color: #333;\">\n            BO\u00ceTE BANG 20 000 bouff\u00e9es 20K Vape Rechargeable Achat en gros Vape jetable en gros        <\/h3>\n        \n        <!-- Product price -->\n        <div class=\"price\" style=\"color: #ff0000; font-weight: bold; font-size: 1.4em; margin: 10px 0;\">\n            \t\t<span class=\"tiered-pricing-dynamic-price-wrapper tiered-pricing-dynamic-price-wrapper--variable\"\n\t\t\t  data-display-context=\"shop-loop\"\n\t\t\t  data-price-type=\"dynamic\"\n\t\t\t  data-product-id=\"22807\"\n\t\t\t  data-parent-id=\"22807\">\n\t\t\t<span class=\"woocommerce-Price-amount amount\"><bdi><span class=\"woocommerce-Price-currencySymbol\">\u20ac<\/span>5.50<\/bdi><\/span><\/span>        <\/div>\n        \n        <!-- Product rating -->\n        <div class=\"rating\" style=\"margin: 15px 0; min-height: 25px;\">\n            <div class=\"star-rating\" role=\"img\" aria-label=\"Not\u00e9 5,00 sur 5\"><span style=\"width:100%\">Not\u00e9 <strong class=\"rating\">5.00<\/strong> sur 5<\/span><\/div>        <\/div>\n        \n        <!-- Buy Now button -->\n        <div class=\"buy-now-button\" style=\"margin-top: 20px;\">\n            <a href=\"https:\/\/vapexyz.com\/fr\/product\/bang-box-20000-puffs-vape-0-2-3-5-nicotine-rechargeable-bulk-buy-disposable-vape-wholesale\/\" \n               class=\"buy-now-btn\" \n               style=\"display: inline-block; background-color: #4CAF50; color: white !important; padding: 12px 24px; text-align: center; text-decoration: none; font-weight: bold; border-radius: 4px; transition: all 0.3s; border: none; cursor: pointer; font-size: 1em;\">\n                Acheter maintenant            <\/a>\n        <\/div>\n    <\/div>","protected":false},"featured_media":16922,"comment_status":"open","ping_status":"closed","template":"","meta":{"_lmt_disableupdate":"no","_lmt_disable":""},"product_brand":[],"product_cat":[1001,1018,821,1019,1020,935,934,927,929,928,930,933,939,932,938,931,936,937,1017,946,1023,1024,1025,1026,951,1029,1032,1033,953,1037,955,987,1038],"product_tag":[],"class_list":{"0":"post-16921","1":"product","2":"type-product","3":"status-publish","4":"has-post-thumbnail","6":"product_cat-12000-puff-vapes","7":"product_cat-apple-flavor-disposable-vapes","8":"product_cat-bang","9":"product_cat-blue-razz-flavor-disposable-vapes","10":"product_cat-blueberry-flavor-disposable-vapes","11":"product_cat-bulk-buy-disposable-vapes-in-austria","12":"product_cat-bulk-buy-disposable-vapes-in-belgium","13":"product_cat-bulk-buy-disposable-vapes-in-europe","14":"product_cat-bulk-buy-disposable-vapes-in-france","15":"product_cat-bulk-buy-disposable-vapes-in-germany","16":"product_cat-bulk-buy-disposable-vapes-in-italy","17":"product_cat-bulk-buy-disposable-vapes-in-netherlands","18":"product_cat-bulk-buy-disposable-vapes-in-norway","19":"product_cat-bulk-buy-disposable-vapes-in-poland","20":"product_cat-bulk-buy-disposable-vapes-in-portugal","21":"product_cat-bulk-buy-disposable-vapes-in-spain","22":"product_cat-bulk-buy-disposable-vapes-in-sweden","23":"product_cat-bulk-buy-disposable-vapes-in-switzerland","24":"product_cat-buy-best-disposable-vape-flavors","25":"product_cat-disposable-vapes-series","26":"product_cat-grape-flavor-disposable-vapes","27":"product_cat-guava-flavor-disposable-vapes","28":"product_cat-ice-flavor-disposable-vapes","29":"product_cat-kiwi-flavor-disposable-vapes","30":"product_cat-lower-nicotine-vapes","31":"product_cat-mango-flavor-disposable-vapes","32":"product_cat-passion-fruit-flavor-disposable-vapes","33":"product_cat-peach-flavor-disposable-vapes","34":"product_cat-rechargeable-vapes","35":"product_cat-strawberry-flavor-disposable-vapes","36":"product_cat-tornado-vapes","37":"product_cat-vape-shop-by-puffs","38":"product_cat-watermelon-flavor-disposable-vapes","40":"first","41":"outofstock","42":"shipping-taxable","43":"product-type-variable","44":"has-default-attributes"},"jetpack_sharing_enabled":true,"tiered_pricing_type":"fixed","tiered_pricing_fixed_rules":[],"tiered_pricing_product_settings":{"layout":"default","base_unit_name":{"singular":null,"plural":null},"default_variation":null},"tiered_pricing_minimum_quantity":null,"tiered_pricing_roles_data":[],"tiered_pricing_percentage_rules":[],"tiered_pricing_maximum_quantity":null,"tiered_pricing_quantity_step":null,"_links":{"self":[{"href":"https:\/\/vapexyz.com\/fr\/wp-json\/wp\/v2\/product\/16921","targetHints":{"allow":["GET"]}}],"collection":[{"href":"https:\/\/vapexyz.com\/fr\/wp-json\/wp\/v2\/product"}],"about":[{"href":"https:\/\/vapexyz.com\/fr\/wp-json\/wp\/v2\/types\/product"}],"replies":[{"embeddable":true,"href":"https:\/\/vapexyz.com\/fr\/wp-json\/wp\/v2\/comments?post=16921"}],"wp:featuredmedia":[{"embeddable":true,"href":"https:\/\/vapexyz.com\/fr\/wp-json\/wp\/v2\/media\/16922"}],"wp:attachment":[{"href":"https:\/\/vapexyz.com\/fr\/wp-json\/wp\/v2\/media?parent=16921"}],"wp:term":[{"taxonomy":"product_brand","embeddable":true,"href":"https:\/\/vapexyz.com\/fr\/wp-json\/wp\/v2\/product_brand?post=16921"},{"taxonomy":"product_cat","embeddable":true,"href":"https:\/\/vapexyz.com\/fr\/wp-json\/wp\/v2\/product_cat?post=16921"},{"taxonomy":"product_tag","embeddable":true,"href":"https:\/\/vapexyz.com\/fr\/wp-json\/wp\/v2\/product_tag?post=16921"}],"curies":[{"name":"wp","href":"https:\/\/api.w.org\/{rel}","templated":true}]}}