{"id":15872,"date":"2024-02-26T09:59:38","date_gmt":"2024-02-26T09:59:38","guid":{"rendered":"https:\/\/vapexyz.com\/?page_id=15872"},"modified":"2025-09-08T07:50:37","modified_gmt":"2025-09-08T07:50:37","slug":"faq-2","status":"publish","type":"page","link":"https:\/\/vapexyz.com\/fr\/faqs\/","title":{"rendered":"FAQ"},"content":{"rendered":"<div class=\"row\"  id=\"row-1932912853\">\n\n\t<div id=\"col-360942371\" class=\"col small-12 large-12\"  >\n\t\t\t\t<div class=\"col-inner\"  >\n\t\t\t\n\t\t\t\n<div class=\"container section-title-container\" ><h3 class=\"section-title section-title-normal\"><b><\/b><span class=\"section-title-main\" >Paiement<\/span><b><\/b><\/h3><\/div>\n<div class=\"accordion\">\n\t<div id=\"accordion-4161892684\" class=\"accordion-item\">\n\t\t<a id=\"accordion-4161892684-label\" class=\"accordion-title plain\" href=\"#accordion-item-what-payment-methods-are-accepted?\" aria-expanded=\"false\" aria-controls=\"accordion-4161892684-content\" >\n\t\t\t<button class=\"toggle\" aria-label=\"Basculer\"><i class=\"icon-angle-down\"><\/i><\/button>\n\t\t\t<span>Quels moyens de paiement sont accept\u00e9s ?<\/span>\n\t\t<\/a>\n\t\t<div id=\"accordion-4161892684-content\" class=\"accordion-inner\" aria-labelledby=\"accordion-4161892684-label\" >\n\t\t\t\n<p>Nous acceptons une vari\u00e9t\u00e9 de m\u00e9thodes de paiement, telles que les cartes de cr\u00e9dit, les cartes de d\u00e9bit, les cryptomonnaies et autres. Vous pouvez voir les options de paiement disponibles sur la page de paiement.<\/p>\n\t\t<\/div>\n\t<\/div>\n\t\n\t<div id=\"accordion-425868787\" class=\"accordion-item\">\n\t\t<a id=\"accordion-425868787-label\" class=\"accordion-title plain\" href=\"#accordion-item-why-my-payment-have-been-declined?\" aria-expanded=\"false\" aria-controls=\"accordion-425868787-content\" >\n\t\t\t<button class=\"toggle\" aria-label=\"Basculer\"><i class=\"icon-angle-down\"><\/i><\/button>\n\t\t\t<span>Pourquoi mon paiement a-t-il \u00e9t\u00e9 refus\u00e9 ?<\/span>\n\t\t<\/a>\n\t\t<div id=\"accordion-425868787-content\" class=\"accordion-inner\" aria-labelledby=\"accordion-425868787-label\" >\n\t\t\t\n<p>Les paiements peuvent \u00eatre refus\u00e9s pour des raisons telles que des informations de carte de cr\u00e9dit inexactes, des fonds insuffisants ou des probl\u00e8mes avec le fournisseur de services de paiement. Pour r\u00e9soudre ce probl\u00e8me, veuillez v\u00e9rifier l&#039;exactitude de vos informations de paiement ou contacter votre fournisseur de paiement pour obtenir de l&#039;aide.<\/p>\n\t\t<\/div>\n\t<\/div>\n\t\n\t<div id=\"accordion-4202035741\" class=\"accordion-item\">\n\t\t<a id=\"accordion-4202035741-label\" class=\"accordion-title plain\" href=\"#accordion-item-do-you-provide-a-cash-on-delivery-(cod)-payment-option?\" aria-expanded=\"false\" aria-controls=\"accordion-4202035741-content\" >\n\t\t\t<button class=\"toggle\" aria-label=\"Basculer\"><i class=\"icon-angle-down\"><\/i><\/button>\n\t\t\t<span>Proposez-vous une option de paiement contre remboursement (COD)\u00a0?<\/span>\n\t\t<\/a>\n\t\t<div id=\"accordion-4202035741-content\" class=\"accordion-inner\" aria-labelledby=\"accordion-4202035741-label\" >\n\t\t\t\n<p>Nous ne proposons pas de paiement \u00e0 la livraison. Vous devez utiliser les m\u00e9thodes de paiement en ligne lors d&#039;un achat.<\/p>\n\t\t<\/div>\n\t<\/div>\n\t\n\t<div id=\"accordion-1572545620\" class=\"accordion-item\">\n\t\t<a id=\"accordion-1572545620-label\" class=\"accordion-title plain\" href=\"#accordion-item-can-i-apply-a-discount-code-or-gift-card-during-checkout?\" aria-expanded=\"false\" aria-controls=\"accordion-1572545620-content\" >\n\t\t\t<button class=\"toggle\" aria-label=\"Basculer\"><i class=\"icon-angle-down\"><\/i><\/button>\n\t\t\t<span>Puis-je appliquer un code de r\u00e9duction ou une carte-cadeau lors du paiement\u00a0?<\/span>\n\t\t<\/a>\n\t\t<div id=\"accordion-1572545620-content\" class=\"accordion-inner\" aria-labelledby=\"accordion-1572545620-label\" >\n\t\t\t\n<p>Oui, vous pouvez saisir un code de r\u00e9duction ou les d\u00e9tails d&#039;une carte-cadeau sur la page de paiement pour b\u00e9n\u00e9ficier de r\u00e9ductions.<\/p>\n\t\t<\/div>\n\t<\/div>\n\t\n\t<div id=\"accordion-287343169\" class=\"accordion-item\">\n\t\t<a id=\"accordion-287343169-label\" class=\"accordion-title plain\" href=\"#accordion-item-is-payment-secure-on-your-website?\" aria-expanded=\"false\" aria-controls=\"accordion-287343169-content\" >\n\t\t\t<button class=\"toggle\" aria-label=\"Basculer\"><i class=\"icon-angle-down\"><\/i><\/button>\n\t\t\t<span>Le paiement est-il s\u00e9curis\u00e9 sur votre site internet ?<\/span>\n\t\t<\/a>\n\t\t<div id=\"accordion-287343169-content\" class=\"accordion-inner\" aria-labelledby=\"accordion-287343169-label\" >\n\t\t\t\n<p>Oui, nous mettons en \u0153uvre diverses mesures de s\u00e9curit\u00e9 telles que la technologie de cryptage et le traitement des paiements conforme \u00e0 la norme PCI. Notre site Web est certifi\u00e9 McAfee SECURE et est reconnu par Google Safe Browsing pour une s\u00e9curit\u00e9 accrue.<\/p>\n\t\t<\/div>\n\t<\/div>\n\t\n\t<div id=\"accordion-314835010\" class=\"accordion-item\">\n\t\t<a id=\"accordion-314835010-label\" class=\"accordion-title plain\" href=\"#accordion-item-how-will-i-know-that-my-payment-was-successful-and-that-my-order-has-been-confirmed?\" aria-expanded=\"false\" aria-controls=\"accordion-314835010-content\" >\n\t\t\t<button class=\"toggle\" aria-label=\"Basculer\"><i class=\"icon-angle-down\"><\/i><\/button>\n\t\t\t<span>Comment saurai-je que mon paiement a r\u00e9ussi et que ma commande a \u00e9t\u00e9 confirm\u00e9e ?<\/span>\n\t\t<\/a>\n\t\t<div id=\"accordion-314835010-content\" class=\"accordion-inner\" aria-labelledby=\"accordion-314835010-label\" >\n\t\t\t\n<p>Vous recevrez un e-mail de confirmation de commande imm\u00e9diatement apr\u00e8s avoir effectu\u00e9 un paiement r\u00e9ussi. Cet e-mail contiendra des informations d\u00e9taill\u00e9es sur votre commande.<\/p>\n\t\t<\/div>\n\t<\/div>\n\t\n\t<div id=\"accordion-1286852507\" class=\"accordion-item\">\n\t\t<a id=\"accordion-1286852507-label\" class=\"accordion-title plain\" href=\"#accordion-item-how-can-i-request-a-refund?\" aria-expanded=\"false\" aria-controls=\"accordion-1286852507-content\" >\n\t\t\t<button class=\"toggle\" aria-label=\"Basculer\"><i class=\"icon-angle-down\"><\/i><\/button>\n\t\t\t<span>Comment puis-je demander un remboursement ?<\/span>\n\t\t<\/a>\n\t\t<div id=\"accordion-1286852507-content\" class=\"accordion-inner\" aria-labelledby=\"accordion-1286852507-label\" >\n\t\t\t\n<p>Si vous avez besoin d&#039;un remboursement, veuillez contacter notre \u00e9quipe de support client avec les d\u00e9tails de votre commande. Nous vous aiderons dans le processus de remboursement conform\u00e9ment \u00e0 notre politique de remboursement.<\/p>\n\t\t<\/div>\n\t<\/div>\n\t\n\t<div id=\"accordion-3066796102\" class=\"accordion-item\">\n\t\t<a id=\"accordion-3066796102-label\" class=\"accordion-title plain\" href=\"#accordion-item-how-can-i-access-my-order-history-after-completing-a-payment?\" aria-expanded=\"false\" aria-controls=\"accordion-3066796102-content\" >\n\t\t\t<button class=\"toggle\" aria-label=\"Basculer\"><i class=\"icon-angle-down\"><\/i><\/button>\n\t\t\t<span>Comment puis-je acc\u00e9der \u00e0 l\u2019historique de mes commandes apr\u00e8s avoir effectu\u00e9 un paiement ?<\/span>\n\t\t<\/a>\n\t\t<div id=\"accordion-3066796102-content\" class=\"accordion-inner\" aria-labelledby=\"accordion-3066796102-label\" >\n\t\t\t\n<p>Pour acc\u00e9der \u00e0 votre historique de commande apr\u00e8s avoir effectu\u00e9 un paiement, connectez-vous \u00e0 votre compte et acc\u00e9dez \u00e0 la page \u00ab Mon Compte \u00bb. Dans la section de l'historique des commandes, vous pouvez consulter les d\u00e9tails de paiement et v\u00e9rifier le statut de vos commandes pr\u00e9c\u00e9dentes.<\/p>\n\t\t<\/div>\n\t<\/div>\n\t\n<\/div>\n\t\t<\/div>\n\t\t\t\t\t<\/div>\n\n\t\n\n\t<div id=\"col-1639019568\" class=\"col large-12\"  >\n\t\t\t\t<div class=\"col-inner\"  >\n\t\t\t\n\t\t\t\n<div class=\"container section-title-container\" ><h3 class=\"section-title section-title-normal\"><b><\/b><span class=\"section-title-main\" >Exp\u00e9dition<\/span><b><\/b><\/h3><\/div>\n<div class=\"accordion\">\n\t<div id=\"accordion-3895663881\" class=\"accordion-item\">\n\t\t<a id=\"accordion-3895663881-label\" class=\"accordion-title plain\" href=\"#accordion-item-what\u2019s-the-shipping-policy?\" aria-expanded=\"false\" aria-controls=\"accordion-3895663881-content\" >\n\t\t\t<button class=\"toggle\" aria-label=\"Basculer\"><i class=\"icon-angle-down\"><\/i><\/button>\n\t\t\t<span>Quelle est la politique d'exp\u00e9dition ?<\/span>\n\t\t<\/a>\n\t\t<div id=\"accordion-3895663881-content\" class=\"accordion-inner\" aria-labelledby=\"accordion-3895663881-label\" >\n\t\t\t\n<p>La livraison gratuite est disponible pour les commandes aux \u00c9tats-Unis et en Australie. Pour certains pays, nous proposons la m\u00e9thode DDP (Delivery Duty Paid), \u00e9liminant ainsi le besoin de d\u00e9douanement et de droits de votre part.<\/p>\n<p>M\u00e9thodes de livraison:<\/p>\n<p>\u00c9tats-Unis\u00a0: UPS Express (hors Alaska et Hawa\u00ef)<br \/>\nRoyaume-Uni\u00a0: DPD Express local<br \/>\nEurope\u00a0:\u00a0UPS Express\/DPD Express\/DHL Express<br \/>\nPays europ\u00e9ens \u00e9ligibles \u00e0 la m\u00e9thode DDP\u00a0: Allemagne, Belgique, Luxembourg, Pays-Bas, R\u00e9publique tch\u00e8que, Pologne, Croatie, Slovaquie, Slov\u00e9nie, Finlande, Danemark, Su\u00e8de, Autriche, France, Italie, Hongrie, Bulgarie, Lituanie, Estonie, Lettonie, Gr\u00e8ce, Irlande, Portugal, Espagne.<br \/>\nRemarque\u00a0: les exp\u00e9ditions vers les pays europ\u00e9ens, \u00e0 l&#039;exclusion du Royaume-Uni, seront d\u00e9douan\u00e9es en Allemagne, puis exp\u00e9di\u00e9es vers d&#039;autres destinations europ\u00e9ennes \u00e0 partir de l\u00e0.<\/p>\n<p>Nous proposons \u00e9galement la livraison vers :<\/p>\n<p>\u00c9mirats arabes unis (Duba\u00ef uniquement)<br \/>\nAfrique du Sud<br \/>\nVi\u00eat Nam<br \/>\nMalaisie occidentale (\u00e0 l&#039;exclusion de l&#039;\u00eele de Kalimantan)<br \/>\nPays\tM\u00e9thode d'exp\u00e9dition\tTemps d'exp\u00e9dition<br \/>\n\u00c9tats-Unis\tLivraison au sol UPS locale\t10~15 jours<br \/>\nRoyaume-Uni    DPD Express local    7~12 jours<br \/>\nAllemagne\tUPS\/DPD\/DHL Allemagne\t8~15 Jours<br \/>\nFrance\tUPS\/DPD\/DHL Allemagne\t10~15 Jours<br \/>\nBelgique\tUPS\/DPD\/DHL Allemagne\t10~15 Jours<br \/>\nLuxembourg\tUPS\/DPD\/DHL Allemagne\t10~15 Jours<br \/>\nPays-Bas\tUPS\/DPD\/DHL Allemagne\t10~15 Jours<br \/>\nR\u00e9publique tch\u00e8que\tUPS\/DPD\/DHL Allemagne\t10~15 Jours<br \/>\nPologne\tUPS\/DPD\/DHL Allemagne\t10~15 Jours<br \/>\nCroatie\tUPS\/DPD\/DHL Allemagne\t10~15 Jours<br \/>\nSlovaquie\tUPS\/DPD\/DHL Allemagne\t10~15 Jours<br \/>\nSlov\u00e9nie\tUPS\/DPD\/DHL Allemagne\t10~15 Jours<br \/>\nFinlande\tUPS\/DPD\/DHL Allemagne\t10~15 Jours<br \/>\nDanemark\tUPS\/DPD\/DHL Allemagne\t10~15 Jours<br \/>\nSu\u00e8de\tUPS\/DPD\/DHL Allemagne\t10~15 Jours<br \/>\nAutriche\tUPS\/DPD\/DHL Allemagne\t10~15 Jours<br \/>\nItalie\tUPS\/DPD\/DHL Allemagne\t10~15 Jours<br \/>\nHongrie\tUPS\/DPD\/DHL Allemagne\t10~15 Jours<br \/>\nLituanie\tUPS\/DPD\/DHL Allemagne\t10~15 Jours<br \/>\nEstonie\tUPS\/DPD\/DHL Allemagne\t10~15 Jours<br \/>\nLettonie\tUPS\/DPD\/DHL Allemagne\t10~15 Jours<br \/>\nGr\u00e8ce\tUPS\/DPD\/DHL Allemagne\t10~15 Jours<br \/>\nIrlande\tUPS\/DPD\/DHL Allemagne\t10~15 Jours<br \/>\nPortugal\tUPS\/DPD\/DHL Allemagne\t10~15 Jours<br \/>\nEspagne\tUPS\/DPD\/DHL Allemagne\t10~15 Jours<br \/>\n\u00c9mirats arabes unis (Duba\u00ef uniquement)\tLigne d\u00e9di\u00e9e Duba\u00ef\t12~18 Jours<br \/>\nAfrique du Sud\tLigne d\u00e9di\u00e9e Afrique du Sud\t15~25 Jours<br \/>\nVi\u00eat Nam\tLigne d\u00e9di\u00e9e Vietnam\t3~5 Jours<br \/>\nMalaisie ouest\tLigne d\u00e9di\u00e9e Malaisie\t4~8 Jours<br \/>\nAutres pays<\/p>\n<p>Pour les pays non mentionn\u00e9s pr\u00e9c\u00e9demment, le d\u00e9douanement et le paiement des droits sont n\u00e9cessaires \u00e0 l&#039;arriv\u00e9e de votre colis. Pour d\u00e9terminer le montant exact de la taxe, il est conseill\u00e9 de contacter vos autorit\u00e9s douani\u00e8res locales pour obtenir des informations sp\u00e9cifiques. De plus, votre service des douanes peut demander une licence commerciale, le cas \u00e9ch\u00e9ant.<\/p>\n\t\t<\/div>\n\t<\/div>\n\t\n\t<div id=\"accordion-2878399734\" class=\"accordion-item\">\n\t\t<a id=\"accordion-2878399734-label\" class=\"accordion-title plain\" href=\"#accordion-item-what-factors-are-considered-when-calculating-shipping-costs?\" aria-expanded=\"false\" aria-controls=\"accordion-2878399734-content\" >\n\t\t\t<button class=\"toggle\" aria-label=\"Basculer\"><i class=\"icon-angle-down\"><\/i><\/button>\n\t\t\t<span>Quels facteurs sont pris en compte lors du calcul des frais d\u2019exp\u00e9dition ?<\/span>\n\t\t<\/a>\n\t\t<div id=\"accordion-2878399734-content\" class=\"accordion-inner\" aria-labelledby=\"accordion-2878399734-label\" >\n\t\t\t\n<p>Les frais de port sont d\u00e9termin\u00e9s en fonction du poids des articles, de la destination de l&#039;envoi et du mode d&#039;exp\u00e9dition choisi. Le co\u00fbt total d&#039;exp\u00e9dition est g\u00e9n\u00e9ralement affich\u00e9 lors du processus de commande.<\/p>\n\t\t<\/div>\n\t<\/div>\n\t\n\t<div id=\"accordion-2213383333\" class=\"accordion-item\">\n\t\t<a id=\"accordion-2213383333-label\" class=\"accordion-title plain\" href=\"#accordion-item-in-case-of-a-lost-or-delayed-package,-what-steps-should-i-take?\" aria-expanded=\"false\" aria-controls=\"accordion-2213383333-content\" >\n\t\t\t<button class=\"toggle\" aria-label=\"Basculer\"><i class=\"icon-angle-down\"><\/i><\/button>\n\t\t\t<span>En cas de colis perdu ou retard\u00e9, quelles d\u00e9marches dois-je suivre ?<\/span>\n\t\t<\/a>\n\t\t<div id=\"accordion-2213383333-content\" class=\"accordion-inner\" aria-labelledby=\"accordion-2213383333-label\" >\n\t\t\t\n<p>Si votre colis est perdu ou conna\u00eet des retards importants, veuillez contacter notre \u00e9quipe de support client. Nous m\u00e8nerons une enqu\u00eate et fournirons de l\u2019aide pour r\u00e9soudre le probl\u00e8me.<\/p>\n\t\t<\/div>\n\t<\/div>\n\t\n\t<div id=\"accordion-1223204712\" class=\"accordion-item\">\n\t\t<a id=\"accordion-1223204712-label\" class=\"accordion-title plain\" href=\"#accordion-item-what-are-the-methods-available-for-tracking-my-order?\" aria-expanded=\"false\" aria-controls=\"accordion-1223204712-content\" >\n\t\t\t<button class=\"toggle\" aria-label=\"Basculer\"><i class=\"icon-angle-down\"><\/i><\/button>\n\t\t\t<span>Quelles sont les m\u00e9thodes disponibles pour suivre ma commande ?<\/span>\n\t\t<\/a>\n\t\t<div id=\"accordion-1223204712-content\" class=\"accordion-inner\" aria-labelledby=\"accordion-1223204712-label\" >\n\t\t\t\n<p>Pour suivre votre commande, vous pouvez vous connecter \u00e0 votre compte et naviguer vers la section \u00ab Historique des commandes \u00bb. De plus, nous vous envoyons les d\u00e9tails de suivi de commande par e-mail.<\/p>\n\t\t<\/div>\n\t<\/div>\n\t\n\t<div id=\"accordion-2372181261\" class=\"accordion-item\">\n\t\t<a id=\"accordion-2372181261-label\" class=\"accordion-title plain\" href=\"#accordion-item-are-customs-duties-necessary-for-my-purchase?\" aria-expanded=\"false\" aria-controls=\"accordion-2372181261-content\" >\n\t\t\t<button class=\"toggle\" aria-label=\"Basculer\"><i class=\"icon-angle-down\"><\/i><\/button>\n\t\t\t<span>Des droits de douane sont-ils n\u00e9cessaires \u00e0 mon achat ?<\/span>\n\t\t<\/a>\n\t\t<div id=\"accordion-2372181261-content\" class=\"accordion-inner\" aria-labelledby=\"accordion-2372181261-label\" >\n\t\t\t\n<p>Actuellement, aucun droit de douane n&#039;est exig\u00e9, \u00e0 l&#039;exception du Canada et du Danemark.<\/p>\n\t\t<\/div>\n\t<\/div>\n\t\n\t<div id=\"accordion-364281723\" class=\"accordion-item\">\n\t\t<a id=\"accordion-364281723-label\" class=\"accordion-title plain\" href=\"#accordion-item-what-is-the-approximate-shipping-timeframe?\" aria-expanded=\"false\" aria-controls=\"accordion-364281723-content\" >\n\t\t\t<button class=\"toggle\" aria-label=\"Basculer\"><i class=\"icon-angle-down\"><\/i><\/button>\n\t\t\t<span>Quel est le d\u00e9lai d&#039;exp\u00e9dition approximatif\u00a0?<\/span>\n\t\t<\/a>\n\t\t<div id=\"accordion-364281723-content\" class=\"accordion-inner\" aria-labelledby=\"accordion-364281723-label\" >\n\t\t\t\n<p>Le d\u00e9lai de stockage varie de 1 \u00e0 5 jours, tandis que le d\u00e9lai d&#039;exp\u00e9dition se situe g\u00e9n\u00e9ralement entre 7 et 15 jours, variant en fonction du produit.<\/p>\n\t\t<\/div>\n\t<\/div>\n\t\n<\/div>\n\t\t<\/div>\n\t\t\t\t\t<\/div>\n\n\t\n\n\t<div id=\"col-2025947752\" class=\"col large-12\"  >\n\t\t\t\t<div class=\"col-inner\"  >\n\t\t\t\n\t\t\t\n<div class=\"container section-title-container\" ><h3 class=\"section-title section-title-normal\"><b><\/b><span class=\"section-title-main\" >S\u00e9curit\u00e9<\/span><b><\/b><\/h3><\/div>\n<div class=\"accordion\">\n\t<div id=\"accordion-9598285\" class=\"accordion-item\">\n\t\t<a id=\"accordion-9598285-label\" class=\"accordion-title plain\" href=\"#accordion-item-how-is-the-security-of-a-website-maintained?\" aria-expanded=\"false\" aria-controls=\"accordion-9598285-content\" >\n\t\t\t<button class=\"toggle\" aria-label=\"Basculer\"><i class=\"icon-angle-down\"><\/i><\/button>\n\t\t\t<span>Comment la s\u00e9curit\u00e9 d\u2019un site Web est-elle assur\u00e9e ?<\/span>\n\t\t<\/a>\n\t\t<div id=\"accordion-9598285-content\" class=\"accordion-inner\" aria-labelledby=\"accordion-9598285-label\" >\n\t\t\t\n<p>Diverses mesures de s\u00e9curit\u00e9 sont mises en \u0153uvre pour prot\u00e9ger vos donn\u00e9es et transactions sur le site Web, telles que le cryptage des donn\u00e9es, des pare-feu et des \u00e9valuations de s\u00e9curit\u00e9 de routine.<\/p>\n\t\t<\/div>\n\t<\/div>\n\t\n\t<div id=\"accordion-2346929595\" class=\"accordion-item\">\n\t\t<a id=\"accordion-2346929595-label\" class=\"accordion-title plain\" href=\"#accordion-item-how-is-the-protection-of-my-personal-information-guaranteed?\" aria-expanded=\"false\" aria-controls=\"accordion-2346929595-content\" >\n\t\t\t<button class=\"toggle\" aria-label=\"Basculer\"><i class=\"icon-angle-down\"><\/i><\/button>\n\t\t\t<span>Comment la protection de mes informations personnelles est-elle garantie ?<\/span>\n\t\t<\/a>\n\t\t<div id=\"accordion-2346929595-content\" class=\"accordion-inner\" aria-labelledby=\"accordion-2346929595-label\" >\n\t\t\t\n<p>Nous respectons rigoureusement notre politique de confidentialit\u00e9, garantissant que vos informations personnelles ne sont ni partag\u00e9es ni vendues. Vos coordonn\u00e9es sont exclusivement utilis\u00e9es \u00e0 des fins de traitement des commandes et d\u2019assistance client.<\/p>\n\t\t<\/div>\n\t<\/div>\n\t\n\t<div id=\"accordion-3618240947\" class=\"accordion-item\">\n\t\t<a id=\"accordion-3618240947-label\" class=\"accordion-title plain\" href=\"#accordion-item-is-the-payment-information-kept-secure?\" aria-expanded=\"false\" aria-controls=\"accordion-3618240947-content\" >\n\t\t\t<button class=\"toggle\" aria-label=\"Basculer\"><i class=\"icon-angle-down\"><\/i><\/button>\n\t\t\t<span>Les informations de paiement sont-elles s\u00e9curis\u00e9es ?<\/span>\n\t\t<\/a>\n\t\t<div id=\"accordion-3618240947-content\" class=\"accordion-inner\" aria-labelledby=\"accordion-3618240947-label\" >\n\t\t\t\n<p>Nous utilisons un syst\u00e8me de traitement des paiements s\u00e9curis\u00e9 qui r\u00e9pond aux normes PCI pour garantir la s\u00e9curit\u00e9 de vos informations de paiement.<\/p>\n\t\t<\/div>\n\t<\/div>\n\t\n\t<div id=\"accordion-4016173431\" class=\"accordion-item\">\n\t\t<a id=\"accordion-4016173431-label\" class=\"accordion-title plain\" href=\"#accordion-item-what-steps-can-i-take-to-generate-a-robust-password?\" aria-expanded=\"false\" aria-controls=\"accordion-4016173431-content\" >\n\t\t\t<button class=\"toggle\" aria-label=\"Basculer\"><i class=\"icon-angle-down\"><\/i><\/button>\n\t\t\t<span>Quelles \u00e9tapes puis-je suivre pour g\u00e9n\u00e9rer un mot de passe robuste\u00a0?<\/span>\n\t\t<\/a>\n\t\t<div id=\"accordion-4016173431-content\" class=\"accordion-inner\" aria-labelledby=\"accordion-4016173431-label\" >\n\t\t\t\n<p>Cr\u00e9er un mot de passe fort implique d&#039;incorporer un m\u00e9lange de lettres, de chiffres et de caract\u00e8res sp\u00e9ciaux tout en \u00e9vitant les d\u00e9tails faciles \u00e0 deviner comme les anniversaires. Changer r\u00e9guli\u00e8rement votre mot de passe renforce encore la s\u00e9curit\u00e9.<\/p>\n\t\t<\/div>\n\t<\/div>\n\t\n\t<div id=\"accordion-3549145482\" class=\"accordion-item\">\n\t\t<a id=\"accordion-3549145482-label\" class=\"accordion-title plain\" href=\"#accordion-item-what-methods-can-i-employ-to-confirm-the-legitimacy-of-a-website?\" aria-expanded=\"false\" aria-controls=\"accordion-3549145482-content\" >\n\t\t\t<button class=\"toggle\" aria-label=\"Basculer\"><i class=\"icon-angle-down\"><\/i><\/button>\n\t\t\t<span>Quelles m\u00e9thodes puis-je utiliser pour confirmer la l\u00e9gitimit\u00e9 d\u2019un site Web ?<\/span>\n\t\t<\/a>\n\t\t<div id=\"accordion-3549145482-content\" class=\"accordion-inner\" aria-labelledby=\"accordion-3549145482-label\" >\n\t\t\t\n<p>V\u00e9rifiez l&#039;authenticit\u00e9 d&#039;un site Web en confirmant que son URL correspond au site officiel. V\u00e9rifiez \u00e9galement la pr\u00e9sence d\u2019un certificat SSL, ce qui signifie que le site est s\u00e9curis\u00e9.<\/p>\n\t\t<\/div>\n\t<\/div>\n\t\n\t<div id=\"accordion-3201548406\" class=\"accordion-item\">\n\t\t<a id=\"accordion-3201548406-label\" class=\"accordion-title plain\" href=\"#accordion-item-what-should-i-do-if-i-come-across-suspicious-activity?\" aria-expanded=\"false\" aria-controls=\"accordion-3201548406-content\" >\n\t\t\t<button class=\"toggle\" aria-label=\"Basculer\"><i class=\"icon-angle-down\"><\/i><\/button>\n\t\t\t<span>Que dois-je faire si je suis confront\u00e9 \u00e0 une activit\u00e9 suspecte\u00a0?<\/span>\n\t\t<\/a>\n\t\t<div id=\"accordion-3201548406-content\" class=\"accordion-inner\" aria-labelledby=\"accordion-3201548406-label\" >\n\t\t\t\n<p>Si vous rencontrez une activit\u00e9 suspecte ou des probl\u00e8mes de s\u00e9curit\u00e9, veuillez contacter imm\u00e9diatement notre service client. Nous enqu\u00eaterons sur la question et prendrons les mesures appropri\u00e9es.<\/p>\n\t\t<\/div>\n\t<\/div>\n\t\n\t<div id=\"accordion-1877087323\" class=\"accordion-item\">\n\t\t<a id=\"accordion-1877087323-label\" class=\"accordion-title plain\" href=\"#accordion-item-do-you-have-any-measures-in-place-to-prevent-phishing?\" aria-expanded=\"false\" aria-controls=\"accordion-1877087323-content\" >\n\t\t\t<button class=\"toggle\" aria-label=\"Basculer\"><i class=\"icon-angle-down\"><\/i><\/button>\n\t\t\t<span>Avez-vous mis en place des mesures pour pr\u00e9venir le phishing\u00a0?<\/span>\n\t\t<\/a>\n\t\t<div id=\"accordion-1877087323-content\" class=\"accordion-inner\" aria-labelledby=\"accordion-1877087323-label\" >\n\t\t\t\n<p>Oui, nous avons mis en \u0153uvre des mesures anti-phishing pour att\u00e9nuer les activit\u00e9s frauduleuses sur les sites Web et les e-mails malveillants.<\/p>\n\t\t<\/div>\n\t<\/div>\n\t\n<\/div>\n\t\t<\/div>\n\t\t\t\t\t<\/div>\n\n\t\n\n\t<div id=\"col-1468820610\" class=\"col large-12\"  >\n\t\t\t\t<div class=\"col-inner\"  >\n\t\t\t\n\t\t\t\n<div class=\"container section-title-container\" ><h3 class=\"section-title section-title-normal\"><b><\/b><span class=\"section-title-main\" >Retour<\/span><b><\/b><\/h3><\/div>\n<div class=\"accordion\">\n\t<div id=\"accordion-2350447288\" class=\"accordion-item\">\n\t\t<a id=\"accordion-2350447288-label\" class=\"accordion-title plain\" href=\"#accordion-item-how-can-i-modify-the-items-in-my-order?\" aria-expanded=\"false\" aria-controls=\"accordion-2350447288-content\" >\n\t\t\t<button class=\"toggle\" aria-label=\"Basculer\"><i class=\"icon-angle-down\"><\/i><\/button>\n\t\t\t<span>Comment puis-je modifier les articles de ma commande ?<\/span>\n\t\t<\/a>\n\t\t<div id=\"accordion-2350447288-content\" class=\"accordion-inner\" aria-labelledby=\"accordion-2350447288-label\" >\n\t\t\t\n<p>Pour apporter des modifications \u00e0 votre commande, vous pouvez le faire jusqu'\u00e0 23h00 (PDT -7 GMT) le m\u00eame jour o\u00f9 la commande a \u00e9t\u00e9 pass\u00e9e. Veuillez nous contacter \u00e0 info@vapexyz.com pour demander des modifications.<\/p>\n\t\t<\/div>\n\t<\/div>\n\t\n\t<div id=\"accordion-2583766074\" class=\"accordion-item\">\n\t\t<a id=\"accordion-2583766074-label\" class=\"accordion-title plain\" href=\"#accordion-item-what-is-the-process-for-returning-a-product?\" aria-expanded=\"false\" aria-controls=\"accordion-2583766074-content\" >\n\t\t\t<button class=\"toggle\" aria-label=\"Basculer\"><i class=\"icon-angle-down\"><\/i><\/button>\n\t\t\t<span>Quelle est la proc\u00e9dure pour retourner un produit ?<\/span>\n\t\t<\/a>\n\t\t<div id=\"accordion-2583766074-content\" class=\"accordion-inner\" aria-labelledby=\"accordion-2583766074-label\" >\n\t\t\t\n<p>Notre politique de retour permet les retours dans les 15 jours suivant la r\u00e9ception de votre article. Pour b\u00e9n\u00e9ficier d&#039;un retour, assurez-vous que l&#039;article est dans son \u00e9tat d&#039;origine, non port\u00e9 ou non, avec les \u00e9tiquettes et dans son emballage d&#039;origine. Vous aurez \u00e9galement besoin du re\u00e7u ou d\u2019une preuve d\u2019achat.<\/p>\n<p>Pour initier un retour, contactez-nous \u00e0 info@vapexyz.com. Si votre retour est approuv\u00e9, nous vous fournirons une \u00e9tiquette d'exp\u00e9dition pour le retour ainsi que des instructions sur la fa\u00e7on et l'endroit o\u00f9 envoyer le colis. Veuillez noter que les articles retourn\u00e9s sans autorisation pr\u00e9alable ne seront pas accept\u00e9s. Pour toute autre demande d'information concernant les retours, n'h\u00e9sitez pas \u00e0 nous contacter \u00e0 info@vapexyz.com.<\/p>\n\t\t<\/div>\n\t<\/div>\n\t\n<\/div>\n\t\t<\/div>\n\t\t\t\t\t<\/div>\n\n\t\n<\/div>","protected":false},"excerpt":{"rendered":"","protected":false},"author":1,"featured_media":0,"parent":0,"menu_order":0,"comment_status":"closed","ping_status":"closed","template":"page-blank-title-center.php","meta":{"_lmt_disableupdate":"no","_lmt_disable":"","footnotes":""},"class_list":["post-15872","page","type-page","status-publish","hentry"],"jetpack_sharing_enabled":true,"_links":{"self":[{"href":"https:\/\/vapexyz.com\/fr\/wp-json\/wp\/v2\/pages\/15872","targetHints":{"allow":["GET"]}}],"collection":[{"href":"https:\/\/vapexyz.com\/fr\/wp-json\/wp\/v2\/pages"}],"about":[{"href":"https:\/\/vapexyz.com\/fr\/wp-json\/wp\/v2\/types\/page"}],"author":[{"embeddable":true,"href":"https:\/\/vapexyz.com\/fr\/wp-json\/wp\/v2\/users\/1"}],"replies":[{"embeddable":true,"href":"https:\/\/vapexyz.com\/fr\/wp-json\/wp\/v2\/comments?post=15872"}],"version-history":[{"count":0,"href":"https:\/\/vapexyz.com\/fr\/wp-json\/wp\/v2\/pages\/15872\/revisions"}],"wp:attachment":[{"href":"https:\/\/vapexyz.com\/fr\/wp-json\/wp\/v2\/media?parent=15872"}],"curies":[{"name":"wp","href":"https:\/\/api.w.org\/{rel}","templated":true}]}}