{"id":69975,"date":"2026-03-31T07:50:53","date_gmt":"2026-03-31T07:50:53","guid":{"rendered":"https:\/\/vapexyz.com\/?post_type=product&#038;p=69975"},"modified":"2026-03-31T08:07:35","modified_gmt":"2026-03-31T08:07:35","slug":"airmez-fox-8-in-1-160-000-imua-kertakayttoinen-vape-tukkumyynti-160k-60ml-kapasiteetti-mesh-kaami-naytoskotelo","status":"publish","type":"product","link":"https:\/\/vapexyz.com\/fi\/product\/airmez-fox-8-in-1-160000-puffs-disposable-vapes-wholesale-bulk-buy-160k-60ml-capacity-mesh-coil-display-box\/","title":{"rendered":"Airmez Fox 8 in 1 - 160 000 imuaikseen k\u00e4ytett\u00e4v\u00e4t vape-tuotteet tukkumyynti 160K 60 ml:n kapasiteetti mesh-k\u00e4\u00e4mi n\u00e4yt\u00f6skotelo"},"content":{"rendered":"<article style=\"font-family: 'Inter', -apple-system, BlinkMacSystemFont, 'Segoe UI', Roboto, Helvetica, Arial, sans-serif; line-height: 1.8; color: #334155; margin: 0 auto; padding: 40px 20px; background-color: #f8fafc;\">\n<div style=\"text-align: center; margin-bottom: 40px; padding: 40px 20px; background: linear-gradient(135deg, #0f172a 0%, #1e293b 100%); border-radius: 16px;\">\n<h2 style=\"font-size: 2.5em; color: #f8fafc; margin-bottom: 15px; text-transform: uppercase; letter-spacing: 1.5px; font-weight: 800;\"><a href=\"https:\/\/vapexyz.com\/fi\/tuotekategoria\/airmez-kertakayttoiset-hoyrystimet\/\">Airmez Fox<\/a> 8-in-1 160 000 puffa kertak\u00e4ytt\u00f6inen h\u00f6yrystin<\/h2>\n<p style=\"font-size: 1.25em; color: #94a3b8; font-weight: 500; margin: 0;\">Kunnianhimoinen 160 000 kapasiteetti | Nelinkertainen s\u00e4ili\u00f6arkkitehtuuri | Irtotavaroiden tukkumyyntiratkaisu<\/p>\n<\/div>\n<section style=\"margin-bottom: 50px; background-color: #ffffff; padding: 30px; border-radius: 12px;\">\n<h2 style=\"color: #0f172a; border-bottom: 3px solid #e2e8f0; padding-bottom: 12px; font-size: 1.8em; margin-top: 0;\">Alan johtava: <a href=\"https:\/\/vapexyz.com\/fi\/\">VapeXYZ<\/a> Wholesale Commitment<\/h2>\n<p>Tervetuloa VapeXYZ:\u00e4\u00e4n, joka on ykk\u00f6nen verkko- ja jakelukumppani korkealuokkaisiin kertak\u00e4ytt\u00f6isiin vapeihin. Yli 8 vuoden kokemuksella maailmanlaajuisessa jakelusektorissa olemme rakentaneet vankan toimitusketjun, joka asettaa laadun, luotettavuuden ja markkinoiden vaatimustenmukaisuuden etusijalle. Olemme innoissamme esitelless\u00e4mme liiketoimintaa harjoittaville asiakkaillemme huippuluokan tuotemerkit, mukaan lukien BANG BOX, WASPE, UWIN, BIMO, RandM, BANG, VOZOL, Elf Box, MYDE, ja erityisesti uraauurtavan AIRMEZ-sarjan.<\/p>\n<p>Ammatillisena tukkukauppiaana VapeXYZ yhdist\u00e4\u00e4 huippuluokan valmistuksen ja v\u00e4hitt\u00e4ismyyntiin valmiuden. Tarjoamme kaikkein halutuimpia h\u00f6yrykkeit\u00e4 eritt\u00e4in kilpailukykyisill\u00e4 hinnoilla, ja meill\u00e4 on eritt\u00e4in edullinen v\u00e4himm\u00e4istilausm\u00e4\u00e4r\u00e4 (MOQ) vain 10 kappaletta. T\u00e4m\u00e4 alhainen MOQ-rakente on tarkoituksella suunniteltu mahdollistaakseen kaikenkokoisten v\u00e4hitt\u00e4iskauppakumppaneiden testaamaan markkinoiden elinkelpoisuutta ennen suurempiin p\u00e4\u00e4laatikkom\u00e4\u00e4riin sitoutumista. Kun ostat irtotavarana VapeXYZ:st\u00e4, sinulle taataan suora tukkukauppahinta, tiukat laatutarkastukset ja saumaton hankintaprosessi, joka suojaa v\u00e4hitt\u00e4ismarginaalejasi ja nostaa varastosi tasoa.<\/p>\n<\/section>\n<section style=\"margin-bottom: 50px;\">\n<h2 style=\"color: #0f172a; border-bottom: 3px solid #e2e8f0; padding-bottom: 12px; font-size: 1.8em;\">Tekninen osaamiskyky: AIRMEZ FOX:n purkaminen osiin<\/h2>\n<p>AIRMEZ FOX 8 IN 1 ei ole vain markkinoille tulija; se edustaa merkitt\u00e4v\u00e4\u00e4 muutosta suurikapasiteettisten kertak\u00e4ytt\u00f6isten h\u00f6yrystimien rakennesuunnittelussa. H\u00e4mm\u00e4stytt\u00e4v\u00e4n 160 000 puuskauksen (160K) tuottaminen vaatii tarkkaa mikroelektroniikkaa, tehokkaita termodynaamisia ominaisuuksia ja huolellisesti suunniteltua s\u00e4ili\u00f6j\u00e4rjestelm\u00e4\u00e4. Alla oleva tekninen analyysi korostaa erityisi\u00e4 laitteiston komponentteja, jotka mahdollistavat t\u00e4m\u00e4n laitteen toiminnan tasaisesti koko sen pitk\u00e4n k\u00e4ytt\u00f6i\u00e4n ajan ilman suorituskyvyn heikkenemist\u00e4.<\/p>\n<table style=\"width: 100%; border-collapse: separate; border-spacing: 0; margin: 30px 0; border-radius: 12px; overflow: hidden;\">\n<thead>\n<tr style=\"background-color: #1e293b; color: #ffffff; text-align: left;\">\n<th style=\"padding: 18px; font-weight: 600; font-size: 1.1em;\">Tekninen Spesifikaatio<\/th>\n<th style=\"padding: 18px; font-weight: 600; font-size: 1.1em;\">Laitteiston tiedot<\/th>\n<th style=\"padding: 18px; font-weight: 600; font-size: 1.1em;\">Tekninen Perustelu &amp; Hy\u00f6ty<\/th>\n<\/tr>\n<\/thead>\n<tbody style=\"background-color: #ffffff;\">\n<tr>\n<td style=\"padding: 18px; font-weight: 600;\">Segmentoitu kapasiteetti<\/td>\n<td style=\"padding: 18px;\">15 ml * 4 itsen\u00e4ist\u00e4 s\u00e4ili\u00f6t\u00e4 (yhteens\u00e4 60 ml)<\/td>\n<td style=\"padding: 18px;\">Jakamalla koko 60 ml:n tilavuuden nelj\u00e4\u00e4n erilliseen 15 ml:n s\u00e4ili\u00f6\u00f6n, laite est\u00e4\u00e4 varhaisen hapettumisen ja varmistaa tasaisen suorituskyvyn ensimm\u00e4isest\u00e4 savunotosta viimeiseen.<\/td>\n<\/tr>\n<tr style=\"background-color: #f8fafc;\">\n<td style=\"padding: 18px; font-weight: 600;\">Atomisointimatriisi<\/td>\n<td style=\"padding: 18px;\">Advanced Mesh Coil<\/td>\n<td style=\"padding: 18px;\">Tarjoaa tasaisen l\u00e4mmityksen ja tihe\u00e4n h\u00f6yryn tuotannon.<\/td>\n<\/tr>\n<tr>\n<td style=\"padding: 18px; font-weight: 600;\">Virranhallinta<\/td>\n<td style=\"padding: 18px;\">650 mAh ladattava akku<\/td>\n<td style=\"padding: 18px;\">Varmistaa vakaan suorituskyvyn pitkien k\u00e4ytt\u00f6jaksojen aikana.<\/td>\n<\/tr>\n<tr style=\"background-color: #f8fafc;\">\n<td style=\"padding: 18px; font-weight: 600;\">Lataus<\/td>\n<td style=\"padding: 18px;\">Tyyppi-C<\/td>\n<td style=\"padding: 18px;\">Nopea ja k\u00e4tev\u00e4 lataus.<\/td>\n<\/tr>\n<\/tbody>\n<\/table>\n<\/section>\n<section style=\"margin-bottom: 50px;\">\n<h2 style=\"color: #0f172a; border-bottom: 3px solid #e2e8f0; padding-bottom: 12px; font-size: 1.8em;\">K\u00e4sittelem\u00e4t\u00f6nt\u00e4 Aistikokemusta: 8 Dynaamista Vaihtoehtoa Yhdess\u00e4<\/h2>\n<div style=\"grid-template-columns: repeat(auto-fit, minmax(320px, 1fr)); gap: 20px; margin-top: 25px;\">\n<div style=\"padding: 20px; border-radius: 8px;\">Vaihtoehto 1:<br \/>\nBingo Crush -makuja: Triple Mango, Mixed Berries ja Vesimeloni Ice<\/div>\n<div style=\"padding: 20px; border-radius: 8px;\">Vaihtoehto 2:<br \/>\nLOVE66 | JAUHEMAARAS | SININEN VAHVAAKELIINI | ANANAS J\u00c4\u00c4<\/div>\n<div style=\"padding: 20px; border-radius: 8px;\">Vaihtoehto 3:<br \/>\nvesimeloni j\u00e4\u00e4 | LOVE66 | kaksoisomena | mango-persikka<\/div>\n<div style=\"padding: 20px; border-radius: 8px;\">Vaihtoehto 4:<br \/>\nSekoitettu marja | Mustikka-vadelma | Vesimeloni j\u00e4\u00e4 | Cola j\u00e4\u00e4<\/div>\n<div style=\"padding: 20px; border-radius: 8px;\">Vaihtoehto 5:<br \/>\nMANGO-P\u00c4\u00c4R\u00d6 | TROOPPINEN HEDLM\u00c4 | VESIMELONI- JA MAARIKAS | SITRUUNA JA VILJAVESI<\/div>\n<div style=\"padding: 20px; border-radius: 8px;\">Vaihtoehto 6:<br \/>\nKirsikka J\u00e4\u00e4 | Mansikka Lohik\u00e4\u00e4rmeen Hedelm\u00e4 | Kolminkertainen Mango | Sininen Vadelma<\/div>\n<div style=\"padding: 20px; border-radius: 8px;\">Vaihtoehto 7:<br \/>\nlohik\u00e4\u00e4rmeen hedelm\u00e4 j\u00e4\u00e4 | bingo crush | love66 | ananas mango persikka<\/div>\n<div style=\"padding: 20px; border-radius: 8px;\">Vaihtoehto 8:<br \/>\nDR Blue | Kirsikka-marja | Mansikka-vesimeloni | Persikka-marja<\/div>\n<div style=\"padding: 20px; border-radius: 8px;\">Vaihtoehto 9:<br \/>\nPES\u00c4MARJA J\u00c4\u00c4 | SEKAMARJAT | MELONI PASSIOHEDLM\u00c4 | TRIPLE MANGO<\/div>\n<div style=\"padding: 20px; border-radius: 8px;\">Vaihtoehto 10:<br \/>\nMANGO J\u00c4\u00c4 | KIVENPY\u00d6RE\u00c4 KIRSIKOLA | JAUHEKAKARSTA | SEKAMARJAT<\/div>\n<\/div>\n<\/section>\n<section style=\"margin-bottom: 50px;\">\n<div style=\"background: #eff6ff; padding: 30px; border-radius: 12px;\">\n<h3>Tekninen n\u00e4kemys: Quad-tankin etu<\/h3>\n<p>15 ml:n * 4 -s\u00e4ili\u00f6inen quad-tankkij\u00e4rjestelm\u00e4 varmistaa tuoreen maun toimittamisen erist\u00e4m\u00e4ll\u00e4 jokaisen kammion, est\u00e4m\u00e4ll\u00e4 hapettumista ja yll\u00e4pit\u00e4m\u00e4ll\u00e4 johdonmukaista makua koko laitteen k\u00e4ytt\u00f6i\u00e4n ajan.<\/p>\n<\/div>\n<\/section>\n<section>\n<h2 style=\"color: #0f172a; border-bottom: 3px solid #e2e8f0; padding-bottom: 12px; font-size: 1.8em;\">UKK<\/h2>\n<p><strong>Kysymys:<\/strong> Voitteko todella saavuttaa 160 000 savun?<\/p>\n<p><strong>V:<\/strong> Kyll\u00e4, useilla latauksilla ja tehokkaalla kapasiteetin k\u00e4yt\u00f6ll\u00e4.<\/p>\n<p><strong>Kysymys:<\/strong> Mik\u00e4 tekee siit\u00e4 erilaisen?<\/p>\n<p><strong>V:<\/strong> Nelj\u00e4n s\u00e4ili\u00f6n j\u00e4rjestelm\u00e4 takaa paremman maun ja pidemm\u00e4n k\u00e4ytt\u00f6i\u00e4n.<\/p>\n<\/section>\n<\/article>\n<p><img loading=\"lazy\" decoding=\"async\" class=\"size-full wp-image-69990 aligncenter\" src=\"https:\/\/vapexyz.com\/wp-content\/uploads\/2026\/03\/AIRMEZ-FOX-6-IN-1-160000-Puffs-Disposable-Vapes-Wholesale-Bulk-Buy-160K-45ML-Capacity-Mesh-Coil-scaled.webp\" alt=\"Airmez Fox 8 in 1 - 160 000 imuaikseen k\u00e4ytett\u00e4v\u00e4t vape-tuotteet tukkumyynti 160K 60 ml:n kapasiteetti mesh-k\u00e4\u00e4mi n\u00e4yt\u00f6skotelo\" width=\"1810\" height=\"2560\" title=\"\" srcset=\"https:\/\/vapexyz.com\/wp-content\/uploads\/2026\/03\/AIRMEZ-FOX-6-IN-1-160000-Puffs-Disposable-Vapes-Wholesale-Bulk-Buy-160K-45ML-Capacity-Mesh-Coil-scaled.webp 1810w, https:\/\/vapexyz.com\/wp-content\/uploads\/2026\/03\/AIRMEZ-FOX-6-IN-1-160000-Puffs-Disposable-Vapes-Wholesale-Bulk-Buy-160K-45ML-Capacity-Mesh-Coil-353x500.webp 353w, https:\/\/vapexyz.com\/wp-content\/uploads\/2026\/03\/AIRMEZ-FOX-6-IN-1-160000-Puffs-Disposable-Vapes-Wholesale-Bulk-Buy-160K-45ML-Capacity-Mesh-Coil-724x1024.webp 724w, https:\/\/vapexyz.com\/wp-content\/uploads\/2026\/03\/AIRMEZ-FOX-6-IN-1-160000-Puffs-Disposable-Vapes-Wholesale-Bulk-Buy-160K-45ML-Capacity-Mesh-Coil-768x1086.webp 768w, https:\/\/vapexyz.com\/wp-content\/uploads\/2026\/03\/AIRMEZ-FOX-6-IN-1-160000-Puffs-Disposable-Vapes-Wholesale-Bulk-Buy-160K-45ML-Capacity-Mesh-Coil-1086x1536.webp 1086w, https:\/\/vapexyz.com\/wp-content\/uploads\/2026\/03\/AIRMEZ-FOX-6-IN-1-160000-Puffs-Disposable-Vapes-Wholesale-Bulk-Buy-160K-45ML-Capacity-Mesh-Coil-1448x2048.webp 1448w, https:\/\/vapexyz.com\/wp-content\/uploads\/2026\/03\/AIRMEZ-FOX-6-IN-1-160000-Puffs-Disposable-Vapes-Wholesale-Bulk-Buy-160K-45ML-Capacity-Mesh-Coil-8x12.webp 8w, https:\/\/vapexyz.com\/wp-content\/uploads\/2026\/03\/AIRMEZ-FOX-6-IN-1-160000-Puffs-Disposable-Vapes-Wholesale-Bulk-Buy-160K-45ML-Capacity-Mesh-Coil-510x721.webp 510w\" sizes=\"auto, (max-width: 1810px) 100vw, 1810px\" \/><\/p>","protected":false},"excerpt":{"rendered":"<p>Airmez Fox 8 in 1 -kertak\u00e4ytt\u00f6h\u00f6yrystimet yhdist\u00e4v\u00e4t vallankumouksellisen 45 ml:n kolmivaiheisen s\u00e4ili\u00f6arkkitehtuurin ja edistyneen mesh-kelatekniikan tarjotakseen ennenn\u00e4kem\u00e4tt\u00f6m\u00e4t 160 000 puuskua dynaamisia aistikokemuksia.<\/p>","protected":false},"featured_media":69983,"comment_status":"open","ping_status":"closed","template":"","meta":{"_lmt_disableupdate":"no","_lmt_disable":""},"product_brand":[],"product_cat":[1086,1093,947,935,934,927,929,928,930,933,939,932,938,931,936,937,1017,949,946,950,951,953,987],"product_tag":[],"class_list":{"0":"post-69975","1":"product","2":"type-product","3":"status-publish","4":"has-post-thumbnail","6":"product_cat-airmez-disposable-vapes","7":"product_cat-150000-puffs-vapes","8":"product_cat-big-puffs-vapes","9":"product_cat-bulk-buy-disposable-vapes-in-austria","10":"product_cat-bulk-buy-disposable-vapes-in-belgium","11":"product_cat-bulk-buy-disposable-vapes-in-europe","12":"product_cat-bulk-buy-disposable-vapes-in-france","13":"product_cat-bulk-buy-disposable-vapes-in-germany","14":"product_cat-bulk-buy-disposable-vapes-in-italy","15":"product_cat-bulk-buy-disposable-vapes-in-netherlands","16":"product_cat-bulk-buy-disposable-vapes-in-norway","17":"product_cat-bulk-buy-disposable-vapes-in-poland","18":"product_cat-bulk-buy-disposable-vapes-in-portugal","19":"product_cat-bulk-buy-disposable-vapes-in-spain","20":"product_cat-bulk-buy-disposable-vapes-in-sweden","21":"product_cat-bulk-buy-disposable-vapes-in-switzerland","22":"product_cat-buy-best-disposable-vape-flavors","23":"product_cat-digital-box-vapes","24":"product_cat-disposable-vapes-series","25":"product_cat-dual-mesh-vapes","26":"product_cat-lower-nicotine-vapes","27":"product_cat-rechargeable-vapes","28":"product_cat-vape-shop-by-puffs","30":"first","31":"instock","32":"shipping-taxable","33":"purchasable","34":"product-type-variable","35":"has-default-attributes"},"jetpack_sharing_enabled":true,"tiered_pricing_type":"fixed","tiered_pricing_fixed_rules":[],"tiered_pricing_product_settings":{"layout":"default","base_unit_name":{"singular":null,"plural":null},"default_variation":null},"tiered_pricing_minimum_quantity":null,"tiered_pricing_roles_data":[],"tiered_pricing_percentage_rules":[],"tiered_pricing_maximum_quantity":null,"tiered_pricing_quantity_step":null,"_links":{"self":[{"href":"https:\/\/vapexyz.com\/fi\/wp-json\/wp\/v2\/product\/69975","targetHints":{"allow":["GET"]}}],"collection":[{"href":"https:\/\/vapexyz.com\/fi\/wp-json\/wp\/v2\/product"}],"about":[{"href":"https:\/\/vapexyz.com\/fi\/wp-json\/wp\/v2\/types\/product"}],"replies":[{"embeddable":true,"href":"https:\/\/vapexyz.com\/fi\/wp-json\/wp\/v2\/comments?post=69975"}],"wp:featuredmedia":[{"embeddable":true,"href":"https:\/\/vapexyz.com\/fi\/wp-json\/wp\/v2\/media\/69983"}],"wp:attachment":[{"href":"https:\/\/vapexyz.com\/fi\/wp-json\/wp\/v2\/media?parent=69975"}],"wp:term":[{"taxonomy":"product_brand","embeddable":true,"href":"https:\/\/vapexyz.com\/fi\/wp-json\/wp\/v2\/product_brand?post=69975"},{"taxonomy":"product_cat","embeddable":true,"href":"https:\/\/vapexyz.com\/fi\/wp-json\/wp\/v2\/product_cat?post=69975"},{"taxonomy":"product_tag","embeddable":true,"href":"https:\/\/vapexyz.com\/fi\/wp-json\/wp\/v2\/product_tag?post=69975"}],"curies":[{"name":"wp","href":"https:\/\/api.w.org\/{rel}","templated":true}]}}