{"id":61910,"date":"2025-12-24T09:30:59","date_gmt":"2025-12-24T09:30:59","guid":{"rendered":"https:\/\/vapexyz.com\/?post_type=product&#038;p=61910"},"modified":"2026-01-13T10:01:55","modified_gmt":"2026-01-13T10:01:55","slug":"bang-legend-140k-140000-savun-tilavuus-suuri-kapasiteetti-sarja-havitettava-vape-tukku-irtotavarana-ostaa-pitkaikainen-suuri-sailio","status":"publish","type":"product","link":"https:\/\/vapexyz.com\/fi\/product\/bang-legend-140k-140000-puffs-massive-capacity-kit-disposable-vape-wholesale-bulk-buy-long-lasting-big-tank\/","title":{"rendered":"BANG LEGEND 140K 140000 Pahvapuhallusta Massiivinen Kapasiteetti Kit H\u00e4vytett\u00e4v\u00e4 H\u00f6yrykyn\u00e4 Tukku Ostaa Pitk\u00e4ik\u00e4inen Suuri S\u00e4ili\u00f6"},"content":{"rendered":"<h2 style=\"text-align: center; font-size: 28px; margin-bottom: 30px; background: linear-gradient(to right, #ff7e5f, #feb47b, #8e44ad); padding-bottom: 15px; border-bottom: 3px solid;\">\u2728 <a href=\"https:\/\/vapexyz.com\/fi\/tuotekategoria\/pamaus\/\">BANG<\/a> LEGEND 140K 140000 Puhallusta Massiivinen Kapasiteetti Kit H\u00e4vytett\u00e4v\u00e4 H\u00f6yrystin Vahvistettu Ostaminen Bulkkiostot<\/h2>\n<p style=\"font-size: 17px; margin-bottom: 25px; text-align: center;\">Hei kaikille! Tervetuloa el\u00e4v\u00e4\u00e4n maailmaan <span style=\"background: linear-gradient(to right, #ff7e5f, #8e44ad); font-weight: bold;\">VapeXYZ<\/span>. Olemme eritt\u00e4in innoissamme n\u00e4ytt\u00e4\u00e4ksemme teille t\u00e4n\u00e4\u00e4n jotain todella h\u00e4mm\u00e4stytt\u00e4v\u00e4\u00e4. T\u00e4m\u00e4 on BANG LEGEND 140K. Jos etsit kertak\u00e4ytt\u00f6ist\u00e4 h\u00f6yrystint\u00e4, joka kest\u00e4\u00e4 hyvin, hyvin pitk\u00e4\u00e4n ja n\u00e4ytt\u00e4\u00e4 fantastiselta, t\u00e4m\u00e4 on t\u00e4ydellinen valinta sinulle. Olemme sinun tukkukauppa-alustasi Euroopassa, valmiina kaikkeen irtotavaroiden ostotarpeisiisi.<\/p>\n<div style=\"flex-wrap: wrap; gap: 20px; justify-content: center; margin-bottom: 40px;\">\n<div style=\"background: #fff; border-radius: 25px; padding: 25px; width: 100%; max-width: 350px; border: 2px solid transparent;\">\n<h3 style=\"margin-top: 0; font-size: 22px; background: linear-gradient(to right, #ff7e5f, #feb47b);\">\ud83c\udfc6 Lopullinen Legenda<\/h3>\n<p>T\u00e4m\u00e4 ei ole vain tavallinen laite. BANG LEGEND tarjoaa uskomattomat 140 000 puuskua! Se on suunniteltu kest\u00e4m\u00e4\u00e4n viikkoja tai jopa kuukausia. Se on suuren kapasiteetin sarja, joka jatkaa toimintaansa, kun muut pys\u00e4htyv\u00e4t.<\/p>\n<\/div>\n<div style=\"background: #fff; border-radius: 25px; padding: 25px; width: 100%; max-width: 350px; border: 2px solid transparent;\">\n<h3 style=\"margin-top: 0; font-size: 22px; background: linear-gradient(to right, #8e44ad, #c0392b);\">Kolminkertaista Hauskan J\u00e4rjestelm\u00e4\u00e4<\/h3>\n<p>Upein ominaisuus on sis\u00e4ll\u00e4. Se sis\u00e4lt\u00e4\u00e4 kolme erillist\u00e4 osaa yhdess\u00e4 rungossa. T\u00e4m\u00e4 tarkoittaa, ett\u00e4 saat kolme eri vaihtoehtoa nauttia ilman ylim\u00e4\u00e4r\u00e4isten laitteiden kantamista. Voit vaihtaa niiden v\u00e4lill\u00e4 helposti!<\/p>\n<\/div>\n<div style=\"background: #fff; border-radius: 25px; padding: 25px; width: 100%; max-width: 350px; border: 2px solid transparent;\">\n<h3 style=\"margin-top: 0; font-size: 22px; background: linear-gradient(to right, #11998e, #38ef7d);\">\ud83d\udd0b Aina Valmis Virta<\/h3>\n<p>550mAh akun kanssa se on tehokas. Paras osa on se, ett\u00e4 se on ladattava Type-C-portin kautta. Voit aina varmistaa, ett\u00e4 k\u00e4yt\u00e4t jokaisen suuren kapasiteetin bitin sis\u00e4ll\u00e4.<\/p>\n<\/div>\n<\/div>\n<h3 style=\"text-align: center; font-size: 24px; margin-bottom: 25px; background: linear-gradient(to right, #ff512f, #dd2476);\">\ud83c\udf08 V\u00e4rik\u00e4s vaihtoehtoluettelo (3-in-1 valinnat) \ud83c\udf08<\/h3>\n<p style=\"text-align: center; margin-bottom: 20px;\">Jokainen numero on yksi ihana laite, joka sis\u00e4lt\u00e4\u00e4 kolme j\u00e4nnitt\u00e4v\u00e4\u00e4 valintaa!<\/p>\n<div style=\"background: linear-gradient(135deg, #fff5f7 0%, #f0f4ff 100%); padding: 25px; border-radius: 25px; margin-bottom: 40px; border: 3px dotted #ffb6c1; color: #555; font-size: 15px;\">\n<p style=\"margin: 10px 0;\">1. Vesimelonan J\u00e4\u00e4 &amp; Mansikan Lychee &amp; Kummit\u00e4tit<\/p>\n<p style=\"margin: 10px 0;\">2. Persikka J\u00e4\u00e4 &amp; Mustikka Vesimeloni &amp; Mansikka Sitruuna J\u00e4\u00e4<\/p>\n<p style=\"margin: 10px 0;\">3. Ryp\u00e4leen J\u00e4\u00e4 &amp; Mansikan Mango &amp; Sekoitettu Marja<\/p>\n<p style=\"margin: 10px 0;\">4. Mustikka J\u00e4\u00e4 &amp; Persikka Mango Vesimeloni &amp; Rakkaus 66<\/p>\n<p style=\"margin: 10px 0;\">5. Mustikka Vadelma &amp; Kiivi Passionhedelm\u00e4 Guava &amp; Ananas Kookos<\/p>\n<p style=\"margin: 10px 0;\">6. Mansikka Vesimeloni &amp; Mustikka P\u00e4\u00e4ryn\u00e4 &amp; Mustaherukka Ananas J\u00e4\u00e4<\/p>\n<p style=\"margin: 10px 0;\">7. Mansikka Kiivi &amp; Vesimeloni Purukumipuhallus &amp; Mustikka Kirsi<\/p>\n<p style=\"margin: 10px 0;\">8. Black Dragon -j\u00e4\u00e4tel\u00f6 &amp; Mansikka Mamba &amp; Vadelma-ryp\u00e4le<\/p>\n<p style=\"margin: 10px 0;\">9. Mango-Persikka &amp; Mustikka Red Bull &amp; Omena Ryp\u00e4le<\/p>\n<p style=\"margin: 10px 0;\">10. Triple Mango &amp; Raspberry Sitruuna &amp; Blueberry Ryp\u00e4le<\/p>\n<p style=\"margin: 10px 0;\">11. Sitruuna Lime &amp; Aloe Mango Meloni &amp; Vesimeloni Dragon Fruit<\/p>\n<p style=\"margin: 10px 0;\">12. Banaani-j\u00e4\u00e4 &amp; Mansikka-j\u00e4\u00e4piirakka &amp; Vesimelonimarja<\/p>\n<\/div>\n<h3 style=\"text-align: center; font-size: 24px; margin-bottom: 25px; background: linear-gradient(to right, #00c6ff, #0072ff);\">V\u00e4rik\u00e4s Vertailu<\/h3>\n<div style=\"border-radius: 20px;\">\n<table style=\"width: 100%; border-collapse: separate; border-spacing: 0; margin-bottom: 0; font-size: 16px; background-color: #fff;\">\n<thead>\n<tr style=\"background: linear-gradient(to right, #00c6ff, #0072ff); color: white;\">\n<th style=\"padding: 18px; text-align: left; border-top-left-radius: 20px;\">Ominaisuus<\/th>\n<th style=\"padding: 18px; text-align: left;\">BANG LEGEND 140K<\/th>\n<th style=\"padding: 18px; text-align: left; border-top-right-radius: 20px;\">Tavallinen H\u00e4vytysvaapa<\/th>\n<\/tr>\n<\/thead>\n<tbody>\n<tr style=\"background-color: #f0faff;\">\n<td style=\"padding: 15px; border-bottom: 1px solid #e0e0e0;\">Kokonaisk\u00e4ytt\u00f6<\/td>\n<td style=\"padding: 15px; border-bottom: 1px solid #e0e0e0; color: #0072ff; font-weight: bold;\">140 000 Pahlaa (Vau!)<\/td>\n<td style=\"padding: 15px; border-bottom: 1px solid #e0e0e0;\">5 000 - 10 000 Puhallusta<\/td>\n<\/tr>\n<tr>\n<td style=\"padding: 15px; border-bottom: 1px solid #e0e0e0;\">Sis\u00e4inen J\u00e4rjestelm\u00e4<\/td>\n<td style=\"padding: 15px; border-bottom: 1px solid #e0e0e0; color: #0072ff; font-weight: bold;\">3 Erist\u00e4 S\u00e4ili\u00f6t\u00e4 1:ss\u00e4<\/td>\n<td style=\"padding: 15px; border-bottom: 1px solid #e0e0e0;\">Vain 1 S\u00e4ili\u00f6<\/td>\n<\/tr>\n<tr style=\"background-color: #f0faff;\">\n<td style=\"padding: 15px; border-bottom: 1px solid #e0e0e0;\">Kelan tyyppi<\/td>\n<td style=\"padding: 15px; border-bottom: 1px solid #e0e0e0;\">1,0 ohm Mesh-k\u00e4\u00e4mi<\/td>\n<td style=\"padding: 15px; border-bottom: 1px solid #e0e0e0;\">Vakiolanka<\/td>\n<\/tr>\n<tr>\n<td style=\"padding: 15px;\">Ladattava<\/td>\n<td style=\"padding: 15px; color: #0072ff; font-weight: bold;\">Kyll\u00e4 (C-tyyppi)<\/td>\n<td style=\"padding: 15px;\">Joskus Ei<\/td>\n<\/tr>\n<\/tbody>\n<\/table>\n<\/div>\n<h3 style=\"font-size: 24px; margin-bottom: 25px; margin-top: 40px; background: linear-gradient(to right, #ff00cc, #333399);\">Usein kysytyt kysymykset (UKK)<\/h3>\n<div style=\"margin-bottom: 15px; background: #fff; padding: 20px; border-radius: 20px; border-left: 5px solid;\">\n<p style=\"font-size: 18px; margin-bottom: 10px; background: linear-gradient(to right, #ff00cc, #333399); font-weight: bold;\">Mist\u00e4 voin ostaa t\u00e4m\u00e4n h\u00e4mm\u00e4stytt\u00e4v\u00e4n kertak\u00e4ytt\u00f6isen h\u00f6yrystimen?<\/p>\n<p style=\"margin-top: 0; color: #666;\">Voit ostaa sen t\u00e4\u00e4ll\u00e4 VapeXYZ:st\u00e4! Olemme luotettavat online- tukkumyynti alusta Euroopalle.<\/p>\n<\/div>\n<div style=\"margin-bottom: 15px; background: #fff; padding: 20px; border-radius: 20px; border-left: 5px solid;\">\n<p style=\"font-size: 18px; margin-bottom: 10px; background: linear-gradient(to right, #ff9966, #ff5e62); font-weight: bold;\">Onko tilaukselle v\u00e4himm\u00e4ism\u00e4\u00e4r\u00e4\u00e4?<\/p>\n<p style=\"margin-top: 0; color: #666;\">Ei! Meill\u00e4 ei ole v\u00e4himm\u00e4istilausm\u00e4\u00e4r\u00e4\u00e4 (MOQ). Voit tilata muutaman kappaleen kokeiltavaksi tai ostaa suuren m\u00e4\u00e4r\u00e4n myym\u00e4l\u00e4\u00e4si varten. Olemme iloisia auttamaan.<\/p>\n<\/div>\n<div style=\"margin-bottom: 15px; background: #fff; padding: 20px; border-radius: 20px; border-left: 5px solid;\">\n<p style=\"font-size: 18px; margin-bottom: 10px; background: linear-gradient(to right, #4facfe, #00f2fe); font-weight: bold;\">Kuinka nopea on toimitus?<\/p>\n<p style=\"margin-top: 0; color: #666;\">Se on \u00e4\u00e4rimm\u00e4isen nopea! Me l\u00e4het\u00e4mme tavarat Euroopan varastostamme, ja paketti saapuu yleens\u00e4 2-7 p\u00e4iv\u00e4ss\u00e4.<\/p>\n<\/div>\n<p style=\"text-align: center; margin-top: 50px; font-size: 20px; color: #555;\">Valmis kokemaan legendan? Vieraile <a href=\"https:\/\/vapexyz.com\/fi\/\"><span style=\"background: linear-gradient(to right, #ff7e5f, #8e44ad); font-weight: bold;\">VapeXYZ<\/span><\/a> ja saat BANG LEGEND 140K t\u00e4n\u00e4\u00e4n!<\/p>\n<p><img loading=\"lazy\" decoding=\"async\" class=\"aligncenter wp-image-61963 size-full\" src=\"https:\/\/vapexyz.com\/wp-content\/uploads\/2025\/12\/BANG-LEGEND-140K-140000-Puffs-Massive-Capacity-Kit-Disposable-Vape-Wholesale-Bulk-Buy-Long-Lasting-Big-Tank-1-scaled.webp\" alt=\"BANG LEGEND 140K 140000 Pahvapuhallusta Massiivinen Kapasiteetti Kit H\u00e4vytett\u00e4v\u00e4 H\u00f6yrykyn\u00e4 Tukku Ostaa Pitk\u00e4ik\u00e4inen Suuri S\u00e4ili\u00f6\" width=\"1595\" height=\"2560\" title=\"\" srcset=\"https:\/\/vapexyz.com\/wp-content\/uploads\/2025\/12\/BANG-LEGEND-140K-140000-Puffs-Massive-Capacity-Kit-Disposable-Vape-Wholesale-Bulk-Buy-Long-Lasting-Big-Tank-1-scaled.webp 1595w, https:\/\/vapexyz.com\/wp-content\/uploads\/2025\/12\/BANG-LEGEND-140K-140000-Puffs-Massive-Capacity-Kit-Disposable-Vape-Wholesale-Bulk-Buy-Long-Lasting-Big-Tank-1-scaled-312x500.webp 312w, https:\/\/vapexyz.com\/wp-content\/uploads\/2025\/12\/BANG-LEGEND-140K-140000-Puffs-Massive-Capacity-Kit-Disposable-Vape-Wholesale-Bulk-Buy-Long-Lasting-Big-Tank-1-scaled-638x1024.webp 638w, https:\/\/vapexyz.com\/wp-content\/uploads\/2025\/12\/BANG-LEGEND-140K-140000-Puffs-Massive-Capacity-Kit-Disposable-Vape-Wholesale-Bulk-Buy-Long-Lasting-Big-Tank-1-scaled-768x1233.webp 768w, https:\/\/vapexyz.com\/wp-content\/uploads\/2025\/12\/BANG-LEGEND-140K-140000-Puffs-Massive-Capacity-Kit-Disposable-Vape-Wholesale-Bulk-Buy-Long-Lasting-Big-Tank-1-scaled-957x1536.webp 957w, https:\/\/vapexyz.com\/wp-content\/uploads\/2025\/12\/BANG-LEGEND-140K-140000-Puffs-Massive-Capacity-Kit-Disposable-Vape-Wholesale-Bulk-Buy-Long-Lasting-Big-Tank-1-scaled-1276x2048.webp 1276w, https:\/\/vapexyz.com\/wp-content\/uploads\/2025\/12\/BANG-LEGEND-140K-140000-Puffs-Massive-Capacity-Kit-Disposable-Vape-Wholesale-Bulk-Buy-Long-Lasting-Big-Tank-1-scaled-7x12.webp 7w, https:\/\/vapexyz.com\/wp-content\/uploads\/2025\/12\/BANG-LEGEND-140K-140000-Puffs-Massive-Capacity-Kit-Disposable-Vape-Wholesale-Bulk-Buy-Long-Lasting-Big-Tank-1-scaled-510x819.webp 510w\" sizes=\"auto, (max-width: 1595px) 100vw, 1595px\" \/><\/p>","protected":false},"excerpt":{"rendered":"<p>BANG LEGEND 140K on massiivinen kapasiteettinen kertak\u00e4ytt\u00f6inen h\u00f6yrystin, joka tarjoaa h\u00e4mm\u00e4stytt\u00e4v\u00e4t 140 000 imua ja ainutlaadun 3-in-1-suunnittelun, jonka avulla voit vaihtaa kolmen eri vaihtoehdon v\u00e4lill\u00e4 yhdess\u00e4 ladattavassa laitteessa.<\/p>","protected":false},"featured_media":61965,"comment_status":"open","ping_status":"closed","template":"","meta":{"_lmt_disableupdate":"no","_lmt_disable":""},"product_brand":[],"product_cat":[821,1100,947,935,934,927,929,928,930,933,939,932,938,931,936,937,1017,948,949,946,950,951,953,1084,820,987],"product_tag":[],"class_list":{"0":"post-61910","1":"product","2":"type-product","3":"status-publish","4":"has-post-thumbnail","6":"product_cat-bang","7":"product_cat-140000-puff-vapes","8":"product_cat-big-puffs-vapes","9":"product_cat-bulk-buy-disposable-vapes-in-austria","10":"product_cat-bulk-buy-disposable-vapes-in-belgium","11":"product_cat-bulk-buy-disposable-vapes-in-europe","12":"product_cat-bulk-buy-disposable-vapes-in-france","13":"product_cat-bulk-buy-disposable-vapes-in-germany","14":"product_cat-bulk-buy-disposable-vapes-in-italy","15":"product_cat-bulk-buy-disposable-vapes-in-netherlands","16":"product_cat-bulk-buy-disposable-vapes-in-norway","17":"product_cat-bulk-buy-disposable-vapes-in-poland","18":"product_cat-bulk-buy-disposable-vapes-in-portugal","19":"product_cat-bulk-buy-disposable-vapes-in-spain","20":"product_cat-bulk-buy-disposable-vapes-in-sweden","21":"product_cat-bulk-buy-disposable-vapes-in-switzerland","22":"product_cat-buy-best-disposable-vape-flavors","23":"product_cat-crystal-vapes","24":"product_cat-digital-box-vapes","25":"product_cat-disposable-vapes-series","26":"product_cat-dual-mesh-vapes","27":"product_cat-lower-nicotine-vapes","28":"product_cat-rechargeable-vapes","29":"product_cat-three-flavor-vapes","30":"product_cat-vape","31":"product_cat-vape-shop-by-puffs","33":"first","34":"instock","35":"shipping-taxable","36":"purchasable","37":"product-type-variable","38":"has-default-attributes"},"jetpack_sharing_enabled":true,"tiered_pricing_type":"fixed","tiered_pricing_fixed_rules":[],"tiered_pricing_product_settings":{"layout":"default","base_unit_name":{"singular":null,"plural":null},"default_variation":null},"tiered_pricing_minimum_quantity":null,"tiered_pricing_roles_data":[],"tiered_pricing_percentage_rules":[],"tiered_pricing_maximum_quantity":null,"tiered_pricing_quantity_step":null,"_links":{"self":[{"href":"https:\/\/vapexyz.com\/fi\/wp-json\/wp\/v2\/product\/61910","targetHints":{"allow":["GET"]}}],"collection":[{"href":"https:\/\/vapexyz.com\/fi\/wp-json\/wp\/v2\/product"}],"about":[{"href":"https:\/\/vapexyz.com\/fi\/wp-json\/wp\/v2\/types\/product"}],"replies":[{"embeddable":true,"href":"https:\/\/vapexyz.com\/fi\/wp-json\/wp\/v2\/comments?post=61910"}],"wp:featuredmedia":[{"embeddable":true,"href":"https:\/\/vapexyz.com\/fi\/wp-json\/wp\/v2\/media\/61965"}],"wp:attachment":[{"href":"https:\/\/vapexyz.com\/fi\/wp-json\/wp\/v2\/media?parent=61910"}],"wp:term":[{"taxonomy":"product_brand","embeddable":true,"href":"https:\/\/vapexyz.com\/fi\/wp-json\/wp\/v2\/product_brand?post=61910"},{"taxonomy":"product_cat","embeddable":true,"href":"https:\/\/vapexyz.com\/fi\/wp-json\/wp\/v2\/product_cat?post=61910"},{"taxonomy":"product_tag","embeddable":true,"href":"https:\/\/vapexyz.com\/fi\/wp-json\/wp\/v2\/product_tag?post=61910"}],"curies":[{"name":"wp","href":"https:\/\/api.w.org\/{rel}","templated":true}]}}